{"id":8561,"date":"2025-05-19T20:32:07","date_gmt":"2025-05-19T20:32:07","guid":{"rendered":"https:\/\/electricstore.eu\/product\/uncategorized\/l12-48v-500w-45-mph-35-45-km-electric-scooter\/"},"modified":"2025-05-21T05:41:25","modified_gmt":"2025-05-21T05:41:25","slug":"l12-48v-500w-45-mph-35-45-km-electric-scooter","status":"publish","type":"product","link":"https:\/\/www.electricstore.eu\/et\/p\/scooters\/electric-off-road-scooter\/l12-48v-500w-45-mph-35-45-km-electric-scooter\/","title":{"rendered":"Geofought L12 500W 48V 13Ah 45km\/h 35-45km 10\u2033 elektrit\u00f5ukeratas"},"content":{"rendered":"<div class=\"product-specs-list-container\">\n<ul class=\"product-specs-list util-clearfix\">\n<li class=\"product-prop line-limit-length\"><span\n                                        class=\"property-title\">Rehvi suurus:&nbsp;<\/span><span\n                                        class=\"property-desc line-limit-length\">10 tolli<\/span>\n                            <\/li>\n<li class=\"product-prop line-limit-length\"><span\n                                        class=\"property-title\">Mudelinumber:&nbsp;<\/span><span\n                                        class=\"property-desc line-limit-length\">L12<\/span>\n                            <\/li>\n<li class=\"product-prop line-limit-length\"><span\n                                        class=\"property-title\">Kategooria:&nbsp;<\/span><span\n                                        class=\"property-desc line-limit-length\">Kaherattaline t\u00f5ukeratas<\/span>\n                            <\/li>\n<li class=\"product-prop line-limit-length\"><span\n                                        class=\"property-title\">Kohaldatavad inimesed:&nbsp;<\/span><span\n                                        class=\"property-desc line-limit-length\">Unisex<\/span>\n                            <\/li>\n<li class=\"product-prop line-limit-length\"><span\n                                        class=\"property-title\">Ulatus laadimise kohta:&nbsp;<\/span><span\n                                        class=\"property-desc line-limit-length\">40\u201360 km<\/span>\n                            <\/li>\n<li class=\"product-prop line-limit-length\"><span\n                                        class=\"property-title\">Laadimisaeg:&nbsp;<\/span><span\n                                        class=\"property-desc line-limit-length\">6\u20138 tundi<\/span>\n                            <\/li>\n<li class=\"product-prop line-limit-length\"><span\n                                        class=\"property-title\">Pinge:&nbsp;<\/span><span\n                                        class=\"property-desc line-limit-length\">48v<\/span>\n                            <\/li>\n<li class=\"product-prop line-limit-length\"><span\n                                        class=\"property-title\">Kokkupandud:&nbsp;<\/span><span\n                                        class=\"property-desc line-limit-length\">Ei<\/span>\n                            <\/li>\n<li class=\"product-prop line-limit-length\"><span\n                                        class=\"property-title\">P\u00e4ritolu:&nbsp;<\/span><span\n                                        class=\"property-desc line-limit-length\">Mandri-Hiina<\/span>\n                            <\/li>\n<li class=\"product-prop line-limit-length\"><span\n                                        class=\"property-title\">V\u00f5imsus (W):&nbsp;<\/span><span\n                                        class=\"property-desc line-limit-length\">201\u2013500 W<\/span>\n                            <\/li>\n<li class=\"product-prop line-limit-length\"><span\n                                        class=\"property-title\">P\u00e4ritolukoht:&nbsp;<\/span><span\n                                        class=\"property-desc line-limit-length\">Jiangsu, Hiina<\/span>\n                            <\/li>\n<li class=\"product-prop line-limit-length\"><span\n                                        class=\"property-title\">Br\u00e4nd:&nbsp;<\/span><span\n                                        class=\"property-desc line-limit-length\">Geofought<\/span>\n                            <\/li>\n<li class=\"product-prop line-limit-length\"><span\n                                        class=\"property-title\">Mudelinumber:&nbsp;<\/span><span\n                                        class=\"property-desc line-limit-length\">L12<\/span>\n                            <\/li>\n<li class=\"product-prop line-limit-length\"><span\n                                        class=\"property-title\">V\u00f5imsus:&nbsp;<\/span><span\n                                        class=\"property-desc line-limit-length\">500 W, 500 W mootor<\/span>\n                            <\/li>\n<li class=\"product-prop line-limit-length\"><span\n                                        class=\"property-title\">Pinge:&nbsp;<\/span><span\n                                        class=\"property-desc line-limit-length\">48V<\/span>\n                            <\/li>\n<li class=\"product-prop line-limit-length\"><span\n                                        class=\"property-title\">Laadimisaeg:&nbsp;<\/span><span\n                                        class=\"property-desc line-limit-length\">6\u201310 tundi<\/span>\n                            <\/li>\n<li class=\"product-prop line-limit-length\"><span\n                                        class=\"property-title\">Kokkupandav:&nbsp;<\/span><span\n                                        class=\"property-desc line-limit-length\">Jah<\/span>\n                            <\/li>\n<li class=\"product-prop line-limit-length\"><span\n                                        class=\"property-title\">Ulatus laadimise kohta:&nbsp;<\/span><span\n                                        class=\"property-desc line-limit-length\">35\u201345 km<\/span>\n                            <\/li>\n<li class=\"product-prop line-limit-length\"><span\n                                        class=\"property-title\">Maksimaalne kiirus:&nbsp;<\/span><span\n                                        class=\"property-desc line-limit-length\">41\u201350 km\/h, 45 km\/h<\/span>\n                            <\/li>\n<li class=\"product-prop line-limit-length\"><span\n                                        class=\"property-title\">Kategooria:&nbsp;<\/span><span\n                                        class=\"property-desc line-limit-length\">Kaherattaline t\u00f5ukeratas<\/span>\n                            <\/li>\n<li class=\"product-prop line-limit-length\"><span\n                                        class=\"property-title\">Rahvahulga suhtes kohaldatav:&nbsp;<\/span><span\n                                        class=\"property-desc line-limit-length\">Unisex<\/span>\n                            <\/li>\n<li class=\"product-prop line-limit-length\"><span\n                                        class=\"property-title\">Nutikas t\u00fc\u00fcp:&nbsp;<\/span><span\n                                        class=\"property-desc line-limit-length\">Elektrooniline<\/span>\n                            <\/li>\n<li class=\"product-prop line-limit-length\"><span\n                                        class=\"property-title\">Aku mahtuvus:&nbsp;<\/span><span\n                                        class=\"property-desc line-limit-length\">13AH<\/span>\n                            <\/li>\n<li class=\"product-prop line-limit-length\"><span\n                                        class=\"property-title\">Br\u00e4ndi nimi:&nbsp;<\/span><span\n                                        class=\"property-desc line-limit-length\">Geofought t\u00f5ukeratas<\/span>\n                            <\/li>\n<li class=\"product-prop line-limit-length\"><span\n                                        class=\"property-title\">Rehv:&nbsp;<\/span><span\n                                        class=\"property-desc line-limit-length\">10 tolli<\/span>\n                            <\/li>\n<li class=\"product-prop line-limit-length\"><span\n                                        class=\"property-title\">Vahemik:&nbsp;<\/span><span\n                                        class=\"property-desc line-limit-length\">35\u201345 km<\/span>\n                            <\/li>\n<li class=\"product-prop line-limit-length\"><span\n                                        class=\"property-title\">Aku t\u00fc\u00fcp:&nbsp;<\/span><span\n                                        class=\"property-desc line-limit-length\">Liitiumaku<\/span>\n                            <\/li>\n<li class=\"product-prop line-limit-length\"><span\n                                        class=\"property-title\">Aku:&nbsp;<\/span><span\n                                        class=\"property-desc line-limit-length\">13 tundi<\/span>\n                            <\/li>\n<li class=\"product-prop line-limit-length\"><span\n                                        class=\"property-title\">Maksimaalne koormus (KG):&nbsp;<\/span><span\n                                        class=\"property-desc line-limit-length\">150 kg<\/span>\n                            <\/li>\n<li class=\"product-prop line-limit-length\"><span\n                                        class=\"property-title\">K\u00e4ik:&nbsp;<\/span><span\n                                        class=\"property-desc line-limit-length\">3 k\u00e4iku<\/span>\n                            <\/li>\n<li class=\"product-prop line-limit-length\"><span\n                                        class=\"property-title\">Pakendi suurus:&nbsp;<\/span><span\n                                        class=\"property-desc line-limit-length\">128 * 28 * 52 cm<\/span>\n                            <\/li>\n<li class=\"product-prop line-limit-length\"><span\n                                        class=\"property-title\">Sertifikaat:&nbsp;<\/span><span\n                                        class=\"property-desc line-limit-length\"><\/span>\n                            <\/li>\n<\/ul><\/div>\n<div class=\"detailmodule_html\">\n<div class=\"detail-desc-decorate-richtext\">\n<div id=\"detail_decorate_root\">\n<div>&nbsp;<\/div>\n<div>\n<div id=\"ali-anchor-AliMagic-gzf72v\">Toodete kirjeldus<\/div>\n<\/div>\n<div>\n<div>\n<div>\n<div>\n<div>\n<div>\n<div><strong>EL-is laos elektriline astmeline elektrit\u00f5ukeratas 10-tolline 500w 45kmh maksimaalne kiirus vahetatav akuga elektrit\u00f5ukeratas <\/strong><\/div>\n<div>\n<div><span>48v 500w \u00fchemootoriline mootor <\/span><\/div>\n<div><span>T\u00fc\u00fcp: 10-tolline maanteerehv Aku mahtuvus: 48v 13ah Kiirus: 45km\/h, 3 k\u00e4iku L\u00e4bis\u00f5it: 35-45km<\/span><\/div>\n<\/div>\n<\/div>\n<\/div>\n<\/div>\n<\/div>\n<\/div>\n<\/div>\n<div>\n<div>\n<div>\n<div>\n<div>\n<div><img decoding=\"async\" class=\"magic-8\" slate-data-type=\"image\" src=\"https:\/\/ae01.alicdn.com\/kf\/S7b681820608043099c3aed1e4d840a95I.jpg?width=1000&#038;height=1000&#038;hash=2000\"><\/div>\n<\/div>\n<\/div>\n<\/div>\n<\/div>\n<\/div>\n<div>&nbsp;<\/div>\n<div>\n<div>\n<table class=\"has-title all magic-10\" style=\"border-collapse:collapse\">\n<tbody>\n<tr>\n<td colspan=\"1\" rowspan=\"1\">\n<div>toote nimi<\/div>\n<\/td>\n<td colspan=\"1\" rowspan=\"1\">\n<div>Geofought L12<\/div>\n<\/td>\n<\/tr>\n<tr>\n<td colspan=\"1\" rowspan=\"1\">\n<div>Mootori nimiv\u00f5imsus<\/div>\n<\/td>\n<td colspan=\"1\" rowspan=\"1\">\n<div>500w<\/div>\n<\/td>\n<\/tr>\n<tr>\n<td colspan=\"1\" rowspan=\"1\">\n<div>L\u00e4bis\u00f5it (km)<\/div>\n<\/td>\n<td colspan=\"1\" rowspan=\"1\">\n<div>35\u201345 km<\/div>\n<\/td>\n<\/tr>\n<tr>\n<td colspan=\"1\" rowspan=\"1\">\n<div>Aku t\u00fc\u00fcp<\/div>\n<\/td>\n<td colspan=\"1\" rowspan=\"1\">\n<div>Liitiumaku<\/div>\n<\/td>\n<\/tr>\n<tr>\n<td colspan=\"1\" rowspan=\"1\">\n<div>Aku mahtuvus (AH)<\/div>\n<\/td>\n<td colspan=\"1\" rowspan=\"1\">\n<div><span class=\"magic-13\">48 V 13 Ah<\/span><\/div>\n<\/td>\n<\/tr>\n<tr>\n<td colspan=\"1\" rowspan=\"1\">\n<div>Tippkiirus (KM\/H)<\/div>\n<\/td>\n<td colspan=\"1\" rowspan=\"1\">\n<div>45 km\/h<\/div>\n<\/td>\n<\/tr>\n<tr>\n<td colspan=\"1\" rowspan=\"1\">\n<div>Maksimaalne koormus (KG)<\/div>\n<\/td>\n<td colspan=\"1\" rowspan=\"1\">\n<div>150 kg<\/div>\n<\/td>\n<\/tr>\n<tr>\n<td colspan=\"1\" rowspan=\"1\">\n<div>Rehvi suurus<\/div>\n<\/td>\n<td colspan=\"1\" rowspan=\"1\">\n<div>10 tolli&nbsp;<\/div>\n<\/td>\n<\/tr>\n<tr>\n<td colspan=\"1\" rowspan=\"1\">\n<div>Pidur<\/div>\n<\/td>\n<td colspan=\"1\" rowspan=\"1\">\n<div>Ketaspidur&nbsp;<\/div>\n<\/td>\n<\/tr>\n<tr>\n<td colspan=\"1\" rowspan=\"1\">\n<div>Kere suurus<\/div>\n<\/td>\n<td colspan=\"1\" rowspan=\"1\">\n<div>128*28*54<\/div>\n<\/td>\n<\/tr>\n<\/tbody>\n<\/table>\n<\/div>\n<\/div>\n<div>\n<div>\n<div>\n<div>\n<div>\n<div><span><strong>Detailne pilt<\/strong><\/span><\/div>\n<\/div>\n<\/div>\n<\/div>\n<\/div>\n<\/div>\n<div>\n<div>\n<div>\n<div>\n<div>\n<div><img decoding=\"async\" class=\"magic-16\" slate-data-type=\"image\" src=\"https:\/\/ae01.alicdn.com\/kf\/S5ab03688cbf44a7b931f40e5e72e85ecj.jpg?width=750&#038;height=1200&#038;hash=1950\"><\/div>\n<\/div>\n<\/div>\n<\/div>\n<\/div>\n<\/div>\n<div>\n<div>\n<div>\n<div>\n<div>\n<div><img decoding=\"async\" class=\"magic-18\" slate-data-type=\"image\" src=\"https:\/\/ae01.alicdn.com\/kf\/S8d4c0019aff84cab8c6d3d3133dac535K.jpg?width=750&#038;height=1258&#038;hash=2008\"><\/div>\n<\/div>\n<\/div>\n<\/div>\n<\/div>\n<\/div>\n<div>\n<div>\n<div>\n<div>\n<div>\n<div><img decoding=\"async\" class=\"magic-20\" slate-data-type=\"image\" src=\"https:\/\/ae01.alicdn.com\/kf\/S3d239ead230745ef944dd7bde601126bI.jpg?width=1920&#038;height=1080&#038;hash=3000\"><\/div>\n<\/div>\n<\/div>\n<\/div>\n<\/div>\n<\/div>\n<div>\n<div>\n<div>\n<div>\n<div>\n<div><img decoding=\"async\" class=\"magic-22\" slate-data-type=\"image\" src=\"https:\/\/ae01.alicdn.com\/kf\/Se12a5b00a8c1494daf98b4d47b2ad2a5r.jpg?width=1440&#038;height=1080&#038;hash=2520\"><\/div>\n<\/div>\n<\/div>\n<\/div>\n<\/div>\n<\/div>\n<div>\n<div id=\"ali-anchor-AliMagic-s22dnq\">Klientide tagasiside<\/div>\n<\/div>\n<div>\n<div>\n<div>\n<div>\n<div>\n<div><img decoding=\"async\" class=\"magic-24\" slate-data-type=\"image\" src=\"https:\/\/ae01.alicdn.com\/kf\/S4064f1924e3740a2be7bb532e50bad4b3.jpg?width=540&#038;height=1200&#038;hash=1740\"><\/div>\n<div><img decoding=\"async\" class=\"magic-24\" slate-data-type=\"image\" src=\"https:\/\/ae01.alicdn.com\/kf\/Sd1227447f1fb41a8806364479aaf7273d.jpg?width=1080&#038;height=2400&#038;hash=3480\"><\/div>\n<\/div>\n<\/div>\n<\/div>\n<\/div>\n<\/div>\n<div>\n<div>\n<div>\n<div>\n<div>\n<div><img decoding=\"async\" class=\"magic-27\" slate-data-type=\"image\" src=\"https:\/\/ae01.alicdn.com\/kf\/S285ad5ab65cb4bc7856364d0221e9e41A.jpg?width=476&#038;height=460&#038;hash=936\"><\/div>\n<div><img decoding=\"async\" class=\"magic-29\" slate-data-type=\"image\" src=\"https:\/\/ae01.alicdn.com\/kf\/Sab77106c630b48d7bccfbf13e9b25b3by.jpg?width=476&#038;height=507&#038;hash=983\"><\/div>\n<\/div>\n<\/div>\n<\/div>\n<\/div>\n<\/div>\n<div>\n<div id=\"ali-anchor-AliMagic-xj7rlm\">Saatmiseks valmis<\/div>\n<\/div>\n<div>\n<div>\n<div>\n<div>\n<div>\n<div><img decoding=\"async\" class=\"magic-31\" slate-data-type=\"image\" src=\"https:\/\/ae01.alicdn.com\/kf\/Sad37cad5854e468688d517a182680231u.jpg?width=3648&#038;height=2736&#038;hash=6384\"><\/div>\n<div><img decoding=\"async\" class=\"magic-31\" slate-data-type=\"image\" src=\"https:\/\/ae01.alicdn.com\/kf\/Sacba179c7bc942b588bf20eea36108b67.jpg?width=1440&#038;height=1080&#038;hash=2520\"><\/div>\n<\/div>\n<\/div>\n<\/div>\n<\/div>\n<\/div>\n<div>\n<div>\n<div>\n<div>\n<div>\n<div><img decoding=\"async\" class=\"magic-31\" slate-data-type=\"image\" src=\"https:\/\/ae01.alicdn.com\/kf\/Sbae4285941e64ebf90f361eb1f677081W.jpg?width=1440&#038;height=1080&#038;hash=2520\"><\/div>\n<div><img decoding=\"async\" class=\"magic-31\" slate-data-type=\"image\" src=\"https:\/\/ae01.alicdn.com\/kf\/Sd2087dfa5c1245cf950164c70893e211R.jpg?width=1440&#038;height=1080&#038;hash=2520\"><\/div>\n<\/div>\n<\/div>\n<\/div>\n<\/div>\n<\/div>\n<div>\n<div id=\"ali-anchor-AliMagic-vgy8yv\">Soovita tooteid<\/div>\n<\/div>\n<div>&nbsp;<\/div>\n<div>\n<div id=\"ali-anchor-AliMagic-iwf6hj\">Ettev\u00f5tte profiil<\/div>\n<\/div>\n<div>\n<div>\n<div>\n<div>\n<div>\n<div><img decoding=\"async\" class=\"magic-20\" slate-data-type=\"image\" src=\"https:\/\/ae01.alicdn.com\/kf\/S57346615a5164666bb2cb15d9bed01f2V.jpg?width=1920&#038;height=1080&#038;hash=3000\"><\/div>\n<\/div>\n<\/div>\n<\/div>\n<\/div>\n<\/div>\n<div>\n<div>\n<div>\n<div>\n<div>\n<div><img decoding=\"async\" class=\"magic-34\" slate-data-type=\"image\" src=\"https:\/\/ae01.alicdn.com\/kf\/S2acfc9af3dc1459d9926f92a40fe29ce1.jpg?width=830&#038;height=499&#038;hash=1329\"><\/div>\n<\/div>\n<\/div>\n<\/div>\n<\/div>\n<\/div>\n<div>\n<div>\n<div>\n<div>\n<div>\n<div><img decoding=\"async\" class=\"magic-36\" slate-data-type=\"image\" src=\"https:\/\/ae01.alicdn.com\/kf\/S21da1ffdf7fb4cb1bd18a7ef651fdf221.jpg?width=750&#038;height=810&#038;hash=1560\"><\/div>\n<\/div>\n<\/div>\n<\/div>\n<\/div>\n<\/div>\n<div>\n<div id=\"ali-anchor-AliMagic-09s5h7\">Toote pakend<\/div>\n<\/div>\n<div>\n<div>\n<div>\n<div>\n<div>\n<div><img decoding=\"async\" class=\"magic-31\" slate-data-type=\"image\" src=\"https:\/\/ae01.alicdn.com\/kf\/S8a78daddaa7e423e93769cda4b5eed91B.jpg?width=1440&#038;height=1080&#038;hash=2520\"><\/div>\n<div><img decoding=\"async\" class=\"magic-31\" slate-data-type=\"image\" src=\"https:\/\/ae01.alicdn.com\/kf\/Sa38e98837f77475084395011507cabe4L.jpg?width=1440&#038;height=1080&#038;hash=2520\"><\/div>\n<\/div>\n<\/div>\n<\/div>\n<\/div>\n<\/div>\n<div>\n<div id=\"ali-anchor-AliMagic-nsikbv\">KKK<\/div>\n<\/div>\n<div>\n<div>\n<div>\n<div>\n<div>\n<div>\n<div><span><strong>1. Miks valida meid?<\/strong><\/span> <span><br \/>\nProfessionaalsed m\u00fc\u00fcjad ja uurimisr\u00fchm;<br \/>\nOstja kaitsmiseks aktsepteerige kaubanduse tagamise korraldust;<br \/>\nSaame teha OEM\/ODM tooteid;<br \/>\n\u00d5igeaegne kohaletoimetamine.<\/span><br \/>\n<span><strong>2. Kuidas saada n\u00e4idist ja s\u00e4\u00e4sta kulusid?<\/strong><\/span> <span><br \/>\nN\u00e4idiskaart v\u00f5ib pakkuda tasuta, pakkuda ainult veokulusid.<br \/>\nKohandatud proovi saamiseks v\u00f5tke meiega \u00fchendust proovi maksumuse kohta.<br \/>\nKui tellite otse, saame teile kvaliteedi kontrollimiseks pakkuda tasuta n\u00e4idist.<\/span><br \/>\n<span><strong>3. Mis on teie makset\u00e4htaeg?<\/strong><\/span> <span><br \/>\n30% sissemakse ja 70% saldomakse.<\/span><br \/>\n<span><strong>4. Kuidas teie kvaliteedikontroll toimib?<\/strong><\/span> <span><br \/>\nMeil on professionaalne kvaliteedikontrolli meeskond, kontrollime kauba kvaliteeti kogu masstootmise ajal.<\/span><br \/>\n<span><strong>5 Kui meil Hiinas pole \u00fchtegi ekspediitorit, kas saaksite seda meie heaks teha?<\/strong><\/span> <span><br \/>\nMeil on ekspediitorfirmaga v\u00e4ga head suhted, saame teile saata parima saatmishinna ja suurep\u00e4rase teeninduse.<\/span><\/div>\n<div><span>Kui olete huvitatud mis tahes t\u00fc\u00fcbist, saatke meile \u00fcksikasjad e-posti v\u00f5i veebi teel. Pakume teile parima hinnapakkumise koos<br \/>\n\u00fclima standardteadmised. Ja me tervitame soojalt s\u00f5pru \u00fcle kogu maailma, et nad k\u00fclastaksid meie tehaseid \u00e4riasjade jaoks. <\/span><\/div>\n<\/div>\n<\/div>\n<\/div>\n<\/div>\n<\/div>\n<\/div>\n<\/div>\n<p>&nbsp;<\/p>\n<\/div>\n<\/div>","protected":false},"excerpt":{"rendered":"<p>Tire Size:&nbsp;10 inch Model Number:&nbsp;L12 Category:&nbsp;Two-wheel Scooter Applicable People:&nbsp;Unisex Range Per Charge:&nbsp;40-60km Charging Time:&nbsp;6-8h Voltage:&nbsp;48v Folded:&nbsp;No Origin:&nbsp;Mainland China Power (W):&nbsp;201-500W Place of Origin:&nbsp;Jiangsu, China Brand:&nbsp;Geofought Model Number:&nbsp;L12 Power:&nbsp;500W, 500w motor<\/p>","protected":false},"featured_media":8562,"comment_status":"open","ping_status":"closed","template":"","meta":{"_acf_changed":false},"product_brand":[],"product_cat":[468,297],"product_tag":[],"class_list":{"0":"post-8561","1":"product","2":"type-product","3":"status-publish","4":"has-post-thumbnail","6":"product_cat-electric-off-road-scooter","7":"product_cat-scooters","9":"first","10":"instock","11":"shipping-taxable","12":"purchasable","13":"product-type-variable"},"acf":[],"_links":{"self":[{"href":"https:\/\/www.electricstore.eu\/et\/wp-json\/wp\/v2\/product\/8561","targetHints":{"allow":["GET"]}}],"collection":[{"href":"https:\/\/www.electricstore.eu\/et\/wp-json\/wp\/v2\/product"}],"about":[{"href":"https:\/\/www.electricstore.eu\/et\/wp-json\/wp\/v2\/types\/product"}],"replies":[{"embeddable":true,"href":"https:\/\/www.electricstore.eu\/et\/wp-json\/wp\/v2\/comments?post=8561"}],"wp:featuredmedia":[{"embeddable":true,"href":"https:\/\/www.electricstore.eu\/et\/wp-json\/wp\/v2\/media\/8562"}],"wp:attachment":[{"href":"https:\/\/www.electricstore.eu\/et\/wp-json\/wp\/v2\/media?parent=8561"}],"wp:term":[{"taxonomy":"product_brand","embeddable":true,"href":"https:\/\/www.electricstore.eu\/et\/wp-json\/wp\/v2\/product_brand?post=8561"},{"taxonomy":"product_cat","embeddable":true,"href":"https:\/\/www.electricstore.eu\/et\/wp-json\/wp\/v2\/product_cat?post=8561"},{"taxonomy":"product_tag","embeddable":true,"href":"https:\/\/www.electricstore.eu\/et\/wp-json\/wp\/v2\/product_tag?post=8561"}],"curies":[{"name":"wp","href":"https:\/\/api.w.org\/{rel}","templated":true}]}}