{"id":8550,"date":"2025-05-19T20:32:00","date_gmt":"2025-05-19T20:32:00","guid":{"rendered":"https:\/\/electricstore.eu\/product\/uncategorized\/woyu-q3-plus-electric-bicycle-48v-13ah\/"},"modified":"2025-05-21T05:41:25","modified_gmt":"2025-05-21T05:41:25","slug":"woyu-q3-plus-electric-bicycle-48v-13ah","status":"publish","type":"product","link":"https:\/\/www.electricstore.eu\/et\/p\/bikes\/electric-fat-bikes\/woyu-q3-plus-electric-bicycle-48v-13ah\/","title":{"rendered":"WOYU Q3 PLUS 250W 48V 13Ah 60Km 20\u2033 luksuslik elektrijalgratas"},"content":{"rendered":"<div class=\"product-specs-list-container\">\n<ul class=\"product-specs-list util-clearfix\">\n<li class=\"product-prop line-limit-length\"><span\n                                        class=\"property-title\">Mudelinumber:&nbsp;<\/span><span\n                                        class=\"property-desc line-limit-length\">Q3 PLUS<\/span>\n                            <\/li>\n<li class=\"product-prop line-limit-length\"><span\n                                        class=\"property-title\">Reisijate nimimaht:&nbsp;<\/span><span\n                                        class=\"property-desc line-limit-length\">\u00dcks istekoht<\/span>\n                            <\/li>\n<li class=\"product-prop line-limit-length\"><span\n                                        class=\"property-title\">Stiil:&nbsp;<\/span><span\n                                        class=\"property-desc line-limit-length\">Luksuslik t\u00fc\u00fcp<\/span>\n                            <\/li>\n<li class=\"product-prop line-limit-length\"><span\n                                        class=\"property-title\">Maksimaalne kiirus:&nbsp;<\/span><span\n                                        class=\"property-desc line-limit-length\">&lt;25 km\/h<\/span>\n                            <\/li>\n<li class=\"product-prop line-limit-length\"><span\n                                        class=\"property-title\">V\u00f5imsuse vahemik:&nbsp;<\/span><span\n                                        class=\"property-desc line-limit-length\">&gt; 60 kilomeetrit<\/span>\n                            <\/li>\n<li class=\"product-prop line-limit-length\"><span\n                                        class=\"property-title\">V\u00f5imsus:&nbsp;<\/span><span\n                                        class=\"property-desc line-limit-length\">200\u2013250 W<\/span>\n                            <\/li>\n<li class=\"product-prop line-limit-length\"><span\n                                        class=\"property-title\">Toiteallikas:&nbsp;<\/span><span\n                                        class=\"property-desc line-limit-length\">liitiumaku<\/span>\n                            <\/li>\n<li class=\"product-prop line-limit-length\"><span\n                                        class=\"property-title\">Pinge:&nbsp;<\/span><span\n                                        class=\"property-desc line-limit-length\">48V<\/span>\n                            <\/li>\n<li class=\"product-prop line-limit-length\"><span\n                                        class=\"property-title\">Toiteallikas:&nbsp;<\/span><span\n                                        class=\"property-desc line-limit-length\">liitiumaku<\/span>\n                            <\/li>\n<li class=\"product-prop line-limit-length\"><span\n                                        class=\"property-title\">P\u00e4ritolu:&nbsp;<\/span><span\n                                        class=\"property-desc line-limit-length\">Mandri-Hiina<\/span>\n                            <\/li>\n<li class=\"product-prop line-limit-length\"><span\n                                        class=\"property-title\">Kokkupandud:&nbsp;<\/span><span\n                                        class=\"property-desc line-limit-length\">Ei<\/span>\n                            <\/li>\n<li class=\"product-prop line-limit-length\"><span\n                                        class=\"property-title\">Mootor:&nbsp;<\/span><span\n                                        class=\"property-desc line-limit-length\">Harjadeta<\/span>\n                            <\/li>\n<li class=\"product-prop line-limit-length\"><span\n                                        class=\"property-title\">Ratta suurus:&nbsp;<\/span><span\n                                        class=\"property-desc line-limit-length\">20 tolli<\/span>\n                            <\/li>\n<li class=\"product-prop line-limit-length\"><span\n                                        class=\"property-title\">Raami materjal:&nbsp;<\/span><span\n                                        class=\"property-desc line-limit-length\">Alumiiniumsulam<\/span>\n                            <\/li>\n<li class=\"product-prop line-limit-length\"><span\n                                        class=\"property-title\">P\u00e4ritolukoht:&nbsp;<\/span><span\n                                        class=\"property-desc line-limit-length\">Anhui, Hiina<\/span>\n                            <\/li>\n<li class=\"product-prop line-limit-length\"><span\n                                        class=\"property-title\">Br\u00e4ndi nimi:&nbsp;<\/span><span\n                                        class=\"property-desc line-limit-length\">WOYU<\/span>\n                            <\/li>\n<li class=\"product-prop line-limit-length\"><span\n                                        class=\"property-title\">Mudelinumber:&nbsp;<\/span><span\n                                        class=\"property-desc line-limit-length\">Q3 PLUS<\/span>\n                            <\/li>\n<li class=\"product-prop line-limit-length\"><span\n                                        class=\"property-title\">K\u00e4igud:&nbsp;<\/span><span\n                                        class=\"property-desc line-limit-length\">7 Speed<\/span>\n                            <\/li>\n<li class=\"product-prop line-limit-length\"><span\n                                        class=\"property-title\">V\u00f5imsuse vahemik:&nbsp;<\/span><span\n                                        class=\"property-desc line-limit-length\">&gt; 60 kilomeetrit<\/span>\n                            <\/li>\n<li class=\"product-prop line-limit-length\"><span\n                                        class=\"property-title\">Raami materjal:&nbsp;<\/span><span\n                                        class=\"property-desc line-limit-length\">alumiiniumisulam<\/span>\n                            <\/li>\n<li class=\"product-prop line-limit-length\"><span\n                                        class=\"property-title\">Ratta suurus:&nbsp;<\/span><span\n                                        class=\"property-desc line-limit-length\">20&quot;<\/span>\n                            <\/li>\n<li class=\"product-prop line-limit-length\"><span\n                                        class=\"property-title\">Maksimaalne kiirus:&nbsp;<\/span><span\n                                        class=\"property-desc line-limit-length\">30\u201350 km\/h<\/span>\n                            <\/li>\n<li class=\"product-prop line-limit-length\"><span\n                                        class=\"property-title\">Pinge:&nbsp;<\/span><span\n                                        class=\"property-desc line-limit-length\">48V<\/span>\n                            <\/li>\n<li class=\"product-prop line-limit-length\"><span\n                                        class=\"property-title\">Toiteallikas:&nbsp;<\/span><span\n                                        class=\"property-desc line-limit-length\">liitiumaku<\/span>\n                            <\/li>\n<li class=\"product-prop line-limit-length\"><span\n                                        class=\"property-title\">Piduris\u00fcsteem:&nbsp;<\/span><span\n                                        class=\"property-desc line-limit-length\">Ketaspidur<\/span>\n                            <\/li>\n<li class=\"product-prop line-limit-length\"><span\n                                        class=\"property-title\">P\u00f6\u00f6rdemoment:&nbsp;<\/span><span\n                                        class=\"property-desc line-limit-length\">80-90 Nm<\/span>\n                            <\/li>\n<li class=\"product-prop line-limit-length\"><span\n                                        class=\"property-title\">Laadimisaeg:&nbsp;<\/span><span\n                                        class=\"property-desc line-limit-length\">&gt;3 tundi<\/span>\n                            <\/li>\n<li class=\"product-prop line-limit-length\"><span\n                                        class=\"property-title\">Mootori asend:&nbsp;<\/span><span\n                                        class=\"property-desc line-limit-length\">Tagumise rummu mootor<\/span>\n                            <\/li>\n<li class=\"product-prop line-limit-length\"><span\n                                        class=\"property-title\">Aku asukoht:&nbsp;<\/span><span\n                                        class=\"property-desc line-limit-length\">Down Tube<\/span>\n                            <\/li>\n<li class=\"product-prop line-limit-length\"><span\n                                        class=\"property-title\">Aku mahtuvus:&nbsp;<\/span><span\n                                        class=\"property-desc line-limit-length\">13AH<\/span>\n                            <\/li>\n<li class=\"product-prop line-limit-length\"><span\n                                        class=\"property-title\">Nutikas t\u00fc\u00fcp:&nbsp;<\/span><span\n                                        class=\"property-desc line-limit-length\">Elektrooniline<\/span>\n                            <\/li>\n<li class=\"product-prop line-limit-length\"><span\n                                        class=\"property-title\">Maksimaalne koormus:&nbsp;<\/span><span\n                                        class=\"property-desc line-limit-length\">150 kg<\/span>\n                            <\/li>\n<li class=\"product-prop line-limit-length\"><span\n                                        class=\"property-title\">Climb Angle:&nbsp;<\/span><span\n                                        class=\"property-desc line-limit-length\">25\u00b0<\/span>\n                            <\/li>\n<li class=\"product-prop line-limit-length\"><span\n                                        class=\"property-title\">Power assist range:&nbsp;<\/span><span\n                                        class=\"property-desc line-limit-length\">90-100km<\/span>\n                            <\/li>\n<li class=\"product-prop line-limit-length\"><span\n                                        class=\"property-title\">The power adapter:&nbsp;<\/span><span\n                                        class=\"property-desc line-limit-length\">54.6V\/2A<\/span>\n                            <\/li>\n<li class=\"product-prop line-limit-length\"><span\n                                        class=\"property-title\">Netokaal:&nbsp;<\/span><span\n                                        class=\"property-desc line-limit-length\">26kg<\/span>\n                            <\/li>\n<li class=\"product-prop line-limit-length\"><span\n                                        class=\"property-title\">Ride Mode:&nbsp;<\/span><span\n                                        class=\"property-desc line-limit-length\">Riding \/ Electric<\/span>\n                            <\/li>\n<li class=\"product-prop line-limit-length\"><span\n                                        class=\"property-title\">APP:&nbsp;<\/span><span\n                                        class=\"property-desc line-limit-length\">Valikuline<\/span>\n                            <\/li>\n<\/ul><\/div>\n<div class=\"detailmodule_html\">\n<div class=\"detail-desc-decorate-richtext\">\n<div id=\"detail_decorate_root\">\n<div>\u00a0<\/div>\n<div>\n<div>\u00a0<\/div>\n<div><img decoding=\"async\" class=\"magic-3\" src=\"https:\/\/ae01.alicdn.com\/kf\/S310ff39c0bc24d898c3cde7ec06e12b6Z.jpg?width=800&amp;height=800&amp;hash=1600\" slate-data-type=\"image\"\/><\/div>\n<div><img decoding=\"async\" class=\"magic-3\" src=\"https:\/\/ae01.alicdn.com\/kf\/Sd52a485ca77842d487d82c1890c28bebM.jpg?width=1920&amp;height=1080&amp;hash=3000\" slate-data-type=\"image\"\/><\/div>\n<div><img decoding=\"async\" class=\"magic-3\" src=\"https:\/\/ae01.alicdn.com\/kf\/S3131163a05164d08ab1450ea7e8a07f0n.jpg?width=1920&amp;height=1080&amp;hash=3000\" slate-data-type=\"image\"\/><\/div>\n<div><img decoding=\"async\" class=\"magic-3\" src=\"https:\/\/ae01.alicdn.com\/kf\/S0e93a7f427b0476f8de460f1e60e8d677.jpg?width=1920&amp;height=1080&amp;hash=3000\" slate-data-type=\"image\"\/><\/div>\n<div><img decoding=\"async\" class=\"magic-3\" src=\"https:\/\/ae01.alicdn.com\/kf\/S7ad63b8ed4ea41218f1c7785ef484a90X.jpg?width=1920&amp;height=1080&amp;hash=3000\" slate-data-type=\"image\"\/><\/div>\n<div><img decoding=\"async\" class=\"magic-3\" src=\"https:\/\/ae01.alicdn.com\/kf\/Sf99093f1c29f47d3850a66631be898d1v.jpg?width=1920&amp;height=1080&amp;hash=3000\" slate-data-type=\"image\"\/><\/div>\n<div><img decoding=\"async\" class=\"magic-3\" src=\"https:\/\/ae01.alicdn.com\/kf\/S5670927b9c4d40308caaa739b381dad1x.jpg?width=1920&amp;height=1080&amp;hash=3000\" slate-data-type=\"image\"\/><\/div>\n<div><img decoding=\"async\" class=\"magic-3\" src=\"https:\/\/ae01.alicdn.com\/kf\/S2f36f9a305694488a4040d16c50ff308J.jpg?width=790&amp;height=920&amp;hash=1710\" slate-data-type=\"image\"\/><\/div>\n<div><img decoding=\"async\" class=\"magic-3\" src=\"https:\/\/ae01.alicdn.com\/kf\/Se30c7ba6434a4f0b9faec3fbb3470a8dj.jpg?width=790&amp;height=1409&amp;hash=2199\" slate-data-type=\"image\"\/><\/div>\n<\/div>\n<div>\n<div id=\"ali-anchor-AliMagic-qaj16g\">Toote pakend<\/div>\n<\/div>\n<div>\n<div>\n<div><img decoding=\"async\" class=\"magic-7\" src=\"https:\/\/ae01.alicdn.com\/kf\/Saece606b87444e65aa35926dd8e3afbf6.jpg?width=1280&amp;height=960&amp;hash=2240\" slate-data-type=\"image\"\/><\/div>\n<div>\u00a0<\/div>\n<\/div>\n<div><img decoding=\"async\" class=\"magic-11\" src=\"https:\/\/ae01.alicdn.com\/kf\/Sea15a1f42651436a95d203e6d796e0663.jpg?width=600&amp;height=800&amp;hash=1400\" slate-data-type=\"image\"\/><\/div>\n<\/div>\n<div>\n<div>\u00a0<\/div>\n<div>\n<div>\n<div>\n<div>\u00a0<\/div>\n<div>\u00a0<\/div>\n<div>\u00a0<\/div>\n<div>\u00a0<\/div>\n<div><span><strong>Teie kaupade ohutuse paremaks tagamiseks pakume professionaalseid, keskkonnas\u00f5bralikke, mugavaid ja t\u00f5husaid pakkimisteenuseid.<br \/>pakutakse.<\/strong><\/span><\/div>\n<\/div>\n<\/div>\n<\/div>\n<\/div>\n<div>\n<div>\u00a0<\/div>\n<div>\n<div><img decoding=\"async\" class=\"magic-19\" src=\"https:\/\/ae01.alicdn.com\/kf\/S0ddff6bbe6504307a89cf73e7329a369n.jpg?width=693&amp;height=978&amp;hash=1671\" slate-data-type=\"image\"\/><\/div>\n<div><img decoding=\"async\" class=\"magic-21\" src=\"https:\/\/ae01.alicdn.com\/kf\/S6a0013e33cce42e5968aeab412eab04fX.jpg?width=696&amp;height=980&amp;hash=1676\" slate-data-type=\"image\"\/><\/div>\n<\/div>\n<\/div>\n<div>\n<div id=\"ali-anchor-AliMagic-8728gk\">N\u00e4itus<\/div>\n<\/div>\n<div>\n<div>\n<div>\n<div>\n<div>\n<div><img decoding=\"async\" class=\"magic-23\" src=\"https:\/\/ae01.alicdn.com\/kf\/S424810e4dba74c8ca860a47c077228b6t.jpg?width=940&amp;height=562&amp;hash=1502\" slate-data-type=\"image\"\/><\/div>\n<\/div>\n<\/div>\n<\/div>\n<\/div>\n<\/div>\n<div>\n<div id=\"ali-anchor-AliMagic-7isiro\">Ettev\u00f5tte profiil<\/div>\n<\/div>\n<div>\n<div>\u00a0<\/div>\n<div>\n<div>\n<div>\u00a0<\/div>\n<div>E-ONE on ettev\u00f5te, mis tegeleb peamiselt uute energiatoodete ekspordiga. Ettev\u00f5te asub Anhui provintsi pealinnas Hefeis. E-ONE <strong>on ametlikult volitatud <\/strong>l\u00e4bi tuntud t\u00f6\u00f6stusbr\u00e4ndide, n\u00e4iteks <strong>Segway-Ninebot, Intex, DYU, HIMO, Kugoo<\/strong> ja m\u00f5ned teised tuntud ettev\u00f5tted. Peamiselt h\u00f5lmab meie t\u00e4ielik valik j\u00e4tkusuutlikke rohelisi ja puhtaid tooteid alates <strong>elektrilised t\u00f5ukerattad, elektrilised tasakaaluliikurid, elektrilised \u00fcherattalised,<\/strong> <span><strong>elektrilised kardis\u00f5iduautod<\/strong><\/span> <strong>, elektrilised jalgrattad, elektrilised mootorrattad<\/strong>K\u00f5ikide saadaolevate seotud sertifikaatidega, mis kindlasti paneb meid oma kvaliteedile orienteeritud tooteid kogu maailmas m\u00fc\u00fcma.<\/div>\n<\/div>\n<\/div>\n<\/div>\n<div>\n<div id=\"ali-anchor-AliMagic-y5v1u8\">KKK<\/div>\n<\/div>\n<div>\n<div>\n<div>\n<h3 class=\"magic-28\"><\/h3>\n<div>\n<div>\n<div><strong>K<\/strong>: Kas olete tootja? <strong>A<\/strong>Jah, me oleme tootjad. Pakume OEM\/ODM-i kohandatud teenust vastavalt klientide erinevatele rakendustele ja n\u00f5udmistele. K\u00f5ik meie tooted on t\u00e4ielikult patenteeritud, disaini, riist- ja tarkvara, vormimise ja montaa\u017ei teeb meie enda meeskond. <strong>K<\/strong>: Milline on minimaalne tellimus (MOQ)? <strong>A<\/strong>Standardtoodete puhul aktsepteerime \u00fchte \u00fchikut. Vajadusel saame seda isegi teie logoga kohandada. Kui vajate OEM-i, vaatame \u00fcksikasjalikke n\u00f5udeid ja kinnitame teile meie m\u00fc\u00fcgiosakonna poolt minimaalse tellimuse koguse. <strong>K<\/strong>: Kas me saame tasuta proovi? <strong>A<\/strong>Vabandust, \u00fcldiselt me tasuta n\u00e4idist ei paku. Kui klient kinnitab spetsifikatsiooni ja hinna, saab ta esmalt tellida n\u00e4idise testimiseks ja hindamiseks. <strong>K<\/strong>: Kuidas tellida ja maksta? <strong>A<\/strong>Aktsepteerime T\/T (panga\u00fclekanne), Alibaba online&#039;i, Western Union 1 Trade Assurance&#039;i <strong>K<\/strong>: Milline on teie toote garantii? <strong>A<\/strong>: Pakume 24-kuulist garantiid p\u00e4rast saatmist. <strong>K<\/strong>: Kui kaua kohaletoimetamine aega v\u00f5tab? <strong>A<\/strong>Tootmise tarneaeg on umbes 3\u201310 p\u00e4eva, olenevalt vajadusest, ja DHL\/UPS\/FEDEX\/TNT saatmisaeg on umbes 3\u20137 t\u00f6\u00f6p\u00e4eva. M\u00f5nedes kaugemates kohtades v\u00f5ib tarneaeg olla veidi pikem. <strong>K<\/strong> Kuidas seadet parandada, kui sellega peaks probleeme tekkima? <strong>A<\/strong>Pakume probleemi lahendamiseks veebis tehnilist tuge; Riistvaraprobleemi korral v\u00f5ime saata osad v\u00f5i komponendid ja \u00f5petada klienti neid paigaldama, kui neil on tehnik v\u00f5i nad saavad meile ka probleemi lahendamiseks tagasi saata. <strong>K<\/strong>: Kas saate meie toodet kohandada ja levitada? <strong>A<\/strong>: Oleme professionaalne e-jalgrataste tootja, kellel on 8-aastane tootmiskogemus. Toetame toodete kohandamist, levitamist ja hulgim\u00fc\u00fcki.<\/div>\n<\/div>\n<\/div>\n<\/div>\n<\/div>\n<\/div>\n<\/div>\n<\/div>\n<\/div>\n<p><\/p>","protected":false},"excerpt":{"rendered":"<p>Model Number:&nbsp;Q3 PLUS Rated Passenger Capacity:&nbsp;One Seat Style:&nbsp;Luxury Type Max Speed:&nbsp;&lt;25km\/h Range per Power:&nbsp;&gt; 60 km Wattage:&nbsp;200 &#8211; 250w Power Supply:&nbsp;lithium battery Voltage:&nbsp;48V Power Source:&nbsp;lithium battery Origin:&nbsp;Mainland China Folded:&nbsp;No Motor:&nbsp;Brushless<\/p>","protected":false},"featured_media":8551,"comment_status":"open","ping_status":"closed","template":"","meta":{"_acf_changed":false},"product_brand":[],"product_cat":[300],"product_tag":[],"class_list":{"0":"post-8550","1":"product","2":"type-product","3":"status-publish","4":"has-post-thumbnail","6":"product_cat-electric-fat-bikes","8":"first","9":"instock","10":"shipping-taxable","11":"purchasable","12":"product-type-variable"},"acf":[],"_links":{"self":[{"href":"https:\/\/www.electricstore.eu\/et\/wp-json\/wp\/v2\/product\/8550","targetHints":{"allow":["GET"]}}],"collection":[{"href":"https:\/\/www.electricstore.eu\/et\/wp-json\/wp\/v2\/product"}],"about":[{"href":"https:\/\/www.electricstore.eu\/et\/wp-json\/wp\/v2\/types\/product"}],"replies":[{"embeddable":true,"href":"https:\/\/www.electricstore.eu\/et\/wp-json\/wp\/v2\/comments?post=8550"}],"wp:featuredmedia":[{"embeddable":true,"href":"https:\/\/www.electricstore.eu\/et\/wp-json\/wp\/v2\/media\/8551"}],"wp:attachment":[{"href":"https:\/\/www.electricstore.eu\/et\/wp-json\/wp\/v2\/media?parent=8550"}],"wp:term":[{"taxonomy":"product_brand","embeddable":true,"href":"https:\/\/www.electricstore.eu\/et\/wp-json\/wp\/v2\/product_brand?post=8550"},{"taxonomy":"product_cat","embeddable":true,"href":"https:\/\/www.electricstore.eu\/et\/wp-json\/wp\/v2\/product_cat?post=8550"},{"taxonomy":"product_tag","embeddable":true,"href":"https:\/\/www.electricstore.eu\/et\/wp-json\/wp\/v2\/product_tag?post=8550"}],"curies":[{"name":"wp","href":"https:\/\/api.w.org\/{rel}","templated":true}]}}