{"id":8462,"date":"2025-05-19T20:31:13","date_gmt":"2025-05-19T20:31:13","guid":{"rendered":"https:\/\/electricstore.eu\/product\/uncategorized\/hx-x8-folding-electric-scooter-350w-45km\/"},"modified":"2025-05-21T05:41:27","modified_gmt":"2025-05-21T05:41:27","slug":"hx-x8-folding-electric-scooter-350w-45km","status":"publish","type":"product","link":"https:\/\/www.electricstore.eu\/et\/p\/scooters\/electric-city-scooters\/hx-x8-folding-electric-scooter-350w-45km\/","title":{"rendered":"Kixin X8 350W 36V 10Ah 32km\/h 40-60km 10\u2033 kokkupandav elektrit\u00f5ukeratas"},"content":{"rendered":"<div class=\"product-specs-list-container\">\n<ul class=\"product-specs-list util-clearfix\">\n<li class=\"product-prop line-limit-length\"><span\n                                        class=\"property-title\">Mudelinumber:&nbsp;<\/span><span\n                                        class=\"property-desc line-limit-length\">x8<\/span>\n                            <\/li>\n<li class=\"product-prop line-limit-length\"><span\n                                        class=\"property-title\">Kategooria:&nbsp;<\/span><span\n                                        class=\"property-desc line-limit-length\">Kaherattaline t\u00f5ukeratas<\/span>\n                            <\/li>\n<li class=\"product-prop line-limit-length\"><span\n                                        class=\"property-title\">Kohaldatavad inimesed:&nbsp;<\/span><span\n                                        class=\"property-desc line-limit-length\">NAISED<\/span>\n                            <\/li>\n<li class=\"product-prop line-limit-length\"><span\n                                        class=\"property-title\">Ulatus laadimise kohta:&nbsp;<\/span><span\n                                        class=\"property-desc line-limit-length\">40\u201360 km<\/span>\n                            <\/li>\n<li class=\"product-prop line-limit-length\"><span\n                                        class=\"property-title\">Laadimisaeg:&nbsp;<\/span><span\n                                        class=\"property-desc line-limit-length\">6\u20138 tundi<\/span>\n                            <\/li>\n<li class=\"product-prop line-limit-length\"><span\n                                        class=\"property-title\">Pinge:&nbsp;<\/span><span\n                                        class=\"property-desc line-limit-length\">36v<\/span>\n                            <\/li>\n<li class=\"product-prop line-limit-length\"><span\n                                        class=\"property-title\">Kokkupandud:&nbsp;<\/span><span\n                                        class=\"property-desc line-limit-length\">JAH<\/span>\n                            <\/li>\n<li class=\"product-prop line-limit-length\"><span\n                                        class=\"property-title\">P\u00e4ritolu:&nbsp;<\/span><span\n                                        class=\"property-desc line-limit-length\">Mandri-Hiina<\/span>\n                            <\/li>\n<li class=\"product-prop line-limit-length\"><span\n                                        class=\"property-title\">V\u00f5imsus (W):&nbsp;<\/span><span\n                                        class=\"property-desc line-limit-length\">201\u2013500 W<\/span>\n                            <\/li>\n<li class=\"product-prop line-limit-length\"><span\n                                        class=\"property-title\">P\u00e4ritolukoht:&nbsp;<\/span><span\n                                        class=\"property-desc line-limit-length\">Guangdong, Hiina<\/span>\n                            <\/li>\n<li class=\"product-prop line-limit-length\"><span\n                                        class=\"property-title\">Br\u00e4nd:&nbsp;<\/span><span\n                                        class=\"property-desc line-limit-length\">Kixin<\/span>\n                            <\/li>\n<li class=\"product-prop line-limit-length\"><span\n                                        class=\"property-title\">Mudelinumber:&nbsp;<\/span><span\n                                        class=\"property-desc line-limit-length\">X8<\/span>\n                            <\/li>\n<li class=\"product-prop line-limit-length\"><span\n                                        class=\"property-title\">Laadimisaeg:&nbsp;<\/span><span\n                                        class=\"property-desc line-limit-length\">5-6 tundi<\/span>\n                            <\/li>\n<li class=\"product-prop line-limit-length\"><span\n                                        class=\"property-title\">Kokkupandav:&nbsp;<\/span><span\n                                        class=\"property-desc line-limit-length\">Jah<\/span>\n                            <\/li>\n<li class=\"product-prop line-limit-length\"><span\n                                        class=\"property-title\">Ulatus laadimise kohta:&nbsp;<\/span><span\n                                        class=\"property-desc line-limit-length\">40\u201360 km<\/span>\n                            <\/li>\n<li class=\"product-prop line-limit-length\"><span\n                                        class=\"property-title\">Maksimaalne kiirus:&nbsp;<\/span><span\n                                        class=\"property-desc line-limit-length\">31\u201340 km\/h<\/span>\n                            <\/li>\n<li class=\"product-prop line-limit-length\"><span\n                                        class=\"property-title\">Kategooria:&nbsp;<\/span><span\n                                        class=\"property-desc line-limit-length\">Kaherattaline t\u00f5ukeratas<\/span>\n                            <\/li>\n<li class=\"product-prop line-limit-length\"><span\n                                        class=\"property-title\">Rahvahulga suhtes kohaldatav:&nbsp;<\/span><span\n                                        class=\"property-desc line-limit-length\">Unisex<\/span>\n                            <\/li>\n<li class=\"product-prop line-limit-length\"><span\n                                        class=\"property-title\">Nutikas t\u00fc\u00fcp:&nbsp;<\/span><span\n                                        class=\"property-desc line-limit-length\">Elektrooniline, digitaalne<\/span>\n                            <\/li>\n<li class=\"product-prop line-limit-length\"><span\n                                        class=\"property-title\">Aku mahtuvus:&nbsp;<\/span><span\n                                        class=\"property-desc line-limit-length\">10 tundi<\/span>\n                            <\/li>\n<li class=\"product-prop line-limit-length\"><span\n                                        class=\"property-title\">Patenteeritud toode:&nbsp;<\/span><span\n                                        class=\"property-desc line-limit-length\">EI<\/span>\n                            <\/li>\n<li class=\"product-prop line-limit-length\"><span\n                                        class=\"property-title\">Toote nimi:&nbsp;<\/span><span\n                                        class=\"property-desc line-limit-length\">Kixin X8 kokkupandav elektriline t\u00f5ukeratas t\u00e4iskasvanutele<\/span>\n                            <\/li>\n<li class=\"product-prop line-limit-length\"><span\n                                        class=\"property-title\">Tippkiirus:&nbsp;<\/span><span\n                                        class=\"property-desc line-limit-length\">32 km\/h<\/span>\n                            <\/li>\n<li class=\"product-prop line-limit-length\"><span\n                                        class=\"property-title\">Aku:&nbsp;<\/span><span\n                                        class=\"property-desc line-limit-length\">36 V 10 Ah<\/span>\n                            <\/li>\n<li class=\"product-prop line-limit-length\"><span\n                                        class=\"property-title\">Vahemik:&nbsp;<\/span><span\n                                        class=\"property-desc line-limit-length\">35\u201345 km<\/span>\n                            <\/li>\n<li class=\"product-prop line-limit-length\"><span\n                                        class=\"property-title\">Mootori v\u00f5imsus:&nbsp;<\/span><span\n                                        class=\"property-desc line-limit-length\">350W mootor<\/span>\n                            <\/li>\n<li class=\"product-prop line-limit-length\"><span\n                                        class=\"property-title\">Maksimaalne koormus:&nbsp;<\/span><span\n                                        class=\"property-desc line-limit-length\">100 kg<\/span>\n                            <\/li>\n<li class=\"product-prop line-limit-length\"><span\n                                        class=\"property-title\">Rehvid:&nbsp;<\/span><span\n                                        class=\"property-desc line-limit-length\">10-tollised rattad<\/span>\n                            <\/li>\n<li class=\"product-prop line-limit-length\"><span\n                                        class=\"property-title\">Sertifitseerimine:&nbsp;<\/span><span\n                                        class=\"property-desc line-limit-length\">CE<\/span>\n                            <\/li>\n<li class=\"product-prop line-limit-length\"><span\n                                        class=\"property-title\">Piduris\u00fcsteem:&nbsp;<\/span><span\n                                        class=\"property-desc line-limit-length\">Eesmised ja tagumised ketaspidurid<\/span>\n                            <\/li>\n<li class=\"product-prop line-limit-length\"><span\n                                        class=\"property-title\">M\u00e4kket\u00f5us:&nbsp;<\/span><span\n                                        class=\"property-desc line-limit-length\">15\u00b0<\/span>\n                            <\/li>\n<li class=\"product-prop line-limit-length\"><span\n                                        class=\"property-title\">Sertifikaat:&nbsp;<\/span><span\n                                        class=\"property-desc line-limit-length\"><\/span>\n                            <\/li>\n<\/ul><\/div>\n<div class=\"detailmodule_html\">\n<div class=\"detail-desc-decorate-richtext\">\n<div id=\"detail_decorate_root\">\n<div>\u00a0<\/div>\n<div>\n<div id=\"ali-anchor-AliMagic-guogje\">Spetsifikatsioon<\/div>\n<\/div>\n<div>\n<div>\n<table style=\"border-collapse:collapse\" class=\"has-title all magic-1\">\n<tbody>\n<tr>\n<td rowspan=\"1\" colspan=\"1\">\n<div>Mudeli nr<\/div>\n<\/td>\n<td rowspan=\"1\" colspan=\"1\">\n<div>X8<\/div>\n<\/td>\n<\/tr>\n<tr>\n<td rowspan=\"1\" colspan=\"1\">\n<div>P\u00f6\u00f6ratud pinge<\/div>\n<\/td>\n<td rowspan=\"1\" colspan=\"1\">\n<div>Alalisvool 36 V<\/div>\n<\/td>\n<\/tr>\n<tr>\n<td rowspan=\"1\" colspan=\"1\">\n<div>Nimiv\u00f5imsus<\/div>\n<\/td>\n<td rowspan=\"1\" colspan=\"1\">\n<div>350W<\/div>\n<\/td>\n<\/tr>\n<tr>\n<td rowspan=\"1\" colspan=\"1\">\n<div>Materjal<\/div>\n<\/td>\n<td rowspan=\"1\" colspan=\"1\">\n<div>Alumiiniumsulam<\/div>\n<\/td>\n<\/tr>\n<tr>\n<td rowspan=\"1\" colspan=\"1\">\n<div>Piduris\u00fcsteem<\/div>\n<\/td>\n<td rowspan=\"1\" colspan=\"1\">\n<div>Ketaspidur\/k\u00e4sipidur\/elektriline pidur<\/div>\n<\/td>\n<\/tr>\n<tr>\n<td rowspan=\"1\" colspan=\"1\">\n<div>Maksimaalne kiirus<\/div>\n<\/td>\n<td rowspan=\"1\" colspan=\"1\">\n<div>32 KM\/h (reguleeritav)<\/div>\n<\/td>\n<\/tr>\n<tr>\n<td rowspan=\"1\" colspan=\"1\">\n<div>S\u00f5idukilomeetris\u00f5it<\/div>\n<\/td>\n<td rowspan=\"1\" colspan=\"1\">\n<div>35\u201345 km<\/div>\n<\/td>\n<\/tr>\n<tr>\n<td rowspan=\"1\" colspan=\"1\">\n<div>Maksimaalne koormus<\/div>\n<\/td>\n<td rowspan=\"1\" colspan=\"1\">\n<div>100 kg<\/div>\n<\/td>\n<\/tr>\n<tr>\n<td rowspan=\"1\" colspan=\"1\">\n<div>Nutikas t\u00fc\u00fcp<\/div>\n<\/td>\n<td rowspan=\"1\" colspan=\"1\">\n<div>Elektrooniline<\/div>\n<\/td>\n<\/tr>\n<tr>\n<td rowspan=\"1\" colspan=\"1\">\n<div>Aku mahtuvus<\/div>\n<\/td>\n<td rowspan=\"1\" colspan=\"1\">\n<div>10Ah<\/div>\n<\/td>\n<\/tr>\n<tr>\n<td rowspan=\"1\" colspan=\"1\">\n<div>Veekindel klass<\/div>\n<\/td>\n<td rowspan=\"1\" colspan=\"1\">\n<div>IP54<\/div>\n<\/td>\n<\/tr>\n<\/tbody>\n<\/table>\n<\/div>\n<\/div>\n<div>\n<div id=\"ali-anchor-AliMagic-28cakk\">Toote kirjeldus<\/div>\n<\/div>\n<div>\n<div>\n<div><img decoding=\"async\" class=\"magic-6\" src=\"https:\/\/ae01.alicdn.com\/kf\/Sb0b4bc708bb04f6897cf61c101f0ddedx.jpg?width=750&amp;height=1032&amp;hash=1782\" slate-data-type=\"image\"\/><\/div>\n<div><img decoding=\"async\" class=\"magic-6\" src=\"https:\/\/ae01.alicdn.com\/kf\/S20905f88e38d4f9bbccc9f88897cd65eL.jpg?width=750&amp;height=465&amp;hash=1215\" slate-data-type=\"image\"\/><\/div>\n<div><img decoding=\"async\" class=\"magic-6\" src=\"https:\/\/ae01.alicdn.com\/kf\/S4dbe36da43d24d83a7b358c768809be0w.jpg?width=750&amp;height=574&amp;hash=1324\" slate-data-type=\"image\"\/><\/div>\n<div><img decoding=\"async\" class=\"magic-6\" src=\"https:\/\/ae01.alicdn.com\/kf\/S0159ae8be9f442a984a47c8ea6894f6at.jpg?width=750&amp;height=400&amp;hash=1150\" slate-data-type=\"image\"\/><\/div>\n<div><img decoding=\"async\" class=\"magic-6\" src=\"https:\/\/ae01.alicdn.com\/kf\/S29a9755407f743d5ac741e2ecf89b53dZ.jpg?width=750&amp;height=400&amp;hash=1150\" slate-data-type=\"image\"\/><\/div>\n<div><img decoding=\"async\" class=\"magic-6\" src=\"https:\/\/ae01.alicdn.com\/kf\/S33f7f4f4169f460786e15ac3c6fde469R.jpg?width=750&amp;height=400&amp;hash=1150\" slate-data-type=\"image\"\/><\/div>\n<div><img decoding=\"async\" class=\"magic-6\" src=\"https:\/\/ae01.alicdn.com\/kf\/S55ecbf0dac4848fa90ec72579652c267o.jpg?width=750&amp;height=482&amp;hash=1232\" slate-data-type=\"image\"\/><\/div>\n<div><img decoding=\"async\" class=\"magic-6\" src=\"https:\/\/ae01.alicdn.com\/kf\/Sdec1a74b02bc490fbf8dd6e63a6fd8b3h.jpg?width=750&amp;height=482&amp;hash=1232\" slate-data-type=\"image\"\/><\/div>\n<div><img decoding=\"async\" class=\"magic-6\" src=\"https:\/\/ae01.alicdn.com\/kf\/Sa389f04557984de1a04f21293d3709a58.jpg?width=750&amp;height=400&amp;hash=1150\" slate-data-type=\"image\"\/><\/div>\n<div><img decoding=\"async\" class=\"magic-6\" src=\"https:\/\/ae01.alicdn.com\/kf\/Sb19c1e79d8ae460bb789c5091d205e77M.jpg?width=750&amp;height=400&amp;hash=1150\" slate-data-type=\"image\"\/><\/div>\n<\/div>\n<\/div>\n<div>\n<div>\n<div>\n<div>\n<div>\n<div><img decoding=\"async\" class=\"magic-9\" src=\"https:\/\/ae01.alicdn.com\/kf\/S9c7394fe3e904dfbbc4b2216e28f81c3H.jpg?width=750&amp;height=400&amp;hash=1150\" slate-data-type=\"image\"\/><\/div>\n<\/div>\n<\/div>\n<\/div>\n<\/div>\n<\/div>\n<div>\n<div>\n<div>\n<div>\n<div>\n<div><img decoding=\"async\" class=\"magic-11\" src=\"https:\/\/ae01.alicdn.com\/kf\/Sbdd70ca081ab4c71843e0b9505eb18fbs.jpg?width=1000&amp;height=600&amp;hash=1600\" slate-data-type=\"image\"\/><\/div>\n<\/div>\n<\/div>\n<\/div>\n<\/div>\n<\/div>\n<div>\n<div>\n<div>\n<div>\n<div>\n<div><img decoding=\"async\" class=\"magic-13\" src=\"https:\/\/ae01.alicdn.com\/kf\/S8d7af63b2dd547ac85acc44a32987dce6.jpg?width=750&amp;height=1000&amp;hash=1750\" slate-data-type=\"image\"\/><\/div>\n<\/div>\n<\/div>\n<\/div>\n<\/div>\n<\/div>\n<div>\n<div>\n<div>\n<div>\n<div>\n<div><img decoding=\"async\" class=\"magic-15\" src=\"https:\/\/ae01.alicdn.com\/kf\/Sd8939330a1cc4a4cb5f8c069c7af668bH.jpg?width=800&amp;height=800&amp;hash=1600\" slate-data-type=\"image\"\/><\/div>\n<\/div>\n<\/div>\n<\/div>\n<\/div>\n<\/div>\n<div>\n<div>\n<div>\n<div>\n<div>\n<div><img decoding=\"async\" class=\"magic-17\" src=\"https:\/\/ae01.alicdn.com\/kf\/See6dd473052c43b5a9ebcb2f862c269bO.jpg?width=367&amp;height=440&amp;hash=807\" slate-data-type=\"image\"\/><\/div>\n<div><img decoding=\"async\" class=\"magic-19\" src=\"https:\/\/ae01.alicdn.com\/kf\/Sb68fa86a5a5b4e41a904ac1b12085a9dO.jpg?width=800&amp;height=821&amp;hash=1621\" slate-data-type=\"image\"\/><\/div>\n<\/div>\n<\/div>\n<\/div>\n<\/div>\n<\/div>\n<div>\n<div>\n<div>\n<div>\n<div>\n<div><img decoding=\"async\" class=\"magic-21\" src=\"https:\/\/ae01.alicdn.com\/kf\/Sda9961bdf7ed4e369d1a0dfc85d45994I.jpg?width=1400&amp;height=1596&amp;hash=2996\" slate-data-type=\"image\"\/><\/div>\n<\/div>\n<\/div>\n<\/div>\n<\/div>\n<\/div>\n<div>\n<div id=\"ali-anchor-AliMagic-8z4j3s\">Ettev\u00f5tte profiil<\/div>\n<\/div>\n<div>\n<div>\u00a0<\/div>\n<div>\n<div>\n<div>\u00a0<\/div>\n<div>E-ONE on ettev\u00f5te, mis tegeleb peamiselt uute energiatoodete ekspordiga. Ettev\u00f5te asub Anhui provintsi pealinnas Hefeis. E-ONE <strong>on ametlikult volitatud <\/strong>l\u00e4bi tuntud t\u00f6\u00f6stusbr\u00e4ndide, n\u00e4iteks <strong>Segway-Ninebot, Intex, DYU, HIMO, Kugoo<\/strong> ja m\u00f5ned teised tuntud ettev\u00f5tted. Peamiselt h\u00f5lmab meie t\u00e4ielik valik j\u00e4tkusuutlikke rohelisi ja puhtaid tooteid alates <strong>elektrilised t\u00f5ukerattad, elektrilised tasakaaluliikurid, elektrilised \u00fcherattalised,<\/strong> <span><strong>elektrilised kardis\u00f5iduautod<\/strong><\/span> <strong>, elektrilised jalgrattad, elektrilised mootorrattad<\/strong>K\u00f5ikide saadaolevate seotud sertifikaatidega, mis kindlasti paneb meid oma kvaliteedile orienteeritud tooteid kogu maailmas m\u00fc\u00fcma.<\/div>\n<\/div>\n<\/div>\n<\/div>\n<div>\n<div>\u00a0<\/div>\n<div>\n<div><img decoding=\"async\" class=\"magic-30\" src=\"https:\/\/ae01.alicdn.com\/kf\/Sd01d98a5d2e34d649f49394465343dbe4.jpg?width=693&amp;height=978&amp;hash=1671\" slate-data-type=\"image\"\/><\/div>\n<div><img decoding=\"async\" class=\"magic-32\" src=\"https:\/\/ae01.alicdn.com\/kf\/S3674a5ba838d4dd18bd1e5064ce9acd0Y.jpg?width=696&amp;height=980&amp;hash=1676\" slate-data-type=\"image\"\/><\/div>\n<\/div>\n<\/div>\n<div>\n<div id=\"ali-anchor-AliMagic-2wqzal\">N\u00e4itus<\/div>\n<\/div>\n<div>\n<div>\n<div>\n<div>\n<div>\n<div><img decoding=\"async\" class=\"magic-34\" src=\"https:\/\/ae01.alicdn.com\/kf\/Scc76444e41d347fbad43d728c374f28cx.jpg?width=940&amp;height=562&amp;hash=1502\" slate-data-type=\"image\"\/><\/div>\n<\/div>\n<\/div>\n<\/div>\n<\/div>\n<\/div>\n<div>\n<div id=\"ali-anchor-AliMagic-x6mm58\">Toote pakend<\/div>\n<\/div>\n<div>\n<div>\n<div>\n<div>\n<div>\n<div><img decoding=\"async\" class=\"magic-37\" src=\"https:\/\/ae01.alicdn.com\/kf\/S603c352f31ec4ee7928249922cde2535G.jpg?width=1280&amp;height=960&amp;hash=2240\" slate-data-type=\"image\"\/><\/div>\n<div><img decoding=\"async\" class=\"magic-39\" src=\"https:\/\/ae01.alicdn.com\/kf\/S95bfd1d7a07f4f3d9b400cf282483639t.jpg?width=800&amp;height=800&amp;hash=1600\" slate-data-type=\"image\"\/><\/div>\n<\/div>\n<div><img decoding=\"async\" class=\"magic-41\" src=\"https:\/\/ae01.alicdn.com\/kf\/Sf819f886e9ee42da834170d7fbd1b7ach.jpg?width=600&amp;height=800&amp;hash=1400\" slate-data-type=\"image\"\/><\/div>\n<\/div>\n<\/div>\n<\/div>\n<\/div>\n<div>\n<div>\n<div>\n<div>\n<div>\n<div><img decoding=\"async\" class=\"magic-43\" src=\"https:\/\/ae01.alicdn.com\/kf\/S84939f2b10d24bd89ebbf28984b35e9cV.jpg?width=600&amp;height=800&amp;hash=1400\" slate-data-type=\"image\"\/><\/div>\n<\/div>\n<div>\n<div>\n<div>\n<div>\u00a0<\/div>\n<div>\u00a0<\/div>\n<div>\u00a0<\/div>\n<div>\u00a0<\/div>\n<div><span><strong>Teie kaupade ohutuse paremaks tagamiseks pakume professionaalseid, keskkonnas\u00f5bralikke, mugavaid ja t\u00f5husaid pakkimisteenuseid.<br \/>pakutakse.<\/strong><\/span><\/div>\n<\/div>\n<\/div>\n<\/div>\n<\/div>\n<\/div>\n<\/div>\n<\/div>\n<div>\n<div id=\"ali-anchor-AliMagic-ekf6x0\">KKK<\/div>\n<\/div>\n<div>\n<div>\n<div>\n<h3 class=\"magic-45\"><\/h3>\n<div>\n<div>\n<div><strong>K<\/strong>: Kas olete tootja? <strong>A<\/strong>Jah, me oleme tootjad. Pakume OEM\/ODM-i kohandatud teenust vastavalt klientide erinevatele rakendustele ja n\u00f5udmistele. K\u00f5ik meie tooted on t\u00e4ielikult patenteeritud, disaini, riist- ja tarkvara, vormimise ja montaa\u017ei teeb meie enda meeskond. <strong>K<\/strong>: Milline on minimaalne tellimus (MOQ)? <strong>A<\/strong>Standardtoodete puhul aktsepteerime \u00fchte \u00fchikut. Vajadusel saame seda isegi teie logoga kohandada. Kui vajate OEM-i, vaatame \u00fcksikasjalikke n\u00f5udeid ja kinnitame teile meie m\u00fc\u00fcgiosakonna poolt minimaalse tellimuse koguse. <strong>K<\/strong>: Kas me saame tasuta proovi? <strong>A<\/strong>Vabandust, \u00fcldiselt me tasuta n\u00e4idist ei paku. Kui klient kinnitab spetsifikatsiooni ja hinna, saab ta esmalt tellida n\u00e4idise testimiseks ja hindamiseks. <strong>K<\/strong>: Kuidas tellida ja maksta? <strong>A<\/strong>Aktsepteerime T\/T (panga\u00fclekanne), Alibaba online&#039;i, Western Union 1 Trade Assurance&#039;i <strong>K<\/strong>: Milline on teie toote garantii? <strong>A<\/strong>: Pakume 24-kuulist garantiid p\u00e4rast saatmist. <strong>K<\/strong>: Kui kaua kohaletoimetamine aega v\u00f5tab? <strong>A<\/strong>Tootmise tarneaeg on umbes 3\u201310 p\u00e4eva, olenevalt vajadusest, ja DHL\/UPS\/FEDEX\/TNT saatmisaeg on umbes 3\u20137 t\u00f6\u00f6p\u00e4eva. M\u00f5nedes kaugemates kohtades v\u00f5ib tarneaeg olla veidi pikem. <strong>K<\/strong> Kuidas seadet parandada, kui sellega peaks probleeme tekkima? <strong>A<\/strong>Pakume probleemi lahendamiseks veebis tehnilist tuge; Riistvaraprobleemi korral v\u00f5ime saata osad v\u00f5i komponendid ja \u00f5petada klienti neid paigaldama, kui neil on tehnik v\u00f5i nad saavad meile ka probleemi lahendamiseks tagasi saata. <strong>K<\/strong>: Kas saate meie toodet kohandada ja levitada? <strong>A<\/strong>: Oleme professionaalne e-jalgrataste tootja, kellel on 8-aastane tootmiskogemus. Toetame toodete kohandamist, levitamist ja hulgim\u00fc\u00fcki.<\/div>\n<\/div>\n<\/div>\n<\/div>\n<\/div>\n<\/div>\n<\/div>\n<\/div>\n<\/div>\n<p><\/p>","protected":false},"excerpt":{"rendered":"<p>Model Number:&nbsp;x8 Category:&nbsp;Two-wheel Scooter Applicable People:&nbsp;WOMEN Range Per Charge:&nbsp;40-60km Charging Time:&nbsp;6-8h Voltage:&nbsp;36v Folded:&nbsp;YES Origin:&nbsp;Mainland China Power (W):&nbsp;201-500W Place of Origin:&nbsp;Guangdong, China Brand:&nbsp;Kixin Model Number:&nbsp;X8 Charging Time:&nbsp;5-6h Foldable:&nbsp;Yes Range Per Charge:&nbsp;40-60km<\/p>","protected":false},"featured_media":8464,"comment_status":"open","ping_status":"closed","template":"","meta":{"_acf_changed":false},"product_brand":[],"product_cat":[469],"product_tag":[],"class_list":{"0":"post-8462","1":"product","2":"type-product","3":"status-publish","4":"has-post-thumbnail","6":"product_cat-electric-city-scooters","8":"first","9":"instock","10":"shipping-taxable","11":"purchasable","12":"product-type-variable"},"acf":[],"_links":{"self":[{"href":"https:\/\/www.electricstore.eu\/et\/wp-json\/wp\/v2\/product\/8462","targetHints":{"allow":["GET"]}}],"collection":[{"href":"https:\/\/www.electricstore.eu\/et\/wp-json\/wp\/v2\/product"}],"about":[{"href":"https:\/\/www.electricstore.eu\/et\/wp-json\/wp\/v2\/types\/product"}],"replies":[{"embeddable":true,"href":"https:\/\/www.electricstore.eu\/et\/wp-json\/wp\/v2\/comments?post=8462"}],"wp:featuredmedia":[{"embeddable":true,"href":"https:\/\/www.electricstore.eu\/et\/wp-json\/wp\/v2\/media\/8464"}],"wp:attachment":[{"href":"https:\/\/www.electricstore.eu\/et\/wp-json\/wp\/v2\/media?parent=8462"}],"wp:term":[{"taxonomy":"product_brand","embeddable":true,"href":"https:\/\/www.electricstore.eu\/et\/wp-json\/wp\/v2\/product_brand?post=8462"},{"taxonomy":"product_cat","embeddable":true,"href":"https:\/\/www.electricstore.eu\/et\/wp-json\/wp\/v2\/product_cat?post=8462"},{"taxonomy":"product_tag","embeddable":true,"href":"https:\/\/www.electricstore.eu\/et\/wp-json\/wp\/v2\/product_tag?post=8462"}],"curies":[{"name":"wp","href":"https:\/\/api.w.org\/{rel}","templated":true}]}}