{"id":8387,"date":"2025-05-19T20:30:27","date_gmt":"2025-05-19T20:30:27","guid":{"rendered":"https:\/\/electricstore.eu\/product\/uncategorized\/humsienk-12v-200ah-2560wh\/"},"modified":"2025-05-21T05:39:57","modified_gmt":"2025-05-21T05:39:57","slug":"humsienk-12v-200ah-2560wh","status":"publish","type":"product","link":"https:\/\/www.electricstore.eu\/et\/p\/batteries\/lifepo4-batteries\/100-200ah-lifepo4-batteries\/humsienk-12v-200ah-2560wh\/","title":{"rendered":"Humsienk 200Ah 12V LiFePO4 aku"},"content":{"rendered":"<div class=\"product-specs-list-container\">\n<ul class=\"product-specs-list util-clearfix\">\n<li class=\"product-prop line-limit-length\"><span\n                                        class=\"property-title\">K\u00f5rge riskiga kemikaal:&nbsp;<\/span><span\n                                        class=\"property-desc line-limit-length\">Puudub<\/span>\n                            <\/li>\n<li class=\"product-prop line-limit-length\"><span\n                                        class=\"property-title\">Nimimaht:&nbsp;<\/span><span\n                                        class=\"property-desc line-limit-length\">200Ah<\/span>\n                            <\/li>\n<li class=\"product-prop line-limit-length\"><span\n                                        class=\"property-title\">Kaal:&nbsp;<\/span><span\n                                        class=\"property-desc line-limit-length\">45,20 naela \/ 20,5 kg<\/span>\n                            <\/li>\n<li class=\"product-prop line-limit-length\"><span\n                                        class=\"property-title\">Pinge:&nbsp;<\/span><span\n                                        class=\"property-desc line-limit-length\">12,8 V<\/span>\n                            <\/li>\n<li class=\"product-prop line-limit-length\"><span\n                                        class=\"property-title\">Suurus:&nbsp;<\/span><span\n                                        class=\"property-desc line-limit-length\">21,0 x 8,2 x 8,5 tolli<\/span>\n                            <\/li>\n<li class=\"product-prop line-limit-length\"><span\n                                        class=\"property-title\">Rakendus:&nbsp;<\/span><span\n                                        class=\"property-desc line-limit-length\">Mitmek\u00fclgne<\/span>\n                            <\/li>\n<li class=\"product-prop line-limit-length\"><span\n                                        class=\"property-title\">Mudelinumber:&nbsp;<\/span><span\n                                        class=\"property-desc line-limit-length\">12 V 200 Ah<\/span>\n                            <\/li>\n<li class=\"product-prop line-limit-length\"><span\n                                        class=\"property-title\">T\u00fc\u00fcp:&nbsp;<\/span><span\n                                        class=\"property-desc line-limit-length\">LiFePO4<\/span>\n                            <\/li>\n<li class=\"product-prop line-limit-length\"><span\n                                        class=\"property-title\">Br\u00e4ndi nimi:&nbsp;<\/span><span\n                                        class=\"property-desc line-limit-length\">Humsienk<\/span>\n                            <\/li>\n<li class=\"product-prop line-limit-length\"><span\n                                        class=\"property-title\">P\u00e4ritolu:&nbsp;<\/span><span\n                                        class=\"property-desc line-limit-length\">Mandri-Hiina<\/span>\n                            <\/li>\n<li class=\"product-prop line-limit-length\"><span\n                                        class=\"property-title\">Nimipinge:&nbsp;<\/span><span\n                                        class=\"property-desc line-limit-length\">Teised<\/span>\n                            <\/li>\n<li class=\"product-prop line-limit-length\"><span\n                                        class=\"property-title\">Veekindluse hinnang:&nbsp;<\/span><span\n                                        class=\"property-desc line-limit-length\">IP65<\/span>\n                            <\/li>\n<li class=\"product-prop line-limit-length\"><span\n                                        class=\"property-title\">Garantii:&nbsp;<\/span><span\n                                        class=\"property-desc line-limit-length\">5 aastat<\/span>\n                            <\/li>\n<li class=\"product-prop line-limit-length\"><span\n                                        class=\"property-title\">Energia:&nbsp;<\/span><span\n                                        class=\"property-desc line-limit-length\">2560Wh<\/span>\n                            <\/li>\n<\/ul><\/div>\n<p style=\"font-family:&quot;TT Norms Pro&quot;, &quot;Open Sans&quot;, Roboto, Arial, Helvetica, sans-serif, SimSun;font-size:14px;font-weight:400;letter-spacing:normal;line-height:inherit;text-align:start;white-space:normal;color:rgb(34, 34, 34);background-color:rgb(255, 255, 255);margin:0px;margin-bottom:0px;margin-top:0px;margin-left:0px;margin-right:0px;padding:0px;padding-bottom:0px;padding-top:0px;padding-left:0px;padding-right:0px;box-sizing:border-box\" align=\"start\"><span style=\"color:rgb(244, 78, 59);font-size:22px;font-family:arial, helvetica, sans-serif\"><strong>Palun arvestage:<\/strong><\/span><\/p>\n<p style=\"font-family:&quot;TT Norms Pro&quot;, &quot;Open Sans&quot;, Roboto, Arial, Helvetica, sans-serif, SimSun;font-size:14px;font-weight:400;letter-spacing:normal;line-height:inherit;text-align:start;white-space:normal;color:rgb(34, 34, 34);background-color:rgb(255, 255, 255);margin:0px;margin-bottom:0px;margin-top:0px;margin-left:0px;margin-right:0px;padding:0px;padding-bottom:0px;padding-top:0px;padding-left:0px;padding-right:0px;box-sizing:border-box\" align=\"start\"><u><span style=\"color:rgb(244, 78, 59);font-size:22px;font-family:arial, helvetica, sans-serif\"><strong>Hetkel me EI saada Alaskale, Hawaiile ja Puerto Ricosse!!<\/strong><\/span><\/u><\/p>\n<p><\/p>\n<p><strong><span style=\"font-size:18px\">Autot\u00f6\u00f6stuse A+ klassi LiFePO4 elemendid: <\/span><\/strong><\/p>\n<p><span style=\"font-size:18px\">Meie patareid on valmistatud ohutust, mittetoksilisest ja keskkonnas\u00f5bralikust 100% energiast, pakkudes suuremat keemilist stabiilsust, tagades kvaliteedi ja ohutuse.<\/span><\/p>\n<p><\/p>\n<p><strong><span style=\"font-size:18px\">Pikk eluiga ja s\u00fcgav t\u00fchjenemine: <\/span><\/strong><\/p>\n<p><span style=\"font-size:18px\">See aku pakub 5000 kuni 15 000 ts\u00fcklit 10-aastase elueaga, \u00fcletades oluliselt pliiakude eluiga kuni viis korda, toetades samal ajal 100% t\u00fchjenemiss\u00fcgavust (DOD).<\/span><\/p>\n<p><\/p>\n<p><strong><span style=\"font-size:18px\">Kerge ja suure mahutavusega: <\/span><\/strong><\/p>\n<p><span style=\"font-size:18px\">Kaaludes vaid 45,20 naela (umbes 20,3 kg), on see aku vaid kolmandiku v\u00f5rra kergem kui pliiakud, energiatihedusega 56,63 Wh\/nael (umbes 56,63 Wh\/nael). See sobib ideaalselt haagissuvilatele, trollimismootoritele, mere- ja v\u00f5rguv\u00e4listele rakendustele.<\/span><\/p>\n<p><\/p>\n<p><span style=\"font-size:18px\"><strong>Suur energiav\u00e4ljund: <\/strong><\/span><\/p>\n<p><span style=\"font-size:18px\">\u00dcks Humsienki 12V 200Ah aku pakub sama palju energiat kui kaks 12V 100Ah liitiumakut, andes 2,56 kWh energiat. See toetab kuni 4P4S \u00fchendust, mis v\u00f5imaldab teil luua 48V 800Ah akupanga 38,4 kWh energiaga, et lihtsustada s\u00fcsteemi seadistamist ja tagada usaldusv\u00e4\u00e4rne varutoide.<\/span><\/p>\n<p><\/p>\n<p><span style=\"font-size:18px\"><strong>P\u00f5hjalik kaitse: <\/strong><\/span><\/p>\n<p><span style=\"font-size:18px\">Sisseehitatud 200A BMS tagab t\u00e4ieliku kaitse \u00fclelaadimise, \u00fclet\u00fchjenemise, \u00fclevoolu, k\u00f5rge temperatuuri ja l\u00fchise eest.<\/span><\/p>\n<p><\/p>\n<p><span style=\"font-size:18px\"><strong>T\u00f6\u00f6temperatuur: <\/strong><\/span><\/p>\n<p><span style=\"font-size:18px\">Laadimine: 0\u00b0C~50\u00b0C; T\u00fchjendamine: -20\u00b0C~55\u00b0C.<\/span><\/p>\n<p><\/p>\n<p><span style=\"font-size:18px\"><strong>Kiire laadimine: <\/strong><\/span><\/p>\n<p><span style=\"font-size:18px\">Optimaalse j\u00f5udluse tagamiseks on soovitatav kasutada spetsiaalset 12 V 20 A liitiumaku laadijat, mis laeb aku t\u00e4ielikult 10 tunniga.<\/span><\/p>\n<p><\/p>\n<p><span style=\"font-size:18px\"><strong>Usaldusv\u00e4\u00e4rne kvaliteet ja tugi: <\/strong><\/span><\/p>\n<p><span style=\"font-size:18px\">Humsienki akudele kehtib 5-aastane tasuta garantii ja eluaegne tehniline tugi. Meie p\u00fchendunud tugimeeskond on valmis teid aitama k\u00f5igi k\u00fcsimuste v\u00f5i muredega, tagades teie rahulolu meie m\u00fc\u00fcgij\u00e4rgse teenindusega.<\/span><\/p>\n<p><img decoding=\"async\" src=\"https:\/\/ae01.alicdn.com\/kf\/S1fac32fcef384e9eb1ca82daaf1d1fd5r.jpg\" slate-data-type=\"image\"\/><img decoding=\"async\" src=\"https:\/\/ae01.alicdn.com\/kf\/S6fada2562b9a442082f35c1a7e30e94ek.jpg\" slate-data-type=\"image\"\/><img decoding=\"async\" src=\"https:\/\/ae01.alicdn.com\/kf\/Sec3163d73c474a368be4dd3162271ce4z.jpg\" slate-data-type=\"image\"\/><img decoding=\"async\" src=\"https:\/\/ae01.alicdn.com\/kf\/Scd29b807162c4b2c87f15535c642cfeea.jpg\" slate-data-type=\"image\"\/><img decoding=\"async\" src=\"https:\/\/ae01.alicdn.com\/kf\/S6f4ac116b3cc4bcea3506fe550ee63786.jpg\" slate-data-type=\"image\"\/><img decoding=\"async\" src=\"https:\/\/ae01.alicdn.com\/kf\/Sdd8defcc116d40d2bbed41da8a4cbe48o.jpg\" slate-data-type=\"image\"\/><\/p>","protected":false},"excerpt":{"rendered":"<p>Hign-concerned Chemical:&nbsp;None Nominal Capacity:&nbsp;200Ah Weight:&nbsp;45.20lbs \/ 20.5kg Voltage:&nbsp;12.8V Size:&nbsp;21.0 x 8.2x 8.5 Inches Application:&nbsp;Versatile Model Number:&nbsp;12V 200Ah Type:&nbsp;LiFePO4 Brand Name:&nbsp;Humsienk Origin:&nbsp;Mainland China Rated Voltage:&nbsp;Others Waterproof Rating:&nbsp;IP65 Warranty:&nbsp;5 years Energy:&nbsp;2560Wh Please<\/p>","protected":false},"featured_media":8389,"comment_status":"open","ping_status":"closed","template":"","meta":{"_acf_changed":false},"product_brand":[],"product_cat":[237],"product_tag":[],"class_list":{"0":"post-8387","1":"product","2":"type-product","3":"status-publish","4":"has-post-thumbnail","6":"product_cat-100-200ah-lifepo4-batteries","8":"first","9":"instock","10":"shipping-taxable","11":"purchasable","12":"product-type-variable"},"acf":[],"_links":{"self":[{"href":"https:\/\/www.electricstore.eu\/et\/wp-json\/wp\/v2\/product\/8387","targetHints":{"allow":["GET"]}}],"collection":[{"href":"https:\/\/www.electricstore.eu\/et\/wp-json\/wp\/v2\/product"}],"about":[{"href":"https:\/\/www.electricstore.eu\/et\/wp-json\/wp\/v2\/types\/product"}],"replies":[{"embeddable":true,"href":"https:\/\/www.electricstore.eu\/et\/wp-json\/wp\/v2\/comments?post=8387"}],"wp:featuredmedia":[{"embeddable":true,"href":"https:\/\/www.electricstore.eu\/et\/wp-json\/wp\/v2\/media\/8389"}],"wp:attachment":[{"href":"https:\/\/www.electricstore.eu\/et\/wp-json\/wp\/v2\/media?parent=8387"}],"wp:term":[{"taxonomy":"product_brand","embeddable":true,"href":"https:\/\/www.electricstore.eu\/et\/wp-json\/wp\/v2\/product_brand?post=8387"},{"taxonomy":"product_cat","embeddable":true,"href":"https:\/\/www.electricstore.eu\/et\/wp-json\/wp\/v2\/product_cat?post=8387"},{"taxonomy":"product_tag","embeddable":true,"href":"https:\/\/www.electricstore.eu\/et\/wp-json\/wp\/v2\/product_tag?post=8387"}],"curies":[{"name":"wp","href":"https:\/\/api.w.org\/{rel}","templated":true}]}}