{"id":8357,"date":"2025-05-19T20:30:14","date_gmt":"2025-05-19T20:30:14","guid":{"rendered":"https:\/\/electricstore.eu\/product\/uncategorized\/humsienk-12v-100ah\/"},"modified":"2025-05-21T05:39:57","modified_gmt":"2025-05-21T05:39:57","slug":"humsienk-12v-100ah","status":"publish","type":"product","link":"https:\/\/www.electricstore.eu\/et\/p\/batteries\/lifepo4-batteries\/100-200ah-lifepo4-batteries\/humsienk-12v-100ah\/","title":{"rendered":"Humsienk 100Ah 12V LiFePO4 aku"},"content":{"rendered":"<div class=\"product-specs-list-container\">\n<ul class=\"product-specs-list util-clearfix\">\n<li class=\"product-prop line-limit-length\"><span\n                                        class=\"property-title\">K\u00f5rge riskiga kemikaal:&nbsp;<\/span><span\n                                        class=\"property-desc line-limit-length\">Puudub<\/span>\n                            <\/li>\n<li class=\"product-prop line-limit-length\"><span\n                                        class=\"property-title\">Nimimaht:&nbsp;<\/span><span\n                                        class=\"property-desc line-limit-length\">100Ah<\/span>\n                            <\/li>\n<li class=\"product-prop line-limit-length\"><span\n                                        class=\"property-title\">Kaal:&nbsp;<\/span><span\n                                        class=\"property-desc line-limit-length\">23,0 naela \/ 10,5 kg<\/span>\n                            <\/li>\n<li class=\"product-prop line-limit-length\"><span\n                                        class=\"property-title\">Pinge:&nbsp;<\/span><span\n                                        class=\"property-desc line-limit-length\">12,8 V<\/span>\n                            <\/li>\n<li class=\"product-prop line-limit-length\"><span\n                                        class=\"property-title\">Suurus:&nbsp;<\/span><span\n                                        class=\"property-desc line-limit-length\">10,2 x 6,6 x 8,2 tolli<\/span>\n                            <\/li>\n<li class=\"product-prop line-limit-length\"><span\n                                        class=\"property-title\">Rakendus:&nbsp;<\/span><span\n                                        class=\"property-desc line-limit-length\">V\u00e4listingimustes kasutatav toiteallikas<\/span>\n                            <\/li>\n<li class=\"product-prop line-limit-length\"><span\n                                        class=\"property-title\">Mudelinumber:&nbsp;<\/span><span\n                                        class=\"property-desc line-limit-length\">12V100Ah<\/span>\n                            <\/li>\n<li class=\"product-prop line-limit-length\"><span\n                                        class=\"property-title\">T\u00fc\u00fcp:&nbsp;<\/span><span\n                                        class=\"property-desc line-limit-length\">LiFePO4<\/span>\n                            <\/li>\n<li class=\"product-prop line-limit-length\"><span\n                                        class=\"property-title\">Br\u00e4ndi nimi:&nbsp;<\/span><span\n                                        class=\"property-desc line-limit-length\">Humsienk<\/span>\n                            <\/li>\n<li class=\"product-prop line-limit-length\"><span\n                                        class=\"property-title\">P\u00e4ritolu:&nbsp;<\/span><span\n                                        class=\"property-desc line-limit-length\">Mandri-Hiina<\/span>\n                            <\/li>\n<li class=\"product-prop line-limit-length\"><span\n                                        class=\"property-title\">Nimipinge:&nbsp;<\/span><span\n                                        class=\"property-desc line-limit-length\">Teised<\/span>\n                            <\/li>\n<li class=\"product-prop line-limit-length\"><span\n                                        class=\"property-title\">Garantii:&nbsp;<\/span><span\n                                        class=\"property-desc line-limit-length\">5 aastat<\/span>\n                            <\/li>\n<li class=\"product-prop line-limit-length\"><span\n                                        class=\"property-title\">Veekindluse hinnang:&nbsp;<\/span><span\n                                        class=\"property-desc line-limit-length\">IP65<\/span>\n                            <\/li>\n<\/ul><\/div>\n<p style=\"font-family:&quot;TT Norms Pro&quot;, &quot;Open Sans&quot;, Roboto, Arial, Helvetica, sans-serif, SimSun;font-size:14px;font-weight:400;letter-spacing:normal;line-height:inherit;text-align:start;white-space:normal;color:rgb(34, 34, 34);margin:0px;margin-bottom:0px;margin-top:0px;margin-left:0px;margin-right:0px;padding:0px;padding-bottom:0px;padding-top:0px;padding-left:0px;padding-right:0px;box-sizing:border-box\" align=\"start\"><span style=\"color:rgb(244, 78, 59);font-size:22px;font-family:arial, helvetica, sans-serif\"><strong>Palun arvestage:<\/strong><\/span><\/p>\n<p style=\"font-family:&quot;TT Norms Pro&quot;, &quot;Open Sans&quot;, Roboto, Arial, Helvetica, sans-serif, SimSun;font-size:14px;font-weight:400;letter-spacing:normal;line-height:inherit;text-align:start;white-space:normal;color:rgb(34, 34, 34);margin:0px;margin-bottom:0px;margin-top:0px;margin-left:0px;margin-right:0px;padding:0px;padding-bottom:0px;padding-top:0px;padding-left:0px;padding-right:0px;box-sizing:border-box\" align=\"start\"><span style=\"color:rgb(244, 78, 59);font-size:22px;font-family:arial, helvetica, sans-serif\"><strong>Hetkel me EI saada Alaskale, Hawaiile ja Puerto Ricosse!!<\/strong><\/span><\/p>\n<p><\/p>\n<p><strong><span style=\"color:rgb(77, 77, 77);font-size:20px;font-family:arial, helvetica, sans-serif\">Suur j\u00f5udlus: <\/span><\/strong><\/p>\n<p><span style=\"color:rgb(77, 77, 77);font-size:20px;font-family:arial, helvetica, sans-serif\">Humsienki LiFePO4 aku mahutavus on 100 Ah ja standardpinge 12,8 V. A+ klassi elementidega on sellel muljetavaldav eluiga, mis ulatub kuni 20 000 ts\u00fcklini. SDS\/UN38.3\/FCC\/CE\/ROHS sertifikaadid tagavad selle kvaliteedi ja ohutuse.<\/span><\/p>\n<p><\/p>\n<p><strong><span style=\"color:rgb(77, 77, 77);font-size:20px;font-family:arial, helvetica, sans-serif\">Sisseehitatud BMS-kaitse: <\/span><\/strong><\/p>\n<p><span style=\"color:rgb(77, 77, 77);font-size:20px;font-family:arial, helvetica, sans-serif\">Sellel liitiumakul on sisseehitatud 100A BMS-kaitseplaat, mis l\u00fclitub automaatselt v\u00e4lja, kui t\u00fchjendusvool \u00fcletab 300\u00b150A, pakkudes seega suuremat ohutust.<\/span><\/p>\n<p><\/p>\n<p><strong><span style=\"color:rgb(77, 77, 77);font-size:20px;font-family:arial, helvetica, sans-serif\">Kompaktne disain: <\/span><\/strong><\/p>\n<p><span style=\"color:rgb(77, 77, 77);font-size:20px;font-family:arial, helvetica, sans-serif\">M\u00f5\u00f5tudega 10,2 \u00d7 6,6 \u00d7 8,2 tolli (26 \u00d7 17 \u00d7 21 cm) ja kaaluga 23,2 naela (10,5 kg), maksimeerib meie aku energiatihedust, s\u00e4ilitades samal ajal oma j\u00f5udluse. Selle kompaktne vorm s\u00e4\u00e4stab ruumi ja pakub paindlikku paigaldamist.<\/span><\/p>\n<p><\/p>\n<p><strong><span style=\"color:rgb(77, 77, 77);font-size:20px;font-family:arial, helvetica, sans-serif\">Temperatuurikindlus: <\/span><\/strong><\/p>\n<p><span style=\"color:rgb(77, 77, 77);font-size:20px;font-family:arial, helvetica, sans-serif\">Aku t\u00f6\u00f6tab sujuvalt temperatuurivahemikus -4\u00b0F (-20\u00b0C) kuni 158\u00b0F (70\u00b0C) ning sellel on automaatne v\u00e4ljal\u00fclitus alla -4\u00b0F (-20\u00b0C) temperatuuri juures, et tagada lisakaitse ja pikaealisus.<\/span><\/p>\n<p><\/p>\n<p><strong><span style=\"color:rgb(77, 77, 77);font-size:20px;font-family:arial, helvetica, sans-serif\">Seeria- v\u00f5i paralleel\u00fchendus: <\/span><\/strong><\/p>\n<p><span style=\"color:rgb(77, 77, 77);font-size:20px;font-family:arial, helvetica, sans-serif\">\u00dchendage h\u00f5lpsalt kuni 4 akut j\u00e4rjestikku v\u00f5i paralleelselt, saavutades koguv\u00f5imsuse kuni 20,48 kWh. Kohandage oma toitelahendust vastavalt oma vajadustele.<\/span><\/p>\n<p><\/p>\n<p><strong><span style=\"color:rgb(77, 77, 77);font-size:20px;font-family:arial, helvetica, sans-serif\">Ideaalne sobivus: <\/span><\/strong><\/p>\n<p><span style=\"color:rgb(77, 77, 77);font-size:20px;font-family:arial, helvetica, sans-serif\">Meie 100Ah LiFePO4 aku, mis on loodud sujuvalt sobima Group-24 akukastiga, v\u00e4listab vajaduse suurema kasti j\u00e4rele, lihtsustades paigaldamist.<\/span><\/p>\n<p><\/p>\n<p><strong><span style=\"color:rgb(77, 77, 77);font-size:20px;font-family:arial, helvetica, sans-serif\">5-aastane garantii ja tugi: <\/span><\/strong><\/p>\n<p><span style=\"color:rgb(77, 77, 77);font-size:20px;font-family:arial, helvetica, sans-serif\">Teie rahulolu on meie jaoks esmat\u00e4htis. K\u00fcsimuste v\u00f5i murede korral v\u00f5tke meiega \u00fchendust. Meie toodetele kehtib teie meelerahu tagamiseks 5-aastane garantii.<\/span><\/p>\n<p style=\"font-family:&quot;TT Norms Pro&quot;, &quot;Open Sans&quot;, Roboto, Arial, Helvetica, sans-serif, SimSun;font-size:14px;font-weight:400;letter-spacing:normal;line-height:inherit;text-align:start;white-space:normal;color:rgb(34, 34, 34);margin:0px;margin-bottom:0px;margin-top:0px;margin-left:0px;margin-right:0px;padding:0px;padding-bottom:0px;padding-top:0px;padding-left:0px;padding-right:0px;box-sizing:border-box\" align=\"start\"><img decoding=\"async\" src=\"https:\/\/ae01.alicdn.com\/kf\/S3b6622bab01844e0924121e3a713e4ea8.jpg\" slate-data-type=\"image\"\/><img decoding=\"async\" src=\"https:\/\/ae01.alicdn.com\/kf\/Se276861c5c014f5db652d77b80308820I.jpg\" slate-data-type=\"image\"\/><img decoding=\"async\" src=\"https:\/\/ae01.alicdn.com\/kf\/S9f6e8c9325bc4db4a7947b814463ba3dm.jpg\" slate-data-type=\"image\"\/><img decoding=\"async\" src=\"https:\/\/ae01.alicdn.com\/kf\/See756a9d533c405887c6d54e059141018.jpg\" slate-data-type=\"image\"\/><img decoding=\"async\" src=\"https:\/\/ae01.alicdn.com\/kf\/S86c50d43cb6f4fa8b0a4c03f0805605bF.jpg\" slate-data-type=\"image\"\/><img decoding=\"async\" src=\"https:\/\/ae01.alicdn.com\/kf\/S74dfb4cac7b24c16805630ae37131e458.jpg\" slate-data-type=\"image\"\/><img decoding=\"async\" src=\"https:\/\/ae01.alicdn.com\/kf\/S32a87e08ad9f46929d2b701e5f64b2dfX.jpg\" slate-data-type=\"image\"\/><img decoding=\"async\" src=\"https:\/\/ae01.alicdn.com\/kf\/S5b546ce1fd314df69dd77ea09c507c968.jpg\" slate-data-type=\"image\"\/><img decoding=\"async\" src=\"https:\/\/ae01.alicdn.com\/kf\/S85ecc7bddd764db88a94e084f04a45559.jpg\" slate-data-type=\"image\"\/><\/p>","protected":false},"excerpt":{"rendered":"<p>Hign-concerned Chemical:&nbsp;None Nominal Capacity:&nbsp;100Ah Weight:&nbsp;23.0lbs \/ 10.5kg Voltage:&nbsp;12.8V Size:&nbsp;10.2 x 6.6 x 8.2 inches Application:&nbsp;Outdoor Power Supply Model Number:&nbsp;12V100Ah Type:&nbsp;LiFePO4 Brand Name:&nbsp;Humsienk Origin:&nbsp;Mainland China Rated Voltage:&nbsp;Others Warranty:&nbsp;5 years Waterproof Rating:&nbsp;IP65<\/p>","protected":false},"featured_media":8358,"comment_status":"open","ping_status":"closed","template":"","meta":{"_acf_changed":false},"product_brand":[],"product_cat":[237],"product_tag":[],"class_list":{"0":"post-8357","1":"product","2":"type-product","3":"status-publish","4":"has-post-thumbnail","6":"product_cat-100-200ah-lifepo4-batteries","8":"first","9":"instock","10":"shipping-taxable","11":"purchasable","12":"product-type-variable"},"acf":[],"_links":{"self":[{"href":"https:\/\/www.electricstore.eu\/et\/wp-json\/wp\/v2\/product\/8357","targetHints":{"allow":["GET"]}}],"collection":[{"href":"https:\/\/www.electricstore.eu\/et\/wp-json\/wp\/v2\/product"}],"about":[{"href":"https:\/\/www.electricstore.eu\/et\/wp-json\/wp\/v2\/types\/product"}],"replies":[{"embeddable":true,"href":"https:\/\/www.electricstore.eu\/et\/wp-json\/wp\/v2\/comments?post=8357"}],"wp:featuredmedia":[{"embeddable":true,"href":"https:\/\/www.electricstore.eu\/et\/wp-json\/wp\/v2\/media\/8358"}],"wp:attachment":[{"href":"https:\/\/www.electricstore.eu\/et\/wp-json\/wp\/v2\/media?parent=8357"}],"wp:term":[{"taxonomy":"product_brand","embeddable":true,"href":"https:\/\/www.electricstore.eu\/et\/wp-json\/wp\/v2\/product_brand?post=8357"},{"taxonomy":"product_cat","embeddable":true,"href":"https:\/\/www.electricstore.eu\/et\/wp-json\/wp\/v2\/product_cat?post=8357"},{"taxonomy":"product_tag","embeddable":true,"href":"https:\/\/www.electricstore.eu\/et\/wp-json\/wp\/v2\/product_tag?post=8357"}],"curies":[{"name":"wp","href":"https:\/\/api.w.org\/{rel}","templated":true}]}}