{"id":8328,"date":"2025-05-19T20:30:04","date_gmt":"2025-05-19T20:30:04","guid":{"rendered":"https:\/\/electricstore.eu\/product\/uncategorized\/gaiaray-lifepo4-battery-3-2v-280ah-120ah\/"},"modified":"2025-05-21T05:39:58","modified_gmt":"2025-05-21T05:39:58","slug":"gaiaray-lifepo4-battery-3-2v-280ah-120ah","status":"publish","type":"product","link":"https:\/\/www.electricstore.eu\/et\/p\/batteries\/lifepo4-batteries\/lifepo4-battery-cells\/gaiaray-lifepo4-battery-3-2v-280ah-120ah\/","title":{"rendered":"Gaiaray LF280K 280Ah 3.2V LiFePO4 akuelemendid"},"content":{"rendered":"<div class=\"product-specs-list-container\">\n<ul class=\"product-specs-list util-clearfix\">\n<li class=\"product-prop line-limit-length\"><span\n                                        class=\"property-title\">\u00dchendus:&nbsp;<\/span><span\n                                        class=\"property-desc line-limit-length\">Teised<\/span>\n                            <\/li>\n<li class=\"product-prop line-limit-length\"><span\n                                        class=\"property-title\">K\u00f5rge riskiga kemikaal:&nbsp;<\/span><span\n                                        class=\"property-desc line-limit-length\">Puudub<\/span>\n                            <\/li>\n<li class=\"product-prop line-limit-length\"><span\n                                        class=\"property-title\">Nimimaht:&nbsp;<\/span><span\n                                        class=\"property-desc line-limit-length\">280AH<\/span>\n                            <\/li>\n<li class=\"product-prop line-limit-length\"><span\n                                        class=\"property-title\">Kaal:&nbsp;<\/span><span\n                                        class=\"property-desc line-limit-length\">5,5 kg<\/span>\n                            <\/li>\n<li class=\"product-prop line-limit-length\"><span\n                                        class=\"property-title\">Pinge:&nbsp;<\/span><span\n                                        class=\"property-desc line-limit-length\">3,2 V<\/span>\n                            <\/li>\n<li class=\"product-prop line-limit-length\"><span\n                                        class=\"property-title\">Suurus:&nbsp;<\/span><span\n                                        class=\"property-desc line-limit-length\">173 * 71 * 204 mm<\/span>\n                            <\/li>\n<li class=\"product-prop line-limit-length\"><span\n                                        class=\"property-title\">Rakendus:&nbsp;<\/span><span\n                                        class=\"property-desc line-limit-length\">Haagissuvila, merepaat, veomootor, p\u00e4ikeseenergia salvestamine, v\u00f5rguv\u00e4line p\u00e4ikeseenergia s\u00fcsteem, muu<\/span>\n                            <\/li>\n<li class=\"product-prop line-limit-length\"><span\n                                        class=\"property-title\">Mudelinumber:&nbsp;<\/span><span\n                                        class=\"property-desc line-limit-length\">LF280K<\/span>\n                            <\/li>\n<li class=\"product-prop line-limit-length\"><span\n                                        class=\"property-title\">T\u00fc\u00fcp:&nbsp;<\/span><span\n                                        class=\"property-desc line-limit-length\">LiFePO4<\/span>\n                            <\/li>\n<li class=\"product-prop line-limit-length\"><span\n                                        class=\"property-title\">Br\u00e4ndi nimi:&nbsp;<\/span><span\n                                        class=\"property-desc line-limit-length\">GaiaRay<\/span>\n                            <\/li>\n<li class=\"product-prop line-limit-length\"><span\n                                        class=\"property-title\">P\u00e4ritolu:&nbsp;<\/span><span\n                                        class=\"property-desc line-limit-length\">Mandri-Hiina<\/span>\n                            <\/li>\n<li class=\"product-prop line-limit-length\"><span\n                                        class=\"property-title\">Nimipinge:&nbsp;<\/span><span\n                                        class=\"property-desc line-limit-length\">Teised<\/span>\n                            <\/li>\n<li class=\"product-prop line-limit-length\"><span\n                                        class=\"property-title\">Nimimaht:&nbsp;<\/span><span\n                                        class=\"property-desc line-limit-length\">100AH\/120AH\/280AH<\/span>\n                            <\/li>\n<li class=\"product-prop line-limit-length\"><span\n                                        class=\"property-title\">Kaal:&nbsp;<\/span><span\n                                        class=\"property-desc line-limit-length\">5,6 kg<\/span>\n                            <\/li>\n<li class=\"product-prop line-limit-length\"><span\n                                        class=\"property-title\">M\u00f5\u00f5tmed:&nbsp;<\/span><span\n                                        class=\"property-desc line-limit-length\">173 * 71 * 204 mm<\/span>\n                            <\/li>\n<li class=\"product-prop line-limit-length\"><span\n                                        class=\"property-title\">Laadimise\/t\u00fchjendamise piirpinge::&nbsp;<\/span><span\n                                        class=\"property-desc line-limit-length\">3,65 V\/2,5 V<\/span>\n                            <\/li>\n<li class=\"product-prop line-limit-length\"><span\n                                        class=\"property-title\">Kruvi suurus:&nbsp;<\/span><span\n                                        class=\"property-desc line-limit-length\">M6<\/span>\n                            <\/li>\n<li class=\"product-prop line-limit-length\"><span\n                                        class=\"property-title\">Ts\u00fckli eluiga:&nbsp;<\/span><span\n                                        class=\"property-desc line-limit-length\">8000 ts\u00fcklit<\/span>\n                            <\/li>\n<li class=\"product-prop line-limit-length\"><span\n                                        class=\"property-title\">Sobib s\u00fcsteemile:&nbsp;<\/span><span\n                                        class=\"property-desc line-limit-length\">12V 24V 48V 72V 96V 108V p\u00e4ikeseenergia salvestuss\u00fcsteem<\/span>\n                            <\/li>\n<li class=\"product-prop line-limit-length\"><span\n                                        class=\"property-title\">Taotlus:&nbsp;<\/span><span\n                                        class=\"property-desc line-limit-length\">Haagissuvilad Kaubikud Haagissuvilad Elektripaadid Jahid Golfik\u00e4rud Kahvelt\u00f5stukid P\u00e4ikesepatareid<\/span>\n                            <\/li>\n<li class=\"product-prop line-limit-length\"><span\n                                        class=\"property-title\">EVE 280AH elup\u00e4\u00e4stja 4:&nbsp;<\/span><span\n                                        class=\"property-desc line-limit-length\">CTAL 120AH Lifepo4 aku<\/span>\n                            <\/li>\n<li class=\"product-prop line-limit-length\"><span\n                                        class=\"property-title\">100ah on juba v\u00e4lja m\u00fc\u00fcdud, palun \u00e4rge tellimust esitage.&nbsp;<\/span><span\n                                        class=\"property-desc line-limit-length\">100ah on juba v\u00e4lja m\u00fc\u00fcdud, palun \u00e4rge tellimust esitage.<\/span>\n                            <\/li>\n<\/ul><\/div>\n<div class=\"detailmodule_text\">\n<p style=\"font-size:20px;font-weight:bold;text-align:center;color:rgb(126, 211, 33);display:block;width:100%\" align=\"center\">[Kirjeldus]<\/p>\n<\/div>\n<div class=\"detailmodule_text\">\n<p style=\"font-size:16px;font-weight:bold\"><i>Toote kirjeldus<\/i><\/p>\n<\/div>\n<div class=\"detailmodule_text\">\n<p style=\"font-size:16px;font-weight:bold\"><i>Apexius REPT280AH lifepo4 akupakett<\/i><\/p>\n<\/div>\n<div class=\"detailmodule_text\">\n<p style=\"font-size:16px;font-weight:bold\"><i>Tegelik mahutavus 280 Ah<\/i><\/p>\n<\/div>\n<div class=\"detailmodule_text\">\n<p style=\"font-size:16px;font-weight:bold\"><i>Nimipinge 3,2 V<\/i><\/p>\n<\/div>\n<div class=\"detailmodule_text\">\n<p style=\"font-size:16px;font-weight:bold\"><i>K\u00f5rge eluiga 8000 ts\u00fcklit<\/i><\/p>\n<\/div>\n<div class=\"detailmodule_text\">\n<p style=\"font-size:16px;font-weight:bold\"><i>Maksimaalne laadimispinge 3,65 V<\/i><\/p>\n<\/div>\n<div class=\"detailmodule_text\">\n<p style=\"font-size:16px;font-weight:bold\"><i>Vahelduvvoolu takistus 0,25 mOhm<\/i><\/p>\n<\/div>\n<div class=\"detailmodule_text\">\n<p style=\"font-size:16px;font-weight:bold\"><i>Laadimistemperatuur -5\u201360 \u00b0C<\/i><\/p>\n<\/div>\n<div class=\"detailmodule_text\">\n<p style=\"font-size:16px;font-weight:bold\"><i>Kaal 5,6 kg<\/i><\/p>\n<\/div>\n<div class=\"detailmodule_text\">\n<p style=\"font-size:16px;font-weight:bold\"><i>M\u00f5\u00f5tmed 202 * 172 * 72 mm<\/i><\/p>\n<\/div>\n<div class=\"detailmodule_text\">\n<p style=\"font-size:16px;font-weight:bold;text-align:left;display:block;width:100%\" align=\"left\"><i>\u306b\u306f\u3067\u306e\u306f\u307e\u308c\u3066\u304a\u308a\u307e\u305b\u3093\u306e\u3067\u3001\u3054\u3044\u305f\u3060\u3051\u308b\u306e\u307f\u3055\u305b\u3066\u3044\u305f\u3060\u307e\u304d\u3002<\/i><\/p>\n<\/div>\n<div class=\"detailmodule_text\">\n<p style=\"font-size:16px;font-weight:bold\"><i>Ukrainasse saab saata Poola ladudest ja see v\u00f5ib kohale j\u00f5uda 3-7 p\u00e4eva jooksul p\u00e4rast ostmist.<\/i><\/p>\n<\/div>\n<div class=\"detailmodule_image\"><img decoding=\"async\" class=\"detail-desc-decorate-image\" src=\"https:\/\/ae01.alicdn.com\/kf\/S9ecd6cccf952482cbff40e3d530a1576R.jpg\" slate-data-type=\"image\"\/><\/div>\n<div class=\"detailmodule_text\">\n<p style=\"font-size:16px;font-weight:bold\"><i>Gaiaray EVE A-klassi 3,2 V 100 Ah 120 Ah 280 Ah aku LiFePO4 liitiumraudfosfaat 12 V 24 V 4S e-t\u00f5ukeratta ja haagissuvila p\u00e4ikeseenergia salvestamiseks<\/i><\/p>\n<\/div>\n<div class=\"detailmodule_text\">\n<p style=\"font-size:16px;font-weight:bold\"><i>K: Miks peaksin saatmiskulusid lisama?<\/i><\/p>\n<\/div>\n<div class=\"detailmodule_text\">\n<p style=\"font-size:16px;font-weight:bold\"><i>Vastus: Kaugemates piirkondades on vaja lisatasu, palun saatke enne ostmist kinnitamiseks oma aadress, vastasel juhul \u00e4rge tellimust esitage.<\/i><\/p>\n<\/div>\n<div class=\"detailmodule_text\">\n<p style=\"font-size:16px;font-weight:bold\"><i>N\u00e4pun\u00e4ited:\u2708Meil on Poola laos 100ah, 280ah akusid laos, EL-i riikidest saab otse osta, saabumisaeg 3-7 p\u00e4eva.<\/i><\/p>\n<\/div>\n<div class=\"detailmodule_text\">\n<p style=\"font-size:16px;font-weight:bold;color:rgb(0, 0, 0)\"><i>Tarneaeg<\/i><\/p>\n<\/div>\n<div class=\"detailmodule_text\">\n<p style=\"font-size:16px;font-weight:bold;color:rgb(0, 0, 0)\"><i>Hiinast Euroopasse: 50\u201360 p\u00e4eva<\/i><\/p>\n<\/div>\n<div class=\"detailmodule_text\">\n<p style=\"font-size:16px;font-weight:bold;color:rgb(0, 0, 0)\"><i>Jaapan: 7-15 p\u00e4eva<\/i><\/p>\n<\/div>\n<div class=\"detailmodule_text\">\n<p style=\"font-size:16px;font-weight:bold;color:rgb(0, 0, 0)\"><i>Korea: 7-15 p\u00e4eva<\/i><\/p>\n<\/div>\n<div class=\"detailmodule_text\">\n<p style=\"font-size:16px;font-weight:bold;color:rgb(0, 0, 0)\"><i>Venemaa: 40-50 p\u00e4eva<\/i><\/p>\n<\/div>\n<div class=\"detailmodule_text\">\n<p style=\"font-size:16px;font-weight:bold;color:rgb(0, 0, 0)\"><i>USA: 50\u201360 p\u00e4eva<\/i><\/p>\n<\/div>\n<div class=\"detailmodule_text\">\n<p style=\"font-size:16px;font-weight:bold;color:rgb(0, 0, 0)\"><i>Kanada Kanada: 50\u201360 p\u00e4eva<\/i><\/p>\n<\/div>\n<div class=\"detailmodule_text\">\n<p style=\"font-size:16px;font-weight:bold;color:rgb(0, 0, 0)\"><i>Austraalia: 50\u201360 p\u00e4eva<\/i><\/p>\n<\/div>\n<div class=\"detailmodule_text\">\n<p style=\"font-size:16px;font-weight:bold;color:rgb(0, 0, 0)\"><i>Ukraina: 60\u201370 p\u00e4eva<\/i><\/p>\n<\/div>\n<div class=\"detailmodule_text\">\n<p style=\"font-size:16px;font-weight:bold;color:rgb(0, 0, 0)\"><i>Soojad n\u00e4pun\u00e4ited: Ukraina valib \u00f5hutranspordi, kohalej\u00f5udmine v\u00f5tab 7\u201315 p\u00e4eva!<\/i><\/p>\n<\/div>\n<div class=\"detailmodule_text\">\n<p style=\"font-size:16px;font-weight:bold\"><i>Soojad n\u00e4pun\u00e4ited<\/i><\/p>\n<\/div>\n<div class=\"detailmodule_text\">\n<p style=\"font-size:16px;font-weight:bold\"><i>K: Miks peate Euroopa Liidus lisatasusid maksma?<\/i><\/p>\n<\/div>\n<div class=\"detailmodule_image\"><img decoding=\"async\" class=\"detail-desc-decorate-image\" src=\"https:\/\/ae01.alicdn.com\/kf\/S2c55404059a1490896241d537b7f052ar.jpg\" slate-data-type=\"image\"\/><\/div>\n<div class=\"detailmodule_image\"><img decoding=\"async\" style=\"margin-bottom:10px\" class=\"detail-desc-decorate-image\" src=\"https:\/\/ae01.alicdn.com\/kf\/S4d0f74e89b97413bb5008e972e4824bbS.jpg\" slate-data-type=\"image\"\/><img decoding=\"async\" class=\"detail-desc-decorate-image\" src=\"https:\/\/ae01.alicdn.com\/kf\/Se6070fd68bc24190845528d16ae8e61c2.jpg\" slate-data-type=\"image\"\/><img decoding=\"async\" class=\"detail-desc-decorate-image\" src=\"https:\/\/ae01.alicdn.com\/kf\/Sd013774921e845a4b4586bfc5e71f676I.jpg\" slate-data-type=\"image\"\/><\/div>\n<div class=\"detailmodule_image\"><img decoding=\"async\" class=\"detail-desc-decorate-image\" src=\"https:\/\/ae01.alicdn.com\/kf\/S4ce68901942c4924ae926283e7b70cd1g.jpg\" slate-data-type=\"image\"\/><\/div>\n<div class=\"detailmodule_image\"><img decoding=\"async\" class=\"detail-desc-decorate-image\" src=\"https:\/\/ae01.alicdn.com\/kf\/Sce4cd639e20d4f518730372210ce6fdbH.jpg\" slate-data-type=\"image\"\/><\/div>\n<div class=\"detailmodule_image\"><img decoding=\"async\" class=\"detail-desc-decorate-image\" src=\"https:\/\/ae-pic-a1.aliexpress-media.com\/kf\/Sff4a75b385854e2d8e7fe2566c1118dfC.jpg\" slate-data-type=\"image\"\/><img decoding=\"async\" class=\"detail-desc-decorate-image\" src=\"https:\/\/ae-pic-a1.aliexpress-media.com\/kf\/S19b281492f7b4b40b1f20e79b0784b585.jpg\" slate-data-type=\"image\"\/><img decoding=\"async\" class=\"detail-desc-decorate-image\" src=\"https:\/\/ae-pic-a1.aliexpress-media.com\/kf\/S7af1e79c13604498a2e3ed62d6a549fen.jpg\" slate-data-type=\"image\"\/><img decoding=\"async\" class=\"detail-desc-decorate-image\" src=\"https:\/\/ae-pic-a1.aliexpress-media.com\/kf\/S412ef8ebed5d4ff2b52f2b9dcde4a4d9E.jpg\" slate-data-type=\"image\"\/><\/div>\n<div class=\"detailmodule_image\"><img decoding=\"async\" class=\"detail-desc-decorate-image\" src=\"https:\/\/ae01.alicdn.com\/kf\/Sa9a4e9c75361491c9cf30cfe56ed8740q.jpg\" slate-data-type=\"image\"\/><img decoding=\"async\" class=\"detail-desc-decorate-image\" src=\"https:\/\/ae01.alicdn.com\/kf\/Sbfa40f0e75c746c5930c1537e4a170d3v.jpg\" slate-data-type=\"image\"\/><img decoding=\"async\" class=\"detail-desc-decorate-image\" src=\"https:\/\/ae01.alicdn.com\/kf\/Saf392d4719224ee7a41d2afd10b55396A.jpg\" slate-data-type=\"image\"\/><img decoding=\"async\" class=\"detail-desc-decorate-image\" src=\"https:\/\/ae-pic-a1.aliexpress-media.com\/kf\/S08a6750418e64baaa77dcd171ca23ed21.jpg\" slate-data-type=\"image\"\/><img decoding=\"async\" class=\"detail-desc-decorate-image\" src=\"https:\/\/ae01.alicdn.com\/kf\/Sfa87bc26d9c840cf91f2a9d15f05bdf7Z.jpg\" slate-data-type=\"image\"\/><img decoding=\"async\" class=\"detail-desc-decorate-image\" src=\"https:\/\/ae01.alicdn.com\/kf\/Sf1e1fc0d53664845ae05fbd93a369acd2.jpg\" slate-data-type=\"image\"\/><img decoding=\"async\" class=\"detail-desc-decorate-image\" src=\"https:\/\/ae01.alicdn.com\/kf\/S3f16c1c71264487ca375043e8f58b075d.jpg\" slate-data-type=\"image\"\/><\/div>\n<div class=\"detailmodule_image\"><img decoding=\"async\" class=\"detail-desc-decorate-image\" src=\"https:\/\/ae01.alicdn.com\/kf\/S3bd9415f10ea4faab1a0d7813692f4d6P.jpg\" slate-data-type=\"image\"\/><img decoding=\"async\" class=\"detail-desc-decorate-image\" src=\"https:\/\/ae01.alicdn.com\/kf\/Sb54e82fbf2e440edb64e7e7821f2fe89h.png\" slate-data-type=\"image\"\/><img decoding=\"async\" class=\"detail-desc-decorate-image\" src=\"https:\/\/ae01.alicdn.com\/kf\/S3af62ed51a6c4c9aaf6b1a74f942731d7.jpg\" slate-data-type=\"image\"\/><img decoding=\"async\" class=\"detail-desc-decorate-image\" src=\"https:\/\/ae01.alicdn.com\/kf\/Sa525f81f13fa45d5a4d28e743ba1abd0r.jpg\" slate-data-type=\"image\"\/><img decoding=\"async\" class=\"detail-desc-decorate-image\" src=\"https:\/\/ae01.alicdn.com\/kf\/Sd38090f9a3a04d9cbe8750c62a40b127u.jpg\" slate-data-type=\"image\"\/><img decoding=\"async\" class=\"detail-desc-decorate-image\" src=\"https:\/\/ae01.alicdn.com\/kf\/Sc1f01b78a31c4945a44765c40f701120P.jpg\" slate-data-type=\"image\"\/><img decoding=\"async\" class=\"detail-desc-decorate-image\" src=\"https:\/\/ae01.alicdn.com\/kf\/S2fd873fa2d0647c38d6b0b7c2e150b78d.jpg\" slate-data-type=\"image\"\/><\/div>\n<p><\/p>","protected":false},"excerpt":{"rendered":"<p>Connection:&nbsp;Others Hign-concerned Chemical:&nbsp;None Nominal Capacity:&nbsp;280AH Weight:&nbsp;5.5KG Voltage:&nbsp;3.2v Size:&nbsp;173*71*204mm Application:&nbsp;RV,Marine Boat,Trolling Motor,Solar Power Storage,Off-Grid Solar Power System,Others Model Number:&nbsp;LF280K Type:&nbsp;LiFePO4 Brand Name:&nbsp;GaiaRay Origin:&nbsp;Mainland China Rated Voltage:&nbsp;Others Nominal Capacity:&nbsp;100AH\/120AH\/280AH Weight:&nbsp;5.6KG Dimension:&nbsp;173*71*204mm Charge\/discharge<\/p>","protected":false},"featured_media":8329,"comment_status":"open","ping_status":"closed","template":"","meta":{"_acf_changed":false},"product_brand":[],"product_cat":[235],"product_tag":[],"class_list":{"0":"post-8328","1":"product","2":"type-product","3":"status-publish","4":"has-post-thumbnail","6":"product_cat-lifepo4-battery-cells","8":"first","9":"instock","10":"shipping-taxable","11":"purchasable","12":"product-type-variable"},"acf":[],"_links":{"self":[{"href":"https:\/\/www.electricstore.eu\/et\/wp-json\/wp\/v2\/product\/8328","targetHints":{"allow":["GET"]}}],"collection":[{"href":"https:\/\/www.electricstore.eu\/et\/wp-json\/wp\/v2\/product"}],"about":[{"href":"https:\/\/www.electricstore.eu\/et\/wp-json\/wp\/v2\/types\/product"}],"replies":[{"embeddable":true,"href":"https:\/\/www.electricstore.eu\/et\/wp-json\/wp\/v2\/comments?post=8328"}],"wp:featuredmedia":[{"embeddable":true,"href":"https:\/\/www.electricstore.eu\/et\/wp-json\/wp\/v2\/media\/8329"}],"wp:attachment":[{"href":"https:\/\/www.electricstore.eu\/et\/wp-json\/wp\/v2\/media?parent=8328"}],"wp:term":[{"taxonomy":"product_brand","embeddable":true,"href":"https:\/\/www.electricstore.eu\/et\/wp-json\/wp\/v2\/product_brand?post=8328"},{"taxonomy":"product_cat","embeddable":true,"href":"https:\/\/www.electricstore.eu\/et\/wp-json\/wp\/v2\/product_cat?post=8328"},{"taxonomy":"product_tag","embeddable":true,"href":"https:\/\/www.electricstore.eu\/et\/wp-json\/wp\/v2\/product_tag?post=8328"}],"curies":[{"name":"wp","href":"https:\/\/api.w.org\/{rel}","templated":true}]}}