{"id":7792,"date":"2025-05-15T19:57:33","date_gmt":"2025-05-15T19:57:33","guid":{"rendered":"https:\/\/electricstore.eu\/product\/evercross-tech-ev12m-300w-25-km-h-15-km12-children-electric-motorbike\/"},"modified":"2025-05-21T05:40:08","modified_gmt":"2025-05-21T05:40:08","slug":"evercross-tech-ev12m-300w-25-km-h-15-km12-children-electric-motorbike","status":"publish","type":"product","link":"https:\/\/www.electricstore.eu\/et\/p\/motorbikes\/electric-children-motorbikes\/evercross-tech-ev12m-300w-25-km-h-15-km12-children-electric-motorbike\/","title":{"rendered":"EVERCROSS TECH EV12M 300W 36V 4Ah 25km\/h 15km 12\u2033 laste elektrimootorratas"},"content":{"rendered":"<div class=\"product-specs-list-container\">\n<ul class=\"product-specs-list util-clearfix\">\n<li class=\"product-prop line-limit-length\"><span\n                                        class=\"property-title\">Mudelinumber:&nbsp;<\/span><span\n                                        class=\"property-desc line-limit-length\">EV12M<\/span>\n                            <\/li>\n<li class=\"product-prop line-limit-length\"><span\n                                        class=\"property-title\">Reisijate nimimaht:&nbsp;<\/span><span\n                                        class=\"property-desc line-limit-length\">\u00dcks istekoht<\/span>\n                            <\/li>\n<li class=\"product-prop line-limit-length\"><span\n                                        class=\"property-title\">Stiil:&nbsp;<\/span><span\n                                        class=\"property-desc line-limit-length\">Standardne t\u00fc\u00fcp<\/span>\n                            <\/li>\n<li class=\"product-prop line-limit-length\"><span\n                                        class=\"property-title\">Maksimaalne kiirus:&nbsp;<\/span><span\n                                        class=\"property-desc line-limit-length\">&lt;25 km\/h<\/span>\n                            <\/li>\n<li class=\"product-prop line-limit-length\"><span\n                                        class=\"property-title\">V\u00f5imsuse vahemik:&nbsp;<\/span><span\n                                        class=\"property-desc line-limit-length\">10\u201330 km<\/span>\n                            <\/li>\n<li class=\"product-prop line-limit-length\"><span\n                                        class=\"property-title\">V\u00f5imsus:&nbsp;<\/span><span\n                                        class=\"property-desc line-limit-length\">200\u2013250 W<\/span>\n                            <\/li>\n<li class=\"product-prop line-limit-length\"><span\n                                        class=\"property-title\">Toiteallikas:&nbsp;<\/span><span\n                                        class=\"property-desc line-limit-length\">liitiumaku<\/span>\n                            <\/li>\n<li class=\"product-prop line-limit-length\"><span\n                                        class=\"property-title\">Pinge:&nbsp;<\/span><span\n                                        class=\"property-desc line-limit-length\">36V<\/span>\n                            <\/li>\n<li class=\"product-prop line-limit-length\"><span\n                                        class=\"property-title\">Br\u00e4ndi nimi:&nbsp;<\/span><span\n                                        class=\"property-desc line-limit-length\">EVERCROSS TECH<\/span>\n                            <\/li>\n<li class=\"product-prop line-limit-length\"><span\n                                        class=\"property-title\">Toiteallikas:&nbsp;<\/span><span\n                                        class=\"property-desc line-limit-length\">liitiumaku<\/span>\n                            <\/li>\n<li class=\"product-prop line-limit-length\"><span\n                                        class=\"property-title\">P\u00e4ritolu:&nbsp;<\/span><span\n                                        class=\"property-desc line-limit-length\">Mandri-Hiina<\/span>\n                            <\/li>\n<\/ul><\/div>\n<div class=\"detailmodule_html\">\n<div class=\"detail-desc-decorate-richtext\">\n<p><strong><span class=\"15\" style=\"font-family:Calibri\">OHUTUSN\u00d5UKOGU<\/span><\/strong><\/p>\n<p><strong><span class=\"15\" style=\"font-family:Calibri\">Lastele m\u00f5eldud elektrimootorratas EV12M on vastupidav ja stabiilne. Soovitame kahel t\u00e4iskasvanul seda hoolikalt seadistada. Enne iga kasutamist kontrollige, et k\u00f5ik osad oleksid kindlalt kinnitatud. Mootor simuleerib realistlikku m\u00fcra l\u00f5busa s\u00f5idukogemuse pakkumiseks. V\u00d5IMAS mootor 300W<\/span><\/strong><\/p>\n<p><strong><span class=\"15\" style=\"font-family:Calibri\">300 W mootoriga mootorratas saavutab maksimaalse kiiruse 25 km\/h. Sobib lastele vanuses 3\u201312 aastat ja kannab maksimaalselt 65 kg raskust, mis sobib ideaalselt p\u00f5nevateks seiklusteks. J\u00c4TKUSUUTLIK AKU JA KIIRUSRE\u017dIIMID<\/span><\/strong><\/p>\n<p><strong><span class=\"15\" style=\"font-family:Calibri\">36 V 4 Ah akuga saab t\u00e4islaadimisega s\u00f5ita kuni 15 km. Kolm kiirusre\u017eiimi (8 km\/h, 12 km\/h, 25 km\/h) pakuvad personaalset turvalisust ja naudingut. MUGAVUS JA OHUTUS<\/span><\/strong><\/p>\n<p><strong><span class=\"15\" style=\"font-family:Calibri\">Tipptasemel vedrustus ja 12-tollised rehvid tagavad sujuva s\u00f5idu isegi ebatasasel maastikul. Trummelpiduris\u00fcsteem pakub iga s\u00f5idu ajal usaldusv\u00e4\u00e4rset turvalisust. IDEAALNE KINGITUS LASTELE.<\/span><\/strong><\/p>\n<p><strong><span class=\"15\" style=\"font-family:Calibri\">See elektrimootorratas on ideaalne kingitus v\u00e4ikesteks seiklusteks. See arendab julgust, koordinatsiooni ja s\u00f5iduoskusi \u2013 unustamatu kogemus ainulaadsetele lastele!<\/span><\/strong><\/p>\n<\/div>\n<\/div>","protected":false},"excerpt":{"rendered":"<p>Model Number:&nbsp;EV12M Rated Passenger Capacity:&nbsp;One Seat Style:&nbsp;Standard Type Max Speed:&nbsp;&lt;25km\/h Range per Power:&nbsp;10 &#8211; 30 km Wattage:&nbsp;200 &#8211; 250w Power Supply:&nbsp;lithium battery Voltage:&nbsp;36V Brand Name:&nbsp;EVERCROSS TECH Power Source:&nbsp;lithium battery Origin:&nbsp;Mainland<\/p>","protected":false},"featured_media":7793,"comment_status":"open","ping_status":"closed","template":"","meta":{"_acf_changed":false},"product_brand":[],"product_cat":[313],"product_tag":[327],"class_list":{"0":"post-7792","1":"product","2":"type-product","3":"status-publish","4":"has-post-thumbnail","6":"product_cat-electric-children-motorbikes","7":"product_tag-evercross","9":"first","10":"instock","11":"shipping-taxable","12":"purchasable","13":"product-type-variable"},"acf":[],"_links":{"self":[{"href":"https:\/\/www.electricstore.eu\/et\/wp-json\/wp\/v2\/product\/7792","targetHints":{"allow":["GET"]}}],"collection":[{"href":"https:\/\/www.electricstore.eu\/et\/wp-json\/wp\/v2\/product"}],"about":[{"href":"https:\/\/www.electricstore.eu\/et\/wp-json\/wp\/v2\/types\/product"}],"replies":[{"embeddable":true,"href":"https:\/\/www.electricstore.eu\/et\/wp-json\/wp\/v2\/comments?post=7792"}],"wp:featuredmedia":[{"embeddable":true,"href":"https:\/\/www.electricstore.eu\/et\/wp-json\/wp\/v2\/media\/7793"}],"wp:attachment":[{"href":"https:\/\/www.electricstore.eu\/et\/wp-json\/wp\/v2\/media?parent=7792"}],"wp:term":[{"taxonomy":"product_brand","embeddable":true,"href":"https:\/\/www.electricstore.eu\/et\/wp-json\/wp\/v2\/product_brand?post=7792"},{"taxonomy":"product_cat","embeddable":true,"href":"https:\/\/www.electricstore.eu\/et\/wp-json\/wp\/v2\/product_cat?post=7792"},{"taxonomy":"product_tag","embeddable":true,"href":"https:\/\/www.electricstore.eu\/et\/wp-json\/wp\/v2\/product_tag?post=7792"}],"curies":[{"name":"wp","href":"https:\/\/api.w.org\/{rel}","templated":true}]}}