{"id":7705,"date":"2025-05-15T19:49:11","date_gmt":"2025-05-15T19:49:11","guid":{"rendered":"https:\/\/electricstore.eu\/product\/m10-72v-50ah-10000w-dual-drive-electric-motorbike\/"},"modified":"2025-05-21T05:40:10","modified_gmt":"2025-05-21T05:40:10","slug":"m10-72v-50ah-10000w-dual-drive-electric-motorbike","status":"publish","type":"product","link":"https:\/\/www.electricstore.eu\/et\/p\/motorbikes\/electric-minibikes\/m10-72v-50ah-10000w-dual-drive-electric-motorbike\/","title":{"rendered":"Electric M10 10000W &gt;60V 50Ah 50-70km\/h 60-80km 14\u2033 kahe ajamiga elektrimootorratas"},"content":{"rendered":"<div class=\"product-specs-list-container\">\n<ul class=\"product-specs-list util-clearfix\">\n<li class=\"product-prop line-limit-length\"><span\n                                        class=\"property-title\">Mudelinumber:&nbsp;<\/span><span\n                                        class=\"property-desc line-limit-length\">M10<\/span>\n                            <\/li>\n<li class=\"product-prop line-limit-length\"><span\n                                        class=\"property-title\">Kategooria:&nbsp;<\/span><span\n                                        class=\"property-desc line-limit-length\">Kaherattaline t\u00f5ukeratas<\/span>\n                            <\/li>\n<li class=\"product-prop line-limit-length\"><span\n                                        class=\"property-title\">Kohaldatavad inimesed:&nbsp;<\/span><span\n                                        class=\"property-desc line-limit-length\">Unisex<\/span>\n                            <\/li>\n<li class=\"product-prop line-limit-length\"><span\n                                        class=\"property-title\">Ulatus laadimise kohta:&nbsp;<\/span><span\n                                        class=\"property-desc line-limit-length\">60\u201380 km<\/span>\n                            <\/li>\n<li class=\"product-prop line-limit-length\"><span\n                                        class=\"property-title\">Laadimisaeg:&nbsp;<\/span><span\n                                        class=\"property-desc line-limit-length\">8\u201310 tundi<\/span>\n                            <\/li>\n<li class=\"product-prop line-limit-length\"><span\n                                        class=\"property-title\">Pinge:&nbsp;<\/span><span\n                                        class=\"property-desc line-limit-length\">&gt;60v<\/span>\n                            <\/li>\n<li class=\"product-prop line-limit-length\"><span\n                                        class=\"property-title\">Kokkupandud:&nbsp;<\/span><span\n                                        class=\"property-desc line-limit-length\">Ei<\/span>\n                            <\/li>\n<li class=\"product-prop line-limit-length\"><span\n                                        class=\"property-title\">P\u00e4ritolu:&nbsp;<\/span><span\n                                        class=\"property-desc line-limit-length\">Mandri-Hiina<\/span>\n                            <\/li>\n<li class=\"product-prop line-limit-length\"><span\n                                        class=\"property-title\">V\u00f5imsus (W):&nbsp;<\/span><span\n                                        class=\"property-desc line-limit-length\">10000W<\/span>\n                            <\/li>\n<li class=\"product-prop line-limit-length\"><span\n                                        class=\"property-title\">p\u00e4ritoluriik:&nbsp;<\/span><span\n                                        class=\"property-desc line-limit-length\">Hiina<\/span>\n                            <\/li>\n<li class=\"product-prop line-limit-length\"><span\n                                        class=\"property-title\">kaubam\u00e4rk:&nbsp;<\/span><span\n                                        class=\"property-desc line-limit-length\">MM<\/span>\n                            <\/li>\n<li class=\"product-prop line-limit-length\"><span\n                                        class=\"property-title\">Mudel:&nbsp;<\/span><span\n                                        class=\"property-desc line-limit-length\">M10<\/span>\n                            <\/li>\n<li class=\"product-prop line-limit-length\"><span\n                                        class=\"property-title\">laadimisaeg:&nbsp;<\/span><span\n                                        class=\"property-desc line-limit-length\">6-8 tundi<\/span>\n                            <\/li>\n<li class=\"product-prop line-limit-length\"><span\n                                        class=\"property-title\">Kas voltida:&nbsp;<\/span><span\n                                        class=\"property-desc line-limit-length\">Jah<\/span>\n                            <\/li>\n<li class=\"product-prop line-limit-length\"><span\n                                        class=\"property-title\">kilomeetrit\/\u00fchekordne laadimine:&nbsp;<\/span><span\n                                        class=\"property-desc line-limit-length\">60\u201380 kilomeetrit<\/span>\n                            <\/li>\n<li class=\"product-prop line-limit-length\"><span\n                                        class=\"property-title\">Maksimaalne kiirus:&nbsp;<\/span><span\n                                        class=\"property-desc line-limit-length\">50\u201370 km\/h<\/span>\n                            <\/li>\n<li class=\"product-prop line-limit-length\"><span\n                                        class=\"property-title\">klassifikatsioon:&nbsp;<\/span><span\n                                        class=\"property-desc line-limit-length\">kaherattaline t\u00f5ukeratas<\/span>\n                            <\/li>\n<li class=\"product-prop line-limit-length\"><span\n                                        class=\"property-title\">kohaldatav populatsioon:&nbsp;<\/span><span\n                                        class=\"property-desc line-limit-length\">Unisex<\/span>\n                            <\/li>\n<li class=\"product-prop line-limit-length\"><span\n                                        class=\"property-title\">Intelligentne:&nbsp;<\/span><span\n                                        class=\"property-desc line-limit-length\">elektrooniline<\/span>\n                            <\/li>\n<li class=\"product-prop line-limit-length\"><span\n                                        class=\"property-title\">Aku mahtuvus:&nbsp;<\/span><span\n                                        class=\"property-desc line-limit-length\">30 ah\/40 ah<\/span>\n                            <\/li>\n<li class=\"product-prop line-limit-length\"><span\n                                        class=\"property-title\">patenteeritud toode:&nbsp;<\/span><span\n                                        class=\"property-desc line-limit-length\">Kasuliku mudeli patent<\/span>\n                            <\/li>\n<li class=\"product-prop line-limit-length\"><span\n                                        class=\"property-title\">mootor:&nbsp;<\/span><span\n                                        class=\"property-desc line-limit-length\">Harjadeta<\/span>\n                            <\/li>\n<li class=\"product-prop line-limit-length\"><span\n                                        class=\"property-title\">veekindel:&nbsp;<\/span><span\n                                        class=\"property-desc line-limit-length\">veekindel<\/span>\n                            <\/li>\n<li class=\"product-prop line-limit-length\"><span\n                                        class=\"property-title\">v\u00f5imsus:&nbsp;<\/span><span\n                                        class=\"property-desc line-limit-length\">10000 W<\/span>\n                            <\/li>\n<li class=\"product-prop line-limit-length\"><span\n                                        class=\"property-title\">Pistikprogrammi meetod:&nbsp;<\/span><span\n                                        class=\"property-desc line-limit-length\">Jaapani pistik, USA standard, Euroopa pistik<\/span>\n                            <\/li>\n<li class=\"product-prop line-limit-length\"><span\n                                        class=\"property-title\">Vedrustuse t\u00fc\u00fcp:&nbsp;<\/span><span\n                                        class=\"property-desc line-limit-length\">T\u00e4isvedrustus<\/span>\n                            <\/li>\n<li class=\"product-prop line-limit-length\"><span\n                                        class=\"property-title\">Maksimaalne koormus:&nbsp;<\/span><span\n                                        class=\"property-desc line-limit-length\">200 kg<\/span>\n                            <\/li>\n<li class=\"product-prop line-limit-length\"><span\n                                        class=\"property-title\">Aku t\u00fc\u00fcp:&nbsp;<\/span><span\n                                        class=\"property-desc line-limit-length\">liitiumaku<\/span>\n                            <\/li>\n<li class=\"product-prop line-limit-length\"><span\n                                        class=\"property-title\">Komponendi materjal:&nbsp;<\/span><span\n                                        class=\"property-desc line-limit-length\">alumiiniumisulam<\/span>\n                            <\/li>\n<li class=\"product-prop line-limit-length\"><span\n                                        class=\"property-title\">kontrollimeetod:&nbsp;<\/span><span\n                                        class=\"property-desc line-limit-length\">Kaugjuhtimispult, rakenduste juhtimine, h\u00e4\u00e4ljuhtimine<\/span>\n                            <\/li>\n<li class=\"product-prop line-limit-length\"><span\n                                        class=\"property-title\">Piduris\u00fcsteem:&nbsp;<\/span><span\n                                        class=\"property-desc line-limit-length\">Elektroonika, ketas, h\u00fcdrauliline ketas<\/span>\n                            <\/li>\n<li class=\"product-prop line-limit-length\"><span\n                                        class=\"property-title\">funktsioon:&nbsp;<\/span><span\n                                        class=\"property-desc line-limit-length\">Keskkonnas\u00f5bralik, kokkupandav, veekindel, kaasaskantav, kerge, LED-valgus,<\/span>\n                            <\/li>\n<li class=\"product-prop line-limit-length\"><span\n                                        class=\"property-title\">Elemendi k\u00f5rgus alt \u00fcles:&nbsp;<\/span><span\n                                        class=\"property-desc line-limit-length\">45 tolli ja rohkem<\/span>\n                            <\/li>\n<li class=\"product-prop line-limit-length\"><span\n                                        class=\"property-title\">Ulatus laadimise kohta:&nbsp;<\/span><span\n                                        class=\"property-desc line-limit-length\">100\u2013150 km<\/span>\n                            <\/li>\n<li class=\"product-prop line-limit-length\"><span\n                                        class=\"property-title\">Maksimaalne kiirus:&nbsp;<\/span><span\n                                        class=\"property-desc line-limit-length\">31\u201340 km\/h<\/span>\n                            <\/li>\n<li class=\"product-prop line-limit-length\"><span\n                                        class=\"property-title\">P\u00e4ritolukoht:&nbsp;<\/span><span\n                                        class=\"property-desc line-limit-length\">Jiangsu, Hiina<\/span>\n                            <\/li>\n<li class=\"product-prop line-limit-length\"><span\n                                        class=\"property-title\">Nutikas t\u00fc\u00fcp:&nbsp;<\/span><span\n                                        class=\"property-desc line-limit-length\">Bluetooth<\/span>\n                            <\/li>\n<li class=\"product-prop line-limit-length\"><span\n                                        class=\"property-title\">Laadimisaeg:&nbsp;<\/span><span\n                                        class=\"property-desc line-limit-length\">6\u20138 tundi<\/span>\n                            <\/li>\n<li class=\"product-prop line-limit-length\"><span\n                                        class=\"property-title\">Kategooria:&nbsp;<\/span><span\n                                        class=\"property-desc line-limit-length\">Kaherattaline t\u00f5ukeratas<\/span>\n                            <\/li>\n<li class=\"product-prop line-limit-length\"><span\n                                        class=\"property-title\">Kohaldatavad inimesed:&nbsp;<\/span><span\n                                        class=\"property-desc line-limit-length\">Unisex<\/span>\n                            <\/li>\n<li class=\"product-prop line-limit-length\"><span\n                                        class=\"property-title\">Aku mahtuvus:&nbsp;<\/span><span\n                                        class=\"property-desc line-limit-length\">&gt; 40Ah<\/span>\n                            <\/li>\n<li class=\"product-prop line-limit-length\"><span\n                                        class=\"property-title\">Materjal:&nbsp;<\/span><span\n                                        class=\"property-desc line-limit-length\">Tugevdatud raud + alumiiniumisulam<\/span>\n                            <\/li>\n<li class=\"product-prop line-limit-length\"><span\n                                        class=\"property-title\">Rehvi suurus:&nbsp;<\/span><span\n                                        class=\"property-desc line-limit-length\">14-tollised rehvid<\/span>\n                            <\/li>\n<li class=\"product-prop line-limit-length\"><span\n                                        class=\"property-title\">Sertifikaat:&nbsp;<\/span><span\n                                        class=\"property-desc line-limit-length\"><\/span>\n                            <\/li>\n<\/ul><\/div>\n<div class=\"detailmodule_html\">\n<div class=\"detail-desc-decorate-richtext\">\n<div id=\"ali-anchor-AliPostDhMb-CWMYZ\" style=\"padding-top:8px\" class=\"mceSectionContainer\">\n<div id=\"ali-title-AliPostDhMb-CWMYZ\" style=\"border-bottom:1px solid rgb(221, 221, 221);padding:8px 0px;padding-bottom:8px;padding-top:8px;padding-left:0px;padding-right:0px\"><span style=\"background-color:rgb(221, 221, 221);color:rgb(51, 51, 51)\">Toote kirjeldus<\/span><\/div>\n<div style=\"padding:10px 0px;padding-bottom:10px;padding-top:10px;padding-left:0px;padding-right:0px\"><img decoding=\"async\" style=\"width:100%\" width=\"100%\" src=\"https:\/\/ae01.alicdn.com\/kf\/S589df6d0e4e647c9ae89d3a7fbd2120aE.jpg?width=1700&amp;height=1700&amp;hash=3400\" slate-data-type=\"image\"\/><br \/><img decoding=\"async\" style=\"width:100%\" width=\"100%\" src=\"https:\/\/ae01.alicdn.com\/kf\/S147230ac33c641d783109fbe67b871abB.jpg?width=1024&amp;height=1024&amp;hash=2048\" slate-data-type=\"image\"\/><br \/><img decoding=\"async\" style=\"width:100%\" width=\"100%\" src=\"https:\/\/ae01.alicdn.com\/kf\/Sf48a9f6fa4db4d02ba419e466eb55f2eM.jpg?width=1000&amp;height=1000&amp;hash=2000\" slate-data-type=\"image\"\/><br \/><img decoding=\"async\" src=\"https:\/\/ae01.alicdn.com\/kf\/S589df6d0e4e647c9ae89d3a7fbd2120aE.jpg?width=1700&amp;height=1700&amp;hash=3400\" slate-data-type=\"image\"\/> <img decoding=\"async\" src=\"https:\/\/ae01.alicdn.com\/kf\/S6057c999aa2143e1b1463cffe1fbaa03O.jpg?width=1700&amp;height=1700&amp;hash=3400\" slate-data-type=\"image\"\/> <img decoding=\"async\" src=\"https:\/\/ae01.alicdn.com\/kf\/Sf777a634f2034a6daa48f80948aad775M.jpg?width=1700&amp;height=1700&amp;hash=3400\" slate-data-type=\"image\"\/> <img decoding=\"async\" src=\"https:\/\/ae01.alicdn.com\/kf\/Sf7672062435a417ab72bc32340dbcd6bJ.jpg?width=1700&amp;height=1700&amp;hash=3400\" slate-data-type=\"image\"\/> <img decoding=\"async\" src=\"https:\/\/ae01.alicdn.com\/kf\/S757b4b19bb6546859a467cc641fe1b2fM.jpg?width=1700&amp;height=1700&amp;hash=3400\" slate-data-type=\"image\"\/> <img decoding=\"async\" src=\"https:\/\/ae01.alicdn.com\/kf\/Sebe5663af04049579fe73d71cf44354e7.jpg?width=1700&amp;height=1700&amp;hash=3400\" slate-data-type=\"image\"\/> <img decoding=\"async\" src=\"https:\/\/ae01.alicdn.com\/kf\/Sf7fdd77acdfa4de5a083153d33120da2w.jpg?width=1700&amp;height=1700&amp;hash=3400\" slate-data-type=\"image\"\/> <img decoding=\"async\" src=\"https:\/\/ae01.alicdn.com\/kf\/S0dad8d8c851f437a8a503bc3b4ef272d7.jpg?width=1700&amp;height=1700&amp;hash=3400\" slate-data-type=\"image\"\/> <img decoding=\"async\" src=\"https:\/\/ae01.alicdn.com\/kf\/Sd07e4d7c400a440ba29acafa38f68a36B.jpg?width=1700&amp;height=1700&amp;hash=3400\" slate-data-type=\"image\"\/> <img decoding=\"async\" src=\"https:\/\/ae01.alicdn.com\/kf\/S8d2074c1e7824d838fc6f700f9e5454eG.jpg?width=1700&amp;height=1700&amp;hash=3400\" slate-data-type=\"image\"\/> <img decoding=\"async\" src=\"https:\/\/ae01.alicdn.com\/kf\/S50d6834cd0a4423981ba560771e92663y.jpg?width=1700&amp;height=1700&amp;hash=3400\" slate-data-type=\"image\"\/><\/div>\n<\/div>\n<div id=\"ali-anchor-AliPostDhMb-QrXan\" style=\"padding-top:8px\" class=\"mceSectionContainer\">\n<div id=\"ali-title-AliPostDhMb-QrXan\" style=\"border-bottom:1px solid rgb(221, 221, 221);padding:8px 0px;padding-bottom:8px;padding-top:8px;padding-left:0px;padding-right:0px\"><span style=\"background-color:rgb(221, 221, 221);color:rgb(51, 51, 51)\">Spetsifikatsioon<\/span><\/div>\n<div id=\"ali-desLoader-AliPostDhMb-QrXan\" style=\"padding:10px 4px;padding-bottom:10px;padding-top:10px;padding-left:4px;padding-right:4px\">\n<table style=\"border-collapse:collapse;background-color:rgb(255, 255, 255)\" border=\"1px\">\n<tbody>\n<tr>\n<td style=\"padding:5px 10px;width:259px\">\n<p>ese<\/p>\n<\/td>\n<td style=\"padding:5px 10px;width:443px\">\n<p>v\u00e4\u00e4rtus<\/p>\n<\/td>\n<\/tr>\n<tr>\n<td style=\"padding:5px 10px;width:259px\">\n<p>Kokkupandav<\/p>\n<\/td>\n<td style=\"padding:5px 10px;width:443px\">\n<p>Jah<\/p>\n<\/td>\n<\/tr>\n<tr>\n<td style=\"padding:5px 10px;width:259px\">\n<p>L\u00e4bis\u00f5it laadimise kohta<\/p>\n<\/td>\n<td style=\"padding:5px 10px;width:443px\">\n<p>60\u201380 km<\/p>\n<\/td>\n<\/tr>\n<tr>\n<td style=\"padding:5px 10px;width:259px\">\n<p>Maksimaalne kiirus<\/p>\n<\/td>\n<td style=\"padding:5px 10px;width:443px\">\n<p>50\u201370 km\/h<\/p>\n<\/td>\n<\/tr>\n<tr>\n<td style=\"padding:5px 10px;width:259px\">\n<p>P\u00e4ritolukoht<\/p>\n<\/td>\n<td style=\"padding:5px 10px;width:443px\">\n<p>Hiina<\/p>\n<\/td>\n<\/tr>\n<tr>\n<td style=\"padding:5px 10px;width:259px\">\n<p>&#8211;<\/p>\n<\/td>\n<td style=\"padding:5px 10px;width:443px\">\n<p>Jiangsu<\/p>\n<\/td>\n<\/tr>\n<tr>\n<td style=\"padding:5px 10px;width:259px\">\n<p>Nutikas t\u00fc\u00fcp<\/p>\n<\/td>\n<td style=\"padding:5px 10px;width:443px\">\n<p>elektrooniline<\/p>\n<\/td>\n<\/tr>\n<tr>\n<td style=\"padding:5px 10px;width:259px\">\n<p>Br\u00e4ndi nimi<\/p>\n<\/td>\n<td style=\"padding:5px 10px;width:443px\">\n<p>Jinmingchan<\/p>\n<\/td>\n<\/tr>\n<tr>\n<td style=\"padding:5px 10px;width:259px\">\n<p>Laadimisaeg<\/p>\n<\/td>\n<td style=\"padding:5px 10px;width:443px\">\n<p>6\u20138 tundi<\/p>\n<\/td>\n<\/tr>\n<tr>\n<td style=\"padding:5px 10px;width:259px\">\n<p>Kategooria<\/p>\n<\/td>\n<td style=\"padding:5px 10px;width:443px\">\n<p>Kaherattaline t\u00f5ukeratas<\/p>\n<\/td>\n<\/tr>\n<tr>\n<td style=\"padding:5px 10px;width:259px\">\n<p>Kohaldatavad inimesed<\/p>\n<\/td>\n<td style=\"padding:5px 10px;width:443px\">\n<p>Unisex<\/p>\n<\/td>\n<\/tr>\n<tr>\n<td style=\"padding:5px 10px;width:259px\">\n<p>Aku mahtuvus<\/p>\n<\/td>\n<td style=\"padding:5px 10px;width:443px\">\n<p>30 ah\/40 ah<\/p>\n<\/td>\n<\/tr>\n<tr>\n<td style=\"padding:5px 10px;width:259px\">\n<p>Patenteeritud toode<\/p>\n<\/td>\n<td style=\"padding:5px 10px;width:443px\">\n<p>Kasuliku mudeli patent<\/p>\n<\/td>\n<\/tr>\n<\/tbody>\n<\/table>\n<\/div>\n<\/div>\n<div id=\"ali-anchor-AliPostDhMb-3FlYX\" style=\"padding-top:8px\" class=\"mceSectionContainer\">\n<div id=\"ali-title-AliPostDhMb-3FlYX\" style=\"border-bottom:1px solid rgb(221, 221, 221);padding:8px 0px;padding-bottom:8px;padding-top:8px;padding-left:0px;padding-right:0px\"><span style=\"background-color:rgb(221, 221, 221);color:rgb(51, 51, 51)\">M\u00fc\u00fcgiargument<\/span><\/div>\n<div style=\"padding:10px 4px;padding-bottom:10px;padding-top:10px;padding-left:4px;padding-right:4px\">\n<p>1. Kahe mootoriga v\u00f5imsus: Dokma D-NOVA elektrirolleril on v\u00f5imas kahe mootoriga s\u00fcsteem, mis tagab kiire v\u00f5imsuse ja sujuva s\u00f5idukogemuse.<\/p>\n<p>2. Kohandatav akr\u00fc\u00fclvalgustus: Rolleri ainulaadne akr\u00fc\u00fclvalgustus v\u00f5imaldab seda kohandada vastavalt teie isiklikule stiilile, luues kiire tempoga linnas ainulaadse v\u00e4limuse.<\/p>\n<p>3. Kokkupandav ja kerge: Vaid 14 kg kaaluv t\u00f5ukeratas on kerge ja h\u00f5lpsasti kokkupandav, mist\u00f5ttu sobib see ideaalselt neile, kes peavad tiheda liiklusega kohtades navigeerima v\u00f5i stiilselt pendeldama.<\/p>\n<p>4. Alumiiniumsulamist raam: Vastupidavast alumiiniumisulamist raamiga D-NOVA elektriroller pakub tugevat ja vastupidavat platvormi, mis toetab kuni 200 kg kaaluvaid s\u00f5itjaid ja saavutab tippkiiruse kuni 105 km\/h.<\/p>\n<p>5. CE-sertifikaadiga ja ohutusn\u00f5uetele vastav: Dokma D-NOVA elektriroller on saanud CE-sertifikaadi, mis tagab selle vastavuse rangetele ohutusstandarditele ja selle enesekindla kasutamise erinevates keskkondades.<\/p>\n<\/div>\n<\/div>\n<div id=\"ali-anchor-AliPostDhMb-W5Kby\" style=\"padding-top:8px\" class=\"mceSectionContainer\">\n<div id=\"ali-title-AliPostDhMb-W5Kby\" style=\"border-bottom:1px solid rgb(221, 221, 221);padding:8px 0px;padding-bottom:8px;padding-top:8px;padding-left:0px;padding-right:0px\"><span style=\"background-color:rgb(221, 221, 221);color:rgb(51, 51, 51)\">Ettev\u00f5tte tutvustus<\/span><\/div>\n<div style=\"padding:10px 4px;padding-bottom:10px;padding-top:10px;padding-left:4px;padding-right:4px\">\n<p>Suzhou Jinming Cicada Technology Co., Ltd., mis asutati 2019. aastal, on professionaalne k\u00f5rgtehnoloogiline ettev\u00f5te, mis on p\u00fchendunud v\u00e4li- ja elektroonikatoodete uurimis-, arendus-, innovatsiooni- ja m\u00fc\u00fcgitegevusele. Meie laia valikusse kuuluvad telkid, telkimisvarikatused, v\u00e4listingimustes kasutatavad toiteallikad, matkaautod, \u00f5uelauad ja -toolid, kokkupandavad p\u00e4ikesepatareidega laadimislauad, nutikellad, nutikellad, inverterid, fotogalvaanilised p\u00e4ikesepaneelide inverterid, energia salvestamise inverteriga integreeritud masinad ja palju muud.<\/p>\n<p>J\u00e4rgime rangeid kvaliteedikontrolli meetmeid, tagades igas tootmisetapis, alates toorainest kuni valmistooteni, tipptasemel tegevuse. Meie oskuslike spetsialistide meeskond t\u00f6\u00f6tab t\u00e4iustatud seadmete ja tipptasemel testimiss\u00fcsteemiga.<\/p>\n<p>Meie tooted on sertifitseeritud CE, ROHS ja MSDS sertifikaatidega ning meie p\u00fc\u00fcdlus pidevale tootekvaliteedi parandamisele tagab klientide rahulolu. Pakume nii OEM- kui ka ODM-teenuseid, tarnides kvaliteetseid tooteid ja kiiret kohaletoimetamist klientidele kogu maailmas.<\/p>\n<p>Suzhou Jinming Cicada Technology Co., Ltd. teenindab mitmekesist turgu, sealhulgas Mandri-Hiina, P\u00f5hja-Ameerika, Euroopa, L\u00e4his-Ida, L\u00f5una-Ameerika, L\u00f5una-Aafrika, Venemaa, India ja teised riigid. P\u00fc\u00fcame luua p\u00fcsivaid partnerlussuhteid v\u00e4lismaiste klientidega ja oleme p\u00fchendunud \u00fchise ja helgema tuleviku loomisele.<\/p>\n<\/div>\n<\/div>\n<div id=\"ali-anchor-AliPostDhMb-uimiX\" style=\"padding-top:8px\" class=\"mceSectionContainer\">\n<div id=\"ali-title-AliPostDhMb-uimiX\" style=\"border-bottom:1px solid rgb(221, 221, 221);padding:8px 0px;padding-bottom:8px;padding-top:8px;padding-left:0px;padding-right:0px\"><span style=\"background-color:rgb(221, 221, 221);color:rgb(51, 51, 51)\">KKK<\/span><\/div>\n<div style=\"padding:10px 4px;padding-bottom:10px;padding-top:10px;padding-left:4px;padding-right:4px\">\n<p><strong>1. Kes me oleme?<\/strong><br \/>Meie peakontor asub Hiinas Jiangsus. Alates 2019. aastast m\u00fc\u00fcme oma tooteid L\u00e4\u00e4ne-Euroopas (10.00%), Kagu-Aasias (10.00%), P\u00f5hja-Ameerikas (10.00%), Ida-Euroopas (8.00%), Okeaanias (8.00%), L\u00f5una-Euroopas (8.00%), P\u00f5hja-Euroopas (8.00%), siseturul (6.00%), L\u00f5una-Aasias (6.00%), L\u00f5una-Ameerikas (6.00%), Kesk-Ameerikas (5.00%), L\u00e4his-Idas (5.00%), Aafrikas (5.00%), Ida-Aasias (5.00%). Meie kontoris t\u00f6\u00f6tab kokku umbes 301\u2013500 inimest.<\/p>\n<p><strong>2. Kuidas saame kvaliteeti garanteerida?<\/strong><br \/>Enne masstootmist alati tootmiseelne proov;<br \/>Alati l\u00f5plik kontroll enne saatmist;<\/p>\n<p><strong>3. Mida saate meilt osta?<\/strong><br \/>Elektriroller, eakate roller, elektrimootorratas, kokkupandavad lauad ja toolid \u00f5ues, telk ja v\u00f5rkkiik<\/p>\n<p><strong>4. Miks peaksite ostma meilt, mitte teistelt tarnijatelt?<\/strong><br \/>Suzhou Cicada on k\u00f5rgtehnoloogiaettev\u00f5te, mis on spetsialiseerunud e-t\u00f5ukerataste, elektrit\u00f5ukerataste osade, v\u00e4litelkide ja varikatuste uurimisele, tootmisele, projekteerimisele ja m\u00fc\u00fcgile enam kui 5 aastat.<\/p>\n<p><strong>5. Milliseid teenuseid me pakkuda saame?<\/strong><br \/>Vastuv\u00f5etud tarnetingimused: -;<br \/>Aktsepteeritud maksevaluuta: -;<br \/>Aktsepteeritud makseviis: -;<br \/>R\u00e4\u00e4gitav keel: \u2013<\/p>\n<\/div>\n<\/div>\n<\/div>\n<\/div>\n<p><\/p>","protected":false},"excerpt":{"rendered":"<p>Model Number:&nbsp;M10 Category:&nbsp;Two-wheel Scooter Applicable People:&nbsp;Unisex Range Per Charge:&nbsp;60-80km Charging Time:&nbsp;8-10h Voltage:&nbsp;&gt;60v Folded:&nbsp;No Origin:&nbsp;Mainland China Power (W):&nbsp;10000W country of origin:&nbsp;China brand:&nbsp;MM Model:&nbsp;M10 charging time:&nbsp;6-8 hours Whether to fold:&nbsp;Yes kilometers\/charge once:&nbsp;60-80<\/p>","protected":false},"featured_media":7706,"comment_status":"open","ping_status":"closed","template":"","meta":{"_acf_changed":false},"product_brand":[],"product_cat":[311],"product_tag":[306],"class_list":{"0":"post-7705","1":"product","2":"type-product","3":"status-publish","4":"has-post-thumbnail","6":"product_cat-electric-minibikes","7":"product_tag-m10","9":"first","10":"instock","11":"shipping-taxable","12":"purchasable","13":"product-type-variable"},"acf":[],"_links":{"self":[{"href":"https:\/\/www.electricstore.eu\/et\/wp-json\/wp\/v2\/product\/7705","targetHints":{"allow":["GET"]}}],"collection":[{"href":"https:\/\/www.electricstore.eu\/et\/wp-json\/wp\/v2\/product"}],"about":[{"href":"https:\/\/www.electricstore.eu\/et\/wp-json\/wp\/v2\/types\/product"}],"replies":[{"embeddable":true,"href":"https:\/\/www.electricstore.eu\/et\/wp-json\/wp\/v2\/comments?post=7705"}],"wp:featuredmedia":[{"embeddable":true,"href":"https:\/\/www.electricstore.eu\/et\/wp-json\/wp\/v2\/media\/7706"}],"wp:attachment":[{"href":"https:\/\/www.electricstore.eu\/et\/wp-json\/wp\/v2\/media?parent=7705"}],"wp:term":[{"taxonomy":"product_brand","embeddable":true,"href":"https:\/\/www.electricstore.eu\/et\/wp-json\/wp\/v2\/product_brand?post=7705"},{"taxonomy":"product_cat","embeddable":true,"href":"https:\/\/www.electricstore.eu\/et\/wp-json\/wp\/v2\/product_cat?post=7705"},{"taxonomy":"product_tag","embeddable":true,"href":"https:\/\/www.electricstore.eu\/et\/wp-json\/wp\/v2\/product_tag?post=7705"}],"curies":[{"name":"wp","href":"https:\/\/api.w.org\/{rel}","templated":true}]}}