{"id":7605,"date":"2025-05-15T19:33:12","date_gmt":"2025-05-15T19:33:12","guid":{"rendered":"https:\/\/electricstore.eu\/product\/humsienk-100ah-12v-lifepo4-battery\/"},"modified":"2025-05-21T05:40:14","modified_gmt":"2025-05-21T05:40:14","slug":"humsienk-100ah-12v-lifepo4-battery","status":"publish","type":"product","link":"https:\/\/www.electricstore.eu\/et\/p\/batteries\/lifepo4-batteries\/100-200ah-lifepo4-batteries\/humsienk-100ah-12v-lifepo4-battery\/","title":{"rendered":"Humsienk 100Ah 12V LiFePO4 aku"},"content":{"rendered":"<div class=\"product-specs-list-container\">\n<ul class=\"product-specs-list util-clearfix\">\n<li class=\"product-prop line-limit-length\"><span\n                                        class=\"property-title\">K\u00f5rge riskiga kemikaal:&nbsp;<\/span><span\n                                        class=\"property-desc line-limit-length\">Puudub<\/span>\n                            <\/li>\n<li class=\"product-prop line-limit-length\"><span\n                                        class=\"property-title\">Nimimaht:&nbsp;<\/span><span\n                                        class=\"property-desc line-limit-length\">100Ah<\/span>\n                            <\/li>\n<li class=\"product-prop line-limit-length\"><span\n                                        class=\"property-title\">Kaal:&nbsp;<\/span><span\n                                        class=\"property-desc line-limit-length\">23,26 naela \/ 10,55 kg<\/span>\n                            <\/li>\n<li class=\"product-prop line-limit-length\"><span\n                                        class=\"property-title\">Pinge:&nbsp;<\/span><span\n                                        class=\"property-desc line-limit-length\">12,8 V<\/span>\n                            <\/li>\n<li class=\"product-prop line-limit-length\"><span\n                                        class=\"property-title\">Suurus:&nbsp;<\/span><span\n                                        class=\"property-desc line-limit-length\">260 x 168 x 209 mm \/ 10,2 x 6,6 x 8,2 tolli<\/span>\n                            <\/li>\n<li class=\"product-prop line-limit-length\"><span\n                                        class=\"property-title\">Rakendus:&nbsp;<\/span><span\n                                        class=\"property-desc line-limit-length\">Avaleht \/ \u00d5ues<\/span>\n                            <\/li>\n<li class=\"product-prop line-limit-length\"><span\n                                        class=\"property-title\">Mudelinumber:&nbsp;<\/span><span\n                                        class=\"property-desc line-limit-length\">12 V 100 Ah<\/span>\n                            <\/li>\n<li class=\"product-prop line-limit-length\"><span\n                                        class=\"property-title\">T\u00fc\u00fcp:&nbsp;<\/span><span\n                                        class=\"property-desc line-limit-length\">LiFePO4<\/span>\n                            <\/li>\n<li class=\"product-prop line-limit-length\"><span\n                                        class=\"property-title\">Br\u00e4ndi nimi:&nbsp;<\/span><span\n                                        class=\"property-desc line-limit-length\">Humsienk<\/span>\n                            <\/li>\n<li class=\"product-prop line-limit-length\"><span\n                                        class=\"property-title\">P\u00e4ritolu:&nbsp;<\/span><span\n                                        class=\"property-desc line-limit-length\">Mandri-Hiina<\/span>\n                            <\/li>\n<li class=\"product-prop line-limit-length\"><span\n                                        class=\"property-title\">Nimipinge:&nbsp;<\/span><span\n                                        class=\"property-desc line-limit-length\">Teised<\/span>\n                            <\/li>\n<li class=\"product-prop line-limit-length\"><span\n                                        class=\"property-title\">Veekindluse hinnang:&nbsp;<\/span><span\n                                        class=\"property-desc line-limit-length\">IP65<\/span>\n                            <\/li>\n<li class=\"product-prop line-limit-length\"><span\n                                        class=\"property-title\">Rakk:&nbsp;<\/span><span\n                                        class=\"property-desc line-limit-length\">A+ klassi LiFePO4 rakud<\/span>\n                            <\/li>\n<li class=\"product-prop line-limit-length\"><span\n                                        class=\"property-title\">Maksimaalne laienemine:&nbsp;<\/span><span\n                                        class=\"property-desc line-limit-length\">4S4P, kuni 20,48 kWh<\/span>\n                            <\/li>\n<li class=\"product-prop line-limit-length\"><span\n                                        class=\"property-title\">Garantii:&nbsp;<\/span><span\n                                        class=\"property-desc line-limit-length\">5 aastat<\/span>\n                            <\/li>\n<\/ul><\/div>\n<p style=\"font-family:&quot;TT Norms Pro&quot;, &quot;Open Sans&quot;, Roboto, Arial, Helvetica, sans-serif, SimSun;font-size:14px;font-weight:400;letter-spacing:normal;line-height:inherit;text-align:start;white-space:normal;color:rgb(34, 34, 34);margin:0px;margin-bottom:0px;margin-top:0px;margin-left:0px;margin-right:0px;padding:0px;padding-bottom:0px;padding-top:0px;padding-left:0px;padding-right:0px;box-sizing:border-box\" align=\"start\"><span style=\"color:rgb(244, 78, 59);font-size:20px;font-family:arial, helvetica, sans-serif\"><strong>Palun arvestage:<\/strong><\/span><\/p>\n<p style=\"font-family:&quot;TT Norms Pro&quot;, &quot;Open Sans&quot;, Roboto, Arial, Helvetica, sans-serif, SimSun;font-size:14px;font-weight:400;letter-spacing:normal;line-height:inherit;text-align:start;white-space:normal;color:rgb(34, 34, 34);margin:0px;margin-bottom:0px;margin-top:0px;margin-left:0px;margin-right:0px;padding:0px;padding-bottom:0px;padding-top:0px;padding-left:0px;padding-right:0px;box-sizing:border-box\" align=\"start\"><span style=\"color:rgb(244, 78, 59);font-size:20px;font-family:arial, helvetica, sans-serif\"><u><strong>Hetkel me EI saada Alaskale, Hawaiile ja Puerto Ricosse!!<\/strong><\/u><\/span><\/p>\n<p><\/p>\n<p><strong><span style=\"color:rgb(77, 77, 77);font-size:18px;font-family:arial, helvetica, sans-serif\">Suur j\u00f5udlus: <\/span><\/strong><span style=\"color:rgb(77, 77, 77);font-size:18px;font-family:arial, helvetica, sans-serif\">HumsiENK LiFePO4 aku pakub 100 Ah mahtuvust ja standardpinget 12,8 V. A+ klassi elementidega on sellel muljetavaldav eluiga <\/span><span style=\"color:rgb(244, 78, 59);font-size:18px;font-family:arial, helvetica, sans-serif\">kuni 20 000 ts\u00fcklit<\/span><span style=\"color:rgb(77, 77, 77);font-size:18px;font-family:arial, helvetica, sans-serif\">.<\/span><\/p>\n<p><\/p>\n<p><strong><span style=\"color:rgb(77, 77, 77);font-size:18px;font-family:arial, helvetica, sans-serif\">Sertifikaadid:<\/span><\/strong><span style=\"color:rgb(77, 77, 77);font-size:18px;font-family:arial, helvetica, sans-serif\"> SDS\/UN38.3\/FCC\/CE\/ROHS sertifikaadid tagavad selle kvaliteedi ja ohutuse.<\/span><\/p>\n<p><\/p>\n<p><strong><span style=\"color:rgb(77, 77, 77);font-size:18px;font-family:arial, helvetica, sans-serif\">Sisseehitatud BMS-kaitse:<\/span><\/strong><span style=\"color:rgb(77, 77, 77);font-size:18px;font-family:arial, helvetica, sans-serif\"> Sellel liitiumakul on sisseehitatud <\/span><span style=\"color:rgb(244, 78, 59);font-size:18px;font-family:arial, helvetica, sans-serif\">100A hoone juhtimiss\u00fcsteem<\/span><span style=\"color:rgb(77, 77, 77);font-size:18px;font-family:arial, helvetica, sans-serif\"> Kaitseplaat, mis l\u00fclitub automaatselt v\u00e4lja, kui t\u00fchjendusvool \u00fcletab 300\u00b150A, pakkudes suuremat ohutust.<\/span><\/p>\n<p><\/p>\n<p><strong><span style=\"color:rgb(77, 77, 77);font-size:18px;font-family:arial, helvetica, sans-serif\">Kompaktne disain:<\/span><\/strong><span style=\"color:rgb(77, 77, 77);font-size:18px;font-family:arial, helvetica, sans-serif\"> Ainult suuruse m\u00f5\u00f5tmine <\/span><span style=\"color:rgb(244, 78, 59);font-size:18px;font-family:arial, helvetica, sans-serif\">10,2 \u00d7 6,6 \u00d7 8,2 tolli (26 \u00d7 17 \u00d7 21 cm)<\/span><span style=\"color:rgb(77, 77, 77);font-size:18px;font-family:arial, helvetica, sans-serif\"> ja ainult kaal <\/span><span style=\"color:rgb(244, 78, 59);font-size:18px;font-family:arial, helvetica, sans-serif\">23,2 naela (10,5 kg)<\/span><span style=\"color:rgb(77, 77, 77);font-size:18px;font-family:arial, helvetica, sans-serif\">, maksimeerib meie aku energiatihedust, s\u00e4ilitades samal ajal oma j\u00f5udluse. Selle kompaktne vorm s\u00e4\u00e4stab ruumi ja pakub paigaldusv\u00f5imalusi.<\/span><\/p>\n<p><\/p>\n<p><strong><span style=\"color:rgb(77, 77, 77);font-size:18px;font-family:arial, helvetica, sans-serif\">Temperatuurikindlus: <\/span><\/strong><span style=\"color:rgb(77, 77, 77);font-size:18px;font-family:arial, helvetica, sans-serif\">Sujuv t\u00f6\u00f6<\/span><span style=\"color:rgb(244, 78, 59);font-size:18px;font-family:arial, helvetica, sans-serif\"> alates -4\u00b0F (-20\u2103) kuni 158\u00b0F (70\u2103)<\/span><span style=\"color:rgb(77, 77, 77);font-size:18px;font-family:arial, helvetica, sans-serif\">aku on varustatud automaatse v\u00e4ljal\u00fclitumisega temperatuuril alla -4 \u00b0F (-20 \u00b0C), et tagada t\u00e4iendav kaitse ja pikaealisus.<\/span><\/p>\n<p><\/p>\n<p><strong><span style=\"color:rgb(77, 77, 77);font-size:18px;font-family:arial, helvetica, sans-serif\">Seeria- v\u00f5i paralleel\u00fchendus:<\/span><\/strong><span style=\"color:rgb(77, 77, 77);font-size:18px;font-family:arial, helvetica, sans-serif\"> \u00dchendage h\u00f5lpsalt kuni 4 akut j\u00e4rjestikku v\u00f5i\/ja paralleelselt, saavutades kogumahutavuse <\/span><span style=\"color:rgb(244, 78, 59);font-size:18px;font-family:arial, helvetica, sans-serif\">kuni 20,48 kWh<\/span><span style=\"color:rgb(77, 77, 77);font-size:18px;font-family:arial, helvetica, sans-serif\">Kohanda oma energialahendust vastavalt oma vajadustele.<\/span><\/p>\n<p><\/p>\n<p><strong><span style=\"color:rgb(77, 77, 77);font-size:18px;font-family:arial, helvetica, sans-serif\">Ideaalne sobivus:<\/span><\/strong><span style=\"color:rgb(77, 77, 77);font-size:18px;font-family:arial, helvetica, sans-serif\"> Loodud sujuvalt sobima <\/span><span style=\"color:rgb(244, 78, 59);font-size:18px;font-family:arial, helvetica, sans-serif\">Grupp-24<\/span><span style=\"color:rgb(77, 77, 77);font-size:18px;font-family:arial, helvetica, sans-serif\"> Akukarbis, meie 100Ah LiFePO4 aku v\u00e4listab vajaduse suurema kasti j\u00e4rele, lihtsustades paigaldamist.<\/span><\/p>\n<p><\/p>\n<p><span style=\"color:rgb(244, 78, 59);font-size:18px;font-family:arial, helvetica, sans-serif\"><strong>5-aastane garantii ja tugi<\/strong><\/span><strong><span style=\"color:rgb(77, 77, 77);font-size:18px;font-family:arial, helvetica, sans-serif\">: <\/span><\/strong><span style=\"color:rgb(77, 77, 77);font-size:18px;font-family:arial, helvetica, sans-serif\">Teie rahulolu on meie jaoks esmat\u00e4htis. K\u00fcsimuste v\u00f5i murede korral v\u00f5tke meiega \u00fchendust. Meie toodetele kehtib teie meelerahu tagamiseks 5-aastane garantii.<\/span><\/p>\n<p><img decoding=\"async\" src=\"https:\/\/ae01.alicdn.com\/kf\/S3631b5428a6a4b74bdff03260e7980c2V.jpg\" slate-data-type=\"image\"\/><img decoding=\"async\" src=\"https:\/\/ae01.alicdn.com\/kf\/Se276861c5c014f5db652d77b80308820I.jpg\" slate-data-type=\"image\"\/><img decoding=\"async\" src=\"https:\/\/ae01.alicdn.com\/kf\/S01b91bb9c55441488274f89c4757eea8l.jpg\" slate-data-type=\"image\"\/><img decoding=\"async\" src=\"https:\/\/ae01.alicdn.com\/kf\/S5e53b421be6545aa8a8f83a6a9aeefd7M.jpg\" slate-data-type=\"image\"\/><img decoding=\"async\" src=\"https:\/\/ae01.alicdn.com\/kf\/S6299c0ba9f854ac59d79b10dcea1f5d8F.jpg\" slate-data-type=\"image\"\/><img decoding=\"async\" src=\"https:\/\/ae01.alicdn.com\/kf\/Sb12d7c98e0db412280743b37f9d1bf68r.jpg\" slate-data-type=\"image\"\/><img decoding=\"async\" src=\"https:\/\/ae01.alicdn.com\/kf\/Sd14261cadf7d41aebb7a95eb804a2552B.jpg\" slate-data-type=\"image\"\/><img decoding=\"async\" src=\"https:\/\/ae01.alicdn.com\/kf\/Sc8c8b59b8eec4b3ab17afc21d7baabf4s.jpg\" slate-data-type=\"image\"\/><\/p>","protected":false},"excerpt":{"rendered":"<p>Hign-concerned Chemical:&nbsp;None Nominal Capacity:&nbsp;100Ah Weight:&nbsp;23.26 lbs \/ 10.55 kg Voltage:&nbsp;12.8V Size:&nbsp;260 x 168 x 209 mm \/ 10.2 x 6.6 x 8.2 inches Application:&nbsp;Home \/ Outdoor Model Number:&nbsp;12V 100Ah Type:&nbsp;LiFePO4<\/p>","protected":false},"featured_media":7606,"comment_status":"open","ping_status":"closed","template":"","meta":{"_acf_changed":false},"product_brand":[],"product_cat":[237],"product_tag":[264],"class_list":{"0":"post-7605","1":"product","2":"type-product","3":"status-publish","4":"has-post-thumbnail","6":"product_cat-100-200ah-lifepo4-batteries","7":"product_tag-humsienk","9":"first","10":"instock","11":"shipping-taxable","12":"purchasable","13":"product-type-variable"},"acf":[],"_links":{"self":[{"href":"https:\/\/www.electricstore.eu\/et\/wp-json\/wp\/v2\/product\/7605","targetHints":{"allow":["GET"]}}],"collection":[{"href":"https:\/\/www.electricstore.eu\/et\/wp-json\/wp\/v2\/product"}],"about":[{"href":"https:\/\/www.electricstore.eu\/et\/wp-json\/wp\/v2\/types\/product"}],"replies":[{"embeddable":true,"href":"https:\/\/www.electricstore.eu\/et\/wp-json\/wp\/v2\/comments?post=7605"}],"wp:featuredmedia":[{"embeddable":true,"href":"https:\/\/www.electricstore.eu\/et\/wp-json\/wp\/v2\/media\/7606"}],"wp:attachment":[{"href":"https:\/\/www.electricstore.eu\/et\/wp-json\/wp\/v2\/media?parent=7605"}],"wp:term":[{"taxonomy":"product_brand","embeddable":true,"href":"https:\/\/www.electricstore.eu\/et\/wp-json\/wp\/v2\/product_brand?post=7605"},{"taxonomy":"product_cat","embeddable":true,"href":"https:\/\/www.electricstore.eu\/et\/wp-json\/wp\/v2\/product_cat?post=7605"},{"taxonomy":"product_tag","embeddable":true,"href":"https:\/\/www.electricstore.eu\/et\/wp-json\/wp\/v2\/product_tag?post=7605"}],"curies":[{"name":"wp","href":"https:\/\/api.w.org\/{rel}","templated":true}]}}