{"id":7590,"date":"2025-05-15T19:33:05","date_gmt":"2025-05-15T19:33:05","guid":{"rendered":"https:\/\/electricstore.eu\/product\/24v-250w-electric-conversion-kit-brushed\/"},"modified":"2025-05-21T05:40:14","modified_gmt":"2025-05-21T05:40:14","slug":"24v-250w-electric-conversion-kit-brushed","status":"publish","type":"product","link":"https:\/\/www.electricstore.eu\/et\/p\/p\/kits\/24v-250w-electric-conversion-kit-brushed\/","title":{"rendered":"Bymaocar 250W 24V elektriratta harjadega konversioonikomplekt"},"content":{"rendered":"<div class=\"product-specs-list-container\">\n<ul class=\"product-specs-list util-clearfix\">\n<li class=\"product-prop line-limit-length\"><span\n                                        class=\"property-title\">K\u00f5rge riskiga kemikaal:&nbsp;<\/span><span\n                                        class=\"property-desc line-limit-length\">Puudub<\/span>\n                            <\/li>\n<li class=\"product-prop line-limit-length\"><span\n                                        class=\"property-title\">V\u00f5imsus:&nbsp;<\/span><span\n                                        class=\"property-desc line-limit-length\">201\u2013300 W<\/span>\n                            <\/li>\n<li class=\"product-prop line-limit-length\"><span\n                                        class=\"property-title\">Kujundus:&nbsp;<\/span><span\n                                        class=\"property-desc line-limit-length\">Harjatud<\/span>\n                            <\/li>\n<li class=\"product-prop line-limit-length\"><span\n                                        class=\"property-title\">Pinge:&nbsp;<\/span><span\n                                        class=\"property-desc line-limit-length\">24V<\/span>\n                            <\/li>\n<li class=\"product-prop line-limit-length\"><span\n                                        class=\"property-title\">Br\u00e4ndi nimi:&nbsp;<\/span><span\n                                        class=\"property-desc line-limit-length\">Bymaocar<\/span>\n                            <\/li>\n<li class=\"product-prop line-limit-length\"><span\n                                        class=\"property-title\">P\u00e4ritolu:&nbsp;<\/span><span\n                                        class=\"property-desc line-limit-length\">Mandri-Hiina<\/span>\n                            <\/li>\n<li class=\"product-prop line-limit-length\"><span\n                                        class=\"property-title\">Mootor:&nbsp;<\/span><span\n                                        class=\"property-desc line-limit-length\">Madala kiirusega harjamootor<\/span>\n                            <\/li>\n<\/ul><\/div>\n<h2><span style=\"background-color:rgb(252, 220, 0)\"><strong>250W 24V elektrilise jalgratta konversioonikomplekt MTB harjamootoriga modifikatsiooniga elektrilise jalgratta komplekt vabak\u00e4igu ja mootorikontrolleriga tavalisele m\u00e4girattale<\/strong><\/span><\/h2>\n<p><span style=\"background-color:rgb(251, 158, 0);font-size:16px\"><strong>Sellel konversioonikomplektil on kaks valikut: \u00fcks on p\u00f6idlaga keeratav k\u00e4epide ja teine keeratav komplekt. Palun lugege hoolikalt kirjeldust ja valige tellimuse esitamiseks endale sobiv. Ait\u00e4h!<\/strong><\/span><\/p>\n<p><img decoding=\"async\" src=\"https:\/\/ae01.alicdn.com\/kf\/S7f2d9bf270244253b6259c45ca7c209d7.jpg\" slate-data-type=\"image\"\/><img decoding=\"async\" src=\"https:\/\/ae01.alicdn.com\/kf\/Sb988af6ce7744c6d9c8731448c1dfc06K.jpg\" slate-data-type=\"image\"\/><img decoding=\"async\" src=\"https:\/\/ae01.alicdn.com\/kf\/Sc7954f3a7a954b5fb41d2ea88a2deb0cC.jpg\" slate-data-type=\"image\"\/><img decoding=\"async\" src=\"https:\/\/ae01.alicdn.com\/kf\/S5175a92ccdad493dbe5a146549d5b500H.jpg\" slate-data-type=\"image\"\/><img decoding=\"async\" src=\"https:\/\/ae01.alicdn.com\/kf\/Sa0938174d64842d3a7b421e6a68dcd72Y.jpg\" slate-data-type=\"image\"\/><img decoding=\"async\" src=\"https:\/\/ae01.alicdn.com\/kf\/Sa4eaaa9d64ba4a598d23ab573bf01d16u.jpg\" slate-data-type=\"image\"\/><img decoding=\"async\" src=\"https:\/\/ae01.alicdn.com\/kf\/S127e0d5caa3a4725942d13b781b356526.jpg\" slate-data-type=\"image\"\/><img decoding=\"async\" src=\"https:\/\/ae01.alicdn.com\/kf\/S7543d34bd8a94f7a9c1da04ab0612e69b.jpg\" slate-data-type=\"image\"\/><img decoding=\"async\" src=\"https:\/\/ae01.alicdn.com\/kf\/S92143c83fa8f4c978f07ec48cc93a2eew.jpg\" slate-data-type=\"image\"\/><img decoding=\"async\" src=\"https:\/\/ae01.alicdn.com\/kf\/S17de3fdbcb22401f8aa4de28fc3a9a9eF.jpg\" slate-data-type=\"image\"\/><img decoding=\"async\" src=\"https:\/\/ae01.alicdn.com\/kf\/S22c32bac324f4c2b8eaffcc1f31c4300f.jpg\" slate-data-type=\"image\"\/><img decoding=\"async\" src=\"https:\/\/ae01.alicdn.com\/kf\/S87a702b0c37549bcbb9594ac889ae07fn.jpg\" slate-data-type=\"image\"\/><img decoding=\"async\" src=\"https:\/\/ae01.alicdn.com\/kf\/S2358e5ccdf4d48f0bd4eb0f9751c7435H.jpg\" slate-data-type=\"image\"\/><img decoding=\"async\" src=\"https:\/\/ae01.alicdn.com\/kf\/S5e5f897427c54b11802016843657a2a1W.jpg\" slate-data-type=\"image\"\/><img decoding=\"async\" src=\"https:\/\/ae01.alicdn.com\/kf\/Scf56f53e408346e9b3b5877cff69d19a6.jpg\" slate-data-type=\"image\"\/><img decoding=\"async\" src=\"https:\/\/ae01.alicdn.com\/kf\/Sea3ea244fad14352a7e99b2253b859d5l.jpg\" slate-data-type=\"image\"\/><img decoding=\"async\" src=\"https:\/\/ae01.alicdn.com\/kf\/Sf8976e03d2cd4963923bb8a3765a6069l.jpg\" slate-data-type=\"image\"\/><img decoding=\"async\" src=\"https:\/\/ae01.alicdn.com\/kf\/Sf6873ec3bd034b8982e8b0e0a22f9719L.jpg\" slate-data-type=\"image\"\/><img decoding=\"async\" src=\"https:\/\/ae01.alicdn.com\/kf\/S7dade52de70a492c9c0f16ffdf809aedl.jpg\" slate-data-type=\"image\"\/><img decoding=\"async\" src=\"https:\/\/ae01.alicdn.com\/kf\/Sc243944600ea47d7a4545da7d033d8d2V.jpg\" slate-data-type=\"image\"\/><img decoding=\"async\" src=\"https:\/\/ae01.alicdn.com\/kf\/S515c95cb14944789b1153c8c20a96513X.jpg\" slate-data-type=\"image\"\/><img decoding=\"async\" src=\"https:\/\/ae01.alicdn.com\/kf\/S9af97f620d9949dead118e0fbb2c3b0eM.jpeg\" slate-data-type=\"image\"\/><\/p>\n<p class=\"MsoNormal\"><span style=\"font-size:12pt;font-family:&quot;Times New Roman&quot;\">Meie m\u00e4giratta modifikatsioonikomplekt saab muuta tavalised m\u00e4girattad v\u00f5imsamateks ja parema juhitavusega elektriratasteks, parandades oluliselt s\u00f5idukogemust ja s\u00f5iduki j\u00f5udlust. Kvaliteetne materjal muudab selle tugevaks ja vastupidavaks. See komplekt sisaldab k\u00f5iki lisatarvikuid teie mugavuse huvides. Neile, kes jalgrattaid modifitseerivad, on see ideaalne valik oma praktiliste oskuste t\u00e4iustamiseks!<\/span><\/p>\n<p><\/p>\n<p class=\"MsoNormal\"><strong><span style=\"color:rgb(14, 16, 26);font-size:15pt;font-family:&quot;Times New Roman&quot;\">Peamised omadused<\/span><\/strong><\/p>\n<p class=\"MsoNormal\"><strong><span style=\"color:rgb(14, 16, 26);font-size:12pt;font-family:&quot;Times New Roman&quot;\">Valmistatud kestma:<\/span><\/strong><span style=\"color:rgb(14, 16, 26);font-size:12pt;font-family:&quot;Times New Roman&quot;\">\u00a0See toode on valmistatud vase-raudalumiiniummagnetitest <\/span><span style=\"background-color:rgb(242, 186, 186);font-size:12pt;font-family:&quot;Times New Roman&quot;\">l\u00f6\u00f6gikindel<\/span><span style=\"color:rgb(14, 16, 26);font-size:12pt;font-family:&quot;Times New Roman&quot;\">, <\/span><span style=\"background-color:rgb(242, 186, 186);font-size:12pt;font-family:&quot;Times New Roman&quot;\">roostekindel<\/span><span style=\"color:rgb(14, 16, 26);font-size:12pt;font-family:&quot;Times New Roman&quot;\">ja vastupidav, tagades teie pikaajalise kasutamise.<\/span><\/p>\n<p><\/p>\n<p class=\"MsoNormal\"><strong><span style=\"color:rgb(14, 16, 26);font-size:12pt;font-family:&quot;Times New Roman&quot;\">V\u00e4ga praktiline:<\/span><\/strong><span style=\"color:rgb(14, 16, 26);font-size:12pt;font-family:&quot;Times New Roman&quot;\">\u00a0See komplekt suudab muuta tavalised m\u00e4gijalgrattad v\u00f5imsamateks ja parema juhitavusega elektrijalgratasteks, mis on v\u00e4ga praktiline.<\/span><\/p>\n<p><\/p>\n<p class=\"MsoNormal\"><strong><span style=\"color:rgb(14, 16, 26);font-size:12pt;font-family:&quot;Times New Roman&quot;\">Suurep\u00e4rane j\u00f5udlus: <\/span><\/strong><span style=\"color:rgb(14, 16, 26);font-size:12pt;font-family:&quot;Times New Roman&quot;\">Harjadega reduktormootorit on lihtne juhtida, v\u00f5imaldades pinge v\u00f5i voolutugevuse abil reguleerida mootori kiirust ja suunda suure juhtimist\u00e4psusega. Lisaks suudavad need k\u00e4ivitamisel pakkuda suurt p\u00f6\u00f6rdemomenti, mis v\u00f5imaldab kiiret k\u00e4ivitamist ja koormuse ajamist.<br \/><\/span><\/p>\n<p class=\"MsoNormal\"><strong><span style=\"color:rgb(14, 16, 26);font-size:12pt;font-family:&quot;Times New Roman&quot;\">L\u00e4bim\u00f5eldud disain: <\/span><\/strong><span style=\"color:rgb(14, 16, 26);font-size:12pt;font-family:&quot;Times New Roman&quot;\">Harjaga kontroller vastutab aku ja mootori vahelise energiavoo haldamise eest. Reguleerige mootorile antavat voolu vastavalt s\u00f5itja vajadustele, et kontrollida s\u00f5iduki kiirust. Piduritulede ja suunatulede pistikutega harjaga kontroller on mugav jalak\u00e4ijate v\u00f5i s\u00f5idukite meeldetuletamiseks, tagades s\u00f5iduohutuse.<\/span><\/p>\n<p><\/p>\n<p class=\"MsoNormal\"><strong><span style=\"color:rgb(14, 16, 26);font-size:12pt;font-family:&quot;Times New Roman&quot;\">T\u00e4ielikud lisatarvikud: <\/span><\/strong><span style=\"color:rgb(14, 16, 26);font-size:12pt;font-family:&quot;Times New Roman&quot;\">See komplekt sisaldab harjadega reduktormootorit, lenkstanget, kinnitusplaati, harjadega kontrollerit, ketti, klambripatja, hammasketast ja m\u00f5ningaid muid lisatarvikuid, mis v\u00f5imaldavad teil muuta tavalise m\u00e4giratta parema juhitavusega elektrirattaks ilma muude lisatarvikute ostmiseta.<\/span><\/p>\n<p><\/p>\n<p class=\"MsoNormal\"><strong><span style=\"color:rgb(0, 0, 0);font-size:12pt;font-family:&quot;Times New Roman&quot;\">Lihtne puhastada:<\/span><\/strong><span style=\"font-size:12pt;font-family:&quot;Times New Roman&quot;\">Sellel on sile pind ja lihtne struktuur, seega peate tolmu regulaarselt p\u00fchkima vaid kuiva r\u00e4tikuga. \u00a0<\/span><\/p>\n<p><\/p>\n<p class=\"MsoNormal\"><strong><span style=\"color:rgb(0, 0, 0);font-size:12pt;font-family:&quot;Times New Roman&quot;\">Ideaalne kingitus: <\/span><\/strong><span style=\"color:rgb(0, 0, 0);font-size:12pt;font-family:&quot;Times New Roman&quot;\">See on ideaalne kingitus s\u00f5pradele, kellele meeldib s\u00f5ita, v\u00f5imaldades neil muuta tavalised m\u00e4girattad parema juhitavusega elektrijalgratasteks ja s\u00f5itu nautida.<\/span><\/p>\n<p><\/p>\n<p class=\"MsoNormal\"><strong><span style=\"color:rgb(14, 16, 26);font-size:12pt;font-family:&quot;Times New Roman&quot;\">Osta enesekindlalt:<\/span><\/strong><span style=\"color:rgb(14, 16, 26);font-size:12pt;font-family:&quot;Times New Roman&quot;\">\u00a0Seisame k\u00f5igi oma k\u00fclaliste eest ja ootame, et saaksime teid ostu sooritamisel abistada. Meil on hea meel vastata teie k\u00fcsimustele ja tekkinud segadusele. Meievaheline lugu ei l\u00f5ppe sellega, et &quot;meie m\u00fc\u00fcme ja teie ostate&quot;.<\/span><\/p>\n<p><\/p>\n<p class=\"MsoNormal\"><strong><span style=\"color:rgb(14, 16, 26);font-size:15pt;font-family:&quot;Times New Roman&quot;\">Detailid<\/span><\/strong><\/p>\n<p class=\"MsoNormal\"><strong><span style=\"color:rgb(14, 16, 26);font-size:12pt;font-family:&quot;Times New Roman&quot;\">Kett:<\/span><\/strong><span style=\"color:rgb(14, 16, 26);font-size:12pt;font-family:&quot;Times New Roman&quot;\">\u00a0See saab \u00fchendada esihammasketta tagumise hoorattaga, edastades inimt\u00f6\u00f6 v\u00f5i elektrimootorite tekitatud energia tagaratastele. Lisaks kasutatakse hammasketast koos ketiga tagarataste vedamiseks.<\/span><\/p>\n<p><\/p>\n<p class=\"MsoNormal\"><strong><span style=\"color:rgb(14, 16, 26);font-size:12pt;font-family:&quot;Times New Roman&quot;\">Kinnitusplaat:<\/span><\/strong><span style=\"color:rgb(14, 16, 26);font-size:12pt;font-family:&quot;Times New Roman&quot;\">\u00a0See pakub tuge mootorite kinnitamiseks, tagades oluliste komponentide kindla paigaldamise jalgratta raamile.<\/span><\/p>\n<p><\/p>\n<p class=\"MsoNormal\"><strong><span style=\"color:rgb(14, 16, 26);font-size:15pt;font-family:&quot;Times New Roman&quot;\">Spetsifikatsioon<\/span><\/strong><\/p>\n<p class=\"MsoNormal\"><span style=\"color:rgb(14, 16, 26);font-size:12pt;font-family:&quot;Times New Roman&quot;\">V\u00e4rv: must, h\u00f5bedane<\/span><\/p>\n<p class=\"MsoNormal\"><span style=\"color:rgb(14, 16, 26);font-size:12pt;font-family:&quot;Times New Roman&quot;\">Materjal: Vask-raud alumiiniummagnetid<\/span><\/p>\n<p class=\"MsoNormal\"><span style=\"color:rgb(14, 16, 26);font-size:12pt;font-family:&quot;Times New Roman&quot;\">Mootori t\u00fc\u00fcp: harjadega reduktormootor<\/span><\/p>\n<p class=\"MsoNormal\"><span style=\"color:rgb(14, 16, 26);font-size:12pt;font-family:&quot;Times New Roman&quot;\">Nimipinge: 24 V alalisvool<\/span><\/p>\n<p class=\"MsoNormal\"><span style=\"color:rgb(14, 16, 26);font-size:12pt;font-family:&quot;Times New Roman&quot;\">Nimivool: 13A<\/span><\/p>\n<p class=\"MsoNormal\"><span style=\"color:rgb(14, 16, 26);font-size:12pt;font-family:&quot;Times New Roman&quot;\">V\u00e4ljundv\u00f5imsus: 250W<\/span><\/p>\n<p class=\"MsoNormal\"><span style=\"color:rgb(14, 16, 26);font-size:12pt;font-family:&quot;Times New Roman&quot;\">Nimikiirus: 330 p\/min<\/span><\/p>\n<p class=\"MsoNormal\"><span style=\"color:rgb(14, 16, 26);font-size:12pt;font-family:&quot;Times New Roman&quot;\">Kaitsetase: IP33<\/span><\/p>\n<p class=\"MsoNormal\"><span style=\"color:rgb(14, 16, 26);font-size:12pt;font-family:&quot;Times New Roman&quot;\">Isolatsioonitase: F<\/span><\/p>\n<p class=\"MsoNormal\"><span style=\"color:rgb(14, 16, 26);font-size:12pt;font-family:&quot;Times New Roman&quot;\">Harjakontrolleri suurus: 77 * 59 * 35 mm \/ 3,03 * 2,32 * 1,38 tolli<\/span><\/p>\n<p class=\"MsoNormal\"><span style=\"color:rgb(14, 16, 26);font-size:12pt;font-family:&quot;Times New Roman&quot;\">Paki suurus: 25 * 18 * 16 cm \/ 9,84 * 7,09 * 6,3 tolli<\/span><\/p>\n<p class=\"MsoNormal\"><span style=\"color:rgb(14, 16, 26);font-size:12pt;font-family:&quot;Times New Roman&quot;\">Kogukaal: 4 kg \/ 8,82 naela<\/span><\/p>\n<p class=\"MsoNormal\"><span style=\"color:rgb(14, 16, 26);font-size:12pt;font-family:&quot;Times New Roman&quot;\">Netokaal: 3,8 kg \/ 8,38 naela<\/span><\/p>\n<p><\/p>\n<p><span style=\"color:rgb(14, 16, 26);font-size:12pt;font-family:&quot;Times New Roman&quot;\">Oluline m\u00e4rkus:<\/span><\/p>\n<p><\/p>\n<p><span style=\"color:rgb(14, 16, 26);font-size:12pt;font-family:&quot;Times New Roman&quot;\">See toode on m\u00f5eldud jalgratastele, mille rummu l\u00e4bim\u00f5\u00f5t on alla 36 mm.<\/span><\/p>\n<p><\/p>\n<p><span style=\"color:rgb(14, 16, 26);font-size:12pt;font-family:&quot;Times New Roman&quot;\">See toode ei sisalda akut ega laadijat.<\/span><\/p>\n<p><\/p>\n<p><span style=\"color:rgb(14, 16, 26);font-size:12pt;font-family:&quot;Times New Roman&quot;\">See on meie uusim komplekt elektrilise tavalise jalgratta jaoks, see komplekt kinnitab ketiratta ratta kodaratele, seega sobib see enamiku jalgratta ratastega.<\/span><\/p>\n<p><\/p>\n<p><span style=\"color:rgb(14, 16, 26);font-size:12pt;font-family:&quot;Times New Roman&quot;\">Mootor kasutab vabajooksu, seega ratta p\u00f6\u00f6rlemisel mootor ei p\u00f6\u00f6rle, nagu tavalise jalgratta puhul, mis v\u00f5ib v\u00e4hendada takistust.<\/span><\/p>\n<p><\/p>\n<h2><span style=\"background-color:rgb(244, 78, 59);font-size:20px\"><strong>P\u00f6idlaga gaasihoova komplekt sisaldab:<\/strong><\/span><\/h2>\n<p><span style=\"background-color:rgb(252, 196, 0);font-size:16px\"><strong> 1x 250W 24V harjamootor vabak\u00e4iguga<\/strong><\/span><\/p>\n<p><\/p>\n<p><span style=\"background-color:rgb(252, 196, 0);font-size:16px\"><strong> 1x kett<\/strong><\/span><\/p>\n<p><\/p>\n<p><span style=\"background-color:rgb(252, 196, 0);font-size:16px\"><strong> 1x Kohandatud ketiratas ja komponendid<\/strong><\/span><\/p>\n<p><\/p>\n<p><span style=\"background-color:rgb(252, 196, 0);font-size:16px\"><strong> 1x mootori kontroller<\/strong><\/span><\/p>\n<p><\/p>\n<p><span style=\"background-color:rgb(252, 196, 0);font-size:16px\"><strong> 1x kinnitusplaat + poldid<\/strong><\/span><\/p>\n<p><\/p>\n<p><span style=\"background-color:rgb(252, 196, 0);font-size:16px\"><strong> 1x Wuxingi p\u00f6idlaga gaasihoob (aku indikaatori ja l\u00fclitusnupuga)<\/strong><\/span><\/p>\n<p><\/p>\n<p><img decoding=\"async\" src=\"https:\/\/ae01.alicdn.com\/kf\/S34d99d8ea2bc468f81275d57a0e9d4fey.jpg\" slate-data-type=\"image\"\/><img decoding=\"async\" src=\"https:\/\/ae01.alicdn.com\/kf\/S6f48f741f3ec4eea9f40a44e414b424eh.jpg\" slate-data-type=\"image\"\/><img decoding=\"async\" src=\"https:\/\/ae01.alicdn.com\/kf\/Se035d6a8be9b468e8be2ecfcd1e15a17z.jpg\" slate-data-type=\"image\"\/><img decoding=\"async\" src=\"https:\/\/ae01.alicdn.com\/kf\/S09f6729622a9412dba5876eeaa5d7fabk.jpg\" slate-data-type=\"image\"\/><img decoding=\"async\" src=\"https:\/\/ae01.alicdn.com\/kf\/S69dc0d884acc4009870927cae063a535Y.jpg\" slate-data-type=\"image\"\/><img decoding=\"async\" src=\"https:\/\/ae01.alicdn.com\/kf\/S3b950095b3f0421da165180a8f56d5eeV.jpg\" slate-data-type=\"image\"\/><img decoding=\"async\" src=\"https:\/\/ae01.alicdn.com\/kf\/S4d92be745b284480903b3da538d048d7G.png\" slate-data-type=\"image\"\/><\/p>\n<h2><\/h2>\n<p><span style=\"background-color:rgb(244, 78, 59);font-size:20px\"><strong>Keeratava gaasihoova komplekt sisaldab:<\/strong><\/span><\/p>\n<p><span style=\"background-color:rgb(252, 196, 0);font-size:16px\"><strong>1 * harjatud reduktormootor<\/strong><\/span><\/p>\n<p><span style=\"background-color:rgb(252, 196, 0);font-size:16px\"><strong>1* kinnitusplaat<\/strong><\/span><\/p>\n<p><span style=\"background-color:rgb(252, 196, 0);font-size:16px\"><strong>1 * harjakontroller<\/strong><\/span><\/p>\n<p><span style=\"background-color:rgb(252, 196, 0);font-size:16px\"><strong>1* Hammasketas<\/strong><\/span><\/p>\n<p><span style=\"background-color:rgb(252, 196, 0);font-size:16px\"><strong>1* kett<\/strong><\/span><\/p>\n<p><span style=\"background-color:rgb(252, 196, 0);font-size:16px\"><strong>2 * klambripadjad<\/strong><\/span><\/p>\n<p><span style=\"background-color:rgb(252, 196, 0);font-size:16px\"><strong>1 * keeratav drosselklapp (pingeekraani ja v\u00f5tmega l\u00fclitiga)<\/strong><\/span><\/p>\n<p><span style=\"background-color:rgb(252, 196, 0);font-size:16px\"><strong>1* lenks<\/strong><\/span><\/p>\n<p><span style=\"background-color:rgb(252, 196, 0);font-size:16px\"><strong>Muud kasutatavad tarvikud<\/strong><\/span><\/p>\n<p><img decoding=\"async\" src=\"https:\/\/ae01.alicdn.com\/kf\/S58cdf5e4b4e94bd089043c0860c04fa1b.jpg\" slate-data-type=\"image\"\/><img decoding=\"async\" src=\"https:\/\/ae01.alicdn.com\/kf\/Sc6a4440e530245ca939a435b9559fa92D.jpg\" slate-data-type=\"image\"\/><img decoding=\"async\" src=\"https:\/\/ae01.alicdn.com\/kf\/Sd7d2e58a244e438ab53b78f332ef5f02a.jpg\" slate-data-type=\"image\"\/><img decoding=\"async\" src=\"https:\/\/ae01.alicdn.com\/kf\/Sf0919656da704580932da9f8d73ae0beL.jpg\" slate-data-type=\"image\"\/><img decoding=\"async\" src=\"https:\/\/ae01.alicdn.com\/kf\/Sd527048bef7049ec9e7adfe9238b2f0bF.jpg\" slate-data-type=\"image\"\/><img decoding=\"async\" src=\"https:\/\/ae01.alicdn.com\/kf\/S5e5f897427c54b11802016843657a2a1W.jpg\" slate-data-type=\"image\"\/><img decoding=\"async\" src=\"https:\/\/ae01.alicdn.com\/kf\/S7a3f60286af946e3b471a1a801022143R.jpg\" slate-data-type=\"image\"\/><img decoding=\"async\" src=\"https:\/\/ae01.alicdn.com\/kf\/S0fc31b6fd3024bc6ace9a41ae9197fb6m.jpg\" slate-data-type=\"image\"\/><img decoding=\"async\" src=\"https:\/\/ae01.alicdn.com\/kf\/S7b962764f278473ca5e773fe4eb7dd05R.jpg\" slate-data-type=\"image\"\/><img decoding=\"async\" src=\"https:\/\/ae01.alicdn.com\/kf\/S953911251e104eff82f82567cdf043be1.jpg\" slate-data-type=\"image\"\/><img decoding=\"async\" src=\"https:\/\/ae01.alicdn.com\/kf\/S292b6e3fbfd34c1eb8ef0e199854e89eI.jpg\" slate-data-type=\"image\"\/><img decoding=\"async\" src=\"https:\/\/ae01.alicdn.com\/kf\/Se42e2455dc3641d39eabe649c073a4b2H.jpg\" slate-data-type=\"image\"\/><img decoding=\"async\" src=\"https:\/\/ae01.alicdn.com\/kf\/Sfdc05fa2ed27454fa34f90652940cc4b5.jpg\" slate-data-type=\"image\"\/><\/p>\n<p class=\"MsoNormal\"><strong><span style=\"color:rgb(14, 16, 26);font-size:15pt;font-family:&quot;Times New Roman&quot;\">M\u00e4rkused<\/span><\/strong><\/p>\n<p style=\"margin-left:21pt\" class=\"MsoNormal\"><span style=\"color:rgb(14, 16, 26);font-size:12pt;font-family:&quot;Times New Roman&quot;\"><span>1.\u00a0<\/span><\/span><span style=\"color:rgb(14, 16, 26);font-size:12pt;font-family:&quot;Times New Roman&quot;\">Palun arvestage, et see toode ei sisalda jalgrattaid.<\/span><\/p>\n<p style=\"margin-left:21pt\" class=\"MsoNormal\"><span style=\"color:rgb(14, 16, 26);font-size:12pt;font-family:&quot;Times New Roman&quot;\"><span>2.\u00a0<\/span><\/span><span style=\"color:rgb(14, 16, 26);font-size:12pt;font-family:&quot;Times New Roman&quot;\">See toode sobib jalgratastele, mille rattarummu l\u00e4bim\u00f5\u00f5t on alla 1,38 tolli.<\/span><\/p>\n<p style=\"margin-left:21pt\" class=\"MsoNormal\"><span style=\"color:rgb(14, 16, 26);font-size:12pt;font-family:&quot;Times New Roman&quot;\"><span>3.\u00a0<\/span><\/span><span style=\"color:rgb(14, 16, 26);font-size:12pt;font-family:&quot;Times New Roman&quot;\">See toode ei sisalda akusid ega laadijaid.<\/span><\/p>\n<p style=\"margin-left:21pt\" class=\"MsoNormal\"><span style=\"color:rgb(14, 16, 26);font-size:12pt;font-family:&quot;Times New Roman&quot;\"><span>4.\u00a0<\/span><\/span><span style=\"color:rgb(14, 16, 26);font-size:12pt;font-family:&quot;Times New Roman&quot;\">Palun arvestage pildistamisvalgusest tingitud v\u00e4ikese v\u00e4rvierinevuse ja k\u00e4sitsi m\u00f5\u00f5tmisest tuleneva 1-3 cm veaga ning veenduge enne tellimist, et te ei pane pahaks.<\/span><\/p>","protected":false},"excerpt":{"rendered":"<p>Hign-concerned Chemical:&nbsp;None Wattage:&nbsp;201 &#8211; 300w Design:&nbsp;Brushed Voltage:&nbsp;24V Brand Name:&nbsp;Bymaocar Origin:&nbsp;Mainland China Motor:&nbsp;Low-speed Brush Motor 250W 24V Electric Bicycle Conversion Kit MTB Brushed Motor Modification Electric Bike Complete Kit with Freewheel<\/p>","protected":false},"featured_media":7591,"comment_status":"open","ping_status":"closed","template":"","meta":{"_acf_changed":false},"product_brand":[],"product_cat":[242],"product_tag":[],"class_list":{"0":"post-7590","1":"product","2":"type-product","3":"status-publish","4":"has-post-thumbnail","6":"product_cat-kits","8":"first","9":"instock","10":"shipping-taxable","11":"purchasable","12":"product-type-variable"},"acf":[],"_links":{"self":[{"href":"https:\/\/www.electricstore.eu\/et\/wp-json\/wp\/v2\/product\/7590","targetHints":{"allow":["GET"]}}],"collection":[{"href":"https:\/\/www.electricstore.eu\/et\/wp-json\/wp\/v2\/product"}],"about":[{"href":"https:\/\/www.electricstore.eu\/et\/wp-json\/wp\/v2\/types\/product"}],"replies":[{"embeddable":true,"href":"https:\/\/www.electricstore.eu\/et\/wp-json\/wp\/v2\/comments?post=7590"}],"wp:featuredmedia":[{"embeddable":true,"href":"https:\/\/www.electricstore.eu\/et\/wp-json\/wp\/v2\/media\/7591"}],"wp:attachment":[{"href":"https:\/\/www.electricstore.eu\/et\/wp-json\/wp\/v2\/media?parent=7590"}],"wp:term":[{"taxonomy":"product_brand","embeddable":true,"href":"https:\/\/www.electricstore.eu\/et\/wp-json\/wp\/v2\/product_brand?post=7590"},{"taxonomy":"product_cat","embeddable":true,"href":"https:\/\/www.electricstore.eu\/et\/wp-json\/wp\/v2\/product_cat?post=7590"},{"taxonomy":"product_tag","embeddable":true,"href":"https:\/\/www.electricstore.eu\/et\/wp-json\/wp\/v2\/product_tag?post=7590"}],"curies":[{"name":"wp","href":"https:\/\/api.w.org\/{rel}","templated":true}]}}