{"id":7574,"date":"2025-05-15T19:32:53","date_gmt":"2025-05-15T19:32:53","guid":{"rendered":"https:\/\/electricstore.eu\/product\/usamr-500ah-12v-lifepo4-battery\/"},"modified":"2025-05-20T13:42:13","modified_gmt":"2025-05-20T13:42:13","slug":"usamr-500ah-12v-lifepo4-battery","status":"publish","type":"product","link":"https:\/\/www.electricstore.eu\/et\/p\/batteries\/lifepo4-batteries\/200ah-lifepo4-batteries\/usamr-500ah-12v-lifepo4-battery\/","title":{"rendered":"USAMR 500Ah 12V LiFePO4 aku"},"content":{"rendered":"<div class=\"product-specs-list-container\">\n<ul class=\"product-specs-list util-clearfix\">\n<li class=\"product-prop line-limit-length\"><span class=\"property-title\">Nimimaht:\u00a0<\/span><span class=\"property-desc line-limit-length\">500AH<\/span><\/li>\n<li class=\"product-prop line-limit-length\"><span class=\"property-title\">Kaal:\u00a0<\/span><span class=\"property-desc line-limit-length\">Umbes 39,3 kg<\/span><\/li>\n<li class=\"product-prop line-limit-length\"><span class=\"property-title\">Pinge:\u00a0<\/span><span class=\"property-desc line-limit-length\">12V<\/span><\/li>\n<li class=\"product-prop line-limit-length\"><span class=\"property-title\">Suurus:\u00a0<\/span><span class=\"property-desc line-limit-length\">430x240x270 mm<\/span><\/li>\n<li class=\"product-prop line-limit-length\"><span class=\"property-title\">Mudelinumber:\u00a0<\/span><span class=\"property-desc line-limit-length\">12 V Liferpo4 aku<\/span><\/li>\n<li class=\"product-prop line-limit-length\"><span class=\"property-title\">T\u00fc\u00fcp:\u00a0<\/span><span class=\"property-desc line-limit-length\">LiFePO4<\/span><\/li>\n<li class=\"product-prop line-limit-length\"><span class=\"property-title\">Br\u00e4ndi nimi:\u00a0<\/span><span class=\"property-desc line-limit-length\">Likctt<\/span><\/li>\n<li class=\"product-prop line-limit-length\"><span class=\"property-title\">P\u00e4ritolu:\u00a0<\/span><span class=\"property-desc line-limit-length\">Mandri-Hiina<\/span><\/li>\n<\/ul>\n<\/div>\n<div class=\"detailmodule_html\">\n<div class=\"detail-desc-decorate-richtext\">\n<p style=\"text-align: left; color: #ff0000; font-size: 20px; font-weight: bold;\">Transport Euroopa Liidus, \u00dchendkuningriigis, Ameerika \u00dchendriikides, Kanadas ja Aasias MAKSUVABA.<\/p>\n<p style=\"text-align: left; color: #434649; font-size: 13px;\">EL-i ladu (Poola ladu) on saabunud. S\u00f5brad, kes seda vajavad, saavad kohe tellimuse esitada. Esmalt esitage tellimus ja korraldage saatmine. Saate kauba k\u00e4tte 3-7 p\u00e4eva jooksul p\u00e4rast saatmist.<br \/>Aku t\u00fc\u00fcp:<br \/>Aku mahtuvus: 500 ah<br \/>Aku suurus: 430 * 240 * 270 mm (+\/- 10 mm)<br \/>Kaal: 39,3 kg (+\/- 0,5 kg)<br \/>Sisseehitatud: 3,2 V LiFePO4 aku<br \/>Nimipinge: 12,8 V<br \/>Maksimaalne laadimisvool: 50A<br \/>Hetkeline t\u00fchjendusvool: 200A<br \/>Pidev t\u00fchjendusvool: 100A<br \/>Eluiga: 6000 ts\u00fcklit v\u00f5i rohkem<br \/>Korpuse materjal: Matel<br \/>Laadimistemperatuur: 0\u201345 \u00b0C<br \/>T\u00fchjendustemperatuur: -20~60\u00b0C<br \/>S\u00e4ilitustemperatuur: -20~65 \u00b0C<br \/>T\u00f6\u00f6pinge vahemik: 8,0 V\u201314,6 V<br \/>\u00dclekoormuskaitse pinge: 14,6 V \u00b1 0,05 V<br \/>Kaitsepinge \u00fclekoormuse eest: 8,0 V \u00b1 0,05 V<br \/>Kaitse aku temperatuuri: 60\u00b0C + 5\u00b0C<br \/>V\u00e4ljund ja parameetrid: suure voolutugevusega positiivne\/negatiivne \u00fchenduskolonn (punane positiivne, must negatiivne)<\/p>\n<p><img fetchpriority=\"high\" decoding=\"async\" style=\"width: 100%; height: auto; vertical-align: middle;\" src=\"https:\/\/ae01.alicdn.com\/kf\/Sd877e7644c8f4d3196748c53f5a8741dn.jpg\" width=\"1000\" height=\"1000\" \/><img decoding=\"async\" style=\"width: 100%; height: auto; vertical-align: middle;\" src=\"https:\/\/ae01.alicdn.com\/kf\/S9058fa1bec344b5f8240fb6ca48808f5w.jpg\" width=\"1000\" height=\"1000\" \/><img decoding=\"async\" style=\"width: 100%; height: auto; vertical-align: middle;\" src=\"https:\/\/ae01.alicdn.com\/kf\/S8545d111efbb41beba9ccb647eb2e0bbP.jpg\" width=\"1000\" height=\"1000\" \/><img loading=\"lazy\" decoding=\"async\" style=\"width: 100%; height: auto; vertical-align: middle;\" src=\"https:\/\/ae01.alicdn.com\/kf\/S1c9bd8397329465d9023bf1d760e5aadC.jpg?width=1000&amp;height=1000&amp;hash=2000\" width=\"1000\" height=\"1000\" \/><img loading=\"lazy\" decoding=\"async\" style=\"width: 100%; height: auto; vertical-align: middle;\" src=\"https:\/\/ae01.alicdn.com\/kf\/S489c689a043243cbac59ce467d13df0dv.jpg?width=1000&amp;height=1000&amp;hash=2000\" width=\"1000\" height=\"1000\" \/><img loading=\"lazy\" decoding=\"async\" style=\"width: 100%; height: auto; vertical-align: middle;\" src=\"https:\/\/ae01.alicdn.com\/kf\/Sad30417a2ed1492fb8f6200b937e0895L.jpg?width=1000&amp;height=1000&amp;hash=2000\" width=\"1000\" height=\"1000\" \/><img loading=\"lazy\" decoding=\"async\" style=\"width: 100%; height: auto; vertical-align: middle;\" src=\"https:\/\/ae01.alicdn.com\/kf\/S37076c5d5a274f3a9518a80bfa2013ad8.jpg?width=1000&amp;height=1000&amp;hash=2000\" width=\"1000\" height=\"1000\" \/><img loading=\"lazy\" decoding=\"async\" style=\"width: 100%; height: auto; vertical-align: middle;\" src=\"https:\/\/ae01.alicdn.com\/kf\/Sad01bdea2fc94119be5345b9d347c59e1.jpg?width=1000&amp;height=1000&amp;hash=2000\" width=\"1000\" height=\"1000\" \/><img loading=\"lazy\" decoding=\"async\" style=\"width: 100%; height: auto; vertical-align: middle;\" src=\"https:\/\/ae01.alicdn.com\/kf\/S5eecd84a030b4a388a6911fdf21988b5u.jpg?width=1000&amp;height=1000&amp;hash=2000\" width=\"1000\" height=\"1000\" \/><\/p>\n<p style=\"text-align: left; color: #434649; font-size: 13px;\">Elektrienergia rakendus<\/p>\n<p style=\"text-align: left; color: #434649; font-size: 13px;\">\u25cf K\u00e4ivitage akumootor<\/p>\n<p style=\"text-align: left; color: #434649; font-size: 13px;\">\u25cf \u00c4ribussid ja bussid:<\/p>\n<p style=\"text-align: left; color: #434649; font-size: 13px;\">Elektriautod, elektribussid, golfik\u00e4rud\/elektrilised jalgrattad, t\u00f5ukerattad, haagissuvilad, AGV-d, merejalav\u00e4elased, bussid, haagissuvilad, ratastoolid,<\/p>\n<p style=\"text-align: left; color: #434649; font-size: 13px;\">Elektroonilised veoautod, elektroonilised p\u00fchkimismasinad, p\u00f5randapuhastusvahendid, elektroonilised k\u00e4imisvahendid jne.<\/p>\n<p style=\"text-align: left; color: #434649; font-size: 13px;\">\u25cf Nutikas robot<\/p>\n<p style=\"text-align: left; color: #434649; font-size: 13px;\">\u25cf Elektrilised t\u00f6\u00f6riistad: elektrilised puurid, m\u00e4nguasjad<\/p>\n<p style=\"text-align: left; color: #434649; font-size: 13px;\">Energia salvestamine<\/p>\n<p style=\"text-align: left; color: #434649; font-size: 13px;\">\u25cf P\u00e4ikeseenergia tuuleenergia s\u00fcsteem<\/p>\n<p style=\"text-align: left; color: #434649; font-size: 13px;\">\u25cf Linnav\u00f5rk (sisse\/v\u00e4lja)<\/p>\n<p style=\"text-align: left; color: #434649; font-size: 13px;\">Varus\u00fcsteem ja UPS<\/p>\n<p style=\"text-align: left; color: #434649; font-size: 13px;\">\u25cf Telekommunikatsioonibaas, kaabeltelevisioonis\u00fcsteem, arvutiserverikeskus, meditsiiniseadmed, s\u00f5javarustus<\/p>\n<p style=\"text-align: left; color: #434649; font-size: 13px;\">muud rakendused<\/p>\n<p style=\"text-align: left; color: #434649; font-size: 13px;\">\u25cf Ohutus ja elektroonika, mobiilne m\u00fc\u00fcgipunkt, kaevandusvalgustus \/ taskulamp \/ LED-tuled \/ avariivalgustus<\/p>\n<p style=\"text-align: left; color: #434649; font-size: 13px;\">Toote eelised:<\/p>\n<p style=\"text-align: left; color: #434649; font-size: 13px;\">Lihtne kaasas kanda, suure mahutavusega, suure vabastusv\u00f5imega platvorm, pikk t\u00f6\u00f6aeg, pikk eluiga, ohutus ja keskkonnakaitse<\/p>\n<p><img loading=\"lazy\" decoding=\"async\" style=\"width: 100%; height: auto; vertical-align: middle;\" src=\"https:\/\/ae01.alicdn.com\/kf\/S27b23c2fe70a4c37899b54c92940cb610.jpg\" width=\"1000\" height=\"1000\" \/><\/p>\n<\/div>\n<\/div>","protected":false},"excerpt":{"rendered":"<p>Nominal Capacity:\u00a0500AH Weight:\u00a0About 39.3kg Voltage:\u00a012V Size:\u00a0430x240x270mm Model Number:\u00a012V Liferpo4 Battery Type:\u00a0LiFePO4 Brand Name:\u00a0Likctt Origin:\u00a0Mainland China Transportation in the European Union, United Kingdom,the United States, Canada, and Asian TAX FREE. The<\/p>","protected":false},"featured_media":7575,"comment_status":"open","ping_status":"closed","template":"","meta":{"_acf_changed":false},"product_brand":[],"product_cat":[238],"product_tag":[243],"class_list":{"0":"post-7574","1":"product","2":"type-product","3":"status-publish","4":"has-post-thumbnail","6":"product_cat-200ah-lifepo4-batteries","7":"product_tag-usamr","9":"first","10":"instock","11":"shipping-taxable","12":"purchasable","13":"product-type-simple"},"acf":[],"_links":{"self":[{"href":"https:\/\/www.electricstore.eu\/et\/wp-json\/wp\/v2\/product\/7574","targetHints":{"allow":["GET"]}}],"collection":[{"href":"https:\/\/www.electricstore.eu\/et\/wp-json\/wp\/v2\/product"}],"about":[{"href":"https:\/\/www.electricstore.eu\/et\/wp-json\/wp\/v2\/types\/product"}],"replies":[{"embeddable":true,"href":"https:\/\/www.electricstore.eu\/et\/wp-json\/wp\/v2\/comments?post=7574"}],"wp:featuredmedia":[{"embeddable":true,"href":"https:\/\/www.electricstore.eu\/et\/wp-json\/wp\/v2\/media\/7575"}],"wp:attachment":[{"href":"https:\/\/www.electricstore.eu\/et\/wp-json\/wp\/v2\/media?parent=7574"}],"wp:term":[{"taxonomy":"product_brand","embeddable":true,"href":"https:\/\/www.electricstore.eu\/et\/wp-json\/wp\/v2\/product_brand?post=7574"},{"taxonomy":"product_cat","embeddable":true,"href":"https:\/\/www.electricstore.eu\/et\/wp-json\/wp\/v2\/product_cat?post=7574"},{"taxonomy":"product_tag","embeddable":true,"href":"https:\/\/www.electricstore.eu\/et\/wp-json\/wp\/v2\/product_tag?post=7574"}],"curies":[{"name":"wp","href":"https:\/\/api.w.org\/{rel}","templated":true}]}}