{"id":7568,"date":"2025-05-15T19:32:45","date_gmt":"2025-05-15T19:32:45","guid":{"rendered":"https:\/\/electricstore.eu\/product\/usamr-50ah-12v-lifepo4-battery-4\/"},"modified":"2025-05-20T13:35:38","modified_gmt":"2025-05-20T13:35:38","slug":"usamr-50ah-12v-lifepo4-battery-4","status":"publish","type":"product","link":"https:\/\/www.electricstore.eu\/et\/p\/batteries\/lifepo4-batteries\/100ah\/usamr-50ah-12v-lifepo4-battery-4\/","title":{"rendered":"USAMR 50Ah 12V LiFePO4 aku"},"content":{"rendered":"<div class=\"product-specs-list-container\">\n<ul class=\"product-specs-list util-clearfix\">\n<li class=\"product-prop line-limit-length\"><span\n                                        class=\"property-title\">Nimimaht:&nbsp;<\/span><span\n                                        class=\"property-desc line-limit-length\">50AH<\/span>\n                            <\/li>\n<li class=\"product-prop line-limit-length\"><span\n                                        class=\"property-title\">Kaal:&nbsp;<\/span><span\n                                        class=\"property-desc line-limit-length\">About 7.2kg<\/span>\n                            <\/li>\n<li class=\"product-prop line-limit-length\"><span\n                                        class=\"property-title\">Suurus:&nbsp;<\/span><span\n                                        class=\"property-desc line-limit-length\">230*230*180mm<\/span>\n                            <\/li>\n<li class=\"product-prop line-limit-length\"><span\n                                        class=\"property-title\">Rakendus:&nbsp;<\/span><span\n                                        class=\"property-desc line-limit-length\">Elektriauto, haagissuvila, merepaat, veomootor, kodune energia, p\u00e4ikeseenergia salvestamine, v\u00f5rguv\u00e4line p\u00e4ikeseenergia s\u00fcsteem, muud<\/span>\n                            <\/li>\n<li class=\"product-prop line-limit-length\"><span\n                                        class=\"property-title\">Mudelinumber:&nbsp;<\/span><span\n                                        class=\"property-desc line-limit-length\">12 V Liferpo4 aku<\/span>\n                            <\/li>\n<li class=\"product-prop line-limit-length\"><span\n                                        class=\"property-title\">T\u00fc\u00fcp:&nbsp;<\/span><span\n                                        class=\"property-desc line-limit-length\">LiFePO4<\/span>\n                            <\/li>\n<li class=\"product-prop line-limit-length\"><span\n                                        class=\"property-title\">Br\u00e4ndi nimi:&nbsp;<\/span><span\n                                        class=\"property-desc line-limit-length\">Likctt<\/span>\n                            <\/li>\n<li class=\"product-prop line-limit-length\"><span\n                                        class=\"property-title\">P\u00e4ritolu:&nbsp;<\/span><span\n                                        class=\"property-desc line-limit-length\">Mandri-Hiina<\/span>\n                            <\/li>\n<\/ul><\/div>\n<div class=\"detailmodule_html\">\n<div class=\"detail-desc-decorate-richtext\">\n<p class=\"word-break white-space mt-10\" style=\"color:#ff0000;\">Transport Euroopa Liidus, \u00dchendkuningriigis, Ameerika \u00dchendriikides, Kanadas ja Aasias MAKSUVABA.<\/p>\n<p class=\"word-break white-space mt-10\" style=\"color:#434649;\">EL-i ladu (Poola ladu) on saabunud. S\u00f5brad, kes seda vajavad, saavad kohe tellimuse esitada. Esmalt esitage tellimus ja korraldage saatmine. Saate kauba k\u00e4tte 3-7 p\u00e4eva jooksul p\u00e4rast saatmist.<\/p>\n<p class=\"word-break white-space mt-10\" style=\"color:#434649;\">Aku t\u00fc\u00fcp:<\/p>\n<p class=\"word-break white-space mt-10\" style=\"color:#434649;\">Aku mahtuvus: 50ah<\/p>\n<p class=\"word-break white-space mt-10\" style=\"color:#434649;\">Aku suurus: 230 * 230 * 180 mm (+\/- 10 mm)<\/p>\n<p class=\"word-break white-space mt-10\" style=\"color:#434649;\">Weight:7.2kg(+\/-0.5kg)<\/p>\n<p class=\"word-break white-space mt-10\" style=\"color:#434649;\">Sisseehitatud: 3,2 V LiFePO4 aku<\/p>\n<p class=\"word-break white-space mt-10\" style=\"color:#434649;\">Nimipinge: 12,8 V<\/p>\n<p class=\"word-break white-space mt-10\" style=\"color:#434649;\">Maksimaalne laadimisvool: 50A<\/p>\n<p class=\"word-break white-space mt-10\" style=\"color:#434649;\">Hetkeline t\u00fchjendusvool: 200A<\/p>\n<p class=\"word-break white-space mt-10\" style=\"color:#434649;\">Pidev t\u00fchjendusvool: 100A<\/p>\n<p class=\"word-break white-space mt-10\" style=\"color:#434649;\">Eluiga: 6000 ts\u00fcklit v\u00f5i rohkem<\/p>\n<p class=\"word-break white-space mt-10\" style=\"color:#434649;\">Laadimistemperatuur: 0\u201345 \u00b0C<\/p>\n<p class=\"word-break white-space mt-10\" style=\"color:#434649;\">T\u00fchjendustemperatuur: -20~60\u00b0C<\/p>\n<p class=\"word-break white-space mt-10\" style=\"color:#434649;\">S\u00e4ilitustemperatuur: -20~65 \u00b0C<\/p>\n<p class=\"word-break white-space mt-10\" style=\"color:#434649;\">T\u00f6\u00f6pinge vahemik: 8,0 V\u201314,6 V<\/p>\n<p class=\"word-break white-space mt-10\" style=\"color:#434649;\">\u00dclekoormuskaitse pinge: 14,6 V \u00b1 0,05 V<\/p>\n<p class=\"word-break white-space mt-10\" style=\"color:#434649;\">Kaitsepinge \u00fclekoormuse eest: 8,0 V \u00b1 0,05 V<\/p>\n<p class=\"word-break white-space mt-10\" style=\"color:#434649;\">Kaitse aku temperatuuri: 60\u00b0C + 5\u00b0C<\/p>\n<p class=\"word-break white-space mt-10\" style=\"color:#434649;\">V\u00e4ljund ja parameetrid: suure voolutugevusega positiivne\/negatiivne \u00fchenduskolonn (punane positiivne, must negatiivne)<\/p>\n<p><img fetchpriority=\"high\" decoding=\"async\" height=\"1000\" referrerpolicy=\"no-referrer\" src=\"https:\/\/ae01.alicdn.com\/kf\/S2301656b5dd049e7a08e32f18f1204ddr.jpg\" style=\"width: 100%; height: auto; vertical-align: middle;\" width=\"1000\"><img decoding=\"async\" height=\"1000\" referrerpolicy=\"no-referrer\" src=\"https:\/\/ae01.alicdn.com\/kf\/S06751bbb6cc94d5d946b6a0377d9331fB.jpg\" style=\"width: 100%; height: auto; vertical-align: middle;\" width=\"1000\"><img decoding=\"async\" height=\"1000\" referrerpolicy=\"no-referrer\" src=\"https:\/\/ae01.alicdn.com\/kf\/Sc43a2401998244018007a4057009178eR.jpg\" style=\"width: 100%; height: auto; vertical-align: middle;\" width=\"1000\"><img loading=\"lazy\" decoding=\"async\" height=\"1000\" referrerpolicy=\"no-referrer\" src=\"https:\/\/ae01.alicdn.com\/kf\/S5f6d67cfda8c4b5584d60924cb75c9cej.jpg\" style=\"width: 100%; height: auto; vertical-align: middle;\" width=\"1000\"><img loading=\"lazy\" decoding=\"async\" height=\"1000\" referrerpolicy=\"no-referrer\" src=\"https:\/\/ae01.alicdn.com\/kf\/Sb950945b25a6469cafda2a1c53f8af15D.jpg?width=1000&#038;height=1000&#038;hash=2000\" style=\"width: 100%; height: auto; vertical-align: middle;\" width=\"1000\"><img loading=\"lazy\" decoding=\"async\" height=\"1000\" referrerpolicy=\"no-referrer\" src=\"https:\/\/ae01.alicdn.com\/kf\/S774256bcdfd3468191fc071a8668305di.jpg?width=1000&#038;height=1000&#038;hash=2000\" style=\"width: 100%; height: auto; vertical-align: middle;\" width=\"1000\"><img loading=\"lazy\" decoding=\"async\" height=\"1000\" referrerpolicy=\"no-referrer\" src=\"https:\/\/ae01.alicdn.com\/kf\/S5b7f424d17354aa2a6edb8abb5fa29847.jpg?width=1000&#038;height=1000&#038;hash=2000\" style=\"width: 100%; height: auto; vertical-align: middle;\" width=\"1000\"><img loading=\"lazy\" decoding=\"async\" height=\"1000\" referrerpolicy=\"no-referrer\" src=\"https:\/\/ae01.alicdn.com\/kf\/S0ca327f7a9f443f69d010c0b2d57b949o.jpg?width=1000&#038;height=1000&#038;hash=2000\" style=\"width: 100%; height: auto; vertical-align: middle;\" width=\"1000\"><img loading=\"lazy\" decoding=\"async\" height=\"1000\" referrerpolicy=\"no-referrer\" src=\"https:\/\/ae01.alicdn.com\/kf\/Sc9cb5ec845ca4ff6a9c59a067bde0419Y.jpg?width=1000&#038;height=1000&#038;hash=2000\" style=\"width: 100%; height: auto; vertical-align: middle;\" width=\"1000\"><\/p>\n<p class=\"word-break white-space mt-10\" style=\"color:#434649;\">Elektrienergia rakendus<\/p>\n<p class=\"word-break white-space mt-10\" style=\"color:#434649;\">\u25cf K\u00e4ivitage akumootor<\/p>\n<p class=\"word-break white-space mt-10\" style=\"color:#434649;\">\u25cf \u00c4ribussid ja bussid:<\/p>\n<p class=\"word-break white-space mt-10\" style=\"color:#434649;\">Elektriautod, elektribussid, golfik\u00e4rud\/elektrilised jalgrattad, t\u00f5ukerattad, haagissuvilad, AGV-d, merejalav\u00e4elased, bussid, haagissuvilad, ratastoolid,<\/p>\n<p class=\"word-break white-space mt-10\" style=\"color:#434649;\">Elektroonilised veoautod, elektroonilised p\u00fchkimismasinad, p\u00f5randapuhastusvahendid, elektroonilised k\u00e4imisvahendid jne.<\/p>\n<p class=\"word-break white-space mt-10\" style=\"color:#434649;\">\u25cf Nutikas robot<\/p>\n<p class=\"word-break white-space mt-10\" style=\"color:#434649;\">\u25cf Elektrilised t\u00f6\u00f6riistad: elektrilised puurid, m\u00e4nguasjad<\/p>\n<p class=\"word-break white-space mt-10\" style=\"color:#434649;\">Energia salvestamine<\/p>\n<p class=\"word-break white-space mt-10\" style=\"color:#434649;\">\u25cf P\u00e4ikeseenergia tuuleenergia s\u00fcsteem<\/p>\n<p class=\"word-break white-space mt-10\" style=\"color:#434649;\">\u25cf Linnav\u00f5rk (sisse\/v\u00e4lja)<\/p>\n<p class=\"word-break white-space mt-10\" style=\"color:#434649;\">Varus\u00fcsteem ja UPS<\/p>\n<p class=\"word-break white-space mt-10\" style=\"color:#434649;\">\u25cf Telekommunikatsioonibaas, kaabeltelevisioonis\u00fcsteem, arvutiserverikeskus, meditsiiniseadmed, s\u00f5javarustus<\/p>\n<p class=\"word-break white-space mt-10\" style=\"color:#434649;\">\u25cf Ohutus ja elektroonika, mobiilne m\u00fc\u00fcgipunkt, kaevandusvalgustus \/ taskulamp \/ LED-tuled \/ avariivalgustus<\/p>\n<p class=\"word-break white-space mt-10\" style=\"color:#434649;\">Toote eelised:<\/p>\n<p class=\"word-break white-space mt-10\" style=\"color:#434649;\">Lihtne kaasas kanda, suure mahutavusega, suure vabastusv\u00f5imega platvorm, pikk t\u00f6\u00f6aeg, pikk eluiga, ohutus ja keskkonnakaitse<\/p>\n<p><img loading=\"lazy\" decoding=\"async\" height=\"1000\" referrerpolicy=\"no-referrer\" src=\"https:\/\/ae01.alicdn.com\/kf\/S27b23c2fe70a4c37899b54c92940cb610.jpg\" style=\"width: 100%; height: auto; vertical-align: middle;\" width=\"1000\"><\/div>\n<\/div>","protected":false},"excerpt":{"rendered":"<p>Nominal Capacity:&nbsp;50AH Weight:&nbsp;About 7.2kg Size:&nbsp;230*230*180mm Application:&nbsp;EV,RV,Marine Boat,Trolling Motor,Home Energy,Solar Power Storage,Off-Grid Solar Power System,Others Model Number:&nbsp;12V Liferpo4 Battery Type:&nbsp;LiFePO4 Brand Name:&nbsp;Likctt Origin:&nbsp;Mainland China Transportation in the European Union, United Kingdom,the<\/p>","protected":false},"featured_media":7533,"comment_status":"open","ping_status":"closed","template":"","meta":{"_acf_changed":false},"product_brand":[],"product_cat":[236],"product_tag":[243],"class_list":{"0":"post-7568","1":"product","2":"type-product","3":"status-publish","4":"has-post-thumbnail","6":"product_cat-100ah","7":"product_tag-usamr","9":"first","10":"instock","11":"shipping-taxable","12":"purchasable","13":"product-type-simple"},"acf":[],"_links":{"self":[{"href":"https:\/\/www.electricstore.eu\/et\/wp-json\/wp\/v2\/product\/7568","targetHints":{"allow":["GET"]}}],"collection":[{"href":"https:\/\/www.electricstore.eu\/et\/wp-json\/wp\/v2\/product"}],"about":[{"href":"https:\/\/www.electricstore.eu\/et\/wp-json\/wp\/v2\/types\/product"}],"replies":[{"embeddable":true,"href":"https:\/\/www.electricstore.eu\/et\/wp-json\/wp\/v2\/comments?post=7568"}],"wp:featuredmedia":[{"embeddable":true,"href":"https:\/\/www.electricstore.eu\/et\/wp-json\/wp\/v2\/media\/7533"}],"wp:attachment":[{"href":"https:\/\/www.electricstore.eu\/et\/wp-json\/wp\/v2\/media?parent=7568"}],"wp:term":[{"taxonomy":"product_brand","embeddable":true,"href":"https:\/\/www.electricstore.eu\/et\/wp-json\/wp\/v2\/product_brand?post=7568"},{"taxonomy":"product_cat","embeddable":true,"href":"https:\/\/www.electricstore.eu\/et\/wp-json\/wp\/v2\/product_cat?post=7568"},{"taxonomy":"product_tag","embeddable":true,"href":"https:\/\/www.electricstore.eu\/et\/wp-json\/wp\/v2\/product_tag?post=7568"}],"curies":[{"name":"wp","href":"https:\/\/api.w.org\/{rel}","templated":true}]}}