{"id":7565,"date":"2025-05-15T19:32:42","date_gmt":"2025-05-15T19:32:42","guid":{"rendered":"https:\/\/electricstore.eu\/product\/usamr-100ah-48v-lifepo4-battery\/"},"modified":"2025-05-20T13:41:12","modified_gmt":"2025-05-20T13:41:12","slug":"usamr-100ah-48v-lifepo4-battery","status":"publish","type":"product","link":"https:\/\/www.electricstore.eu\/et\/p\/batteries\/lifepo4-batteries\/100-200ah-lifepo4-batteries\/usamr-100ah-48v-lifepo4-battery\/","title":{"rendered":"USAMR 100Ah 48V LiFePO4 aku"},"content":{"rendered":"<div class=\"product-specs-list-container\">\n<ul class=\"product-specs-list util-clearfix\">\n<li class=\"product-prop line-limit-length\"><span\n                                        class=\"property-title\">Nimimaht:&nbsp;<\/span><span\n                                        class=\"property-desc line-limit-length\">100AH<\/span>\n                            <\/li>\n<li class=\"product-prop line-limit-length\"><span\n                                        class=\"property-title\">Kaal:&nbsp;<\/span><span\n                                        class=\"property-desc line-limit-length\">Umbes 44 kg<\/span>\n                            <\/li>\n<li class=\"product-prop line-limit-length\"><span\n                                        class=\"property-title\">Suurus:&nbsp;<\/span><span\n                                        class=\"property-desc line-limit-length\">460x445x155 mm<\/span>\n                            <\/li>\n<li class=\"product-prop line-limit-length\"><span\n                                        class=\"property-title\">Mudelinumber:&nbsp;<\/span><span\n                                        class=\"property-desc line-limit-length\">48 V Liferpo4 aku<\/span>\n                            <\/li>\n<li class=\"product-prop line-limit-length\"><span\n                                        class=\"property-title\">T\u00fc\u00fcp:&nbsp;<\/span><span\n                                        class=\"property-desc line-limit-length\">LiFePO4<\/span>\n                            <\/li>\n<li class=\"product-prop line-limit-length\"><span\n                                        class=\"property-title\">Br\u00e4ndi nimi:&nbsp;<\/span><span\n                                        class=\"property-desc line-limit-length\">Likctt<\/span>\n                            <\/li>\n<li class=\"product-prop line-limit-length\"><span\n                                        class=\"property-title\">P\u00e4ritolu:&nbsp;<\/span><span\n                                        class=\"property-desc line-limit-length\">Mandri-Hiina<\/span>\n                            <\/li>\n<\/ul><\/div>\n<div class=\"detailmodule_html\">\n<div class=\"detail-desc-decorate-richtext\">\n<p style=\"text-align:left;color:#ff0000;font-size:13px;\">Transport Euroopa Liidus, \u00dchendkuningriigis, Ameerika \u00dchendriikides, Kanadas ja Aasias MAKSUVABA.<\/p>\n<p style=\"text-align:left;color:#434649;font-size:13px;\">EL-i ladu (Poola ladu) on saabunud. S\u00f5brad, kes seda vajavad, saavad kohe tellimuse esitada. Esmalt esitage tellimus ja korraldage saatmine. Saate kauba k\u00e4tte 3-7 p\u00e4eva jooksul p\u00e4rast saatmist.<\/p>\n<p style=\"text-align:left;color:#434649;font-size:13px;\">Aku t\u00fc\u00fcp:<\/p>\n<p style=\"text-align:left;color:#434649;font-size:13px;\">Nimimaht: 100Ah<\/p>\n<p style=\"text-align:left;color:#434649;font-size:13px;\">Aku suurus: 460x445x155mm (+\/- 10mm)<\/p>\n<p style=\"text-align:left;color:#434649;font-size:13px;\">Kaal: 44 kg (+\/- 0,5 kg)<\/p>\n<p style=\"text-align:left;color:#434649;font-size:13px;\">Sisseehitatud: 3,2 V LiFePO4 aku<\/p>\n<p style=\"text-align:left;color:#434649;font-size:13px;\">Eluiga: 6000 ts\u00fcklit v\u00f5i rohkem<\/p>\n<p style=\"text-align:left;color:#434649;font-size:13px;\">Veekindlus tolmu suhtes: IP5<\/p>\n<p style=\"text-align:left;color:#434649;font-size:13px;\">Korpuse materjal: metall<\/p>\n<p style=\"text-align:left;color:#434649;font-size:13px;\">Nimipinge: 51,2 V<\/p>\n<p style=\"text-align:left;color:#434649;font-size:13px;\">Sideprotokoll: CAN RS485<\/p>\n<p style=\"text-align:left;color:#434649;font-size:13px;\">Sisseehitatud BMS: 16S 100A max 32 paralleelset<\/p>\n<p style=\"text-align:left;color:#434649;font-size:13px;\">Energia: 5120Wh<\/p>\n<p style=\"text-align:left;color:#434649;font-size:13px;\">Maksimaalne laadimisvool: 100A<\/p>\n<p style=\"text-align:left;color:#434649;font-size:13px;\">Maksimaalne t\u00fchjendusvool: 100A<\/p>\n<p style=\"text-align:left;color:#434649;font-size:13px;\">Laadimispinge: 58,4 \u00b1 0,4 V<\/p>\n<p style=\"text-align:left;color:#434649;font-size:13px;\">T\u00fchjenduspiiri pinge: 40,0 V<\/p>\n<p style=\"text-align:left;color:#434649;font-size:13px;\">Laadimistemperatuur: 0\u201345 \u00b0C<\/p>\n<p style=\"text-align:left;color:#434649;font-size:13px;\">T\u00fchjendustemperatuur: -20~60\u00b0C<\/p>\n<p style=\"text-align:left;color:#434649;font-size:13px;\">S\u00e4ilitustemperatuur: -20~65 \u00b0C<\/p>\n<p style=\"text-align:left;color:#434649;font-size:13px;\">Kaitse aku temperatuuri: 60\u00b0C + 5\u00b0C<\/p>\n<p style=\"text-align:left;color:#434649;font-size:13px;\">Klemmide t\u00fc\u00fcp: kahekordne M6<\/p>\n<p><img fetchpriority=\"high\" decoding=\"async\" height=\"1000\" referrerpolicy=\"no-referrer\" src=\"https:\/\/ae01.alicdn.com\/kf\/S2751643d63f3471da40b116e2ca3cc34x.jpg\" style=\"width: 100%; height: auto; vertical-align: middle;\" width=\"1000\"><img decoding=\"async\" height=\"1000\" referrerpolicy=\"no-referrer\" src=\"https:\/\/ae01.alicdn.com\/kf\/S0bab5217e0bb4d6b9a12565d0e282e914.jpg?width=1000&amp;height=1000&amp;hash=2000\" style=\"width: 100%; height: auto; vertical-align: middle;\" width=\"1000\"><img decoding=\"async\" height=\"1000\" referrerpolicy=\"no-referrer\" src=\"https:\/\/ae01.alicdn.com\/kf\/S4b0b641c78df4535b9c63a0132580a40L.jpg?width=1000&amp;height=1000&amp;hash=2000\" style=\"width: 100%; height: auto; vertical-align: middle;\" width=\"1000\"><img loading=\"lazy\" decoding=\"async\" height=\"1000\" referrerpolicy=\"no-referrer\" src=\"https:\/\/ae01.alicdn.com\/kf\/Sc03cafde504443098b22854922d14e160.jpg?width=1000&amp;height=1000&amp;hash=2000\" style=\"width: 100%; height: auto; vertical-align: middle;\" width=\"1000\"><img loading=\"lazy\" decoding=\"async\" height=\"1000\" referrerpolicy=\"no-referrer\" src=\"https:\/\/ae01.alicdn.com\/kf\/Sa15980aaeba44c51bb1089ad57fedc73z.jpg?width=1000&amp;height=1000&amp;hash=2000\" style=\"width: 100%; height: auto; vertical-align: middle;\" width=\"1000\"><img loading=\"lazy\" decoding=\"async\" height=\"1000\" referrerpolicy=\"no-referrer\" src=\"https:\/\/ae01.alicdn.com\/kf\/S7912bf068e5b4534b22f351332a7a5c3Z.jpg?width=1000&amp;height=1000&amp;hash=2000\" style=\"width: 100%; height: auto; vertical-align: middle;\" width=\"1000\"><img loading=\"lazy\" decoding=\"async\" height=\"1000\" referrerpolicy=\"no-referrer\" src=\"https:\/\/ae01.alicdn.com\/kf\/Sbd6aff1f41ee478db668b2fa01043621S.jpg?width=1000&amp;height=1000&amp;hash=2000\" style=\"width: 100%; height: auto; vertical-align: middle;\" width=\"1000\"><img loading=\"lazy\" decoding=\"async\" height=\"1000\" referrerpolicy=\"no-referrer\" src=\"https:\/\/ae01.alicdn.com\/kf\/S6c220a68b8734d9cbf94d38a7215bd13p.jpg?width=1000&amp;height=1000&amp;hash=2000\" style=\"width: 100%; height: auto; vertical-align: middle;\" width=\"1000\"><img loading=\"lazy\" decoding=\"async\" height=\"1000\" referrerpolicy=\"no-referrer\" src=\"https:\/\/ae01.alicdn.com\/kf\/Sfceba208366b4705974812258f2796cai.jpg\" style=\"width: 100%; height: auto; vertical-align: middle;\" width=\"1000\"><\/p>\n<p style=\"text-align:left;color:#434649;font-size:13px;\">Struktuuridevaheline diagramm<\/p>\n<p style=\"text-align:left;color:#434649;font-size:13px;\">Sisemise struktuuriskeemi anal\u00fc\u00fcs, mis tagab parema kvaliteedi ja usaldusv\u00e4\u00e4rsema kasutamise<\/p>\n<p style=\"text-align:left;color:#434649;font-size:13px;\">*Terasest akukarp<\/p>\n<p style=\"text-align:left;color:#434649;font-size:13px;\">Akuelemendi parem kaitse<\/p>\n<p style=\"text-align:left;color:#434649;font-size:13px;\">*LiFePO4 prismaatiline aku<\/p>\n<p style=\"text-align:left;color:#434649;font-size:13px;\">Ohutus, k\u00f5rge energiatihedus<\/p>\n<p style=\"text-align:left;color:#434649;font-size:13px;\">*16S 100A nutikas BMS<\/p>\n<p style=\"text-align:left;color:#434649;font-size:13px;\">Aku halduss\u00fcsteem (BMS) pakub akule igak\u00fclgset kaitset ja tagab<\/p>\n<p style=\"text-align:left;color:#434649;font-size:13px;\">*Sideport<\/p>\n<p style=\"text-align:left;color:#434649;font-size:13px;\">CAN RS485 ja RS232 side. Sobib laia inverteri jaoks<\/p>\n<p style=\"text-align:left;color:#434649;font-size:13px;\">*M8 P+\/P- klemmid<\/p>\n<p style=\"text-align:left;color:#434649;font-size:13px;\">\u00dchenda seadmetega. \u00dchenda paralleelselt teise akupakiga, et mahtuvust suurendada.<\/p>\n<p style=\"text-align:left;color:#434649;font-size:13px;\">*LCD-ekraan<\/p>\n<p style=\"text-align:left;color:#434649;font-size:13px;\">Aku teabe kuvamiseks<\/p>\n<p style=\"text-align:left;color:#434649;font-size:13px;\">*Kaitsel\u00fcliti<\/p>\n<p style=\"text-align:left;color:#434649;font-size:13px;\">Katkestage ringlus automaatselt rikete ilmnemisel<\/p>\n<p style=\"text-align:left;color:#434649;font-size:13px;\">*V\u00f5imsusolek<\/p>\n<p style=\"text-align:left;color:#434649;font-size:13px;\">Neli rohelist LED-tuld n\u00e4itavad aku mahutavuse olekut<\/p>\n<p style=\"text-align:left;color:#434649;font-size:13px;\">*Kokkupandav roostevabast terasest k\u00e4epide<\/p>\n<p style=\"text-align:left;color:#434649;font-size:13px;\">Lihtsam kaasas kanda v\u00f5i liigutada<\/p>\n<p><img loading=\"lazy\" decoding=\"async\" height=\"1553\" referrerpolicy=\"no-referrer\" src=\"https:\/\/ae01.alicdn.com\/kf\/Sfc41fb0862da4211833e9da7521029d4r.jpg?width=750&amp;height=1553&amp;hash=2303\" style=\"width: 100%; height: auto; vertical-align: middle;\" width=\"750\"><img loading=\"lazy\" decoding=\"async\" height=\"1099\" referrerpolicy=\"no-referrer\" src=\"https:\/\/ae01.alicdn.com\/kf\/S908efa1a3cd34b5698a2347e388b5506P.jpg?width=1179&amp;height=1099&amp;hash=2278\" style=\"width: 100%; height: auto; vertical-align: middle;\" width=\"1179\"><img loading=\"lazy\" decoding=\"async\" height=\"1230\" referrerpolicy=\"no-referrer\" src=\"https:\/\/ae01.alicdn.com\/kf\/S1db011a6b38f489f891d0321d8dfe170A.jpg?width=750&amp;height=1230&amp;hash=1980\" style=\"width: 100%; height: auto; vertical-align: middle;\" width=\"750\"><\/div>\n<\/div>","protected":false},"excerpt":{"rendered":"<p>Nominal Capacity:&nbsp;100AH Weight:&nbsp;About 44KG Size:&nbsp;460x445x155mm Model Number:&nbsp;48V Liferpo4 Battery Type:&nbsp;LiFePO4 Brand Name:&nbsp;Likctt Origin:&nbsp;Mainland China Transportation in the European Union, United Kingdom,the United States, Canada, and Asian TAX FREE. The EU<\/p>","protected":false},"featured_media":7566,"comment_status":"open","ping_status":"closed","template":"","meta":{"_acf_changed":false},"product_brand":[],"product_cat":[237],"product_tag":[243],"class_list":{"0":"post-7565","1":"product","2":"type-product","3":"status-publish","4":"has-post-thumbnail","6":"product_cat-100-200ah-lifepo4-batteries","7":"product_tag-usamr","9":"first","10":"instock","11":"shipping-taxable","12":"purchasable","13":"product-type-simple"},"acf":[],"_links":{"self":[{"href":"https:\/\/www.electricstore.eu\/et\/wp-json\/wp\/v2\/product\/7565","targetHints":{"allow":["GET"]}}],"collection":[{"href":"https:\/\/www.electricstore.eu\/et\/wp-json\/wp\/v2\/product"}],"about":[{"href":"https:\/\/www.electricstore.eu\/et\/wp-json\/wp\/v2\/types\/product"}],"replies":[{"embeddable":true,"href":"https:\/\/www.electricstore.eu\/et\/wp-json\/wp\/v2\/comments?post=7565"}],"wp:featuredmedia":[{"embeddable":true,"href":"https:\/\/www.electricstore.eu\/et\/wp-json\/wp\/v2\/media\/7566"}],"wp:attachment":[{"href":"https:\/\/www.electricstore.eu\/et\/wp-json\/wp\/v2\/media?parent=7565"}],"wp:term":[{"taxonomy":"product_brand","embeddable":true,"href":"https:\/\/www.electricstore.eu\/et\/wp-json\/wp\/v2\/product_brand?post=7565"},{"taxonomy":"product_cat","embeddable":true,"href":"https:\/\/www.electricstore.eu\/et\/wp-json\/wp\/v2\/product_cat?post=7565"},{"taxonomy":"product_tag","embeddable":true,"href":"https:\/\/www.electricstore.eu\/et\/wp-json\/wp\/v2\/product_tag?post=7565"}],"curies":[{"name":"wp","href":"https:\/\/api.w.org\/{rel}","templated":true}]}}