{"id":7519,"date":"2025-05-15T19:32:13","date_gmt":"2025-05-15T19:32:13","guid":{"rendered":"https:\/\/electricstore.eu\/product\/usamr-120ah-12v-lifepo4-battery-2\/"},"modified":"2025-05-21T05:40:16","modified_gmt":"2025-05-21T05:40:16","slug":"usamr-120ah-12v-lifepo4-battery-2","status":"publish","type":"product","link":"https:\/\/www.electricstore.eu\/et\/p\/batteries\/lifepo4-batteries\/100-200ah-lifepo4-batteries\/usamr-120ah-12v-lifepo4-battery-2\/","title":{"rendered":"USAMR 120Ah 12V LiFePO4 aku"},"content":{"rendered":"<div class=\"product-specs-list-container\">\n<ul class=\"product-specs-list util-clearfix\">\n<li class=\"product-prop line-limit-length\"><span\n                                        class=\"property-title\">Nimimaht:&nbsp;<\/span><span\n                                        class=\"property-desc line-limit-length\">120AH<\/span>\n                            <\/li>\n<li class=\"product-prop line-limit-length\"><span\n                                        class=\"property-title\">Kaal:&nbsp;<\/span><span\n                                        class=\"property-desc line-limit-length\">Umbes 12,8 kg<\/span>\n                            <\/li>\n<li class=\"product-prop line-limit-length\"><span\n                                        class=\"property-title\">Suurus:&nbsp;<\/span><span\n                                        class=\"property-desc line-limit-length\">300*210*170mm<\/span>\n                            <\/li>\n<li class=\"product-prop line-limit-length\"><span\n                                        class=\"property-title\">Rakendus:&nbsp;<\/span><span\n                                        class=\"property-desc line-limit-length\">Elektriauto, haagissuvila, merepaat, veomootor, kodune energia, p\u00e4ikeseenergia salvestamine, v\u00f5rguv\u00e4line p\u00e4ikeseenergia s\u00fcsteem, muud<\/span>\n                            <\/li>\n<li class=\"product-prop line-limit-length\"><span\n                                        class=\"property-title\">Mudelinumber:&nbsp;<\/span><span\n                                        class=\"property-desc line-limit-length\">12 V Liferpo4 aku<\/span>\n                            <\/li>\n<li class=\"product-prop line-limit-length\"><span\n                                        class=\"property-title\">T\u00fc\u00fcp:&nbsp;<\/span><span\n                                        class=\"property-desc line-limit-length\">LiFePO4<\/span>\n                            <\/li>\n<li class=\"product-prop line-limit-length\"><span\n                                        class=\"property-title\">Br\u00e4ndi nimi:&nbsp;<\/span><span\n                                        class=\"property-desc line-limit-length\">Likctt<\/span>\n                            <\/li>\n<li class=\"product-prop line-limit-length\"><span\n                                        class=\"property-title\">P\u00e4ritolu:&nbsp;<\/span><span\n                                        class=\"property-desc line-limit-length\">Mandri-Hiina<\/span>\n                            <\/li>\n<\/ul><\/div>\n<div class=\"detailmodule_html\">\n<div class=\"detail-desc-decorate-richtext\">\n<p class=\"word-break white-space mt-10\" style=\"color:rgb(255, 0, 0);\">Transport Euroopa Liidus, \u00dchendkuningriigis, Ameerika \u00dchendriikides, Kanadas ja Aasias MAKSUVABA.<\/p>\n<p class=\"word-break white-space mt-10\" style=\"color:rgb(67, 70, 73);\">EL-i ladu (Poola ladu) on saabunud. S\u00f5brad, kes seda vajavad, saavad kohe tellimuse esitada. Esmalt esitage tellimus ja korraldage saatmine. Saate kauba k\u00e4tte 3-7 p\u00e4eva jooksul p\u00e4rast saatmist.<\/p>\n<p class=\"word-break white-space mt-10\" style=\"color:rgb(67, 70, 73);\">Aku t\u00fc\u00fcp:<\/p>\n<p class=\"word-break white-space mt-10\" style=\"color:rgb(67, 70, 73);\">Battery capacity:120ah<\/p>\n<p class=\"word-break white-space mt-10\" style=\"color:rgb(67, 70, 73);\">Battery size:330*230*170mm (+\/-10mm)<\/p>\n<p class=\"word-break white-space mt-10\" style=\"color:rgb(67, 70, 73);\">Weight:10.5kg(+\/-0.5kg)<\/p>\n<p class=\"word-break white-space mt-10\" style=\"color:rgb(67, 70, 73);\">Sisseehitatud: 3,2 V LiFePO4 aku<\/p>\n<p class=\"word-break white-space mt-10\" style=\"color:rgb(67, 70, 73);\">Nimipinge: 12,8 V<\/p>\n<p class=\"word-break white-space mt-10\" style=\"color:rgb(67, 70, 73);\">Maksimaalne laadimisvool: 50A<\/p>\n<p class=\"word-break white-space mt-10\" style=\"color:rgb(67, 70, 73);\">Hetkeline t\u00fchjendusvool: 200A<\/p>\n<p class=\"word-break white-space mt-10\" style=\"color:rgb(67, 70, 73);\">Pidev t\u00fchjendusvool: 100A<\/p>\n<p class=\"word-break white-space mt-10\" style=\"color:rgb(67, 70, 73);\">Eluiga: 6000 ts\u00fcklit v\u00f5i rohkem<\/p>\n<p class=\"word-break white-space mt-10\" style=\"color:rgb(67, 70, 73);\">Laadimistemperatuur: 0\u201345 \u00b0C<\/p>\n<p class=\"word-break white-space mt-10\" style=\"color:rgb(67, 70, 73);\">T\u00fchjendustemperatuur: -20~60\u00b0C<\/p>\n<p class=\"word-break white-space mt-10\" style=\"color:rgb(67, 70, 73);\">S\u00e4ilitustemperatuur: -20~65 \u00b0C<\/p>\n<p class=\"word-break white-space mt-10\" style=\"color:rgb(67, 70, 73);\">T\u00f6\u00f6pinge vahemik: 8,0 V\u201314,6 V<\/p>\n<p class=\"word-break white-space mt-10\" style=\"color:rgb(67, 70, 73);\">\u00dclekoormuskaitse pinge: 14,6 V \u00b1 0,05 V<\/p>\n<p class=\"word-break white-space mt-10\" style=\"color:rgb(67, 70, 73);\">Kaitsepinge \u00fclekoormuse eest: 8,0 V \u00b1 0,05 V<\/p>\n<p class=\"word-break white-space mt-10\" style=\"color:rgb(67, 70, 73);\">Kaitse aku temperatuuri: 60\u00b0C + 5\u00b0C<\/p>\n<p class=\"word-break white-space mt-10\" style=\"color:rgb(67, 70, 73);\">V\u00e4ljund ja parameetrid: suure voolutugevusega positiivne\/negatiivne \u00fchenduskolonn (punane positiivne, must negatiivne)<\/p>\n<p><img fetchpriority=\"high\" decoding=\"async\" height=\"1000\" referrerpolicy=\"no-referrer\" src=\"https:\/\/ae01.alicdn.com\/kf\/S58e1749255c54da89732b0ff480bdc293.jpg\" style=\"width: 100%; height: auto; vertical-align: middle;\" width=\"1000\"><img decoding=\"async\" height=\"1000\" referrerpolicy=\"no-referrer\" src=\"https:\/\/ae01.alicdn.com\/kf\/S549ef97bb27e4969a47f7f1136bb182bO.jpg\" style=\"width: 100%; height: auto; vertical-align: middle;\" width=\"1000\"><img decoding=\"async\" height=\"1000\" referrerpolicy=\"no-referrer\" src=\"https:\/\/ae01.alicdn.com\/kf\/S7b23b963222b43a2babb10d3f0b5442e6.jpg\" style=\"width: 100%; height: auto; vertical-align: middle;\" width=\"1000\"><\/p>\n<p class=\"word-break white-space mt-10\" style=\"text-align:left;color:#434649;font-size:13px;font-weight:normal;\">Aku t\u00fc\u00fcp:<br \/>\nAku mahtuvus: 100 ah<br \/>\nAku suurus: 230 * 230 * 180 mm (+\/- 10 mm)<br \/>\nKaal: 10,8 kg (+\/- 0,5 kg)<br \/>\nSisseehitatud: 3,2 V LiFePO4 aku<br \/>\nNimipinge: 12,8 V<br \/>\nMaksimaalne laadimisvool: 50A<br \/>\nHetkeline t\u00fchjendusvool: 200A<br \/>\nPidev t\u00fchjendusvool: 100A<br \/>\nEluiga: 6000 ts\u00fcklit v\u00f5i rohkem<br \/>\nKorpuse materjal: Matel<br \/>\nLaadimistemperatuur: 0\u201345 \u00b0C<br \/>\nT\u00fchjendustemperatuur: -20~60\u00b0C<br \/>\nS\u00e4ilitustemperatuur: -20~65 \u00b0C<br \/>\nT\u00f6\u00f6pinge vahemik: 8,0 V\u201314,6 V<br \/>\n\u00dclekoormuskaitse pinge: 14,6 V \u00b1 0,05 V<br \/>\nKaitsepinge \u00fclekoormuse eest: 8,0 V \u00b1 0,05 V<br \/>\nKaitse aku temperatuuri: 60\u00b0C + 5\u00b0C<br \/>\nV\u00e4ljund ja parameetrid: suure voolutugevusega positiivne\/negatiivne \u00fchenduskolonn (punane positiivne, must negatiivne)<\/p>\n<p><img loading=\"lazy\" decoding=\"async\" height=\"1000\" referrerpolicy=\"no-referrer\" src=\"https:\/\/ae01.alicdn.com\/kf\/Sb5c8989b88024f3ab8bb5925541be49d0.jpg?width=1000&#038;height=1000&#038;hash=2000\" style=\"width: 100%; height: auto; vertical-align: middle;\" width=\"1000\"><img loading=\"lazy\" decoding=\"async\" height=\"1000\" referrerpolicy=\"no-referrer\" src=\"https:\/\/ae01.alicdn.com\/kf\/Sc0db1c83ad5b4c7ba22efb77ff13ea71S.jpg\" style=\"width: 100%; height: auto; vertical-align: middle;\" width=\"1000\"><img loading=\"lazy\" decoding=\"async\" height=\"1000\" referrerpolicy=\"no-referrer\" src=\"https:\/\/ae01.alicdn.com\/kf\/S1e25678d179944c5872e7d160ebab46c3.jpg?width=1000&#038;height=1000&#038;hash=2000\" style=\"width: 100%; height: auto; vertical-align: middle;\" width=\"1000\"><\/p>\n<p class=\"word-break white-space mt-10\" style=\"color:rgb(67, 70, 73);\">Elektrienergia rakendus<\/p>\n<p class=\"word-break white-space mt-10\" style=\"color:rgb(67, 70, 73);\">\u25cf K\u00e4ivitage akumootor<\/p>\n<p class=\"word-break white-space mt-10\" style=\"color:rgb(67, 70, 73);\">\u25cf \u00c4ribussid ja bussid:<\/p>\n<p class=\"word-break white-space mt-10\" style=\"color:rgb(67, 70, 73);\">Elektriautod, elektribussid, golfik\u00e4rud\/elektrilised jalgrattad, t\u00f5ukerattad, haagissuvilad, AGV-d, merejalav\u00e4elased, bussid, haagissuvilad, ratastoolid,<\/p>\n<p class=\"word-break white-space mt-10\" style=\"color:rgb(67, 70, 73);\">Elektroonilised veoautod, elektroonilised p\u00fchkimismasinad, p\u00f5randapuhastusvahendid, elektroonilised k\u00e4imisvahendid jne.<\/p>\n<p class=\"word-break white-space mt-10\" style=\"color:rgb(67, 70, 73);\">\u25cf Nutikas robot<\/p>\n<p class=\"word-break white-space mt-10\" style=\"color:rgb(67, 70, 73);\">\u25cf Elektrilised t\u00f6\u00f6riistad: elektrilised puurid, m\u00e4nguasjad<\/p>\n<p class=\"word-break white-space mt-10\" style=\"color:rgb(67, 70, 73);\">Energia salvestamine<\/p>\n<p class=\"word-break white-space mt-10\" style=\"color:rgb(67, 70, 73);\">\u25cf P\u00e4ikeseenergia tuuleenergia s\u00fcsteem<\/p>\n<p class=\"word-break white-space mt-10\" style=\"color:rgb(67, 70, 73);\">\u25cf Linnav\u00f5rk (sisse\/v\u00e4lja)<\/p>\n<p class=\"word-break white-space mt-10\" style=\"color:rgb(67, 70, 73);\">Varus\u00fcsteem ja UPS<\/p>\n<p class=\"word-break white-space mt-10\" style=\"color:rgb(67, 70, 73);\">\u25cf Telekommunikatsioonibaas, kaabeltelevisioonis\u00fcsteem, arvutiserverikeskus, meditsiiniseadmed, s\u00f5javarustus<\/p>\n<p class=\"word-break white-space mt-10\" style=\"color:rgb(67, 70, 73);\">\u25cf Ohutus ja elektroonika, mobiilne m\u00fc\u00fcgipunkt, kaevandusvalgustus \/ taskulamp \/ LED-tuled \/ avariivalgustus<\/p>\n<p class=\"word-break white-space mt-10\" style=\"color:rgb(67, 70, 73);\">Toote eelised:<\/p>\n<p class=\"word-break white-space mt-10\" style=\"color:rgb(67, 70, 73);\">Lihtne kaasas kanda, suure mahutavusega, suure vabastusv\u00f5imega platvorm, pikk t\u00f6\u00f6aeg, pikk eluiga, ohutus ja keskkonnakaitse<\/p>\n<p><img loading=\"lazy\" decoding=\"async\" height=\"1000\" referrerpolicy=\"no-referrer\" src=\"https:\/\/ae01.alicdn.com\/kf\/S27b23c2fe70a4c37899b54c92940cb610.jpg\" style=\"width: 100%; height: auto; vertical-align: middle;\" width=\"1000\"><\/div>\n<\/div>","protected":false},"excerpt":{"rendered":"<p>Nominal Capacity:&nbsp;120AH Weight:&nbsp;About 12.8kg Size:&nbsp;300*210*170mm Application:&nbsp;EV,RV,Marine Boat,Trolling Motor,Home Energy,Solar Power Storage,Off-Grid Solar Power System,Others Model Number:&nbsp;12V Liferpo4 Battery Type:&nbsp;LiFePO4 Brand Name:&nbsp;Likctt Origin:&nbsp;Mainland China Transportation in the European Union, United Kingdom,the<\/p>","protected":false},"featured_media":7474,"comment_status":"open","ping_status":"closed","template":"","meta":{"_acf_changed":false},"product_brand":[],"product_cat":[237],"product_tag":[243],"class_list":{"0":"post-7519","1":"product","2":"type-product","3":"status-publish","4":"has-post-thumbnail","6":"product_cat-100-200ah-lifepo4-batteries","7":"product_tag-usamr","9":"first","10":"instock","11":"shipping-taxable","12":"purchasable","13":"product-type-variable"},"acf":[],"_links":{"self":[{"href":"https:\/\/www.electricstore.eu\/et\/wp-json\/wp\/v2\/product\/7519","targetHints":{"allow":["GET"]}}],"collection":[{"href":"https:\/\/www.electricstore.eu\/et\/wp-json\/wp\/v2\/product"}],"about":[{"href":"https:\/\/www.electricstore.eu\/et\/wp-json\/wp\/v2\/types\/product"}],"replies":[{"embeddable":true,"href":"https:\/\/www.electricstore.eu\/et\/wp-json\/wp\/v2\/comments?post=7519"}],"wp:featuredmedia":[{"embeddable":true,"href":"https:\/\/www.electricstore.eu\/et\/wp-json\/wp\/v2\/media\/7474"}],"wp:attachment":[{"href":"https:\/\/www.electricstore.eu\/et\/wp-json\/wp\/v2\/media?parent=7519"}],"wp:term":[{"taxonomy":"product_brand","embeddable":true,"href":"https:\/\/www.electricstore.eu\/et\/wp-json\/wp\/v2\/product_brand?post=7519"},{"taxonomy":"product_cat","embeddable":true,"href":"https:\/\/www.electricstore.eu\/et\/wp-json\/wp\/v2\/product_cat?post=7519"},{"taxonomy":"product_tag","embeddable":true,"href":"https:\/\/www.electricstore.eu\/et\/wp-json\/wp\/v2\/product_tag?post=7519"}],"curies":[{"name":"wp","href":"https:\/\/api.w.org\/{rel}","templated":true}]}}