{"id":7503,"date":"2025-05-15T19:32:03","date_gmt":"2025-05-15T19:32:03","guid":{"rendered":"https:\/\/electricstore.eu\/product\/usamr-600ah-12v-lifepo4-battery-2\/"},"modified":"2025-05-21T05:40:16","modified_gmt":"2025-05-21T05:40:16","slug":"usamr-600ah-12v-lifepo4-battery-2","status":"publish","type":"product","link":"https:\/\/www.electricstore.eu\/et\/p\/batteries\/lifepo4-batteries\/200ah-lifepo4-batteries\/usamr-600ah-12v-lifepo4-battery-2\/","title":{"rendered":"USAMR 600AH 12V LiFePO4 aku"},"content":{"rendered":"<div class=\"product-specs-list-container\">\n<ul class=\"product-specs-list util-clearfix\">\n<li class=\"product-prop line-limit-length\"><span\n                                        class=\"property-title\">Nimimaht:&nbsp;<\/span><span\n                                        class=\"property-desc line-limit-length\">600AH<\/span>\n                            <\/li>\n<li class=\"product-prop line-limit-length\"><span\n                                        class=\"property-title\">Kaal:&nbsp;<\/span><span\n                                        class=\"property-desc line-limit-length\">Umbes 50,4 kg<\/span>\n                            <\/li>\n<li class=\"product-prop line-limit-length\"><span\n                                        class=\"property-title\">Pinge:&nbsp;<\/span><span\n                                        class=\"property-desc line-limit-length\">12V<\/span>\n                            <\/li>\n<li class=\"product-prop line-limit-length\"><span\n                                        class=\"property-title\">Suurus:&nbsp;<\/span><span\n                                        class=\"property-desc line-limit-length\">430x310x270 mm<\/span>\n                            <\/li>\n<li class=\"product-prop line-limit-length\"><span\n                                        class=\"property-title\">Mudelinumber:&nbsp;<\/span><span\n                                        class=\"property-desc line-limit-length\">12 V Liferpo4 aku<\/span>\n                            <\/li>\n<li class=\"product-prop line-limit-length\"><span\n                                        class=\"property-title\">T\u00fc\u00fcp:&nbsp;<\/span><span\n                                        class=\"property-desc line-limit-length\">LiFePO4<\/span>\n                            <\/li>\n<li class=\"product-prop line-limit-length\"><span\n                                        class=\"property-title\">Br\u00e4ndi nimi:&nbsp;<\/span><span\n                                        class=\"property-desc line-limit-length\">Likctt<\/span>\n                            <\/li>\n<li class=\"product-prop line-limit-length\"><span\n                                        class=\"property-title\">P\u00e4ritolu:&nbsp;<\/span><span\n                                        class=\"property-desc line-limit-length\">Mandri-Hiina<\/span>\n                            <\/li>\n<\/ul><\/div>\n<div class=\"detailmodule_html\">\n<div class=\"detail-desc-decorate-richtext\">\n<p style=\"text-align:left;color:#ff0000;font-size:20px;font-weight:bold;\">Transport Euroopa Liidus, \u00dchendkuningriigis, Ameerika \u00dchendriikides, Kanadas ja Aasias MAKSUVABA.<\/p>\n<p style=\"text-align:left;color:#434649;font-size:13px;\">EL-i ladu (Poola ladu) on saabunud. S\u00f5brad, kes seda vajavad, saavad kohe tellimuse esitada. Esmalt esitage tellimus ja korraldage saatmine. Saate kauba k\u00e4tte 3-7 p\u00e4eva jooksul p\u00e4rast saatmist.<br \/>\nAku t\u00fc\u00fcp:<br \/>\nAku mahtuvus: 600 ah<br \/>\nBattery size:615x245x220mm (+\/-10mm)<br \/>\nKaal: 50,4 kg (+\/- 0,5 kg)<br \/>\nSisseehitatud: 3,2 V LiFePO4 aku<br \/>\nNimipinge: 12,8 V<br \/>\nMaksimaalne laadimisvool: 50A<br \/>\nHetkeline t\u00fchjendusvool: 200A<br \/>\nPidev t\u00fchjendusvool: 100A<br \/>\nEluiga: 6000 ts\u00fcklit v\u00f5i rohkem<br \/>\nLaadimistemperatuur: 0\u201345 \u00b0C<br \/>\nT\u00fchjendustemperatuur: -20~60\u00b0C<br \/>\nS\u00e4ilitustemperatuur: -20~65 \u00b0C<br \/>\nT\u00f6\u00f6pinge vahemik: 8,0 V\u201314,6 V<br \/>\n\u00dclekoormuskaitse pinge: 14,6 V \u00b1 0,05 V<br \/>\nKaitsepinge \u00fclekoormuse eest: 8,0 V \u00b1 0,05 V<br \/>\nKaitse aku temperatuuri: 60\u00b0C + 5\u00b0C<br \/>\nV\u00e4ljund ja parameetrid: suure voolutugevusega positiivne\/negatiivne \u00fchenduskolonn (punane positiivne, must negatiivne)<\/p>\n<p><img fetchpriority=\"high\" decoding=\"async\" height=\"1000\" referrerpolicy=\"no-referrer\" src=\"https:\/\/ae01.alicdn.com\/kf\/Se3deb13737174179bee1d06938912b27G.jpg?width=1000&#038;height=1000&#038;hash=2000\" style=\"width: 100%; height: auto; vertical-align: middle;\" width=\"1000\"><img decoding=\"async\" height=\"1000\" referrerpolicy=\"no-referrer\" src=\"https:\/\/ae01.alicdn.com\/kf\/Sf6583fa7dedf4cea854521e5fd5add35s.jpg?width=1000&#038;height=1000&#038;hash=2000\" style=\"width: 100%; height: auto; vertical-align: middle;\" width=\"1000\"><img decoding=\"async\" height=\"1000\" referrerpolicy=\"no-referrer\" src=\"https:\/\/ae01.alicdn.com\/kf\/S8c236631c0074bbaa1b11b49d38d519fb.jpg?width=1000&#038;height=1000&#038;hash=2000\" style=\"width: 100%; height: auto; vertical-align: middle;\" width=\"1000\"><\/p>\n<p style=\"text-align:left;color:#434649;font-size:13px;\">Aku t\u00fc\u00fcp:<br \/>\nAku mahtuvus: 600 ah<br \/>\nAku suurus: 430 * 310 * 270 mm (+\/- 10 mm)<br \/>\nKaal: 50,4 kg (+\/- 0,5 kg)<br \/>\nSisseehitatud: 3,2 V LiFePO4 aku<br \/>\nNimipinge: 12,8 V<br \/>\nMaksimaalne laadimisvool: 50A<br \/>\nHetkeline t\u00fchjendusvool: 200A<br \/>\nPidev t\u00fchjendusvool: 100A<br \/>\nEluiga: 6000 ts\u00fcklit v\u00f5i rohkem<br \/>\nKorpuse materjal: Matel<br \/>\nLaadimistemperatuur: 0\u201345 \u00b0C<br \/>\nT\u00fchjendustemperatuur: -20~60\u00b0C<br \/>\nS\u00e4ilitustemperatuur: -20~65 \u00b0C<br \/>\nT\u00f6\u00f6pinge vahemik: 8,0 V\u201314,6 V<br \/>\n\u00dclekoormuskaitse pinge: 14,6 V \u00b1 0,05 V<br \/>\nKaitsepinge \u00fclekoormuse eest: 8,0 V \u00b1 0,05 V<br \/>\nKaitse aku temperatuuri: 60\u00b0C + 5\u00b0C<br \/>\nV\u00e4ljund ja parameetrid: suure voolutugevusega positiivne\/negatiivne \u00fchenduskolonn (punane positiivne, must negatiivne)<\/p>\n<p><img loading=\"lazy\" decoding=\"async\" height=\"1000\" referrerpolicy=\"no-referrer\" src=\"https:\/\/ae01.alicdn.com\/kf\/S23c1d7b5797d4845845a3c736fb66b689.jpg\" style=\"width: 100%; height: auto; vertical-align: middle;\" width=\"1000\"><img loading=\"lazy\" decoding=\"async\" height=\"1000\" referrerpolicy=\"no-referrer\" src=\"https:\/\/ae01.alicdn.com\/kf\/S252a329e7df74ac982a61897c8aaa46ay.jpg\" style=\"width: 100%; height: auto; vertical-align: middle;\" width=\"1000\"><img loading=\"lazy\" decoding=\"async\" height=\"1000\" referrerpolicy=\"no-referrer\" src=\"https:\/\/ae01.alicdn.com\/kf\/S78a70a9793244904a68897a04c367ba0C.jpg?width=1000&amp;height=1000&amp;hash=2000\" style=\"width: 100%; height: auto; vertical-align: middle;\" width=\"1000\"><img loading=\"lazy\" decoding=\"async\" height=\"1000\" referrerpolicy=\"no-referrer\" src=\"https:\/\/ae01.alicdn.com\/kf\/S47846d325fa746d1b8838ed8f67d4826m.jpg?width=1000&amp;height=1000&amp;hash=2000\" style=\"width: 100%; height: auto; vertical-align: middle;\" width=\"1000\"><img loading=\"lazy\" decoding=\"async\" height=\"1000\" referrerpolicy=\"no-referrer\" src=\"https:\/\/ae01.alicdn.com\/kf\/S7dfa761837cd4db996c9096a04e71b13N.jpg?width=1000&amp;height=1000&amp;hash=2000\" style=\"width: 100%; height: auto; vertical-align: middle;\" width=\"1000\"><img loading=\"lazy\" decoding=\"async\" height=\"1000\" referrerpolicy=\"no-referrer\" src=\"https:\/\/ae01.alicdn.com\/kf\/Sf3183bee04f042edb56f6693202892dbp.jpg?width=1000&amp;height=1000&amp;hash=2000\" style=\"width: 100%; height: auto; vertical-align: middle;\" width=\"1000\"><img loading=\"lazy\" decoding=\"async\" height=\"1000\" referrerpolicy=\"no-referrer\" src=\"https:\/\/ae01.alicdn.com\/kf\/S559209be39524e6190b59d24ba79b677n.jpg?width=1000&amp;height=1000&amp;hash=2000\" style=\"width: 100%; height: auto; vertical-align: middle;\" width=\"1000\"><img loading=\"lazy\" decoding=\"async\" height=\"1000\" referrerpolicy=\"no-referrer\" src=\"https:\/\/ae01.alicdn.com\/kf\/S1dd2bfb17ba6429f8e2b5739caf1913bZ.jpg?width=1000&amp;height=1000&amp;hash=2000\" style=\"width: 100%; height: auto; vertical-align: middle;\" width=\"1000\"><img loading=\"lazy\" decoding=\"async\" height=\"1000\" referrerpolicy=\"no-referrer\" src=\"https:\/\/ae01.alicdn.com\/kf\/Sa3c63795cbd34f198df6cadc6646a1ddN.jpg?width=1000&amp;height=1000&amp;hash=2000\" style=\"width: 100%; height: auto; vertical-align: middle;\" width=\"1000\"><\/p>\n<p style=\"text-align:left;color:#434649;font-size:13px;\">Elektrienergia rakendus<br \/>\n\u25cf K\u00e4ivitage akumootor<br \/>\n\u25cf \u00c4ribussid ja bussid:<br \/>\nElektriautod, elektribussid, golfik\u00e4rud\/elektrilised jalgrattad, t\u00f5ukerattad, haagissuvilad, AGV-d, merejalav\u00e4elased, bussid, haagissuvilad, ratastoolid,<br \/>\nElektroonilised veoautod, elektroonilised p\u00fchkimismasinad, p\u00f5randapuhastusvahendid, elektroonilised k\u00e4imisvahendid jne.<br \/>\n\u25cf Nutikas robot<br \/>\n\u25cf Elektrilised t\u00f6\u00f6riistad: elektrilised puurid, m\u00e4nguasjad<br \/>\nEnergia salvestamine<br \/>\n\u25cf P\u00e4ikeseenergia tuuleenergia s\u00fcsteem<br \/>\n\u25cf Linnav\u00f5rk (sisse\/v\u00e4lja)<br \/>\nVarus\u00fcsteem ja UPS<br \/>\n\u25cf Telekommunikatsioonibaas, kaabeltelevisioonis\u00fcsteem, arvutiserverikeskus, meditsiiniseadmed, s\u00f5javarustus<br \/>\nmuud rakendused<br \/>\n\u25cf Ohutus ja elektroonika, mobiilne m\u00fc\u00fcgipunkt, kaevandusvalgustus \/ taskulamp \/ LED-tuled \/ avariivalgustus<br \/>\nToote eelised:<br \/>\nLihtne kaasas kanda, suure mahutavusega, suure vabastusv\u00f5imega platvorm, pikk t\u00f6\u00f6aeg, pikk eluiga, ohutus ja keskkonnakaitse<\/p>\n<p><img loading=\"lazy\" decoding=\"async\" height=\"1000\" referrerpolicy=\"no-referrer\" src=\"https:\/\/ae01.alicdn.com\/kf\/S27b23c2fe70a4c37899b54c92940cb610.jpg\" style=\"width: 100%; height: auto; vertical-align: middle;\" width=\"1000\"><\/div>\n<\/div>","protected":false},"excerpt":{"rendered":"<p>Nominal Capacity:&nbsp;600AH Weight:&nbsp;About 50.4kg Voltage:&nbsp;12V Size:&nbsp;430x310x270mm Model Number:&nbsp;12V Liferpo4 Battery Type:&nbsp;LiFePO4 Brand Name:&nbsp;Likctt Origin:&nbsp;Mainland China Transportation in the European Union, United Kingdom,the United States, Canada, and Asian TAX FREE. The<\/p>","protected":false},"featured_media":7504,"comment_status":"open","ping_status":"closed","template":"","meta":{"_acf_changed":false},"product_brand":[],"product_cat":[238],"product_tag":[243],"class_list":{"0":"post-7503","1":"product","2":"type-product","3":"status-publish","4":"has-post-thumbnail","6":"product_cat-200ah-lifepo4-batteries","7":"product_tag-usamr","9":"first","10":"instock","11":"shipping-taxable","12":"purchasable","13":"product-type-variable"},"acf":[],"_links":{"self":[{"href":"https:\/\/www.electricstore.eu\/et\/wp-json\/wp\/v2\/product\/7503","targetHints":{"allow":["GET"]}}],"collection":[{"href":"https:\/\/www.electricstore.eu\/et\/wp-json\/wp\/v2\/product"}],"about":[{"href":"https:\/\/www.electricstore.eu\/et\/wp-json\/wp\/v2\/types\/product"}],"replies":[{"embeddable":true,"href":"https:\/\/www.electricstore.eu\/et\/wp-json\/wp\/v2\/comments?post=7503"}],"wp:featuredmedia":[{"embeddable":true,"href":"https:\/\/www.electricstore.eu\/et\/wp-json\/wp\/v2\/media\/7504"}],"wp:attachment":[{"href":"https:\/\/www.electricstore.eu\/et\/wp-json\/wp\/v2\/media?parent=7503"}],"wp:term":[{"taxonomy":"product_brand","embeddable":true,"href":"https:\/\/www.electricstore.eu\/et\/wp-json\/wp\/v2\/product_brand?post=7503"},{"taxonomy":"product_cat","embeddable":true,"href":"https:\/\/www.electricstore.eu\/et\/wp-json\/wp\/v2\/product_cat?post=7503"},{"taxonomy":"product_tag","embeddable":true,"href":"https:\/\/www.electricstore.eu\/et\/wp-json\/wp\/v2\/product_tag?post=7503"}],"curies":[{"name":"wp","href":"https:\/\/api.w.org\/{rel}","templated":true}]}}