{"id":25943,"date":"2025-05-20T19:04:41","date_gmt":"2025-05-20T19:04:41","guid":{"rendered":"https:\/\/electricstore.eu\/p\/uncategorized\/duotts-c29-electric-bike-750w-29-tire-48v-15ah-battery-50km-max-range-50km-h-mountain-bikes-city-commuting-e-bikeroad-bicycle\/"},"modified":"2025-05-20T19:08:15","modified_gmt":"2025-05-20T19:08:15","slug":"duotts-c29-electric-bike-750w-29-tire-48v-15ah-battery-50km-max-range-50km-h-mountain-bikes-city-commuting-e-bikeroad-bicycle","status":"publish","type":"product","link":"https:\/\/www.electricstore.eu\/et\/p\/bikes\/duotts-c29-electric-bike-750w-29-tire-48v-15ah-battery-50km-max-range-50km-h-mountain-bikes-city-commuting-e-bikeroad-bicycle\/","title":{"rendered":"DUOTTS C29 elektriratas 750W 29\u2033 rehvid 48V 15Ah aku 50km maksimaalne ulatus 50km\/h M\u00e4girattad Linna pendeldamiseks m\u00f5eldud elektriratas, maanteeratas"},"content":{"rendered":"<div class=\"product-specs-list-container\">\n<ul class=\"product-specs-list util-clearfix\">\n<li class=\"product-prop line-limit-length\"><span\n                                        class=\"property-title\">Mudelinumber:&nbsp;<\/span><span\n                                        class=\"property-desc line-limit-length\">DUOTTS C29<\/span>\n                            <\/li>\n<li class=\"product-prop line-limit-length\"><span\n                                        class=\"property-title\">Reisijate nimimaht:&nbsp;<\/span><span\n                                        class=\"property-desc line-limit-length\">Kaks istekohta<\/span>\n                            <\/li>\n<li class=\"product-prop line-limit-length\"><span\n                                        class=\"property-title\">Stiil:&nbsp;<\/span><span\n                                        class=\"property-desc line-limit-length\">Standardne t\u00fc\u00fcp<\/span>\n                            <\/li>\n<li class=\"product-prop line-limit-length\"><span\n                                        class=\"property-title\">Maksimaalne kiirus:&nbsp;<\/span><span\n                                        class=\"property-desc line-limit-length\">30\u201350 km\/h<\/span>\n                            <\/li>\n<li class=\"product-prop line-limit-length\"><span\n                                        class=\"property-title\">V\u00f5imsuse vahemik:&nbsp;<\/span><span\n                                        class=\"property-desc line-limit-length\">31\u201360 km<\/span>\n                            <\/li>\n<li class=\"product-prop line-limit-length\"><span\n                                        class=\"property-title\">V\u00f5imsus:&nbsp;<\/span><span\n                                        class=\"property-desc line-limit-length\">&gt; 500w<\/span>\n                            <\/li>\n<li class=\"product-prop line-limit-length\"><span\n                                        class=\"property-title\">Toiteallikas:&nbsp;<\/span><span\n                                        class=\"property-desc line-limit-length\">liitiumaku<\/span>\n                            <\/li>\n<li class=\"product-prop line-limit-length\"><span\n                                        class=\"property-title\">Pinge:&nbsp;<\/span><span\n                                        class=\"property-desc line-limit-length\">48V<\/span>\n                            <\/li>\n<li class=\"product-prop line-limit-length\"><span\n                                        class=\"property-title\">Toiteallikas:&nbsp;<\/span><span\n                                        class=\"property-desc line-limit-length\">liitiumaku<\/span>\n                            <\/li>\n<li class=\"product-prop line-limit-length\"><span\n                                        class=\"property-title\">P\u00e4ritolu:&nbsp;<\/span><span\n                                        class=\"property-desc line-limit-length\">Mandri-Hiina<\/span>\n                            <\/li>\n<li class=\"product-prop line-limit-length\"><span\n                                        class=\"property-title\">Kokkupandud:&nbsp;<\/span><span\n                                        class=\"property-desc line-limit-length\">Ei<\/span>\n                            <\/li>\n<li class=\"product-prop line-limit-length\"><span\n                                        class=\"property-title\">Mootor:&nbsp;<\/span><span\n                                        class=\"property-desc line-limit-length\">Harjadeta<\/span>\n                            <\/li>\n<li class=\"product-prop line-limit-length\"><span\n                                        class=\"property-title\">Ratta suurus:&nbsp;<\/span><span\n                                        class=\"property-desc line-limit-length\">29&quot;<\/span>\n                            <\/li>\n<li class=\"product-prop line-limit-length\"><span\n                                        class=\"property-title\">Raami materjal:&nbsp;<\/span><span\n                                        class=\"property-desc line-limit-length\">Alumiiniumsulam<\/span>\n                            <\/li>\n<\/ul><\/div>\n<p><span style=\"color:rgb(244, 78, 59);font-size:20px\"><strong><u>Hea klient,<br \/>\n<\/u><\/strong><\/span><\/p>\n<p><span style=\"color:rgb(244, 78, 59);font-size:20px\"><strong><u><br \/>\n<\/u><\/strong><\/span><\/p>\n<p><span style=\"color:rgb(244, 78, 59);font-size:20px\"><strong><u>T\u00e4name teid huvi eest meie toote vastu! Kahjuks peame teatama, et see t\u00f5ukerattamudel on tootmisest maas ja seda ei ole enam v\u00f5imalik tarnida. Link on aga reklaamitegevuses ja me ei saa seda hetkel eemaldada. V\u00f5ite kaaluda ka teisi saadaolevaid mudeleid \u2013 siin on teie mugavuse huvides viitelink:<br \/>\n<\/u><\/strong><\/span><\/p>\n<p><span style=\"color:rgb(244, 78, 59);font-size:20px\"><strong><u>https:\/\/www.aliexpress.com\/store\/1104686089\/pages\/all-items.html?spm=a2g0o.store_pc_home.pcShopHead_2011895633671.1&amp;shop_sortType=bestmatch_sort<\/u><\/strong><\/span><\/p>\n<p style=\"font-family:&quot;TT Norms Pro&quot;, &quot;Open Sans&quot;, Roboto, Arial, Helvetica, sans-serif, SimSun;font-size:14px;font-weight:400;letter-spacing:normal;line-height:inherit;text-align:start;white-space:normal;color:rgb(34, 34, 34);margin:0px;margin-bottom:0px;margin-top:0px;margin-left:0px;margin-right:0px;padding:0px;padding-bottom:0px;padding-top:0px;padding-left:0px;padding-right:0px;box-sizing:border-box\" align=\"start\"><\/p>\n<div style=\"text-align:center\" align=\"center\"><strong>DUOTTS C29 elektriratas 750W 29-tolline rehv 48V 15Ah aku 50km maksimaalne ulatus 50km\/h elektriline m\u00e4giratas linna-maantee pendeldamine e-jalgratas<\/strong><\/div>\n<div style=\"text-align:center\" align=\"center\"><\/div>\n<p style=\"font-family:&quot;Microsoft YaHei&quot;;font-size:medium;font-weight:400;letter-spacing:normal;line-height:inherit;text-align:start;white-space:normal;color:rgb(0, 0, 0);background-color:rgb(255, 255, 255);margin:0px;margin-bottom:0px;margin-top:0px;margin-left:0px;margin-right:0px;padding:0px;padding-bottom:0px;padding-top:0px;padding-left:0px;padding-right:0px;box-sizing:border-box\" align=\"start\"><strong><span style=\"font-size:24px\"><span style=\"font-family:&quot;times new roman&quot;, times, serif\">&gt;&gt;Esilet\u00f5stud<\/span><\/span><\/strong><\/p>\n<div style=\"font-family:&quot;Open Sans&quot;, Roboto, Arial, Helvetica, sans-serif, SimSun;font-size:14px;font-weight:400;letter-spacing:normal;text-align:start;white-space:normal;color:rgb(34, 34, 34);margin:0px;margin-bottom:0px;margin-top:0px;margin-left:0px;margin-right:0px;padding:0px;padding-bottom:0px;padding-top:0px;padding-left:0px;padding-right:0px;box-sizing:content-box\" align=\"start\"><\/div>\n<p style=\"font-family:&quot;Microsoft YaHei&quot;;font-size:medium;font-weight:400;letter-spacing:normal;line-height:inherit;text-align:start;white-space:normal;color:rgb(0, 0, 0);background-color:rgb(255, 255, 255);margin:0px;margin-bottom:0px;margin-top:0px;margin-left:0px;margin-right:0px;padding:0px;padding-bottom:0px;padding-top:0px;padding-left:0px;padding-right:0px;box-sizing:border-box\" align=\"start\"><\/p>\n<p style=\"font-family:&quot;Open Sans&quot;, Roboto, Arial, Helvetica, sans-serif, SimSun;font-size:14px;font-weight:400;letter-spacing:normal;line-height:inherit;text-align:left;white-space:normal;color:rgb(34, 34, 34);margin:0px;margin-bottom:0px;margin-top:0px;margin-left:0px;margin-right:0px;padding:0px;padding-bottom:0px;padding-top:0px;padding-left:0px;padding-right:0px;box-sizing:border-box\" align=\"left\"><span style=\"color:rgb(0, 0, 0);font-size:18px;font-family:&quot;Times New Roman&quot;\"><strong>Alumiiniumisulamist raam<\/strong><\/span><span style=\"color:rgb(0, 0, 0);font-size:18px;font-family:&quot;Times New Roman&quot;\"><br \/>Sellel on suurem tugevus, korrosioonikindlus ja roostekindlus ning see tagab iga osa tugitugevuse.<\/p>\n<p><\/span><span style=\"color:rgb(0, 0, 0);font-size:18px;font-family:&quot;Times New Roman&quot;\"><strong>V\u00f5imas 750W<\/strong><\/span><span style=\"color:rgb(0, 0, 0);font-size:18px;font-family:&quot;Times New Roman&quot;\"><br \/>48 V 750 W kiire harjadeta k\u00e4igukastiga mootor annab piisavalt v\u00f5imsust kuni 50 km\/h saavutamiseks.<\/p>\n<p><\/span><span style=\"color:rgb(0, 0, 0);font-size:18px;font-family:&quot;Times New Roman&quot;\"><strong>Shimano 21-k\u00e4iguline k\u00e4igukast<\/strong><\/span><span style=\"color:rgb(0, 0, 0);font-size:18px;font-family:&quot;Times New Roman&quot;\"><br \/>Shimano 21-k\u00e4iguline k\u00e4igukast suurendab m\u00e4kket\u00f5usuj\u00f5udu, varieerib k\u00e4iguvahemikku ja parandab maastikuga kohanemisv\u00f5imet.<\/p>\n<p><\/span><span style=\"color:rgb(0, 0, 0);font-size:18px;font-family:&quot;Times New Roman&quot;\"><strong>18650 liitiumaku<\/strong><\/span><span style=\"color:rgb(0, 0, 0);font-size:18px;font-family:&quot;Times New Roman&quot;\"><br \/>Eemaldatavat 15Ah akut saab laadida raami peal v\u00f5i raamist lahti v\u00f5ttes; BMS-s\u00fcsteem kaitseb akut, pikendades selle eluiga.<\/p>\n<p><\/span><span style=\"color:rgb(0, 0, 0);font-size:18px;font-family:&quot;Times New Roman&quot;\"><strong>3 reisimisviisi<\/strong><\/span><span style=\"color:rgb(0, 0, 0);font-size:18px;font-family:&quot;Times New Roman&quot;\"><br \/>Sisseehitatud 3 s\u00f5idure\u017eiimi: s\u00f5idure\u017eiim, abire\u017eiim ja puhas elektriline re\u017eiim; vahetage h\u00f5lpsalt vastavalt k\u00e4igule ja re\u017eiimile ning saate rahulikult hakkama erinevate stseenide vajadustega.<\/span><\/p>\n<p style=\"font-family:&quot;Open Sans&quot;, Roboto, Arial, Helvetica, sans-serif, SimSun;font-size:14px;font-weight:400;letter-spacing:normal;line-height:inherit;text-align:start;white-space:normal;color:rgb(34, 34, 34);margin:0px;margin-bottom:0px;margin-top:0px;margin-left:0px;margin-right:0px;padding:0px;padding-bottom:0px;padding-top:0px;padding-left:0px;padding-right:0px;box-sizing:border-box\" align=\"start\"><\/p>\n<p style=\"font-family:&quot;Microsoft YaHei&quot;;font-size:medium;font-weight:400;letter-spacing:normal;line-height:inherit;text-align:start;white-space:normal;color:rgb(0, 0, 0);background-color:rgb(255, 255, 255);margin:0px;margin-bottom:0px;margin-top:0px;margin-left:0px;margin-right:0px;padding:0px;padding-bottom:0px;padding-top:0px;padding-left:0px;padding-right:0px;box-sizing:border-box\" align=\"start\"><strong><span style=\"font-size:24px\"><span style=\"font-family:&quot;times new roman&quot;, times, serif\">&gt;&gt;Spetsifikatsioon<\/span><\/span><\/strong><\/p>\n<div style=\"font-family:&quot;Open Sans&quot;, Roboto, Arial, Helvetica, sans-serif, SimSun;font-size:14px;font-weight:400;letter-spacing:normal;text-align:start;white-space:normal;color:rgb(34, 34, 34);margin:0px;margin-bottom:0px;margin-top:0px;margin-left:0px;margin-right:0px;padding:0px;padding-bottom:0px;padding-top:0px;padding-left:0px;padding-right:0px;box-sizing:content-box\" align=\"start\"><\/div>\n<p><\/p>\n<table style=\"border-collapse:collapse;font-family:&quot;Microsoft YaHei&quot;;font-size:14px;text-align:start;color:rgb(34, 34, 34);width:1000px\" class=\"jbEidtTable\" border=\"1\" cellpadding=\"5\" cellspacing=\"0\" align=\"start\">\n<tbody>\n<tr>\n<td style=\"font-size:14px;text-align:left;height:121px\" align=\"left\">\n<p style=\"line-height:inherit;margin:0px;margin-bottom:0px;margin-top:0px;margin-left:0px;margin-right:0px;padding:0px;padding-bottom:0px;padding-top:0px;padding-left:0px;padding-right:0px;box-sizing:border-box\"><span style=\"font-size:18px;font-family:&quot;times new roman&quot;, times, serif\"><strong>\u00dcldine<\/strong><\/span><\/p>\n<\/td>\n<td style=\"font-size:14px;text-align:left;height:121px\" align=\"left\">\n<p style=\"line-height:inherit;margin:0px;margin-bottom:0px;margin-top:0px;margin-left:0px;margin-right:0px;padding:0px;padding-bottom:0px;padding-top:0px;padding-left:0px;padding-right:0px;box-sizing:border-box\"><span style=\"font-size:18px;font-family:&quot;times new roman&quot;, times, serif\">Kaubam\u00e4rk: DUOTTS<br \/>T\u00fc\u00fcp: elektriratas<br \/>Mudel: C29<br \/>V\u00e4rv: must<\/span><\/p>\n<\/td>\n<\/tr>\n<tr>\n<td style=\"font-size:14px;text-align:left;height:22px\" align=\"left\">\n<p style=\"line-height:inherit;margin:0px;margin-bottom:0px;margin-top:0px;margin-left:0px;margin-right:0px;padding:0px;padding-bottom:0px;padding-top:0px;padding-left:0px;padding-right:0px;box-sizing:border-box\"><span style=\"font-size:18px;font-family:&quot;times new roman&quot;, times, serif\"><strong>Spetsifikatsioon<\/strong><\/span><\/p>\n<\/td>\n<td style=\"font-size:14px;text-align:left;height:22px\" align=\"left\">\n<p style=\"line-height:inherit;margin:0px;margin-bottom:0px;margin-top:0px;margin-left:0px;margin-right:0px;padding:0px;padding-bottom:0px;padding-top:0px;padding-left:0px;padding-right:0px;box-sizing:border-box\"><span style=\"font-size:18px;font-family:&quot;times new roman&quot;, times, serif\">Materjal: alumiiniumisulam<br \/>Ratas: 29 * 2,1-tolline ratas<br \/>Koormus: Shimano 21-k\u00e4iguline k\u00e4igukast<br \/>Maksimaalne kiirus: 50 km\/h<br \/>Maksimaalne kalle: 45 kraadi<br \/>Veekindel: IP54<br \/>Absorber: eesmine amortisaator<br \/>Aku mahtuvus: 48V 15Ah<br \/>Laadimisaeg: 4-5 tundi<br \/>Juhtimiss\u00fcsteem: 48V 9 lampi<br \/>Vastupidavus: 50 km<br \/>Mootor: 48V 750W<br \/>Pidur: ketaspidur<br \/>Tagumise pakiraami koormus: 60 kg<\/span><\/p>\n<\/td>\n<\/tr>\n<tr>\n<td style=\"font-size:14px;text-align:left;height:89px\" align=\"left\">\n<p style=\"line-height:inherit;margin:0px;margin-bottom:0px;margin-top:0px;margin-left:0px;margin-right:0px;padding:0px;padding-bottom:0px;padding-top:0px;padding-left:0px;padding-right:0px;box-sizing:border-box\"><span style=\"font-size:18px;font-family:&quot;times new roman&quot;, times, serif\"><strong>Kaal ja suurus<\/strong><\/span><\/p>\n<\/td>\n<td style=\"font-size:14px;text-align:left;height:89px\" align=\"left\">\n<p style=\"line-height:inherit;margin:0px;margin-bottom:0px;margin-top:0px;margin-left:0px;margin-right:0px;padding:0px;padding-bottom:0px;padding-top:0px;padding-left:0px;padding-right:0px;box-sizing:border-box\"><span style=\"font-size:18px;font-family:&quot;times new roman&quot;, times, serif\">Toote kaal: 26 kg<br \/>Paki kaal: 28 kg<br \/>Toote m\u00f5\u00f5dud: 184 x 113 x 70 cm<br \/>Paki suurus: 142 x 23 x 77 cm<\/span><\/p>\n<\/td>\n<\/tr>\n<tr>\n<td style=\"font-size:14px;text-align:left;height:99px\" align=\"left\">\n<p style=\"line-height:inherit;margin:0px;margin-bottom:0px;margin-top:0px;margin-left:0px;margin-right:0px;padding:0px;padding-bottom:0px;padding-top:0px;padding-left:0px;padding-right:0px;box-sizing:border-box\"><span style=\"font-size:18px;font-family:&quot;times new roman&quot;, times, serif\"><strong>Pakendi sisu<\/strong><\/span><\/p>\n<\/td>\n<td style=\"font-size:14px;text-align:left;height:99px\" align=\"left\">\n<p style=\"line-height:inherit;margin:0px;margin-bottom:0px;margin-top:0px;margin-left:0px;margin-right:0px;padding:0px;padding-bottom:0px;padding-top:0px;padding-left:0px;padding-right:0px;box-sizing:border-box\"><span style=\"font-size:18px;font-family:&quot;times new roman&quot;, times, serif\">1 x C29 elektriline mopeediga jalgratas<br \/>1 x laadija<br \/>1 x t\u00f6\u00f6riist<br \/>1 x pump<br \/>1 x tagumine pakiraam<\/span><\/p>\n<\/td>\n<\/tr>\n<\/tbody>\n<\/table>\n<p style=\"font-family:&quot;Open Sans&quot;, Roboto, Arial, Helvetica, sans-serif, SimSun;font-size:14px;font-weight:400;letter-spacing:normal;line-height:inherit;text-align:start;white-space:normal;color:rgb(34, 34, 34);margin:0px;margin-bottom:0px;margin-top:0px;margin-left:0px;margin-right:0px;padding:0px;padding-bottom:0px;padding-top:0px;padding-left:0px;padding-right:0px;box-sizing:border-box\" align=\"start\"><\/p>\n<p style=\"font-family:&quot;Open Sans&quot;, Roboto, Arial, Helvetica, sans-serif, SimSun;font-size:14px;font-weight:400;letter-spacing:normal;line-height:inherit;text-align:start;white-space:normal;color:rgb(34, 34, 34);margin:0px;margin-bottom:0px;margin-top:0px;margin-left:0px;margin-right:0px;padding:0px;padding-bottom:0px;padding-top:0px;padding-left:0px;padding-right:0px;box-sizing:border-box\" align=\"start\"><strong><span style=\"font-size:24px\"><span style=\"font-family:&quot;times new roman&quot;, times, serif\">&gt;&gt;Tootepildid ja -kirjeldused<\/span><\/span><\/strong><\/p>\n<p style=\"font-family:&quot;Open Sans&quot;, Roboto, Arial, Helvetica, sans-serif, SimSun;font-size:14px;font-weight:400;letter-spacing:normal;line-height:inherit;text-align:start;white-space:normal;color:rgb(34, 34, 34);margin:0px;margin-bottom:0px;margin-top:0px;margin-left:0px;margin-right:0px;padding:0px;padding-bottom:0px;padding-top:0px;padding-left:0px;padding-right:0px;box-sizing:border-box\" align=\"start\"><img decoding=\"async\" src=\"https:\/\/ae01.alicdn.com\/kf\/S77a97ee889dd4e049fa415bf58446c20R.jpg\" slate-data-type=\"image\"\/><img decoding=\"async\" src=\"https:\/\/ae01.alicdn.com\/kf\/S0696ddf3fc45432aa867dda060845501L.jpg\" slate-data-type=\"image\"\/><img decoding=\"async\" src=\"https:\/\/ae01.alicdn.com\/kf\/Sbbd006cf711e4ca0aae8d3407ae2d8ceZ.jpg\" slate-data-type=\"image\"\/><img decoding=\"async\" src=\"https:\/\/ae01.alicdn.com\/kf\/S8fd7bb771bff4b6fac81d1b85b317a1fx.jpg\" slate-data-type=\"image\"\/><img decoding=\"async\" src=\"https:\/\/ae01.alicdn.com\/kf\/Sd440aea5ac0b4912908b1cd8bccf3da14.jpg\" slate-data-type=\"image\"\/><img decoding=\"async\" src=\"https:\/\/ae01.alicdn.com\/kf\/Sc3b8041ad30347baa4cfcfb2cba51e3bC.jpg\" slate-data-type=\"image\"\/><img decoding=\"async\" src=\"https:\/\/ae01.alicdn.com\/kf\/S2085f51baf3b466c943c2f8904c3135dM.jpg\" slate-data-type=\"image\"\/><img decoding=\"async\" src=\"https:\/\/ae01.alicdn.com\/kf\/S4a3abe522ba348d4912854a18f4d91c09.jpg\" slate-data-type=\"image\"\/><\/p>","protected":false},"excerpt":{"rendered":"<p>Model Number:&nbsp;DUOTTS C29 Rated Passenger Capacity:&nbsp;Two Seat Style:&nbsp;Standard Type Max Speed:&nbsp;30-50km\/h Range per Power:&nbsp;31 &#8211; 60 km Wattage:&nbsp;&gt; 500w Power Supply:&nbsp;lithium battery Voltage:&nbsp;48V Power Source:&nbsp;lithium battery Origin:&nbsp;Mainland China Folded:&nbsp;No Motor:&nbsp;Brushless<\/p>","protected":false},"featured_media":25944,"comment_status":"open","ping_status":"closed","template":"","meta":{"_acf_changed":false},"product_brand":[],"product_cat":[230],"product_tag":[],"class_list":{"0":"post-25943","1":"product","2":"type-product","3":"status-publish","4":"has-post-thumbnail","6":"product_cat-bikes","8":"first","9":"instock","10":"shipping-taxable","11":"purchasable","12":"product-type-variable"},"acf":[],"_links":{"self":[{"href":"https:\/\/www.electricstore.eu\/et\/wp-json\/wp\/v2\/product\/25943","targetHints":{"allow":["GET"]}}],"collection":[{"href":"https:\/\/www.electricstore.eu\/et\/wp-json\/wp\/v2\/product"}],"about":[{"href":"https:\/\/www.electricstore.eu\/et\/wp-json\/wp\/v2\/types\/product"}],"replies":[{"embeddable":true,"href":"https:\/\/www.electricstore.eu\/et\/wp-json\/wp\/v2\/comments?post=25943"}],"wp:featuredmedia":[{"embeddable":true,"href":"https:\/\/www.electricstore.eu\/et\/wp-json\/wp\/v2\/media\/25944"}],"wp:attachment":[{"href":"https:\/\/www.electricstore.eu\/et\/wp-json\/wp\/v2\/media?parent=25943"}],"wp:term":[{"taxonomy":"product_brand","embeddable":true,"href":"https:\/\/www.electricstore.eu\/et\/wp-json\/wp\/v2\/product_brand?post=25943"},{"taxonomy":"product_cat","embeddable":true,"href":"https:\/\/www.electricstore.eu\/et\/wp-json\/wp\/v2\/product_cat?post=25943"},{"taxonomy":"product_tag","embeddable":true,"href":"https:\/\/www.electricstore.eu\/et\/wp-json\/wp\/v2\/product_tag?post=25943"}],"curies":[{"name":"wp","href":"https:\/\/api.w.org\/{rel}","templated":true}]}}