{"id":25932,"date":"2025-05-20T19:04:34","date_gmt":"2025-05-20T19:04:34","guid":{"rendered":"https:\/\/electricstore.eu\/p\/uncategorized\/engwe-electric-bicycle-l20-boost-48v20ah-100-km-max-range-ebikes-25-km-h-500w-motor-20-tire-fat-e-bike-folding-electric-bike\/"},"modified":"2025-05-20T19:08:03","modified_gmt":"2025-05-20T19:08:03","slug":"engwe-electric-bicycle-l20-boost-48v20ah-100-km-max-range-ebikes-25-km-h-500w-motor-20-tire-fat-e-bike-folding-electric-bike","status":"publish","type":"product","link":"https:\/\/www.electricstore.eu\/et\/p\/bikes\/engwe-electric-bicycle-l20-boost-48v20ah-100-km-max-range-ebikes-25-km-h-500w-motor-20-tire-fat-e-bike-folding-electric-bike\/","title":{"rendered":"ENGWE elektriline jalgratas L20 Boost 48V20Ah 100 km maksimaalne s\u00f5iduulatus E-rattad 25 km\/h 500W mootor 20 rehvi Fat kokkupandav elektriratas"},"content":{"rendered":"<div class=\"product-specs-list-container\">\n<ul class=\"product-specs-list util-clearfix\">\n<li class=\"product-prop line-limit-length\"><span\n                                        class=\"property-title\">Mudelinumber:&nbsp;<\/span><span\n                                        class=\"property-desc line-limit-length\">ENGW L20 v\u00f5imendus<\/span>\n                            <\/li>\n<li class=\"product-prop line-limit-length\"><span\n                                        class=\"property-title\">Reisijate nimimaht:&nbsp;<\/span><span\n                                        class=\"property-desc line-limit-length\">Kaks istekohta<\/span>\n                            <\/li>\n<li class=\"product-prop line-limit-length\"><span\n                                        class=\"property-title\">Stiil:&nbsp;<\/span><span\n                                        class=\"property-desc line-limit-length\">Mini t\u00fc\u00fcp<\/span>\n                            <\/li>\n<li class=\"product-prop line-limit-length\"><span\n                                        class=\"property-title\">Maksimaalne kiirus:&nbsp;<\/span><span\n                                        class=\"property-desc line-limit-length\">&lt;25 km\/h<\/span>\n                            <\/li>\n<li class=\"product-prop line-limit-length\"><span\n                                        class=\"property-title\">V\u00f5imsuse vahemik:&nbsp;<\/span><span\n                                        class=\"property-desc line-limit-length\">&gt; 60 kilomeetrit<\/span>\n                            <\/li>\n<li class=\"product-prop line-limit-length\"><span\n                                        class=\"property-title\">V\u00f5imsus:&nbsp;<\/span><span\n                                        class=\"property-desc line-limit-length\">200\u2013250 W<\/span>\n                            <\/li>\n<li class=\"product-prop line-limit-length\"><span\n                                        class=\"property-title\">Toiteallikas:&nbsp;<\/span><span\n                                        class=\"property-desc line-limit-length\">liitiumaku<\/span>\n                            <\/li>\n<li class=\"product-prop line-limit-length\"><span\n                                        class=\"property-title\">Pinge:&nbsp;<\/span><span\n                                        class=\"property-desc line-limit-length\">48V<\/span>\n                            <\/li>\n<li class=\"product-prop line-limit-length\"><span\n                                        class=\"property-title\">Toiteallikas:&nbsp;<\/span><span\n                                        class=\"property-desc line-limit-length\">liitiumaku<\/span>\n                            <\/li>\n<li class=\"product-prop line-limit-length\"><span\n                                        class=\"property-title\">P\u00e4ritolu:&nbsp;<\/span><span\n                                        class=\"property-desc line-limit-length\">Mandri-Hiina<\/span>\n                            <\/li>\n<li class=\"product-prop line-limit-length\"><span\n                                        class=\"property-title\">Kokkupandud:&nbsp;<\/span><span\n                                        class=\"property-desc line-limit-length\">Jah<\/span>\n                            <\/li>\n<li class=\"product-prop line-limit-length\"><span\n                                        class=\"property-title\">Mootor:&nbsp;<\/span><span\n                                        class=\"property-desc line-limit-length\">Harjadeta<\/span>\n                            <\/li>\n<li class=\"product-prop line-limit-length\"><span\n                                        class=\"property-title\">Ratta suurus:&nbsp;<\/span><span\n                                        class=\"property-desc line-limit-length\">20 tolli<\/span>\n                            <\/li>\n<li class=\"product-prop line-limit-length\"><span\n                                        class=\"property-title\">Raami materjal:&nbsp;<\/span><span\n                                        class=\"property-desc line-limit-length\">Alumiiniumsulam<\/span>\n                            <\/li>\n<\/ul><\/div>\n<h1 style=\"text-align:center\" align=\"center\"><strong>ENGWE elektriline jalgratas L20 Boost 48V20Ah 100 km maksimaalne s\u00f5iduulatus E-rattad 25 km\/h 500W mootor 20 rehvi Fat kokkupandav elektriratas<\/strong><\/h1>\n<p style=\"font-family:DeepSeek-CJK-patch, Inter, system-ui, -apple-system, BlinkMacSystemFont, &quot;Segoe UI&quot;, Roboto, &quot;Noto Sans&quot;, Ubuntu, Cantarell, &quot;Helvetica Neue&quot;, Oxygen, &quot;Open Sans&quot;, sans-serif;font-size:16.002px;font-weight:400;letter-spacing:normal;line-height:28.575px;text-align:start;white-space:normal;color:rgb(64, 64, 64);background-color:rgb(255, 255, 255);margin:13.716px 0px;margin-bottom:13.716px;margin-top:13.716px;margin-left:0px;margin-right:0px\" class=\"ds-markdown-paragraph\" align=\"start\">ENGWE L20 Boost \u00fchendab endas v\u00f5imsa v\u00f5imsuse intelligentse s\u00f5idutehnoloogiaga, millel on ainulaadne Boost-funktsioon suurema p\u00f6\u00f6rdemomendi saavutamiseks just siis, kui seda k\u00f5ige rohkem vajate. See esmaklassiline elektriratas on loodud nii linnas\u00f5iduks kui ka seikluslikuks maastikus\u00f5iduks.<\/p>\n<p style=\"font-family:DeepSeek-CJK-patch, Inter, system-ui, -apple-system, BlinkMacSystemFont, &quot;Segoe UI&quot;, Roboto, &quot;Noto Sans&quot;, Ubuntu, Cantarell, &quot;Helvetica Neue&quot;, Oxygen, &quot;Open Sans&quot;, sans-serif;font-size:16.002px;font-weight:400;letter-spacing:normal;line-height:28.575px;text-align:start;white-space:normal;color:rgb(64, 64, 64);background-color:rgb(255, 255, 255);margin:13.716px 0px;margin-bottom:13.716px;margin-top:13.716px;margin-left:0px;margin-right:0px\" class=\"ds-markdown-paragraph\" align=\"start\"><strong>Peamised spetsifikatsioonid:<\/strong><\/p>\n<ul style=\"font-family:DeepSeek-CJK-patch, Inter, system-ui, -apple-system, BlinkMacSystemFont, &quot;Segoe UI&quot;, Roboto, &quot;Noto Sans&quot;, Ubuntu, Cantarell, &quot;Helvetica Neue&quot;, Oxygen, &quot;Open Sans&quot;, sans-serif;font-size:16.002px;font-weight:400;letter-spacing:normal;text-align:start;white-space:normal;color:rgb(64, 64, 64);background-color:rgb(255, 255, 255);margin:13.716px 0px;margin-bottom:13.716px;margin-top:13.716px;margin-left:0px;margin-right:0px;padding-left:27.432px\" align=\"start\">\n<li>\n<p style=\"font-size:16.002px;line-height:28.575px;margin-bottom:0px;margin-top:0px;margin-left:0px;margin-right:0px\" class=\"ds-markdown-paragraph\"><strong>Mootor:<\/strong><span>\u00a0<\/span>48V 250W (500W tipp) tagumine rummumootor p\u00f6\u00f6rdemomendi anduriga<\/p>\n<\/li>\n<li style=\"margin-top:4px\">\n<p style=\"font-size:16.002px;line-height:28.575px;margin-bottom:0px;margin-top:0px;margin-left:0px;margin-right:0px\" class=\"ds-markdown-paragraph\"><strong>Kiirus:<\/strong><span>\u00a0<\/span>25 km\/h (32 km\/h piirangu t\u00fchistamisel)<\/p>\n<\/li>\n<li style=\"margin-top:4px\">\n<p style=\"font-size:16.002px;line-height:28.575px;margin-bottom:0px;margin-top:0px;margin-left:0px;margin-right:0px\" class=\"ds-markdown-paragraph\"><strong>Vahemik:<\/strong><span>\u00a0<\/span>Kuni 126 km (85 km maksimaalse abitasemega)<\/p>\n<\/li>\n<li style=\"margin-top:4px\">\n<p style=\"font-size:16.002px;line-height:28.575px;margin-bottom:0px;margin-top:0px;margin-left:0px;margin-right:0px\" class=\"ds-markdown-paragraph\"><strong>Aku:<\/strong><span>\u00a0<\/span>48 V 13 Ah eemaldatav liitiumioonaku (laadimisaeg 6,5 tundi)<\/p>\n<\/li>\n<li style=\"margin-top:4px\">\n<p style=\"font-size:16.002px;line-height:28.575px;margin-bottom:0px;margin-top:0px;margin-left:0px;margin-right:0px\" class=\"ds-markdown-paragraph\"><strong>Rehvid:<\/strong><span>\u00a0<\/span>20\u00d74.0&quot; Chaoyang fat rehvid maastikul haarduvuse tagamiseks<\/p>\n<\/li>\n<li style=\"margin-top:4px\">\n<p style=\"font-size:16.002px;line-height:28.575px;margin-bottom:0px;margin-top:0px;margin-left:0px;margin-right:0px\" class=\"ds-markdown-paragraph\"><strong>Raam:<\/strong><span>\u00a0<\/span>Kerge alumiiniumkonstruktsioon<\/p>\n<\/li>\n<li style=\"margin-top:4px\">\n<p style=\"font-size:16.002px;line-height:28.575px;margin-bottom:0px;margin-top:0px;margin-left:0px;margin-right:0px\" class=\"ds-markdown-paragraph\"><strong>Kandev\u00f5ime:<\/strong><span>\u00a0<\/span>120 kg (264 naela)<\/p>\n<\/li>\n<li style=\"margin-top:4px\">\n<p style=\"font-size:16.002px;line-height:28.575px;margin-bottom:0px;margin-top:0px;margin-left:0px;margin-right:0px\" class=\"ds-markdown-paragraph\"><strong>S\u00f5itja pikkus:<\/strong><span>\u00a0<\/span>155\u2013185 cm (5&#039;0&quot;\u20136&#039;0&quot;)<\/p>\n<\/li>\n<\/ul>\n<p style=\"font-family:DeepSeek-CJK-patch, Inter, system-ui, -apple-system, BlinkMacSystemFont, &quot;Segoe UI&quot;, Roboto, &quot;Noto Sans&quot;, Ubuntu, Cantarell, &quot;Helvetica Neue&quot;, Oxygen, &quot;Open Sans&quot;, sans-serif;font-size:16.002px;font-weight:400;letter-spacing:normal;line-height:28.575px;text-align:start;white-space:normal;color:rgb(64, 64, 64);background-color:rgb(255, 255, 255);margin:13.716px 0px;margin-bottom:13.716px;margin-top:13.716px;margin-left:0px;margin-right:0px\" class=\"ds-markdown-paragraph\" align=\"start\"><strong>T\u00e4iustatud funktsioonid:<\/strong><\/p>\n<ul style=\"font-family:DeepSeek-CJK-patch, Inter, system-ui, -apple-system, BlinkMacSystemFont, &quot;Segoe UI&quot;, Roboto, &quot;Noto Sans&quot;, Ubuntu, Cantarell, &quot;Helvetica Neue&quot;, Oxygen, &quot;Open Sans&quot;, sans-serif;font-size:16.002px;font-weight:400;letter-spacing:normal;text-align:start;white-space:normal;color:rgb(64, 64, 64);background-color:rgb(255, 255, 255);margin:13.716px 0px;margin-bottom:13.716px;margin-top:13.716px;margin-left:0px;margin-right:0px;padding-left:27.432px\" align=\"start\">\n<li>\n<p style=\"font-size:16.002px;line-height:28.575px;margin-bottom:0px;margin-top:0px;margin-left:0px;margin-right:0px\" class=\"ds-markdown-paragraph\"><strong>Kahe toite re\u017eiimid:<\/strong><span>\u00a0<\/span>Kombineeri gaasihoob p\u00f6\u00f6rdemomenti tuvastava pedaaliabiga<\/p>\n<\/li>\n<li style=\"margin-top:4px\">\n<p style=\"font-size:16.002px;line-height:28.575px;margin-bottom:0px;margin-top:0px;margin-left:0px;margin-right:0px\" class=\"ds-markdown-paragraph\"><strong>T\u00f5stmise nupp:<\/strong><span>\u00a0<\/span>Ajutine v\u00f5imsuse suurendamine (60-sekundiline kestus) keerulise maastiku jaoks<\/p>\n<\/li>\n<li style=\"margin-top:4px\">\n<p style=\"font-size:16.002px;line-height:28.575px;margin-bottom:0px;margin-top:0px;margin-left:0px;margin-right:0px\" class=\"ds-markdown-paragraph\"><strong>Shimano 7-k\u00e4igulised k\u00e4igud:<\/strong><span>\u00a0<\/span>Sujuv mehaaniline k\u00e4iguvahetus<\/p>\n<\/li>\n<li style=\"margin-top:4px\">\n<p style=\"font-size:16.002px;line-height:28.575px;margin-bottom:0px;margin-top:0px;margin-left:0px;margin-right:0px\" class=\"ds-markdown-paragraph\"><strong>Eesmine mehaaniline vedrustus:<\/strong><span>\u00a0<\/span>Mugav l\u00f6\u00f6gisummutus<\/p>\n<\/li>\n<li style=\"margin-top:4px\">\n<p style=\"font-size:16.002px;line-height:28.575px;margin-bottom:0px;margin-top:0px;margin-left:0px;margin-right:0px\" class=\"ds-markdown-paragraph\"><strong>LCD-ekraan:<\/strong><span>\u00a0<\/span>Selged s\u00f5iduandmed ja abitaseme n\u00e4idik (0\u20135 taset)<\/p>\n<\/li>\n<li style=\"margin-top:4px\">\n<p style=\"font-size:16.002px;line-height:28.575px;margin-bottom:0px;margin-top:0px;margin-left:0px;margin-right:0px\" class=\"ds-markdown-paragraph\"><strong>Turvatuled:<\/strong><span>\u00a0<\/span>48 V LED-esituled ja tagatuled<\/p>\n<\/li>\n<li style=\"margin-top:4px\">\n<p style=\"font-size:16.002px;line-height:28.575px;margin-bottom:0px;margin-top:0px;margin-left:0px;margin-right:0px\" class=\"ds-markdown-paragraph\"><strong>Kahekordsed mehaanilised ketaspidurid:<\/strong><span>\u00a0<\/span>160 mm pidurikettad usaldusv\u00e4\u00e4rse pidurdusj\u00f5u tagamiseks<\/p>\n<\/li>\n<\/ul>\n<p style=\"font-family:DeepSeek-CJK-patch, Inter, system-ui, -apple-system, BlinkMacSystemFont, &quot;Segoe UI&quot;, Roboto, &quot;Noto Sans&quot;, Ubuntu, Cantarell, &quot;Helvetica Neue&quot;, Oxygen, &quot;Open Sans&quot;, sans-serif;font-size:16.002px;font-weight:400;letter-spacing:normal;line-height:28.575px;text-align:start;white-space:normal;color:rgb(64, 64, 64);background-color:rgb(255, 255, 255);margin:13.716px 0px;margin-bottom:13.716px;margin-top:13.716px;margin-left:0px;margin-right:0px\" class=\"ds-markdown-paragraph\" align=\"start\"><strong>Lisatarvikud:<\/strong><\/p>\n<ul style=\"font-family:DeepSeek-CJK-patch, Inter, system-ui, -apple-system, BlinkMacSystemFont, &quot;Segoe UI&quot;, Roboto, &quot;Noto Sans&quot;, Ubuntu, Cantarell, &quot;Helvetica Neue&quot;, Oxygen, &quot;Open Sans&quot;, sans-serif;font-size:16.002px;font-weight:400;letter-spacing:normal;text-align:start;white-space:normal;color:rgb(64, 64, 64);background-color:rgb(255, 255, 255);margin:13.716px 0px;margin-bottom:13.716px;margin-top:13.716px;margin-left:0px;margin-right:0px;padding-left:27.432px\" align=\"start\">\n<li>\n<p style=\"font-size:16.002px;line-height:28.575px;margin-bottom:0px;margin-top:0px;margin-left:0px;margin-right:0px\" class=\"ds-markdown-paragraph\">T\u00e4ielik t\u00f6\u00f6riistakomplekt (kuuskantv\u00f5tmed, mutriv\u00f5tmed, kruvikeerajad l\u00f5uendikotis)<\/p>\n<\/li>\n<li style=\"margin-top:4px\">\n<p style=\"font-size:16.002px;line-height:28.575px;margin-bottom:0px;margin-top:0px;margin-left:0px;margin-right:0px\" class=\"ds-markdown-paragraph\">Inglise keelne kasutusjuhend<\/p>\n<\/li>\n<li style=\"margin-top:4px\">\n<p style=\"font-size:16.002px;line-height:28.575px;margin-bottom:0px;margin-top:0px;margin-left:0px;margin-right:0px\" class=\"ds-markdown-paragraph\">48V13Ah akupakk<\/p>\n<\/li>\n<\/ul>\n<p style=\"font-family:DeepSeek-CJK-patch, Inter, system-ui, -apple-system, BlinkMacSystemFont, &quot;Segoe UI&quot;, Roboto, &quot;Noto Sans&quot;, Ubuntu, Cantarell, &quot;Helvetica Neue&quot;, Oxygen, &quot;Open Sans&quot;, sans-serif;font-size:16.002px;font-weight:400;letter-spacing:normal;line-height:28.575px;text-align:start;white-space:normal;color:rgb(64, 64, 64);background-color:rgb(255, 255, 255);margin:13.716px 0px;margin-bottom:13.716px;margin-top:13.716px;margin-left:0px;margin-right:0px\" class=\"ds-markdown-paragraph\" align=\"start\"><strong>Toote esilet\u00f5stmised:<\/strong><br \/>\u2713 Integreeritud rattamootor puhta esteetika tagamiseks<br \/>\u2713 4,0-tollised laiad talverehvid suurep\u00e4rase stabiilsuse tagamiseks<br \/>\u2713 P\u00f6\u00f6rdemomendi andur tagab loomuliku s\u00f5idutunde<br \/>\u2713 Mehaaniline vedrustus silub ebatasast maastikku<br \/>\u2713 Boost-funktsioon annab lisaj\u00f5udu ronimiseks (M\u00e4rkus: t\u00f6\u00f6tab ainult pedaaliabire\u017eiimis)<\/p>\n<p style=\"font-family:DeepSeek-CJK-patch, Inter, system-ui, -apple-system, BlinkMacSystemFont, &quot;Segoe UI&quot;, Roboto, &quot;Noto Sans&quot;, Ubuntu, Cantarell, &quot;Helvetica Neue&quot;, Oxygen, &quot;Open Sans&quot;, sans-serif;font-size:16.002px;font-weight:400;letter-spacing:normal;line-height:28.575px;text-align:start;white-space:normal;color:rgb(64, 64, 64);background-color:rgb(255, 255, 255);margin:13.716px 0px;margin-bottom:13.716px;margin-top:13.716px;margin-left:0px;margin-right:0px\" class=\"ds-markdown-paragraph\" align=\"start\"><strong>Paketi \u00fcksikasjad:<\/strong><\/p>\n<ul style=\"font-family:DeepSeek-CJK-patch, Inter, system-ui, -apple-system, BlinkMacSystemFont, &quot;Segoe UI&quot;, Roboto, &quot;Noto Sans&quot;, Ubuntu, Cantarell, &quot;Helvetica Neue&quot;, Oxygen, &quot;Open Sans&quot;, sans-serif;font-size:16.002px;font-weight:400;letter-spacing:normal;text-align:start;white-space:normal;color:rgb(64, 64, 64);background-color:rgb(255, 255, 255);margin:13.716px 0px;margin-bottom:13.716px;margin-top:13.716px;margin-left:0px;margin-right:0px;padding-left:27.432px\" align=\"start\">\n<li>\n<p style=\"font-size:16.002px;line-height:28.575px;margin-bottom:0px;margin-top:0px;margin-left:0px;margin-right:0px\" class=\"ds-markdown-paragraph\">M\u00f5\u00f5tmed: 148,5 \u00d7 31 \u00d7 78 cm (pakendis)<\/p>\n<\/li>\n<li style=\"margin-top:4px\">\n<p style=\"font-size:16.002px;line-height:28.575px;margin-bottom:0px;margin-top:0px;margin-left:0px;margin-right:0px\" class=\"ds-markdown-paragraph\">Netokaal: 34 kg (74,8 naela)<\/p>\n<\/li>\n<li style=\"margin-top:4px\">\n<p style=\"font-size:16.002px;line-height:28.575px;margin-bottom:0px;margin-top:0px;margin-left:0px;margin-right:0px\" class=\"ds-markdown-paragraph\">Kogukaal: 41,5 kg (91,3 naela)<\/p>\n<\/li>\n<\/ul>\n<p style=\"font-family:DeepSeek-CJK-patch, Inter, system-ui, -apple-system, BlinkMacSystemFont, &quot;Segoe UI&quot;, Roboto, &quot;Noto Sans&quot;, Ubuntu, Cantarell, &quot;Helvetica Neue&quot;, Oxygen, &quot;Open Sans&quot;, sans-serif;font-size:16.002px;font-weight:400;letter-spacing:normal;line-height:28.575px;text-align:start;white-space:normal;color:rgb(64, 64, 64);background-color:rgb(255, 255, 255);margin:13.716px 0px;margin-bottom:13.716px;margin-top:13.716px;margin-left:0px;margin-right:0px\" class=\"ds-markdown-paragraph\" align=\"start\"><strong>M\u00e4rkus:<\/strong><span>\u00a0<\/span>Elektrijalgrataste kasutamisel j\u00e4rgige alati kohalikke liikluseeskirju. Ohutuse tagamiseks on gaasipedaali re\u017eiimi kasutamisel v\u00f5imendusfunktsioon keelatud.<\/p>\n<p><img decoding=\"async\" src=\"https:\/\/ae01.alicdn.com\/kf\/Sc6d74862013642b0a307d98ca14aaf88W.jpg\" slate-data-type=\"image\"\/><img decoding=\"async\" src=\"https:\/\/ae01.alicdn.com\/kf\/S952673ea3f0141a39f1db7b2c6a9993aq.jpg\" slate-data-type=\"image\"\/><img decoding=\"async\" src=\"https:\/\/ae01.alicdn.com\/kf\/S04d62648ae3d48ea8ef740b88516df581.jpg\" slate-data-type=\"image\"\/><img decoding=\"async\" src=\"https:\/\/ae01.alicdn.com\/kf\/S98f1d030f34b411d8b0ced82353b4ae1D.jpg\" slate-data-type=\"image\"\/><img decoding=\"async\" src=\"https:\/\/ae01.alicdn.com\/kf\/S1be1c2f7f32c4d90a3ea855714133ab6F.jpg\" slate-data-type=\"image\"\/><img decoding=\"async\" src=\"https:\/\/ae01.alicdn.com\/kf\/Sdfd86adb2cc949dd9637eb7be1958cffC.jpg\" slate-data-type=\"image\"\/><img decoding=\"async\" src=\"https:\/\/ae01.alicdn.com\/kf\/Sae89a4efcff142648ddbfac24eb8f98cI.jpg\" slate-data-type=\"image\"\/><img decoding=\"async\" src=\"https:\/\/ae01.alicdn.com\/kf\/S94bf2213f1cd4ec0adeedfc5f30ad44bt.jpg\" slate-data-type=\"image\"\/><img decoding=\"async\" src=\"https:\/\/ae01.alicdn.com\/kf\/Sa565125199df4feb9c35494f92b993f6b.jpg\" slate-data-type=\"image\"\/><img decoding=\"async\" src=\"https:\/\/ae01.alicdn.com\/kf\/Sd684c870e305450195df8754f04010f3A.jpg\" slate-data-type=\"image\"\/><img decoding=\"async\" src=\"https:\/\/ae01.alicdn.com\/kf\/Sd1e7b9a53d6f4f52a4ee5c90fb78dae1n.jpg\" slate-data-type=\"image\"\/><img decoding=\"async\" src=\"https:\/\/ae01.alicdn.com\/kf\/Sf798c4ef0f4a4fcfb530dfba8fbb496ch.jpg\" slate-data-type=\"image\"\/><\/p>","protected":false},"excerpt":{"rendered":"<p>Model Number:&nbsp;ENGW L20 Boost Rated Passenger Capacity:&nbsp;Two Seat Style:&nbsp;Mini Type Max Speed:&nbsp;&lt;25km\/h Range per Power:&nbsp;&gt; 60 km Wattage:&nbsp;200 &#8211; 250w Power Supply:&nbsp;lithium battery Voltage:&nbsp;48V Power Source:&nbsp;lithium battery Origin:&nbsp;Mainland China Folded:&nbsp;Yes<\/p>","protected":false},"featured_media":25933,"comment_status":"open","ping_status":"closed","template":"","meta":{"_acf_changed":false},"product_brand":[],"product_cat":[230],"product_tag":[],"class_list":{"0":"post-25932","1":"product","2":"type-product","3":"status-publish","4":"has-post-thumbnail","6":"product_cat-bikes","8":"first","9":"instock","10":"shipping-taxable","11":"purchasable","12":"product-type-variable"},"acf":[],"_links":{"self":[{"href":"https:\/\/www.electricstore.eu\/et\/wp-json\/wp\/v2\/product\/25932","targetHints":{"allow":["GET"]}}],"collection":[{"href":"https:\/\/www.electricstore.eu\/et\/wp-json\/wp\/v2\/product"}],"about":[{"href":"https:\/\/www.electricstore.eu\/et\/wp-json\/wp\/v2\/types\/product"}],"replies":[{"embeddable":true,"href":"https:\/\/www.electricstore.eu\/et\/wp-json\/wp\/v2\/comments?post=25932"}],"wp:featuredmedia":[{"embeddable":true,"href":"https:\/\/www.electricstore.eu\/et\/wp-json\/wp\/v2\/media\/25933"}],"wp:attachment":[{"href":"https:\/\/www.electricstore.eu\/et\/wp-json\/wp\/v2\/media?parent=25932"}],"wp:term":[{"taxonomy":"product_brand","embeddable":true,"href":"https:\/\/www.electricstore.eu\/et\/wp-json\/wp\/v2\/product_brand?post=25932"},{"taxonomy":"product_cat","embeddable":true,"href":"https:\/\/www.electricstore.eu\/et\/wp-json\/wp\/v2\/product_cat?post=25932"},{"taxonomy":"product_tag","embeddable":true,"href":"https:\/\/www.electricstore.eu\/et\/wp-json\/wp\/v2\/product_tag?post=25932"}],"curies":[{"name":"wp","href":"https:\/\/api.w.org\/{rel}","templated":true}]}}