{"id":25827,"date":"2025-05-20T19:03:30","date_gmt":"2025-05-20T19:03:30","guid":{"rendered":"https:\/\/electricstore.eu\/p\/uncategorized\/boyueda-q7pro-max-electric-scooter-3200w-dual-motor-52v28ah-110km-long-mileage-70km-h-10tire-nfc-app-control-foldable-e-scooter\/"},"modified":"2025-05-20T19:07:20","modified_gmt":"2025-05-20T19:07:20","slug":"boyueda-q7pro-max-electric-scooter-3200w-dual-motor-52v28ah-110km-long-mileage-70km-h-10tire-nfc-app-control-foldable-e-scooter","status":"publish","type":"product","link":"https:\/\/www.electricstore.eu\/et\/p\/scooters\/boyueda-q7pro-max-electric-scooter-3200w-dual-motor-52v28ah-110km-long-mileage-70km-h-10tire-nfc-app-control-foldable-e-scooter\/","title":{"rendered":"BOYUEDA Q7Pro Max elektriroller 3200W kahemootoriline 52V28AH 110KM pikk l\u00e4bis\u00f5it 70KM\/H 10\u2033 rehvidega NFC rakenduse juhtimisega kokkupandav e-roller"},"content":{"rendered":"<div class=\"product-specs-list-container\">\n<ul class=\"product-specs-list util-clearfix\">\n<li class=\"product-prop line-limit-length\"><span\n                                        class=\"property-title\">Rehvi suurus:&nbsp;<\/span><span\n                                        class=\"property-desc line-limit-length\">10 tolli<\/span>\n                            <\/li>\n<li class=\"product-prop line-limit-length\"><span\n                                        class=\"property-title\">Mudelinumber:&nbsp;<\/span><span\n                                        class=\"property-desc line-limit-length\">BOYUEDA Q7Pro Max<\/span>\n                            <\/li>\n<li class=\"product-prop line-limit-length\"><span\n                                        class=\"property-title\">Kategooria:&nbsp;<\/span><span\n                                        class=\"property-desc line-limit-length\">Kaherattaline t\u00f5ukeratas<\/span>\n                            <\/li>\n<li class=\"product-prop line-limit-length\"><span\n                                        class=\"property-title\">Kohaldatavad inimesed:&nbsp;<\/span><span\n                                        class=\"property-desc line-limit-length\">Unisex<\/span>\n                            <\/li>\n<li class=\"product-prop line-limit-length\"><span\n                                        class=\"property-title\">Ulatus laadimise kohta:&nbsp;<\/span><span\n                                        class=\"property-desc line-limit-length\">40\u201360 km<\/span>\n                            <\/li>\n<li class=\"product-prop line-limit-length\"><span\n                                        class=\"property-title\">Laadimisaeg:&nbsp;<\/span><span\n                                        class=\"property-desc line-limit-length\">6\u20138 tundi<\/span>\n                            <\/li>\n<li class=\"product-prop line-limit-length\"><span\n                                        class=\"property-title\">Pinge:&nbsp;<\/span><span\n                                        class=\"property-desc line-limit-length\">48v<\/span>\n                            <\/li>\n<li class=\"product-prop line-limit-length\"><span\n                                        class=\"property-title\">Kokkupandud:&nbsp;<\/span><span\n                                        class=\"property-desc line-limit-length\">JAH<\/span>\n                            <\/li>\n<li class=\"product-prop line-limit-length\"><span\n                                        class=\"property-title\">P\u00e4ritolu:&nbsp;<\/span><span\n                                        class=\"property-desc line-limit-length\">Mandri-Hiina<\/span>\n                            <\/li>\n<li class=\"product-prop line-limit-length\"><span\n                                        class=\"property-title\">V\u00f5imsus (W):&nbsp;<\/span><span\n                                        class=\"property-desc line-limit-length\">1001\u20132000 W<\/span>\n                            <\/li>\n<li class=\"product-prop line-limit-length\"><span\n                                        class=\"property-title\">Maksimaalne mootor:&nbsp;<\/span><span\n                                        class=\"property-desc line-limit-length\">3200W<\/span>\n                            <\/li>\n<li class=\"product-prop line-limit-length\"><span\n                                        class=\"property-title\">maksimaalne ulatus:&nbsp;<\/span><span\n                                        class=\"property-desc line-limit-length\">110 km<\/span>\n                            <\/li>\n<li class=\"product-prop line-limit-length\"><span\n                                        class=\"property-title\">maksimaalne kiirus:&nbsp;<\/span><span\n                                        class=\"property-desc line-limit-length\">70 km\/h<\/span>\n                            <\/li>\n<li class=\"product-prop line-limit-length\"><span\n                                        class=\"property-title\">Maksimaalne koormus:&nbsp;<\/span><span\n                                        class=\"property-desc line-limit-length\">200 kg<\/span>\n                            <\/li>\n<li class=\"product-prop line-limit-length\"><span\n                                        class=\"property-title\">Ronimisv\u00f5ime:&nbsp;<\/span><span\n                                        class=\"property-desc line-limit-length\">35\u00b0<\/span>\n                            <\/li>\n<li class=\"product-prop line-limit-length\"><span\n                                        class=\"property-title\">Piduris\u00fcsteem:&nbsp;<\/span><span\n                                        class=\"property-desc line-limit-length\">H\u00fcdrauliline ketaspidur, kaubam\u00e4rk: Inching<\/span>\n                            <\/li>\n<li class=\"product-prop line-limit-length\"><span\n                                        class=\"property-title\">Aku:&nbsp;<\/span><span\n                                        class=\"property-desc line-limit-length\">52V28A1456Wh<\/span>\n                            <\/li>\n<li class=\"product-prop line-limit-length\"><span\n                                        class=\"property-title\">Eesmine amortisaator:&nbsp;<\/span><span\n                                        class=\"property-desc line-limit-length\">H\u00fcdrauliline l\u00f6\u00f6kide neeldumine<\/span>\n                            <\/li>\n<li class=\"product-prop line-limit-length\"><span\n                                        class=\"property-title\">Tagumine amortisaator:&nbsp;<\/span><span\n                                        class=\"property-desc line-limit-length\">Vedruamortisaator<\/span>\n                            <\/li>\n<li class=\"product-prop line-limit-length\"><span\n                                        class=\"property-title\">Kohaldatav maastik:&nbsp;<\/span><span\n                                        class=\"property-desc line-limit-length\">Maantee, linn, maastik<\/span>\n                            <\/li>\n<li class=\"product-prop line-limit-length\"><span\n                                        class=\"property-title\">K\u00e4ivitusseade:&nbsp;<\/span><span\n                                        class=\"property-desc line-limit-length\">NFC sissel\u00fclitamine + parooli sissel\u00fclitamine<\/span>\n                            <\/li>\n<li class=\"product-prop line-limit-length\"><span\n                                        class=\"property-title\">Rehvimudel:&nbsp;<\/span><span\n                                        class=\"property-desc line-limit-length\">Kaheotstarbeline rehv, l\u00e4bim\u00f5\u00f5duga 10 tolli, laiusega 90 mm<\/span>\n                            <\/li>\n<li class=\"product-prop line-limit-length\"><span\n                                        class=\"property-title\">Kontroller:&nbsp;<\/span><span\n                                        class=\"property-desc line-limit-length\">52V28A*2<\/span>\n                            <\/li>\n<li class=\"product-prop line-limit-length\"><span\n                                        class=\"property-title\">Sertifikaat:&nbsp;<\/span><span\n                                        class=\"property-desc line-limit-length\"><\/span>\n                            <\/li>\n<\/ul><\/div>\n<h1 style=\"text-align:center\" align=\"center\"><strong>BOYUEDA Q7Pro Max elektriroller 3200W kahemootoriline 52V28AH 110KM pikk l\u00e4bis\u00f5it 70KM\/H 10&quot; rehvid NFC rakenduse juhtimine kokkupandav e-roller<\/strong><\/h1>\n<h3 style=\"font-family:DeepSeek-CJK-patch, Inter, system-ui, -apple-system, BlinkMacSystemFont, &quot;Segoe UI&quot;, Roboto, &quot;Noto Sans&quot;, Ubuntu, Cantarell, &quot;Helvetica Neue&quot;, Oxygen, &quot;Open Sans&quot;, sans-serif;font-size:18.288px;font-weight:600;letter-spacing:normal;line-height:1.5;text-align:start;white-space:normal;color:rgb(64, 64, 64);background-color:rgb(255, 255, 255);margin:18.288px 0px 13.716px;margin-bottom:13.716px;margin-top:18.288px;margin-left:0px;margin-right:0px\" align=\"start\"><strong>Q7Pro Max elektrit\u00f5ukeratas \u2013 tehnilised andmed<\/strong><\/h3>\n<p><\/p>\n<table style=\"border-collapse:collapse;font-family:DeepSeek-CJK-patch, Inter, system-ui, -apple-system, BlinkMacSystemFont, &quot;Segoe UI&quot;, Roboto, &quot;Noto Sans&quot;, Ubuntu, Cantarell, &quot;Helvetica Neue&quot;, Oxygen, &quot;Open Sans&quot;, sans-serif;font-size:16.002px;text-align:start;color:rgb(64, 64, 64);background-color:rgb(255, 255, 255)\" align=\"start\">\n<tr>\n<td style=\"font-weight:600;text-align:left;color:rgb(64, 64, 64);border-bottom:1px solid rgb(163, 163, 163);border-top:1px solid rgb(163, 163, 163);padding:6.858px 13.716px 6.858px 0px;padding-bottom:6.858px;padding-top:6.858px;padding-left:0px;padding-right:13.716px\" align=\"left\">\n<p><strong>Kategooria<\/strong><\/p>\n<\/td>\n<td style=\"font-weight:600;text-align:left;color:rgb(64, 64, 64);border-bottom:1px solid rgb(163, 163, 163);border-top:1px solid rgb(163, 163, 163);padding:6.858px 13.716px;padding-bottom:6.858px;padding-top:6.858px;padding-left:13.716px;padding-right:13.716px\" align=\"left\">\n<p><strong>Detailid<\/strong><\/p>\n<\/td>\n<\/tr>\n<tbody>\n<tr>\n<td style=\"padding:6.858px 13.716px 6.858px 0px\">\n<p><strong>Mudel<\/strong><\/p>\n<\/td>\n<td style=\"padding:6.858px 13.716px\">\n<p>Q7Pro Max<\/p>\n<\/td>\n<\/tr>\n<tr>\n<td style=\"padding:6.858px 13.716px 6.858px 0px\">\n<p><strong>Aku mahtuvus<\/strong><\/p>\n<\/td>\n<td style=\"padding:6.858px 13.716px\">\n<p>52 V 28 Ah (1456 Wh)<\/p>\n<\/td>\n<\/tr>\n<tr>\n<td style=\"padding:6.858px 13.716px 6.858px 0px\">\n<p><strong>Mootor<\/strong><\/p>\n<\/td>\n<td style=\"padding:6.858px 13.716px\">\n<p>Kaks kiiret mootorit, 2 \u00d7 1600 W (kokku 3200 W)<\/p>\n<\/td>\n<\/tr>\n<tr>\n<td style=\"padding:6.858px 13.716px 6.858px 0px\">\n<p><strong>Rehvid<\/strong><\/p>\n<\/td>\n<td style=\"padding:6.858px 13.716px\">\n<p>H\u00fcbriidrehvid (maantee\/kerge maastikus\u00f5iduk), l\u00e4bim\u00f5\u00f5t 10 tolli, laius 90 mm<\/p>\n<\/td>\n<\/tr>\n<tr>\n<td style=\"padding:6.858px 13.716px 6.858px 0px\">\n<p><strong>Maksimaalne kiirus<\/strong><\/p>\n<\/td>\n<td style=\"padding:6.858px 13.716px\">\n<p>70 km\/h<\/p>\n<\/td>\n<\/tr>\n<tr>\n<td style=\"padding:6.858px 13.716px 6.858px 0px\">\n<p><strong>Vahemik<\/strong><\/p>\n<\/td>\n<td style=\"padding:6.858px 13.716px\">\n<p>90\u2013110 km (s\u00f5ltub maastikust ja koormusest)<\/p>\n<\/td>\n<\/tr>\n<tr>\n<td style=\"padding:6.858px 13.716px 6.858px 0px\">\n<p><strong>Maastik<\/strong><\/p>\n<\/td>\n<td style=\"padding:6.858px 13.716px\">\n<p>Maantee- ja linnamaastikus\u00f5idukid<\/p>\n<\/td>\n<\/tr>\n<tr>\n<td style=\"padding:6.858px 13.716px 6.858px 0px\">\n<p><strong>S\u00fc\u00fcde<\/strong><\/p>\n<\/td>\n<td style=\"padding:6.858px 13.716px\">\n<p><strong>NFC avamine + PIN-koodi k\u00e4ivitamine<\/strong><\/p>\n<\/td>\n<\/tr>\n<tr>\n<td style=\"padding:6.858px 13.716px 6.858px 0px\">\n<p><strong>Esituled<\/strong><\/p>\n<\/td>\n<td style=\"padding:6.858px 13.716px\">\n<p>Futuristlik \u00fcmmargune LED-esitule<\/p>\n<\/td>\n<\/tr>\n<tr>\n<td style=\"padding:6.858px 13.716px 6.858px 0px\">\n<p><strong>Laadimine<\/strong><\/p>\n<\/td>\n<td style=\"padding:6.858px 13.716px\">\n<p>Kaks laadimisporti (sisaldab<span>\u00a0<\/span><strong>1 kahepordiline laadija<\/strong>)<\/p>\n<\/td>\n<\/tr>\n<tr>\n<td style=\"padding:6.858px 13.716px 6.858px 0px\">\n<p><strong>T\u00f6\u00f6temperatuur<\/strong><\/p>\n<\/td>\n<td style=\"padding:6.858px 13.716px\">\n<p>-30\u00b0C ja k\u00f5rgem<\/p>\n<\/td>\n<\/tr>\n<tr>\n<td style=\"padding:6.858px 13.716px 6.858px 0px\">\n<p><strong>Maksimaalne t\u00f5usunurk<\/strong><\/p>\n<\/td>\n<td style=\"padding:6.858px 13.716px\">\n<p>35\u00b0<\/p>\n<\/td>\n<\/tr>\n<tr>\n<td style=\"padding:6.858px 13.716px 6.858px 0px\">\n<p><strong>Pidurid<\/strong><\/p>\n<\/td>\n<td style=\"padding:6.858px 13.716px\">\n<p>H\u00fcdraulilised ketaspidurid (kaubam\u00e4rk: Diandong)<\/p>\n<\/td>\n<\/tr>\n<tr>\n<td style=\"padding:6.858px 13.716px 6.858px 0px\">\n<p><strong>Raami materjal<\/strong><\/p>\n<\/td>\n<td style=\"padding:6.858px 13.716px\">\n<p>K\u00f5rge tugevusega alumiiniumisulam<\/p>\n<\/td>\n<\/tr>\n<tr>\n<td style=\"padding:6.858px 13.716px 6.858px 0px\">\n<p><strong>V\u00e4rv<\/strong><\/p>\n<\/td>\n<td style=\"padding:6.858px 13.716px\">\n<p>Punane ja must (p\u00f5hiosa)<\/p>\n<\/td>\n<\/tr>\n<tr>\n<td style=\"padding:6.858px 13.716px 6.858px 0px\">\n<p><strong>Maksimaalne kandev\u00f5ime<\/strong><\/p>\n<\/td>\n<td style=\"padding:6.858px 13.716px\">\n<p>200 kg<\/p>\n<\/td>\n<\/tr>\n<tr>\n<td style=\"padding:6.858px 13.716px 6.858px 0px\">\n<p><strong>Teki k\u00f5rgus<\/strong><\/p>\n<\/td>\n<td style=\"padding:6.858px 13.716px\">\n<p>17 cm (kliirens)<\/p>\n<\/td>\n<\/tr>\n<tr>\n<td style=\"padding:6.858px 13.716px 6.858px 0px\">\n<p><strong>Teki suurus<\/strong><\/p>\n<\/td>\n<td style=\"padding:6.858px 13.716px\">\n<p>22,5 cm (L) \u00d7 53 cm (P)<\/p>\n<\/td>\n<\/tr>\n<tr>\n<td style=\"padding:6.858px 13.716px 6.858px 0px\">\n<p><strong>Eesmine vedrustus<\/strong><\/p>\n<\/td>\n<td style=\"padding:6.858px 13.716px\">\n<p>H\u00fcdrauliline l\u00f6\u00f6kide neeldumine<\/p>\n<\/td>\n<\/tr>\n<tr>\n<td style=\"padding:6.858px 13.716px 6.858px 0px\">\n<p><strong>Tagumine vedrustus<\/strong><\/p>\n<\/td>\n<td style=\"padding:6.858px 13.716px\">\n<p>\u00dclitugev vedrustus<\/p>\n<\/td>\n<\/tr>\n<tr>\n<td style=\"padding:6.858px 13.716px 6.858px 0px\">\n<p><strong>Kontroller<\/strong><\/p>\n<\/td>\n<td style=\"padding:6.858px 13.716px\">\n<p>Kahekordsed 52V 28A kontrollerid<\/p>\n<\/td>\n<\/tr>\n<tr>\n<td style=\"padding:6.858px 13.716px 6.858px 0px\">\n<p><strong>Kaasasolevad esemed<\/strong><\/p>\n<\/td>\n<td style=\"padding:6.858px 13.716px\">\n<p>T\u00f5ukeratas \u00d71, Sadul \u00d71, Laadija \u00d72, Kuuskantkruvikeerajate komplekt \u00d71, Telefonihoidik \u00d71, 3L must EVA hoiukott \u00d71<\/p>\n<\/td>\n<\/tr>\n<\/tbody>\n<\/table>\n<hr style=\"font-family:DeepSeek-CJK-patch, Inter, system-ui, -apple-system, BlinkMacSystemFont, &quot;Segoe UI&quot;, Roboto, &quot;Noto Sans&quot;, Ubuntu, Cantarell, &quot;Helvetica Neue&quot;, Oxygen, &quot;Open Sans&quot;, sans-serif;font-size:16.002px;font-weight:400;letter-spacing:normal;text-align:start;white-space:normal;color:rgb(64, 64, 64);background-color:rgb(163, 163, 163);border:none;margin:13.716px 0px;margin-bottom:13.716px;margin-top:13.716px;margin-left:0px;margin-right:0px;display:block;height:1px\" align=\"start\"\/>\n<h3 style=\"font-family:DeepSeek-CJK-patch, Inter, system-ui, -apple-system, BlinkMacSystemFont, &quot;Segoe UI&quot;, Roboto, &quot;Noto Sans&quot;, Ubuntu, Cantarell, &quot;Helvetica Neue&quot;, Oxygen, &quot;Open Sans&quot;, sans-serif;font-size:18.288px;font-weight:600;letter-spacing:normal;line-height:1.5;text-align:start;white-space:normal;color:rgb(64, 64, 64);background-color:rgb(255, 255, 255);margin:18.288px 0px 13.716px;margin-bottom:13.716px;margin-top:18.288px;margin-left:0px;margin-right:0px\" align=\"start\"><strong>Toote esilet\u00f5stmised<\/strong><\/h3>\n<ol style=\"font-family:DeepSeek-CJK-patch, Inter, system-ui, -apple-system, BlinkMacSystemFont, &quot;Segoe UI&quot;, Roboto, &quot;Noto Sans&quot;, Ubuntu, Cantarell, &quot;Helvetica Neue&quot;, Oxygen, &quot;Open Sans&quot;, sans-serif;font-size:16.002px;font-weight:400;letter-spacing:normal;text-align:start;white-space:normal;color:rgb(64, 64, 64);background-color:rgb(255, 255, 255);margin:13.716px 0px;margin-bottom:13.716px;margin-top:13.716px;margin-left:0px;margin-right:0px;padding-left:27.432px\" align=\"start\">\n<li>\n<p style=\"font-size:16.002px;line-height:28.575px;margin-bottom:0px;margin-top:0px;margin-left:0px;margin-right:0px\"><strong>Nutikas juhtimiskeskus<\/strong><span>\u00a0<\/span>\u2013 Suur<span>\u00a0<\/span><strong>LCD-armatuurlaud<\/strong><span>\u00a0<\/span>integreeritud seadetega: k\u00e4iguvahetus, esi-\/tagaveo l\u00fcliti, s\u00f5idure\u017eiimid ja palju muud.<span>\u00a0<\/span><strong>NFC\/PIN-koodiga k\u00e4ivitamine<\/strong><span>\u00a0<\/span>mugavuse huvides.<\/p>\n<\/li>\n<li style=\"margin-top:4px\">\n<p style=\"font-size:16.002px;line-height:28.575px;margin-bottom:0px;margin-top:0px;margin-left:0px;margin-right:0px\"><strong>V\u00f5imas 3200 W mootor<\/strong><span>\u00a0<\/span>\u2013 Kiirendab kuni<span>\u00a0<\/span><strong>70 km\/h<\/strong>, ideaalne pendeldamiseks, asjaajamiseks ja<span>\u00a0<\/span><strong>kerge linnamaastik<\/strong>.<\/p>\n<\/li>\n<li style=\"margin-top:4px\">\n<p style=\"font-size:16.002px;line-height:28.575px;margin-bottom:0px;margin-top:0px;margin-left:0px;margin-right:0px\"><strong>Kokkupandav ja kaasaskantav<\/strong><span>\u00a0<\/span>\u2013 Kompaktne disain mahub auto pakiruumi;<span>\u00a0<\/span><strong>roostekindel alumiiniumraam<\/strong><span>\u00a0<\/span>tagab pikaajalise vastupidavuse.<\/p>\n<\/li>\n<li style=\"margin-top:4px\">\n<p style=\"font-size:16.002px;line-height:28.575px;margin-bottom:0px;margin-top:0px;margin-left:0px;margin-right:0px\"><strong>Pikaealine aku<\/strong><span>\u00a0<\/span>\u2013 1456 Wh mahutavus annab<span>\u00a0<\/span><strong>90\u2013110 km<\/strong><span>\u00a0<\/span>laadimise kohta (ideaalne igap\u00e4evaseks kasutamiseks).<\/p>\n<\/li>\n<li style=\"margin-top:4px\">\n<p style=\"font-size:16.002px;line-height:28.575px;margin-bottom:0px;margin-top:0px;margin-left:0px;margin-right:0px\"><strong>Lihtsalt vahetatav kontroller<\/strong><span>\u00a0<\/span>\u2013 Modulaarne pistik\u00fchendusega disain kiireks hoolduseks ja remondiks.<\/p>\n<\/li>\n<li style=\"margin-top:4px\">\n<p style=\"font-size:16.002px;line-height:28.575px;margin-bottom:0px;margin-top:0px;margin-left:0px;margin-right:0px\"><strong>Usaldusv\u00e4\u00e4rsed h\u00fcdraulilised pidurid<\/strong><span>\u00a0<\/span>\u2013 Ees ja taga<span>\u00a0<\/span><strong>h\u00fcdraulilised kettad<\/strong><span>\u00a0<\/span>sujuva ja stabiilse peatumise tagamiseks.<\/p>\n<\/li>\n<li style=\"margin-top:4px\">\n<p style=\"font-size:16.002px;line-height:28.575px;margin-bottom:0px;margin-top:0px;margin-left:0px;margin-right:0px\"><strong>T\u00e4iustatud mugavus<\/strong><span>\u00a0<\/span>\u2013<span>\u00a0<\/span><strong>Eesmine h\u00fcdrauliline + tagumine vedrustus<\/strong><span>\u00a0<\/span>sujuvamaks s\u00f5iduks ebatasasel pinnal.<\/p>\n<\/li>\n<li style=\"margin-top:4px\">\n<p style=\"font-size:16.002px;line-height:28.575px;margin-bottom:0px;margin-top:0px;margin-left:0px;margin-right:0px\"><strong>T\u00e4iustatud valgustus<\/strong><span>\u00a0<\/span>\u2013 Futuristlik \u00fcmmargune esituled, akr\u00fc\u00fclist k\u00fcljepaneelid, tagumised j\u00e4rjestikused suunatuled ja peidetud s\u00f5idu-\/pidurituled.<\/p>\n<\/li>\n<li style=\"margin-top:4px\">\n<p style=\"font-size:16.002px;line-height:28.575px;margin-bottom:0px;margin-top:0px;margin-left:0px;margin-right:0px\"><strong>H\u00fcbriidrehvid haarduvuse parandamiseks<\/strong><span>\u00a0<\/span>\u2013 10-tolline<span>\u00a0<\/span><strong>90 mm laiused vaakumrehvid<\/strong><span>\u00a0<\/span>stabiilsuse ja kulumiskindluse tagamiseks.<\/p>\n<\/li>\n<li style=\"margin-top:4px\">\n<p style=\"font-size:16.002px;line-height:28.575px;margin-bottom:0px;margin-top:0px;margin-left:0px;margin-right:0px\"><strong>Nutitelefoni \u00fchenduvus<\/strong><span>\u00a0<\/span>\u2013<span>\u00a0<\/span><strong>Reaalajas j\u00e4lgimine ja kohandamine<\/strong><span>\u00a0<\/span>rakenduse kaudu (toetab 12 keelt).<\/p>\n<\/li>\n<\/ol>\n<hr style=\"font-family:DeepSeek-CJK-patch, Inter, system-ui, -apple-system, BlinkMacSystemFont, &quot;Segoe UI&quot;, Roboto, &quot;Noto Sans&quot;, Ubuntu, Cantarell, &quot;Helvetica Neue&quot;, Oxygen, &quot;Open Sans&quot;, sans-serif;font-size:16.002px;font-weight:400;letter-spacing:normal;text-align:start;white-space:normal;color:rgb(64, 64, 64);background-color:rgb(163, 163, 163);border:none;margin:13.716px 0px;margin-bottom:13.716px;margin-top:13.716px;margin-left:0px;margin-right:0px;display:block;height:1px\" align=\"start\"\/>\n<h3 style=\"font-family:DeepSeek-CJK-patch, Inter, system-ui, -apple-system, BlinkMacSystemFont, &quot;Segoe UI&quot;, Roboto, &quot;Noto Sans&quot;, Ubuntu, Cantarell, &quot;Helvetica Neue&quot;, Oxygen, &quot;Open Sans&quot;, sans-serif;font-size:18.288px;font-weight:600;letter-spacing:normal;line-height:1.5;text-align:start;white-space:normal;color:rgb(64, 64, 64);background-color:rgb(255, 255, 255);margin:18.288px 0px 13.716px;margin-bottom:13.716px;margin-top:18.288px;margin-left:0px;margin-right:0px\" align=\"start\"><strong>Miks valida Q7Pro Max?<\/strong><\/h3>\n<p style=\"font-family:DeepSeek-CJK-patch, Inter, system-ui, -apple-system, BlinkMacSystemFont, &quot;Segoe UI&quot;, Roboto, &quot;Noto Sans&quot;, Ubuntu, Cantarell, &quot;Helvetica Neue&quot;, Oxygen, &quot;Open Sans&quot;, sans-serif;font-size:16.002px;font-weight:400;letter-spacing:normal;line-height:28.575px;text-align:start;white-space:normal;color:rgb(64, 64, 64);background-color:rgb(255, 255, 255);margin:13.716px 0px;margin-bottom:13.716px;margin-top:13.716px;margin-left:0px;margin-right:0px\" align=\"start\">\u2705<span>\u00a0<\/span><strong>Tehniliselt nutikas disain<\/strong><span>\u00a0<\/span>\u2013 NFC\/PIN-s\u00fc\u00fcde, rakenduste integreerimine ja kohandatavad s\u00e4tted.<br \/>\u2705<span>\u00a0<\/span><strong>Mitmek\u00fclgne j\u00f5udlus<\/strong><span>\u00a0<\/span>\u2013 Saab vaevata hakkama nii linnat\u00e4navatel kui ka kergetel maastikuradadel.<br \/>\u2705<span>\u00a0<\/span><strong>Tipptasemel ohutusfunktsioonid<\/strong><span>\u00a0<\/span>\u2013 H\u00fcdraulilised pidurid + laiad rehvid enesekindlaks s\u00f5iduks.<\/p>\n<p><img decoding=\"async\" src=\"https:\/\/ae01.alicdn.com\/kf\/S11d20ddf80794b0f8b3edbfea4ba3d22g.jpg\" slate-data-type=\"image\"\/><img decoding=\"async\" src=\"https:\/\/ae01.alicdn.com\/kf\/S49e231bf18dd4811bd8dac287de8171cf.jpg\" slate-data-type=\"image\"\/><img decoding=\"async\" src=\"https:\/\/ae01.alicdn.com\/kf\/S184f33bee7f04de8b194510e85bd3942C.jpg\" slate-data-type=\"image\"\/><img decoding=\"async\" src=\"https:\/\/ae01.alicdn.com\/kf\/S3bb680f2964a4b41a4e626cd15bbde9fY.jpg\" slate-data-type=\"image\"\/><img decoding=\"async\" src=\"https:\/\/ae01.alicdn.com\/kf\/S343ff6162c3444b8baa8e01bcb990124l.jpg\" slate-data-type=\"image\"\/><img decoding=\"async\" src=\"https:\/\/ae01.alicdn.com\/kf\/S30d0c9aac7db488a9d6905660e9900306.jpg\" slate-data-type=\"image\"\/><img decoding=\"async\" src=\"https:\/\/ae01.alicdn.com\/kf\/S935ab7ec187d48cfaab01573129f4c289.jpg\" slate-data-type=\"image\"\/><img decoding=\"async\" src=\"https:\/\/ae01.alicdn.com\/kf\/Sf3c784fdb0064461863ffa4743f1f9f1M.jpg\" slate-data-type=\"image\"\/><img decoding=\"async\" src=\"https:\/\/ae01.alicdn.com\/kf\/S35344d6781e94d038149a5ac044a6cbeM.jpg\" slate-data-type=\"image\"\/><img decoding=\"async\" src=\"https:\/\/ae01.alicdn.com\/kf\/S8f296f557e6b4f969857e6f70985d835h.jpg\" slate-data-type=\"image\"\/><img decoding=\"async\" src=\"https:\/\/ae01.alicdn.com\/kf\/Sa0c660ca02fc4a28bd3a3b07d97346b1t.jpg\" slate-data-type=\"image\"\/><\/p>","protected":false},"excerpt":{"rendered":"<p>Tire Size:&nbsp;10 inch Model Number:&nbsp;BOYUEDA Q7Pro Max Category:&nbsp;Two-wheel Scooter Applicable People:&nbsp;Unisex Range Per Charge:&nbsp;40-60km Charging Time:&nbsp;6-8h Voltage:&nbsp;48v Folded:&nbsp;YES Origin:&nbsp;Mainland China Power (W):&nbsp;1001-2000w Max motor:&nbsp;3200W max range:&nbsp;110KM max speed:&nbsp;70KM\/H max Load:&nbsp;200kg<\/p>","protected":false},"featured_media":25828,"comment_status":"open","ping_status":"closed","template":"","meta":{"_acf_changed":false},"product_brand":[],"product_cat":[297],"product_tag":[],"class_list":{"0":"post-25827","1":"product","2":"type-product","3":"status-publish","4":"has-post-thumbnail","6":"product_cat-scooters","8":"first","9":"instock","10":"shipping-taxable","11":"purchasable","12":"product-type-variable"},"acf":[],"_links":{"self":[{"href":"https:\/\/www.electricstore.eu\/et\/wp-json\/wp\/v2\/product\/25827","targetHints":{"allow":["GET"]}}],"collection":[{"href":"https:\/\/www.electricstore.eu\/et\/wp-json\/wp\/v2\/product"}],"about":[{"href":"https:\/\/www.electricstore.eu\/et\/wp-json\/wp\/v2\/types\/product"}],"replies":[{"embeddable":true,"href":"https:\/\/www.electricstore.eu\/et\/wp-json\/wp\/v2\/comments?post=25827"}],"wp:featuredmedia":[{"embeddable":true,"href":"https:\/\/www.electricstore.eu\/et\/wp-json\/wp\/v2\/media\/25828"}],"wp:attachment":[{"href":"https:\/\/www.electricstore.eu\/et\/wp-json\/wp\/v2\/media?parent=25827"}],"wp:term":[{"taxonomy":"product_brand","embeddable":true,"href":"https:\/\/www.electricstore.eu\/et\/wp-json\/wp\/v2\/product_brand?post=25827"},{"taxonomy":"product_cat","embeddable":true,"href":"https:\/\/www.electricstore.eu\/et\/wp-json\/wp\/v2\/product_cat?post=25827"},{"taxonomy":"product_tag","embeddable":true,"href":"https:\/\/www.electricstore.eu\/et\/wp-json\/wp\/v2\/product_tag?post=25827"}],"curies":[{"name":"wp","href":"https:\/\/api.w.org\/{rel}","templated":true}]}}