{"id":25614,"date":"2025-05-20T19:00:15","date_gmt":"2025-05-20T19:00:15","guid":{"rendered":"https:\/\/electricstore.eu\/p\/uncategorized\/116-70km-h-4wd-rc-car-with-led-lights-2-4g-radio-high-speed-brushless-motor-remote-control-off-road-cars-for-children-toys\/"},"modified":"2025-05-20T19:05:06","modified_gmt":"2025-05-20T19:05:06","slug":"116-70km-h-4wd-rc-car-with-led-lights-2-4g-radio-high-speed-brushless-motor-remote-control-off-road-cars-for-children-toys","status":"publish","type":"product","link":"https:\/\/www.electricstore.eu\/et\/p\/rc\/rc-cars\/116-70km-h-4wd-rc-car-with-led-lights-2-4g-radio-high-speed-brushless-motor-remote-control-off-road-cars-for-children-toys\/","title":{"rendered":"1:16 70KM\/H 4WD RC auto LED-tuledega 2.4G raadio kiire harjadeta mootoriga kaugjuhtimispuldiga maastikuautod lastele m\u00e4nguasjadega"},"content":{"rendered":"<div class=\"product-specs-list-container\">\n<ul class=\"product-specs-list util-clearfix\">\n<li class=\"product-prop line-limit-length\"><span\n                                        class=\"property-title\">Sertifikaadi number:&nbsp;<\/span><span\n                                        class=\"property-desc line-limit-length\">Nagu n\u00e4itama<\/span>\n                            <\/li>\n<li class=\"product-prop line-limit-length\"><span\n                                        class=\"property-title\">CE:&nbsp;<\/span><span\n                                        class=\"property-desc line-limit-length\">Tunnistus<\/span>\n                            <\/li>\n<li class=\"product-prop line-limit-length\"><span\n                                        class=\"property-title\">Kas elektriline:&nbsp;<\/span><span\n                                        class=\"property-desc line-limit-length\">liitiumaku<\/span>\n                            <\/li>\n<li class=\"product-prop line-limit-length\"><span\n                                        class=\"property-title\">Triipkood:&nbsp;<\/span><span\n                                        class=\"property-desc line-limit-length\">Ei<\/span>\n                            <\/li>\n<li class=\"product-prop line-limit-length\"><span\n                                        class=\"property-title\">Drosseli servo:&nbsp;<\/span><span\n                                        class=\"property-desc line-limit-length\">2840 Harjadeta mootor<\/span>\n                            <\/li>\n<li class=\"product-prop line-limit-length\"><span\n                                        class=\"property-title\">Rooliv\u00f5imendi:&nbsp;<\/span><span\n                                        class=\"property-desc line-limit-length\">Kolmejuhtmeline 17G digitaalne servo<\/span>\n                            <\/li>\n<li class=\"product-prop line-limit-length\"><span\n                                        class=\"property-title\">V\u00f5imsus:&nbsp;<\/span><span\n                                        class=\"property-desc line-limit-length\">70 km\/h<\/span>\n                            <\/li>\n<li class=\"product-prop line-limit-length\"><span\n                                        class=\"property-title\">Assamblee osariik:&nbsp;<\/span><span\n                                        class=\"property-desc line-limit-length\">Valmis minema<\/span>\n                            <\/li>\n<li class=\"product-prop line-limit-length\"><span\n                                        class=\"property-title\">Lennuaeg:&nbsp;<\/span><span\n                                        class=\"property-desc line-limit-length\">15\u201318 minutit<\/span>\n                            <\/li>\n<li class=\"product-prop line-limit-length\"><span\n                                        class=\"property-title\">Rehvij\u00e4lg:&nbsp;<\/span><span\n                                        class=\"property-desc line-limit-length\">188 mm<\/span>\n                            <\/li>\n<li class=\"product-prop line-limit-length\"><span\n                                        class=\"property-title\">Teljevahe:&nbsp;<\/span><span\n                                        class=\"property-desc line-limit-length\">185 mm<\/span>\n                            <\/li>\n<li class=\"product-prop line-limit-length\"><span\n                                        class=\"property-title\">Hoiatus:&nbsp;<\/span><span\n                                        class=\"property-desc line-limit-length\">Puudub<\/span>\n                            <\/li>\n<li class=\"product-prop line-limit-length\"><span\n                                        class=\"property-title\">Kaugus:&nbsp;<\/span><span\n                                        class=\"property-desc line-limit-length\">120 miljonit<\/span>\n                            <\/li>\n<li class=\"product-prop line-limit-length\"><span\n                                        class=\"property-title\">Garantii:&nbsp;<\/span><span\n                                        class=\"property-desc line-limit-length\">Puudub<\/span>\n                            <\/li>\n<li class=\"product-prop line-limit-length\"><span\n                                        class=\"property-title\">Skaala:&nbsp;<\/span><span\n                                        class=\"property-desc line-limit-length\">1:16<\/span>\n                            <\/li>\n<li class=\"product-prop line-limit-length\"><span\n                                        class=\"property-title\">M\u00f5\u00f5tmed:&nbsp;<\/span><span\n                                        class=\"property-desc line-limit-length\">30 * 23 * 11,5 cm<\/span>\n                            <\/li>\n<li class=\"product-prop line-limit-length\"><span\n                                        class=\"property-title\">P\u00f6\u00f6rdemoment:&nbsp;<\/span><span\n                                        class=\"property-desc line-limit-length\">Nagu n\u00e4itama<\/span>\n                            <\/li>\n<li class=\"product-prop line-limit-length\"><span\n                                        class=\"property-title\">Mudelinumber:&nbsp;<\/span><span\n                                        class=\"property-desc line-limit-length\">S196<\/span>\n                            <\/li>\n<li class=\"product-prop line-limit-length\"><span\n                                        class=\"property-title\">Kujundus:&nbsp;<\/span><span\n                                        class=\"property-desc line-limit-length\">Krossiratas<\/span>\n                            <\/li>\n<li class=\"product-prop line-limit-length\"><span\n                                        class=\"property-title\">Pakett sisaldab:&nbsp;<\/span><span\n                                        class=\"property-desc line-limit-length\">Originaalkarp, patareid, kasutusjuhend, pult, USB-kaabel<\/span>\n                            <\/li>\n<li class=\"product-prop line-limit-length\"><span\n                                        class=\"property-title\">Juhtimiskanalid:&nbsp;<\/span><span\n                                        class=\"property-desc line-limit-length\">4 kanalit<\/span>\n                            <\/li>\n<li class=\"product-prop line-limit-length\"><span\n                                        class=\"property-title\">Kontrolleri re\u017eiim:&nbsp;<\/span><span\n                                        class=\"property-desc line-limit-length\">RE\u017dIIM1<\/span>\n                            <\/li>\n<li class=\"product-prop line-limit-length\"><span\n                                        class=\"property-title\">Laadimispinge:&nbsp;<\/span><span\n                                        class=\"property-desc line-limit-length\">7,4 V 1500 mAh<\/span>\n                            <\/li>\n<li class=\"product-prop line-limit-length\"><span\n                                        class=\"property-title\">Kaugjuhtimispult:&nbsp;<\/span><span\n                                        class=\"property-desc line-limit-length\">Jah<\/span>\n                            <\/li>\n<li class=\"product-prop line-limit-length\"><span\n                                        class=\"property-title\">Materjal:&nbsp;<\/span><span\n                                        class=\"property-desc line-limit-length\">Metall, Plastik<\/span>\n                            <\/li>\n<li class=\"product-prop line-limit-length\"><span\n                                        class=\"property-title\">Soovitatav vanus:&nbsp;<\/span><span\n                                        class=\"property-desc line-limit-length\">14+a, 6\u201312a<\/span>\n                            <\/li>\n<li class=\"product-prop line-limit-length\"><span\n                                        class=\"property-title\">P\u00e4ritolu:&nbsp;<\/span><span\n                                        class=\"property-desc line-limit-length\">Mandri-Hiina<\/span>\n                            <\/li>\n<li class=\"product-prop line-limit-length\"><span\n                                        class=\"property-title\">T\u00fc\u00fcp:&nbsp;<\/span><span\n                                        class=\"property-desc line-limit-length\">Auto<\/span>\n                            <\/li>\n<li class=\"product-prop line-limit-length\"><span\n                                        class=\"property-title\">Omadused:&nbsp;<\/span><span\n                                        class=\"property-desc line-limit-length\">KAUGJUHTIMISPULT<\/span>\n                            <\/li>\n<\/ul><\/div>\n<div class=\"detailmodule_html\">\n<div class=\"detail-desc-decorate-richtext\">\n<p><span style=\"background-color:rgb(252, 220, 0);color:rgb(244, 78, 59);font-size:18px\">M\u00e4rkus:<\/span><\/p>\n<p><span style=\"color:rgb(244, 78, 59);font-size:18px\">1. See puldiga auto sobib ainult suurel kiirusel s\u00f5itmiseks. Kuna generaator teeb v\u00e4ikesel kiirusel s\u00f5ites imelikku h\u00e4\u00e4lt, on see normaalne n\u00e4htus, mitte rike.<\/span><\/p>\n<p><span style=\"color:rgb(244, 78, 59);font-size:18px\">2. Puldiga auto korpus on kaetud kaitsekilega; kui korpusel on kriimustusi, saab kile eemaldada.<\/span><\/p>\n<p><span style=\"color:rgb(244, 78, 59);font-size:18px\">3. Kasutame originaalv\u00e4rvikarbi kohaletoimetamiseks. Transpordi k\u00e4igus on teatud t\u00f5en\u00e4osus, et v\u00e4rvikarp pigistatakse, see on normaalne n\u00e4htus. Kui te ei saa v\u00e4rvikarbi pigistamisega leppida, siis palun lubage mul soovitada teile linki vahtkarbi pakendi ostmiseks.<\/span><\/p>\n<p><span style=\"background-color:rgb(255, 255, 255);color:rgb(0, 0, 0);font-size:20px\"><strong>16101PRO kaugjuhtimisega auto k\u00fcsimused ja vastused<\/strong><\/span><\/p>\n<p style=\"font-family:&quot;Open Sans&quot;, Roboto, Arial, Helvetica, sans-serif, SimSun;font-size:14px;font-weight:400;letter-spacing:normal;line-height:inherit;text-align:start;white-space:normal;color:rgb(34, 34, 34);background-color:rgb(255, 255, 255);margin:0px;margin-bottom:0px;margin-top:0px;margin-left:0px;margin-right:0px;padding:0px;padding-bottom:0px;padding-top:0px;padding-left:0px;padding-right:0px;box-sizing:border-box\" align=\"start\"><span style=\"background-color:rgb(255, 255, 255);color:rgb(0, 0, 0);font-size:16px\">K1: Miks on puldiga auto rehvid paljad?<\/span><\/p>\n<p style=\"font-family:&quot;Open Sans&quot;, Roboto, Arial, Helvetica, sans-serif, SimSun;font-size:14px;font-weight:400;letter-spacing:normal;line-height:inherit;text-align:start;white-space:normal;color:rgb(34, 34, 34);background-color:rgb(255, 255, 255);margin:0px;margin-bottom:0px;margin-top:0px;margin-left:0px;margin-right:0px;padding:0px;padding-bottom:0px;padding-top:0px;padding-left:0px;padding-right:0px;box-sizing:border-box\" align=\"start\"><span style=\"background-color:rgb(255, 255, 255);color:rgb(0, 0, 0);font-size:16px\">A: [Eriline disain] Varvaste haare on tugev ja ei kaldu kergesti k\u00f5rvale, mis aitab parandada kere stabiilsust ja rehvi haarduvust kurvides.<\/span><\/p>\n<p style=\"font-family:&quot;Open Sans&quot;, Roboto, Arial, Helvetica, sans-serif, SimSun;font-size:14px;font-weight:400;letter-spacing:normal;line-height:inherit;text-align:start;white-space:normal;color:rgb(34, 34, 34);background-color:rgb(255, 255, 255);margin:0px;margin-bottom:0px;margin-top:0px;margin-left:0px;margin-right:0px;padding:0px;padding-bottom:0px;padding-top:0px;padding-left:0px;padding-right:0px;box-sizing:border-box\" align=\"start\"><span style=\"background-color:rgb(255, 255, 255);color:rgb(0, 0, 0);font-size:16px\">K2: Kuidas reguleerida puldiga auto rehvide kallet?<\/span><\/p>\n<p style=\"font-family:&quot;Open Sans&quot;, Roboto, Arial, Helvetica, sans-serif, SimSun;font-size:14px;font-weight:400;letter-spacing:normal;line-height:inherit;text-align:start;white-space:normal;color:rgb(34, 34, 34);background-color:rgb(255, 255, 255);margin:0px;margin-bottom:0px;margin-top:0px;margin-left:0px;margin-right:0px;padding:0px;padding-bottom:0px;padding-top:0px;padding-left:0px;padding-right:0px;box-sizing:border-box\" align=\"start\"><span style=\"background-color:rgb(255, 255, 255);color:rgb(0, 0, 0);font-size:16px\">A: Seda saab reguleerida kaugjuhtimispuldi peenh\u00e4\u00e4lestamise ja drosseli peenh\u00e4\u00e4lestamise nuppude abil.<\/span><\/p>\n<p style=\"font-family:&quot;Open Sans&quot;, Roboto, Arial, Helvetica, sans-serif, SimSun;font-size:14px;font-weight:400;letter-spacing:normal;line-height:inherit;text-align:start;white-space:normal;color:rgb(34, 34, 34);background-color:rgb(255, 255, 255);margin:0px;margin-bottom:0px;margin-top:0px;margin-left:0px;margin-right:0px;padding:0px;padding-bottom:0px;padding-top:0px;padding-left:0px;padding-right:0px;box-sizing:border-box\" align=\"start\"><span style=\"background-color:rgb(255, 255, 255);color:rgb(0, 0, 0);font-size:16px\">K3: Mida peaksin tegema, kui ma ei leia oma tarvikuid?<\/span><\/p>\n<p style=\"font-family:&quot;Open Sans&quot;, Roboto, Arial, Helvetica, sans-serif, SimSun;font-size:14px;font-weight:400;letter-spacing:normal;line-height:inherit;text-align:start;white-space:normal;color:rgb(34, 34, 34);background-color:rgb(255, 255, 255);margin:0px;margin-bottom:0px;margin-top:0px;margin-left:0px;margin-right:0px;padding:0px;padding-bottom:0px;padding-top:0px;padding-left:0px;padding-right:0px;box-sizing:border-box\" align=\"start\"><span style=\"background-color:rgb(255, 255, 255);color:rgb(0, 0, 0);font-size:16px\">V: Palun kontrollige k\u00f5igepealt pakendit hoolikalt; kui te seda ei leia, palun aidake meil teha t\u00e4ielik lahtipakkimisvideo ja me kontrollime seda probleemi oma laos ning pakume vastava lahenduse.<\/span><\/p>\n<p style=\"font-family:&quot;Open Sans&quot;, Roboto, Arial, Helvetica, sans-serif, SimSun;font-size:14px;font-weight:400;letter-spacing:normal;line-height:inherit;text-align:start;white-space:normal;color:rgb(34, 34, 34);background-color:rgb(255, 255, 255);margin:0px;margin-bottom:0px;margin-top:0px;margin-left:0px;margin-right:0px;padding:0px;padding-bottom:0px;padding-top:0px;padding-left:0px;padding-right:0px;box-sizing:border-box\" align=\"start\"><span style=\"background-color:rgb(255, 255, 255);color:rgb(0, 0, 0);font-size:16px\">K4: Mida peaksin tegema, kui mu kaugjuhtimispulti ei saa puldiga \u00fchendada?<\/span><\/p>\n<p style=\"font-family:&quot;Open Sans&quot;, Roboto, Arial, Helvetica, sans-serif, SimSun;font-size:14px;font-weight:400;letter-spacing:normal;line-height:inherit;text-align:start;white-space:normal;color:rgb(34, 34, 34);background-color:rgb(255, 255, 255);margin:0px;margin-bottom:0px;margin-top:0px;margin-left:0px;margin-right:0px;padding:0px;padding-bottom:0px;padding-top:0px;padding-left:0px;padding-right:0px;box-sizing:border-box\" align=\"start\"><span style=\"background-color:rgb(255, 255, 255);color:rgb(0, 0, 0);font-size:16px\">V: Palun veenduge, et aku on t\u00e4ielikult laetud. Seej\u00e4rel \u00fchendage m\u00e4nguauto ja kaugjuhtimispult k\u00e4sitsi. M\u00e4nguauto sobitamise kohta leiate lisateavet kasutusjuhendist. Probleemi anal\u00fc\u00fcsimiseks v\u00f5ite testida emaplaadi pinget.<\/span><\/p>\n<p style=\"font-family:&quot;Open Sans&quot;, Roboto, Arial, Helvetica, sans-serif, SimSun;font-size:14px;font-weight:400;letter-spacing:normal;line-height:inherit;text-align:start;white-space:normal;color:rgb(34, 34, 34);background-color:rgb(255, 255, 255);margin:0px;margin-bottom:0px;margin-top:0px;margin-left:0px;margin-right:0px;padding:0px;padding-bottom:0px;padding-top:0px;padding-left:0px;padding-right:0px;box-sizing:border-box\" align=\"start\"><span style=\"background-color:rgb(255, 255, 255);color:rgb(0, 0, 0);font-size:16px\">K5: Mida peaksin tegema, kui m\u00e4nguauto saab p\u00f6\u00f6rata, aga ei saa edasi ega tagasi liikuda p\u00e4rast seda, kui puld on puldiga \u00fchendatud?<\/span><\/p>\n<p style=\"font-family:&quot;Open Sans&quot;, Roboto, Arial, Helvetica, sans-serif, SimSun;font-size:14px;font-weight:400;letter-spacing:normal;line-height:inherit;text-align:start;white-space:normal;color:rgb(34, 34, 34);background-color:rgb(255, 255, 255);margin:0px;margin-bottom:0px;margin-top:0px;margin-left:0px;margin-right:0px;padding:0px;padding-bottom:0px;padding-top:0px;padding-left:0px;padding-right:0px;box-sizing:border-box\" align=\"start\"><span style=\"background-color:rgb(255, 255, 255);color:rgb(0, 0, 0);font-size:16px\">A: Palun kontrollige k\u00f5igepealt, kas aku on t\u00e4ielikult laetud, ja seej\u00e4rel testige emaplaadi ja mootori pinget, et saaksite anal\u00fc\u00fcsida, milles probleem seisneb.<\/span><\/p>\n<div><span style=\"background-color:rgb(255, 255, 255);color:rgb(34, 34, 34);font-size:20px;font-family:&quot;Open Sans&quot;, Roboto, Arial, Helvetica, sans-serif, SimSun\"><strong>SCY 16101PRO 16102PRO 16103PRO 1:16 70KM\/H 4WD RC auto LED-esituledega Kaugjuhtimisega autod Kiire triiviv koletisveok lastele vs Wltoys 144001 M\u00e4nguasjad<\/strong><\/span><\/div>\n<p><strong>Aku kasutamisel palun arvestage j\u00e4rgmisega:<\/strong><\/p>\n<p>1. Kui aku on t\u00fchi, tuleb see \u00f5igeaegselt laadida, et tagada aku \u00fclej\u00e4\u00e4k. Kui aku on t\u00e4iesti t\u00fchi, ei saa akut laadida.<\/p>\n<p>2. Aku laadimisel \u00fchendage lahti \u00fchendus puldiga autoga. V\u00f5tke aku kindlasti eraldi laadimiseks v\u00e4lja.<\/p>\n<p>3. Kui te ei kasuta puldiga autot, eemaldage aku puldiga auto juhtmest, \u00e4rge mingil juhul \u00fchendage seda ja laadige aku t\u00e4ielikult, vastasel juhul kahjustab see akut.<\/p>\n<p><strong>Omadused:<\/strong><\/p>\n<ol>\n<li>\n<p>Simulatsioonistruktuuri disaini kasutamine koos reaalse autojuhtimise tundega, et saavutada t\u00e4isskaala astmevaba kiirus, kiire s\u00f5itmine, kiire kiirendus, aeglustus, pidurdamine, tagurdamine, vasakp\u00f6\u00f6re, paremp\u00f6\u00f6re.<\/p>\n<\/li>\n<li>\n<p>Sobivad kohad: tasane maa, liiv, muda, rohi.<\/p>\n<\/li>\n<li>\n<p>Nelikvedu: ees ja taga p\u00fcstvedrustusega amortisatsioon, topelt\u00f5\u00f5tsharkidega s\u00f5ltumatu vedrustuss\u00fcsteem.<\/p>\n<\/li>\n<li>\n<p>2.4G t\u00e4isproportsionaalne s\u00fcnkroniseeritud kaugjuhtimiss\u00fcsteem. T\u00e4isproportsionaalne gaasi-\/roolis\u00fcsteem.<\/p>\n<\/li>\n<li>\n<p>Metallist diferentsiaal, metallist diferentsiaali tass, pulberplaneet\u00fclekanne, pulberaktiiv\u00fclekanne, pulberpea\u00fclekanne<\/p>\n<\/li>\n<li>\n<p>Metallist CVD eesmine veov\u00f5ll, metallist tagumine haakn\u00f5el, metallist rattakettad.<\/p>\n<\/li>\n<li>\n<p>Kolmejuhtmeline 17G digitaalne servo.<\/p>\n<\/li>\n<li>\n<p>7,4 V, 18650-1500 mAh liitiumioonaku (T-pistik), t\u00fchjenemise kordaja 15C.<\/p>\n<\/li>\n<li>\n<p>Uus kaugjuhtimispaneeli funktsioon: rooli helitugevuse suuruse reguleerimine.<\/p>\n<\/li>\n<li>\n<p>16 kuullaagrit kogu s\u00f5idukile.<\/p>\n<\/li>\n<li>\n<p>Metallist teise p\u00f5randaplaat, metallist esi- ja tagahoova kood, metallist keskmine veov\u00f5ll.<\/p>\n<\/li>\n<li>\n<p>Autokest on valmistatud \u00fclimalt tugevast plahvatuskindlast PVC-kestast.<\/p>\n<\/li>\n<li>\n<p>Varustatud LED-esituledega; (kolm re\u017eiimi: pidev tuli, aeglane vilkumine, kiire vilkumine)<\/p>\n<\/li>\n<li>\n<p>Varustatud pea kohal oleva rooliga.<\/p>\n<\/li>\n<li>\n<p>Suurjala rehvide simulatsioon, tugev haarduvus<\/p>\n<\/li>\n<\/ol>\n<p><strong>Kirjeldus:<\/strong><\/p>\n<p><span style=\"background-color:rgb(255, 255, 255);color:rgb(34, 34, 34);font-size:14px;font-family:&quot;Open Sans&quot;, Roboto, Arial, Helvetica, sans-serif, SimSun\">Ltem Nimi:16101PRO,16102PRO,16103PRO<\/span><\/p>\n<p>100% t\u00e4iesti uus, k\u00f5rge kvaliteet.<\/p>\n<p>1:16 veoauto suurus: 30 * 23 * 11,5 cm<\/p>\n<p>M\u00e4nguaeg: 15\u201318 minutit (pidev t\u00e4iskiirusel jooksmine)<\/p>\n<p>Laadimisaeg: 3\u20133,5 tundi<\/p>\n<p>Kontrollvahemik: 120M<\/p>\n<p>Autoaku on kaasas<\/p>\n<p>Kaugjuhtimispult: 3 * AA patareid (ei kuulu komplekti)<\/p>\n<p><span style=\"color:rgb(244, 78, 59)\"><strong>M\u00e4rkus:<\/strong><\/span><\/p>\n<p><strong><span style=\"color:rgb(244, 78, 59)\">1: Laadimiskaitse: konstantse voolu ja konstantse pingega tasakaalustatud laadimine, kaitsefunktsioon aku \u00fclelaadimise ja \u00fclekoormuse eest.<\/span><\/strong><\/p>\n<p><strong><span style=\"color:rgb(244, 78, 59)\">2: Mootori kinnikiilumiskaitse: \u00fclekoormuse korral mootor lakkab t\u00f6\u00f6tamast.<\/span><\/strong><\/p>\n<p><strong><span style=\"color:rgb(244, 78, 59)\">3: K\u00f5rge temperatuuri kaitse: kui t\u00f6\u00f6temperatuur on seatud v\u00e4\u00e4rtusest k\u00f5rgem, peatab ajami juhtimisahel t\u00f6\u00f6tamise ja j\u00e4tkab t\u00f6\u00f6d p\u00e4rast temperatuuri langemist ohutule v\u00e4\u00e4rtusele.<\/span><\/strong><\/p>\n<p><strong><span style=\"color:rgb(244, 78, 59)\">4: ESC madalpinge v\u00e4ljal\u00fclitusfunktsioon, aku pinge on alla 6,3\u20136,4 V, automaatne v\u00e4ljal\u00fclitus, et v\u00e4ltida aku \u00fclet\u00fchjenemist.<\/span><\/strong><span style=\"color:rgb(244, 78, 59)\">.<\/span><img decoding=\"async\" src=\"https:\/\/ae01.alicdn.com\/kf\/Sdd01a7240c584b16b1a8a122c3c835ae2.jpg?width=1000&amp;height=5215&amp;hash=6215\" slate-data-type=\"image\"\/><\/p>\n<p><img decoding=\"async\" src=\"https:\/\/ae01.alicdn.com\/kf\/Sdedb2089b3ea41abb30373347f69d567d.jpg?width=1000&amp;height=6204&amp;hash=7204\" slate-data-type=\"image\"\/><img decoding=\"async\" src=\"https:\/\/ae01.alicdn.com\/kf\/Sf42b7fff22fb4dfea370c9431c033a0ex.jpg?width=1000&amp;height=5161&amp;hash=6161\" slate-data-type=\"image\"\/><\/p>\n<div>\n<\/div>\n<p><\/div>\n<\/div>\n<p><\/p>","protected":false},"excerpt":{"rendered":"<p>Certificate Number:&nbsp;As Show CE:&nbsp;Certificate Is Electric:&nbsp;lithium battery Barcode:&nbsp;No Throttle servo:&nbsp;2840 Brushless motor Steering servo:&nbsp;Three-wire 17G digital servo Power:&nbsp;70 km\/h State of Assembly:&nbsp;Ready-to-Go Flight Time:&nbsp;15-18 min Tire Track:&nbsp;188mm Wheelbase:&nbsp;185 mm Warning:&nbsp;None<\/p>","protected":false},"featured_media":25616,"comment_status":"open","ping_status":"closed","template":"","meta":{"_acf_changed":false},"product_brand":[],"product_cat":[519],"product_tag":[],"class_list":{"0":"post-25614","1":"product","2":"type-product","3":"status-publish","4":"has-post-thumbnail","6":"product_cat-rc-cars","8":"first","9":"instock","10":"shipping-taxable","11":"purchasable","12":"product-type-variable"},"acf":[],"_links":{"self":[{"href":"https:\/\/www.electricstore.eu\/et\/wp-json\/wp\/v2\/product\/25614","targetHints":{"allow":["GET"]}}],"collection":[{"href":"https:\/\/www.electricstore.eu\/et\/wp-json\/wp\/v2\/product"}],"about":[{"href":"https:\/\/www.electricstore.eu\/et\/wp-json\/wp\/v2\/types\/product"}],"replies":[{"embeddable":true,"href":"https:\/\/www.electricstore.eu\/et\/wp-json\/wp\/v2\/comments?post=25614"}],"wp:featuredmedia":[{"embeddable":true,"href":"https:\/\/www.electricstore.eu\/et\/wp-json\/wp\/v2\/media\/25616"}],"wp:attachment":[{"href":"https:\/\/www.electricstore.eu\/et\/wp-json\/wp\/v2\/media?parent=25614"}],"wp:term":[{"taxonomy":"product_brand","embeddable":true,"href":"https:\/\/www.electricstore.eu\/et\/wp-json\/wp\/v2\/product_brand?post=25614"},{"taxonomy":"product_cat","embeddable":true,"href":"https:\/\/www.electricstore.eu\/et\/wp-json\/wp\/v2\/product_cat?post=25614"},{"taxonomy":"product_tag","embeddable":true,"href":"https:\/\/www.electricstore.eu\/et\/wp-json\/wp\/v2\/product_tag?post=25614"}],"curies":[{"name":"wp","href":"https:\/\/api.w.org\/{rel}","templated":true}]}}