{"id":25575,"date":"2025-05-20T19:00:04","date_gmt":"2025-05-20T19:00:04","guid":{"rendered":"https:\/\/electricstore.eu\/p\/uncategorized\/vevor-motorcycle-helmet-full-face-smart-street-abshigh-density-helmet-with-bluetooth-slotinterchangeable-lens-fit-for-adults\/"},"modified":"2025-05-20T19:04:45","modified_gmt":"2025-05-20T19:04:45","slug":"vevor-motorcycle-helmet-full-face-smart-street-abshigh-density-helmet-with-bluetooth-slotinterchangeable-lens-fit-for-adults","status":"publish","type":"product","link":"https:\/\/www.electricstore.eu\/et\/p\/a\/helmets\/vevor-motorcycle-helmet-full-face-smart-street-abshigh-density-helmet-with-bluetooth-slotinterchangeable-lens-fit-for-adults\/","title":{"rendered":"VEVOR mootorrattakiiver, t\u00e4ismask, nutikas t\u00e4navakiiver ABS-ist ja suure tihedusega kiiver Bluetooth-pesaga ja vahetatava objektiiviga, sobib t\u00e4iskasvanutele"},"content":{"rendered":"<div class=\"product-specs-list-container\">\n<ul class=\"product-specs-list util-clearfix\">\n<li class=\"product-prop line-limit-length\"><span\n                                        class=\"property-title\">K\u00f5rge riskiga kemikaal:&nbsp;<\/span><span\n                                        class=\"property-desc line-limit-length\">Puudub<\/span>\n                            <\/li>\n<li class=\"product-prop line-limit-length\"><span\n                                        class=\"property-title\">P\u00e4ritolu:&nbsp;<\/span><span\n                                        class=\"property-desc line-limit-length\">Mandri-Hiina<\/span>\n                            <\/li>\n<li class=\"product-prop line-limit-length\"><span\n                                        class=\"property-title\">Toote t\u00fc\u00fcp:&nbsp;<\/span><span\n                                        class=\"property-desc line-limit-length\">Kiivrid<\/span>\n                            <\/li>\n<\/ul><\/div>\n<div class=\"detailmodule_html\">\n<div class=\"detail-desc-decorate-richtext\">\n<div style=\"font-family:&quot;Open sans&quot;, Arial, Helvetica, sans-serif\">\n<div><img decoding=\"async\" style=\"width:100%\" width=\"100%\" src=\"https:\/\/d2qc09rl1gfuof.cloudfront.net\/vevor\/boutique-banner\/pc\/banner-en.jpg\" slate-data-type=\"image\"\/><\/div>\n<div>\n<div style=\"font-size:16px;font-weight:bold;text-align:center;color:rgb(34, 34, 34);margin:24px 0px;margin-bottom:24px;margin-top:24px;margin-left:0px;margin-right:0px\" align=\"center\">VEVOR valvab teid igal reisil<\/div>\n<div><img decoding=\"async\" style=\"width:100%\" width=\"100%\" src=\"https:\/\/d2qc09rl1gfuof.cloudfront.net\/product\/MTCQKOZBSMHSVYL17\/motorcycle-helmets-a100-1.4-pt.jpg\" slate-data-type=\"image\"\/><\/div>\n<div style=\"font-size:14px;text-align:center;color:rgb(34, 34, 34);margin:16px 0px 24px;margin-bottom:24px;margin-top:16px;margin-left:0px;margin-right:0px\" align=\"center\">See mootorrattakiiver on ECE-sertifikaadiga ja pakub teie s\u00f5idureisidel k\u00f5rget ohutusstandardit. Kiivril on sellised eelised nagu l\u00f6\u00f6gikindlus, l\u00e4bitorkamiskindlus ja kinnitused, mis ei tule kergesti \u00e4ra, tagades s\u00f5itjatele iga reisi ajal meelerahu.<\/div>\n<\/div>\n<div>\n<div style=\"font-size:16px;font-weight:bold;text-align:center;color:rgb(34, 34, 34);margin:24px 0px;margin-bottom:24px;margin-top:24px;margin-left:0px;margin-right:0px\" align=\"center\"><\/div>\n<div style=\"margin:8px 0px;margin-bottom:8px;margin-top:8px;margin-left:0px;margin-right:0px\"><img decoding=\"async\" style=\"width:100%\" width=\"100%\" src=\"https:\/\/d2qc09rl1gfuof.cloudfront.net\/product\/MTCQKOZBSMHSVYL17\/motorcycle-helmets-a100-2.2-pt.jpg\" slate-data-type=\"image\"\/><\/div>\n<div style=\"font-size:14px;text-align:center;color:rgb(34, 34, 34);margin:16px 0px 24px;margin-bottom:24px;margin-top:16px;margin-left:0px;margin-right:0px\" align=\"center\">Suurte l\u00e4bipaistvate l\u00e4\u00e4tsede ja sisseehitatud p\u00e4ikesesirmidega varustatud l\u00e4bipaistvad l\u00e4\u00e4tsed blokeerivad k\u00f5rglahutusega pildi saamiseks tuule, liiva ja lendavate olendite eest. Sisseehitatud p\u00e4ikesesirmidega l\u00e4\u00e4tsed filtreerivad automaatselt pimestamist tugeva p\u00e4ikesevalguse korral, v\u00e4ltides silmade fatigue&#039;i ja muutes l\u00e4\u00e4tsede vahetamise lihtsaks.<\/div>\n<\/div>\n<div>\n<div style=\"font-size:16px;font-weight:bold;text-align:center;color:rgb(34, 34, 34);margin:24px 0px;margin-bottom:24px;margin-top:24px;margin-left:0px;margin-right:0px\" align=\"center\"><\/div>\n<div style=\"margin:8px 0px;margin-bottom:8px;margin-top:8px;margin-left:0px;margin-right:0px\"><img decoding=\"async\" style=\"width:100%\" width=\"100%\" src=\"https:\/\/d2qc09rl1gfuof.cloudfront.net\/product\/MTCQKOZBSMHSVYL17\/motorcycle-helmets-a100-2.3-pt.jpg\" slate-data-type=\"image\"\/><\/div>\n<div style=\"font-size:14px;text-align:center;color:rgb(34, 34, 34);margin:16px 0px 24px;margin-bottom:24px;margin-top:16px;margin-left:0px;margin-right:0px\" align=\"center\">Aerod\u00fcnaamiline disain koos mootorrattakiivri \u00fclit\u00f5husa ventilatsioonis\u00fcsteemiga tagab \u00f5huringluse kiivri sees, hoides teie pea jahedana ja eemal l\u00e4mmatavast kuumusest isegi pikkadel s\u00f5itudel.<\/div>\n<\/div>\n<div>\n<div style=\"font-size:16px;font-weight:bold;text-align:center;color:rgb(34, 34, 34);margin:24px 0px;margin-bottom:24px;margin-top:24px;margin-left:0px;margin-right:0px\" align=\"center\"><\/div>\n<div style=\"margin:8px 0px;margin-bottom:8px;margin-top:8px;margin-left:0px;margin-right:0px\"><img decoding=\"async\" style=\"width:100%\" width=\"100%\" src=\"https:\/\/d2qc09rl1gfuof.cloudfront.net\/product\/MTCQKOZBSMHSVYL17\/motorcycle-helmets-a100-2.4-pt.jpg\" slate-data-type=\"image\"\/><\/div>\n<div style=\"font-size:14px;text-align:center;color:rgb(34, 34, 34);margin:16px 0px 24px;margin-bottom:24px;margin-top:16px;margin-left:0px;margin-right:0px\" align=\"center\">Mootorrattakiivri sisseehitatud Bluetooth-peakomplekti pesa \u00fchendub h\u00f5lpsalt nutiseadmetega, v\u00f5imaldades s\u00f5idu ajal kuulata navigatsiooni, vastata k\u00f5nedele ja teha muud, mis sobib kasutamiseks pikkadel s\u00f5itudel.<\/div>\n<\/div>\n<div>\n<div style=\"font-size:16px;font-weight:bold;text-align:center;color:rgb(34, 34, 34);margin:24px 0px;margin-bottom:24px;margin-top:24px;margin-left:0px;margin-right:0px\" align=\"center\"><\/div>\n<div style=\"margin:8px 0px;margin-bottom:8px;margin-top:8px;margin-left:0px;margin-right:0px\"><img decoding=\"async\" style=\"width:100%\" width=\"100%\" src=\"https:\/\/d2qc09rl1gfuof.cloudfront.net\/product\/MTCQKOZBSMHSVYL17\/motorcycle-helmets-a100-2.5-pt.jpg\" slate-data-type=\"image\"\/><\/div>\n<div style=\"font-size:14px;text-align:center;color:rgb(34, 34, 34);margin:16px 0px 24px;margin-bottom:24px;margin-top:16px;margin-left:0px;margin-right:0px\" align=\"center\">Meie mootorrattakiiver jaotab kiivri raskuse \u00fchtlaselt, minimeerides peale ja \u00f5lgadele langevat koormust pikaajalisel kandmisel. Selle tulemusena ei teki peas pigistustunnet. Meeldivat kogemust meie mugava kiivriga!<\/div>\n<\/div>\n<div style=\"margin:24px 0px;margin-bottom:24px;margin-top:24px;margin-left:0px;margin-right:0px\">\n<div style=\"font-size:16px;font-weight:bold;color:rgb(34, 34, 34);margin:24px 0px 16px;margin-bottom:16px;margin-top:24px;margin-left:0px;margin-right:0px\">Omadused ja \u00fcksikasjad<\/div>\n<ul style=\"margin:16px 0px 24px;margin-bottom:24px;margin-top:16px;margin-left:0px;margin-right:0px\">\n<li style=\"font-size:14px;color:rgb(34, 34, 34)\">\n<p>ECE sertifikaadiga ja vastupidav: See mootorrattakiiver on ECE sertifikaadiga ja vastab USA regulatiivsetele n\u00f5uetele. Selle vastupidav ABS-kest koos pehme EPS-vahu ja nahas\u00f5braliku voodriga pakub teie peale igak\u00fclgset kaitset.<\/p>\n<\/li>\n<li style=\"font-size:14px;color:rgb(34, 34, 34)\">\n<p>Sisseehitatud p\u00e4ikesesirm: mootorrattakiiver on varustatud suure l\u00e4bipaistva l\u00e4\u00e4tsega, mis blokeerib tuult, s\u00e4ilitades samal ajal k\u00f5rge eraldusv\u00f5ime, minimeerides \u00f5nnetuse t\u00f5en\u00e4osust. Sisseehitatud tume tee-l\u00e4\u00e4ts blokeerib pimestamist ja hoiab \u00e4ra visuaalse fatigue.<\/p>\n<\/li>\n<li style=\"font-size:14px;color:rgb(34, 34, 34)\">\n<p>Pikk sabaosa: Mootorrattakiivril on pikk sabaosa. Selle saab aerod\u00fcnaamika parandamiseks h\u00f5lpsalt kiivrile paigaldada. Sellel on \u00f5hutusavad ja \u00f5ige kaalujaotus, mis v\u00e4ldib survetunnet peas.<\/p>\n<\/li>\n<li style=\"font-size:14px;color:rgb(34, 34, 34)\">\n<p>Bluetooth-peakomplekti pesa: Mootorrattakiivri Bluetooth-peakomplekti pesa j\u00e4etakse sisse. Pikkade s\u00f5itude ajal on mugav telefonik\u00f5nedele vastata, navigatsiooni kuulata jne. See muudab teie s\u00f5idu nutikamaks ja mugavamaks.<\/p>\n<\/li>\n<li style=\"font-size:14px;color:rgb(34, 34, 34)\">\n<p>Eemaldatav ja pestav vooder: mootorrattakiivri voodrit on mugav igal ajal pesta ja vahetada, hoides kiivri sisemuse puhta ja h\u00fcgieenilisena. See disain pikendab toote kasutusiga ja tagab teie tervise iga s\u00f5idu ajal.<\/p>\n<\/li>\n<\/ul>\n<\/div>\n<div>\n<div>\n<div style=\"margin:16px 0px 24px;margin-bottom:24px;margin-top:16px;margin-left:0px;margin-right:0px\"><img decoding=\"async\" style=\"width:100%\" width=\"100%\" src=\"https:\/\/d2qc09rl1gfuof.cloudfront.net\/product\/MTCQKOZBSMHSVYL17\/motorcycle-helmets-a100-1.11-pt.jpg\" slate-data-type=\"image\"\/><\/div>\n<\/div>\n<\/div>\n<div>\n<div>\n<div style=\"margin:16px 0px 24px;margin-bottom:24px;margin-top:16px;margin-left:0px;margin-right:0px\"><img decoding=\"async\" style=\"width:100%\" width=\"100%\" src=\"https:\/\/d2qc09rl1gfuof.cloudfront.net\/product\/MTCQKOZBMMHSW9UIC\/motorcycle-helmets-a100-1.11-pt.jpg\" slate-data-type=\"image\"\/><\/div>\n<\/div>\n<\/div>\n<div>\n<div>\n<div style=\"margin:16px 0px 24px;margin-bottom:24px;margin-top:16px;margin-left:0px;margin-right:0px\"><img decoding=\"async\" style=\"width:100%\" width=\"100%\" src=\"https:\/\/d2qc09rl1gfuof.cloudfront.net\/product\/MTCQKOZBLMHSAXLYJ\/motorcycle-helmets-a100-1.11-pt.jpg\" slate-data-type=\"image\"\/><\/div>\n<\/div>\n<\/div>\n<div>\n<div>\n<div style=\"margin:16px 0px 24px;margin-bottom:24px;margin-top:16px;margin-left:0px;margin-right:0px\"><img decoding=\"async\" style=\"width:100%\" width=\"100%\" src=\"https:\/\/d2qc09rl1gfuof.cloudfront.net\/product\/MTCQKOZBXLMHIJTQE\/motorcycle-helmets-a100-1.11-pt.jpg\" slate-data-type=\"image\"\/><\/div>\n<\/div>\n<\/div>\n<\/div>\n<\/div>\n<\/div>\n<p><\/p>","protected":false},"excerpt":{"rendered":"<p>Hign-concerned Chemical:&nbsp;None Origin:&nbsp;Mainland China Item Type:&nbsp;Helmets VEVOR Guarding You on Every Trip This motorcycle helmet is ECE approved and provides high standard of safety for your riding trips. The helmet<\/p>","protected":false},"featured_media":25576,"comment_status":"open","ping_status":"closed","template":"","meta":{"_acf_changed":false},"product_brand":[],"product_cat":[526],"product_tag":[],"class_list":{"0":"post-25575","1":"product","2":"type-product","3":"status-publish","4":"has-post-thumbnail","6":"product_cat-helmets","8":"first","9":"instock","10":"shipping-taxable","11":"purchasable","12":"product-type-variable"},"acf":[],"_links":{"self":[{"href":"https:\/\/www.electricstore.eu\/et\/wp-json\/wp\/v2\/product\/25575","targetHints":{"allow":["GET"]}}],"collection":[{"href":"https:\/\/www.electricstore.eu\/et\/wp-json\/wp\/v2\/product"}],"about":[{"href":"https:\/\/www.electricstore.eu\/et\/wp-json\/wp\/v2\/types\/product"}],"replies":[{"embeddable":true,"href":"https:\/\/www.electricstore.eu\/et\/wp-json\/wp\/v2\/comments?post=25575"}],"wp:featuredmedia":[{"embeddable":true,"href":"https:\/\/www.electricstore.eu\/et\/wp-json\/wp\/v2\/media\/25576"}],"wp:attachment":[{"href":"https:\/\/www.electricstore.eu\/et\/wp-json\/wp\/v2\/media?parent=25575"}],"wp:term":[{"taxonomy":"product_brand","embeddable":true,"href":"https:\/\/www.electricstore.eu\/et\/wp-json\/wp\/v2\/product_brand?post=25575"},{"taxonomy":"product_cat","embeddable":true,"href":"https:\/\/www.electricstore.eu\/et\/wp-json\/wp\/v2\/product_cat?post=25575"},{"taxonomy":"product_tag","embeddable":true,"href":"https:\/\/www.electricstore.eu\/et\/wp-json\/wp\/v2\/product_tag?post=25575"}],"curies":[{"name":"wp","href":"https:\/\/api.w.org\/{rel}","templated":true}]}}