{"id":25544,"date":"2025-05-20T18:59:53","date_gmt":"2025-05-20T18:59:53","guid":{"rendered":"https:\/\/electricstore.eu\/p\/uncategorized\/vevor-88-lbs-bike-cargo-trailer-bicycle-wagon-cart-foldable-storage-with-16-wheels-safe-reflectors-fits-24-28-bike-wheels\/"},"modified":"2025-05-20T19:04:23","modified_gmt":"2025-05-20T19:04:23","slug":"vevor-88-lbs-bike-cargo-trailer-bicycle-wagon-cart-foldable-storage-with-16-wheels-safe-reflectors-fits-24-28-bike-wheels","status":"publish","type":"product","link":"https:\/\/www.electricstore.eu\/et\/p\/o\/bike-trailers-and-wagons\/vevor-88-lbs-bike-cargo-trailer-bicycle-wagon-cart-foldable-storage-with-16-wheels-safe-reflectors-fits-24-28-bike-wheels\/","title":{"rendered":"VEVOR 88 naela kaaluv jalgrattahaagis jalgrattak\u00e4ru kokkupandav hoiuruum 16-tolliste rataste ja ohutute helkuritega, sobib 24\u201328-tollistele jalgrattaratastele"},"content":{"rendered":"<div class=\"product-specs-list-container\">\n<ul class=\"product-specs-list util-clearfix\">\n<li class=\"product-prop line-limit-length\"><span\n                                        class=\"property-title\">K\u00f5rge riskiga kemikaal:&nbsp;<\/span><span\n                                        class=\"property-desc line-limit-length\">Puudub<\/span>\n                            <\/li>\n<li class=\"product-prop line-limit-length\"><span\n                                        class=\"property-title\">Istme asend:&nbsp;<\/span><span\n                                        class=\"property-desc line-limit-length\">POST<\/span>\n                            <\/li>\n<li class=\"product-prop line-limit-length\"><span\n                                        class=\"property-title\">Materjal:&nbsp;<\/span><span\n                                        class=\"property-desc line-limit-length\">Metall<\/span>\n                            <\/li>\n<li class=\"product-prop line-limit-length\"><span\n                                        class=\"property-title\">Vanusevahemik:&nbsp;<\/span><span\n                                        class=\"property-desc line-limit-length\">3\u20136 aastat<\/span>\n                            <\/li>\n<li class=\"product-prop line-limit-length\"><span\n                                        class=\"property-title\">P\u00e4ritolu:&nbsp;<\/span><span\n                                        class=\"property-desc line-limit-length\">Mandri-Hiina<\/span>\n                            <\/li>\n<li class=\"product-prop line-limit-length\"><span\n                                        class=\"property-title\">Maksimaalne kandev\u00f5ime:&nbsp;<\/span><span\n                                        class=\"property-desc line-limit-length\">88 naela\/40 kg<\/span>\n                            <\/li>\n<li class=\"product-prop line-limit-length\"><span\n                                        class=\"property-title\">Transpordikasti suurus (raami piires):&nbsp;<\/span><span\n                                        class=\"property-desc line-limit-length\">26,5 x 17,1 x 8 tolli \/ 675 x 435 x 205 mm<\/span>\n                            <\/li>\n<li class=\"product-prop line-limit-length\"><span\n                                        class=\"property-title\">Paigaldusasend:&nbsp;<\/span><span\n                                        class=\"property-desc line-limit-length\">Istmepost<\/span>\n                            <\/li>\n<li class=\"product-prop line-limit-length\"><span\n                                        class=\"property-title\">Toote kaal:&nbsp;<\/span><span\n                                        class=\"property-desc line-limit-length\">20,94 naela \/ 9,5 kg<\/span>\n                            <\/li>\n<li class=\"product-prop line-limit-length\"><span\n                                        class=\"property-title\">Materjal:&nbsp;<\/span><span\n                                        class=\"property-desc line-limit-length\">S\u00fcsinikteras + 600D Oxfordi kangas + PP + PVC<\/span>\n                            <\/li>\n<\/ul><\/div>\n<div class=\"detailmodule_html\">\n<div class=\"detail-desc-decorate-richtext\">\n<div><\/div>\n<div style=\"font-family:&quot;Open sans&quot;, Arial, Helvetica, sans-serif\">\n<div><img decoding=\"async\" style=\"width:100%\" width=\"100%\" src=\"https:\/\/d2qc09rl1gfuof.cloudfront.net\/vevor\/boutique-banner\/pc\/banner-en.jpg\" slate-data-type=\"image\"\/><\/div>\n<div>\n<div style=\"font-size:16px;font-weight:bold;text-align:center;color:rgb(34, 34, 34);margin:24px 0px;margin-bottom:24px;margin-top:24px;margin-left:0px;margin-right:0px\" align=\"center\">Kanna rohkem, s\u00f5ida kaugemale VEVOR jalgratta haagisega<\/div>\n<div style=\"font-size:14px;text-align:center;color:rgb(34, 34, 34);margin:16px 0px 24px;margin-bottom:24px;margin-top:16px;margin-left:0px;margin-right:0px\" align=\"center\">See jalgratta haagis on teie \u00fclim varustuse vedaja, kandev\u00f5imega kuni 40 kg. Alates matkatarvetest kuni igap\u00e4evaste tarbeesemeteni \u2013 selles on piisavalt ruumi. Lisaks sobib see 24\u201328-tolliste ratastega jalgratastele, muutes selle mitmek\u00fclgseks igaks s\u00f5iduks.<\/div>\n<\/div>\n<div>\n<div style=\"margin:8px 0px;margin-bottom:8px;margin-top:8px;margin-left:0px;margin-right:0px\"><img decoding=\"async\" style=\"width:100%\" width=\"100%\" src=\"https:\/\/d2qc09rl1gfuof.cloudfront.net\/product\/CGKZGHJG100BKKTQK\/cargo-trailer-a100-1.4.jpg\" slate-data-type=\"image\"\/><img decoding=\"async\" style=\"width:100%\" width=\"100%\" src=\"https:\/\/d2qc09rl1gfuof.cloudfront.net\/product\/CGKZGHJG100BKKTQK\/cargo-trailer-a100-2.2.jpg\" slate-data-type=\"image\"\/><\/div>\n<div style=\"font-size:14px;text-align:center;color:rgb(34, 34, 34);margin:16px 0px 24px;margin-bottom:24px;margin-top:16px;margin-left:0px;margin-right:0px\" align=\"center\">See jalgrattahaagis on valmistatud t\u00f6\u00f6stusliku kvaliteediga s\u00fcsinikterasest, mis on nii kerge kui ka vastupidav. T\u00e4nu pulberv\u00e4rvitud pinnale pole rooste p\u00e4rast muret. Ja lisatud 600D Oxford-kangast kattega j\u00e4\u00e4vad teie asjad kuivaks, \u00fcksk\u00f5ik mis. Valmis igaks seikluseks, olgu siis vihma v\u00f5i p\u00e4ikesepaistega!<\/div>\n<\/div>\n<div>\n<div>\u00a0<\/div>\n<div style=\"margin:8px 0px;margin-bottom:8px;margin-top:8px;margin-left:0px;margin-right:0px\"><img decoding=\"async\" style=\"width:100%\" width=\"100%\" src=\"https:\/\/d2qc09rl1gfuof.cloudfront.net\/product\/CGKZGHJG100BKKTQK\/cargo-trailer-a100-2.3.jpg\" slate-data-type=\"image\"\/><\/div>\n<div style=\"font-size:14px;text-align:center;color:rgb(34, 34, 34);margin:16px 0px 24px;margin-bottom:24px;margin-top:16px;margin-left:0px;margin-right:0px\" align=\"center\">Sportlike rehvide ja metallrummudega hoiab see jalgrattahaagis teid igal maastikul stabiilsena. Olenemata sellest, kas s\u00f5idate k\u00f5nniteel v\u00f5i matkaradadel, p\u00fcsite alati \u00f5igel teel.<\/div>\n<\/div>\n<div>\n<div>\u00a0<\/div>\n<div style=\"margin:8px 0px;margin-bottom:8px;margin-top:8px;margin-left:0px;margin-right:0px\"><img decoding=\"async\" style=\"width:100%\" width=\"100%\" src=\"https:\/\/d2qc09rl1gfuof.cloudfront.net\/product\/CGKZGHJG100BKKTQK\/cargo-trailer-a100-2.4.jpg\" slate-data-type=\"image\"\/><\/div>\n<div style=\"font-size:14px;text-align:center;color:rgb(34, 34, 34);margin:16px 0px 24px;margin-bottom:24px;margin-top:16px;margin-left:0px;margin-right:0px\" align=\"center\">Selle jalgrattak\u00e4ru kokkupanek on imelihtne t\u00e4nu kokkupandavale raamile ja kiirkinnituss\u00fcsteemile. Kompaktne ja mugav, see sobib ideaalselt liikvel olevatele seiklejatele. Lisaks lisavad helkurkleebised stiili ja hoiavad teid samal ajal turvaliselt.<\/div>\n<\/div>\n<div>\n<div>\u00a0<\/div>\n<div style=\"margin:8px 0px;margin-bottom:8px;margin-top:8px;margin-left:0px;margin-right:0px\"><img decoding=\"async\" style=\"width:100%\" width=\"100%\" src=\"https:\/\/d2qc09rl1gfuof.cloudfront.net\/product\/CGKZGHJG100BKKTQK\/cargo-trailer-a100-2.5.jpg\" slate-data-type=\"image\"\/><\/div>\n<div style=\"font-size:14px;text-align:center;color:rgb(34, 34, 34);margin:16px 0px 24px;margin-bottom:24px;margin-top:16px;margin-left:0px;margin-right:0px\" align=\"center\">Pole vahet, millist jalgratast sa kasutad \u2013 kruiis-, m\u00e4gi- v\u00f5i maanteeratast \u2013 see rattak\u00e4ru katab k\u00f5ik vajadused. See sobib ideaalselt k\u00f5igeks alates toidupoesk\u00e4igust kuni n\u00e4dalavahetuse reisideni \u2013 see on sinu ideaalne transpordikaaslane.<\/div>\n<\/div>\n<div style=\"margin:16px 0px 24px;margin-bottom:24px;margin-top:16px;margin-left:0px;margin-right:0px\"><\/div>\n<div style=\"margin:24px 0px;margin-bottom:24px;margin-top:24px;margin-left:0px;margin-right:0px\">\n<div style=\"font-size:16px;font-weight:bold;color:rgb(34, 34, 34);margin:24px 0px 16px;margin-bottom:16px;margin-top:24px;margin-left:0px;margin-right:0px\">Omadused ja \u00fcksikasjad<\/div>\n<ul style=\"margin:16px 0px 24px;margin-bottom:24px;margin-top:16px;margin-left:0px;margin-right:0px\">\n<li style=\"font-size:14px;color:rgb(34, 34, 34)\">\n<p>40 kg suur kandev\u00f5ime: Meie jalgratta haagis on teie \u00fclim reisikaaslane, pakkudes vastupidavat konstruktsiooni ja avarat disaini, mis suudab kanda kuni 40 kg lasti. See sobib ideaalselt k\u00f5ikideks teie seiklusteks, alates telkimisreisidest kuni piknikeni, ning on ideaalne lahendus teie oluliste asjade vedamiseks k\u00f5ikjale, kuhu l\u00e4hete.<\/p>\n<\/li>\n<li style=\"font-size:14px;color:rgb(34, 34, 34)\">\n<p>T\u00f6\u00f6stusklassi materjal: Sellel jalgrattahaagisel on vastupidav terasraam roostekindla kattega, mis tagab vastupidavuse ja elegantse v\u00e4limuse. Lisaks on 600D Oxford-kangast vihmakate teie varustus kaitstud ilmastikuolude, nii vihma kui ka p\u00e4ikesepaiste eest.<\/p>\n<\/li>\n<li style=\"font-size:14px;color:rgb(34, 34, 34)\">\n<p>Professionaalne rehvidisain: Veereb sujuvalt igal teel! Meie jalgrattahaagis on varustatud sportlike 16&quot; x 1,75&quot; rehvide ja rauast rummudega, mis pakuvad suurep\u00e4rast stabiilsust ja haarduvust erinevatel pindadel, olenemata sellest, kas s\u00f5idate betoonil, kruusateedel v\u00f5i liivastel radadel.<\/p>\n<\/li>\n<li style=\"font-size:14px;color:rgb(34, 34, 34)\">\n<p>T\u00e4iustatud paigaldus: Lihtne paigaldus, t\u00e4iustatud turvalisus! Meie jalgrattak\u00e4ru paigaldamine on imelihtne t\u00e4nu kasutajas\u00f5bralikule disainile ja t\u00e4ielikule paigaldust\u00f6\u00f6riistade komplektile. Lisaks paista see teel silma kuldsete kodaratega helkuritega, mis tagavad n\u00e4htavuse \u00f6isel ajal s\u00f5ites.<\/p>\n<\/li>\n<li style=\"font-size:14px;color:rgb(34, 34, 34)\">\n<p>Sobib mitmetele jalgrattamudelitele: Meie jalgrattak\u00e4ru \u00fchildub 24\u201328-tolliste jalgratastega ja kinnitub sujuvalt mitmesugustele jalgrattamudelitele, sealhulgas harrastusjalgratastele, lastejalgratastele, m\u00e4gijalgratastele ja maanteejalgratastele. Ideaalne ostlemiseks, telkimiseks ja pikniku pidamiseks. M\u00c4RKUS. See ei sobi lemmikloomadele ega lastele.<\/p>\n<\/li>\n<\/ul>\n<\/div>\n<div>\n<div>\u00a0<\/div>\n<div>\n<div>\u00a0<\/div>\n<div style=\"margin:16px 0px 24px;margin-bottom:24px;margin-top:16px;margin-left:0px;margin-right:0px\"><img decoding=\"async\" style=\"width:100%\" width=\"100%\" src=\"https:\/\/d2qc09rl1gfuof.cloudfront.net\/product\/CGKZGHJG100BKKTQK\/cargo-trailer-a100-1.11.jpg\" slate-data-type=\"image\"\/><\/div>\n<\/div>\n<\/div>\n<\/div>\n<\/div>\n<\/div>\n<p><\/p>","protected":false},"excerpt":{"rendered":"<p>Hign-concerned Chemical:&nbsp;None Seat position:&nbsp;POST Material:&nbsp;Metal Age Range:&nbsp;3-6Y Origin:&nbsp;Mainland China Max Load Capacity:&nbsp;88 lbs\/40 kg Transport Box Size (Within the Framework):&nbsp;26.5 x 17.1 x 8 inches\/675 x 435 x 205 mm<\/p>","protected":false},"featured_media":25546,"comment_status":"open","ping_status":"closed","template":"","meta":{"_acf_changed":false},"product_brand":[],"product_cat":[523],"product_tag":[],"class_list":{"0":"post-25544","1":"product","2":"type-product","3":"status-publish","4":"has-post-thumbnail","6":"product_cat-bike-trailers-and-wagons","8":"first","9":"instock","10":"shipping-taxable","11":"purchasable","12":"product-type-variable"},"acf":[],"_links":{"self":[{"href":"https:\/\/www.electricstore.eu\/et\/wp-json\/wp\/v2\/product\/25544","targetHints":{"allow":["GET"]}}],"collection":[{"href":"https:\/\/www.electricstore.eu\/et\/wp-json\/wp\/v2\/product"}],"about":[{"href":"https:\/\/www.electricstore.eu\/et\/wp-json\/wp\/v2\/types\/product"}],"replies":[{"embeddable":true,"href":"https:\/\/www.electricstore.eu\/et\/wp-json\/wp\/v2\/comments?post=25544"}],"wp:featuredmedia":[{"embeddable":true,"href":"https:\/\/www.electricstore.eu\/et\/wp-json\/wp\/v2\/media\/25546"}],"wp:attachment":[{"href":"https:\/\/www.electricstore.eu\/et\/wp-json\/wp\/v2\/media?parent=25544"}],"wp:term":[{"taxonomy":"product_brand","embeddable":true,"href":"https:\/\/www.electricstore.eu\/et\/wp-json\/wp\/v2\/product_brand?post=25544"},{"taxonomy":"product_cat","embeddable":true,"href":"https:\/\/www.electricstore.eu\/et\/wp-json\/wp\/v2\/product_cat?post=25544"},{"taxonomy":"product_tag","embeddable":true,"href":"https:\/\/www.electricstore.eu\/et\/wp-json\/wp\/v2\/product_tag?post=25544"}],"curies":[{"name":"wp","href":"https:\/\/api.w.org\/{rel}","templated":true}]}}