{"id":25497,"date":"2025-05-20T18:59:38","date_gmt":"2025-05-20T18:59:38","guid":{"rendered":"https:\/\/electricstore.eu\/p\/uncategorized\/vevor-z50-rc-plane-2-4g-2ch-remote-control-fighter-fixed-wingspan-glider-with-6-axis-outdoor-rc-warbird-airplane-toys-gifts\/"},"modified":"2025-05-20T19:03:19","modified_gmt":"2025-05-20T19:03:19","slug":"vevor-z50-rc-plane-2-4g-2ch-remote-control-fighter-fixed-wingspan-glider-with-6-axis-outdoor-rc-warbird-airplane-toys-gifts","status":"publish","type":"product","link":"https:\/\/www.electricstore.eu\/et\/p\/rc\/rc-cars\/vevor-z50-rc-plane-2-4g-2ch-remote-control-fighter-fixed-wingspan-glider-with-6-axis-outdoor-rc-warbird-airplane-toys-gifts\/","title":{"rendered":"VEVOR Z50 RC lennuk 2.4G 2CH kaugjuhtimispuldiga h\u00e4vitaja fikseeritud tiivaulatusega purilennuk 6-teljelise v\u00e4listingimustes kasutatava RC Warbird lennuki m\u00e4nguasjade kingitused"},"content":{"rendered":"<div class=\"product-specs-list-container\">\n<ul class=\"product-specs-list util-clearfix\">\n<li class=\"product-prop line-limit-length\"><span\n                                        class=\"property-title\">K\u00f5rge riskiga kemikaal:&nbsp;<\/span><span\n                                        class=\"property-desc line-limit-length\">Puudub<\/span>\n                            <\/li>\n<li class=\"product-prop line-limit-length\"><span\n                                        class=\"property-title\">Kas elektriline:&nbsp;<\/span><span\n                                        class=\"property-desc line-limit-length\">AAA patarei<\/span>\n                            <\/li>\n<li class=\"product-prop line-limit-length\"><span\n                                        class=\"property-title\">Tuulevastane v\u00f5ime:&nbsp;<\/span><span\n                                        class=\"property-desc line-limit-length\">Jah<\/span>\n                            <\/li>\n<li class=\"product-prop line-limit-length\"><span\n                                        class=\"property-title\">Drooni kaal:&nbsp;<\/span><span\n                                        class=\"property-desc line-limit-length\">\/<\/span>\n                            <\/li>\n<li class=\"product-prop line-limit-length\"><span\n                                        class=\"property-title\">Stardikaal:&nbsp;<\/span><span\n                                        class=\"property-desc line-limit-length\">\/<\/span>\n                            <\/li>\n<li class=\"product-prop line-limit-length\"><span\n                                        class=\"property-title\">Transiidiaeg (p\u00e4evades):&nbsp;<\/span><span\n                                        class=\"property-desc line-limit-length\">\/<\/span>\n                            <\/li>\n<li class=\"product-prop line-limit-length\"><span\n                                        class=\"property-title\">Video j\u00e4\u00e4dvustamise eraldusv\u00f5ime:&nbsp;<\/span><span\n                                        class=\"property-desc line-limit-length\">muu<\/span>\n                            <\/li>\n<li class=\"product-prop line-limit-length\"><span\n                                        class=\"property-title\">Operaatori oskuste tase:&nbsp;<\/span><span\n                                        class=\"property-desc line-limit-length\">Algaja<\/span>\n                            <\/li>\n<li class=\"product-prop line-limit-length\"><span\n                                        class=\"property-title\">Sise-\/v\u00e4listingimustes kasutamiseks:&nbsp;<\/span><span\n                                        class=\"property-desc line-limit-length\">\u00d5ues<\/span>\n                            <\/li>\n<li class=\"product-prop line-limit-length\"><span\n                                        class=\"property-title\">Kaamera kinnituse t\u00fc\u00fcp:&nbsp;<\/span><span\n                                        class=\"property-desc line-limit-length\">muu<\/span>\n                            <\/li>\n<li class=\"product-prop line-limit-length\"><span\n                                        class=\"property-title\">Triipkood:&nbsp;<\/span><span\n                                        class=\"property-desc line-limit-length\">Ei<\/span>\n                            <\/li>\n<li class=\"product-prop line-limit-length\"><span\n                                        class=\"property-title\">Mudelinumber:&nbsp;<\/span><span\n                                        class=\"property-desc line-limit-length\">Z50<\/span>\n                            <\/li>\n<li class=\"product-prop line-limit-length\"><span\n                                        class=\"property-title\">Kontrolleri re\u017eiim:&nbsp;<\/span><span\n                                        class=\"property-desc line-limit-length\">RE\u017dIIM1<\/span>\n                            <\/li>\n<li class=\"product-prop line-limit-length\"><span\n                                        class=\"property-title\">Lennuaeg:&nbsp;<\/span><span\n                                        class=\"property-desc line-limit-length\">10~20<\/span>\n                            <\/li>\n<li class=\"product-prop line-limit-length\"><span\n                                        class=\"property-title\">Juhtimiskanalid:&nbsp;<\/span><span\n                                        class=\"property-desc line-limit-length\">2 KANALIT<\/span>\n                            <\/li>\n<li class=\"product-prop line-limit-length\"><span\n                                        class=\"property-title\">Kontrolleri aku:&nbsp;<\/span><span\n                                        class=\"property-desc line-limit-length\">3*AAA (ei kuulu komplekti)<\/span>\n                            <\/li>\n<li class=\"product-prop line-limit-length\"><span\n                                        class=\"property-title\">Kaugus:&nbsp;<\/span><span\n                                        class=\"property-desc line-limit-length\">150 meetrit<\/span>\n                            <\/li>\n<li class=\"product-prop line-limit-length\"><span\n                                        class=\"property-title\">Laadimisaeg:&nbsp;<\/span><span\n                                        class=\"property-desc line-limit-length\">60 minutit<\/span>\n                            <\/li>\n<li class=\"product-prop line-limit-length\"><span\n                                        class=\"property-title\">Laadimispinge:&nbsp;<\/span><span\n                                        class=\"property-desc line-limit-length\">5V<\/span>\n                            <\/li>\n<li class=\"product-prop line-limit-length\"><span\n                                        class=\"property-title\">Kaugjuhtimispult:&nbsp;<\/span><span\n                                        class=\"property-desc line-limit-length\">Jah<\/span>\n                            <\/li>\n<li class=\"product-prop line-limit-length\"><span\n                                        class=\"property-title\">Pakett sisaldab:&nbsp;<\/span><span\n                                        class=\"property-desc line-limit-length\">Kaugjuhtimispult<\/span>\n                            <\/li>\n<li class=\"product-prop line-limit-length\"><span\n                                        class=\"property-title\">Materjal:&nbsp;<\/span><span\n                                        class=\"property-desc line-limit-length\">Plastik<\/span>\n                            <\/li>\n<li class=\"product-prop line-limit-length\"><span\n                                        class=\"property-title\">Omadused:&nbsp;<\/span><span\n                                        class=\"property-desc line-limit-length\">muu<\/span>\n                            <\/li>\n<li class=\"product-prop line-limit-length\"><span\n                                        class=\"property-title\">Soovitatav vanus:&nbsp;<\/span><span\n                                        class=\"property-desc line-limit-length\">14+ a<\/span>\n                            <\/li>\n<li class=\"product-prop line-limit-length\"><span\n                                        class=\"property-title\">P\u00e4ritolu:&nbsp;<\/span><span\n                                        class=\"property-desc line-limit-length\">Mandri-Hiina<\/span>\n                            <\/li>\n<li class=\"product-prop line-limit-length\"><span\n                                        class=\"property-title\">\u00d5hust fotograafia:&nbsp;<\/span><span\n                                        class=\"property-desc line-limit-length\">Ei<\/span>\n                            <\/li>\n<li class=\"product-prop line-limit-length\"><span\n                                        class=\"property-title\">T\u00fc\u00fcp:&nbsp;<\/span><span\n                                        class=\"property-desc line-limit-length\">Lennuk<\/span>\n                            <\/li>\n<\/ul><\/div>\n<div class=\"detailmodule_html\">\n<div class=\"detail-desc-decorate-richtext\">\n<div><\/div>\n<div style=\"font-family:&quot;Open sans&quot;, Arial, Helvetica, sans-serif\">\n<div><img decoding=\"async\" style=\"width:100%\" width=\"100%\" src=\"https:\/\/d2qc09rl1gfuof.cloudfront.net\/vevor\/boutique-banner\/pc\/banner-en.jpg\" slate-data-type=\"image\"\/><\/div>\n<div>\n<div style=\"font-size:16px;font-weight:bold;text-align:center;color:rgb(34, 34, 34);margin:24px 0px;margin-bottom:24px;margin-top:24px;margin-left:0px;margin-right:0px\" align=\"center\">VEVOR RC lennuk \u2013 valluta taevas l\u00f5buga<\/div>\n<div><img decoding=\"async\" style=\"width:100%\" width=\"100%\" src=\"https:\/\/d2qc09rl1gfuof.cloudfront.net\/product\/YKFJFJLTD40C2T0WO\/rc-airplane-a100-1.4-pt.jpg\" slate-data-type=\"image\"\/><\/div>\n<div style=\"font-size:14px;text-align:center;color:rgb(34, 34, 34);margin:16px 0px 24px;margin-bottom:24px;margin-top:16px;margin-left:0px;margin-right:0px\" align=\"center\">Tutvustame kaugjuhtimisega lennukit, mis on loodud interaktiivseks l\u00f5buks t\u00e4iskasvanute ja laste vahel. Seda on \u00fclilihtne lennata \u2013 lapsed juhivad seda enesekindlalt juba m\u00f5ne tunni p\u00e4rast. Realistlik disain lisab lennuseiklustele veelgi l\u00f5busamat elamust.<\/div>\n<\/div>\n<div>\n<div>\u00a0<\/div>\n<div style=\"margin:8px 0px;margin-bottom:8px;margin-top:8px;margin-left:0px;margin-right:0px\"><img decoding=\"async\" style=\"width:100%\" width=\"100%\" src=\"https:\/\/d2qc09rl1gfuof.cloudfront.net\/product\/YKFJFJLTD40C2T0WO\/rc-airplane-a100-2.2-pt.jpg\" slate-data-type=\"image\"\/><\/div>\n<div style=\"font-size:14px;text-align:center;color:rgb(34, 34, 34);margin:16px 0px 24px;margin-bottom:24px;margin-top:16px;margin-left:0px;margin-right:0px\" align=\"center\">Haarake juhtimine \u00fcle kaugjuhtimisega lennuki juhtmevaba kontrolleriga \u2013 navigeerige vaevata vasakule, paremale, \u00fcles ja alla. Nautige usaldusv\u00e4\u00e4rset \u00fchendust kuni 150 m kaugusel 2,4 GHz sagedusega, mis tagab sujuva lennu ilma h\u00e4ireteta \u2013 ideaalne igas vanuses pilootidele.<\/div>\n<\/div>\n<div>\n<div>\u00a0<\/div>\n<div style=\"margin:8px 0px;margin-bottom:8px;margin-top:8px;margin-left:0px;margin-right:0px\"><img decoding=\"async\" style=\"width:100%\" width=\"100%\" src=\"https:\/\/d2qc09rl1gfuof.cloudfront.net\/product\/YKFJFJLTD40C2T0WO\/rc-airplane-a100-2.3-pt.jpg\" slate-data-type=\"image\"\/><\/div>\n<div style=\"font-size:14px;text-align:center;color:rgb(34, 34, 34);margin:16px 0px 24px;margin-bottom:24px;margin-top:16px;margin-left:0px;margin-right:0px\" align=\"center\">Meie puldiga lennuk lendab kauem t\u00e4nu kahele komplektile akusid. Vaheta need v\u00e4lja, et saada pidevat \u00f5hus olemise naudingut ilma sagedase laadimise v\u00f5i pikkade seisakuaegadeta.<\/div>\n<\/div>\n<div>\n<div>\u00a0<\/div>\n<div style=\"margin:8px 0px;margin-bottom:8px;margin-top:8px;margin-left:0px;margin-right:0px\"><img decoding=\"async\" style=\"width:100%\" width=\"100%\" src=\"https:\/\/d2qc09rl1gfuof.cloudfront.net\/product\/YKFJFJLTD40C2T0WO\/rc-airplane-a100-2.4-pt.jpg\" slate-data-type=\"image\"\/><\/div>\n<div style=\"font-size:14px;text-align:center;color:rgb(34, 34, 34);margin:16px 0px 24px;margin-bottom:24px;margin-top:16px;margin-left:0px;margin-right:0px\" align=\"center\">\u00d5hkut\u00f5usmine on lihtne. Haara lihtsalt \u00fche k\u00e4ega puldist, lisa gaas ja lennuta lennuk otse ette. V\u00f5i aseta see siledale pinnale, lisa gaas 10-meetriseks liuglemiseks ja vaata, kuidas see \u00f5hku t\u00f5useb.<\/div>\n<\/div>\n<div>\n<div>\u00a0<\/div>\n<div style=\"margin:8px 0px;margin-bottom:8px;margin-top:8px;margin-left:0px;margin-right:0px\"><img decoding=\"async\" style=\"width:100%\" width=\"100%\" src=\"https:\/\/d2qc09rl1gfuof.cloudfront.net\/product\/YKFJFJLTD40C2T0WO\/rc-airplane-a100-2.5-pt.jpg\" slate-data-type=\"image\"\/><\/div>\n<div style=\"font-size:14px;text-align:center;color:rgb(34, 34, 34);margin:16px 0px 24px;margin-bottom:24px;margin-top:16px;margin-left:0px;margin-right:0px\" align=\"center\">See algajatele m\u00f5eldud kaugjuhtimisega lennuk sisaldab varuakusid ja propellereid katkematu l\u00f5bu tagamiseks. Kaotasid m\u00f5ne osa? Pole probleemi \u2013 vaheta see kohe v\u00e4lja ja \u00e4ra viivita.<\/div>\n<\/div>\n<div style=\"margin:16px 0px 24px;margin-bottom:24px;margin-top:16px;margin-left:0px;margin-right:0px\"><\/div>\n<div style=\"margin:24px 0px;margin-bottom:24px;margin-top:24px;margin-left:0px;margin-right:0px\">\n<div style=\"font-size:16px;font-weight:bold;color:rgb(34, 34, 34);margin:24px 0px 16px;margin-bottom:16px;margin-top:24px;margin-left:0px;margin-right:0px\">Omadused ja \u00fcksikasjad<\/div>\n<ul style=\"margin:16px 0px 24px;margin-bottom:24px;margin-top:16px;margin-left:0px;margin-right:0px\">\n<li style=\"font-size:14px;color:rgb(34, 34, 34)\">\n<p>Lihtne lennur\u00f5\u00f5m: Tutvuge oma uue lemmiku kaugjuhtimisega lennukiga! See on loodud laste ja t\u00e4iskasvanute vaheliseks interaktiivseks l\u00f5buks ning seda on \u00fclilihtne lennata. Sisaldab sisseehitatud 6-teljelist g\u00fcroskoopi stabiilsete lendude jaoks \u2013 ideaalne algajatele. Lapsed lendavad enesekindlalt juba p\u00e4rast paari harjutamist.<\/p>\n<\/li>\n<li style=\"font-size:14px;color:rgb(34, 34, 34)\">\n<p>Kerge ja vastupidav: Meie RC lennuk on valmistatud kvaliteetsest EPP materjalist ning on kerge, kuid piisavalt vastupidav, et tulla toime konaruste ja kukkumistega. Sisseehitatud tuulelaba tugevdus suurendab vastupidavust, tagades, et see peab vastu v\u00e4litingimustele ilma pideva remondita.<\/p>\n<\/li>\n<li style=\"font-size:14px;color:rgb(34, 34, 34)\">\n<p>2,4 GHz juhtmevaba juhtimiss\u00fcsteem: T\u00e4ielik kontroll lihtsasti kasutatava puldiga. Lenda \u00fcles, alla, vasakule ja paremale kuni 150 m ulatuses. 2,4 GHz sagedus tagab usaldusv\u00e4\u00e4rse \u00fchenduse, v\u00f5imaldades mitmel puldiga lennukil koos probleemideta lennata \u2013 ideaalne s\u00f5bralikeks v\u00f5istlusteks!<\/p>\n<\/li>\n<li style=\"font-size:14px;color:rgb(34, 34, 34)\">\n<p>Pikem lennuaeg: See kaugjuhtimispuldiga lennuk sisaldab kahte komplekti 350 mAh akusid, mis pakuvad kuni 40 minutit lennuaega. Lihtsalt vahetage t\u00fchi aku teise komplekti vastu, et saada katkematu lennur\u00f5\u00f5m \u2013 enam pole vaja laadimist oodata.<\/p>\n<\/li>\n<li style=\"font-size:14px;color:rgb(34, 34, 34)\">\n<p>Ainulaadne v\u00e4limus: paista silma selle punase Cessna lennukisimulaatori disainiga, lisades lennukogemusele kujutlusv\u00f5imet ja p\u00f5nevust. Meie kaugjuhtimisega lennuk sobib ideaalselt t\u00e4iskasvanutele, lastele, algajatele ja k\u00f5igile, kes armastavad lennundusl\u00f5bu. Varuosad, nagu akud ja propellerid, hoiavad l\u00f5bu katkestusteta k\u00e4imas.<\/p>\n<\/li>\n<\/ul>\n<\/div>\n<div>\n<div>\u00a0<\/div>\n<div>\n<div>\u00a0<\/div>\n<div style=\"margin:16px 0px 24px;margin-bottom:24px;margin-top:16px;margin-left:0px;margin-right:0px\"><img decoding=\"async\" style=\"width:100%\" width=\"100%\" src=\"https:\/\/d2qc09rl1gfuof.cloudfront.net\/product\/YKFJFJLTD40C2T0WO\/rc-airplane-a100-1.11-pt.jpg\" slate-data-type=\"image\"\/><\/div>\n<\/div>\n<\/div>\n<\/div>\n<\/div>\n<\/div>\n<p><\/p>","protected":false},"excerpt":{"rendered":"<p>Hign-concerned Chemical:&nbsp;None Is Electric:&nbsp;AAA Battery Anti-wind Ability:&nbsp;Yes Drone Weight:&nbsp;\/ Takeoff Weight:&nbsp;\/ Transit Time (Days):&nbsp;\/ Video Capture Resolution:&nbsp;other Operator Skill Level:&nbsp;Beginner Indoor\/Outdoor Use:&nbsp;Outdoor Camera Mount Type:&nbsp;other Barcode:&nbsp;No Model Number:&nbsp;Z50 Controller Mode:&nbsp;MODE1<\/p>","protected":false},"featured_media":25498,"comment_status":"open","ping_status":"closed","template":"","meta":{"_acf_changed":false},"product_brand":[],"product_cat":[519],"product_tag":[],"class_list":{"0":"post-25497","1":"product","2":"type-product","3":"status-publish","4":"has-post-thumbnail","6":"product_cat-rc-cars","8":"first","9":"instock","10":"shipping-taxable","11":"purchasable","12":"product-type-variable"},"acf":[],"_links":{"self":[{"href":"https:\/\/www.electricstore.eu\/et\/wp-json\/wp\/v2\/product\/25497","targetHints":{"allow":["GET"]}}],"collection":[{"href":"https:\/\/www.electricstore.eu\/et\/wp-json\/wp\/v2\/product"}],"about":[{"href":"https:\/\/www.electricstore.eu\/et\/wp-json\/wp\/v2\/types\/product"}],"replies":[{"embeddable":true,"href":"https:\/\/www.electricstore.eu\/et\/wp-json\/wp\/v2\/comments?post=25497"}],"wp:featuredmedia":[{"embeddable":true,"href":"https:\/\/www.electricstore.eu\/et\/wp-json\/wp\/v2\/media\/25498"}],"wp:attachment":[{"href":"https:\/\/www.electricstore.eu\/et\/wp-json\/wp\/v2\/media?parent=25497"}],"wp:term":[{"taxonomy":"product_brand","embeddable":true,"href":"https:\/\/www.electricstore.eu\/et\/wp-json\/wp\/v2\/product_brand?post=25497"},{"taxonomy":"product_cat","embeddable":true,"href":"https:\/\/www.electricstore.eu\/et\/wp-json\/wp\/v2\/product_cat?post=25497"},{"taxonomy":"product_tag","embeddable":true,"href":"https:\/\/www.electricstore.eu\/et\/wp-json\/wp\/v2\/product_tag?post=25497"}],"curies":[{"name":"wp","href":"https:\/\/api.w.org\/{rel}","templated":true}]}}