{"id":25471,"date":"2025-05-20T18:59:34","date_gmt":"2025-05-20T18:59:34","guid":{"rendered":"https:\/\/electricstore.eu\/p\/uncategorized\/vevor-88-100-lbs-child-bike-trailer-double-seat-carrier-converts-to-stroller-foldable-children-bicycle-trailer-for-toddlers-kids\/"},"modified":"2025-05-20T19:02:57","modified_gmt":"2025-05-20T19:02:57","slug":"vevor-88-100-lbs-child-bike-trailer-double-seat-carrier-converts-to-stroller-foldable-children-bicycle-trailer-for-toddlers-kids","status":"publish","type":"product","link":"https:\/\/www.electricstore.eu\/et\/p\/o\/bike-trailers-and-wagons\/vevor-88-100-lbs-child-bike-trailer-double-seat-carrier-converts-to-stroller-foldable-children-bicycle-trailer-for-toddlers-kids\/","title":{"rendered":"VEVOR 88\/100 naela kaaluv laste jalgrattahaagis, kahekohaline vedaja, teisendatav lapsevankriks, kokkupandavaks laste jalgrattahaagiseks v\u00e4ikelastele"},"content":{"rendered":"<div class=\"product-specs-list-container\">\n<ul class=\"product-specs-list util-clearfix\">\n<li class=\"product-prop line-limit-length\"><span\n                                        class=\"property-title\">K\u00f5rge riskiga kemikaal:&nbsp;<\/span><span\n                                        class=\"property-desc line-limit-length\">Puudub<\/span>\n                            <\/li>\n<li class=\"product-prop line-limit-length\"><span\n                                        class=\"property-title\">Istme asend:&nbsp;<\/span><span\n                                        class=\"property-desc line-limit-length\">POST<\/span>\n                            <\/li>\n<li class=\"product-prop line-limit-length\"><span\n                                        class=\"property-title\">Materjal:&nbsp;<\/span><span\n                                        class=\"property-desc line-limit-length\">teised<\/span>\n                            <\/li>\n<li class=\"product-prop line-limit-length\"><span\n                                        class=\"property-title\">Mudelinumber:&nbsp;<\/span><span\n                                        class=\"property-desc line-limit-length\">JBT03N1<\/span>\n                            <\/li>\n<li class=\"product-prop line-limit-length\"><span\n                                        class=\"property-title\">Vanusevahemik:&nbsp;<\/span><span\n                                        class=\"property-desc line-limit-length\">7\u201312-aastased<\/span>\n                            <\/li>\n<li class=\"product-prop line-limit-length\"><span\n                                        class=\"property-title\">P\u00e4ritolu:&nbsp;<\/span><span\n                                        class=\"property-desc line-limit-length\">Mandri-Hiina<\/span>\n                            <\/li>\n<li class=\"product-prop line-limit-length\"><span\n                                        class=\"property-title\">Br\u00e4nd:&nbsp;<\/span><span\n                                        class=\"property-desc line-limit-length\">VEVOR<\/span>\n                            <\/li>\n<li class=\"product-prop line-limit-length\"><span\n                                        class=\"property-title\">Materjal:&nbsp;<\/span><span\n                                        class=\"property-desc line-limit-length\">S\u00fcsinikteras + 600D Oxfordi riie + PP<\/span>\n                            <\/li>\n<li class=\"product-prop line-limit-length\"><span\n                                        class=\"property-title\">T\u00fc\u00fcp:&nbsp;<\/span><span\n                                        class=\"property-desc line-limit-length\">Haagise\/k\u00e4ru kaheotstarbeline<\/span>\n                            <\/li>\n<li class=\"product-prop line-limit-length\"><span\n                                        class=\"property-title\">Sisemine suurus:&nbsp;<\/span><span\n                                        class=\"property-desc line-limit-length\">29,1 x 24,4 x 22 tolli \/ 740 x 620 x 560 mm<\/span>\n                            <\/li>\n<li class=\"product-prop line-limit-length\"><span\n                                        class=\"property-title\">Maksimaalne kandev\u00f5ime:&nbsp;<\/span><span\n                                        class=\"property-desc line-limit-length\">88 naela\/110 naela<\/span>\n                            <\/li>\n<li class=\"product-prop line-limit-length\"><span\n                                        class=\"property-title\">Istekohtade arv:&nbsp;<\/span><span\n                                        class=\"property-desc line-limit-length\">2<\/span>\n                            <\/li>\n<\/ul><\/div>\n<div class=\"detailmodule_html\">\n<div class=\"detail-desc-decorate-richtext\">\n<div style=\"font-family:&quot;Open sans&quot;, Arial, Helvetica, sans-serif\">\n<div style=\"font-family:&quot;Open sans&quot;, Arial, Helvetica, sans-serif\">\n  <img decoding=\"async\" style=\"width:100%\" width=\"100%\" src=\"https:\/\/d2qc09rl1gfuof.cloudfront.net\/vevor\/boutique-banner\/pc\/banner-en.jpg\" slate-data-type=\"image\" \/>\n <\/div>\n<div style=\"font-family:&quot;Open sans&quot;, Arial, Helvetica, sans-serif\">\n<div style=\"font-size:16px;font-weight:bold;text-align:center;color:rgb(34, 34, 34);margin:24px 0px;margin-bottom:24px;margin-top:24px;margin-left:0px;margin-right:0px\" align=\"center\">\n   VEVOR jalgrattahaagis lastele \u2013 tutvu oma uue jalgrattas\u00f5braga!\n  <\/div>\n<div>\n   <img decoding=\"async\" style=\"width:100%\" width=\"100%\" src=\"https:\/\/d2qc09rl1gfuof.cloudfront.net\/product\/LYS100B1020ILJ9NW\/bike-trailer-a100-1.4.jpg\" slate-data-type=\"image\" \/>\n  <\/div>\n<div style=\"font-size:14px;text-align:center;color:rgb(34, 34, 34);margin:16px 0px 24px;margin-bottom:24px;margin-top:16px;margin-left:0px;margin-right:0px\" align=\"center\">\n   Liigu sujuvalt meie vastupidava legeerterasest raamiga jalgrattahaagisega. Kahekihilised kummirehvid tagavad sujuva ja mugava s\u00f5idu, muutes selle turvaliseks ja usaldusv\u00e4\u00e4rseks reisikaaslaseks igal teekonnal.\n  <\/div><\/div>\n<div style=\"font-family:&quot;Open sans&quot;, Arial, Helvetica, sans-serif\">\n<div>\n   &nbsp;\n  <\/div>\n<div style=\"margin:8px 0px;margin-bottom:8px;margin-top:8px;margin-left:0px;margin-right:0px\">\n   <img decoding=\"async\" style=\"width:100%\" width=\"100%\" src=\"https:\/\/d2qc09rl1gfuof.cloudfront.net\/product\/LYS100B1020ILJ9NW\/bike-trailer-a100-2.2.jpg\" slate-data-type=\"image\" \/>\n  <\/div>\n<div style=\"font-size:14px;text-align:center;color:rgb(34, 34, 34);margin:16px 0px 24px;margin-bottom:24px;margin-top:16px;margin-left:0px;margin-right:0px\" align=\"center\">\n   T\u00e4nu igak\u00fclgsele kaitsele ja turvalisele parkimisele hoiab jalgrattahaagis teie rehvid ootamatute kahjustuste eest turvaliselt. Need l\u00e4ikivad helkurid pakuvad selgemat eristamist, muutes teie s\u00f5idu turvaliseks ja stiilseks.\n  <\/div><\/div>\n<div style=\"font-family:&quot;Open sans&quot;, Arial, Helvetica, sans-serif\">\n<div>\n   &nbsp;\n  <\/div>\n<div style=\"margin:8px 0px;margin-bottom:8px;margin-top:8px;margin-left:0px;margin-right:0px\">\n   <img decoding=\"async\" style=\"width:100%\" width=\"100%\" src=\"https:\/\/d2qc09rl1gfuof.cloudfront.net\/product\/LYS100B1020ILJ9NW\/bike-trailer-a100-2.3.jpg\" slate-data-type=\"image\" \/>\n  <\/div>\n<div style=\"font-size:14px;text-align:center;color:rgb(34, 34, 34);margin:16px 0px 24px;margin-bottom:24px;margin-top:16px;margin-left:0px;margin-right:0px\" align=\"center\">\n   Suure kandev\u00f5ime ja mugava kahekohalise disainiga laste jalgrattahaagis sobib lastele vanuses 18 kuud kuni 5 aastat. See on \u00fclim s\u00f5it teile ja teie pisikesele.\n  <\/div><\/div>\n<div style=\"font-family:&quot;Open sans&quot;, Arial, Helvetica, sans-serif\">\n<div>\n   &nbsp;\n  <\/div>\n<div style=\"margin:8px 0px;margin-bottom:8px;margin-top:8px;margin-left:0px;margin-right:0px\">\n   <img decoding=\"async\" style=\"width:100%\" width=\"100%\" src=\"https:\/\/d2qc09rl1gfuof.cloudfront.net\/product\/LYS100B1020ILJ9NW\/bike-trailer-a100-2.4.jpg\" slate-data-type=\"image\" \/>\n  <\/div>\n<div style=\"font-size:14px;text-align:center;color:rgb(34, 34, 34);margin:16px 0px 24px;margin-bottom:24px;margin-top:16px;margin-left:0px;margin-right:0px\" align=\"center\">\n   Kokkupanek on lihtne! Meie laste jalgrattahaagisel on kiirkinnitusega disain, mis teeb kokkupaneku ja lahtiv\u00f5tmise lihtsaks, muutes selle \u00fclimalt kaasaskantavaks. Haagise ja lapsevankri integreeritud disain muudab teie reisid l\u00f5busamaks.\n  <\/div><\/div>\n<div style=\"font-family:&quot;Open sans&quot;, Arial, Helvetica, sans-serif\">\n<div>\n   &nbsp;\n  <\/div>\n<div style=\"margin:8px 0px;margin-bottom:8px;margin-top:8px;margin-left:0px;margin-right:0px\">\n   <img decoding=\"async\" style=\"width:100%\" width=\"100%\" src=\"https:\/\/d2qc09rl1gfuof.cloudfront.net\/product\/LYS100B1020ILJ9NW\/bike-trailer-a100-2.5.jpg\" slate-data-type=\"image\" \/>\n  <\/div>\n<div style=\"font-size:14px;text-align:center;color:rgb(34, 34, 34);margin:16px 0px 24px;margin-bottom:24px;margin-top:16px;margin-left:0px;margin-right:0px\" align=\"center\">\n   Meie lapse jalgrattahaagisel on mugava s\u00f5idu tagamiseks 30-tolline turvav\u00f6\u00f6, laia vaatev\u00e4lja tagamiseks k\u00fclgaken ja suurep\u00e4rase ventilatsiooni tagamiseks tagumine perforeeritud disain. Teie lapse mugavus on meie peamine prioriteet.\n  <\/div><\/div>\n<div style=\"margin:16px 0px 24px;margin-bottom:24px;margin-top:16px;margin-left:0px;margin-right:0px\"><\/div>\n<div style=\"margin:24px 0px;margin-bottom:24px;margin-top:24px;margin-left:0px;margin-right:0px\">\n<div style=\"font-size:16px;font-weight:bold;color:rgb(34, 34, 34);margin:24px 0px 16px;margin-bottom:16px;margin-top:24px;margin-left:0px;margin-right:0px\">\n   Omadused ja \u00fcksikasjad\n  <\/div>\n<ul style=\"margin:16px 0px 24px;margin-bottom:24px;margin-top:16px;margin-left:0px;margin-right:0px\">\n<li style=\"font-size:14px;color:rgb(34, 34, 34)\">\n<p>Vastupidav konstruktsioon: Meie jalgrattahaagisel on vastupidav terasraam ja vastupidavad kahekihilised kummist \u00f5hkrehvid, mis pakuvad teie teekonnale kindlat kindlust. Olenemata erinevatest teeoludest j\u00e4\u00e4b see usaldusv\u00e4\u00e4rseks ja vastupidavaks, tagades iga kord ohutu reisi.<\/p>\n<\/li>\n<li style=\"font-size:14px;color:rgb(34, 34, 34)\">\n<p>Turvalisus ennek\u00f5ike: Meie jalgrattahaagis tagab igak\u00fclgse kaitse t\u00e4nu rummu vedrustusele, mis neelab t\u00f5husalt l\u00f6\u00f6ke. 2-\u00fches turvak\u00e4sipiduriga saate sujuvalt aeglustada ja turvaliselt parkida. Lisaks tagavad eredad helkurid, et olete s\u00f5idu ajal n\u00e4htav, lisades t\u00e4iendava turvalisuse kihi.<\/p>\n<\/li>\n<li style=\"font-size:14px;color:rgb(34, 34, 34)\">\n<p>Mitmek\u00fclgne l\u00f5bu: T\u00e4ida see! Meie laste jalgrattahaagis saab oma suure kandev\u00f5ime ja kahe istmega disainiga k\u00f5igega hakkama. Ideaalne r\u00f5\u00f5msateks s\u00f5itudeks teie pisikese jaoks. Selle universaalne \u00fchilduvusdisain sobib erinevatele jalgratastele, muutes selle suurep\u00e4raseks valikuks teie s\u00f5itudeks.<\/p>\n<\/li>\n<li style=\"font-size:14px;color:rgb(34, 34, 34)\">\n<p>Lihtne kasutada: Meie laste jalgrattahaagise kiirkinnitusega disainiga ei pea te vaeva n\u00e4gema kokkupanemisel ega lahtiv\u00f5tmisel. Asuge teele kiiremini ja nautige muretuid seiklusi. Lisaks on haagise ja lapsevankri vahel vahetamine imelihtne, mis lisab teie v\u00e4ljas\u00f5itudele p\u00f5nevust.<\/p>\n<\/li>\n<li style=\"font-size:14px;color:rgb(34, 34, 34)\">\n<p>Mugav ja hooliv: Meie laste jalgrattahaagis hoolitseb iga s\u00f5idu eest detailidele p\u00f6\u00f6ratud t\u00e4helepanuga. Hubane 30-tolline turvav\u00f6\u00f6 tagab mugavuse ilma piiranguteta, samas kui istme seljatoe perforeeritud disain hoiab asjad \u00f5hulisena ja k\u00fclgaken rikastab reisi, pakkudes teie lapsele mugavat ja turvalist s\u00f5idukogemust.<\/p>\n<\/li>\n<\/ul><\/div>\n<div>\n<div>\n   &nbsp;\n  <\/div>\n<div>\n<div>\n    &nbsp;\n   <\/div>\n<div style=\"margin:16px 0px 24px;margin-bottom:24px;margin-top:16px;margin-left:0px;margin-right:0px\">\n    <strong>59x34x37 tolli 88 naela<\/strong>\n   <\/div>\n<div style=\"margin:16px 0px 24px;margin-bottom:24px;margin-top:16px;margin-left:0px;margin-right:0px\">\n    <img decoding=\"async\" style=\"width:100%\" width=\"100%\" src=\"https:\/\/d2qc09rl1gfuof.cloudfront.net\/product\/LYS100B1020ILJ9NW\/bike-trailer-a100-1.11.jpg\" slate-data-type=\"image\" \/><br \/>\n    <strong>59x34x37 tolli 100 naela<\/strong>\n   <\/div><\/div><\/div>\n<div>\n<div>\n<div style=\"margin:16px 0px 24px;margin-bottom:24px;margin-top:16px;margin-left:0px;margin-right:0px\">\n    <img decoding=\"async\" style=\"width:100%\" width=\"100%\" src=\"https:\/\/d2qc09rl1gfuof.cloudfront.net\/product\/LYS2GHJG1220E5YTP\/bike-trailer-a100-1.11.jpg\" slate-data-type=\"image\" \/>\n   <\/div><\/div><\/div>\n<div style=\"font-family:&quot;Open sans&quot;, Arial, Helvetica, sans-serif\">\n<div>\n   &nbsp;\n  <\/div>\n<div>\n<div style=\"font-size:16px;font-weight:bold;color:rgb(34, 34, 34);margin:24px 0px 16px;margin-bottom:16px;margin-top:24px;margin-left:0px;margin-right:0px\">\n    &nbsp;61x31x37 tolli 100 naela\n   <\/div>\n<div style=\"margin:16px 0px 24px;margin-bottom:24px;margin-top:16px;margin-left:0px;margin-right:0px\">\n    <img decoding=\"async\" style=\"width:100%\" width=\"100%\" src=\"https:\/\/d2qc09rl1gfuof.cloudfront.net\/product\/LYS2GHJG820IRLD5R\/bike-trailer-a100-1.11.jpg\" slate-data-type=\"image\" \/>\n   <\/div><\/div><\/div>\n<\/div>\n<p><\/p>\n<\/div>\n<\/div>","protected":false},"excerpt":{"rendered":"<p>Hign-concerned Chemical:&nbsp;None Seat position:&nbsp;POST Material:&nbsp;others Model Number:&nbsp;JBT03N1 Age Range:&nbsp;7-12Y Origin:&nbsp;Mainland China Brand:&nbsp;VEVOR Material:&nbsp;Carbon Steel + 600D Oxford Cloth + PP Type:&nbsp;Trailer\/Stroller Dual-Use Internal Size:&nbsp;29.1 x 24.4 x 22 in\/740 x<\/p>","protected":false},"featured_media":25472,"comment_status":"open","ping_status":"closed","template":"","meta":{"_acf_changed":false},"product_brand":[],"product_cat":[523],"product_tag":[],"class_list":{"0":"post-25471","1":"product","2":"type-product","3":"status-publish","4":"has-post-thumbnail","6":"product_cat-bike-trailers-and-wagons","8":"first","9":"instock","10":"shipping-taxable","11":"purchasable","12":"product-type-variable"},"acf":[],"_links":{"self":[{"href":"https:\/\/www.electricstore.eu\/et\/wp-json\/wp\/v2\/product\/25471","targetHints":{"allow":["GET"]}}],"collection":[{"href":"https:\/\/www.electricstore.eu\/et\/wp-json\/wp\/v2\/product"}],"about":[{"href":"https:\/\/www.electricstore.eu\/et\/wp-json\/wp\/v2\/types\/product"}],"replies":[{"embeddable":true,"href":"https:\/\/www.electricstore.eu\/et\/wp-json\/wp\/v2\/comments?post=25471"}],"wp:featuredmedia":[{"embeddable":true,"href":"https:\/\/www.electricstore.eu\/et\/wp-json\/wp\/v2\/media\/25472"}],"wp:attachment":[{"href":"https:\/\/www.electricstore.eu\/et\/wp-json\/wp\/v2\/media?parent=25471"}],"wp:term":[{"taxonomy":"product_brand","embeddable":true,"href":"https:\/\/www.electricstore.eu\/et\/wp-json\/wp\/v2\/product_brand?post=25471"},{"taxonomy":"product_cat","embeddable":true,"href":"https:\/\/www.electricstore.eu\/et\/wp-json\/wp\/v2\/product_cat?post=25471"},{"taxonomy":"product_tag","embeddable":true,"href":"https:\/\/www.electricstore.eu\/et\/wp-json\/wp\/v2\/product_tag?post=25471"}],"curies":[{"name":"wp","href":"https:\/\/api.w.org\/{rel}","templated":true}]}}