{"id":25411,"date":"2025-05-20T18:59:11","date_gmt":"2025-05-20T18:59:11","guid":{"rendered":"https:\/\/electricstore.eu\/p\/uncategorized\/vevor-45km-h-4wd-rc-car-118-all-terrain-off-road-with-high-speed-remote-control-truck-drift-monster-toys-gifts-for-boys-kids\/"},"modified":"2025-05-20T19:01:51","modified_gmt":"2025-05-20T19:01:51","slug":"vevor-45km-h-4wd-rc-car-118-all-terrain-off-road-with-high-speed-remote-control-truck-drift-monster-toys-gifts-for-boys-kids","status":"publish","type":"product","link":"https:\/\/www.electricstore.eu\/et\/p\/rc\/rc-cars\/vevor-45km-h-4wd-rc-car-118-all-terrain-off-road-with-high-speed-remote-control-truck-drift-monster-toys-gifts-for-boys-kids\/","title":{"rendered":"VEVOR 45KM\/H 4WD RC auto 1:18 K\u00f5ik maastikus\u00f5idukid kiire puldiga veoauto driftikoletise m\u00e4nguasjad kingitused poistele lastele"},"content":{"rendered":"<div class=\"product-specs-list-container\">\n<ul class=\"product-specs-list util-clearfix\">\n<li class=\"product-prop line-limit-length\"><span\n                                        class=\"property-title\">K\u00f5rge riskiga kemikaal:&nbsp;<\/span><span\n                                        class=\"property-desc line-limit-length\">Puudub<\/span>\n                            <\/li>\n<li class=\"product-prop line-limit-length\"><span\n                                        class=\"property-title\">Kas elektriline:&nbsp;<\/span><span\n                                        class=\"property-desc line-limit-length\">Akut pole<\/span>\n                            <\/li>\n<li class=\"product-prop line-limit-length\"><span\n                                        class=\"property-title\">Triipkood:&nbsp;<\/span><span\n                                        class=\"property-desc line-limit-length\">Ei<\/span>\n                            <\/li>\n<li class=\"product-prop line-limit-length\"><span\n                                        class=\"property-title\">V\u00f5imsus:&nbsp;<\/span><span\n                                        class=\"property-desc line-limit-length\">Elektriline<\/span>\n                            <\/li>\n<li class=\"product-prop line-limit-length\"><span\n                                        class=\"property-title\">Assamblee osariik:&nbsp;<\/span><span\n                                        class=\"property-desc line-limit-length\">Valmis minema<\/span>\n                            <\/li>\n<li class=\"product-prop line-limit-length\"><span\n                                        class=\"property-title\">Lennuaeg:&nbsp;<\/span><span\n                                        class=\"property-desc line-limit-length\">21 minutit<\/span>\n                            <\/li>\n<li class=\"product-prop line-limit-length\"><span\n                                        class=\"property-title\">Kaugus:&nbsp;<\/span><span\n                                        class=\"property-desc line-limit-length\">100m+<\/span>\n                            <\/li>\n<li class=\"product-prop line-limit-length\"><span\n                                        class=\"property-title\">Skaala:&nbsp;<\/span><span\n                                        class=\"property-desc line-limit-length\">1:18<\/span>\n                            <\/li>\n<li class=\"product-prop line-limit-length\"><span\n                                        class=\"property-title\">M\u00f5\u00f5tmed:&nbsp;<\/span><span\n                                        class=\"property-desc line-limit-length\">10,6 x 7,9 x 3,9 tolli \/ 270 x 200 x 100 mm<\/span>\n                            <\/li>\n<li class=\"product-prop line-limit-length\"><span\n                                        class=\"property-title\">Mudelinumber:&nbsp;<\/span><span\n                                        class=\"property-desc line-limit-length\">300E<\/span>\n                            <\/li>\n<li class=\"product-prop line-limit-length\"><span\n                                        class=\"property-title\">Pakett sisaldab:&nbsp;<\/span><span\n                                        class=\"property-desc line-limit-length\">Kaugjuhtimispult<\/span>\n                            <\/li>\n<li class=\"product-prop line-limit-length\"><span\n                                        class=\"property-title\">Kaugjuhtimispult:&nbsp;<\/span><span\n                                        class=\"property-desc line-limit-length\">Jah<\/span>\n                            <\/li>\n<li class=\"product-prop line-limit-length\"><span\n                                        class=\"property-title\">Materjal:&nbsp;<\/span><span\n                                        class=\"property-desc line-limit-length\">Metall<\/span>\n                            <\/li>\n<li class=\"product-prop line-limit-length\"><span\n                                        class=\"property-title\">Soovitatav vanus:&nbsp;<\/span><span\n                                        class=\"property-desc line-limit-length\">6\u201312-aastased<\/span>\n                            <\/li>\n<li class=\"product-prop line-limit-length\"><span\n                                        class=\"property-title\">P\u00e4ritolu:&nbsp;<\/span><span\n                                        class=\"property-desc line-limit-length\">Mandri-Hiina<\/span>\n                            <\/li>\n<li class=\"product-prop line-limit-length\"><span\n                                        class=\"property-title\">Kujundus:&nbsp;<\/span><span\n                                        class=\"property-desc line-limit-length\">Autod<\/span>\n                            <\/li>\n<li class=\"product-prop line-limit-length\"><span\n                                        class=\"property-title\">T\u00fc\u00fcp:&nbsp;<\/span><span\n                                        class=\"property-desc line-limit-length\">Auto<\/span>\n                            <\/li>\n<li class=\"product-prop line-limit-length\"><span\n                                        class=\"property-title\">Omadused:&nbsp;<\/span><span\n                                        class=\"property-desc line-limit-length\">KAUGJUHTIMISPULT<\/span>\n                            <\/li>\n<\/ul><\/div>\n<div class=\"detailmodule_html\">\n<div class=\"detail-desc-decorate-richtext\">\n<div style=\"font-family:&quot;Open sans&quot;, Arial, Helvetica, sans-serif\">\n<div><img decoding=\"async\" style=\"width:100%\" width=\"100%\" src=\"https:\/\/d2qc09rl1gfuof.cloudfront.net\/vevor\/boutique-banner\/pc\/banner-en.jpg\" slate-data-type=\"image\"\/><\/div>\n<div>\n<div style=\"font-size:16px;font-weight:bold;text-align:center;color:rgb(34, 34, 34);margin:24px 0px;margin-bottom:24px;margin-top:24px;margin-left:0px;margin-right:0px\" align=\"center\">Puldiga maastikuauto m\u00f5\u00f5tkavas 1:18<\/div>\n<div><img decoding=\"async\" style=\"width:100%\" width=\"100%\" src=\"https:\/\/d2qc09rl1gfuof.cloudfront.net\/product\/SQZQYKYYCWSD5U146\/rc-offroad-truck-a100-1.4-pt.jpg\" slate-data-type=\"image\"\/><\/div>\n<div style=\"font-size:14px;text-align:center;color:rgb(34, 34, 34);margin:16px 0px 24px;margin-bottom:24px;margin-top:16px;margin-left:0px;margin-right:0px\" align=\"center\">Meie 1:18 skaalas RC maastikuautol on metallist veov\u00f5ll, 20 000 p\/min harjadeta mootor, astmevaba kiiruse reguleerimine ja suurep\u00e4rase haarduvusega rehvid, mis aitavad teil vallutada k\u00f5ik maastikud. Vastupidav disain ja pikk aku t\u00f6\u00f6iga tagavad l\u00f5putu l\u00f5bu ja p\u00f5nevuse, muutes iga s\u00f5idukogemuse \u00fcllatusterohkeks!<\/div>\n<\/div>\n<div>\n<div style=\"margin:8px 0px;margin-bottom:8px;margin-top:8px;margin-left:0px;margin-right:0px\"><img decoding=\"async\" style=\"width:100%\" width=\"100%\" src=\"https:\/\/d2qc09rl1gfuof.cloudfront.net\/product\/SQZQYKYYCWSD5U146\/rc-offroad-truck-a100-2.2-pt.jpg\" slate-data-type=\"image\"\/><\/div>\n<div style=\"font-size:14px;text-align:center;color:rgb(34, 34, 34);margin:16px 0px 24px;margin-bottom:24px;margin-top:16px;margin-left:0px;margin-right:0px\" align=\"center\">T\u00e4nu suurep\u00e4rase haarduvusega kummirehvidele ja metallist veov\u00f5llile, mis tagab tugeva j\u00f5u\u00fclekande, on see puldiga auto teie maastikuvallutaja. H\u00fcdraulilise amortisaatoris\u00fcsteemiga on see takistustest pingutuseta ja kergelt \u00fcle.<\/div>\n<\/div>\n<div>\n<div style=\"margin:8px 0px;margin-bottom:8px;margin-top:8px;margin-left:0px;margin-right:0px\"><img decoding=\"async\" style=\"width:100%\" width=\"100%\" src=\"https:\/\/d2qc09rl1gfuof.cloudfront.net\/product\/SQZQYKYYCWSD5U146\/rc-offroad-truck-a100-2.3-pt.jpg\" slate-data-type=\"image\"\/><\/div>\n<div style=\"font-size:14px;text-align:center;color:rgb(34, 34, 34);margin:16px 0px 24px;margin-bottom:24px;margin-top:16px;margin-left:0px;margin-right:0px\" align=\"center\">See lastele m\u00f5eldud kaugjuhtimisega auto v\u00f5imaldab teil s\u00f5idur\u00f5\u00f5mu t\u00e4ielikult nautida, juhtmevaba juhtimiskaugus on 100 meetrit, mis tagab vaba v\u00f5idus\u00f5idu. 20 000 p\/min kiire mootor tagab tugeva j\u00f5udluse, lahendades pingutuseta erinevaid maastikuprobleeme.<\/div>\n<\/div>\n<div>\n<div style=\"margin:8px 0px;margin-bottom:8px;margin-top:8px;margin-left:0px;margin-right:0px\"><img decoding=\"async\" style=\"width:100%\" width=\"100%\" src=\"https:\/\/d2qc09rl1gfuof.cloudfront.net\/product\/SQZQYKYYCWSD5U146\/rc-offroad-truck-a100-2.4-pt.jpg\" slate-data-type=\"image\"\/><\/div>\n<div style=\"font-size:14px;text-align:center;color:rgb(34, 34, 34);margin:16px 0px 24px;margin-bottom:24px;margin-top:16px;margin-left:0px;margin-right:0px\" align=\"center\">Pole vaja muretseda vihmaste p\u00e4evade v\u00f5i mudase koha p\u00e4rast \u2013 IPX4 veekindluse funktsiooniga puldiga monster truck viib teie \u00f5ues seiklemise l\u00f5bu uuele tasemele.<\/div>\n<\/div>\n<div>\n<div style=\"margin:8px 0px;margin-bottom:8px;margin-top:8px;margin-left:0px;margin-right:0px\"><img decoding=\"async\" style=\"width:100%\" width=\"100%\" src=\"https:\/\/d2qc09rl1gfuof.cloudfront.net\/product\/SQZQYKYYCWSD5U146\/rc-offroad-truck-a100-2.5-pt.jpg\" slate-data-type=\"image\"\/><\/div>\n<div style=\"font-size:14px;text-align:center;color:rgb(34, 34, 34);margin:16px 0px 24px;margin-bottom:24px;margin-top:16px;margin-left:0px;margin-right:0px\" align=\"center\">See kahe laetava akuga varustatud kaugjuhtimisega maastikuauto pakub muljetavaldavat kuni 42-minutilist t\u00f6\u00f6aega, v\u00f5imaldades lastel oma s\u00f5iduseiklustest t\u00e4iel rinnal r\u00f5\u00f5mu tunda. USB-kiirlaadimisega v\u00f5tab laadimine aega vaid umbes 3 tundi, mis annab teie lastele rohkem m\u00e4nguaega.<\/div>\n<\/div>\n<div style=\"margin:16px 0px 24px;margin-bottom:24px;margin-top:16px;margin-left:0px;margin-right:0px\"><\/div>\n<div style=\"margin:24px 0px;margin-bottom:24px;margin-top:24px;margin-left:0px;margin-right:0px\">\n<div style=\"font-size:16px;font-weight:bold;color:rgb(34, 34, 34);margin:24px 0px 16px;margin-bottom:16px;margin-top:24px;margin-left:0px;margin-right:0px\">Omadused ja \u00fcksikasjad<\/div>\n<ul style=\"margin:16px 0px 24px;margin-bottom:24px;margin-top:16px;margin-left:0px;margin-right:0px\">\n<li style=\"font-size:14px;color:rgb(34, 34, 34)\">\n<p>Tugev maastikuv\u00f5imekus: Meie 1:18 kaugjuhtimispuldiga auto on varustatud nelikveos\u00fcsteemi, vastupidava metallist veov\u00f5lli, 20 000 p\/min \u00fclikiire mootori ja suure haarduvusega kummirehvidega, mis n\u00e4itavad erakordset maastikuv\u00f5imekust igasugusel maastikul \u2013 rohul, n\u00f5lvadel, kruusal, mudal ja liival.<\/p>\n<\/li>\n<li style=\"font-size:14px;color:rgb(34, 34, 34)\">\n<p>\u00dclim s\u00f5idur\u00f5\u00f5m: Esiratta kangiga t\u00e4iustatud RC maastikuauto suudab oma esirattaid kuni 45\u00b0 t\u00f5sta, s\u00e4ilitades stabiilsuse suurep\u00e4raste trikkide sooritamiseks. Koos 45\u00b0 roolinurga, \u00fclit\u00e4pse servo ja h\u00fcdraulilise amortisaatoriga navigeerib see teravates kurvides, ronib j\u00e4rskudel n\u00f5lvadel ja saab hakkama ebatasasel maastikul, pakkudes v\u00f5rratut v\u00f5idus\u00f5idukogemust.<\/p>\n<\/li>\n<li style=\"font-size:14px;color:rgb(34, 34, 34)\">\n<p>Astmevaba kiiruse reguleerimine: Alates aeglasest roomamisest kuni kiire v\u00f5idus\u00f5iduni (kuni 45 km\/h) sobib see 4WD maastikul juhitav kaugjuhtimisega auto astmevaba kiiruse reguleerimisega igale lapsele, alates algajatest kuni kogenud v\u00f5idus\u00f5itjateni. Nad saavad valida endale sobiva kiiruse, et nautida nii turvalist kui ka p\u00f5nevat v\u00f5idus\u00f5itu.<\/p>\n<\/li>\n<li style=\"font-size:14px;color:rgb(34, 34, 34)\">\n<p>V\u00e4hem laadimist, pikem v\u00f5idus\u00f5idur\u00f5\u00f5m: See maastikul juhitav kaugjuhtimisega veoauto on varustatud kahe 1500 mAh liitiumakuga, mis pakub tugevat ja kestvat v\u00f5imsust, v\u00f5imaldades lastel nautida kuni 42 minutit v\u00f5idus\u00f5idur\u00f5\u00f5mu. T\u00e4nu h\u00f5lpsasti ligip\u00e4\u00e4setavale USB-pordile erinevate toiteallikate (sh akupanga) jaoks ja kiirlaadimisfunktsioonile saab maastikuauto umbes 3 tunniga taas rajale.<\/p>\n<\/li>\n<li style=\"font-size:14px;color:rgb(34, 34, 34)\">\n<p>Paremad kogemused: IPX4 veekindluse reitingu, 328 jala (100 meetri) ulatusega kaugjuhtimispuldi, \u00fclit\u00e4pse peav\u00f5lli, tugevdatud koeraluu, t\u00f5husa diferentsiaali, esitulede ja vastupidava nailonist ja s\u00fcsinikterasest \u0161assiiga on iga l\u00e4bim\u00f5eldud detail loodud selleks, et luua lastele ideaalne hobi-RC-veok, pakkudes neile p\u00f5nevamaid seiklusi.<\/p>\n<\/li>\n<\/ul>\n<\/div>\n<div>\n<div>\n<div style=\"margin:16px 0px 24px;margin-bottom:24px;margin-top:16px;margin-left:0px;margin-right:0px\"><img decoding=\"async\" style=\"width:100%\" width=\"100%\" src=\"https:\/\/d2qc09rl1gfuof.cloudfront.net\/product\/SQZQYKYYCWSD5U146\/rc-offroad-truck-a100-1.11-pt.jpg\" slate-data-type=\"image\"\/><\/div>\n<\/div>\n<\/div>\n<\/div>\n<\/div>\n<\/div>\n<p><\/p>","protected":false},"excerpt":{"rendered":"<p>Hign-concerned Chemical:&nbsp;None Is Electric:&nbsp;No battery Barcode:&nbsp;No Power:&nbsp;Electric State of Assembly:&nbsp;Ready-to-Go Flight Time:&nbsp;21min Remote Distance:&nbsp;100m+ Scale:&nbsp;1:18 Dimensions:&nbsp;10.6 x 7.9 x 3.9 in \/ 270 x 200 x 100 mm Model Number:&nbsp;300E<\/p>","protected":false},"featured_media":25412,"comment_status":"open","ping_status":"closed","template":"","meta":{"_acf_changed":false},"product_brand":[],"product_cat":[519],"product_tag":[],"class_list":{"0":"post-25411","1":"product","2":"type-product","3":"status-publish","4":"has-post-thumbnail","6":"product_cat-rc-cars","8":"first","9":"instock","10":"shipping-taxable","11":"purchasable","12":"product-type-variable"},"acf":[],"_links":{"self":[{"href":"https:\/\/www.electricstore.eu\/et\/wp-json\/wp\/v2\/product\/25411","targetHints":{"allow":["GET"]}}],"collection":[{"href":"https:\/\/www.electricstore.eu\/et\/wp-json\/wp\/v2\/product"}],"about":[{"href":"https:\/\/www.electricstore.eu\/et\/wp-json\/wp\/v2\/types\/product"}],"replies":[{"embeddable":true,"href":"https:\/\/www.electricstore.eu\/et\/wp-json\/wp\/v2\/comments?post=25411"}],"wp:featuredmedia":[{"embeddable":true,"href":"https:\/\/www.electricstore.eu\/et\/wp-json\/wp\/v2\/media\/25412"}],"wp:attachment":[{"href":"https:\/\/www.electricstore.eu\/et\/wp-json\/wp\/v2\/media?parent=25411"}],"wp:term":[{"taxonomy":"product_brand","embeddable":true,"href":"https:\/\/www.electricstore.eu\/et\/wp-json\/wp\/v2\/product_brand?post=25411"},{"taxonomy":"product_cat","embeddable":true,"href":"https:\/\/www.electricstore.eu\/et\/wp-json\/wp\/v2\/product_cat?post=25411"},{"taxonomy":"product_tag","embeddable":true,"href":"https:\/\/www.electricstore.eu\/et\/wp-json\/wp\/v2\/product_tag?post=25411"}],"curies":[{"name":"wp","href":"https:\/\/api.w.org\/{rel}","templated":true}]}}