{"id":25382,"date":"2025-05-20T18:58:57","date_gmt":"2025-05-20T18:58:57","guid":{"rendered":"https:\/\/electricstore.eu\/p\/uncategorized\/vevor-rc-car-children-toys-remote-control-dump-truck-toys-9-channel-with-batteries-for-toddlers-boys-electric-car-kids-toys-gift\/"},"modified":"2025-05-20T19:01:08","modified_gmt":"2025-05-20T19:01:08","slug":"vevor-rc-car-children-toys-remote-control-dump-truck-toys-9-channel-with-batteries-for-toddlers-boys-electric-car-kids-toys-gift","status":"publish","type":"product","link":"https:\/\/www.electricstore.eu\/et\/p\/rc\/rc-cars\/vevor-rc-car-children-toys-remote-control-dump-truck-toys-9-channel-with-batteries-for-toddlers-boys-electric-car-kids-toys-gift\/","title":{"rendered":"VEVOR RC auto laste m\u00e4nguasjad puldiga kallurauto m\u00e4nguasjad 9-kanaliga patareidega v\u00e4ikelastele poistele elektriauto lastele m\u00e4nguasjad kingitus"},"content":{"rendered":"<div class=\"product-specs-list-container\">\n<ul class=\"product-specs-list util-clearfix\">\n<li class=\"product-prop line-limit-length\"><span\n                                        class=\"property-title\">K\u00f5rge riskiga kemikaal:&nbsp;<\/span><span\n                                        class=\"property-desc line-limit-length\">Puudub<\/span>\n                            <\/li>\n<li class=\"product-prop line-limit-length\"><span\n                                        class=\"property-title\">Kas elektriline:&nbsp;<\/span><span\n                                        class=\"property-desc line-limit-length\">Akut pole<\/span>\n                            <\/li>\n<li class=\"product-prop line-limit-length\"><span\n                                        class=\"property-title\">Triipkood:&nbsp;<\/span><span\n                                        class=\"property-desc line-limit-length\">Ei<\/span>\n                            <\/li>\n<li class=\"product-prop line-limit-length\"><span\n                                        class=\"property-title\">Skaala:&nbsp;<\/span><span\n                                        class=\"property-desc line-limit-length\">1:18<\/span>\n                            <\/li>\n<li class=\"product-prop line-limit-length\"><span\n                                        class=\"property-title\">Mudelinumber:&nbsp;<\/span><span\n                                        class=\"property-desc line-limit-length\">1534<\/span>\n                            <\/li>\n<li class=\"product-prop line-limit-length\"><span\n                                        class=\"property-title\">Pakett sisaldab:&nbsp;<\/span><span\n                                        class=\"property-desc line-limit-length\">Patareid<\/span>\n                            <\/li>\n<li class=\"product-prop line-limit-length\"><span\n                                        class=\"property-title\">Juhtimiskanalid:&nbsp;<\/span><span\n                                        class=\"property-desc line-limit-length\">9 kanalit<\/span>\n                            <\/li>\n<li class=\"product-prop line-limit-length\"><span\n                                        class=\"property-title\">Kaugjuhtimispult:&nbsp;<\/span><span\n                                        class=\"property-desc line-limit-length\">Jah<\/span>\n                            <\/li>\n<li class=\"product-prop line-limit-length\"><span\n                                        class=\"property-title\">Materjal:&nbsp;<\/span><span\n                                        class=\"property-desc line-limit-length\">Plastik<\/span>\n                            <\/li>\n<li class=\"product-prop line-limit-length\"><span\n                                        class=\"property-title\">Soovitatav vanus:&nbsp;<\/span><span\n                                        class=\"property-desc line-limit-length\">6\u201312-aastased<\/span>\n                            <\/li>\n<li class=\"product-prop line-limit-length\"><span\n                                        class=\"property-title\">P\u00e4ritolu:&nbsp;<\/span><span\n                                        class=\"property-desc line-limit-length\">Mandri-Hiina<\/span>\n                            <\/li>\n<li class=\"product-prop line-limit-length\"><span\n                                        class=\"property-title\">Kujundus:&nbsp;<\/span><span\n                                        class=\"property-desc line-limit-length\">Krossiratas<\/span>\n                            <\/li>\n<li class=\"product-prop line-limit-length\"><span\n                                        class=\"property-title\">T\u00fc\u00fcp:&nbsp;<\/span><span\n                                        class=\"property-desc line-limit-length\">Auto<\/span>\n                            <\/li>\n<li class=\"product-prop line-limit-length\"><span\n                                        class=\"property-title\">Omadused:&nbsp;<\/span><span\n                                        class=\"property-desc line-limit-length\">KAUGJUHTIMISPULT<\/span>\n                            <\/li>\n<li class=\"product-prop line-limit-length\"><span\n                                        class=\"property-title\">Br\u00e4nd:&nbsp;<\/span><span\n                                        class=\"property-desc line-limit-length\">VEVOR<\/span>\n                            <\/li>\n<li class=\"product-prop line-limit-length\"><span\n                                        class=\"property-title\">Vanus:&nbsp;<\/span><span\n                                        class=\"property-desc line-limit-length\">8+<\/span>\n                            <\/li>\n<li class=\"product-prop line-limit-length\"><span\n                                        class=\"property-title\">Skaala:&nbsp;<\/span><span\n                                        class=\"property-desc line-limit-length\">1:18<\/span>\n                            <\/li>\n<li class=\"product-prop line-limit-length\"><span\n                                        class=\"property-title\">Materjal:&nbsp;<\/span><span\n                                        class=\"property-desc line-limit-length\">Plastikust veoauto kast + metallkabiin + ABS-plastist kest<\/span>\n                            <\/li>\n<li class=\"product-prop line-limit-length\"><span\n                                        class=\"property-title\">\u00dche aku t\u00f6\u00f6iga:&nbsp;<\/span><span\n                                        class=\"property-desc line-limit-length\">40 minutit<\/span>\n                            <\/li>\n<li class=\"product-prop line-limit-length\"><span\n                                        class=\"property-title\">Maksimaalne kiirus:&nbsp;<\/span><span\n                                        class=\"property-desc line-limit-length\">105 jalga\/min (32 m\/min)<\/span>\n                            <\/li>\n<li class=\"product-prop line-limit-length\"><span\n                                        class=\"property-title\">Kandev\u00f5ime:&nbsp;<\/span><span\n                                        class=\"property-desc line-limit-length\">6 naela \/ 2,72 kg<\/span>\n                            <\/li>\n<li class=\"product-prop line-limit-length\"><span\n                                        class=\"property-title\">Toote kaal:&nbsp;<\/span><span\n                                        class=\"property-desc line-limit-length\">2 naela\/0,91 kg<\/span>\n                            <\/li>\n<li class=\"product-prop line-limit-length\"><span\n                                        class=\"property-title\">T\u00fc\u00fcp:&nbsp;<\/span><span\n                                        class=\"property-desc line-limit-length\">RC kallur<\/span>\n                            <\/li>\n<\/ul><\/div>\n<div class=\"detailmodule_html\">\n<div class=\"detail-desc-decorate-richtext\">\n<div style=\"font-family:&quot;Open sans&quot;, Arial, Helvetica, sans-serif\">\n<div><img decoding=\"async\" style=\"width:100%\" width=\"100%\" src=\"https:\/\/d2qc09rl1gfuof.cloudfront.net\/vevor\/boutique-banner\/pc\/banner-en.jpg\" slate-data-type=\"image\"\/><\/div>\n<div>\n<div style=\"font-size:16px;font-weight:bold;text-align:center;color:rgb(34, 34, 34);margin:24px 0px;margin-bottom:24px;margin-top:24px;margin-left:0px;margin-right:0px\" align=\"center\">Ehita, s\u00f5ida, kujuta ette: \u00fclim RC-ga kalluriga seiklus!<\/div>\n<div><img decoding=\"async\" style=\"width:100%\" width=\"100%\" src=\"https:\/\/d2qc09rl1gfuof.cloudfront.net\/product\/CDXJSCZ6TDKCG89AR\/rc-dump-truck-a100-1.4-pt.jpg\" slate-data-type=\"image\"\/><\/div>\n<div style=\"font-size:14px;text-align:center;color:rgb(34, 34, 34);margin:16px 0px 24px;margin-bottom:24px;margin-top:16px;margin-left:0px;margin-right:0px\" align=\"center\">Koge selle RC-kalluriga p\u00e4ris juhtimise p\u00f5nevust! \u00dche puudutusega ekraanil kuvatakse selliseid funktsioone nagu veoauto kast, akupesa ja simuleeritud h\u00fcdrauliline varras, mis muudavad s\u00f5idu justkui p\u00e4ris autos. Heliefektid ja libisemiskindlad kummist rattad lisavad l\u00f5bu veelgi!<\/div>\n<\/div>\n<div>\n<div style=\"margin:8px 0px;margin-bottom:8px;margin-top:8px;margin-left:0px;margin-right:0px\"><img decoding=\"async\" style=\"width:100%\" width=\"100%\" src=\"https:\/\/d2qc09rl1gfuof.cloudfront.net\/product\/CDXJSCZ6TDKCG89AR\/rc-dump-truck-a100-2.2-pt.jpg\" slate-data-type=\"image\"\/><\/div>\n<div style=\"font-size:14px;text-align:center;color:rgb(34, 34, 34);margin:16px 0px 24px;margin-bottom:24px;margin-top:16px;margin-left:0px;margin-right:0px\" align=\"center\">Liigu h\u00f5lpsalt igale maastikule! See puldiga kallur saab konarlikel radadel ja siledatel teedel vaevata hakkama, pakkudes p\u00f5nevat s\u00f5itu. Nautige erinevaid s\u00f5idure\u017eiime ja avastage erinevaid keskkondi.<\/div>\n<\/div>\n<div>\n<div style=\"margin:8px 0px;margin-bottom:8px;margin-top:8px;margin-left:0px;margin-right:0px\"><img decoding=\"async\" style=\"width:100%\" width=\"100%\" src=\"https:\/\/d2qc09rl1gfuof.cloudfront.net\/product\/CDXJSCZ6TDKCG89AR\/rc-dump-truck-a100-2.3-pt.jpg\" slate-data-type=\"image\"\/><\/div>\n<div style=\"font-size:14px;text-align:center;color:rgb(34, 34, 34);margin:16px 0px 24px;margin-bottom:24px;margin-top:16px;margin-left:0px;margin-right:0px\" align=\"center\">Lapsed saavad selle kvaliteetsetest materjalidest valmistatud kaugjuhtimisega kalluriga sukelduda ehitusplatsi simulatsiooni. Heli- ja valgusefektid loovad elutruu kogemuse, n\u00e4idates, mida p\u00e4ris kallur teeb, ja lisades interaktiivset l\u00f5bu.<\/div>\n<\/div>\n<div>\n<div style=\"margin:8px 0px;margin-bottom:8px;margin-top:8px;margin-left:0px;margin-right:0px\"><img decoding=\"async\" style=\"width:100%\" width=\"100%\" src=\"https:\/\/d2qc09rl1gfuof.cloudfront.net\/product\/CDXJSCZ6TDKCG89AR\/rc-dump-truck-a100-2.4-pt.jpg\" slate-data-type=\"image\"\/><\/div>\n<div style=\"font-size:14px;text-align:center;color:rgb(34, 34, 34);margin:16px 0px 24px;margin-bottom:24px;margin-top:16px;margin-left:0px;margin-right:0px\" align=\"center\">Juhtige oma kaugjuhtimisega kallurit kuni 30 meetri kauguselt ja \u00e4ratage oma liivakasti stseenid ellu! See laeb kiiresti ja t\u00f6\u00f6tab kaua, nii et saate nautida l\u00f5putut m\u00e4ngukogemust ilma aku p\u00e4rast muretsemata.<\/div>\n<\/div>\n<div>\n<div style=\"margin:8px 0px;margin-bottom:8px;margin-top:8px;margin-left:0px;margin-right:0px\"><img decoding=\"async\" style=\"width:100%\" width=\"100%\" src=\"https:\/\/d2qc09rl1gfuof.cloudfront.net\/product\/CDXJSCZ6TDKCG89AR\/rc-dump-truck-a100-2.5-pt.jpg\" slate-data-type=\"image\"\/><\/div>\n<div style=\"font-size:14px;text-align:center;color:rgb(34, 34, 34);margin:16px 0px 24px;margin-bottom:24px;margin-top:16px;margin-left:0px;margin-right:0px\" align=\"center\">See kallurm\u00e4nguasi ergutab loovust ja aitab lastel arendada praktilisi oskusi ja ruumitaju. Olenemata sellest, kas ehitatakse minilinna v\u00f5i unistuste kodu, saavad lapsed selle l\u00f5busa kingitusega oma kujutlusv\u00f5ime lennata lasta.<\/div>\n<\/div>\n<div style=\"margin:16px 0px 24px;margin-bottom:24px;margin-top:16px;margin-left:0px;margin-right:0px\"><\/div>\n<div style=\"margin:24px 0px;margin-bottom:24px;margin-top:24px;margin-left:0px;margin-right:0px\">\n<div style=\"font-size:16px;font-weight:bold;color:rgb(34, 34, 34);margin:24px 0px 16px;margin-bottom:16px;margin-top:24px;margin-left:0px;margin-right:0px\">Omadused ja \u00fcksikasjad<\/div>\n<ul style=\"margin:16px 0px 24px;margin-bottom:24px;margin-top:16px;margin-left:0px;margin-right:0px\">\n<li style=\"font-size:14px;color:rgb(34, 34, 34)\">\n<p>9-kanaliline l\u00f5bu: See kaugjuhtimisega kallur on varustatud 9 juhtimiskanaliga realistlikuks m\u00e4nguks. Sellised omadused nagu veoauto kast, akupesa ja simuleeritud h\u00fcdrauliline varras muudavad selle p\u00e4ris asja sarnaseks. Lisaks on simuleeritud helid ja libisemiskindlad kummist rattad \u00fclimalt l\u00f5busad!<\/p>\n<\/li>\n<li style=\"font-size:14px;color:rgb(34, 34, 34)\">\n<p>Kestma loodud: See vastupidavatest materjalidest, sh tugevast alusest, akukambrist ja simuleeritud h\u00fcdraulilisest vardaga valmistatud kaugjuhtimisega kallur saab h\u00f5lpsalt hakkama \u00fcle 6 naela kaaluva koormaga. See on piisavalt vastupidav, et pidada sammu k\u00f5igi seiklustega, millest teie lapsed unistada oskavad.<\/p>\n<\/li>\n<li style=\"font-size:14px;color:rgb(34, 34, 34)\">\n<p>V\u00f5imas nelikvedu: RC-kalluri m\u00e4nguasja v\u00f5imas nelikvedu v\u00f5imaldab sellel murul, teedel ja liival higistamata hakkama saada. Siledatel pindadel suudab see kihutada kiirusega kuni 32 m\/min (105 jalga\/min), muutes iga s\u00f5idu p\u00f5nevaks.<\/p>\n<\/li>\n<li style=\"font-size:14px;color:rgb(34, 34, 34)\">\n<p>30 meetri pikkune kaugjuhtimisulatus: Kuni 30 meetri ulatuva kaugjuhtimispuldi ulatusega saavad lapsed kaugjuhtimisega kallurit kaugelt juhtida ja juhtida, parandades seel\u00e4bi oma koordinatsiooni ja ajaplaneerimisoskusi. Nautige lihtsat ja kaugjuhtimist ning kiiret laadimist \u2013 vaid 1-2 tundi laadimist, et saada kuni 40 minutit m\u00e4nguaega.<\/p>\n<\/li>\n<li style=\"font-size:14px;color:rgb(34, 34, 34)\">\n<p>L\u00f5bu kogu perele: See kallurm\u00e4nguasi sobib ideaalselt nii \u00fcksi m\u00e4ngimiseks kui ka perega l\u00f5butsemiseks. Vanemad ja lapsed saavad teha koost\u00f6\u00f6d, et koos uurida, kujundada ja ehitada, mis teeb sellest suurep\u00e4rase viisi sideme loomiseks ja loovuse s\u00fctitamiseks. On aeg veoauto ette valmistada ja p\u00f5nevale seiklusele asuda!<\/p>\n<\/li>\n<\/ul>\n<\/div>\n<div>\n<div>\n<div style=\"margin:16px 0px 24px;margin-bottom:24px;margin-top:16px;margin-left:0px;margin-right:0px\"><img decoding=\"async\" style=\"width:100%\" width=\"100%\" src=\"https:\/\/d2qc09rl1gfuof.cloudfront.net\/product\/CDXJSCZ6TDKCG89AR\/rc-dump-truck-a100-1.11-pt.jpg\" slate-data-type=\"image\"\/><\/div>\n<\/div>\n<\/div>\n<\/div>\n<\/div>\n<\/div>\n<p><\/p>","protected":false},"excerpt":{"rendered":"<p>Hign-concerned Chemical:&nbsp;None Is Electric:&nbsp;No battery Barcode:&nbsp;No Scale:&nbsp;1:18 Model Number:&nbsp;1534 Package Includes:&nbsp;Batteries Control Channels:&nbsp;9 Channels Remote Control:&nbsp;Yes Material:&nbsp;Plastic Recommend Age:&nbsp;6-12Y Origin:&nbsp;Mainland China Design:&nbsp;Dirt Bike Type:&nbsp;Car Features:&nbsp;REMOTE CONTROL Brand:&nbsp;VEVOR Age:&nbsp;8+ Scale:&nbsp;1:18 Material:&nbsp;Plastic<\/p>","protected":false},"featured_media":25383,"comment_status":"open","ping_status":"closed","template":"","meta":{"_acf_changed":false},"product_brand":[],"product_cat":[519],"product_tag":[],"class_list":{"0":"post-25382","1":"product","2":"type-product","3":"status-publish","4":"has-post-thumbnail","6":"product_cat-rc-cars","8":"first","9":"instock","10":"shipping-taxable","11":"purchasable","12":"product-type-variable"},"acf":[],"_links":{"self":[{"href":"https:\/\/www.electricstore.eu\/et\/wp-json\/wp\/v2\/product\/25382","targetHints":{"allow":["GET"]}}],"collection":[{"href":"https:\/\/www.electricstore.eu\/et\/wp-json\/wp\/v2\/product"}],"about":[{"href":"https:\/\/www.electricstore.eu\/et\/wp-json\/wp\/v2\/types\/product"}],"replies":[{"embeddable":true,"href":"https:\/\/www.electricstore.eu\/et\/wp-json\/wp\/v2\/comments?post=25382"}],"wp:featuredmedia":[{"embeddable":true,"href":"https:\/\/www.electricstore.eu\/et\/wp-json\/wp\/v2\/media\/25383"}],"wp:attachment":[{"href":"https:\/\/www.electricstore.eu\/et\/wp-json\/wp\/v2\/media?parent=25382"}],"wp:term":[{"taxonomy":"product_brand","embeddable":true,"href":"https:\/\/www.electricstore.eu\/et\/wp-json\/wp\/v2\/product_brand?post=25382"},{"taxonomy":"product_cat","embeddable":true,"href":"https:\/\/www.electricstore.eu\/et\/wp-json\/wp\/v2\/product_cat?post=25382"},{"taxonomy":"product_tag","embeddable":true,"href":"https:\/\/www.electricstore.eu\/et\/wp-json\/wp\/v2\/product_tag?post=25382"}],"curies":[{"name":"wp","href":"https:\/\/api.w.org\/{rel}","templated":true}]}}