{"id":25306,"date":"2025-05-20T18:58:33","date_gmt":"2025-05-20T18:58:33","guid":{"rendered":"https:\/\/electricstore.eu\/p\/uncategorized\/vevor-3000-5000kg-digital-crane-scales-heavy-duty-aluminum-hanging-scale-w-ocs-t-lcd-display-reinforced-ring-hook-for-industry\/"},"modified":"2025-05-20T18:59:27","modified_gmt":"2025-05-20T18:59:27","slug":"vevor-3000-5000kg-digital-crane-scales-heavy-duty-aluminum-hanging-scale-w-ocs-t-lcd-display-reinforced-ring-hook-for-industry","status":"publish","type":"product","link":"https:\/\/www.electricstore.eu\/et\/p\/o\/electric-lifting-hoists\/vevor-3000-5000kg-digital-crane-scales-heavy-duty-aluminum-hanging-scale-w-ocs-t-lcd-display-reinforced-ring-hook-for-industry\/","title":{"rendered":"VEVOR 3000 5000kg digitaalne kraanakaal, vastupidav alumiiniumist rippkaal, OCS-T LCD-ekraaniga, tugevdatud r\u00f5ngaskonksuga t\u00f6\u00f6stusele"},"content":{"rendered":"<div class=\"product-specs-list-container\">\n<ul class=\"product-specs-list util-clearfix\">\n<li class=\"product-prop line-limit-length\"><span\n                                        class=\"property-title\">K\u00f5rge riskiga kemikaal:&nbsp;<\/span><span\n                                        class=\"property-desc line-limit-length\">Puudub<\/span>\n                            <\/li>\n<li class=\"product-prop line-limit-length\"><span\n                                        class=\"property-title\">T\u00fc\u00fcp:&nbsp;<\/span><span\n                                        class=\"property-desc line-limit-length\">Kraanakaal<\/span>\n                            <\/li>\n<li class=\"product-prop line-limit-length\"><span\n                                        class=\"property-title\">Br\u00e4ndi nimi:&nbsp;<\/span><span\n                                        class=\"property-desc line-limit-length\">VEVOR<\/span>\n                            <\/li>\n<li class=\"product-prop line-limit-length\"><span\n                                        class=\"property-title\">P\u00e4ritolu:&nbsp;<\/span><span\n                                        class=\"property-desc line-limit-length\">Mandri-Hiina<\/span>\n                            <\/li>\n<\/ul><\/div>\n<div class=\"detailmodule_html\">\n<div class=\"detail-desc-decorate-richtext\">\n<div class=\"detailmodule_dynamic\"><kse:widget data-widget-type=\"customText\" id=\"1005000000821364\" type=\"relation\"><\/kse:widget><\/div>\n<div style=\"padding:20px;padding-bottom:20px;padding-top:20px;padding-left:20px;padding-right:20px\">\n<div style=\"text-align:center;width:100%\" align=\"center\"><img decoding=\"async\" src=\"https:\/\/vevor-bmp-prm.s3.ap-east-1.amazonaws.com\/default\/vevor-1.png\" slate-data-type=\"image\"\/><\/div>\n<div style=\"font-size:16px;font-weight:bold;line-height:36px\">Toote kirjeldus<\/div>\n<div style=\"width:100%\"><img decoding=\"async\" src=\"https:\/\/d2qc09rl1gfuof.cloudfront.net\/product\/OCS-T-5TDZDC00001\/crane-scale-a100-1.4.jpg\" slate-data-type=\"image\"\/><\/div>\n<div style=\"margin-top:15px;display:flex\">\n<div style=\"width:33%\"><img decoding=\"async\" style=\"width:100%\" width=\"100%\" src=\"https:\/\/d2qc09rl1gfuof.cloudfront.net\/product\/OCS-T-5TDZDC00001\/crane-scale-x1.jpg\" slate-data-type=\"image\"\/><\/div>\n<div style=\"padding:0px 15px;padding-bottom:0px;padding-top:0px;padding-left:15px;padding-right:15px;width:33%\">\n<div style=\"font-size:16px;font-weight:700;line-height:36px\">11000LBS\/5000KG alumiiniumist digitaalne kraanakaal<\/div>\n<div style=\"font-size:14px\"><\/div>\n<div style=\"font-size:14px\">Digitaalne kraanakaal on valmistatud kvaliteetsest alumiiniumist, mis tagab suure j\u00f5udluse ja pikaajalise stabiilsuse. Sellel on nullimise, koorimise, n\u00e4idiku hoidmise, \u00fclekoormuse hoiatuse ja automaatse v\u00e4ljal\u00fclituse funktsioonid. Digitaalset kalakaalu on lihtne kasutada ja kaasas kanda ning seda kasutatakse laialdaselt ladudes, p\u00f5llumajanduses, jahinduses, kalap\u00fc\u00fcgil, t\u00f6\u00f6kodades, kontorites ja muudes ettev\u00f5tetes.<\/div>\n<ul style=\"font-size:14px;background-color:rgb(243, 243, 243);border:1px solid rgb(204, 204, 204);margin-top:8px;padding:10px 40px;padding-bottom:10px;padding-top:10px;padding-left:40px;padding-right:40px\">\n<li>\n<p>Vastupidav disain<\/p>\n<\/li>\n<li>\n<p>Kompromissitu t\u00e4psus<\/p>\n<\/li>\n<li>\n<p>LCD-ekraan<\/p>\n<\/li>\n<li>\n<p>Lihtne kasutada<\/p>\n<\/li>\n<\/ul>\n<\/div>\n<div style=\"border-left:1px solid rgb(204, 204, 204);padding:0px 15px;padding-bottom:0px;padding-top:0px;padding-left:15px;padding-right:15px;width:33%\">\n<div style=\"padding:0px 15px;padding-bottom:0px;padding-top:0px;padding-left:15px;padding-right:15px\">\n<div><img decoding=\"async\" style=\"width:100%\" width=\"100%\" src=\"https:\/\/vevor-bmp-prm.s3.ap-east-1.amazonaws.com\/default\/vevor-2.jpg\" slate-data-type=\"image\"\/><\/div>\n<div style=\"font-size:14px;font-weight:bold;line-height:24px\">Vastupidav varustus ja t\u00f6\u00f6riistad, maksa v\u00e4hem<\/div>\n<div style=\"font-size:12px;margin:8px 0px;margin-bottom:8px;margin-top:8px;margin-left:0px;margin-right:0px\">VEVOR on juhtiv kaubam\u00e4rk, mis on spetsialiseerunud seadmetele ja t\u00f6\u00f6riistadele. Lisaks tuhandetele motiveeritud kasutajatele<br \/>t\u00f6\u00f6tajaid, on VEVOR p\u00fchendunud pakkuma oma klientidele vastupidavaid seadmeid ja t\u00f6\u00f6riistu uskumatult soodsa hinnaga<br \/>madalad hinnad. T\u00e4nap\u00e4eval m\u00fc\u00fcakse VEVORi tooteid enam kui 200 riigis ja piirkonnas, kus on \u00fcle 10 miljoni eksemplari.<br \/>pluss liikmed \u00fcle maailma.<\/div>\n<div style=\"font-size:14px;font-weight:bold;line-height:24px\">Miks valida VEVOR?<\/div>\n<ul style=\"font-size:14px;background-color:rgb(243, 243, 243);border:1px solid rgb(204, 204, 204);margin-top:8px;padding:10px 40px;padding-bottom:10px;padding-top:10px;padding-left:40px;padding-right:40px\">\n<li>\n<p>Esmaklassiline vastupidav kvaliteet<\/p>\n<\/li>\n<li>\n<p>Uskumatult madalad hinnad<\/p>\n<\/li>\n<li>\n<p>Kiire ja turvaline kohaletoimetamine<\/p>\n<\/li>\n<li>\n<p>30-p\u00e4evane tasuta tagastus\u00f5igus<\/p>\n<\/li>\n<li>\n<p>T\u00e4helepanelik teenindus \u00f6\u00f6p\u00e4evaringselt<\/p>\n<\/li>\n<\/ul>\n<\/div>\n<\/div>\n<\/div>\n<div style=\"margin-top:30px\">\n<div style=\"font-size:16px;font-weight:bold;line-height:36px\">Peamised omadused<\/div>\n<div style=\"padding:30px;padding-bottom:30px;padding-top:30px;padding-left:30px;padding-right:30px\">\n<div>\n<div style=\"margin-top:15px;padding:0px 15px;padding-bottom:0px;padding-top:0px;padding-left:15px;padding-right:15px;display:inline-block;width:33%;box-sizing:border-box\">\n<div><img decoding=\"async\" style=\"width:100%\" width=\"100%\" src=\"https:\/\/d2qc09rl1gfuof.cloudfront.net\/product\/OCS-T-5TDZDC00001\/crane-scale-m100-2.jpg\" slate-data-type=\"image\"\/><\/div>\n<div style=\"font-size:16px;font-weight:700;line-height:36px\">Suurep\u00e4rane kvaliteet<\/div>\n<div style=\"font-size:14px\">T\u00e4ppisvormitud alumiiniumisulamist kest; t\u00f6\u00f6stusliku valamise protsess, rippkaalal on suur t\u00f6\u00f6kindlus.<\/div>\n<\/div>\n<div style=\"margin-top:15px;padding:0px 15px;padding-bottom:0px;padding-top:0px;padding-left:15px;padding-right:15px;display:inline-block;width:33%;box-sizing:border-box\">\n<div><img decoding=\"async\" style=\"width:100%\" width=\"100%\" src=\"https:\/\/d2qc09rl1gfuof.cloudfront.net\/product\/OCS-T-5TDZDC00001\/crane-scale-m100-3.jpg\" slate-data-type=\"image\"\/><\/div>\n<div style=\"font-size:16px;font-weight:700;line-height:36px\">T\u00e4pne ja tundlik<\/div>\n<div style=\"font-size:14px\">Kvaliteetsed koormusandurid tagavad pideva ja t\u00e4pse m\u00f5\u00f5tmise kuni 11 000 naela v\u00f5i 5000 kg.<\/div>\n<\/div>\n<div style=\"margin-top:15px;padding:0px 15px;padding-bottom:0px;padding-top:0px;padding-left:15px;padding-right:15px;display:inline-block;width:33%;box-sizing:border-box\">\n<div><img decoding=\"async\" style=\"width:100%\" width=\"100%\" src=\"https:\/\/d2qc09rl1gfuof.cloudfront.net\/product\/OCS-T-5TDZDC00001\/crane-scale-m100-4.jpg\" slate-data-type=\"image\"\/><\/div>\n<div style=\"font-size:16px;font-weight:700;line-height:36px\">LCD-taustvalgustusega ekraan<\/div>\n<div style=\"font-size:14px\">Selle t\u00f5husa elektroonilise kalakaalu t\u00e4iustab k\u00f5rglahutusega LCD-taustvalgustusega ekraan. LCD-moodulekraan on h\u00f5lpsasti loetav.<\/div>\n<\/div>\n<div style=\"margin-top:15px;padding:0px 15px;padding-bottom:0px;padding-top:0px;padding-left:15px;padding-right:15px;display:inline-block;width:33%;box-sizing:border-box\">\n<div><img decoding=\"async\" style=\"width:100%\" width=\"100%\" src=\"https:\/\/d2qc09rl1gfuof.cloudfront.net\/product\/OCS-T-5TDZDC00001\/crane-scale-m100-5.jpg\" slate-data-type=\"image\"\/><\/div>\n<div style=\"font-size:16px;font-weight:700;line-height:36px\">V\u00e4ga lihtne kasutada<\/div>\n<div style=\"font-size:14px\">Lihtne kasutada ja h\u00f5lpsasti k\u00e4sitseda, riputa asju konksu k\u00fclge ja loe numbreid.<\/div>\n<\/div>\n<div style=\"margin-top:15px;padding:0px 15px;padding-bottom:0px;padding-top:0px;padding-left:15px;padding-right:15px;display:inline-block;width:33%;box-sizing:border-box\">\n<div><img decoding=\"async\" style=\"width:100%\" width=\"100%\" src=\"https:\/\/d2qc09rl1gfuof.cloudfront.net\/product\/OCS-T-5TDZDC00001\/crane-scale-m100-6.jpg\" slate-data-type=\"image\"\/><\/div>\n<div style=\"font-size:16px;font-weight:700;line-height:36px\">Tugevdatud r\u00f5ngas ja konks<\/div>\n<div style=\"font-size:14px\">K\u00f5rge tugevusega r\u00f5ngad ja konksud on tugevad ja vastupidavad ning ohutud kasutada.<\/div>\n<\/div>\n<div style=\"margin-top:15px;padding:0px 15px;padding-bottom:0px;padding-top:0px;padding-left:15px;padding-right:15px;display:inline-block;width:33%;box-sizing:border-box\">\n<div><img decoding=\"async\" style=\"width:100%\" width=\"100%\" src=\"https:\/\/d2qc09rl1gfuof.cloudfront.net\/product\/OCS-T-5TDZDC00001\/crane-scale-m100-7.jpg\" slate-data-type=\"image\"\/><\/div>\n<div style=\"font-size:16px;font-weight:700;line-height:36px\">Lai rakendus<\/div>\n<div style=\"font-size:14px\">T\u00f6\u00f6stuskaal pakub professionaalseid kaalumislahendusi rasket\u00f6\u00f6stusele ning seda kasutatakse laialdaselt ladudes, p\u00f5llumajanduses, jahinduses, kalanduses, t\u00f6\u00f6kodades, kontorites ja muudes ettev\u00f5tetes.<\/div>\n<\/div>\n<\/div>\n<\/div>\n<\/div>\n<div style=\"margin-top:15px;display:flex\">\n<div style=\"width:33%\"><img decoding=\"async\" style=\"width:100%\" width=\"100%\" src=\"https:\/\/d2qc09rl1gfuof.cloudfront.net\/product\/OCS-T-5TDZDC00001\/crane-scale-a100-2.jpg\" slate-data-type=\"image\"\/><\/div>\n<div style=\"padding:0px 15px;padding-bottom:0px;padding-top:0px;padding-left:15px;padding-right:15px;width:33%\">\n<div style=\"font-size:16px;font-weight:700;line-height:36px\">Spetsifikatsioonid<\/div>\n<ul style=\"font-size:14px;border:1px solid rgb(204, 204, 204);margin-top:8px;padding:10px 40px;padding-bottom:10px;padding-top:10px;padding-left:40px;padding-right:40px\">\n<li>\n<p>Maksimaalne kandev\u00f5ime: 5000 kg<\/p>\n<\/li>\n<li>\n<p>Minimaalne kandev\u00f5ime: 40 kg<\/p>\n<\/li>\n<li>\n<p>Resolutsioon: 4,4 naela \/ 2 kg<\/p>\n<\/li>\n<li>\n<p>Jaoskond: 2500<\/p>\n<\/li>\n<li>\n<p>T\u00e4psusklass: OIML III<\/p>\n<\/li>\n<li>\n<p>Taara vahemik: 100% FS<\/p>\n<\/li>\n<li>\n<p>Nullvahemik: 4% FS<\/p>\n<\/li>\n<li>\n<p>Ohutuskoormus: 120% FS<\/p>\n<\/li>\n<li>\n<p>\u00dclim \u00fclekoormus: 400% FS<\/p>\n<\/li>\n<li>\n<p>\u00dclekoormuse hoiatus: 100% FS + 9e<\/p>\n<\/li>\n<li>\n<p>Temperatuurivahemik: 14\u2109-104\u2109 \/ -10\u2103-40\u2103<\/p>\n<\/li>\n<li>\n<p>Kogukaal: 32,9 naela \/ 14,9 kg<\/p>\n<\/li>\n<li>\n<p>Suurus: 26,5 x 22 x 75 cm<\/p>\n<\/li>\n<\/ul>\n<\/div>\n<div style=\"border-left:1px solid rgb(204, 204, 204);padding:0px 15px;padding-bottom:0px;padding-top:0px;padding-left:15px;padding-right:15px;width:33%\">\n<div style=\"width:100%\"><img decoding=\"async\" style=\"width:100%\" width=\"100%\" src=\"https:\/\/d2qc09rl1gfuof.cloudfront.net\/product\/OCS-T-5TDZDC00001\/crane-scale-a100-3.jpg\" slate-data-type=\"image\"\/><\/div>\n<div style=\"font-size:14px;font-weight:bold;line-height:24px\">Pakendi sisu<\/div>\n<ul style=\"font-size:14px;background-color:rgb(243, 243, 243);border:1px solid rgb(204, 204, 204);margin-top:8px;padding:10px 40px;padding-bottom:10px;padding-top:10px;padding-left:40px;padding-right:40px\">\n<li>\n<p>1 x 5000 kg kandev\u00f5imega kraanakaal (patareid ei kuulu komplekti)<\/p>\n<\/li>\n<li>\n<p>1 x kaugjuhtimispult<\/p>\n<\/li>\n<li>\n<p>1 x akulaadija\/toitepistik<\/p>\n<\/li>\n<li>\n<p>1 x kasutusjuhend<\/p>\n<\/li>\n<\/ul>\n<\/div>\n<\/div>\n<div style=\"margin-top:15px;display:flex\">\n<div style=\"width:33%\"><img decoding=\"async\" style=\"width:100%\" width=\"100%\" src=\"https:\/\/d2qc09rl1gfuof.cloudfront.net\/product\/OCS-T-3000KGDZDC1\/crane-scale-a100-2.jpg\" slate-data-type=\"image\"\/><\/div>\n<div style=\"padding:0px 15px;padding-bottom:0px;padding-top:0px;padding-left:15px;padding-right:15px;width:33%\">\n<div style=\"font-size:16px;font-weight:700;line-height:36px\">Spetsifikatsioonid<\/div>\n<ul style=\"font-size:14px;border:1px solid rgb(204, 204, 204);margin-top:8px;padding:10px 40px;padding-bottom:10px;padding-top:10px;padding-left:40px;padding-right:40px\">\n<li>\n<p>Maksimaalne kandev\u00f5ime: 3000 kg<\/p>\n<\/li>\n<li>\n<p>Minimaalne kandev\u00f5ime: 20 kg<\/p>\n<\/li>\n<li>\n<p>Resolutsioon: 2,2 naela \/ 1 kg<\/p>\n<\/li>\n<li>\n<p>Divisjon: 3000<\/p>\n<\/li>\n<li>\n<p>T\u00e4psusklass: OIML III<\/p>\n<\/li>\n<li>\n<p>Taara vahemik: 100% FS<\/p>\n<\/li>\n<li>\n<p>Nullvahemik: 4% FS<\/p>\n<\/li>\n<li>\n<p>Ohutuskoormus: 120% FS<\/p>\n<\/li>\n<li>\n<p>\u00dclim \u00fclekoormus: 400% FS<\/p>\n<\/li>\n<li>\n<p>\u00dclekoormuse hoiatus: 100% FS + 9e<\/p>\n<\/li>\n<li>\n<p>Temperatuurivahemik: 14\u2109-104\u2109 \/ -10\u2103-40\u2103<\/p>\n<\/li>\n<li>\n<p>Kogukaal: 30 naela \/ 13,7 kg<\/p>\n<\/li>\n<li>\n<p>Suurus: 26,5 x 22 x 68 cm<\/p>\n<\/li>\n<\/ul>\n<\/div>\n<div style=\"border-left:1px solid rgb(204, 204, 204);padding:0px 15px;padding-bottom:0px;padding-top:0px;padding-left:15px;padding-right:15px;width:33%\">\n<div style=\"width:100%\"><img decoding=\"async\" style=\"width:100%\" width=\"100%\" src=\"https:\/\/d2qc09rl1gfuof.cloudfront.net\/product\/OCS-T-3000KGDZDC1\/crane-scale-a100-3.jpg\" slate-data-type=\"image\"\/><\/div>\n<div style=\"font-size:14px;font-weight:bold;line-height:24px\">Pakendi sisu<\/div>\n<ul style=\"font-size:14px;background-color:rgb(243, 243, 243);border:1px solid rgb(204, 204, 204);margin-top:8px;padding:10px 40px;padding-bottom:10px;padding-top:10px;padding-left:40px;padding-right:40px\">\n<li>\n<p>1 x 3000KG kraanakaal (patareid ei kuulu komplekti)<\/p>\n<\/li>\n<li>\n<p>1 x kaugjuhtimispult<\/p>\n<\/li>\n<li>\n<p>1 x akulaadija\/toitepistik<\/p>\n<\/li>\n<li>\n<p>1 x kasutusjuhend<\/p>\n<\/li>\n<\/ul>\n<\/div>\n<\/div>\n<div>\n<div style=\"font-size:16px;font-weight:bold;line-height:36px\">Omadused ja \u00fcksikasjad<\/div>\n<ul style=\"font-size:14px;padding-left:40px\">\n<li>\n<p>Vastupidav disain: Digitaalne kraanakaal on valmistatud kvaliteetsest alumiiniumist ja on v\u00e4ga stabiilne. Tugeval teraskonksul on suur kandev\u00f5ime. Vastupidav korpuse disain muudab kaalu vastupidavaks l\u00f6\u00f6kidele ja muhkudele, mida oodatakse suurte t\u00f6\u00f6de puhul.<\/p>\n<\/li>\n<li>\n<p>Kompromissitu t\u00e4psus: Digitaalne rippkaal maksimaalse kandev\u00f5imega 5000 kg \/ 11000 naela on varustatud t\u00e4pse anduriga, sellel on k\u00f5rge m\u00f5\u00f5tmist\u00e4psus ning lisaks nulli, taara ja n\u00e4idu hoidmise funktsioonid.<\/p>\n<\/li>\n<li>\n<p>LCD-ekraan: Kalastuskaaludel on suur LCD-taustvalgustusega ekraan koos \u00fchikute teisendamise funktsiooniga, saate valida naelade ja kilogrammide vahel ning sellel on \u00fclekoormushoiatus ja automaatne v\u00e4ljal\u00fclitusfunktsioon.<\/p>\n<\/li>\n<li>\n<p>Lihtne kasutada: Enam pole vaja tegeleda suurte rippuvate kaaludega. Meie kalastuskaalud on lihtsasti kasutatavad ja kompaktsed ning neid saab mugavalt paigutada auto kindalaekasse v\u00f5i pakkida koos matkavarustusega.<\/p>\n<\/li>\n<li>\n<p>Kogege mitmek\u00fclgsust: elektrooniline rippkaal loeb kaalu kiiresti ja sobib kalap\u00fc\u00fcgiks, jahipidamiseks, talu- v\u00f5i ehitusplatsidel v\u00f5i muudeks rasketeks t\u00f6\u00f6deks.<\/p>\n<\/li>\n<\/ul>\n<\/div>\n<\/div>\n<div class=\"detailmodule_dynamic\"><kse:widget data-widget-type=\"customText\" id=\"1005000000397265\" type=\"custom\"><\/kse:widget><\/div>\n<p><\/p>\n<\/div>\n<\/div>\n<p><\/p>","protected":false},"excerpt":{"rendered":"<p>Hign-concerned Chemical:&nbsp;None Type:&nbsp;Crane Scale Brand Name:&nbsp;VEVOR Origin:&nbsp;Mainland China Product Description 11000LBS\/5000KG Aluminum Digital Crane Scale The digital crane scale is made of high-quality aluminum, which provides high performance and long-term<\/p>","protected":false},"featured_media":25307,"comment_status":"open","ping_status":"closed","template":"","meta":{"_acf_changed":false},"product_brand":[],"product_cat":[517],"product_tag":[],"class_list":{"0":"post-25306","1":"product","2":"type-product","3":"status-publish","4":"has-post-thumbnail","6":"product_cat-electric-lifting-hoists","8":"first","9":"instock","10":"shipping-taxable","11":"purchasable","12":"product-type-variable"},"acf":[],"_links":{"self":[{"href":"https:\/\/www.electricstore.eu\/et\/wp-json\/wp\/v2\/product\/25306","targetHints":{"allow":["GET"]}}],"collection":[{"href":"https:\/\/www.electricstore.eu\/et\/wp-json\/wp\/v2\/product"}],"about":[{"href":"https:\/\/www.electricstore.eu\/et\/wp-json\/wp\/v2\/types\/product"}],"replies":[{"embeddable":true,"href":"https:\/\/www.electricstore.eu\/et\/wp-json\/wp\/v2\/comments?post=25306"}],"wp:featuredmedia":[{"embeddable":true,"href":"https:\/\/www.electricstore.eu\/et\/wp-json\/wp\/v2\/media\/25307"}],"wp:attachment":[{"href":"https:\/\/www.electricstore.eu\/et\/wp-json\/wp\/v2\/media?parent=25306"}],"wp:term":[{"taxonomy":"product_brand","embeddable":true,"href":"https:\/\/www.electricstore.eu\/et\/wp-json\/wp\/v2\/product_brand?post=25306"},{"taxonomy":"product_cat","embeddable":true,"href":"https:\/\/www.electricstore.eu\/et\/wp-json\/wp\/v2\/product_cat?post=25306"},{"taxonomy":"product_tag","embeddable":true,"href":"https:\/\/www.electricstore.eu\/et\/wp-json\/wp\/v2\/product_tag?post=25306"}],"curies":[{"name":"wp","href":"https:\/\/api.w.org\/{rel}","templated":true}]}}