{"id":25283,"date":"2025-05-20T18:58:26","date_gmt":"2025-05-20T18:58:26","guid":{"rendered":"https:\/\/electricstore.eu\/p\/uncategorized\/vevor-300kg-electric-hoist-lifting-crane-cable-hoist-winch-for-boat-car-garage-elevator-with-wired-remote-control-lifter\/"},"modified":"2025-05-20T18:59:06","modified_gmt":"2025-05-20T18:59:06","slug":"vevor-300kg-electric-hoist-lifting-crane-cable-hoist-winch-for-boat-car-garage-elevator-with-wired-remote-control-lifter","status":"publish","type":"product","link":"https:\/\/www.electricstore.eu\/et\/p\/o\/electric-lifting-hoists\/vevor-300kg-electric-hoist-lifting-crane-cable-hoist-winch-for-boat-car-garage-elevator-with-wired-remote-control-lifter\/","title":{"rendered":"VEVOR 300Kg elektriline t\u00f5stukkraana kaablit\u00f5stuk paadi- ja autogaraa\u017ei liftile juhtmega kaugjuhtimispuldiga"},"content":{"rendered":"<div class=\"product-specs-list-container\">\n<ul class=\"product-specs-list util-clearfix\">\n<li class=\"product-prop line-limit-length\"><span\n                                        class=\"property-title\">K\u00f5rge riskiga kemikaal:&nbsp;<\/span><span\n                                        class=\"property-desc line-limit-length\">Puudub<\/span>\n                            <\/li>\n<li class=\"product-prop line-limit-length\"><span\n                                        class=\"property-title\">P\u00e4ritolu:&nbsp;<\/span><span\n                                        class=\"property-desc line-limit-length\">Mandri-Hiina<\/span>\n                            <\/li>\n<li class=\"product-prop line-limit-length\"><span\n                                        class=\"property-title\">Br\u00e4ndi nimi:&nbsp;<\/span><span\n                                        class=\"property-desc line-limit-length\">VEVOR<\/span>\n                            <\/li>\n<\/ul><\/div>\n<div class=\"detailmodule_dynamic\"><kse:widget data-widget-type=\"customText\" id=\"1005000000572806\" type=\"relation\"><\/kse:widget><\/div>\n<div class=\"detailmodule_html\">\n<div class=\"detail-desc-decorate-richtext\">\n<div style=\"padding:20px;padding-bottom:20px;padding-top:20px;padding-left:20px;padding-right:20px\">\n<div style=\"text-align:center;width:100%\" align=\"center\"><img decoding=\"async\" src=\"https:\/\/vevor-bmp-prm.s3.ap-east-1.amazonaws.com\/default\/vevor-1.png\" slate-data-type=\"image\"\/><\/div>\n<div style=\"font-size:16px;font-weight:bold;line-height:36px\">Toote kirjeldus<\/div>\n<div style=\"width:100%\"><img decoding=\"async\" src=\"https:\/\/d2qc09rl1gfuof.cloudfront.net\/product\/DDHLPA30000000001\/lift-electric-hoist-a100-1.4.jpg\" slate-data-type=\"image\"\/><\/div>\n<div style=\"margin-top:15px;display:flex\">\n<div style=\"width:33%\"><img decoding=\"async\" style=\"width:100%\" width=\"100%\" src=\"https:\/\/d2qc09rl1gfuof.cloudfront.net\/product\/DDHLPA30000000001\/lift-electric-hoist-x1.jpg\" slate-data-type=\"image\"\/><\/div>\n<div style=\"padding:0px 15px;padding-bottom:0px;padding-top:0px;padding-left:15px;padding-right:15px;width:33%\">\n<div style=\"font-size:16px;font-weight:bold;line-height:36px\">660LBS elektriline t\u00f5stuk<\/div>\n<div style=\"font-size:14px\"><\/div>\n<div style=\"font-size:14px\">550W vaskmootor ja p\u00f6\u00f6rlemisvastane terastraat ning k\u00f5rge turvalisus<\/div>\n<ul style=\"font-size:14px;background-color:rgb(243, 243, 243);border:1px solid rgb(204, 204, 204);margin-top:8px;padding:10px 40px;padding-bottom:10px;padding-top:10px;padding-left:40px;padding-right:40px\">\n<li>\n<p>See elektriline t\u00f5stuk on m\u00f5eldud raskete rakenduste t\u00f5stmiseks ja teisaldamiseks. Teraskonstruktsioon ja puhtast vasest mootor muudavad selle vastupidavaks ja suure efektiivsusega. T\u00f5stukit saab kasutada \u00fche trossiga kandev\u00f5imega 330 naela \/ 150 kg v\u00f5i kahe trossiga kandev\u00f5imega 660 naela \/ 300 kg. See on ideaalne k\u00e4sitsemisvahend tehastes, dokkides, ladudes, kauba t\u00f5stmiseks, ehitusplatsidel ja mujal.<\/p>\n<\/li>\n<li>\n<p>Kandev\u00f5ime 660 naela<\/p>\n<\/li>\n<li>\n<p>550 W v\u00f5imas mootor<\/p>\n<\/li>\n<li>\n<p>3,9 jala pikkune juhtjuhe<\/p>\n<\/li>\n<li>\n<p>Premium struktuur<\/p>\n<\/li>\n<\/ul>\n<\/div>\n<div style=\"border-left:1px solid rgb(204, 204, 204);padding:0px 15px;padding-bottom:0px;padding-top:0px;padding-left:15px;padding-right:15px;width:33%\">\n<div>\u00a0<\/div>\n<div style=\"padding:0px 15px;padding-bottom:0px;padding-top:0px;padding-left:15px;padding-right:15px\">\n<div><img decoding=\"async\" style=\"width:100%\" width=\"100%\" src=\"https:\/\/vevor-bmp-prm.s3.ap-east-1.amazonaws.com\/default\/vevor-2.jpg\" slate-data-type=\"image\"\/><\/div>\n<div style=\"font-size:14px;font-weight:bold;line-height:24px\">Vastupidav varustus ja t\u00f6\u00f6riistad, maksa v\u00e4hem<\/div>\n<div style=\"font-size:12px;margin:8px 0px;margin-bottom:8px;margin-top:8px;margin-left:0px;margin-right:0px\">VEVOR on juhtiv kaubam\u00e4rk, mis on spetsialiseerunud seadmetele ja t\u00f6\u00f6riistadele. Koos tuhandete motiveeritud t\u00f6\u00f6tajatega on VEVOR p\u00fchendunud pakkuma oma klientidele vastupidavaid seadmeid ja t\u00f6\u00f6riistu uskumatult madalate hindadega. T\u00e4nap\u00e4eval m\u00fc\u00fcakse VEVORi tooteid enam kui 200 riigis ja piirkonnas ning ettev\u00f5ttel on \u00fcle maailma \u00fcle 10 miljoni liikme.<\/div>\n<div style=\"font-size:14px;font-weight:bold;line-height:24px\">Miks valida VEVOR?<\/div>\n<ul style=\"font-size:14px;background-color:rgb(243, 243, 243);border:1px solid rgb(204, 204, 204);margin-top:8px;padding:10px 40px;padding-bottom:10px;padding-top:10px;padding-left:40px;padding-right:40px\">\n<li>\n<p>Esmaklassiline vastupidav kvaliteet<\/p>\n<\/li>\n<li>\n<p>Uskumatult madalad hinnad<\/p>\n<\/li>\n<li>\n<p>Kiire ja turvaline kohaletoimetamine<\/p>\n<\/li>\n<li>\n<p>30-p\u00e4evane tasuta tagastus\u00f5igus<\/p>\n<\/li>\n<li>\n<p>T\u00e4helepanelik teenindus \u00f6\u00f6p\u00e4evaringselt<\/p>\n<\/li>\n<\/ul>\n<\/div>\n<\/div>\n<\/div>\n<div style=\"margin-top:30px\">\n<div style=\"font-size:16px;font-weight:bold;line-height:36px\">Peamised omadused<\/div>\n<div style=\"padding:30px;padding-bottom:30px;padding-top:30px;padding-left:30px;padding-right:30px\">\n<div>\n<div style=\"margin-top:15px;padding:0px 15px;padding-bottom:0px;padding-top:0px;padding-left:15px;padding-right:15px;display:inline-block;width:33%;box-sizing:border-box\">\n<div><img decoding=\"async\" style=\"width:100%\" width=\"100%\" src=\"https:\/\/d2qc09rl1gfuof.cloudfront.net\/product\/DDHLPA30000000001\/lift-electric-hoist-m100-2.jpg\" slate-data-type=\"image\"\/><\/div>\n<div style=\"font-size:16px;font-weight:bold;line-height:36px\">Suur koormust kandev<\/div>\n<div style=\"font-size:14px\">Meie elektriline t\u00f5stuk vastab teie erinevatele tugevus- ja k\u00f5vadusn\u00f5uetele. \u00dche k\u00f6ie kandev\u00f5ime ja kiirus on 150 kg ja 10 m\/min. Kahe k\u00f6ie kandev\u00f5ime ja kiirus on 300 kg ja 5 m\/min.<\/div>\n<\/div>\n<div style=\"margin-top:15px;padding:0px 15px;padding-bottom:0px;padding-top:0px;padding-left:15px;padding-right:15px;display:inline-block;width:33%;box-sizing:border-box\">\n<div><img decoding=\"async\" style=\"width:100%\" width=\"100%\" src=\"https:\/\/d2qc09rl1gfuof.cloudfront.net\/product\/DDHLPA30000000001\/lift-electric-hoist-m100-3.jpg\" slate-data-type=\"image\"\/><\/div>\n<div style=\"font-size:16px;font-weight:bold;line-height:36px\">K\u00e4epideme l\u00fcliti<\/div>\n<div style=\"font-size:14px\">Selle t\u00f5stuki juhtmega kaugjuhtimispult toimib k\u00e4epideme l\u00fcliti abil. Vajutades \u00fclespoole, liigub see \u00fcles ja alla. Umbes 1,2 m pikkune kaabel v\u00f5imaldab teil t\u00f5stukit teatud kauguselt juhtida.<\/div>\n<\/div>\n<div style=\"margin-top:15px;padding:0px 15px;padding-bottom:0px;padding-top:0px;padding-left:15px;padding-right:15px;display:inline-block;width:33%;box-sizing:border-box\">\n<div><img decoding=\"async\" style=\"width:100%\" width=\"100%\" src=\"https:\/\/d2qc09rl1gfuof.cloudfront.net\/product\/DDHLPA30000000001\/lift-electric-hoist-m100-4.jpg\" slate-data-type=\"image\"\/><\/div>\n<div style=\"font-size:16px;font-weight:bold;line-height:36px\">Kvaliteetne vaskmootor<\/div>\n<div style=\"font-size:14px\">Elektriline t\u00f5stukvints kasutab 550 W puhtast vasest mootorit, mis on v\u00e4ga t\u00f5hus ja madala m\u00fcratasemega. Lisaks saab elektrivints t\u00e4nu kiirele kiirgamisele pikka aega pidevalt t\u00f6\u00f6tada.<\/div>\n<\/div>\n<div style=\"margin-top:15px;padding:0px 15px;padding-bottom:0px;padding-top:0px;padding-left:15px;padding-right:15px;display:inline-block;width:33%;box-sizing:border-box\">\n<div><img decoding=\"async\" style=\"width:100%\" width=\"100%\" src=\"https:\/\/d2qc09rl1gfuof.cloudfront.net\/product\/DDHLPA30000000001\/lift-electric-hoist-m100-5.jpg\" slate-data-type=\"image\"\/><\/div>\n<div style=\"font-size:16px;font-weight:bold;line-height:36px\">Turvadisain<\/div>\n<div style=\"font-size:14px\">Kui punane klots puudutab piirl\u00fclitit, peatub mootor automaatselt, et v\u00e4ltida kettide \u00fclekoormamist. Lisaks tagavad tsingitud terastraat ja riiviga konks kahekordse kaitse.<\/div>\n<\/div>\n<div style=\"margin-top:15px;padding:0px 15px;padding-bottom:0px;padding-top:0px;padding-left:15px;padding-right:15px;display:inline-block;width:33%;box-sizing:border-box\">\n<div><img decoding=\"async\" style=\"width:100%\" width=\"100%\" src=\"https:\/\/d2qc09rl1gfuof.cloudfront.net\/product\/DDHLPA30000000001\/lift-electric-hoist-m100-6.jpg\" slate-data-type=\"image\"\/><\/div>\n<div style=\"font-size:16px;font-weight:bold;line-height:36px\">Lihtne paigaldada<\/div>\n<div style=\"font-size:14px\">Teie vajaduste rahuldamiseks on meie elektriline t\u00f5stuk varustatud metallist kinnitusr\u00f5ngaga, mida on lihtne paigaldada. Pidage meeles, et lati laius ja k\u00f5rgus ei tohi \u00fcletada kinnitusklambrite sisem\u00f5\u00f5tu. R\u00f5nga laius: 5 cm; k\u00f5rgus: 4,5 cm.<\/div>\n<\/div>\n<div style=\"margin-top:15px;padding:0px 15px;padding-bottom:0px;padding-top:0px;padding-left:15px;padding-right:15px;display:inline-block;width:33%;box-sizing:border-box\">\n<div><img decoding=\"async\" style=\"width:100%\" width=\"100%\" src=\"https:\/\/d2qc09rl1gfuof.cloudfront.net\/product\/DDHLPA30000000001\/lift-electric-hoist-m100-7.jpg\" slate-data-type=\"image\"\/><\/div>\n<div style=\"font-size:16px;font-weight:bold;line-height:36px\">Laialdased kasutusalad<\/div>\n<div style=\"font-size:14px\">See elektriline t\u00f5stuk on suurep\u00e4rane valik korrap\u00e4rase v\u00f5i ebakorrap\u00e4rase kujuga esemete, n\u00e4iteks kivide, puude, niidukite, mootorite jms t\u00f5stmiseks. Seet\u00f5ttu kasutatakse seda laialdaselt autotootjatel, ehitusplatsidel, logistikas, ladudes jne.<\/div>\n<\/div>\n<\/div>\n<\/div>\n<\/div>\n<div style=\"margin-top:15px;display:flex\">\n<div style=\"width:33%\"><img decoding=\"async\" style=\"width:100%\" width=\"100%\" src=\"https:\/\/d2qc09rl1gfuof.cloudfront.net\/product\/DDHLPA30000000001\/lift-electric-hoist-a100-2.jpg\" slate-data-type=\"image\"\/><\/div>\n<div style=\"padding:0px 15px;padding-bottom:0px;padding-top:0px;padding-left:15px;padding-right:15px;width:33%\">\n<div style=\"font-size:16px;font-weight:bold;line-height:36px\">300 kg<\/div>\n<ul style=\"font-size:14px;border:1px solid rgb(204, 204, 204);margin-top:8px;padding:10px 40px;padding-bottom:10px;padding-top:10px;padding-left:40px;padding-right:40px\">\n<li>\n<p>Mudel: PA300<\/p>\n<\/li>\n<li>\n<p>Materjal: alumiiniumisulam ja legeerteras<\/p>\n<\/li>\n<li>\n<p>Pinge: 110V\/60Hz<\/p>\n<\/li>\n<li>\n<p>V\u00f5imsus: 550W<\/p>\n<\/li>\n<li>\n<p>Kandev\u00f5ime: 150 kg, 300 kg<\/p>\n<\/li>\n<li>\n<p>T\u00f5stek\u00f5rgus: 12 m, 6 m<\/p>\n<\/li>\n<li>\n<p>T\u00f5stekiirus: 10 m\/min \/ 32,8 jalga\/min, 5 m\/min<\/p>\n<\/li>\n<li>\n<p>Terastrossi pikkus: 12 m<\/p>\n<\/li>\n<li>\n<p>Toitejuhtme pikkus: 0,65 m<\/p>\n<\/li>\n<li>\n<p>Kaugjuhtimispuldi juhtme pikkus: 1,2 m<\/p>\n<\/li>\n<li>\n<p>R\u00f5nga laius: 2 tolli \/ 5 cm<\/p>\n<\/li>\n<li>\n<p>S\u00f5rmuse k\u00f5rgus: 1,8 tolli \/ 4,5 cm<\/p>\n<\/li>\n<li>\n<p>Toote m\u00f5\u00f5dud: 13,5 x 5,5 x 7,8 tolli \/ 34,3 x 14 x 19,8 cm<\/p>\n<\/li>\n<li>\n<p>Toote kaal: 24,3 naela \/ 11 kg<\/p>\n<\/li>\n<\/ul>\n<\/div>\n<div style=\"border-left:1px solid rgb(204, 204, 204);padding:0px 15px;padding-bottom:0px;padding-top:0px;padding-left:15px;padding-right:15px;width:33%\">\n<div style=\"width:100%\"><img decoding=\"async\" style=\"width:100%\" width=\"100%\" src=\"https:\/\/d2qc09rl1gfuof.cloudfront.net\/product\/DDHLPA30000000001\/lift-electric-hoist-a100-3.jpg\" slate-data-type=\"image\"\/><\/div>\n<div style=\"font-size:14px;font-weight:bold;line-height:24px\">Pakendi sisu<\/div>\n<ul style=\"font-size:14px;background-color:rgb(243, 243, 243);border:1px solid rgb(204, 204, 204);margin-top:8px;padding:10px 40px;padding-bottom:10px;padding-top:10px;padding-left:40px;padding-right:40px\">\n<li>\n<p>1 x elektriline t\u00f5stuk<\/p>\n<\/li>\n<li>\n<p>2 x t\u00f5steaasa<\/p>\n<\/li>\n<li>\n<p>1 x liikuv rihmaratas<\/p>\n<\/li>\n<li>\n<p>1 x kruvikott<\/p>\n<\/li>\n<\/ul>\n<\/div>\n<\/div>\n<div style=\"margin-top:15px;display:flex\">\n<div style=\"width:33%\"><img decoding=\"async\" style=\"width:100%\" width=\"100%\" src=\"https:\/\/d2qc09rl1gfuof.cloudfront.net\/product\/DDHLPA25000000001\/lift-electric-hoist-a100-2.jpg\" slate-data-type=\"image\"\/><\/div>\n<div style=\"padding:0px 15px;padding-bottom:0px;padding-top:0px;padding-left:15px;padding-right:15px;width:33%\">\n<div style=\"font-size:16px;font-weight:bold;line-height:36px\">250 kg<\/div>\n<ul style=\"font-size:14px;border:1px solid rgb(204, 204, 204);margin-top:8px;padding:10px 40px;padding-bottom:10px;padding-top:10px;padding-left:40px;padding-right:40px\">\n<li>\n<p>Mudel: PA250<\/p>\n<\/li>\n<li>\n<p>Materjal: alumiiniumisulam ja legeerteras<\/p>\n<\/li>\n<li>\n<p>Pinge: 110V\/60Hz<\/p>\n<\/li>\n<li>\n<p>V\u00f5imsus: 500W<\/p>\n<\/li>\n<li>\n<p>Kandev\u00f5ime: 125 kg, 250 kg<\/p>\n<\/li>\n<li>\n<p>T\u00f5stek\u00f5rgus: 12 m, 6 m<\/p>\n<\/li>\n<li>\n<p>T\u00f5stekiirus: 10 m\/min \/ 32,8 jalga\/min, 5 m\/min<\/p>\n<\/li>\n<li>\n<p>Terastrossi pikkus: 12 m<\/p>\n<\/li>\n<li>\n<p>Toitejuhtme pikkus: 0,65 m<\/p>\n<\/li>\n<li>\n<p>Kaugjuhtimispuldi juhtme pikkus: 1,5 m<\/p>\n<\/li>\n<li>\n<p>R\u00f5nga laius: 2 tolli \/ 5 cm<\/p>\n<\/li>\n<li>\n<p>S\u00f5rmuse k\u00f5rgus: 1,8 tolli \/ 4,5 cm<\/p>\n<\/li>\n<li>\n<p>Toote m\u00f5\u00f5dud: 13,5 x 5,5 x 7,8 tolli \/ 34,3 x 14 x 19,8 cm<\/p>\n<\/li>\n<li>\n<p>Toote kaal: 24,3 naela \/ 11 kg<\/p>\n<\/li>\n<\/ul>\n<\/div>\n<div style=\"border-left:1px solid rgb(204, 204, 204);padding:0px 15px;padding-bottom:0px;padding-top:0px;padding-left:15px;padding-right:15px;width:33%\">\n<div style=\"width:100%\"><img decoding=\"async\" style=\"width:100%\" width=\"100%\" src=\"https:\/\/d2qc09rl1gfuof.cloudfront.net\/product\/DDHLPA25000000001\/lift-electric-hoist-a100-3.jpg\" slate-data-type=\"image\"\/><\/div>\n<div style=\"font-size:14px;font-weight:bold;line-height:24px\">Pakendi sisu<\/div>\n<ul style=\"font-size:14px;background-color:rgb(243, 243, 243);border:1px solid rgb(204, 204, 204);margin-top:8px;padding:10px 40px;padding-bottom:10px;padding-top:10px;padding-left:40px;padding-right:40px\">\n<li>\n<p>1 x elektriline t\u00f5stuk<\/p>\n<\/li>\n<li>\n<p>2 x t\u00f5steaasa<\/p>\n<\/li>\n<li>\n<p>1 x liikuv rihmaratas<\/p>\n<\/li>\n<li>\n<p>1 x kruvikott<\/p>\n<\/li>\n<\/ul>\n<\/div>\n<\/div>\n<div style=\"margin-top:15px;display:flex\">\n<div style=\"width:33%\"><img decoding=\"async\" style=\"width:100%\" width=\"100%\" src=\"https:\/\/d2qc09rl1gfuof.cloudfront.net\/product\/DDHLPA50000000001\/lift-electric-hoist-a100-2.jpg\" slate-data-type=\"image\"\/><\/div>\n<div style=\"padding:0px 15px;padding-bottom:0px;padding-top:0px;padding-left:15px;padding-right:15px;width:33%\">\n<div style=\"font-size:16px;font-weight:bold;line-height:36px\">500 kg<\/div>\n<ul style=\"font-size:14px;border:1px solid rgb(204, 204, 204);margin-top:8px;padding:10px 40px;padding-bottom:10px;padding-top:10px;padding-left:40px;padding-right:40px\">\n<li>\n<p>Mudel: PA500<\/p>\n<\/li>\n<li>\n<p>Materjal: alumiiniumisulam ja legeerteras<\/p>\n<\/li>\n<li>\n<p>Pinge: 110V\/60Hz<\/p>\n<\/li>\n<li>\n<p>V\u00f5imsus: 900W<\/p>\n<\/li>\n<li>\n<p>Kandev\u00f5ime: 250 kg, 500 kg<\/p>\n<\/li>\n<li>\n<p>T\u00f5stek\u00f5rgus: 12 m, 6 m<\/p>\n<\/li>\n<li>\n<p>T\u00f5stekiirus: 10 m\/min \/ 32,8 jalga\/min, 5 m\/min<\/p>\n<\/li>\n<li>\n<p>Terastrossi pikkus: 12 m<\/p>\n<\/li>\n<li>\n<p>Toitejuhtme pikkus: 0,65 m<\/p>\n<\/li>\n<li>\n<p>Kaugjuhtimispuldi juhtme pikkus: 1,3 m<\/p>\n<\/li>\n<li>\n<p>S\u00f5rmuse laius: 2,2 tolli \/ 5,5 cm<\/p>\n<\/li>\n<li>\n<p>R\u00f5nga k\u00f5rgus: 2 tolli \/ 5 cm<\/p>\n<\/li>\n<li>\n<p>Toote m\u00f5\u00f5dud: 15 x 5,7 x 9,1 tolli \/ 38 x 14 x 23 cm<\/p>\n<\/li>\n<li>\n<p>Toote kaal: 15 kg<\/p>\n<\/li>\n<\/ul>\n<\/div>\n<div style=\"border-left:1px solid rgb(204, 204, 204);padding:0px 15px;padding-bottom:0px;padding-top:0px;padding-left:15px;padding-right:15px;width:33%\">\n<div style=\"width:100%\"><img decoding=\"async\" style=\"width:100%\" width=\"100%\" src=\"https:\/\/d2qc09rl1gfuof.cloudfront.net\/product\/DDHLPA50000000001\/lift-electric-hoist-a100-3.jpg\" slate-data-type=\"image\"\/><\/div>\n<div style=\"font-size:14px;font-weight:bold;line-height:24px\">Pakendi sisu<\/div>\n<ul style=\"font-size:14px;background-color:rgb(243, 243, 243);border:1px solid rgb(204, 204, 204);margin-top:8px;padding:10px 40px;padding-bottom:10px;padding-top:10px;padding-left:40px;padding-right:40px\">\n<li>\n<p>1 x elektriline t\u00f5stuk<\/p>\n<\/li>\n<li>\n<p>2 x t\u00f5steaasa<\/p>\n<\/li>\n<li>\n<p>1 x liikuv rihmaratas<\/p>\n<\/li>\n<li>\n<p>1 x kruvikott<\/p>\n<\/li>\n<\/ul>\n<\/div>\n<\/div>\n<div>\n<div style=\"font-size:16px;font-weight:bold;line-height:36px\">Omadused ja \u00fcksikasjad<\/div>\n<ul style=\"font-size:14px;padding-left:40px\">\n<li>\n<p>Kandev\u00f5ime 660 naela: Elektriline t\u00f5stuk t\u00f5stab h\u00f5lpsalt v\u00e4ikeseid mootoreid, k\u00e4igukaste v\u00f5i ehitusmaterjale. See toetab kahte t\u00f5stere\u017eiimi turvariiviga terasest konksu abil. \u00dche trossi kandev\u00f5ime ja kiirus on 330 naela\/150 kg, 32,8 jalga\/min (10 m\/min). Topelttrossi kandev\u00f5ime ja kiirus on 660 naela\/300 kg, 16,4 jalga\/min (5 m\/min).<\/p>\n<\/li>\n<li>\n<p>550 W v\u00f5imas mootor: Kvaliteetne vaskmootor pakub 550 W v\u00f5imsust, mis talub suurt j\u00f5udu ilma deformatsioonita. Lisaks jahutab suur radiaatoriventilaator masinat \u00fclekuumenemiskaitse abil kiiresti. Seega tagab see v\u00f5imas mootor suure efektiivsusega t\u00f6\u00f6 ja s\u00e4\u00e4stab rohkem energiat.<\/p>\n<\/li>\n<li>\n<p>1,3 m pikkune juhtjuhe: Meie elektriline kaugjuhtimispuldiga t\u00f5stuk juhitakse k\u00e4epidemest l\u00fcliti abil, mis on paigaldatud masinale, et seda ohutult juhtida. Lisaks on meie t\u00f5stuk varustatud piirl\u00fcliti ja puhvervedruga, mis peatavad masina automaatselt ja v\u00e4ldivad allavajumist.<\/p>\n<\/li>\n<li>\n<p>Kvaliteetne konstruktsioon: See elektriline t\u00f5stukvints on valmistatud sulamist kestast ja tsingitud terastraadist, mis kaitseb korrosiooni, rooste ja vihma eest. Terastrossi pikkus: 12 m; l\u00e4bim\u00f5\u00f5t: 3 mm. Lisaks on metallist kinnitusr\u00f5ngas vastavalt teie vajadustele reguleeritav ja h\u00f5lpsasti paigaldatav.<\/p>\n<\/li>\n<li>\n<p>Lai kasutusala: Elektriline t\u00f5stuk sobib tehastesse, ladudesse, ehitusplatsidele, autotootjatele, raudtee-ehitustele jne. See on ideaalne t\u00f6\u00f6riist t\u00f6\u00f6tamiseks karmides sise- v\u00f5i v\u00e4listingimustes. Palun kasutage seda lati laiuse ja k\u00f5rguse vahel, et see \u00fchilduks kinnitusklambrite sisemiste m\u00f5\u00f5tmetega.<\/p>\n<\/li>\n<\/ul>\n<\/div>\n<\/div>\n<div><\/div>\n<\/div>\n<\/div>\n<div class=\"detailmodule_dynamic\"><kse:widget data-widget-type=\"customText\" id=\"1005000000397265\" type=\"custom\"><\/kse:widget><\/div>\n<p><\/p>","protected":false},"excerpt":{"rendered":"<p>Hign-concerned Chemical:&nbsp;None Origin:&nbsp;Mainland China Brand Name:&nbsp;VEVOR Product Description 660LBS Lift Electric Hoist 550W Copper Motor &amp; Anti-Rotate Steel Wire &amp; High Security This lift electric hoist is designed for lifting<\/p>","protected":false},"featured_media":25285,"comment_status":"open","ping_status":"closed","template":"","meta":{"_acf_changed":false},"product_brand":[],"product_cat":[517],"product_tag":[],"class_list":{"0":"post-25283","1":"product","2":"type-product","3":"status-publish","4":"has-post-thumbnail","6":"product_cat-electric-lifting-hoists","8":"first","9":"instock","10":"shipping-taxable","11":"purchasable","12":"product-type-variable"},"acf":[],"_links":{"self":[{"href":"https:\/\/www.electricstore.eu\/et\/wp-json\/wp\/v2\/product\/25283","targetHints":{"allow":["GET"]}}],"collection":[{"href":"https:\/\/www.electricstore.eu\/et\/wp-json\/wp\/v2\/product"}],"about":[{"href":"https:\/\/www.electricstore.eu\/et\/wp-json\/wp\/v2\/types\/product"}],"replies":[{"embeddable":true,"href":"https:\/\/www.electricstore.eu\/et\/wp-json\/wp\/v2\/comments?post=25283"}],"wp:featuredmedia":[{"embeddable":true,"href":"https:\/\/www.electricstore.eu\/et\/wp-json\/wp\/v2\/media\/25285"}],"wp:attachment":[{"href":"https:\/\/www.electricstore.eu\/et\/wp-json\/wp\/v2\/media?parent=25283"}],"wp:term":[{"taxonomy":"product_brand","embeddable":true,"href":"https:\/\/www.electricstore.eu\/et\/wp-json\/wp\/v2\/product_brand?post=25283"},{"taxonomy":"product_cat","embeddable":true,"href":"https:\/\/www.electricstore.eu\/et\/wp-json\/wp\/v2\/product_cat?post=25283"},{"taxonomy":"product_tag","embeddable":true,"href":"https:\/\/www.electricstore.eu\/et\/wp-json\/wp\/v2\/product_tag?post=25283"}],"curies":[{"name":"wp","href":"https:\/\/api.w.org\/{rel}","templated":true}]}}