{"id":25065,"date":"2025-05-20T18:44:10","date_gmt":"2025-05-20T18:44:10","guid":{"rendered":"https:\/\/electricstore.eu\/p\/uncategorized\/vevor-4000lbs-electric-winch-with-39ft-7-strands-steel-cable-wireless-wired-remote-control-atv-utv-winch-for-truck-towing\/"},"modified":"2025-05-20T18:48:23","modified_gmt":"2025-05-20T18:48:23","slug":"vevor-4000lbs-electric-winch-with-39ft-7-strands-steel-cable-wireless-wired-remote-control-atv-utv-winch-for-truck-towing","status":"publish","type":"product","link":"https:\/\/www.electricstore.eu\/et\/p\/o\/electric-winches\/vevor-4000lbs-electric-winch-with-39ft-7-strands-steel-cable-wireless-wired-remote-control-atv-utv-winch-for-truck-towing\/","title":{"rendered":"VEVOR 4000 naela elektriline vints 39 jala pikkuse 7-keermelise teraskaabliga, juhtmevaba ja juhtmega kaugjuhtimispuldiga ATV\/UTV vints veoautode pukseerimiseks"},"content":{"rendered":"<div class=\"product-specs-list-container\">\n<ul class=\"product-specs-list util-clearfix\">\n<li class=\"product-prop line-limit-length\"><span\n                                        class=\"property-title\">K\u00f5rge riskiga kemikaal:&nbsp;<\/span><span\n                                        class=\"property-desc line-limit-length\">Puudub<\/span>\n                            <\/li>\n<li class=\"product-prop line-limit-length\"><span\n                                        class=\"property-title\">P\u00e4ritolu:&nbsp;<\/span><span\n                                        class=\"property-desc line-limit-length\">Mandri-Hiina<\/span>\n                            <\/li>\n<li class=\"product-prop line-limit-length\"><span\n                                        class=\"property-title\">Br\u00e4ndi nimi:&nbsp;<\/span><span\n                                        class=\"property-desc line-limit-length\">VEVOR<\/span>\n                            <\/li>\n<li class=\"product-prop line-limit-length\"><span\n                                        class=\"property-title\">Toote mudelinumber:&nbsp;<\/span><span\n                                        class=\"property-desc line-limit-length\">P3000-1C<\/span>\n                            <\/li>\n<li class=\"product-prop line-limit-length\"><span\n                                        class=\"property-title\">Kaabli materjal:&nbsp;<\/span><span\n                                        class=\"property-desc line-limit-length\">Teras, 7 kiudu<\/span>\n                            <\/li>\n<li class=\"product-prop line-limit-length\"><span\n                                        class=\"property-title\">Pinge\/hobuj\u00f5ud:&nbsp;<\/span><span\n                                        class=\"property-desc line-limit-length\">12 V alalisvool \/ 1,3 hj<\/span>\n                            <\/li>\n<li class=\"product-prop line-limit-length\"><span\n                                        class=\"property-title\">\u00dclekandearv:&nbsp;<\/span><span\n                                        class=\"property-desc line-limit-length\">153:1<\/span>\n                            <\/li>\n<li class=\"product-prop line-limit-length\"><span\n                                        class=\"property-title\">Netokaal:&nbsp;<\/span><span\n                                        class=\"property-desc line-limit-length\">18,5 naela \/ 8,4 kg<\/span>\n                            <\/li>\n<\/ul><\/div>\n<div class=\"detailmodule_html\">\n<div class=\"detail-desc-decorate-richtext\">\n<div style=\"font-family:&quot;Open sans&quot;, Arial, Helvetica, sans-serif\">\n<div style=\"font-family:&quot;Open sans&quot;, Arial, Helvetica, sans-serif;font-size:medium;font-weight:400;letter-spacing:normal;text-align:start;white-space:normal;color:rgb(0, 0, 0);margin:0px;margin-bottom:0px;margin-top:0px;margin-left:0px;margin-right:0px;padding:0px;padding-bottom:0px;padding-top:0px;padding-left:0px;padding-right:0px\" align=\"start\"><img decoding=\"async\" style=\"margin:0px;margin-bottom:0px;margin-top:0px;margin-left:0px;margin-right:0px;padding:0px;padding-bottom:0px;padding-top:0px;padding-left:0px;padding-right:0px;max-width:100%;width:918.667px\" width=\"918.667px\" src=\"https:\/\/d2qc09rl1gfuof.cloudfront.net\/vevor\/boutique-banner\/pc\/banner-en.jpg\" slate-data-type=\"image\"\/><\/div>\n<div style=\"font-family:&quot;Open sans&quot;, Arial, Helvetica, sans-serif;font-size:medium;font-weight:400;letter-spacing:normal;text-align:start;white-space:normal;color:rgb(0, 0, 0);margin:0px;margin-bottom:0px;margin-top:0px;margin-left:0px;margin-right:0px;padding:0px;padding-bottom:0px;padding-top:0px;padding-left:0px;padding-right:0px\" align=\"start\">\n<div style=\"font-size:16px;font-weight:bold;text-align:center;color:rgb(34, 34, 34);margin:24px 0px;margin-bottom:24px;margin-top:24px;margin-left:0px;margin-right:0px;padding:0px;padding-bottom:0px;padding-top:0px;padding-left:0px;padding-right:0px\" align=\"center\">1800 kg kaaluv ATV elektrivints, valluta enesekindlalt iga maastik<\/div>\n<div style=\"margin:0px;margin-bottom:0px;margin-top:0px;margin-left:0px;margin-right:0px;padding:0px;padding-bottom:0px;padding-top:0px;padding-left:0px;padding-right:0px\"><img decoding=\"async\" style=\"margin:0px;margin-bottom:0px;margin-top:0px;margin-left:0px;margin-right:0px;padding:0px;padding-bottom:0px;padding-top:0px;padding-left:0px;padding-right:0px;max-width:100%;width:918.667px\" width=\"918.667px\" src=\"https:\/\/d2qc09rl1gfuof.cloudfront.net\/product\/ATVGSSJPYXWXEJRPB\/electric-winch-a100-1.4-pt.jpg\" slate-data-type=\"image\"\/><\/div>\n<div style=\"font-size:14px;text-align:center;color:rgb(34, 34, 34);margin:16px 0px 24px;margin-bottom:24px;margin-top:16px;margin-left:0px;margin-right:0px;padding:0px;padding-bottom:0px;padding-top:0px;padding-left:0px;padding-right:0px\" align=\"center\">Meie vastupidav elektrivints talub 4000 naela (1813 kg) t\u00f5mbej\u00f5udu ja on IP55 veekindla konstruktsiooniga, mis sobib ideaalselt teie ATV v\u00f5i UTV vabastamiseks kleepuvatest mudaaukudest. 12 V alalisvoolu \/ 1,3 hj p\u00fcsimagnetiga vaskmootori, 153:1 \u00fclekandearvu ja teraskaabliga tagab see, et te ei j\u00e4\u00e4 kunagi pikaks ajaks kinni.<\/div>\n<\/div>\n<div style=\"font-family:&quot;Open sans&quot;, Arial, Helvetica, sans-serif;font-size:medium;font-weight:400;letter-spacing:normal;text-align:start;white-space:normal;color:rgb(0, 0, 0);margin:0px;margin-bottom:0px;margin-top:0px;margin-left:0px;margin-right:0px;padding:0px;padding-bottom:0px;padding-top:0px;padding-left:0px;padding-right:0px\" align=\"start\">\n<div style=\"margin:8px 0px;margin-bottom:8px;margin-top:8px;margin-left:0px;margin-right:0px;padding:0px;padding-bottom:0px;padding-top:0px;padding-left:0px;padding-right:0px\"><img decoding=\"async\" style=\"margin:0px;margin-bottom:0px;margin-top:0px;margin-left:0px;margin-right:0px;padding:0px;padding-bottom:0px;padding-top:0px;padding-left:0px;padding-right:0px;max-width:100%;width:918.667px\" width=\"918.667px\" src=\"https:\/\/d2qc09rl1gfuof.cloudfront.net\/product\/ATVGSSJPYXWXEJRPB\/electric-winch-a100-2.2-pt.jpg\" slate-data-type=\"image\"\/><\/div>\n<div style=\"font-size:14px;text-align:center;color:rgb(34, 34, 34);margin:16px 0px 24px;margin-bottom:24px;margin-top:16px;margin-left:0px;margin-right:0px;padding:0px;padding-bottom:0px;padding-top:0px;padding-left:0px;padding-right:0px\" align=\"center\">Meie elektrivintsi toidab v\u00f5imas 12 V alalisvoolu\/1,3 hj vaskmootor, mis tagab iga kord \u00fchtlase ja t\u00f5husa v\u00f5imsuse. T\u00e4iustatud planetaar\u00fclekande ja 153:1 \u00fclekandearvuga saate nautida sujuvat ja usaldusv\u00e4\u00e4rset trossi t\u00f5mbev\u00f5imet isegi karmides ilmastikutingimustes v\u00f5i s\u00fcgavas mudas.<\/div>\n<\/div>\n<div style=\"font-family:&quot;Open sans&quot;, Arial, Helvetica, sans-serif;font-size:medium;font-weight:400;letter-spacing:normal;text-align:start;white-space:normal;color:rgb(0, 0, 0);margin:0px;margin-bottom:0px;margin-top:0px;margin-left:0px;margin-right:0px;padding:0px;padding-bottom:0px;padding-top:0px;padding-left:0px;padding-right:0px\" align=\"start\">\n<div style=\"margin:8px 0px;margin-bottom:8px;margin-top:8px;margin-left:0px;margin-right:0px;padding:0px;padding-bottom:0px;padding-top:0px;padding-left:0px;padding-right:0px\"><img decoding=\"async\" style=\"margin:0px;margin-bottom:0px;margin-top:0px;margin-left:0px;margin-right:0px;padding:0px;padding-bottom:0px;padding-top:0px;padding-left:0px;padding-right:0px;max-width:100%;width:918.667px\" width=\"918.667px\" src=\"https:\/\/d2qc09rl1gfuof.cloudfront.net\/product\/ATVGSSJPYXWXEJRPB\/electric-winch-a100-2.3-pt.jpg\" slate-data-type=\"image\"\/><\/div>\n<div style=\"font-size:14px;text-align:center;color:rgb(34, 34, 34);margin:16px 0px 24px;margin-bottom:24px;margin-top:16px;margin-left:0px;margin-right:0px;padding:0px;padding-bottom:0px;padding-top:0px;padding-left:0px;padding-right:0px\" align=\"center\">Meie ATV vintsil on kvaliteetne tross, mille viimasel viiel rullil on lisaturvalisuse tagamiseks punased m\u00e4rgistused. Sellel on IP55 veekindluse reiting ja vastupidav must matt viimistlus, nii et see peab vastu tugevale vihmale ja karmidele oludele ilma viperusteta.<\/div>\n<\/div>\n<div style=\"font-family:&quot;Open sans&quot;, Arial, Helvetica, sans-serif;font-size:medium;font-weight:400;letter-spacing:normal;text-align:start;white-space:normal;color:rgb(0, 0, 0);margin:0px;margin-bottom:0px;margin-top:0px;margin-left:0px;margin-right:0px;padding:0px;padding-bottom:0px;padding-top:0px;padding-left:0px;padding-right:0px\" align=\"start\">\n<div style=\"margin:8px 0px;margin-bottom:8px;margin-top:8px;margin-left:0px;margin-right:0px;padding:0px;padding-bottom:0px;padding-top:0px;padding-left:0px;padding-right:0px\"><img decoding=\"async\" style=\"margin:0px;margin-bottom:0px;margin-top:0px;margin-left:0px;margin-right:0px;padding:0px;padding-bottom:0px;padding-top:0px;padding-left:0px;padding-right:0px;max-width:100%;width:918.667px\" width=\"918.667px\" src=\"https:\/\/d2qc09rl1gfuof.cloudfront.net\/product\/ATVGSSJPYXWXEJRPB\/electric-winch-a100-2.4-pt.jpg\" slate-data-type=\"image\"\/><\/div>\n<div style=\"font-size:14px;text-align:center;color:rgb(34, 34, 34);margin:16px 0px 24px;margin-bottom:24px;margin-top:16px;margin-left:0px;margin-right:0px;padding:0px;padding-bottom:0px;padding-top:0px;padding-left:0px;padding-right:0px\" align=\"center\">Meie UTV vintsi tross on loodud rasketeks v\u00e4ljakutseteks ning peab vastu karmidele elementidele ja \u00e4\u00e4rmuslikele temperatuuridele, v\u00f5imaldades mitmesuguseid t\u00f5mbet\u00f6id nimit\u00f5mbev\u00f5imega ilma purunemata. Lisaks tagavad iga kihi selged koormusm\u00e4rgised nii suurep\u00e4rase materjali terviklikkuse kui ka t\u00f5mbekindluse.<\/div>\n<\/div>\n<div style=\"font-family:&quot;Open sans&quot;, Arial, Helvetica, sans-serif;font-size:medium;font-weight:400;letter-spacing:normal;text-align:start;white-space:normal;color:rgb(0, 0, 0);margin:0px;margin-bottom:0px;margin-top:0px;margin-left:0px;margin-right:0px;padding:0px;padding-bottom:0px;padding-top:0px;padding-left:0px;padding-right:0px\" align=\"start\">\n<div style=\"margin:8px 0px;margin-bottom:8px;margin-top:8px;margin-left:0px;margin-right:0px;padding:0px;padding-bottom:0px;padding-top:0px;padding-left:0px;padding-right:0px\"><img decoding=\"async\" style=\"margin:0px;margin-bottom:0px;margin-top:0px;margin-left:0px;margin-right:0px;padding:0px;padding-bottom:0px;padding-top:0px;padding-left:0px;padding-right:0px;max-width:100%;width:918.667px\" width=\"918.667px\" src=\"https:\/\/d2qc09rl1gfuof.cloudfront.net\/product\/ATVGSSJPYXWXEJRPB\/electric-winch-a100-2.5-pt.jpg\" slate-data-type=\"image\"\/><\/div>\n<div style=\"font-size:14px;text-align:center;color:rgb(34, 34, 34);margin:16px 0px 24px;margin-bottom:24px;margin-top:16px;margin-left:0px;margin-right:0px;padding:0px;padding-bottom:0px;padding-top:0px;padding-left:0px;padding-right:0px\" align=\"center\">J\u00e4tke juhtmestiku segadus h\u00fcvasti! Meie 12-voldise vintsi toitekaablid on v\u00e4rvikoodiga ja kiireks ning veatuks paigaldamiseks. Juhtmega kaugjuhtimispuldi abil \u00fchendage lihtsalt toitekaablid ja oletegi valmis s\u00f5iduki sujuvaks ja t\u00f5husaks \u00e4raveoks.<\/div>\n<\/div>\n<div style=\"font-family:&quot;Open sans&quot;, Arial, Helvetica, sans-serif;font-size:medium;font-weight:400;letter-spacing:normal;text-align:start;white-space:normal;color:rgb(0, 0, 0);margin:16px 0px 24px;margin-bottom:24px;margin-top:16px;margin-left:0px;margin-right:0px;padding:0px;padding-bottom:0px;padding-top:0px;padding-left:0px;padding-right:0px\" align=\"start\"><\/div>\n<div style=\"font-family:&quot;Open sans&quot;, Arial, Helvetica, sans-serif;font-size:medium;font-weight:400;letter-spacing:normal;text-align:start;white-space:normal;color:rgb(0, 0, 0);margin:24px 0px;margin-bottom:24px;margin-top:24px;margin-left:0px;margin-right:0px;padding:0px;padding-bottom:0px;padding-top:0px;padding-left:0px;padding-right:0px\" align=\"start\">\n<div style=\"font-size:16px;font-weight:bold;color:rgb(34, 34, 34);margin:24px 0px 16px;margin-bottom:16px;margin-top:24px;margin-left:0px;margin-right:0px;padding:0px;padding-bottom:0px;padding-top:0px;padding-left:0px;padding-right:0px\">Omadused ja \u00fcksikasjad<\/div>\n<ul style=\"margin:16px 0px 24px;margin-bottom:24px;margin-top:16px;margin-left:0px;margin-right:0px;padding:0px;padding-bottom:0px;padding-top:0px;padding-left:0px;padding-right:0px\">\n<li style=\"font-size:14px;color:rgb(34, 34, 34);margin:0px;margin-bottom:0px;margin-top:0px;margin-left:0px;margin-right:0px;padding:0px;padding-bottom:0px;padding-top:0px;padding-left:0px;padding-right:0px\">\n<p>Teie s\u00f5iduki varutoide: Meie vastupidav elektrivints on spetsiaalselt loodud maastikul pukseerimiseks ja pakub v\u00f5imsat 1800 kg t\u00f5mbev\u00f5imet. Kui teie s\u00f5iduk j\u00e4\u00e4b mudasse v\u00f5i paduvihma k\u00e4tte kinni, pakub see vints lisaj\u00f5udu, mida vajate kiireks \u00f5igele teele tagasi saamiseks. Ideaalne v\u00e4ikeste s\u00f5idukite, n\u00e4iteks ATV-de ja UTV-de pukseerimist\u00f6\u00f6deks, tagades, et teie seiklused ei peatu kunagi.<\/p>\n<\/li>\n<li style=\"font-size:14px;color:rgb(34, 34, 34);margin:0px;margin-bottom:0px;margin-top:0px;margin-left:0px;margin-right:0px;padding:0px;padding-bottom:0px;padding-top:0px;padding-left:0px;padding-right:0px\">\n<p>V\u00f5imsus, mis aitab teid igast ummikust v\u00e4lja: Meie ATV vintsi k\u00e4itab v\u00f5imas 12 V alalisvoolu\/1,3 hj p\u00fcsimagnetiga vaskmootor, mis pakub pidevat ja t\u00f5husat v\u00f5imsust just siis, kui seda k\u00f5ige rohkem vajate. T\u00e4iustatud planetaark\u00e4igukast ja 153:1 \u00fclekandearv tagavad usaldusv\u00e4\u00e4rse ja v\u00f5imsa t\u00f5mbej\u00f5u. Olenemata sellest, kas seisate silmitsi karmi ilmaga v\u00f5i s\u00fcgava mudaga, see vints katab teid, muutes s\u00f5iduki pukseerimise vaevatuks ja usaldusv\u00e4\u00e4rseks.<\/p>\n<\/li>\n<li style=\"font-size:14px;color:rgb(34, 34, 34);margin:0px;margin-bottom:0px;margin-top:0px;margin-left:0px;margin-right:0px;padding:0px;padding-bottom:0px;padding-top:0px;padding-left:0px;padding-right:0px\">\n<p>Tugev terastross: Valmistu vastupidavaks t\u00f6\u00f6ks meie 7-kiulise tugeva terastrossiga. See terastross on loodud taluma karme elemente ja \u00e4\u00e4rmuslikke temperatuure ning on vastupidav igale v\u00e4ljakutsele. Lisaks on viimasel viiel rullil erkpunased m\u00e4rgistused hea n\u00e4htavuse tagamiseks, tagades turvalisuse ja vastupidavuse olenemata t\u00f6\u00f6 keerukusest.<\/p>\n<\/li>\n<li style=\"font-size:14px;color:rgb(34, 34, 34);margin:0px;margin-bottom:0px;margin-top:0px;margin-left:0px;margin-right:0px;padding:0px;padding-bottom:0px;padding-top:0px;padding-left:0px;padding-right:0px\">\n<p>Kasutusmugavus, probleemivaba k\u00e4sitsemine: Meie v\u00e4ike vints pakub nii juhtmevaba kui ka juhtmega kaugjuhtimispuldi v\u00f5imalusi, et see vastaks teie vajadustele. Lihtsalt kasutatav juhtmevaba kaugjuhtimispult v\u00f5imaldab teil s\u00f5idukit vaevata 20 m raadiuses pukseerida, samas kui juhtmega kaugjuhtimispult pakub usaldusv\u00e4\u00e4rset alternatiivi t\u00e4pseks ja praktiliseks juhtimiseks. Nautige paindlikkust ja mugavust m\u00f5lema juhtimisre\u017eiimiga, et muuta s\u00f5iduki pukseerimine v\u00f5imalikult sujuvaks.<\/p>\n<\/li>\n<li style=\"font-size:14px;color:rgb(34, 34, 34);margin:0px;margin-bottom:0px;margin-top:0px;margin-left:0px;margin-right:0px;padding:0px;padding-bottom:0px;padding-top:0px;padding-left:0px;padding-right:0px\">\n<p>Meelerahu pukseerimisv\u00f5imekuse osas: Karm ilm? Pole probleemi! Meie elektrivints on ehitatud IP55 veekindlusega ja sellel on elegantne must matt viimistlus, mis suurendab roostekindlust ja isolatsiooni. See on valmis hakkama saama tugeva vihma, muda v\u00f5i muude karmide keskkondadega. V\u00e4rvikoodiga toitekaablid ja h\u00f5lpsasti j\u00e4rgitavad juhised t\u00e4hendavad, et saate selle probleemideta \u00fcles seada, et saaksite taas s\u00f5itu nautida.<\/p>\n<\/li>\n<\/ul>\n<\/div>\n<div style=\"font-family:&quot;Open sans&quot;, Arial, Helvetica, sans-serif;font-size:medium;font-weight:400;letter-spacing:normal;text-align:start;white-space:normal;color:rgb(0, 0, 0);margin:0px;margin-bottom:0px;margin-top:0px;margin-left:0px;margin-right:0px;padding:0px;padding-bottom:0px;padding-top:0px;padding-left:0px;padding-right:0px\" align=\"start\">\n<div style=\"margin:0px;margin-bottom:0px;margin-top:0px;margin-left:0px;margin-right:0px;padding:0px;padding-bottom:0px;padding-top:0px;padding-left:0px;padding-right:0px\">\n<div style=\"margin:16px 0px 24px;margin-bottom:24px;margin-top:16px;margin-left:0px;margin-right:0px;padding:0px;padding-bottom:0px;padding-top:0px;padding-left:0px;padding-right:0px\"><img decoding=\"async\" style=\"margin:0px;margin-bottom:0px;margin-top:0px;margin-left:0px;margin-right:0px;padding:0px;padding-bottom:0px;padding-top:0px;padding-left:0px;padding-right:0px;max-width:100%;width:918.667px\" width=\"918.667px\" src=\"https:\/\/d2qc09rl1gfuof.cloudfront.net\/product\/ATVGSSJPYXWXEJRPB\/electric-winch-a100-1.11-pt.jpg\" slate-data-type=\"image\"\/><\/div>\n<\/div>\n<\/div>\n<div>\n<p><\/p>\n<\/div>\n<\/div>\n<\/div>\n<\/div>\n<p><\/p>","protected":false},"excerpt":{"rendered":"<p>Hign-concerned Chemical:&nbsp;None Origin:&nbsp;Mainland China Brand Name:&nbsp;VEVOR Item Model Number:&nbsp;P3000-1C Cable Material:&nbsp;Steel, 7 Strands Voltage\/Horsepower:&nbsp;12V DC\/1.3 HP Gear Ratio:&nbsp;153:1 Net Weight:&nbsp;18.5 lbs\/8.4 kg 4000 lbs ATV Electric Winch, Conquer any terrain<\/p>","protected":false},"featured_media":25066,"comment_status":"open","ping_status":"closed","template":"","meta":{"_acf_changed":false},"product_brand":[],"product_cat":[522],"product_tag":[],"class_list":{"0":"post-25065","1":"product","2":"type-product","3":"status-publish","4":"has-post-thumbnail","6":"product_cat-electric-winches","8":"first","9":"instock","10":"shipping-taxable","11":"purchasable","12":"product-type-variable"},"acf":[],"_links":{"self":[{"href":"https:\/\/www.electricstore.eu\/et\/wp-json\/wp\/v2\/product\/25065","targetHints":{"allow":["GET"]}}],"collection":[{"href":"https:\/\/www.electricstore.eu\/et\/wp-json\/wp\/v2\/product"}],"about":[{"href":"https:\/\/www.electricstore.eu\/et\/wp-json\/wp\/v2\/types\/product"}],"replies":[{"embeddable":true,"href":"https:\/\/www.electricstore.eu\/et\/wp-json\/wp\/v2\/comments?post=25065"}],"wp:featuredmedia":[{"embeddable":true,"href":"https:\/\/www.electricstore.eu\/et\/wp-json\/wp\/v2\/media\/25066"}],"wp:attachment":[{"href":"https:\/\/www.electricstore.eu\/et\/wp-json\/wp\/v2\/media?parent=25065"}],"wp:term":[{"taxonomy":"product_brand","embeddable":true,"href":"https:\/\/www.electricstore.eu\/et\/wp-json\/wp\/v2\/product_brand?post=25065"},{"taxonomy":"product_cat","embeddable":true,"href":"https:\/\/www.electricstore.eu\/et\/wp-json\/wp\/v2\/product_cat?post=25065"},{"taxonomy":"product_tag","embeddable":true,"href":"https:\/\/www.electricstore.eu\/et\/wp-json\/wp\/v2\/product_tag?post=25065"}],"curies":[{"name":"wp","href":"https:\/\/api.w.org\/{rel}","templated":true}]}}