{"id":25029,"date":"2025-05-20T18:44:02","date_gmt":"2025-05-20T18:44:02","guid":{"rendered":"https:\/\/electricstore.eu\/p\/uncategorized\/vevor-13500lbs-electric-winch-car-truck-winch-with-80ft-synthetic-rope-wireless-wired-remote-control-for-towing-off-road-suv\/"},"modified":"2025-05-20T18:47:45","modified_gmt":"2025-05-20T18:47:45","slug":"vevor-13500lbs-electric-winch-car-truck-winch-with-80ft-synthetic-rope-wireless-wired-remote-control-for-towing-off-road-suv","status":"publish","type":"product","link":"https:\/\/www.electricstore.eu\/et\/p\/o\/electric-winches\/vevor-13500lbs-electric-winch-car-truck-winch-with-80ft-synthetic-rope-wireless-wired-remote-control-for-towing-off-road-suv\/","title":{"rendered":"VEVOR 13500 naela elektriline vints autoveokile vints 80 jala s\u00fcnteetilise k\u00f6iega juhtmevaba ja juhtmega kaugjuhtimispult maastikus\u00f5idukite pukseerimiseks"},"content":{"rendered":"<div class=\"product-specs-list-container\">\n<ul class=\"product-specs-list util-clearfix\">\n<li class=\"product-prop line-limit-length\"><span\n                                        class=\"property-title\">K\u00f5rge riskiga kemikaal:&nbsp;<\/span><span\n                                        class=\"property-desc line-limit-length\">Puudub<\/span>\n                            <\/li>\n<li class=\"product-prop line-limit-length\"><span\n                                        class=\"property-title\">P\u00e4ritolu:&nbsp;<\/span><span\n                                        class=\"property-desc line-limit-length\">Mandri-Hiina<\/span>\n                            <\/li>\n<li class=\"product-prop line-limit-length\"><span\n                                        class=\"property-title\">Br\u00e4ndi nimi:&nbsp;<\/span><span\n                                        class=\"property-desc line-limit-length\">VEVOR<\/span>\n                            <\/li>\n<li class=\"product-prop line-limit-length\"><span\n                                        class=\"property-title\">T\u00fc\u00fcp:&nbsp;<\/span><span\n                                        class=\"property-desc line-limit-length\">V\u00f5imsus<\/span>\n                            <\/li>\n<li class=\"product-prop line-limit-length\"><span\n                                        class=\"property-title\">Br\u00e4nd:&nbsp;<\/span><span\n                                        class=\"property-desc line-limit-length\">VEVOR<\/span>\n                            <\/li>\n<li class=\"product-prop line-limit-length\"><span\n                                        class=\"property-title\">Nimipinge:&nbsp;<\/span><span\n                                        class=\"property-desc line-limit-length\">13500 naela \/ 6123 kg<\/span>\n                            <\/li>\n<li class=\"product-prop line-limit-length\"><span\n                                        class=\"property-title\">K\u00f6ie materjal:&nbsp;<\/span><span\n                                        class=\"property-desc line-limit-length\">Pol\u00fcet\u00fcleen, 12 kiud<\/span>\n                            <\/li>\n<li class=\"product-prop line-limit-length\"><span\n                                        class=\"property-title\">Kaugjuhtimispult:&nbsp;<\/span><span\n                                        class=\"property-desc line-limit-length\">Juhtmevaba + juhtmega kaugjuhtimispult<\/span>\n                            <\/li>\n<li class=\"product-prop line-limit-length\"><span\n                                        class=\"property-title\">Pinge\/hobuj\u00f5ud:&nbsp;<\/span><span\n                                        class=\"property-desc line-limit-length\">12 V alalisvool \/ 6,6 hj<\/span>\n                            <\/li>\n<li class=\"product-prop line-limit-length\"><span\n                                        class=\"property-title\">\u00dclekandearv:&nbsp;<\/span><span\n                                        class=\"property-desc line-limit-length\">195.8:1<\/span>\n                            <\/li>\n<li class=\"product-prop line-limit-length\"><span\n                                        class=\"property-title\">T\u00fc\u00fcp:&nbsp;<\/span><span\n                                        class=\"property-desc line-limit-length\">Elektriline vints<\/span>\n                            <\/li>\n<li class=\"product-prop line-limit-length\"><span\n                                        class=\"property-title\">Materjal:&nbsp;<\/span><span\n                                        class=\"property-desc line-limit-length\">Legeeritud alumiinium, teras, vask, plastik (PPS ja PA jne)<\/span>\n                            <\/li>\n<li class=\"product-prop line-limit-length\"><span\n                                        class=\"property-title\">Juhtmevaba kaugjuhtimispuldi kaugus:&nbsp;<\/span><span\n                                        class=\"property-desc line-limit-length\">65,61 jalga\/20 m<\/span>\n                            <\/li>\n<li class=\"product-prop line-limit-length\"><span\n                                        class=\"property-title\">Veekindluse hinnang:&nbsp;<\/span><span\n                                        class=\"property-desc line-limit-length\">IP55<\/span>\n                            <\/li>\n<li class=\"product-prop line-limit-length\"><span\n                                        class=\"property-title\">K\u00f6ie spetsifikatsioonid:&nbsp;<\/span><span\n                                        class=\"property-desc line-limit-length\">3\/8 tolli x 80 jalga \/ 1,0 x 2438,4 cm<\/span>\n                            <\/li>\n<\/ul><\/div>\n<div class=\"detailmodule_dynamic\"><kse:widget data-widget-type=\"customText\" id=\"1005000000790434\" type=\"relation\"><\/kse:widget><\/div>\n<div class=\"detailmodule_html\">\n<div class=\"detail-desc-decorate-richtext\">\n<div style=\"font-family:&quot;Open sans&quot;, Arial, Helvetica, sans-serif\">\n<div><img decoding=\"async\" style=\"width:100%\" width=\"100%\" src=\"https:\/\/d2qc09rl1gfuof.cloudfront.net\/vevor\/boutique-banner\/pc\/banner-en.jpg\" slate-data-type=\"image\"\/><\/div>\n<div>\n<div style=\"font-size:16px;font-weight:bold;text-align:center;color:rgb(34, 34, 34);margin:24px 0px;margin-bottom:24px;margin-top:24px;margin-left:0px;margin-right:0px\" align=\"center\">13500 naela elektriline vints, vallutage maastikuseiklused enesekindlalt<\/div>\n<div><img decoding=\"async\" style=\"width:100%\" width=\"100%\" src=\"https:\/\/d2qc09rl1gfuof.cloudfront.net\/product\/DDHCSJPYXWXYBQ8X5\/electric-winch-a100-1.4-pt.jpg\" slate-data-type=\"image\"\/><\/div>\n<div style=\"font-size:14px;text-align:center;color:rgb(34, 34, 34);margin:16px 0px 24px;margin-bottom:24px;margin-top:16px;margin-left:0px;margin-right:0px\" align=\"center\">Meie vastupidaval veoautovintsil on 13500 naela (6500 kg) t\u00f5mbej\u00f5ud ja IP55 veekindlus, mis sobib ideaalselt teie maastikus\u00f5idukite v\u00f5i maasturite vabastamiseks kleepuvatest mudaaukudest v\u00f5i tugevast vihmast. 12 V alalisvoolu \/ 6,6 hj vaskmootori, 195,8:1 \u00fclekandearvu ja s\u00fcnteetilise k\u00f6ie abil olete alati valmis.<\/div>\n<\/div>\n<div>\n<div style=\"margin:8px 0px;margin-bottom:8px;margin-top:8px;margin-left:0px;margin-right:0px\"><img decoding=\"async\" style=\"width:100%\" width=\"100%\" src=\"https:\/\/d2qc09rl1gfuof.cloudfront.net\/product\/DDHCSJPYXWXYBQ8X5\/electric-winch-a100-2.2-pt.jpg\" slate-data-type=\"image\"\/><\/div>\n<div style=\"font-size:14px;text-align:center;color:rgb(34, 34, 34);margin:16px 0px 24px;margin-bottom:24px;margin-top:16px;margin-left:0px;margin-right:0px\" align=\"center\">Meie elektrivintsi toidab v\u00f5imas 12 V alalisvoolu\/6,6 hj vaskmootor, mis tagab iga kord \u00fchtlase ja t\u00f5husa v\u00f5imsuse. T\u00e4iustatud planetaar\u00fclekande ja 195,8:1 \u00fclekandearvuga saate nautida sujuvat ja usaldusv\u00e4\u00e4rset trossi t\u00f5mbev\u00f5imet isegi karmides ilmastikutingimustes v\u00f5i s\u00fcgavas mudas.<\/div>\n<\/div>\n<div>\n<div style=\"margin:8px 0px;margin-bottom:8px;margin-top:8px;margin-left:0px;margin-right:0px\"><img decoding=\"async\" style=\"width:100%\" width=\"100%\" src=\"https:\/\/d2qc09rl1gfuof.cloudfront.net\/product\/DDHCSJPYXWXYBQ8X5\/electric-winch-a100-2.3-pt.jpg\" slate-data-type=\"image\"\/><\/div>\n<div style=\"font-size:14px;text-align:center;color:rgb(34, 34, 34);margin:16px 0px 24px;margin-bottom:24px;margin-top:16px;margin-left:0px;margin-right:0px\" align=\"center\">Meie veoautodele m\u00f5eldud elektriline vints on varustatud kvaliteetse kaabliga, mille viimasel viiel rullil on lisaturvalisuse tagamiseks punased m\u00e4rgistused. Sellel on IP55 veekindlus ja vastupidav must matt viimistlus, nii et see peab vastu tugevale vihmale ja karmidele oludele ilma viperusteta.<\/div>\n<\/div>\n<div>\n<div style=\"margin:8px 0px;margin-bottom:8px;margin-top:8px;margin-left:0px;margin-right:0px\"><img decoding=\"async\" style=\"width:100%\" width=\"100%\" src=\"https:\/\/d2qc09rl1gfuof.cloudfront.net\/product\/DDHCSJPYXWXYBQ8X5\/electric-winch-a100-2.4-pt.jpg\" slate-data-type=\"image\"\/><\/div>\n<div style=\"font-size:14px;text-align:center;color:rgb(34, 34, 34);margin:16px 0px 24px;margin-bottom:24px;margin-top:16px;margin-left:0px;margin-right:0px\" align=\"center\">Meie veoautovintsi k\u00f6is on loodud rasketeks v\u00e4ljakutseteks ning peab vastu karmidele elementidele ja \u00e4\u00e4rmuslikele temperatuuridele, v\u00f5imaldades mitmesuguseid t\u00f5mbet\u00f6id nimit\u00f5mbev\u00f5imega katkemata. Lisaks tagavad iga kihi selged koormusm\u00e4rgised nii suurep\u00e4rase materjali terviklikkuse kui ka t\u00f5mbekindluse.<\/div>\n<\/div>\n<div>\n<div style=\"margin:8px 0px;margin-bottom:8px;margin-top:8px;margin-left:0px;margin-right:0px\"><img decoding=\"async\" style=\"width:100%\" width=\"100%\" src=\"https:\/\/d2qc09rl1gfuof.cloudfront.net\/product\/DDHCSJPYXWXYBQ8X5\/electric-winch-a100-2.5-pt.jpg\" slate-data-type=\"image\"\/><\/div>\n<div style=\"font-size:14px;text-align:center;color:rgb(34, 34, 34);margin:16px 0px 24px;margin-bottom:24px;margin-top:16px;margin-left:0px;margin-right:0px\" align=\"center\">Meie 12-voldisel vintsil on v\u00e4rvikoodiga toitekaablid kiireks ja veavabaks seadistamiseks. Juhtmevabad kaugjuhtimispuldid aitavad s\u00f5iduki p\u00e4\u00e4stes\u00fcsteemi takistusteta juhtida 20 m raadiuses. Lisaks on meil ka juhtmega kaugjuhtimispult, mis annab teile kogu vajaliku juhtimise.<\/div>\n<\/div>\n<div style=\"margin:16px 0px 24px;margin-bottom:24px;margin-top:16px;margin-left:0px;margin-right:0px\"><\/div>\n<div style=\"margin:24px 0px;margin-bottom:24px;margin-top:24px;margin-left:0px;margin-right:0px\">\n<div style=\"font-size:16px;font-weight:bold;color:rgb(34, 34, 34);margin:24px 0px 16px;margin-bottom:16px;margin-top:24px;margin-left:0px;margin-right:0px\">Omadused ja \u00fcksikasjad<\/div>\n<ul style=\"margin:16px 0px 24px;margin-bottom:24px;margin-top:16px;margin-left:0px;margin-right:0px\">\n<li style=\"font-size:14px;color:rgb(34, 34, 34)\">\n<p>Teie s\u00f5iduki varuv\u00f5imsus: Spetsiaalselt maastikul pukseerimiseks loodud meie vastupidav elektrivints suurendab k\u00f6ie t\u00f5mbev\u00f5imet kuni 13 500 naelani. Kui teie s\u00f5iduk j\u00e4\u00e4b mudasse v\u00f5i paduvihma k\u00e4tte kinni, pakub see vints lisaj\u00f5udu, mida vajate kiireks \u00f5igele teele tagasi saamiseks. See ei sobi ainult maastikus\u00f5idukitele ja maasturitele, vaid sobib suurep\u00e4raselt ka raskete koormate, n\u00e4iteks puidu vedamiseks. Saage igast takistusest \u00fcle enesekindlalt ja v\u00f5imsalt!<\/p>\n<\/li>\n<li style=\"font-size:14px;color:rgb(34, 34, 34)\">\n<p>V\u00f5imsus, mis aitab teid igast ummikust v\u00e4lja: Meie veoautovintsi k\u00e4itab 12 V alalisvoolu\/6,6 hj vaskmootor, mis tagab \u00fchtlase v\u00f5imsuse just siis, kui seda k\u00f5ige rohkem vajate. T\u00e4iustatud 3-astmelise planetaar\u00fclekande ja 195,8:1 \u00fclekandearvuga vints tagab v\u00f5imsa t\u00f5mbev\u00f5ime isegi karmides ilmastikutingimustes ja s\u00fcgavas mudas. Olge valmis enesekindlalt iga v\u00e4ljakutsega toime tulema!<\/p>\n<\/li>\n<li style=\"font-size:14px;color:rgb(34, 34, 34)\">\n<p>Kerge s\u00fcnteetiline k\u00f6is: Tutvuge k\u00f6ie tipptasemel j\u00f5udlusega. Meie veoautovintsil on 12-keermeline suure tihedusega pol\u00fcet\u00fcleenist k\u00f6is, mis on vastupidav, kuid kerge, mist\u00f5ttu sobib see ideaalselt igaks maastikuseikluseks. See ei vaju vette ja peab vastu igasugusele v\u00e4listingimustes kasutamisele. Lisaks on viimasel viiel rullil erkpunased m\u00e4rgistused hea n\u00e4htavuse tagamiseks, tagades, et olete alati tegutsemiseks valmis nii turvalisuse kui ka tugevuse poolest.<\/p>\n<\/li>\n<li style=\"font-size:14px;color:rgb(34, 34, 34)\">\n<p>Kasutusmugavus, probleemivaba k\u00e4sitsemine: Meie 12-voldise vintsi jaoks on saadaval nii juhtmevaba kui ka juhtmega kaugjuhtimispult, et see vastaks teie vajadustele. Lihtsalt kasutatav juhtmevaba kaugjuhtimispult v\u00f5imaldab teil s\u00f5idukit vaevata 20 m raadiuses pukseerida, samas kui juhtmega kaugjuhtimispult pakub usaldusv\u00e4\u00e4rset alternatiivi t\u00e4pseks ja praktiliseks juhtimiseks. Nautige paindlikkust ja mugavust m\u00f5lema juhtimisre\u017eiimiga, et muuta s\u00f5iduki pukseerimine v\u00f5imalikult sujuvaks.<\/p>\n<\/li>\n<li style=\"font-size:14px;color:rgb(34, 34, 34)\">\n<p>Meelerahu pukseerimisv\u00f5imekuse osas: Karm ilm? Pole probleemi! Meie elektrivints on ehitatud IP55 veekindlusega ja sellel on elegantne must matt viimistlus, mis suurendab roostekindlust ja isolatsiooni. See on valmis hakkama saama tugeva vihma, muda v\u00f5i muude karmide keskkondadega. V\u00e4rvikoodiga toitekaablid ja h\u00f5lpsasti j\u00e4rgitavad juhised t\u00e4hendavad, et saate selle probleemideta \u00fcles seada, et saaksite taas s\u00f5itu nautida.<\/p>\n<\/li>\n<\/ul>\n<\/div>\n<div>\n<div>\n<div style=\"margin:16px 0px 24px;margin-bottom:24px;margin-top:16px;margin-left:0px;margin-right:0px\"><img decoding=\"async\" style=\"width:100%\" width=\"100%\" src=\"https:\/\/d2qc09rl1gfuof.cloudfront.net\/product\/DDHCSJPYXWXYBQ8X5\/electric-winch-a100-1.11-pt.jpg\" slate-data-type=\"image\"\/><\/div>\n<\/div>\n<\/div>\n<\/div>\n<div><\/div>\n<\/div>\n<\/div>\n<div class=\"detailmodule_dynamic\"><kse:widget data-widget-type=\"customText\" id=\"1005000000397265\" type=\"custom\"><\/kse:widget><\/div>\n<p><\/p>","protected":false},"excerpt":{"rendered":"<p>Hign-concerned Chemical:&nbsp;None Origin:&nbsp;Mainland China Brand Name:&nbsp;VEVOR Type:&nbsp;Power Brand:&nbsp;VEVOR Rated Line Pull Capacity:&nbsp;13500 lbs\/6123 kg Rope Material:&nbsp;Polyethylene, 12 Strands Remote Control:&nbsp;Wireless + Wired Remote Control Voltage\/Horsepower:&nbsp;12V DC\/6.6 HP Gear Ratio:&nbsp;195.8:1 Type:&nbsp;Electric<\/p>","protected":false},"featured_media":25030,"comment_status":"open","ping_status":"closed","template":"","meta":{"_acf_changed":false},"product_brand":[],"product_cat":[522],"product_tag":[],"class_list":{"0":"post-25029","1":"product","2":"type-product","3":"status-publish","4":"has-post-thumbnail","6":"product_cat-electric-winches","8":"first","9":"instock","10":"shipping-taxable","11":"purchasable","12":"product-type-variable"},"acf":[],"_links":{"self":[{"href":"https:\/\/www.electricstore.eu\/et\/wp-json\/wp\/v2\/product\/25029","targetHints":{"allow":["GET"]}}],"collection":[{"href":"https:\/\/www.electricstore.eu\/et\/wp-json\/wp\/v2\/product"}],"about":[{"href":"https:\/\/www.electricstore.eu\/et\/wp-json\/wp\/v2\/types\/product"}],"replies":[{"embeddable":true,"href":"https:\/\/www.electricstore.eu\/et\/wp-json\/wp\/v2\/comments?post=25029"}],"wp:featuredmedia":[{"embeddable":true,"href":"https:\/\/www.electricstore.eu\/et\/wp-json\/wp\/v2\/media\/25030"}],"wp:attachment":[{"href":"https:\/\/www.electricstore.eu\/et\/wp-json\/wp\/v2\/media?parent=25029"}],"wp:term":[{"taxonomy":"product_brand","embeddable":true,"href":"https:\/\/www.electricstore.eu\/et\/wp-json\/wp\/v2\/product_brand?post=25029"},{"taxonomy":"product_cat","embeddable":true,"href":"https:\/\/www.electricstore.eu\/et\/wp-json\/wp\/v2\/product_cat?post=25029"},{"taxonomy":"product_tag","embeddable":true,"href":"https:\/\/www.electricstore.eu\/et\/wp-json\/wp\/v2\/product_tag?post=25029"}],"curies":[{"name":"wp","href":"https:\/\/api.w.org\/{rel}","templated":true}]}}