{"id":25022,"date":"2025-05-20T18:43:58","date_gmt":"2025-05-20T18:43:58","guid":{"rendered":"https:\/\/electricstore.eu\/p\/uncategorized\/vevor-motorcycle-lift-500kg-motorcycle-scissor-lift-jack-with-saddle-safety-pin-steel-motorcycle-jack-hoist-stand-for-motorbike\/"},"modified":"2025-05-20T18:47:33","modified_gmt":"2025-05-20T18:47:33","slug":"vevor-motorcycle-lift-500kg-motorcycle-scissor-lift-jack-with-saddle-safety-pin-steel-motorcycle-jack-hoist-stand-for-motorbike","status":"publish","type":"product","link":"https:\/\/www.electricstore.eu\/et\/p\/a\/vevor-motorcycle-lift-500kg-motorcycle-scissor-lift-jack-with-saddle-safety-pin-steel-motorcycle-jack-hoist-stand-for-motorbike\/","title":{"rendered":"VEVOR mootorratta t\u00f5stuk 500kg mootorratta k\u00e4\u00e4rt\u00f5stuk sadula ja turvatihvtiga terasest mootorratta tungraua t\u00f5stuk mootorrattale"},"content":{"rendered":"<div class=\"product-specs-list-container\">\n<ul class=\"product-specs-list util-clearfix\">\n<li class=\"product-prop line-limit-length\"><span\n                                        class=\"property-title\">K\u00f5rge riskiga kemikaal:&nbsp;<\/span><span\n                                        class=\"property-desc line-limit-length\">Puudub<\/span>\n                            <\/li>\n<li class=\"product-prop line-limit-length\"><span\n                                        class=\"property-title\">P\u00e4ritolu:&nbsp;<\/span><span\n                                        class=\"property-desc line-limit-length\">Mandri-Hiina<\/span>\n                            <\/li>\n<\/ul><\/div>\n<div class=\"detailmodule_html\">\n<div class=\"detail-desc-decorate-richtext\">\n<div style=\"font-family:&quot;Open sans&quot;, Arial, Helvetica, sans-serif\">\n<div><img decoding=\"async\" style=\"width:100%\" width=\"100%\" src=\"https:\/\/d2qc09rl1gfuof.cloudfront.net\/vevor\/boutique-banner\/pc\/banner-en.jpg\" slate-data-type=\"image\"\/><\/div>\n<div>\n<div style=\"font-size:16px;font-weight:bold;text-align:center;color:rgb(34, 34, 34);margin:24px 0px;margin-bottom:24px;margin-top:24px;margin-left:0px;margin-right:0px\" align=\"center\"><\/div>\n<div><img decoding=\"async\" style=\"width:100%\" width=\"100%\" src=\"https:\/\/d2qc09rl1gfuof.cloudfront.net\/product\/MTCSJJCSB1100PWQ4\/motorcycle-lift-a100-1.4.jpg\" slate-data-type=\"image\"\/><\/div>\n<div style=\"font-size:14px;text-align:center;color:rgb(34, 34, 34);margin:16px 0px 24px;margin-bottom:24px;margin-top:16px;margin-left:0px;margin-right:0px\" align=\"center\"><\/div>\n<\/div>\n<div>\n<div style=\"margin:8px 0px;margin-bottom:8px;margin-top:8px;margin-left:0px;margin-right:0px\"><img decoding=\"async\" style=\"width:100%\" width=\"100%\" src=\"https:\/\/d2qc09rl1gfuof.cloudfront.net\/product\/MTCSJJCSB1100PWQ4\/motorcycle-lift-a100-1.12.jpg\" slate-data-type=\"image\"\/><\/div>\n<\/div>\n<div>\n<div style=\"margin:8px 0px;margin-bottom:8px;margin-top:8px;margin-left:0px;margin-right:0px\"><img decoding=\"async\" style=\"width:100%\" width=\"100%\" src=\"https:\/\/d2qc09rl1gfuof.cloudfront.net\/product\/MTCSJJCSB1100PWQ4\/motorcycle-lift-a100-1.13.jpg\" slate-data-type=\"image\"\/><\/div>\n<\/div>\n<div>\n<div style=\"margin:8px 0px;margin-bottom:8px;margin-top:8px;margin-left:0px;margin-right:0px\"><img decoding=\"async\" style=\"width:100%\" width=\"100%\" src=\"https:\/\/d2qc09rl1gfuof.cloudfront.net\/product\/MTCSJJCSB1100PWQ4\/motorcycle-lift-a100-1.16.jpg\" slate-data-type=\"image\"\/><\/div>\n<\/div>\n<div>\n<div style=\"margin:8px 0px;margin-bottom:8px;margin-top:8px;margin-left:0px;margin-right:0px\"><img decoding=\"async\" style=\"width:100%\" width=\"100%\" src=\"https:\/\/d2qc09rl1gfuof.cloudfront.net\/product\/MTCSJJCSB1100PWQ4\/motorcycle-lift-a100-1.17.jpg\" slate-data-type=\"image\"\/><\/div>\n<\/div>\n<div>\n<div style=\"margin:8px 0px;margin-bottom:8px;margin-top:8px;margin-left:0px;margin-right:0px\"><img decoding=\"async\" style=\"width:100%\" width=\"100%\" src=\"https:\/\/d2qc09rl1gfuof.cloudfront.net\/product\/MTCSJJCSB1100PWQ4\/motorcycle-lift-a100-1.18.jpg\" slate-data-type=\"image\"\/><\/div>\n<\/div>\n<div>\n<div style=\"margin:8px 0px;margin-bottom:8px;margin-top:8px;margin-left:0px;margin-right:0px\"><img decoding=\"async\" style=\"width:100%\" width=\"100%\" src=\"https:\/\/d2qc09rl1gfuof.cloudfront.net\/product\/MTCSJJCSB1100PWQ4\/motorcycle-lift-a100-1.20.jpg\" slate-data-type=\"image\"\/><\/div>\n<\/div>\n<div style=\"margin:16px 0px 24px;margin-bottom:24px;margin-top:16px;margin-left:0px;margin-right:0px\"><\/div>\n<div style=\"margin:24px 0px;margin-bottom:24px;margin-top:24px;margin-left:0px;margin-right:0px\">\n<div style=\"font-size:16px;font-weight:bold;color:rgb(34, 34, 34);margin:24px 0px 16px;margin-bottom:16px;margin-top:24px;margin-left:0px;margin-right:0px\">Omadused ja \u00fcksikasjad<\/div>\n<ul style=\"margin:16px 0px 24px;margin-bottom:24px;margin-top:16px;margin-left:0px;margin-right:0px\">\n<li style=\"font-size:14px;color:rgb(34, 34, 34)\">\n<p>Suur kandev\u00f5ime: Kui teil on vaja oma mootorratast hoolduseks ja puhastamiseks t\u00f5sta, saate kasutada VEVOR mootorratta k\u00e4\u00e4rt\u00f5stukit. Koormuskatsete kohaselt suudab mootorratta t\u00f5stuk kindlalt hoida kuni 0,5 tonni raskust. Mootorratta kesktungraud on suurep\u00e4rane abiline teie garaa\u017eis t\u00e4navarataste, kruiisirmootorrataste ja seiklusmatkamootorrataste t\u00f5stmiseks.<\/p>\n<\/li>\n<li style=\"font-size:14px;color:rgb(34, 34, 34)\">\n<p>Lihtne kasutada: T\u00f5stke oma mootorratast \u00fcles ilma lisat\u00f6\u00f6riistadeta, higivabalt. T\u00f5stke tungrauda vaevata \u00fcles vaid eemaldatava metallk\u00e4epideme keeramisega. Reguleerige k\u00f5rgust vahemikus 3,7&quot;\/95 mm kuni 15,7&quot;\/400 mm, et mootorratta remont ja hooldus oleksid lihtsad.<\/p>\n<\/li>\n<li style=\"font-size:14px;color:rgb(34, 34, 34)\">\n<p>Ohutus ennek\u00f5ike: terasest X-raami keskne v\u00f5ll hoiab teie mootorratast erinevates asendites. 6-positsiooniline turvatihvt tagab kindla t\u00f5ste, v\u00e4hendades kukkumisohtu ning hoides teid ja teie mootorratast turvaliselt.<\/p>\n<\/li>\n<li style=\"font-size:14px;color:rgb(34, 34, 34)\">\n<p>Libisemisvastased sadulad: Sulle ei meeldi, kui su mootorratas t\u00f5stmise ajal v\u00e4ikesel platvormil v\u00e4riseb ja libiseb, eks? Mootorrattat\u00f5stuki \u00fclaosas on kaks kumerat sadulat ja pind on kaetud libisemisvastase kummikattega, et v\u00e4ltida libisemist ja kaitsta mootorratta p\u00f5hja kriimustuste eest.<\/p>\n<\/li>\n<li style=\"font-size:14px;color:rgb(34, 34, 34)\">\n<p>Kokkupandav ja hoiustatav: Kompaktseks hoiustamiseks ja transportimiseks voldi mootorratta t\u00f5stealus 3,7-tollise k\u00f5rguseni. Pulberv\u00e4rvitud viimistlus on \u00f5li-, m\u00e4\u00e4rde- ja roostekindel, muutes mootorratta tungraua puhastamise ja garaa\u017eis v\u00f5i remondit\u00f6\u00f6kojas hoiustamise lihtsaks. K\u00f5ik teie mured kaovad.<\/p>\n<\/li>\n<\/ul>\n<\/div>\n<div>\n<div>\n<div style=\"margin:16px 0px 24px;margin-bottom:24px;margin-top:16px;margin-left:0px;margin-right:0px\"><img decoding=\"async\" style=\"width:100%\" width=\"100%\" src=\"https:\/\/d2qc09rl1gfuof.cloudfront.net\/product\/MTCSJJCSB1100PWQ4\/motorcycle-lift-a100-1.11.jpg\" slate-data-type=\"image\"\/><\/div>\n<\/div>\n<\/div>\n<\/div>\n<\/div>\n<\/div>\n<p><\/p>","protected":false},"excerpt":{"rendered":"<p>Hign-concerned Chemical:&nbsp;None Origin:&nbsp;Mainland China Features &amp; Details Large Weight-bearing Capacity: When you need to lift your motorcycle for maintenance and cleaning, you can partner with a VEVOR motorcycle scissor lift<\/p>","protected":false},"featured_media":25023,"comment_status":"open","ping_status":"closed","template":"","meta":{"_acf_changed":false},"product_brand":[],"product_cat":[525],"product_tag":[],"class_list":{"0":"post-25022","1":"product","2":"type-product","3":"status-publish","4":"has-post-thumbnail","6":"product_cat-a","8":"first","9":"instock","10":"shipping-taxable","11":"purchasable","12":"product-type-variable"},"acf":[],"_links":{"self":[{"href":"https:\/\/www.electricstore.eu\/et\/wp-json\/wp\/v2\/product\/25022","targetHints":{"allow":["GET"]}}],"collection":[{"href":"https:\/\/www.electricstore.eu\/et\/wp-json\/wp\/v2\/product"}],"about":[{"href":"https:\/\/www.electricstore.eu\/et\/wp-json\/wp\/v2\/types\/product"}],"replies":[{"embeddable":true,"href":"https:\/\/www.electricstore.eu\/et\/wp-json\/wp\/v2\/comments?post=25022"}],"wp:featuredmedia":[{"embeddable":true,"href":"https:\/\/www.electricstore.eu\/et\/wp-json\/wp\/v2\/media\/25023"}],"wp:attachment":[{"href":"https:\/\/www.electricstore.eu\/et\/wp-json\/wp\/v2\/media?parent=25022"}],"wp:term":[{"taxonomy":"product_brand","embeddable":true,"href":"https:\/\/www.electricstore.eu\/et\/wp-json\/wp\/v2\/product_brand?post=25022"},{"taxonomy":"product_cat","embeddable":true,"href":"https:\/\/www.electricstore.eu\/et\/wp-json\/wp\/v2\/product_cat?post=25022"},{"taxonomy":"product_tag","embeddable":true,"href":"https:\/\/www.electricstore.eu\/et\/wp-json\/wp\/v2\/product_tag?post=25022"}],"curies":[{"name":"wp","href":"https:\/\/api.w.org\/{rel}","templated":true}]}}