{"id":25000,"date":"2025-05-20T18:43:51","date_gmt":"2025-05-20T18:43:51","guid":{"rendered":"https:\/\/electricstore.eu\/p\/uncategorized\/vevor-2000lbs-electric-car-winch-atv-utv-steel-cable-winch-with-wired-remote-control-for-towing-off-road-vehicle-jeep-truck\/"},"modified":"2025-05-20T18:47:24","modified_gmt":"2025-05-20T18:47:24","slug":"vevor-2000lbs-electric-car-winch-atv-utv-steel-cable-winch-with-wired-remote-control-for-towing-off-road-vehicle-jeep-truck","status":"publish","type":"product","link":"https:\/\/www.electricstore.eu\/et\/p\/o\/electric-winches\/vevor-2000lbs-electric-car-winch-atv-utv-steel-cable-winch-with-wired-remote-control-for-towing-off-road-vehicle-jeep-truck\/","title":{"rendered":"VEVOR 2000 naela elektriauto vints ATV\/UTV terasest kaablivints juhtmega kaugjuhtimispuldiga maastikus\u00f5idukite ja Jeepi veoautode pukseerimiseks"},"content":{"rendered":"<div class=\"product-specs-list-container\">\n<ul class=\"product-specs-list util-clearfix\">\n<li class=\"product-prop line-limit-length\"><span\n                                        class=\"property-title\">K\u00f5rge riskiga kemikaal:&nbsp;<\/span><span\n                                        class=\"property-desc line-limit-length\">Puudub<\/span>\n                            <\/li>\n<li class=\"product-prop line-limit-length\"><span\n                                        class=\"property-title\">P\u00e4ritolu:&nbsp;<\/span><span\n                                        class=\"property-desc line-limit-length\">Mandri-Hiina<\/span>\n                            <\/li>\n<li class=\"product-prop line-limit-length\"><span\n                                        class=\"property-title\">Br\u00e4ndi nimi:&nbsp;<\/span><span\n                                        class=\"property-desc line-limit-length\">VEVOR<\/span>\n                            <\/li>\n<li class=\"product-prop line-limit-length\"><span\n                                        class=\"property-title\">T\u00fc\u00fcp:&nbsp;<\/span><span\n                                        class=\"property-desc line-limit-length\">V\u00f5imsus<\/span>\n                            <\/li>\n<li class=\"product-prop line-limit-length\"><span\n                                        class=\"property-title\">Br\u00e4nd:&nbsp;<\/span><span\n                                        class=\"property-desc line-limit-length\">VEVOR<\/span>\n                            <\/li>\n<li class=\"product-prop line-limit-length\"><span\n                                        class=\"property-title\">Nimipinge:&nbsp;<\/span><span\n                                        class=\"property-desc line-limit-length\">2000 naela \/ 907 kg<\/span>\n                            <\/li>\n<li class=\"product-prop line-limit-length\"><span\n                                        class=\"property-title\">Kaabli materjal:&nbsp;<\/span><span\n                                        class=\"property-desc line-limit-length\">Teras, 7 kiudu<\/span>\n                            <\/li>\n<li class=\"product-prop line-limit-length\"><span\n                                        class=\"property-title\">Materjal:&nbsp;<\/span><span\n                                        class=\"property-desc line-limit-length\">Legeeritud alumiinium, teras, vask, plastik (PPS ja PA jne)<\/span>\n                            <\/li>\n<li class=\"product-prop line-limit-length\"><span\n                                        class=\"property-title\">Kaugjuhtimispuldi re\u017eiim:&nbsp;<\/span><span\n                                        class=\"property-desc line-limit-length\">Juhtmega kaugjuhtimispult<\/span>\n                            <\/li>\n<li class=\"product-prop line-limit-length\"><span\n                                        class=\"property-title\">Veekindluse hinnang:&nbsp;<\/span><span\n                                        class=\"property-desc line-limit-length\">IP55<\/span>\n                            <\/li>\n<li class=\"product-prop line-limit-length\"><span\n                                        class=\"property-title\">Netokaal:&nbsp;<\/span><span\n                                        class=\"property-desc line-limit-length\">16 naela \/ 7,26 kg<\/span>\n                            <\/li>\n<li class=\"product-prop line-limit-length\"><span\n                                        class=\"property-title\">T\u00fc\u00fcp:&nbsp;<\/span><span\n                                        class=\"property-desc line-limit-length\">Elektriline vints<\/span>\n                            <\/li>\n<\/ul><\/div>\n<div class=\"detailmodule_html\">\n<div class=\"detail-desc-decorate-richtext\">\n<div style=\"font-family:&quot;Open sans&quot;, Arial, Helvetica, sans-serif\">\n<div><img decoding=\"async\" style=\"width:100%\" width=\"100%\" src=\"https:\/\/d2qc09rl1gfuof.cloudfront.net\/vevor\/boutique-banner\/pc\/banner-en.jpg\" slate-data-type=\"image\"\/><\/div>\n<div>\n<div style=\"font-size:16px;font-weight:bold;text-align:center;color:rgb(34, 34, 34);margin:24px 0px;margin-bottom:24px;margin-top:24px;margin-left:0px;margin-right:0px\" align=\"center\">2000 naela kaaluv ATV elektrivints, valluta enesekindlalt iga maastik<\/div>\n<div><img decoding=\"async\" style=\"width:100%\" width=\"100%\" src=\"https:\/\/d2qc09rl1gfuof.cloudfront.net\/product\/ATVGSSJP2000PXII1\/electric-winch-a100-1.4-pt.jpg\" slate-data-type=\"image\"\/><\/div>\n<div style=\"font-size:14px;text-align:center;color:rgb(34, 34, 34);margin:16px 0px 24px;margin-bottom:24px;margin-top:16px;margin-left:0px;margin-right:0px\" align=\"center\">Meie vastupidav elektrivints talub 900 kg t\u00f5mbej\u00f5udu ja on IP55 veekindla konstruktsiooniga, mis sobib ideaalselt teie ATV v\u00f5i UTV vabastamiseks kleepuvatest mudaaukudest. 12 V alalisvoolu\/0,95 hj p\u00fcsimagnetiga vaskmootori, 153:1 \u00fclekandearvu ja teraskaabliga tagab see, et te ei j\u00e4\u00e4 kunagi pikaks ajaks kinni.<\/div>\n<\/div>\n<div>\n<div style=\"margin:8px 0px;margin-bottom:8px;margin-top:8px;margin-left:0px;margin-right:0px\"><img decoding=\"async\" style=\"width:100%\" width=\"100%\" src=\"https:\/\/d2qc09rl1gfuof.cloudfront.net\/product\/ATVGSSJP2000PXII1\/electric-winch-a100-2.2-pt.jpg\" slate-data-type=\"image\"\/><\/div>\n<div style=\"font-size:14px;text-align:center;color:rgb(34, 34, 34);margin:16px 0px 24px;margin-bottom:24px;margin-top:16px;margin-left:0px;margin-right:0px\" align=\"center\">Meie elektrivintsi toidab v\u00f5imas 12 V alalisvoolu\/0,95 hj vaskmootor, mis tagab iga kord \u00fchtlase ja t\u00f5husa v\u00f5imsuse. T\u00e4iustatud planetaar\u00fclekande ja 153:1 \u00fclekandearvuga saate nautida sujuvat ja usaldusv\u00e4\u00e4rset t\u00f5mbev\u00f5imet isegi karmides ilmastikutingimustes v\u00f5i s\u00fcgavas mudas.<\/div>\n<\/div>\n<div>\n<div style=\"margin:8px 0px;margin-bottom:8px;margin-top:8px;margin-left:0px;margin-right:0px\"><img decoding=\"async\" style=\"width:100%\" width=\"100%\" src=\"https:\/\/d2qc09rl1gfuof.cloudfront.net\/product\/ATVGSSJP2000PXII1\/electric-winch-a100-2.3-pt.jpg\" slate-data-type=\"image\"\/><\/div>\n<div style=\"font-size:14px;text-align:center;color:rgb(34, 34, 34);margin:16px 0px 24px;margin-bottom:24px;margin-top:16px;margin-left:0px;margin-right:0px\" align=\"center\">Meie ATV vintsil on kvaliteetne tross, mille viimasel viiel rullil on lisaturvalisuse tagamiseks punased m\u00e4rgistused. Sellel on IP55 veekindluse reiting ja vastupidav must matt viimistlus, nii et see peab vastu tugevale vihmale ja karmidele oludele ilma viperusteta.<\/div>\n<\/div>\n<div>\n<div style=\"margin:8px 0px;margin-bottom:8px;margin-top:8px;margin-left:0px;margin-right:0px\"><img decoding=\"async\" style=\"width:100%\" width=\"100%\" src=\"https:\/\/d2qc09rl1gfuof.cloudfront.net\/product\/ATVGSSJP2000PXII1\/electric-winch-a100-2.4-pt.jpg\" slate-data-type=\"image\"\/><\/div>\n<div style=\"font-size:14px;text-align:center;color:rgb(34, 34, 34);margin:16px 0px 24px;margin-bottom:24px;margin-top:16px;margin-left:0px;margin-right:0px\" align=\"center\">Meie UTV vintsi tross on loodud rasketeks v\u00e4ljakutseteks ning peab vastu karmidele elementidele ja \u00e4\u00e4rmuslikele temperatuuridele, v\u00f5imaldades mitmesuguseid t\u00f5mbet\u00f6id nimit\u00f5mbev\u00f5imega ilma purunemata. Lisaks tagavad iga kihi selged koormusm\u00e4rgised nii suurep\u00e4rase materjali terviklikkuse kui ka t\u00f5mbekindluse.<\/div>\n<\/div>\n<div>\n<div style=\"margin:8px 0px;margin-bottom:8px;margin-top:8px;margin-left:0px;margin-right:0px\"><img decoding=\"async\" style=\"width:100%\" width=\"100%\" src=\"https:\/\/d2qc09rl1gfuof.cloudfront.net\/product\/ATVGSSJP2000PXII1\/electric-winch-a100-2.5-pt.jpg\" slate-data-type=\"image\"\/><\/div>\n<div style=\"font-size:14px;text-align:center;color:rgb(34, 34, 34);margin:16px 0px 24px;margin-bottom:24px;margin-top:16px;margin-left:0px;margin-right:0px\" align=\"center\">J\u00e4tke juhtmestiku segadus h\u00fcvasti! Meie 12-voldise vintsi toitekaablid on v\u00e4rvikoodiga ja kiireks ning veatuks paigaldamiseks. Juhtmega kaugjuhtimispuldi abil \u00fchendage lihtsalt toitekaablid ja oletegi valmis s\u00f5iduki sujuvaks ja t\u00f5husaks \u00e4raveoks.<\/div>\n<\/div>\n<div style=\"margin:16px 0px 24px;margin-bottom:24px;margin-top:16px;margin-left:0px;margin-right:0px\"><\/div>\n<div style=\"margin:24px 0px;margin-bottom:24px;margin-top:24px;margin-left:0px;margin-right:0px\">\n<div style=\"font-size:16px;font-weight:bold;color:rgb(34, 34, 34);margin:24px 0px 16px;margin-bottom:16px;margin-top:24px;margin-left:0px;margin-right:0px\">Omadused ja \u00fcksikasjad<\/div>\n<ul style=\"margin:16px 0px 24px;margin-bottom:24px;margin-top:16px;margin-left:0px;margin-right:0px\">\n<li style=\"font-size:14px;color:rgb(34, 34, 34)\">\n<p>Teie s\u00f5iduki varutoide: Meie vastupidav elektrivints on spetsiaalselt loodud maastikul pukseerimiseks ja pakub v\u00f5imsat 900 kg t\u00f5mbej\u00f5udu. Kui teie s\u00f5iduk j\u00e4\u00e4b mudasse v\u00f5i paduvihma k\u00e4tte kinni, pakub see vints lisaj\u00f5udu, mida vajate kiireks \u00f5igele teele tagasi saamiseks. Ideaalne v\u00e4ikeste s\u00f5idukite, n\u00e4iteks ATV-de ja UTV-de pukseerimist\u00f6\u00f6deks, tagades, et teie seiklused ei peatu kunagi.<\/p>\n<\/li>\n<li style=\"font-size:14px;color:rgb(34, 34, 34)\">\n<p>V\u00f5imsus, mis aitab teid igast ummikust v\u00e4lja: Meie ATV vintsi k\u00e4itab v\u00f5imas 12 V alalisvoolu\/0,95 hj p\u00fcsimagnetiga vaskmootor, mis pakub pidevat ja t\u00f5husat v\u00f5imsust just siis, kui seda k\u00f5ige rohkem vajate. T\u00e4iustatud planetaark\u00e4igukast ja 153:1 \u00fclekandearv tagavad usaldusv\u00e4\u00e4rse ja v\u00f5imsa t\u00f5mbej\u00f5u. Olenemata sellest, kas seisate silmitsi karmi ilmaga v\u00f5i s\u00fcgava mudaga, see vints katab teid, muutes s\u00f5iduki pukseerimise vaevatuks ja usaldusv\u00e4\u00e4rseks.<\/p>\n<\/li>\n<li style=\"font-size:14px;color:rgb(34, 34, 34)\">\n<p>Tugev terastross: Valmistu vastupidavaks t\u00f6\u00f6ks meie 7-kiulise tugeva terastrossiga. See terastross on loodud taluma karme elemente ja \u00e4\u00e4rmuslikke temperatuure ning on vastupidav igale v\u00e4ljakutsele. Lisaks on viimasel viiel rullil erkpunased m\u00e4rgistused hea n\u00e4htavuse tagamiseks, tagades turvalisuse ja vastupidavuse olenemata t\u00f6\u00f6 keerukusest.<\/p>\n<\/li>\n<li style=\"font-size:14px;color:rgb(34, 34, 34)\">\n<p>Kasutusmugavus, probleemivaba k\u00e4sitsemine: Meie v\u00e4ikesel vintsil on juhtmega kaugjuhtimispult veekindla ja korrosioonikindla korpusega, mis tagab usaldusv\u00e4\u00e4rse j\u00f5udluse iga ilmaga. Lihtsalt \u00fchendage toitejuhe ja oletegi valmis teostama enesep\u00e4\u00e4stet\u00f6id takistusteta s\u00f5iduki juhtimiseks. Erinevalt juhtmevabadest kaugjuhtimispultidest ei pea te muretsema patareide kaotamise p\u00e4rast, mist\u00f5ttu on see \u00f5ues p\u00e4\u00e4stmiseks usaldusv\u00e4\u00e4rsem valik.<\/p>\n<\/li>\n<li style=\"font-size:14px;color:rgb(34, 34, 34)\">\n<p>Meelerahu pukseerimisv\u00f5imekuse osas: Karm ilm? Pole probleemi! Meie elektrivints on ehitatud IP55 veekindlusega ja sellel on elegantne must matt viimistlus, mis suurendab roostekindlust ja isolatsiooni. See on valmis hakkama saama tugeva vihma, muda v\u00f5i muude karmide keskkondadega. V\u00e4rvikoodiga toitekaablid ja h\u00f5lpsasti j\u00e4rgitavad juhised t\u00e4hendavad, et saate selle probleemideta \u00fcles seada, et saaksite taas s\u00f5itu nautida.<\/p>\n<\/li>\n<\/ul>\n<\/div>\n<div>\n<div>\n<div style=\"margin:16px 0px 24px;margin-bottom:24px;margin-top:16px;margin-left:0px;margin-right:0px\"><img decoding=\"async\" style=\"width:100%\" width=\"100%\" src=\"https:\/\/d2qc09rl1gfuof.cloudfront.net\/product\/ATVGSSJP2000PXII1\/electric-winch-a100-1.11-pt.jpg\" slate-data-type=\"image\"\/><\/div>\n<\/div>\n<\/div>\n<\/div>\n<\/div>\n<\/div>\n<p><\/p>","protected":false},"excerpt":{"rendered":"<p>Hign-concerned Chemical:&nbsp;None Origin:&nbsp;Mainland China Brand Name:&nbsp;VEVOR Type:&nbsp;Power Brand:&nbsp;VEVOR Rated Line Pull Capacity:&nbsp;2000 lbs\/907 kg Cable Material:&nbsp;Steel, 7 Strands Material:&nbsp;Alloy Aluminum, Steel, Copper, Plastic (PPS and PA, etc.) Remote Control Mode:&nbsp;Wired<\/p>","protected":false},"featured_media":25001,"comment_status":"open","ping_status":"closed","template":"","meta":{"_acf_changed":false},"product_brand":[],"product_cat":[522],"product_tag":[],"class_list":{"0":"post-25000","1":"product","2":"type-product","3":"status-publish","4":"has-post-thumbnail","6":"product_cat-electric-winches","8":"first","9":"instock","10":"shipping-taxable","11":"purchasable","12":"product-type-variable"},"acf":[],"_links":{"self":[{"href":"https:\/\/www.electricstore.eu\/et\/wp-json\/wp\/v2\/product\/25000","targetHints":{"allow":["GET"]}}],"collection":[{"href":"https:\/\/www.electricstore.eu\/et\/wp-json\/wp\/v2\/product"}],"about":[{"href":"https:\/\/www.electricstore.eu\/et\/wp-json\/wp\/v2\/types\/product"}],"replies":[{"embeddable":true,"href":"https:\/\/www.electricstore.eu\/et\/wp-json\/wp\/v2\/comments?post=25000"}],"wp:featuredmedia":[{"embeddable":true,"href":"https:\/\/www.electricstore.eu\/et\/wp-json\/wp\/v2\/media\/25001"}],"wp:attachment":[{"href":"https:\/\/www.electricstore.eu\/et\/wp-json\/wp\/v2\/media?parent=25000"}],"wp:term":[{"taxonomy":"product_brand","embeddable":true,"href":"https:\/\/www.electricstore.eu\/et\/wp-json\/wp\/v2\/product_brand?post=25000"},{"taxonomy":"product_cat","embeddable":true,"href":"https:\/\/www.electricstore.eu\/et\/wp-json\/wp\/v2\/product_cat?post=25000"},{"taxonomy":"product_tag","embeddable":true,"href":"https:\/\/www.electricstore.eu\/et\/wp-json\/wp\/v2\/product_tag?post=25000"}],"curies":[{"name":"wp","href":"https:\/\/api.w.org\/{rel}","templated":true}]}}