{"id":24974,"date":"2025-05-20T18:43:39","date_gmt":"2025-05-20T18:43:39","guid":{"rendered":"https:\/\/electricstore.eu\/p\/uncategorized\/vevor-2200-lbs-electric-chain-hoist-single-phase-overhead-lifting-crane-with-chain-10-ft-wired-remote-control-for-garage\/"},"modified":"2025-05-20T18:46:42","modified_gmt":"2025-05-20T18:46:42","slug":"vevor-2200-lbs-electric-chain-hoist-single-phase-overhead-lifting-crane-with-chain-10-ft-wired-remote-control-for-garage","status":"publish","type":"product","link":"https:\/\/www.electricstore.eu\/et\/p\/o\/electric-lifting-hoists\/vevor-2200-lbs-electric-chain-hoist-single-phase-overhead-lifting-crane-with-chain-10-ft-wired-remote-control-for-garage\/","title":{"rendered":"VEVOR 2200 naela elektriline kett-t\u00f5stuk \u00fchefaasiline rippkraana ketiga 10 jala juhtmega kaugjuhtimispult garaa\u017ei jaoks"},"content":{"rendered":"<div class=\"product-specs-list-container\">\n<ul class=\"product-specs-list util-clearfix\">\n<li class=\"product-prop line-limit-length\"><span\n                                        class=\"property-title\">K\u00f5rge riskiga kemikaal:&nbsp;<\/span><span\n                                        class=\"property-desc line-limit-length\">Puudub<\/span>\n                            <\/li>\n<li class=\"product-prop line-limit-length\"><span\n                                        class=\"property-title\">Mudelinumber:&nbsp;<\/span><span\n                                        class=\"property-desc line-limit-length\">H10<\/span>\n                            <\/li>\n<li class=\"product-prop line-limit-length\"><span\n                                        class=\"property-title\">P\u00e4ritolu:&nbsp;<\/span><span\n                                        class=\"property-desc line-limit-length\">Mandri-Hiina<\/span>\n                            <\/li>\n<li class=\"product-prop line-limit-length\"><span\n                                        class=\"property-title\">Br\u00e4ndi nimi:&nbsp;<\/span><span\n                                        class=\"property-desc line-limit-length\">VEVOR<\/span>\n                            <\/li>\n<\/ul><\/div>\n<div class=\"detailmodule_html\">\n<div class=\"detail-desc-decorate-richtext\">\n<div style=\"font-family:&quot;Open sans&quot;, Arial, Helvetica, sans-serif\">\n<div><img decoding=\"async\" style=\"width:100%\" width=\"100%\" src=\"https:\/\/d2qc09rl1gfuof.cloudfront.net\/vevor\/boutique-banner\/pc\/banner-en.jpg\" slate-data-type=\"image\"\/><\/div>\n<div>\n<div style=\"font-size:16px;font-weight:bold;text-align:center;color:rgb(34, 34, 34);margin:24px 0px;margin-bottom:24px;margin-top:24px;margin-left:0px;margin-right:0px\" align=\"center\">VEVOR elektriline kett-t\u00f5stuk \u2013 muuda oma arusaama t\u00f5stmisest<\/div>\n<div><img decoding=\"async\" style=\"width:100%\" width=\"100%\" src=\"https:\/\/d2qc09rl1gfuof.cloudfront.net\/product\/DDSHLHLDXD11P0U2T\/chain-hoist-a100-1.4-pt.jpg\" slate-data-type=\"image\"\/><\/div>\n<div style=\"font-size:14px;text-align:center;color:rgb(34, 34, 34);margin:16px 0px 24px;margin-bottom:24px;margin-top:16px;margin-left:0px;margin-right:0px\" align=\"center\">Saab hakkama iga raske t\u00f5stukiga, mille tugevus on 2200 naela (1024 kg)! Meie elektriline kett-t\u00f5stuk on teie kindel valik garaa\u017ei- ja t\u00f6\u00f6kojat\u00f6\u00f6deks. IP54 kaitseklassiga, mis sobib igale ilmale ja keskkonnale, on see teie valik usaldusv\u00e4\u00e4rse j\u00f5udluse tagamiseks.<\/div>\n<\/div>\n<div>\n<div style=\"margin:8px 0px;margin-bottom:8px;margin-top:8px;margin-left:0px;margin-right:0px\"><img decoding=\"async\" style=\"width:100%\" width=\"100%\" src=\"https:\/\/d2qc09rl1gfuof.cloudfront.net\/product\/DDSHLHLDXD11P0U2T\/chain-hoist-a100-2.2-pt.jpg\" slate-data-type=\"image\"\/><\/div>\n<div style=\"font-size:14px;text-align:center;color:rgb(34, 34, 34);margin:16px 0px 24px;margin-bottom:24px;margin-top:16px;margin-left:0px;margin-right:0px\" align=\"center\">Tutvuge elektrilise t\u00f5stuki DT-klassi karastatud ketiga, mis on \u00fclimalt vastupidav. \u00dcle 5% maksimaalse venivusega on see loodud kestma ega valmista teile pettumust. Ei purune ega paindu, vaid puhas t\u00f5stej\u00f5ud!<\/div>\n<\/div>\n<div>\n<div style=\"margin:8px 0px;margin-bottom:8px;margin-top:8px;margin-left:0px;margin-right:0px\"><img decoding=\"async\" style=\"width:100%\" width=\"100%\" src=\"https:\/\/d2qc09rl1gfuof.cloudfront.net\/product\/DDSHLHLDXD11P0U2T\/chain-hoist-a100-2.3-pt.jpg\" slate-data-type=\"image\"\/><\/div>\n<div style=\"font-size:14px;text-align:center;color:rgb(34, 34, 34);margin:16px 0px 24px;margin-bottom:24px;margin-top:16px;margin-left:0px;margin-right:0px\" align=\"center\">J\u00e4tke vaevaga h\u00fcvasti! Meie elektriline kett-t\u00f5stuk on varustatud trossi ja \u00fclitundliku kaugjuhtimispuldiga, mis v\u00f5imaldab teil h\u00f5lpsalt t\u00f5sta ja langetada. Ohutu, mugav ja l\u00f5bus kasutada \u2013 mida mitte armastada?<\/div>\n<\/div>\n<div>\n<div style=\"margin:8px 0px;margin-bottom:8px;margin-top:8px;margin-left:0px;margin-right:0px\"><img decoding=\"async\" style=\"width:100%\" width=\"100%\" src=\"https:\/\/d2qc09rl1gfuof.cloudfront.net\/product\/DDSHLHLDXD11P0U2T\/chain-hoist-a100-2.4-pt.jpg\" slate-data-type=\"image\"\/><\/div>\n<div style=\"font-size:14px;text-align:center;color:rgb(34, 34, 34);margin:16px 0px 24px;margin-bottom:24px;margin-top:16px;margin-left:0px;margin-right:0px\" align=\"center\">F-klassi isolatsiooniga vaskmootoriga t\u00f6\u00f6tav elektriline kett-t\u00f5stuk talub kuumust kuni 155 \u00b0C. P\u00f6\u00f6rledes kiirusel 11500 p\/min, on sellel piisavalt v\u00f5imsust t\u00f6\u00f6 tegemiseks olenemata stseenist.<\/div>\n<\/div>\n<div>\n<div style=\"margin:8px 0px;margin-bottom:8px;margin-top:8px;margin-left:0px;margin-right:0px\"><img decoding=\"async\" style=\"width:100%\" width=\"100%\" src=\"https:\/\/d2qc09rl1gfuof.cloudfront.net\/product\/DDSHLHLDXD11P0U2T\/chain-hoist-a100-2.5-pt.jpg\" slate-data-type=\"image\"\/><\/div>\n<div style=\"font-size:14px;text-align:center;color:rgb(34, 34, 34);margin:16px 0px 24px;margin-bottom:24px;margin-top:16px;margin-left:0px;margin-right:0px\" align=\"center\">\u00dcks inimene, \u00fcks t\u00f5stuk, l\u00f5putud v\u00f5imalused. Meie ketiga elektriline t\u00f5stuk on loodud kiireks ja lihtsaks paigaldamiseks, nii et saate t\u00f5stmist ja liigutamist alustada hetkega. Suurendage oma tootlikkust juba t\u00e4na!<\/div>\n<\/div>\n<div style=\"margin:16px 0px 24px;margin-bottom:24px;margin-top:16px;margin-left:0px;margin-right:0px\"><\/div>\n<div style=\"margin:24px 0px;margin-bottom:24px;margin-top:24px;margin-left:0px;margin-right:0px\">\n<div style=\"font-size:16px;font-weight:bold;color:rgb(34, 34, 34);margin:24px 0px 16px;margin-bottom:16px;margin-top:24px;margin-left:0px;margin-right:0px\">Omadused ja \u00fcksikasjad<\/div>\n<ul style=\"margin:16px 0px 24px;margin-bottom:24px;margin-top:16px;margin-left:0px;margin-right:0px\">\n<li style=\"font-size:14px;color:rgb(34, 34, 34)\">\n<p>Kandev\u00f5ime 1000 kg: Tervitage 1000 kg t\u00f5stej\u00f5udu! Meie elektriline kett-t\u00f5stuk on varustatud tippkvaliteediga DT karastatud ketiga, mis tagab vastupidavuse ja tugevuse. Lisaks on see oma 3 m t\u00f5stek\u00f5rgusega piisavalt paindlik igas ruumis kasutamiseks.<\/p>\n<\/li>\n<li style=\"font-size:14px;color:rgb(34, 34, 34)\">\n<p>V\u00f5imas mootor: Tunneta j\u00f5udu! Meie ketiga elektrilise t\u00f5stuki vaskmootor on loodud kestma ja F-klassi isolatsiooniga, mis tagab usaldusv\u00e4\u00e4rse t\u00f6\u00f6 isegi kuni 155 \u00b0C temperatuuridel. See p\u00f6\u00f6rleb kiirusel kuni 11500 p\/min, olles valmis kerge vaevaga hakkama saama iga raske t\u00f5stet\u00f6\u00f6ga. Nii sise- kui ka v\u00e4listingimustes \u2013 see katab k\u00f5ik vajadused.<\/p>\n<\/li>\n<li style=\"font-size:14px;color:rgb(34, 34, 34)\">\n<p>Vaevatu paigaldus: Paigaldamine on imelihtne! Kinnitage meie elektriline kett-t\u00f5stuk lihtsalt metall- v\u00f5i puitliistudega lakke. Sellel on avariiseiskamisnupp ja elektromagnetiline pidur, nii et v\u00f5ite rahulikult olla, teades, et see on turvaline.<\/p>\n<\/li>\n<li style=\"font-size:14px;color:rgb(34, 34, 34)\">\n<p>Pikendatud juhtkaabel: Hoidke end turvaliselt ja kontrolli all meie pikendatud 3 meetri pikkuse kaabli abil. Juhtige elektrilist ketiga t\u00f5stukit mugavast kaugusest, kasutades h\u00f5lpsasti kasutatavat k\u00e4epideme l\u00fclitit.<\/p>\n<\/li>\n<li style=\"font-size:14px;color:rgb(34, 34, 34)\">\n<p>\u00dcks t\u00f5stuk igaks t\u00f6\u00f6ks: Meie elektriline kett-t\u00f5stuk sobib ideaalselt garaa\u017eidesse, poodidesse, hotellidesse ja kodudesse ning on professionaalide ja harrastajate lemmikvahend. T\u00f5stke h\u00f5lpsalt paate, autosid, muruniidukeid, golfik\u00e4rusid, kodukaunistusi, mootoreid, r\u00e4ndrahne, puid, raskeid seadmeid v\u00f5i riputage \u00fcles isegi jahitrofeesid. See on mitmek\u00fclgne abiline, mida olete otsinud!<\/p>\n<\/li>\n<\/ul>\n<\/div>\n<div>\n<div>\n<div style=\"margin:16px 0px 24px;margin-bottom:24px;margin-top:16px;margin-left:0px;margin-right:0px\"><img decoding=\"async\" style=\"width:100%\" width=\"100%\" src=\"https:\/\/d2qc09rl1gfuof.cloudfront.net\/product\/DDSHLHLDXD11P0U2T\/chain-hoist-a100-1.11-pt.jpg\" slate-data-type=\"image\"\/><\/div>\n<\/div>\n<\/div>\n<\/div>\n<\/div>\n<\/div>\n<p><\/p>","protected":false},"excerpt":{"rendered":"<p>Hign-concerned Chemical:&nbsp;None Model Number:&nbsp;H10 Origin:&nbsp;Mainland China Brand Name:&nbsp;VEVOR VEVOR Electric Chain Hoist \u2013 Change the Way You Look at Lifting Tackle any heavy lifter with 2200 lbs of strength! Our<\/p>","protected":false},"featured_media":24975,"comment_status":"open","ping_status":"closed","template":"","meta":{"_acf_changed":false},"product_brand":[],"product_cat":[517],"product_tag":[],"class_list":{"0":"post-24974","1":"product","2":"type-product","3":"status-publish","4":"has-post-thumbnail","6":"product_cat-electric-lifting-hoists","8":"first","9":"instock","10":"shipping-taxable","11":"purchasable","12":"product-type-variable"},"acf":[],"_links":{"self":[{"href":"https:\/\/www.electricstore.eu\/et\/wp-json\/wp\/v2\/product\/24974","targetHints":{"allow":["GET"]}}],"collection":[{"href":"https:\/\/www.electricstore.eu\/et\/wp-json\/wp\/v2\/product"}],"about":[{"href":"https:\/\/www.electricstore.eu\/et\/wp-json\/wp\/v2\/types\/product"}],"replies":[{"embeddable":true,"href":"https:\/\/www.electricstore.eu\/et\/wp-json\/wp\/v2\/comments?post=24974"}],"wp:featuredmedia":[{"embeddable":true,"href":"https:\/\/www.electricstore.eu\/et\/wp-json\/wp\/v2\/media\/24975"}],"wp:attachment":[{"href":"https:\/\/www.electricstore.eu\/et\/wp-json\/wp\/v2\/media?parent=24974"}],"wp:term":[{"taxonomy":"product_brand","embeddable":true,"href":"https:\/\/www.electricstore.eu\/et\/wp-json\/wp\/v2\/product_brand?post=24974"},{"taxonomy":"product_cat","embeddable":true,"href":"https:\/\/www.electricstore.eu\/et\/wp-json\/wp\/v2\/product_cat?post=24974"},{"taxonomy":"product_tag","embeddable":true,"href":"https:\/\/www.electricstore.eu\/et\/wp-json\/wp\/v2\/product_tag?post=24974"}],"curies":[{"name":"wp","href":"https:\/\/api.w.org\/{rel}","templated":true}]}}