{"id":24918,"date":"2025-05-20T18:43:27","date_gmt":"2025-05-20T18:43:27","guid":{"rendered":"https:\/\/electricstore.eu\/p\/uncategorized\/vevor-3t-chain-sling-6-ft-heavy-duty-lifting-chains-with-2-leg-grab-hooks-g80-for-engine-manual-hoist-lifting-tool\/"},"modified":"2025-05-20T18:46:19","modified_gmt":"2025-05-20T18:46:19","slug":"vevor-3t-chain-sling-6-ft-heavy-duty-lifting-chains-with-2-leg-grab-hooks-g80-for-engine-manual-hoist-lifting-tool","status":"publish","type":"product","link":"https:\/\/www.electricstore.eu\/et\/p\/o\/electric-lifting-hoists\/vevor-3t-chain-sling-6-ft-heavy-duty-lifting-chains-with-2-leg-grab-hooks-g80-for-engine-manual-hoist-lifting-tool\/","title":{"rendered":"VEVOR 3T kett-tropp 6 jalga (1,8 m) raskeveokite t\u00f5steketid kahe jalaga haaratsiga G80 mootori k\u00e4sitsi t\u00f5stukile"},"content":{"rendered":"<div class=\"product-specs-list-container\">\n<ul class=\"product-specs-list util-clearfix\">\n<li class=\"product-prop line-limit-length\"><span\n                                        class=\"property-title\">K\u00f5rge riskiga kemikaal:&nbsp;<\/span><span\n                                        class=\"property-desc line-limit-length\">Puudub<\/span>\n                            <\/li>\n<li class=\"product-prop line-limit-length\"><span\n                                        class=\"property-title\">Mudelinumber:&nbsp;<\/span><span\n                                        class=\"property-desc line-limit-length\">DL8mmx1.8m-2A<\/span>\n                            <\/li>\n<li class=\"product-prop line-limit-length\"><span\n                                        class=\"property-title\">Isetegemise tarvikud:&nbsp;<\/span><span\n                                        class=\"property-desc line-limit-length\">Metallit\u00f6\u00f6stus<\/span>\n                            <\/li>\n<li class=\"product-prop line-limit-length\"><span\n                                        class=\"property-title\">Materjal:&nbsp;<\/span><span\n                                        class=\"property-desc line-limit-length\">Roostevaba teras<\/span>\n                            <\/li>\n<li class=\"product-prop line-limit-length\"><span\n                                        class=\"property-title\">Br\u00e4ndi nimi:&nbsp;<\/span><span\n                                        class=\"property-desc line-limit-length\">VEVOR<\/span>\n                            <\/li>\n<li class=\"product-prop line-limit-length\"><span\n                                        class=\"property-title\">P\u00e4ritolu:&nbsp;<\/span><span\n                                        class=\"property-desc line-limit-length\">Mandri-Hiina<\/span>\n                            <\/li>\n<li class=\"product-prop line-limit-length\"><span\n                                        class=\"property-title\">Br\u00e4nd:&nbsp;<\/span><span\n                                        class=\"property-desc line-limit-length\">VEVOR<\/span>\n                            <\/li>\n<li class=\"product-prop line-limit-length\"><span\n                                        class=\"property-title\">\u00dche keti pikkus:&nbsp;<\/span><span\n                                        class=\"property-desc line-limit-length\">180 cm (6 jalga)<\/span>\n                            <\/li>\n<li class=\"product-prop line-limit-length\"><span\n                                        class=\"property-title\">\u00dcldine tugevusklass:&nbsp;<\/span><span\n                                        class=\"property-desc line-limit-length\">G80<\/span>\n                            <\/li>\n<li class=\"product-prop line-limit-length\"><span\n                                        class=\"property-title\">Maksimaalne turvaline koormus:&nbsp;<\/span><span\n                                        class=\"property-desc line-limit-length\">6600 naela \/ 2993 kg<\/span>\n                            <\/li>\n<li class=\"product-prop line-limit-length\"><span\n                                        class=\"property-title\">Toote kaal:&nbsp;<\/span><span\n                                        class=\"property-desc line-limit-length\">16,53 naela \/ 7,5 kg<\/span>\n                            <\/li>\n<li class=\"product-prop line-limit-length\"><span\n                                        class=\"property-title\">T\u00fc\u00fcp:&nbsp;<\/span><span\n                                        class=\"property-desc line-limit-length\">Kett-sling<\/span>\n                            <\/li>\n<\/ul><\/div>\n<div class=\"detailmodule_html\">\n<div class=\"detail-desc-decorate-richtext\">\n<div><\/div>\n<div style=\"font-family:&quot;Open sans&quot;, Arial, Helvetica, sans-serif\">\n<div><img decoding=\"async\" style=\"width:100%\" width=\"100%\" src=\"https:\/\/d2qc09rl1gfuof.cloudfront.net\/vevor\/boutique-banner\/pc\/banner-en.jpg\" slate-data-type=\"image\"\/><\/div>\n<div>\n<div style=\"font-size:16px;font-weight:bold;text-align:center;color:rgb(34, 34, 34);margin:24px 0px;margin-bottom:24px;margin-top:24px;margin-left:0px;margin-right:0px\" align=\"center\">VEVOR kett-tropp \u2013 Kindlusta koormad tugevalt ja lihtsalt<\/div>\n<div><img decoding=\"async\" style=\"width:100%\" width=\"100%\" src=\"https:\/\/d2qc09rl1gfuof.cloudfront.net\/product\/DGDLHHMGFH1J576AY\/chain-sling-a100-1.4-pt.jpg\" slate-data-type=\"image\"\/><\/div>\n<div style=\"font-size:14px;text-align:center;color:rgb(34, 34, 34);margin:16px 0px 24px;margin-bottom:24px;margin-top:16px;margin-left:0px;margin-right:0px\" align=\"center\">VEVOR, teie eksklusiivne t\u00f6\u00f6riistaekspert. See kett-tropp on valmistatud kvaliteetsest terasest. Sellel on ka vedrukeeltega konksud, mis tagavad parema haarduvuse ja kinnitamise suurtele lastidele.<\/div>\n<\/div>\n<div>\n<div>\u00a0<\/div>\n<div style=\"margin:8px 0px;margin-bottom:8px;margin-top:8px;margin-left:0px;margin-right:0px\"><img decoding=\"async\" style=\"width:100%\" width=\"100%\" src=\"https:\/\/d2qc09rl1gfuof.cloudfront.net\/product\/DGDLHHMGFH1J576AY\/chain-sling-a100-2.2-pt.jpg\" slate-data-type=\"image\"\/><\/div>\n<div style=\"font-size:14px;text-align:center;color:rgb(34, 34, 34);margin:16px 0px 24px;margin-bottom:24px;margin-top:16px;margin-left:0px;margin-right:0px\" align=\"center\">T\u00f5stetroppide ketid on mustatud ja r\u00f5ngad\/konksud on t\u00f6\u00f6deldud plastpihustiga. Need on ilusad ja roostekindlad ning pikaajalisel kasutamisel sama head kui uued.<\/div>\n<\/div>\n<div>\n<div>\u00a0<\/div>\n<div style=\"margin:8px 0px;margin-bottom:8px;margin-top:8px;margin-left:0px;margin-right:0px\"><img decoding=\"async\" style=\"width:100%\" width=\"100%\" src=\"https:\/\/d2qc09rl1gfuof.cloudfront.net\/product\/DGDLHHMGFH1J576AY\/chain-sling-a100-2.3-pt.jpg\" slate-data-type=\"image\"\/><\/div>\n<div style=\"font-size:14px;text-align:center;color:rgb(34, 34, 34);margin:16px 0px 24px;margin-bottom:24px;margin-top:16px;margin-left:0px;margin-right:0px\" align=\"center\">See t\u00f5stekett on varustatud vedrukeelega esemete turvaliseks t\u00f5stmiseks. Keti pikkust on lihtne reguleerida, et see sobiks erineva mahuga raskustele.<\/div>\n<\/div>\n<div>\n<div>\u00a0<\/div>\n<div style=\"margin:8px 0px;margin-bottom:8px;margin-top:8px;margin-left:0px;margin-right:0px\"><img decoding=\"async\" style=\"width:100%\" width=\"100%\" src=\"https:\/\/d2qc09rl1gfuof.cloudfront.net\/product\/DGDLHHMGFH1J576AY\/chain-sling-a100-2.4-pt.jpg\" slate-data-type=\"image\"\/><\/div>\n<div style=\"font-size:14px;text-align:center;color:rgb(34, 34, 34);margin:16px 0px 24px;margin-bottom:24px;margin-top:16px;margin-left:0px;margin-right:0px\" align=\"center\">Meie mootori t\u00f5steketti kasutatakse mitmesuguste t\u00f5ste- ja teisaldamist\u00f6\u00f6de jaoks, sealhulgas palkide, terastalade, dokiosade, p\u00f5llut\u00f6\u00f6riistade, automootorite, kiirk\u00e4igukastide, veoauto- ja traktorirehvide jms t\u00f5stmiseks.<\/div>\n<\/div>\n<div>\n<div>\u00a0<\/div>\n<div style=\"margin:8px 0px;margin-bottom:8px;margin-top:8px;margin-left:0px;margin-right:0px\"><img decoding=\"async\" style=\"width:100%\" width=\"100%\" src=\"https:\/\/d2qc09rl1gfuof.cloudfront.net\/product\/DGDLHHMGFH1J576AY\/chain-sling-a100-2.5-pt.jpg\" slate-data-type=\"image\"\/><\/div>\n<div style=\"font-size:14px;text-align:center;color:rgb(34, 34, 34);margin:16px 0px 24px;margin-bottom:24px;margin-top:16px;margin-left:0px;margin-right:0px\" align=\"center\">Troppketi h\u00e4sti disainitud detailid rahuldavad teie mitmesuguseid n\u00f5udmisi esemete t\u00f5stmisel ja aitavad teil lahendada igasuguseid probleeme.<\/div>\n<\/div>\n<div style=\"margin:16px 0px 24px;margin-bottom:24px;margin-top:16px;margin-left:0px;margin-right:0px\"><\/div>\n<div style=\"margin:24px 0px;margin-bottom:24px;margin-top:24px;margin-left:0px;margin-right:0px\">\n<div style=\"font-size:16px;font-weight:bold;color:rgb(34, 34, 34);margin:24px 0px 16px;margin-bottom:16px;margin-top:24px;margin-left:0px;margin-right:0px\">Omadused ja \u00fcksikasjad<\/div>\n<ul style=\"margin:16px 0px 24px;margin-bottom:24px;margin-top:16px;margin-left:0px;margin-right:0px\">\n<li style=\"font-size:14px;color:rgb(34, 34, 34)\">\n<p>6600 naela (umbes 2700 kg) kandev\u00f5ime: Keti pikkus: 6 jalga (umbes 1,8 m). Keti l\u00e4bim\u00f5\u00f5t: 5\/16&quot;. Maksimaalne t\u00f6\u00f6v\u00f5ime: 6600 naela (umbes 2700 kg). Meie t\u00f5stekette saab mugavalt kasutada t\u00e4nu k\u00f5rgele turvategurile.<\/p>\n<\/li>\n<li style=\"font-size:14px;color:rgb(34, 34, 34)\">\n<p>Tugev kett ja konksud: Meie ketitropp on valmistatud G80 Mn-terasest ketist ja legeerterasest konksust ning sellel on t\u00e4isautomaatne keevitustehnoloogia, mis on loodud pikaajaliseks kasutamiseks.<\/p>\n<\/li>\n<li style=\"font-size:14px;color:rgb(34, 34, 34)\">\n<p>Kahe regulaatoriga: Meie t\u00f5stetroppidel on kaks regulaatorit, mille abil saate keti pikkust reguleerida. See muudab ebakorrap\u00e4raste esemete t\u00f5stmise ohutumaks ja stabiilsemaks.<\/p>\n<\/li>\n<li style=\"font-size:14px;color:rgb(34, 34, 34)\">\n<p>Kasutamise ettevaatusabin\u00f5ud: Ese tuleb riputada konksu keskele. Konksu serv ei tohi rippuda. T\u00f5stetropi kett ei tohi olla keerdunud, \u00fcmber p\u00f6\u00f6ratud ega keerdunud.<\/p>\n<\/li>\n<li style=\"font-size:14px;color:rgb(34, 34, 34)\">\n<p>Lai rakendusala: Mootori t\u00f5steketti kasutatakse laialdaselt erinevates t\u00f5ste- ja mobiilsetes tegevustes, sealhulgas palkide, terastalade, dokil\u00f5ikude, p\u00f5llut\u00f6\u00f6riistade, automootorite, kiirk\u00e4igukastide, veoautode, traktorirehvide jms t\u00f5stmiseks.<\/p>\n<\/li>\n<\/ul>\n<\/div>\n<div>\n<div>\u00a0<\/div>\n<div>\n<div>\u00a0<\/div>\n<div style=\"margin:16px 0px 24px;margin-bottom:24px;margin-top:16px;margin-left:0px;margin-right:0px\"><strong>8 mm<\/strong><\/div>\n<div style=\"margin:16px 0px 24px;margin-bottom:24px;margin-top:16px;margin-left:0px;margin-right:0px\"><img decoding=\"async\" style=\"width:100%\" width=\"100%\" src=\"https:\/\/d2qc09rl1gfuof.cloudfront.net\/product\/DGDLHHMGFH1J576AY\/chain-sling-a100-1.11-pt.jpg\" slate-data-type=\"image\"\/><\/div>\n<\/div>\n<\/div>\n<div>\n<div>\u00a0<\/div>\n<div>\n<div>\u00a0<\/div>\n<div style=\"margin:16px 0px 24px;margin-bottom:24px;margin-top:16px;margin-left:0px;margin-right:0px\"><strong>10 mm<\/strong><\/div>\n<div style=\"margin:16px 0px 24px;margin-bottom:24px;margin-top:16px;margin-left:0px;margin-right:0px\"><img decoding=\"async\" style=\"width:100%\" width=\"100%\" src=\"https:\/\/d2qc09rl1gfuof.cloudfront.net\/product\/DGDLMGFH1JZ67A30T\/chain-sling-a100-1.11-pt.jpg\" slate-data-type=\"image\"\/><\/div>\n<\/div>\n<\/div>\n<\/div>\n<\/div>\n<\/div>\n<p><\/p>","protected":false},"excerpt":{"rendered":"<p>Hign-concerned Chemical:&nbsp;None Model Number:&nbsp;DL8mmx1.8m-2A DIY Supplies:&nbsp;Metalworking Material:&nbsp;Stainless steel Brand Name:&nbsp;VEVOR Origin:&nbsp;Mainland China Brand:&nbsp;VEVOR Single Chain Length:&nbsp;6 ft\/180 cm Overall Strength Grade:&nbsp;G80 Max Secure Load:&nbsp;6600 lbs\/2993 kg Product Weight:&nbsp;16.53 lbs\/7.5 kg<\/p>","protected":false},"featured_media":24919,"comment_status":"open","ping_status":"closed","template":"","meta":{"_acf_changed":false},"product_brand":[],"product_cat":[517],"product_tag":[],"class_list":{"0":"post-24918","1":"product","2":"type-product","3":"status-publish","4":"has-post-thumbnail","6":"product_cat-electric-lifting-hoists","8":"first","9":"instock","10":"shipping-taxable","11":"purchasable","12":"product-type-variable"},"acf":[],"_links":{"self":[{"href":"https:\/\/www.electricstore.eu\/et\/wp-json\/wp\/v2\/product\/24918","targetHints":{"allow":["GET"]}}],"collection":[{"href":"https:\/\/www.electricstore.eu\/et\/wp-json\/wp\/v2\/product"}],"about":[{"href":"https:\/\/www.electricstore.eu\/et\/wp-json\/wp\/v2\/types\/product"}],"replies":[{"embeddable":true,"href":"https:\/\/www.electricstore.eu\/et\/wp-json\/wp\/v2\/comments?post=24918"}],"wp:featuredmedia":[{"embeddable":true,"href":"https:\/\/www.electricstore.eu\/et\/wp-json\/wp\/v2\/media\/24919"}],"wp:attachment":[{"href":"https:\/\/www.electricstore.eu\/et\/wp-json\/wp\/v2\/media?parent=24918"}],"wp:term":[{"taxonomy":"product_brand","embeddable":true,"href":"https:\/\/www.electricstore.eu\/et\/wp-json\/wp\/v2\/product_brand?post=24918"},{"taxonomy":"product_cat","embeddable":true,"href":"https:\/\/www.electricstore.eu\/et\/wp-json\/wp\/v2\/product_cat?post=24918"},{"taxonomy":"product_tag","embeddable":true,"href":"https:\/\/www.electricstore.eu\/et\/wp-json\/wp\/v2\/product_tag?post=24918"}],"curies":[{"name":"wp","href":"https:\/\/api.w.org\/{rel}","templated":true}]}}