{"id":24907,"date":"2025-05-20T18:43:23","date_gmt":"2025-05-20T18:43:23","guid":{"rendered":"https:\/\/electricstore.eu\/p\/uncategorized\/vevor-lifting-chain-sling-lifts-5-tonne-1-5m-3m-4m-x-5-16-inch-heavy-duty-with-4-legs-grade-hooks-and-adjuster-g80-alloy-steel\/"},"modified":"2025-05-20T18:45:47","modified_gmt":"2025-05-20T18:45:47","slug":"vevor-lifting-chain-sling-lifts-5-tonne-1-5m-3m-4m-x-5-16-inch-heavy-duty-with-4-legs-grade-hooks-and-adjuster-g80-alloy-steel","status":"publish","type":"product","link":"https:\/\/www.electricstore.eu\/et\/p\/o\/electric-lifting-hoists\/vevor-lifting-chain-sling-lifts-5-tonne-1-5m-3m-4m-x-5-16-inch-heavy-duty-with-4-legs-grade-hooks-and-adjuster-g80-alloy-steel\/","title":{"rendered":"VEVOR t\u00f5stekett-troppt\u00f5stukid 5 tonni 1,5 m 3 m 4 m x 5\/16 tolli vastupidavad 4 jalaga konksude ja regulaatoriga, G80 legeerteras"},"content":{"rendered":"<div class=\"product-specs-list-container\">\n<ul class=\"product-specs-list util-clearfix\">\n<li class=\"product-prop line-limit-length\"><span\n                                        class=\"property-title\">K\u00f5rge riskiga kemikaal:&nbsp;<\/span><span\n                                        class=\"property-desc line-limit-length\">Puudub<\/span>\n                            <\/li>\n<li class=\"product-prop line-limit-length\"><span\n                                        class=\"property-title\">P\u00e4ritolu:&nbsp;<\/span><span\n                                        class=\"property-desc line-limit-length\">Mandri-Hiina<\/span>\n                            <\/li>\n<li class=\"product-prop line-limit-length\"><span\n                                        class=\"property-title\">Br\u00e4ndi nimi:&nbsp;<\/span><span\n                                        class=\"property-desc line-limit-length\">VEVOR<\/span>\n                            <\/li>\n<\/ul><\/div>\n<p><\/p>\n<div class=\"detailmodule_html\">\n<div class=\"detail-desc-decorate-richtext\">\n<div>\n<\/div>\n<div style=\"padding:20px;padding-bottom:20px;padding-top:20px;padding-left:20px;padding-right:20px\">\n<div style=\"text-align:center;width:100%\" align=\"center\"><img decoding=\"async\" src=\"https:\/\/vevor-bmp-prm.s3.ap-east-1.amazonaws.com\/default\/vevor-1.png\" slate-data-type=\"image\"\/><\/div>\n<div style=\"font-size:16px;font-weight:bold;line-height:36px\">Toote kirjeldus<\/div>\n<div style=\"width:100%\"><img decoding=\"async\" src=\"https:\/\/d2qc09rl1gfuof.cloudfront.net\/product\/4MSGLT00000000001\/chain-slings-a100-1.4.jpg\" slate-data-type=\"image\"\/><\/div>\n<div style=\"margin-top:15px;display:flex\">\n<div style=\"width:33%\"><img decoding=\"async\" style=\"width:100%\" width=\"100%\" src=\"https:\/\/d2qc09rl1gfuof.cloudfront.net\/product\/4MSGLT00000000001\/four-leg-Lifting-Chain-x1.jpg\" slate-data-type=\"image\"\/><\/div>\n<div style=\"padding:0px 15px;padding-bottom:0px;padding-top:0px;padding-left:15px;padding-right:15px;width:33%\">\n<div style=\"font-size:16px;font-weight:bold;line-height:36px\">5\/16&#039;&#039;x13&#039; kett-tropp<\/div>\n<div style=\"font-size:14px\"><\/div>\n<div style=\"font-size:14px\">See neljaharuline kett-tropp on valmistatud G80 Mn-terasest ketist ja pulberv\u00e4rvitud legeerterasest konksust, mis pinge all ei pikene. See on kulumis- ja k\u00f5rge temperatuurikindel, et tagada pikk kasutusiga, mis on kasulik t\u00f6\u00f6riist t\u00f6\u00f6 efektiivsuse parandamiseks.<\/div>\n<ul style=\"font-size:14px;background-color:rgb(243, 243, 243);border:1px solid rgb(204, 204, 204);margin-top:8px;padding:10px 40px;padding-bottom:10px;padding-top:10px;padding-left:40px;padding-right:40px\">\n<li>\n<p>Kandev\u00f5ime 11 000 naela<\/p>\n<\/li>\n<li>\n<p>Vastupidav teraskonstruktsioon<\/p>\n<\/li>\n<li>\n<p>Tugevdatud kett ja konksud<\/p>\n<\/li>\n<li>\n<p>Kasutamise ettevaatusabin\u00f5ud<\/p>\n<\/li>\n<\/ul>\n<\/div>\n<div style=\"border-left:1px solid rgb(204, 204, 204);padding:0px 15px;padding-bottom:0px;padding-top:0px;padding-left:15px;padding-right:15px;width:33%\">\n<div>\u00a0<\/div>\n<div style=\"padding:0px 15px;padding-bottom:0px;padding-top:0px;padding-left:15px;padding-right:15px\">\n<div><img decoding=\"async\" style=\"width:100%\" width=\"100%\" src=\"https:\/\/www.jinlantrade.com\/ebay\/VEVOR\/vevor-2.png\" slate-data-type=\"image\"\/><\/div>\n<div style=\"font-size:14px;font-weight:bold;line-height:24px\">Vastupidav varustus ja t\u00f6\u00f6riistad, maksa v\u00e4hem<\/div>\n<div style=\"font-size:12px;margin:8px 0px;margin-bottom:8px;margin-top:8px;margin-left:0px;margin-right:0px\">VEVOR on juhtiv kaubam\u00e4rk, mis on spetsialiseerunud seadmetele ja t\u00f6\u00f6riistadele. Koos tuhandete motiveeritud t\u00f6\u00f6tajatega on VEVOR p\u00fchendunud pakkuma oma klientidele vastupidavaid seadmeid ja t\u00f6\u00f6riistu uskumatult madalate hindadega. T\u00e4nap\u00e4eval m\u00fc\u00fcakse VEVORi tooteid enam kui 200 riigis ja piirkonnas ning ettev\u00f5ttel on \u00fcle maailma \u00fcle 10 miljoni liikme.<\/div>\n<div style=\"font-size:14px;font-weight:bold;line-height:24px\">Miks valida VEVOR?<\/div>\n<ul style=\"font-size:14px;background-color:rgb(243, 243, 243);border:1px solid rgb(204, 204, 204);margin-top:8px;padding:10px 40px;padding-bottom:10px;padding-top:10px;padding-left:40px;padding-right:40px\">\n<li>\n<p>Esmaklassiline vastupidav kvaliteet<\/p>\n<\/li>\n<li>\n<p>Uskumatult madalad hinnad<\/p>\n<\/li>\n<li>\n<p>Kiire ja turvaline kohaletoimetamine<\/p>\n<\/li>\n<li>\n<p>30-p\u00e4evane tasuta tagastus\u00f5igus<\/p>\n<\/li>\n<li>\n<p>T\u00e4helepanelik teenindus \u00f6\u00f6p\u00e4evaringselt<\/p>\n<\/li>\n<\/ul>\n<\/div>\n<\/div>\n<\/div>\n<div style=\"margin-top:30px\">\n<div style=\"font-size:16px;font-weight:bold;line-height:36px\">Peamised omadused<\/div>\n<div style=\"padding:30px;padding-bottom:30px;padding-top:30px;padding-left:30px;padding-right:30px\">\n<div>\n<div style=\"margin-top:15px;padding:0px 15px;padding-bottom:0px;padding-top:0px;padding-left:15px;padding-right:15px;display:inline-block;width:33%;box-sizing:border-box\">\n<div><img decoding=\"async\" style=\"width:100%\" width=\"100%\" src=\"https:\/\/d2qc09rl1gfuof.cloudfront.net\/product\/4MSGLT00000000001\/chain-slings-m100-2.jpg\" slate-data-type=\"image\"\/><\/div>\n<div style=\"font-size:16px;font-weight:bold;line-height:36px\">Suur laadimismaht<\/div>\n<div style=\"font-size:14px\">Selle nimiv\u00f5imsus on 11 000 naela ja t\u00f5mbetugevus \u00fcle 800 MPa. Seda tuleb kasutada nimikoormuse vahemikus.<\/div>\n<\/div>\n<div style=\"margin-top:15px;padding:0px 15px;padding-bottom:0px;padding-top:0px;padding-left:15px;padding-right:15px;display:inline-block;width:33%;box-sizing:border-box\">\n<div><img decoding=\"async\" style=\"width:100%\" width=\"100%\" src=\"https:\/\/d2qc09rl1gfuof.cloudfront.net\/product\/4MSGLT00000000001\/chain-slings-m100-3.jpg\" slate-data-type=\"image\"\/><\/div>\n<div style=\"font-size:16px;font-weight:bold;line-height:36px\">Tugev konstruktsioon<\/div>\n<div style=\"font-size:14px\">Kogu konstruktsioon on valmistatud esmaklassilisest terasest, millel on parem vastupidavus korrosioonile, roostele ja h\u00f5\u00f5rdumisele.<\/div>\n<\/div>\n<div style=\"margin-top:15px;padding:0px 15px;padding-bottom:0px;padding-top:0px;padding-left:15px;padding-right:15px;display:inline-block;width:33%;box-sizing:border-box\">\n<div><img decoding=\"async\" style=\"width:100%\" width=\"100%\" src=\"https:\/\/d2qc09rl1gfuof.cloudfront.net\/product\/4MSGLT00000000001\/chain-slings-m100-4.jpg\" slate-data-type=\"image\"\/><\/div>\n<div style=\"font-size:16px;font-weight:bold;line-height:36px\">Raskeveokite kett<\/div>\n<div style=\"font-size:14px\">5\/16&#039;&#039;x13&#039; pikkune kett on valmistatud Mn-terasest. See on kulumiskindel ega pikene pinge all.<\/div>\n<\/div>\n<div style=\"margin-top:15px;padding:0px 15px;padding-bottom:0px;padding-top:0px;padding-left:15px;padding-right:15px;display:inline-block;width:33%;box-sizing:border-box\">\n<div><img decoding=\"async\" style=\"width:100%\" width=\"100%\" src=\"https:\/\/d2qc09rl1gfuof.cloudfront.net\/product\/4MSGLT00000000001\/chain-slings-m100-5.jpg\" slate-data-type=\"image\"\/><\/div>\n<div style=\"font-size:16px;font-weight:bold;line-height:36px\">Iselukustuvad konksud<\/div>\n<div style=\"font-size:14px\">Konks on valmistatud legeerterasest, et rahuldada tugevuse ja k\u00f5vaduse n\u00f5udeid ning v\u00e4ltida libisemist.<\/div>\n<\/div>\n<div style=\"margin-top:15px;padding:0px 15px;padding-bottom:0px;padding-top:0px;padding-left:15px;padding-right:15px;display:inline-block;width:33%;box-sizing:border-box\">\n<div><img decoding=\"async\" style=\"width:100%\" width=\"100%\" src=\"https:\/\/d2qc09rl1gfuof.cloudfront.net\/product\/4MSGLT00000000001\/chain-slings-m100-6.jpg\" slate-data-type=\"image\"\/><\/div>\n<div style=\"font-size:16px;font-weight:bold;line-height:36px\">Lihtne kasutada<\/div>\n<div style=\"font-size:14px\">\u00dchendage riputusr\u00f5ngas t\u00f5stukiga, haakige koormad haakidega ja oletegi valmis t\u00f5stma hakkama.<\/div>\n<\/div>\n<div style=\"margin-top:15px;padding:0px 15px;padding-bottom:0px;padding-top:0px;padding-left:15px;padding-right:15px;display:inline-block;width:33%;box-sizing:border-box\">\n<div><img decoding=\"async\" style=\"width:100%\" width=\"100%\" src=\"https:\/\/d2qc09rl1gfuof.cloudfront.net\/product\/4MSGLT00000000001\/chain-slings-m100-7.jpg\" slate-data-type=\"image\"\/><\/div>\n<div style=\"font-size:16px;font-weight:bold;line-height:36px\">Laialdaselt kasutatav<\/div>\n<div style=\"font-size:14px\">Sobib koormate t\u00f5stmiseks v\u00f5i teisaldamiseks erinevates t\u00f6\u00f6stusharudes, n\u00e4iteks masinaehituses, tehastes, ladudes, garaa\u017eides jne.<\/div>\n<\/div>\n<\/div>\n<\/div>\n<\/div>\n<div style=\"margin-top:15px;display:flex\">\n<div style=\"width:33%\"><img decoding=\"async\" style=\"width:100%\" width=\"100%\" src=\"https:\/\/d2qc09rl1gfuof.cloudfront.net\/product\/4MSGLT00000000001\/chain-slings-a100-2.jpg\" slate-data-type=\"image\"\/><\/div>\n<div style=\"padding:0px 15px;padding-bottom:0px;padding-top:0px;padding-left:15px;padding-right:15px;width:33%\">\n<div style=\"font-size:16px;font-weight:bold;line-height:36px\">Spetsifikatsioonid<\/div>\n<ul style=\"font-size:14px;border:1px solid rgb(204, 204, 204);margin-top:8px;padding:10px 40px;padding-bottom:10px;padding-top:10px;padding-left:40px;padding-right:40px\">\n<li>\n<p>Materjal: G80, legeerteras<\/p>\n<\/li>\n<li>\n<p>Keti juur: 4<\/p>\n<\/li>\n<li>\n<p>Keti l\u00e4bim\u00f5\u00f5t: 5\/16&quot;\/8 mm<\/p>\n<\/li>\n<li>\n<p>T\u00f6\u00f6pikkus: 13&#039; \/ 4 m<\/p>\n<\/li>\n<li>\n<p>Kandev\u00f5ime: 11 000 naela \/ 5 t<\/p>\n<\/li>\n<li>\n<p>Ohutustegur: 4:1<\/p>\n<\/li>\n<\/ul>\n<\/div>\n<div style=\"border-left:1px solid rgb(204, 204, 204);padding:0px 15px;padding-bottom:0px;padding-top:0px;padding-left:15px;padding-right:15px;width:33%\">\n<div style=\"width:100%\"><img decoding=\"async\" style=\"width:100%\" width=\"100%\" src=\"https:\/\/d2qc09rl1gfuof.cloudfront.net\/product\/4MSGLT00000000001\/chain-slings-a100-3.jpg\" slate-data-type=\"image\"\/><\/div>\n<div style=\"font-size:14px;font-weight:bold;line-height:24px\">Pakendi sisu<\/div>\n<ul style=\"font-size:14px;background-color:rgb(243, 243, 243);border:1px solid rgb(204, 204, 204);margin-top:8px;padding:10px 40px;padding-bottom:10px;padding-top:10px;padding-left:40px;padding-right:40px\">\n<li>\n<p>1 x ketikinnitus<\/p>\n<\/li>\n<\/ul>\n<\/div>\n<\/div>\n<div>\u00a0<\/div>\n<div>\n<div style=\"font-size:16px;font-weight:bold;line-height:36px\">Omadused ja \u00fcksikasjad<\/div>\n<ul style=\"font-size:14px;padding-left:40px\">\n<li>\n<p>\u3010KANDEV\u00d5IME 11 000 KALAD\u3011 - Keti pikkus: 13&#039;. Keti l\u00e4bim\u00f5\u00f5t: 5\/16&#039;&#039;. Katkemistugevus on \u00fcle 800 MPa. T\u00f6\u00f6v\u00f5ime: 11 000 naela. Seda toodet saab t\u00e4nu k\u00f5rgele turvategurile mugavalt kasutada.<\/p>\n<\/li>\n<li>\n<p>\u3010VASTUPIDAV TERASKONSTRUKTSIOON\u3011 - Meie ketitropp on valmistatud G80 Mn-terasest ketist ja legeerterasest konksust ning sellel on t\u00e4isautomaatne keevitustehnoloogia, mis on loodud pikaajaliseks kasutamiseks.<\/p>\n<\/li>\n<li>\n<p>\u3010TUGEV KETT JA KONKSUD\u3011 - Selle keti-tropi kett on valmistatud G80 Mn-terasest. T\u00f5stel\u00fcli ja konks on pulberv\u00e4rvitud legeerterasest. See on kulumiskindel ja vastupidav k\u00f5rgele temperatuurile.<\/p>\n<\/li>\n<li>\n<p>\u3010KASUTAMISE ETTEVAATUSABIN\u00d5UD\u3011- Esemed peavad rippuma konksu keskel. Konksu serv ei tohi rippuda. Ketti ei tohi kasutada moonutatud, tagurpidi ega sassis olekus.<\/p>\n<\/li>\n<li>\n<p>\u3010LAIALDASELT KASUTAMISEKS\u3011 - See sobib suurep\u00e4raselt mitmesugusteks t\u00f5ste- ja teisaldamistegevusteks tehastes, ehitusplatsidel, kaevandustes, sadamates, hoonetes jne. Tugevdatud ketikinnitus on m\u00f5eldud lasti turvaliseks pukseerimiseks ja k\u00e4itlemiseks.<\/p>\n<\/li>\n<li>\n<p>Keti kasutamine<\/p>\n<\/li>\n<li>\n<p>Kui ilmneb \u00fcks j\u00e4rgmistest n\u00e4htustest, tuleks ketitroppide kasutamine koheselt l\u00f5petada<\/p>\n<\/li>\n<li>\n<p>A. Originaali 10% l\u00e4bim\u00f5\u00f5duga kahjustused;<\/p>\n<\/li>\n<li>\n<p>B. Ketil on pragusid, painutusi, moonutusi v\u00f5i pinnakahjustusi (n\u00e4htus);<\/p>\n<\/li>\n<li>\n<p>C. Keti p\u00fcsiv venivus \u00fcletab 5% tegelikust pikkusest.<\/p>\n<\/li>\n<li>\n<p>T\u00e4helepanu<\/p>\n<\/li>\n<li>\n<p>Raskete esemete t\u00f5stmisel peaksid kasutajad v\u00e4ltima esemete all v\u00f5i l\u00e4hedal seismist;<\/p>\n<\/li>\n<li>\n<p>Kasutajad peaksid k\u00f6isi regulaarselt kontrollima visuaalsete kahjustuste, sh vigastuste all peituvate plekkide suhtes, mis v\u00f5ivad ohustada taglase ohutut kasutamist.<\/p>\n<\/li>\n<\/ul>\n<\/div>\n<\/div>\n<\/div>\n<\/div>\n<p><\/p>","protected":false},"excerpt":{"rendered":"<p>Hign-concerned Chemical:&nbsp;None Origin:&nbsp;Mainland China Brand Name:&nbsp;VEVOR Product Description 5\/16&#x27;&#x27;x13&#x27; Chain Sling This Chain Sling of four legs is constructed of a G80 Mn-steel chain and alloy steel hook with powder<\/p>","protected":false},"featured_media":24908,"comment_status":"open","ping_status":"closed","template":"","meta":{"_acf_changed":false},"product_brand":[],"product_cat":[517],"product_tag":[],"class_list":{"0":"post-24907","1":"product","2":"type-product","3":"status-publish","4":"has-post-thumbnail","6":"product_cat-electric-lifting-hoists","8":"first","9":"instock","10":"shipping-taxable","11":"purchasable","12":"product-type-variable"},"acf":[],"_links":{"self":[{"href":"https:\/\/www.electricstore.eu\/et\/wp-json\/wp\/v2\/product\/24907","targetHints":{"allow":["GET"]}}],"collection":[{"href":"https:\/\/www.electricstore.eu\/et\/wp-json\/wp\/v2\/product"}],"about":[{"href":"https:\/\/www.electricstore.eu\/et\/wp-json\/wp\/v2\/types\/product"}],"replies":[{"embeddable":true,"href":"https:\/\/www.electricstore.eu\/et\/wp-json\/wp\/v2\/comments?post=24907"}],"wp:featuredmedia":[{"embeddable":true,"href":"https:\/\/www.electricstore.eu\/et\/wp-json\/wp\/v2\/media\/24908"}],"wp:attachment":[{"href":"https:\/\/www.electricstore.eu\/et\/wp-json\/wp\/v2\/media?parent=24907"}],"wp:term":[{"taxonomy":"product_brand","embeddable":true,"href":"https:\/\/www.electricstore.eu\/et\/wp-json\/wp\/v2\/product_brand?post=24907"},{"taxonomy":"product_cat","embeddable":true,"href":"https:\/\/www.electricstore.eu\/et\/wp-json\/wp\/v2\/product_cat?post=24907"},{"taxonomy":"product_tag","embeddable":true,"href":"https:\/\/www.electricstore.eu\/et\/wp-json\/wp\/v2\/product_tag?post=24907"}],"curies":[{"name":"wp","href":"https:\/\/api.w.org\/{rel}","templated":true}]}}