{"id":24898,"date":"2025-05-20T18:43:19","date_gmt":"2025-05-20T18:43:19","guid":{"rendered":"https:\/\/electricstore.eu\/p\/uncategorized\/vevor-4t-chain-sling-1m-2m-x-8mm-four-leg-with-powder-coating-steel-hook-grade-80-high-temperature-resistance-for-lifting\/"},"modified":"2025-05-20T18:45:36","modified_gmt":"2025-05-20T18:45:36","slug":"vevor-4t-chain-sling-1m-2m-x-8mm-four-leg-with-powder-coating-steel-hook-grade-80-high-temperature-resistance-for-lifting","status":"publish","type":"product","link":"https:\/\/www.electricstore.eu\/et\/p\/o\/electric-lifting-hoists\/vevor-4t-chain-sling-1m-2m-x-8mm-four-leg-with-powder-coating-steel-hook-grade-80-high-temperature-resistance-for-lifting\/","title":{"rendered":"VEVOR 4T kett-tropp \u2013 1M \/ 2M x 8MM neljaharuline pulberv\u00e4rvitud teraskonksuga \u2013 klass 80, k\u00f5rge temperatuuritaluvus t\u00f5stmiseks"},"content":{"rendered":"<div class=\"product-specs-list-container\">\n<ul class=\"product-specs-list util-clearfix\">\n<li class=\"product-prop line-limit-length\"><span\n                                        class=\"property-title\">K\u00f5rge riskiga kemikaal:&nbsp;<\/span><span\n                                        class=\"property-desc line-limit-length\">Puudub<\/span>\n                            <\/li>\n<li class=\"product-prop line-limit-length\"><span\n                                        class=\"property-title\">Mudelinumber:&nbsp;<\/span><span\n                                        class=\"property-desc line-limit-length\">Kett-sling<\/span>\n                            <\/li>\n<li class=\"product-prop line-limit-length\"><span\n                                        class=\"property-title\">P\u00e4ritolu:&nbsp;<\/span><span\n                                        class=\"property-desc line-limit-length\">Mandri-Hiina<\/span>\n                            <\/li>\n<li class=\"product-prop line-limit-length\"><span\n                                        class=\"property-title\">Br\u00e4ndi nimi:&nbsp;<\/span><span\n                                        class=\"property-desc line-limit-length\">VEVOR<\/span>\n                            <\/li>\n<li class=\"product-prop line-limit-length\"><span\n                                        class=\"property-title\">Materjal:&nbsp;<\/span><span\n                                        class=\"property-desc line-limit-length\">Legeerteras<\/span>\n                            <\/li>\n<\/ul><\/div>\n<div class=\"detailmodule_html\">\n<div class=\"detail-desc-decorate-richtext\">\n<div style=\"padding:20px;padding-bottom:20px;padding-top:20px;padding-left:20px;padding-right:20px\">\n<div style=\"text-align:center;width:100%\" align=\"center\"><img decoding=\"async\" src=\"https:\/\/vevor-bmp-prm.s3.ap-east-1.amazonaws.com\/default\/vevor-1.png\" slate-data-type=\"image\"\/><\/div>\n<div style=\"font-size:16px;font-weight:bold;line-height:36px\">Toote kirjeldus<\/div>\n<div style=\"width:100%\"><img decoding=\"async\" src=\"https:\/\/d2qc09rl1gfuof.cloudfront.net\/product\/GLSJG80SZGL8MMX2M\/chain-slings-a100-1.4.jpg\" slate-data-type=\"image\"\/><\/div>\n<div style=\"margin-top:15px;display:flex\">\n<div style=\"width:33%\"><img decoding=\"async\" style=\"width:100%\" width=\"100%\" src=\"https:\/\/d2qc09rl1gfuof.cloudfront.net\/product\/GLSJG80SZGL8MMX2M\/four-+leg-+Lifting+-Chain-x1.jpg\" slate-data-type=\"image\"\/><\/div>\n<div style=\"padding:0px 15px;padding-bottom:0px;padding-top:0px;padding-left:15px;padding-right:15px;width:33%\">\n<div style=\"font-size:16px;font-weight:700;line-height:36px\">5\/16&#039;&#039; x 6,5&#039; kett-tropp<\/div>\n<div style=\"font-size:14px\"><\/div>\n<div style=\"font-size:14px\">See neljaharuline kett-tropp on valmistatud G80 Mn-terasest ketist ja pulberv\u00e4rvitud legeerterasest konksust, mis pinge all ei pikene. See on kulumis- ja k\u00f5rge temperatuurikindel, et tagada pikk kasutusiga, mis on kasulik t\u00f6\u00f6riist t\u00f6\u00f6 efektiivsuse parandamiseks.<\/div>\n<ul style=\"font-size:14px;background-color:rgb(243, 243, 243);border:1px solid rgb(204, 204, 204);margin-top:8px;padding:10px 40px;padding-bottom:10px;padding-top:10px;padding-left:40px;padding-right:40px\">\n<li>\n<p>8800 naela kandev\u00f5ime<\/p>\n<\/li>\n<li>\n<p>Vastupidav teraskonstruktsioon<\/p>\n<\/li>\n<li>\n<p>Tugevdatud kett ja konksud<\/p>\n<\/li>\n<li>\n<p>Kasutamise ettevaatusabin\u00f5ud<\/p>\n<\/li>\n<\/ul>\n<\/div>\n<div style=\"border-left:1px solid rgb(204, 204, 204);padding:0px 15px;padding-bottom:0px;padding-top:0px;padding-left:15px;padding-right:15px;width:33%\">\n<div style=\"padding:0px 15px;padding-bottom:0px;padding-top:0px;padding-left:15px;padding-right:15px\">\n<div><img decoding=\"async\" style=\"width:100%\" width=\"100%\" src=\"https:\/\/www.jinlantrade.com\/ebay\/VEVOR\/vevor-2.png\" slate-data-type=\"image\"\/><\/div>\n<div style=\"font-size:14px;font-weight:bold;line-height:24px\">Vastupidav varustus ja t\u00f6\u00f6riistad, maksa v\u00e4hem<\/div>\n<div style=\"font-size:12px;margin:8px 0px;margin-bottom:8px;margin-top:8px;margin-left:0px;margin-right:0px\">VEVOR on juhtiv kaubam\u00e4rk, mis on spetsialiseerunud seadmetele ja t\u00f6\u00f6riistadele. Lisaks tuhandetele motiveeritud kasutajatele<br \/>t\u00f6\u00f6tajaid, on VEVOR p\u00fchendunud pakkuma oma klientidele vastupidavaid seadmeid ja t\u00f6\u00f6riistu uskumatult soodsa hinnaga<br \/>madalad hinnad. T\u00e4nap\u00e4eval m\u00fc\u00fcakse VEVORi tooteid enam kui 200 riigis ja piirkonnas, kus on \u00fcle 10 miljoni eksemplari.<br \/>pluss liikmed \u00fcle maailma.<\/div>\n<div style=\"font-size:14px;font-weight:bold;line-height:24px\">Miks valida VEVOR?<\/div>\n<ul style=\"font-size:14px;background-color:rgb(243, 243, 243);border:1px solid rgb(204, 204, 204);margin-top:8px;padding:10px 40px;padding-bottom:10px;padding-top:10px;padding-left:40px;padding-right:40px\">\n<li>\n<p>Esmaklassiline vastupidav kvaliteet<\/p>\n<\/li>\n<li>\n<p>Uskumatult madalad hinnad<\/p>\n<\/li>\n<li>\n<p>Kiire ja turvaline kohaletoimetamine<\/p>\n<\/li>\n<li>\n<p>30-p\u00e4evane tasuta tagastus\u00f5igus<\/p>\n<\/li>\n<li>\n<p>T\u00e4helepanelik teenindus \u00f6\u00f6p\u00e4evaringselt<\/p>\n<\/li>\n<\/ul>\n<\/div>\n<\/div>\n<\/div>\n<div style=\"margin-top:30px\">\n<div style=\"font-size:16px;font-weight:bold;line-height:36px\">Peamised omadused<\/div>\n<div style=\"padding:30px;padding-bottom:30px;padding-top:30px;padding-left:30px;padding-right:30px\">\n<div>\n<div style=\"margin-top:15px;padding:0px 15px;padding-bottom:0px;padding-top:0px;padding-left:15px;padding-right:15px;display:inline-block;width:33%;box-sizing:border-box\">\n<div><img decoding=\"async\" style=\"width:100%\" width=\"100%\" src=\"https:\/\/d2qc09rl1gfuof.cloudfront.net\/product\/GLSJG80SZGL8MMX2M\/chain-slings-m100-2.jpg\" slate-data-type=\"image\"\/><\/div>\n<div style=\"font-size:16px;font-weight:700;line-height:36px\">Suur laadimismaht<\/div>\n<div style=\"font-size:14px\">Meie kett-tropil on t\u00e4isautomaatne keevitustehnoloogia. Selle nimikandev\u00f5ime on 8800 naela (4000 kg). Seda tuleb kasutada nimikoormuse vahemikus.<\/div>\n<\/div>\n<div style=\"margin-top:15px;padding:0px 15px;padding-bottom:0px;padding-top:0px;padding-left:15px;padding-right:15px;display:inline-block;width:33%;box-sizing:border-box\">\n<div><img decoding=\"async\" style=\"width:100%\" width=\"100%\" src=\"https:\/\/d2qc09rl1gfuof.cloudfront.net\/product\/GLSJG80SZGL8MMX2M\/chain-slings-m100-3.jpg\" slate-data-type=\"image\"\/><\/div>\n<div style=\"font-size:16px;font-weight:700;line-height:36px\">Tugev konstruktsioon<\/div>\n<div style=\"font-size:14px\">Kogu konstruktsioon on valmistatud esmaklassilisest terasest, millel on parem vastupidavus korrosioonile, roostele ja h\u00f5\u00f5rdumisele.<\/div>\n<\/div>\n<div style=\"margin-top:15px;padding:0px 15px;padding-bottom:0px;padding-top:0px;padding-left:15px;padding-right:15px;display:inline-block;width:33%;box-sizing:border-box\">\n<div><img decoding=\"async\" style=\"width:100%\" width=\"100%\" src=\"https:\/\/d2qc09rl1gfuof.cloudfront.net\/product\/GLSJG80SZGL8MMX2M\/chain-slings-m100-4.jpg\" slate-data-type=\"image\"\/><\/div>\n<div style=\"font-size:16px;font-weight:700;line-height:36px\">Raskeveokite kett<\/div>\n<div style=\"font-size:14px\">5\/16&#039;&#039; x 6,5&#039; pikkune kett on valmistatud Mn-terasest. See on kulumiskindel ega veni pinge korral v\u00e4lja, loodud pikaajaliseks kasutamiseks.<\/div>\n<\/div>\n<div style=\"margin-top:15px;padding:0px 15px;padding-bottom:0px;padding-top:0px;padding-left:15px;padding-right:15px;display:inline-block;width:33%;box-sizing:border-box\">\n<div><img decoding=\"async\" style=\"width:100%\" width=\"100%\" src=\"https:\/\/d2qc09rl1gfuof.cloudfront.net\/product\/GLSJG80SZGL8MMX2M\/chain-slings-m100-5.jpg\" slate-data-type=\"image\"\/><\/div>\n<div style=\"font-size:16px;font-weight:700;line-height:36px\">Iselukustuvad konksud<\/div>\n<div style=\"font-size:14px\">Turvalukuga konks on valmistatud legeerterasest, et see vastaks tugevuse ja k\u00f5vaduse n\u00f5uetele ning takistaks libisemist.<\/div>\n<\/div>\n<div style=\"margin-top:15px;padding:0px 15px;padding-bottom:0px;padding-top:0px;padding-left:15px;padding-right:15px;display:inline-block;width:33%;box-sizing:border-box\">\n<div><img decoding=\"async\" style=\"width:100%\" width=\"100%\" src=\"https:\/\/d2qc09rl1gfuof.cloudfront.net\/product\/GLSJG80SZGL8MMX2M\/chain-slings-m100-6.jpg\" slate-data-type=\"image\"\/><\/div>\n<div style=\"font-size:16px;font-weight:700;line-height:36px\">Lihtne kasutada<\/div>\n<div style=\"font-size:14px\">\u00dchendage riputusr\u00f5ngas t\u00f5stukiga, haakige koormad haakidega ja oletegi valmis t\u00f5stma hakkama. V\u00f5ite olla kindel, et kasutate seda.<\/div>\n<\/div>\n<div style=\"margin-top:15px;padding:0px 15px;padding-bottom:0px;padding-top:0px;padding-left:15px;padding-right:15px;display:inline-block;width:33%;box-sizing:border-box\">\n<div><img decoding=\"async\" style=\"width:100%\" width=\"100%\" src=\"https:\/\/d2qc09rl1gfuof.cloudfront.net\/product\/GLSJG80SZGL8MMX2M\/chain-slings-m100-7.jpg\" slate-data-type=\"image\"\/><\/div>\n<div style=\"font-size:16px;font-weight:700;line-height:36px\">Laialdaselt kasutatav<\/div>\n<div style=\"font-size:14px\">Sobib koormate t\u00f5stmiseks v\u00f5i teisaldamiseks erinevates t\u00f6\u00f6stusharudes, n\u00e4iteks masinaehituses, tehastes, ladudes, garaa\u017eides jne.<\/div>\n<\/div>\n<\/div>\n<\/div>\n<\/div>\n<div style=\"margin-top:15px;display:flex\">\n<div style=\"width:33%\"><img decoding=\"async\" style=\"width:100%\" width=\"100%\" src=\"https:\/\/d2qc09rl1gfuof.cloudfront.net\/product\/GLSJG80SZGL8MMX2M\/chain-slings-a100-2.jpg\" slate-data-type=\"image\"\/><\/div>\n<div style=\"padding:0px 15px;padding-bottom:0px;padding-top:0px;padding-left:15px;padding-right:15px;width:33%\">\n<div style=\"font-size:16px;font-weight:700;line-height:36px\">Spetsifikatsioonid<\/div>\n<ul style=\"font-size:14px;border:1px solid rgb(204, 204, 204);margin-top:8px;padding:10px 40px;padding-bottom:10px;padding-top:10px;padding-left:40px;padding-right:40px\">\n<li>\n<p>Materjal: G80, legeerteras<\/p>\n<\/li>\n<li>\n<p>Keti juur: 4<\/p>\n<\/li>\n<li>\n<p>Keti l\u00e4bim\u00f5\u00f5t: 5\/16&quot;\/8 mm<\/p>\n<\/li>\n<li>\n<p>T\u00f6\u00f6pikkus: 6,5&#039; \/ 2 m<\/p>\n<\/li>\n<li>\n<p>Kandev\u00f5ime: 8800 naela \/ 4 t<\/p>\n<\/li>\n<\/ul>\n<\/div>\n<div style=\"border-left:1px solid rgb(204, 204, 204);padding:0px 15px;padding-bottom:0px;padding-top:0px;padding-left:15px;padding-right:15px;width:33%\">\n<div style=\"width:100%\"><img decoding=\"async\" style=\"width:100%\" width=\"100%\" src=\"https:\/\/d2qc09rl1gfuof.cloudfront.net\/product\/GLSJG80SZGL8MMX2M\/chain-slings-a100-3.jpg\" slate-data-type=\"image\"\/><\/div>\n<div style=\"font-size:14px;font-weight:bold;line-height:24px\">Pakendi sisu<\/div>\n<ul style=\"font-size:14px;background-color:rgb(243, 243, 243);border:1px solid rgb(204, 204, 204);margin-top:8px;padding:10px 40px;padding-bottom:10px;padding-top:10px;padding-left:40px;padding-right:40px\">\n<li>\n<p>1 x ketikinnitus<\/p>\n<\/li>\n<\/ul>\n<\/div>\n<\/div>\n<div style=\"margin-top:15px;display:flex\">\n<div style=\"width:33%\"><img decoding=\"async\" style=\"width:100%\" width=\"100%\" src=\"https:\/\/d2qc09rl1gfuof.cloudfront.net\/product\/GLSJG80SZGL8MMX1M\/chain-slings-a100-2.jpg\" slate-data-type=\"image\"\/><\/div>\n<div style=\"padding:0px 15px;padding-bottom:0px;padding-top:0px;padding-left:15px;padding-right:15px;width:33%\">\n<div style=\"font-size:16px;font-weight:700;line-height:36px\">Spetsifikatsioonid<\/div>\n<ul style=\"font-size:14px;border:1px solid rgb(204, 204, 204);margin-top:8px;padding:10px 40px;padding-bottom:10px;padding-top:10px;padding-left:40px;padding-right:40px\">\n<li>\n<p>Materjal: G80, legeerteras<\/p>\n<\/li>\n<li>\n<p>Keti juur: 4<\/p>\n<\/li>\n<li>\n<p>Keti l\u00e4bim\u00f5\u00f5t: 5\/16&quot;\/8 mm<\/p>\n<\/li>\n<li>\n<p>T\u00f6\u00f6pikkus: 1 m<\/p>\n<\/li>\n<li>\n<p>Kandev\u00f5ime: 8800 naela \/ 4 t<\/p>\n<\/li>\n<\/ul>\n<\/div>\n<div style=\"border-left:1px solid rgb(204, 204, 204);padding:0px 15px;padding-bottom:0px;padding-top:0px;padding-left:15px;padding-right:15px;width:33%\">\n<div style=\"width:100%\"><img decoding=\"async\" style=\"width:100%\" width=\"100%\" src=\"https:\/\/d2qc09rl1gfuof.cloudfront.net\/product\/GLSJG80SZGL8MMX1M\/chain-slings-a100-3.jpg\" slate-data-type=\"image\"\/><\/div>\n<div style=\"font-size:14px;font-weight:bold;line-height:24px\">Pakendi sisu<\/div>\n<ul style=\"font-size:14px;background-color:rgb(243, 243, 243);border:1px solid rgb(204, 204, 204);margin-top:8px;padding:10px 40px;padding-bottom:10px;padding-top:10px;padding-left:40px;padding-right:40px\">\n<li>\n<p>1 x ketikinnitus<\/p>\n<\/li>\n<\/ul>\n<\/div>\n<\/div>\n<div>\n<div style=\"font-size:16px;font-weight:bold;line-height:36px\">Omadused ja \u00fcksikasjad<\/div>\n<ul style=\"font-size:14px;padding-left:40px\">\n<li>\n<p>\u3010KANDEV\u00d5IME 8800 KG\u3011 - Keti pikkus: 6,5&#039;. Keti l\u00e4bim\u00f5\u00f5t: 5\/16&#039;&#039;. T\u00f6\u00f6v\u00f5ime: 8800 naela. T\u00e4nu k\u00f5rgele turvakoefitsiendile saate seda toodet mugavalt kasutada.<\/p>\n<\/li>\n<li>\n<p>\u3010VASTUPIDAV TERASKONSTRUKTSIOON\u3011 - Meie ketitropp on valmistatud G80 Mn-terasest ketist ja legeerterasest konksust ning sellel on t\u00e4isautomaatne keevitustehnoloogia, mis on loodud pikaajaliseks kasutamiseks.<\/p>\n<\/li>\n<li>\n<p>\u3010TUGEV KETT JA KONKSUD\u3011 - Selle keti-tropi kett on valmistatud G80 Mn-terasest. T\u00f5stel\u00fcli ja konks on pulberv\u00e4rvitud legeerterasest. See on kulumiskindel ja vastupidav k\u00f5rgele temperatuurile.<\/p>\n<\/li>\n<li>\n<p>\u3010KASUTAMISE ETTEVAATUSABIN\u00d5UD\u3011- Esemed peavad rippuma konksu keskel. Konksu serv ei tohi rippuda. Ketti ei tohi kasutada moonutatud, tagurpidi ega sassis olekus.<\/p>\n<\/li>\n<li>\n<p>\u3010LAIALDASELT KASUTAMISEKS\u3011 - See sobib suurep\u00e4raselt mitmesugusteks t\u00f5ste- ja teisaldamistegevusteks tehastes, ehitusplatsidel, kaevandustes, sadamates, hoonetes jne. Tugevdatud ketikinnitus on m\u00f5eldud lasti turvaliseks pukseerimiseks ja k\u00e4itlemiseks.<\/p>\n<\/li>\n<\/ul>\n<\/div>\n<\/div>\n<\/div>\n<\/div>\n<p><\/p>","protected":false},"excerpt":{"rendered":"<p>Hign-concerned Chemical:&nbsp;None Model Number:&nbsp;Chain Sling Origin:&nbsp;Mainland China Brand Name:&nbsp;VEVOR Material:&nbsp;Alloy Steel Product Description 5\/16&#x27;&#x27; x 6.5&#x27; Chain Sling This Chain Sling of four legs is constructed of a G80 Mn-steel<\/p>","protected":false},"featured_media":24899,"comment_status":"open","ping_status":"closed","template":"","meta":{"_acf_changed":false},"product_brand":[],"product_cat":[517],"product_tag":[],"class_list":{"0":"post-24898","1":"product","2":"type-product","3":"status-publish","4":"has-post-thumbnail","6":"product_cat-electric-lifting-hoists","8":"first","9":"instock","10":"shipping-taxable","11":"purchasable","12":"product-type-variable"},"acf":[],"_links":{"self":[{"href":"https:\/\/www.electricstore.eu\/et\/wp-json\/wp\/v2\/product\/24898","targetHints":{"allow":["GET"]}}],"collection":[{"href":"https:\/\/www.electricstore.eu\/et\/wp-json\/wp\/v2\/product"}],"about":[{"href":"https:\/\/www.electricstore.eu\/et\/wp-json\/wp\/v2\/types\/product"}],"replies":[{"embeddable":true,"href":"https:\/\/www.electricstore.eu\/et\/wp-json\/wp\/v2\/comments?post=24898"}],"wp:featuredmedia":[{"embeddable":true,"href":"https:\/\/www.electricstore.eu\/et\/wp-json\/wp\/v2\/media\/24899"}],"wp:attachment":[{"href":"https:\/\/www.electricstore.eu\/et\/wp-json\/wp\/v2\/media?parent=24898"}],"wp:term":[{"taxonomy":"product_brand","embeddable":true,"href":"https:\/\/www.electricstore.eu\/et\/wp-json\/wp\/v2\/product_brand?post=24898"},{"taxonomy":"product_cat","embeddable":true,"href":"https:\/\/www.electricstore.eu\/et\/wp-json\/wp\/v2\/product_cat?post=24898"},{"taxonomy":"product_tag","embeddable":true,"href":"https:\/\/www.electricstore.eu\/et\/wp-json\/wp\/v2\/product_tag?post=24898"}],"curies":[{"name":"wp","href":"https:\/\/api.w.org\/{rel}","templated":true}]}}