{"id":24753,"date":"2025-05-20T18:42:28","date_gmt":"2025-05-20T18:42:28","guid":{"rendered":"https:\/\/electricstore.eu\/p\/uncategorized\/24v-kids-electric-motorcycle-150w-7-5mph-led-lights-dual-speed-for-ages-6-143lbs-capacity\/"},"modified":"2025-05-20T18:43:41","modified_gmt":"2025-05-20T18:43:41","slug":"24v-kids-electric-motorcycle-150w-7-5mph-led-lights-dual-speed-for-ages-6-143lbs-capacity","status":"publish","type":"product","link":"https:\/\/www.electricstore.eu\/et\/p\/motorbikes\/electric-children-motorbikes\/24v-kids-electric-motorcycle-150w-7-5mph-led-lights-dual-speed-for-ages-6-143lbs-capacity\/","title":{"rendered":"24V laste elektrimootorratas 150W 7.5MPH LED-tuled kahekiiruselised vanusele 6+ mahutavusega 143 naela"},"content":{"rendered":"<div class=\"product-specs-list-container\">\n<ul class=\"product-specs-list util-clearfix\">\n<li class=\"product-prop line-limit-length\"><span\n                                        class=\"property-title\">K\u00f5rge riskiga kemikaal:&nbsp;<\/span><span\n                                        class=\"property-desc line-limit-length\">Puudub<\/span>\n                            <\/li>\n<li class=\"product-prop line-limit-length\"><span\n                                        class=\"property-title\">P\u00e4ritolu:&nbsp;<\/span><span\n                                        class=\"property-desc line-limit-length\">Mandri-Hiina<\/span>\n                            <\/li>\n<li class=\"product-prop line-limit-length\"><span\n                                        class=\"property-title\">Toote t\u00fc\u00fcp:&nbsp;<\/span><span\n                                        class=\"property-desc line-limit-length\">electric motorcycles<\/span>\n                            <\/li>\n<\/ul><\/div>\n<div class=\"detailmodule_text-image\">\n<p style=\"font-size:16px\">Kirjeldus<br \/>Kas soovite oma lastele pakkuda l\u00f5busat ja avastamisr\u00f5\u00f5mu t\u00e4is lapsep\u00f5lve? Siis on see lastele m\u00f5eldud elektrimootorratas ideaalne valik! Oma laheda ja pilkup\u00fc\u00fcdva disainiga muudab see lapsed koheselt v\u00e4ikesteks v\u00f5idus\u00f5itjateks, n\u00e4idates \u00fcles nende lapselikku stiili. Laske sellel s\u00fctitada teie laste avastamiskirg ja viia nad \u00f5nneliku tuleviku poole!<\/p>\n<p>Peamised omadused<br \/>Kestma: See on valmistatud kvaliteetsest rauast ja lapses\u00f5bralikust PP-st, kasutades plastpihustamise ja vee\u00fclekande tr\u00fckkimise protsesse, muutes selle keskkonnas\u00f5bralikuks, korrosioonikindlaks, niiskuskindlaks, ilmastikukindlaks, vananemisvastaseks ja kulumiskindlaks, seega peab see ajaproovile h\u00e4sti vastu.<\/p>\n<p>T\u00f5hus elektris\u00fcsteem: 150 W suure v\u00f5imsusega ja 24 V 3,0 Ah laetava akuga saate p\u00e4rast 3\u20135-tunnist laadimist s\u00f5ita umbes 1,2 tundi, mis rahuldab teie lapse s\u00f5idur\u00f5\u00f5mu ilma sagedase laadimiseta.<\/p>\n<p>Kahekiiruseline re\u017eiim: elektrimootorratas on varustatud kahe kiiruse reguleerimise funktsiooniga (4,97 miili\/h, 7,46 miili\/h), saate vabalt vahetada suure ja v\u00e4ikese kiiruse re\u017eiimi vastavalt teeoludele ja oma isiklikele s\u00f5iduharjumustele, mis sobib eriti h\u00e4sti lastele v\u00f5i esmakordsetele kasutajatele s\u00f5idur\u00f5\u00f5mu nautimiseks. <\/p>\n<p>Naljakas s\u00f5itmine: Sellel on lahe mootorratta disain ja v\u00e4rvilised LED-tuled (punane, sinine ja roheline), mis vastavad laste huvidele, v\u00f5imaldades palju lihtsamat ja l\u00f5busamat s\u00f5itmist. <\/p>\n<p>Mugav ja ohutu: ergonoomiline iste pakub lastele suurep\u00e4rast ja mugavat s\u00f5idukogemust. Lisaks tagab tagumine ketaspiduris\u00fcsteem teie lapse ohutuse s\u00f5idu ajal ja l\u00fchike k\u00e4epide on t\u00f5hus kiireks pidurdamiseks.                                      <\/p>\n<p>Suur kandev\u00f5ime: Stabiilne raudraam, kolmnurkne konstruktsioon ja kindel kruvi\u00fchendus annavad tootele kandev\u00f5ime 143,3 naela (70,3 kg), mis teeb selle kasutamise mugavamaks.<\/p>\n<p>Lihtne hooldada: T\u00e4nu siledale pinnale ja lihtsale konstruktsioonile saate mustuse pehme lapiga h\u00f5lpsalt p\u00fchkida.\u00a0<\/p>\n<p>Imeline kingitus: see toode v\u00f5ib s\u00fctitada lapses kire avastamise ja seikluste vastu, aidata tal arendada julgust, uudishimu ning suurep\u00e4raseid kontrolli- ja s\u00f5iduoskusi, mis eristavad teda rahvahulgast, muutes selle ideaalseks s\u00fcnnip\u00e4eva- ja p\u00fchadekingiks teie lapsele.<\/p>\n<p>Kokkupanek imelihtne: T\u00e4ielikud paigaldustarvikud, \u00fcksikasjalik kasutusjuhend ja lihtne konstruktsioon v\u00f5imaldavad teil kokkupaneku v\u00e4ga l\u00fchikese ajaga l\u00f5pule viia.\u00a0 \u00a0<\/p>\n<p>Hea klienditeenindus: Seisame k\u00f5igi oma k\u00fclaliste eest ja ootame, et saaksime teid ostu sooritamisel abistada. Meil on hea meel vastata teie k\u00fcsimustele ja tekkinud segadusele. Meievaheline lugu ei l\u00f5ppe sellega, et \u201emeie m\u00fc\u00fcme ja teie ostate\u201c.<\/p>\n<p>Detailid<br \/>Libisemisvastane pedaal: see suurendab h\u00f5\u00f5rdumist jalatalla ja pedaali vahel, et v\u00e4ltida libisemist.<\/p>\n<p>Libisemisvastased rehvid: Libisemisvastaste soontega rehvid on vastupidavad ja haarduvad ning takistavad ka libisemist m\u00e4rjal teel. <\/p>\n<p>Laadimisn\u00e4idik: Laadijal on m\u00e4rgutuli, nii et saate laadimise olekut h\u00f5lpsalt hallata. Laadimise ajal on indikaator punane ja laadimise l\u00f5ppedes roheline.<\/p>\n<p>Praktilised poritiivad: Esimesed ja tagumised poritiivad kaitsevad teid ja teie jalgratast teatud m\u00e4\u00e4ral poripritsmete eest mudastel teedel s\u00f5ites.<\/p>\n<p>Taotlus<br \/>See toode sobib \u00fcle 6-aastastele lastele ja noorukitele, kes kaaluvad kuni 60 kg. See v\u00f5ib s\u00f5ita ka v\u00e4lispindadel, n\u00e4iteks asfaldil, telliskividel ja tsemendil.<\/p>\n<p>Spetsifikatsioon<br \/>V\u00e4rv: must<br \/>Stiil: Moodne<br \/>Materjal: Raud, PP<br \/>Protsess: plastist pihustamine, vee\u00fclekande tr\u00fckkimine<br \/>Kokkupanek vajalik: Jah<br \/>Pidur: ketaspidur<br \/>Valgusallikas: LED<br \/>Heledad v\u00e4rvid: punane, sinine, roheline<br \/>Toiteallikas: juhtmega elekter<br \/>Pistiku t\u00fc\u00fcp: EL-i standard<br \/>Pinge: 24V<br \/>V\u00f5imsus: 150W<br \/>Aku mahtuvus: 24V 3.0AH<br \/>Adapteri mudel: DCSP294100<br \/>Sisend: 100\u2013240 V vahelduvvool 50\/60 Hz, max 2 A<br \/>V\u00e4ljund: DC29.4V 1A                     <br \/>Laadimisaeg: 3-5 tundi<br \/>Vastupidavusaeg: umbes 1,2 tundi<br \/>Maksimaalne kandev\u00f5ime: 65 kg \/ 143,3 naela<br \/>Sobiv vanus: &gt; 6 aastat<br \/>Kiirus: umbes 8 km\/4,97 miili\/h, 12 km\/7,46 miili\/h<br \/>Ratta l\u00e4bim\u00f5\u00f5t: 30,48 cm \/ 12 tolli<br \/>Ronimiskalle: 15\u00b0<br \/>Kogukaal: 16 kg \/ 35,27 naela <br \/>Paki suurus: 95 * 50 * 20 cm \/ 37,4 * 19,69 * 7,87 tolli<br \/>Toote suurus: 106 * 59 * 66 cm \/ 41,7 * 23,22 * 26 tolli<\/p>\n<p>Pakett sisaldab<br \/>1 * Elektrimootorratas lastele<br \/>1* Mitmekeelne kasutusjuhend<br \/>K\u00f5ik paigaldustarvikud<\/p>\n<p>M\u00e4rkused<br \/>1. Palun lugege enne kasutamist kasutusjuhend t\u00e4ielikult l\u00e4bi. P\u00f6\u00f6rake erilist t\u00e4helepanu kaasasolevatele ohutusjuhistele.<br \/>2. Palun kontrollige regulaarselt osade \u00fchendusi, et veenduda toote kindlas kokkupanekus. Kui liikuvatel osadel v\u00f5i raamil on kahjustuste m\u00e4rke, l\u00f5petage toote kasutamine kohe.        <br \/>3. Laadige akut spetsiaalse laadijaga. \u00c4rge j\u00e4tke akut tule l\u00e4hedale, \u00e4rge v\u00f5tke akut lahti ega kasutage ega laadige akut k\u00f5rge temperatuuri all. P\u00e4rast aku t\u00e4ielikku laadimist eemaldage toitejuhe vooluv\u00f5rgust. <br \/>4. Palun arvestage pildistamisvalguse p\u00f5hjustatud v\u00e4ikese v\u00e4rvierinevuse ja k\u00e4sitsi m\u00f5\u00f5tmisest tuleneva 1-3 cm veaga ning veenduge enne tellimist, et te ei pane pahaks.<\/p>\n<div><img decoding=\"async\" class=\"detail-desc-decorate-image\" src=\"https:\/\/ae01.alicdn.com\/kf\/S1d7394779b5b4835a653a8266080a1492.jpg\" slate-data-type=\"image\"\/><img decoding=\"async\" class=\"detail-desc-decorate-image\" src=\"https:\/\/ae01.alicdn.com\/kf\/S765003a218a84960bb9d46ce7819d964z.jpg\" slate-data-type=\"image\"\/><img decoding=\"async\" class=\"detail-desc-decorate-image\" src=\"https:\/\/ae01.alicdn.com\/kf\/Saa058fb500c74fb781e682dbca8ac52bz.jpg\" slate-data-type=\"image\"\/><img decoding=\"async\" class=\"detail-desc-decorate-image\" src=\"https:\/\/ae01.alicdn.com\/kf\/Sae54b16b03b0488aa3ff0bb79021ca7ay.jpg\" slate-data-type=\"image\"\/><img decoding=\"async\" class=\"detail-desc-decorate-image\" src=\"https:\/\/ae01.alicdn.com\/kf\/Se6e94bc4b13743a1a8e44e84226ea19bc.jpg\" slate-data-type=\"image\"\/><img decoding=\"async\" class=\"detail-desc-decorate-image\" src=\"https:\/\/ae01.alicdn.com\/kf\/S185ea606cfbf4bafb38d9fb1b3ec571dh.jpg\" slate-data-type=\"image\"\/><img decoding=\"async\" class=\"detail-desc-decorate-image\" src=\"https:\/\/ae01.alicdn.com\/kf\/S40704f7f902140f9b514d0d92c692ddf7.jpg\" slate-data-type=\"image\"\/><img decoding=\"async\" class=\"detail-desc-decorate-image\" src=\"https:\/\/ae01.alicdn.com\/kf\/Sad792fe136984d528e31e5b2a7de943am.jpg\" slate-data-type=\"image\"\/><img decoding=\"async\" class=\"detail-desc-decorate-image\" src=\"https:\/\/ae01.alicdn.com\/kf\/S516a33c0181b4487aa02fc9e7cbc639ci.jpg\" slate-data-type=\"image\"\/><img decoding=\"async\" class=\"detail-desc-decorate-image\" src=\"https:\/\/ae01.alicdn.com\/kf\/Sc14e2b75ce11463fae57618a63871aceb.jpg\" slate-data-type=\"image\"\/><\/div>\n<\/div>\n<p><\/p>","protected":false},"excerpt":{"rendered":"<p>Hign-concerned Chemical:&nbsp;None Origin:&nbsp;Mainland China Item Type:&nbsp;electric motorcycles DescriptionDo you want to give your children a childhood full of fun and exploration? Then this electric motorcycle for kids is the ideal<\/p>","protected":false},"featured_media":24754,"comment_status":"open","ping_status":"closed","template":"","meta":{"_acf_changed":false},"product_brand":[],"product_cat":[313],"product_tag":[],"class_list":{"0":"post-24753","1":"product","2":"type-product","3":"status-publish","4":"has-post-thumbnail","6":"product_cat-electric-children-motorbikes","8":"first","9":"instock","10":"shipping-taxable","11":"purchasable","12":"product-type-simple"},"acf":[],"_links":{"self":[{"href":"https:\/\/www.electricstore.eu\/et\/wp-json\/wp\/v2\/product\/24753","targetHints":{"allow":["GET"]}}],"collection":[{"href":"https:\/\/www.electricstore.eu\/et\/wp-json\/wp\/v2\/product"}],"about":[{"href":"https:\/\/www.electricstore.eu\/et\/wp-json\/wp\/v2\/types\/product"}],"replies":[{"embeddable":true,"href":"https:\/\/www.electricstore.eu\/et\/wp-json\/wp\/v2\/comments?post=24753"}],"wp:featuredmedia":[{"embeddable":true,"href":"https:\/\/www.electricstore.eu\/et\/wp-json\/wp\/v2\/media\/24754"}],"wp:attachment":[{"href":"https:\/\/www.electricstore.eu\/et\/wp-json\/wp\/v2\/media?parent=24753"}],"wp:term":[{"taxonomy":"product_brand","embeddable":true,"href":"https:\/\/www.electricstore.eu\/et\/wp-json\/wp\/v2\/product_brand?post=24753"},{"taxonomy":"product_cat","embeddable":true,"href":"https:\/\/www.electricstore.eu\/et\/wp-json\/wp\/v2\/product_cat?post=24753"},{"taxonomy":"product_tag","embeddable":true,"href":"https:\/\/www.electricstore.eu\/et\/wp-json\/wp\/v2\/product_tag?post=24753"}],"curies":[{"name":"wp","href":"https:\/\/api.w.org\/{rel}","templated":true}]}}