{"id":24729,"date":"2025-05-20T18:42:14","date_gmt":"2025-05-20T18:42:14","guid":{"rendered":"https:\/\/electricstore.eu\/p\/uncategorized\/bike-rack-holder-storage-bicycle-repair-stand-aluminum-alloy-cycle-peer-heights-adjustable-fold-cycle-professional-repair-tools\/"},"modified":"2025-05-20T18:43:29","modified_gmt":"2025-05-20T18:43:29","slug":"bike-rack-holder-storage-bicycle-repair-stand-aluminum-alloy-cycle-peer-heights-adjustable-fold-cycle-professional-repair-tools","status":"publish","type":"product","link":"https:\/\/www.electricstore.eu\/et\/p\/a\/bike-rack-holder-storage-bicycle-repair-stand-aluminum-alloy-cycle-peer-heights-adjustable-fold-cycle-professional-repair-tools\/","title":{"rendered":"Jalgrattahoidiku hoidik, jalgratta remondialus, alumiiniumisulamist jalgratta k\u00f5rgus reguleeritav, kokkupandav jalgratas, professionaalsed remondit\u00f6\u00f6riistad"},"content":{"rendered":"<div class=\"product-specs-list-container\">\n<ul class=\"product-specs-list util-clearfix\">\n<li class=\"product-prop line-limit-length\"><span\n                                        class=\"property-title\">P\u00e4ritolu:&nbsp;<\/span><span\n                                        class=\"property-desc line-limit-length\">Mandri-Hiina<\/span>\n                            <\/li>\n<\/ul><\/div>\n<div class=\"detailmodule_html\">\n<div class=\"detail-desc-decorate-richtext\">\n<p>Feature\uff1a\n<\/p>\n<p>Sturdy and durable: This bicycle repair rack is made of sturdy aluminum alloy and can carry heavy bicycles weighing up to 45 kg, including electric bicycles, fat tire bicycles and road bicycles. Mountain bikes. Suitable for bicycle repairers at home or in the workshop.\n<\/p>\n<p>Heavy-duty frame stability: The bicycle bracket has a sturdy heavy-duty frame and fixed leg design for maximum stability. Its pliers have adjustable rubber jaws on the head, which can firmly fix the bicycle in place, but will not scratch the paint surface.\n<\/p>\n<p>Convenience of height adjustment: customize the bracket according to your ergonomic needs, the height can be adjusted to minimize the need to bend or squat, thereby improving your performance during bicycle maintenance.\n<\/p>\n<p>Convenient tool tray: Keep your tools organized and accessible with additional tool trays, perfect for storing screws, screwdrivers, sockets, and more. This feature ensures that you have all the necessary tools to eliminate interruptions during work.\n<\/p>\n<p>Foldable design: This bicycle stand is foldable, so it can be easily assembled, disassembled and stored. Very suitable for mobile mechanics or workshops. Smooth running leg rest pull both legs in a quick movement.\n<\/p>\n<\/p>\n<p>Spetsifikatsioon:\n<\/p>\n<p>Name: Bicycle repair rack\n<\/p>\n<p>Color: Champagne\n<\/p>\n<p>Product material: aluminum alloy\n<\/p>\n<p>Lifting range: 98-159cm\n<\/p>\n<p>Maximum load capacity: about 45kg\n<\/p>\n<\/p>\n<p>Packaging accessories:\n<\/p>\n<p>1 piece of Bicycle Repair Stand\n<\/p>\n<p><img decoding=\"async\" src=\"https:\/\/ae01.alicdn.com\/kf\/Aeaf00512807945f3bfd5626e71854eeb9.jpg\" slate-data-type=\"image\"\/><img decoding=\"async\" src=\"https:\/\/ae01.alicdn.com\/kf\/A03c411091bd642b7973a680f3ba9fb459.jpg\" slate-data-type=\"image\"\/><img decoding=\"async\" src=\"https:\/\/ae01.alicdn.com\/kf\/Ac206a81c61864c8eae037a1ed9b54fe0K.jpg\" slate-data-type=\"image\"\/><img decoding=\"async\" src=\"https:\/\/ae01.alicdn.com\/kf\/A1900d7edc1a645e495ba5a26ba411bd7n.jpg\" slate-data-type=\"image\"\/><img decoding=\"async\" src=\"https:\/\/ae01.alicdn.com\/kf\/Adabe93e4fc2a40a0b8d20f4285eace09O.jpg\" slate-data-type=\"image\"\/><img decoding=\"async\" src=\"https:\/\/ae01.alicdn.com\/kf\/Af5b39cc10e154395a0c2ee45bc46e13cr.jpg\" slate-data-type=\"image\"\/><img decoding=\"async\" src=\"https:\/\/ae01.alicdn.com\/kf\/A04f7da18105c43269c5bc64a096af83dj.jpg\" slate-data-type=\"image\"\/><img decoding=\"async\" src=\"https:\/\/ae01.alicdn.com\/kf\/A65a8c2da09804400af05e4f0048eed413.jpg\" slate-data-type=\"image\"\/><img decoding=\"async\" src=\"https:\/\/ae01.alicdn.com\/kf\/Aa3977084e85046c686598bf6e4026b27p.jpg\" slate-data-type=\"image\"\/><img decoding=\"async\" src=\"https:\/\/ae01.alicdn.com\/kf\/A1b6da4e2270e403880d2a68ae99c90b3i.jpg\" slate-data-type=\"image\"\/><\/p>\n<\/div>\n<\/div>","protected":false},"excerpt":{"rendered":"<p>Origin:&nbsp;Mainland China Feature\uff1a Sturdy and durable: This bicycle repair rack is made of sturdy aluminum alloy and can carry heavy bicycles weighing up to 45 kg, including electric bicycles, fat<\/p>","protected":false},"featured_media":24730,"comment_status":"open","ping_status":"closed","template":"","meta":{"_acf_changed":false},"product_brand":[],"product_cat":[525],"product_tag":[],"class_list":{"0":"post-24729","1":"product","2":"type-product","3":"status-publish","4":"has-post-thumbnail","6":"product_cat-a","8":"first","9":"instock","10":"shipping-taxable","11":"purchasable","12":"product-type-simple"},"acf":[],"_links":{"self":[{"href":"https:\/\/www.electricstore.eu\/et\/wp-json\/wp\/v2\/product\/24729","targetHints":{"allow":["GET"]}}],"collection":[{"href":"https:\/\/www.electricstore.eu\/et\/wp-json\/wp\/v2\/product"}],"about":[{"href":"https:\/\/www.electricstore.eu\/et\/wp-json\/wp\/v2\/types\/product"}],"replies":[{"embeddable":true,"href":"https:\/\/www.electricstore.eu\/et\/wp-json\/wp\/v2\/comments?post=24729"}],"wp:featuredmedia":[{"embeddable":true,"href":"https:\/\/www.electricstore.eu\/et\/wp-json\/wp\/v2\/media\/24730"}],"wp:attachment":[{"href":"https:\/\/www.electricstore.eu\/et\/wp-json\/wp\/v2\/media?parent=24729"}],"wp:term":[{"taxonomy":"product_brand","embeddable":true,"href":"https:\/\/www.electricstore.eu\/et\/wp-json\/wp\/v2\/product_brand?post=24729"},{"taxonomy":"product_cat","embeddable":true,"href":"https:\/\/www.electricstore.eu\/et\/wp-json\/wp\/v2\/product_cat?post=24729"},{"taxonomy":"product_tag","embeddable":true,"href":"https:\/\/www.electricstore.eu\/et\/wp-json\/wp\/v2\/product_tag?post=24729"}],"curies":[{"name":"wp","href":"https:\/\/api.w.org\/{rel}","templated":true}]}}