{"id":24689,"date":"2025-05-20T18:41:47","date_gmt":"2025-05-20T18:41:47","guid":{"rendered":"https:\/\/electricstore.eu\/p\/uncategorized\/homcom-electric-car-for-kids-3-years-audi-rs-e-tron-gt-103x58x41-cm-white\/"},"modified":"2025-05-20T18:42:33","modified_gmt":"2025-05-20T18:42:33","slug":"homcom-electric-car-for-kids-3-years-audi-rs-e-tron-gt-103x58x41-cm-white","status":"publish","type":"product","link":"https:\/\/www.electricstore.eu\/et\/p\/o\/homcom-electric-car-for-kids-3-years-audi-rs-e-tron-gt-103x58x41-cm-white\/","title":{"rendered":"HOMCOM elektriauto lastele alates 3. eluaastast AUDI RS e-tron GT 103x58x41 cm valge"},"content":{"rendered":"<div class=\"product-specs-list-container\">\n<ul class=\"product-specs-list util-clearfix\">\n<li class=\"product-prop line-limit-length\"><span\n                                        class=\"property-title\">Br\u00e4ndi nimi:&nbsp;<\/span><span\n                                        class=\"property-desc line-limit-length\">HOMCOM<\/span>\n                            <\/li>\n<li class=\"product-prop line-limit-length\"><span\n                                        class=\"property-title\">Omadused:&nbsp;<\/span><span\n                                        class=\"property-desc line-limit-length\">S\u00f5ida edasi<\/span>\n                            <\/li>\n<\/ul><\/div>\n<div class=\"detailmodule_html\">\n<div class=\"detail-desc-decorate-richtext\">\n<p>Kui otsite oma lastele elektriautot, siis vaadake seda HOMCOMi elektrilist lasteautot. Sellel on elemendid, mis muudavad selle t\u00f5eliselt turvaliseks ja ainulaadseks. Sellel on signaal, esituled, turvav\u00f6\u00f6, eelinstallitud muusika ja eriti laiad pehmendusega rehvid. Seda saavad juhtida lapsed rooli abil v\u00f5i t\u00e4iskasvanu kaasasoleva puldiga.<\/p>\n<div class=\"detailmodule_html\">\n<div class=\"detail-desc-decorate-richtext\">\n<div style=\"overflow:visible;height:auto\" class=\"lc-1\">\n<div class=\"f-line\">\n<div class=\"fts\">\n<div>\u00a0<\/div>\n<\/div>\n<\/div>\n<\/div>\n<div class=\"lc-1\">\n<div class=\"f-line\">\n<div class=\"fts\">\n<div><strong>Omadused:<\/strong><\/div>\n<div>\u25cf Madala raskuskeskmega laste elektriauto, millel on sujuva s\u00f5idu tagamiseks neljarattavedrustus;<\/div>\n<div>\u25cf Eraldi signaali- ja muusikanupud;<\/div>\n<div>\u25cf Aeglase k\u00e4ivituse mehhanism pakub teie lapsele maksimaalset kaitset;<\/div>\n<div>\u25cf Elektriline lasteauto aku j\u00e4relej\u00e4\u00e4nud laetuse indikaatoriga;<\/div>\n<div>\u25cf Sisaldab AUX-porti, USB- ja TF-kaardi pesa;<\/div>\n<div>\u25cf Sisaldab abirattaid, et aku t\u00fchjenemise korral oleks seda lihtne liigutada ja see lohiseb ilma seadmeta;<\/div>\n<div>\u25cf T\u00e4islaetuna on selle 12 V akuga auto s\u00f5iduulatus kuni 45 minutit (s\u00f5ltuvalt kasutusviisist);<\/div>\n<div>\u25cf Paigaldamine on vajalik;<\/div>\n<div><\/div>\n<\/div>\n<\/div>\n<\/div>\n<div class=\"lc-1\">\n<div class=\"f-line\">\n<div class=\"fts\">\n<div><strong>Spetsifikatsioonid:<\/strong><\/div>\n<\/div>\n<\/div>\n<\/div>\n<\/div>\n<\/div>\n<p>-V\u00e4rv: valge, must;<\/p>\n<p>-Materjal: pol\u00fcprop\u00fcleen (PP), metall;<\/p>\n<p>-Kogum\u00f5\u00f5dud: 103x58x41 cm (PxKxK);<\/p>\n<p>-Istme m\u00f5\u00f5dud: 34\u00d719,5\u00d713 cm (maapinnast);<\/p>\n<p>-Aku: 12V 4,5Ah;<\/p>\n<p>-Esimene laadimine: 8-10 tundi, tavaline laadimine: 10-12 tundi;<\/p>\n<p>-Kiirus: 3\u20135 km\/h;<\/p>\n<p>-Kaugjuhtimise kaugus: 25 m;<\/p>\n<p>-PP rattad: \u00d8 19\u00d77,5 cm (DxAL);<\/p>\n<p>-Aku t\u00f6\u00f6iga: 45 minutit (s\u00f5ltuvalt kasutusviisist);<\/p>\n<p>-Maksimaalne koormus: 25 kg;<\/p>\n<p>-Patareid: 2 x AAA (ei kuulu komplekti);<\/p>\n<p>-Soovituslik vanus: 37-60 kuud;<\/p>\n<p>-Viide: 370-220V90WT;<\/p>\n<p>M\u00e4rkus: Kasutage alati t\u00e4iskasvanu j\u00e4relvalve all;<\/p>\n<div class=\"detailmodule_html\">\n<div class=\"detail-desc-decorate-richtext\">\n<div class=\"lc-1\">\n<div class=\"f-line\">\n<div class=\"fts\">\n<div><img decoding=\"async\" width=\"1000    \" height=\"35\" src=\"https:\/\/ae01.alicdn.com\/kf\/HTB1KhgjkfiSBuNkSnhJq6zDcpXaR.jpg\" slate-data-type=\"image\"\/><\/div>\n<\/div>\n<\/div>\n<\/div>\n<\/div>\n<\/div>\n<p><img decoding=\"async\" src=\"https:\/\/ae01.alicdn.com\/kf\/Sd488e7685245477a9190fe80382909ed3.jpg\" slate-data-type=\"image\"\/><img decoding=\"async\" src=\"https:\/\/ae01.alicdn.com\/kf\/S1d8210f644914a1084b6b350e0d6ff5fB.jpg\" slate-data-type=\"image\"\/><img decoding=\"async\" src=\"https:\/\/ae01.alicdn.com\/kf\/Sde1d5f5e5fde44868d096a0249e13145K.jpg\" slate-data-type=\"image\"\/><img decoding=\"async\" src=\"https:\/\/ae01.alicdn.com\/kf\/S99a8c65feda54a79a50b8d18731b8b1cJ.jpg\" slate-data-type=\"image\"\/><\/p>\n<div class=\"detailmodule_html\">\n<div class=\"detail-desc-decorate-richtext\">\n<div><img fetchpriority=\"high\" decoding=\"async\" width=\"1000\" height=\"1881\" src=\"https:\/\/ae01.alicdn.com\/kf\/Ua8ece3e103ed470793ec3cb15da8a01fz.jpg\" slate-data-type=\"image\"\/><\/div>\n<\/div>\n<\/div>\n<p><\/p>\n<\/div>\n<\/div>","protected":false},"excerpt":{"rendered":"<p>Brand Name:&nbsp;HOMCOM Features:&nbsp;Ride On If you are looking for an electric car for your children, look at this HOMCOM Electric children&#8217;s car. Features elements that make it really safe and<\/p>","protected":false},"featured_media":24690,"comment_status":"open","ping_status":"closed","template":"","meta":{"_acf_changed":false},"product_brand":[],"product_cat":[15],"product_tag":[],"class_list":{"0":"post-24689","1":"product","2":"type-product","3":"status-publish","4":"has-post-thumbnail","6":"product_cat-o","8":"first","9":"instock","10":"shipping-taxable","11":"purchasable","12":"product-type-variable"},"acf":[],"_links":{"self":[{"href":"https:\/\/www.electricstore.eu\/et\/wp-json\/wp\/v2\/product\/24689","targetHints":{"allow":["GET"]}}],"collection":[{"href":"https:\/\/www.electricstore.eu\/et\/wp-json\/wp\/v2\/product"}],"about":[{"href":"https:\/\/www.electricstore.eu\/et\/wp-json\/wp\/v2\/types\/product"}],"replies":[{"embeddable":true,"href":"https:\/\/www.electricstore.eu\/et\/wp-json\/wp\/v2\/comments?post=24689"}],"wp:featuredmedia":[{"embeddable":true,"href":"https:\/\/www.electricstore.eu\/et\/wp-json\/wp\/v2\/media\/24690"}],"wp:attachment":[{"href":"https:\/\/www.electricstore.eu\/et\/wp-json\/wp\/v2\/media?parent=24689"}],"wp:term":[{"taxonomy":"product_brand","embeddable":true,"href":"https:\/\/www.electricstore.eu\/et\/wp-json\/wp\/v2\/product_brand?post=24689"},{"taxonomy":"product_cat","embeddable":true,"href":"https:\/\/www.electricstore.eu\/et\/wp-json\/wp\/v2\/product_cat?post=24689"},{"taxonomy":"product_tag","embeddable":true,"href":"https:\/\/www.electricstore.eu\/et\/wp-json\/wp\/v2\/product_tag?post=24689"}],"curies":[{"name":"wp","href":"https:\/\/api.w.org\/{rel}","templated":true}]}}