{"id":24681,"date":"2025-05-20T18:41:43","date_gmt":"2025-05-20T18:41:43","guid":{"rendered":"https:\/\/electricstore.eu\/p\/uncategorized\/homcom-electric-motorcycle-children-3-years-12v-2-balance-wheels-plus-8-km-h\/"},"modified":"2025-05-20T18:42:46","modified_gmt":"2025-05-20T18:42:46","slug":"homcom-electric-motorcycle-children-3-years-12v-2-balance-wheels-plus-8-km-h","status":"publish","type":"product","link":"https:\/\/www.electricstore.eu\/et\/p\/motorbikes\/electric-children-motorbikes\/homcom-electric-motorcycle-children-3-years-12v-2-balance-wheels-plus-8-km-h\/","title":{"rendered":"HOMCOM elektrimootorratas lastele + 3 aastat 12V 2 tasakaalustusratast + 8 km\/h"},"content":{"rendered":"<div class=\"product-specs-list-container\">\n<ul class=\"product-specs-list util-clearfix\">\n<li class=\"product-prop line-limit-length\"><span\n                                        class=\"property-title\">Br\u00e4ndi nimi:&nbsp;<\/span><span\n                                        class=\"property-desc line-limit-length\">HOMCOM<\/span>\n                            <\/li>\n<li class=\"product-prop line-limit-length\"><span\n                                        class=\"property-title\">P\u00e4ritolu:&nbsp;<\/span><span\n                                        class=\"property-desc line-limit-length\">Mandri-Hiina<\/span>\n                            <\/li>\n<li class=\"product-prop line-limit-length\"><span\n                                        class=\"property-title\">Omadused:&nbsp;<\/span><span\n                                        class=\"property-desc line-limit-length\">S\u00f5ida edasi<\/span>\n                            <\/li>\n<\/ul><\/div>\n<div class=\"detailmodule_html\">\n<div class=\"detail-desc-decorate-richtext\">\n<p><\/p>\n<div>\n<div>\n<div>Seiklus v\u00f5ib alata! See HOMCOMi laste elektrimootorratas on ideaalne seikluskaaslane igale lapsele. Kuni 45-minutilise s\u00f5iduulatusega p\u00e4rast t\u00e4islaadimist saate oma lemmikpaikades k\u00e4ia nagu t\u00f5eline juht. Sellel on 1 mugav iste ja 2 abiratast, mis pakuvad stabiilsust ja turvalisust. Ja seda juhitakse peaaegu nagu p\u00e4ris mootorrattaid, vajutades nuppu, mis asub \u00fchel k\u00e4epidemel, ja kui see vabastada, peatub see.<\/p>\n<\/div>\n<div>\n<div>\n<div>\n<div><strong>Omadused:<\/strong><br \/>\u25cf V\u00e4ga realistlike viimistlustega m\u00e4ngumootorratas pakub pisikestele autentset s\u00f5idukogemust;<\/div>\n<div>\u25cf 12 V laetav aku, mille t\u00f6\u00f6iga p\u00e4rast t\u00e4ielikku laadimist on umbes 45 minutit;<\/div>\n<div>\u25cf Kahekordne summutuss\u00fcsteem ohutuks ja mugavaks s\u00f5iduks;<\/div>\n<div>\u25cf Sellel elektrimootorrattal on kaks eemaldatavat abiratast;<\/div>\n<div>\u25cf See l\u00fclitatakse sisse, vajutades nuppu, mis asub \u00fchel k\u00e4epidemetest, ja peatub, kui see vabastatakse;<\/div>\n<div>\u25cf Paigaldamine on vajalik;<\/p>\n<\/div>\n<\/div>\n<\/div>\n<\/div>\n<div>\n<div>\n<div>\n<div><strong>Spetsifikatsioonid:<\/strong><br \/>\u25cf Materjal: PP ja metall;<\/div>\n<div>\u25cf Kogum\u00f5\u00f5tmed: 106,5 \u00d7 51,5 \u00d7 68 cm (P \u00d7 AN \u00d7 AL);<\/div>\n<div>\u25cf Istme m\u00f5\u00f5dud: 35x15x49 cm (PxANxAL);<\/div>\n<div>\u25cf Rataste l\u00e4bim\u00f5\u00f5t: \u00d8 34 cm;<\/div>\n<div>\u25cf Kiirusevahemik: 3\u20138 km\/h;<\/div>\n<div>\u25cf Laadimisaeg: 8\u201312 tundi;<\/div>\n<div>\u25cf Aku t\u00f6\u00f6iga (t\u00e4islaetud): 45 minutit;<\/div>\n<div>\u25cf Aku: 12 V, 4,5 A;<\/div>\n<div>\u25cf Soovitatav vanus: alates 3. eluaastast;<\/div>\n<div>\u25cf Maksimaalne toetatav kaal: 30 kg;<\/p>\n<\/div>\n<\/div>\n<\/div>\n<\/div>\n<div><img decoding=\"async\" width=\"1000    \" height=\"35\" src=\"https:\/\/ae01.alicdn.com\/kf\/HTB1KhgjkfiSBuNkSnhJq6zDcpXaR.jpg\" slate-data-type=\"image\"\/><\/div>\n<div>\n<div><img decoding=\"async\" width=\"1000\" src=\"https:\/\/ae01.alicdn.com\/kf\/Ha4cf50237c924b5fb3feafe5a8c98fbdf.jpg\" slate-data-type=\"image\"\/><\/div>\n<div><img decoding=\"async\" width=\"1000\" src=\"https:\/\/ae01.alicdn.com\/kf\/H5f32a616bd98452d83e0584f095f9ca8P.jpg\" slate-data-type=\"image\"\/><\/div>\n<div><img decoding=\"async\" width=\"1000\" src=\"https:\/\/ae01.alicdn.com\/kf\/H94a735ea79ad493f936fe95099dea084O.jpg\" slate-data-type=\"image\"\/><\/div>\n<div><img decoding=\"async\" width=\"1000\" src=\"https:\/\/ae01.alicdn.com\/kf\/H80b5463f227146c980a676339489f97f3.jpg\" slate-data-type=\"image\"\/><\/div>\n<div><img decoding=\"async\" width=\"1000\" src=\"https:\/\/ae01.alicdn.com\/kf\/Hc1cfe080fd1648e09c55f47aa1f33731F.jpg\" slate-data-type=\"image\"\/><\/div>\n<div><img decoding=\"async\" width=\"1000\" src=\"https:\/\/ae01.alicdn.com\/kf\/Hd9b5ca2473164f0dbfa582482c90603cb.jpg\" slate-data-type=\"image\"\/><\/div>\n<div><img decoding=\"async\" width=\"1000\" src=\"https:\/\/ae01.alicdn.com\/kf\/Hb3577dba132e4438a59d3bd6c27c70659.jpg\" slate-data-type=\"image\"\/><\/div>\n<div><img decoding=\"async\" width=\"1000\" src=\"https:\/\/ae01.alicdn.com\/kf\/H1032ee7a8aba49fe81dc9315aba7f6fdk.jpg\" slate-data-type=\"image\"\/><\/div>\n<\/div>\n<div><img fetchpriority=\"high\" decoding=\"async\" width=\"1000\" height=\"1881\" src=\"https:\/\/ae01.alicdn.com\/kf\/HTB1i.OtVMHqK1RjSZFkq6x.WFXaT.jpg\" slate-data-type=\"image\"\/><\/div>\n<\/div>\n<\/div>\n<p><\/p>\n<\/div>\n<\/div>","protected":false},"excerpt":{"rendered":"<p>Brand Name:&nbsp;HOMCOM Origin:&nbsp;Mainland China Features:&nbsp;Ride On Let the adventure begin! This HOMCOM children&#8217;s electric motorcycle will be the perfect adventure companion for any child. With a range of up to<\/p>","protected":false},"featured_media":24683,"comment_status":"open","ping_status":"closed","template":"","meta":{"_acf_changed":false},"product_brand":[],"product_cat":[313],"product_tag":[],"class_list":{"0":"post-24681","1":"product","2":"type-product","3":"status-publish","4":"has-post-thumbnail","6":"product_cat-electric-children-motorbikes","8":"first","9":"instock","10":"shipping-taxable","11":"purchasable","12":"product-type-variable"},"acf":[],"_links":{"self":[{"href":"https:\/\/www.electricstore.eu\/et\/wp-json\/wp\/v2\/product\/24681","targetHints":{"allow":["GET"]}}],"collection":[{"href":"https:\/\/www.electricstore.eu\/et\/wp-json\/wp\/v2\/product"}],"about":[{"href":"https:\/\/www.electricstore.eu\/et\/wp-json\/wp\/v2\/types\/product"}],"replies":[{"embeddable":true,"href":"https:\/\/www.electricstore.eu\/et\/wp-json\/wp\/v2\/comments?post=24681"}],"wp:featuredmedia":[{"embeddable":true,"href":"https:\/\/www.electricstore.eu\/et\/wp-json\/wp\/v2\/media\/24683"}],"wp:attachment":[{"href":"https:\/\/www.electricstore.eu\/et\/wp-json\/wp\/v2\/media?parent=24681"}],"wp:term":[{"taxonomy":"product_brand","embeddable":true,"href":"https:\/\/www.electricstore.eu\/et\/wp-json\/wp\/v2\/product_brand?post=24681"},{"taxonomy":"product_cat","embeddable":true,"href":"https:\/\/www.electricstore.eu\/et\/wp-json\/wp\/v2\/product_cat?post=24681"},{"taxonomy":"product_tag","embeddable":true,"href":"https:\/\/www.electricstore.eu\/et\/wp-json\/wp\/v2\/product_tag?post=24681"}],"curies":[{"name":"wp","href":"https:\/\/api.w.org\/{rel}","templated":true}]}}