{"id":24669,"date":"2025-05-20T18:41:34","date_gmt":"2025-05-20T18:41:34","guid":{"rendered":"https:\/\/electricstore.eu\/p\/uncategorized\/homcom-moto-electrica-para-ninos-de-18-36-meses-66x37x44-cm-rojo\/"},"modified":"2025-05-20T18:42:23","modified_gmt":"2025-05-20T18:42:23","slug":"homcom-moto-electrica-para-ninos-de-18-36-meses-66x37x44-cm-rojo","status":"publish","type":"product","link":"https:\/\/www.electricstore.eu\/et\/p\/motorbikes\/electric-children-motorbikes\/homcom-moto-electrica-para-ninos-de-18-36-meses-66x37x44-cm-rojo\/","title":{"rendered":"HOMCOM Moto El\u00e9ctrica Ni\u00f1os de 18-36 Meses 66x37x44 cm Rojo"},"content":{"rendered":"<div class=\"product-specs-list-container\">\n<ul class=\"product-specs-list util-clearfix\">\n<li class=\"product-prop line-limit-length\"><span\n                                        class=\"property-title\">Kas elektriline:&nbsp;<\/span><span\n                                        class=\"property-desc line-limit-length\">Muu aku<\/span>\n                            <\/li>\n<li class=\"product-prop line-limit-length\"><span\n                                        class=\"property-title\">Br\u00e4ndi nimi:&nbsp;<\/span><span\n                                        class=\"property-desc line-limit-length\">HOMCOM<\/span>\n                            <\/li>\n<li class=\"product-prop line-limit-length\"><span\n                                        class=\"property-title\">Omadused:&nbsp;<\/span><span\n                                        class=\"property-desc line-limit-length\">Survevalu<\/span>\n                            <\/li>\n<\/ul><\/div>\n<div class=\"detailmodule_html\">\n<div class=\"detail-desc-decorate-richtext\">\n<div style=\"overflow:visible;height:auto\">\n<div>\n<div>\n<div>BMW mootorratta juhilubadega laps. Tippkiirusega 2,5 km\/h on kindlustusega laps 18\u201336 kuu vanuselt. Mugav iste ja BUTTON sisseehitatud muusika loovad beebidele meeldiva keskkonna, kui nad liiguvad. Kanna seda m\u00e4nguasja mootorrattaga majas s\u00f5ites, et aidata oma poegadel \u00f5ues m\u00e4ngida. Selle kaunid kuninglikud automaatsed t\u00f6\u00f6tuled annavad sulle emotsiooni.<\/p>\n<\/div>\n<\/div>\n<\/div>\n<\/div>\n<div>\n<div>\n<div>\n<div><strong>Omadused:<\/strong><br \/>Robot BMW litsentsiga, ainulaadse v\u00e4limuse, voolujoonelise disaini ja ainulaadse disainiga<br \/>Pedaali ja volangidega juhitav robot, mis on m\u00f5eldud 18\u201336 kuu vanustele lastele.<br \/>Robot Super stabiilne kolmerattalise disainiga<br \/>T\u00f6\u00f6tavad robottuletornid, sisseehitatud muusika ja edasiliikumisfunktsioon, pedaalidega juhtimine, realistlikum<br \/>Robot arendab m\u00e4ngus ja naerus loomulikult k\u00e4e-silma koordinatsiooniv\u00f5imet<br \/>Kuivatusiste TEPITUD. One Directioni pehmele ja tualettlauale lisalaius ja vedrusummutus.<br \/>Robotmootor 6 V v\u00f5imsaks tagumiseks ja t\u00e4iskoormusel 45-minutiliseks pidevaks taasesituseks<br \/>Robot Super lihtne sadul<\/p>\n<p><\/div>\n<\/div>\n<\/div>\n<\/div>\n<div>\n<div>\n<div>\n<div>Roboti v\u00e4rv: punane\/must<br \/>Roboti materjal: metall ja PP<br \/>Roboti m\u00f5\u00f5tmed kokku: 66x37x44 cm (PxKxK)<br \/>Robotiistme suurus: 22 \u00d7 14 cm (P \u00d7 AN)<br \/>Roboti suurus Ratas: \u042418\u00d77,5 cm (DxAN)<br \/>Kuivamisaeg Esimese laadimisega: 10\u201312 tundi<br \/>Kuivamisaeg tavalise pesuvahendiga: 10 tundi<br \/>Kuivamisaeg J\u00e4tkuvalt kasutamisel koos t\u00e4ielikult t\u00e4idetud riietega: 45 min<br \/>Roboti 1 akud: 6 V, 4 Ah<br \/>Roboti laadija: 6 V, 500MA<br \/>Roboti mootor: 390 #<br \/>Kuivatusnetokaal: 4 kg<br \/>Kuivatuskogus (pealt t\u00e4idetuna): 20 kg<br \/>Roboti viitenumber: 370-064RD\/370-064BK<\/div>\n<\/div>\n<\/div>\n<\/div>\n<div><img decoding=\"async\" width=\"1000    \" height=\"35\" src=\"https:\/\/ae01.alicdn.com\/kf\/HTB1KhgjkfiSBuNkSnhJq6zDcpXaR.jpg\" slate-data-type=\"image\"\/><\/div>\n<div>\n<div><img width=\"1000\" slate-data-type=\"image\"\/><\/div>\n<div><img width=\"1000\" slate-data-type=\"image\"\/><\/div>\n<div><img width=\"1000\" slate-data-type=\"image\"\/><\/div>\n<div><img width=\"1000\" slate-data-type=\"image\"\/><\/div>\n<div><img width=\"1000\" slate-data-type=\"image\"\/><\/div>\n<div><img width=\"1000\" slate-data-type=\"image\"\/><\/div>\n<div><img width=\"1000\" slate-data-type=\"image\"\/><\/div>\n<div><img width=\"1000\" slate-data-type=\"image\"\/><\/div>\n<\/div>\n<div><img fetchpriority=\"high\" decoding=\"async\" width=\"1000\" height=\"1881\" src=\"https:\/\/ae01.alicdn.com\/kf\/HTB1Pe4ZKAOWBuNjSsppq6xPgpXay.jpg\" slate-data-type=\"image\"\/><\/div>\n<\/div>\n<\/div>\n<p><\/p>","protected":false},"excerpt":{"rendered":"<p>Is Electric:&nbsp;Other Battery Brand Name:&nbsp;HOMCOM Features:&nbsp;Diecast With a license for BMW motorcycle child. With a top speed 2.5 km\/h, order child is insurance from 18 to 36 months old. The<\/p>","protected":false},"featured_media":24670,"comment_status":"open","ping_status":"closed","template":"","meta":{"_acf_changed":false},"product_brand":[],"product_cat":[313],"product_tag":[],"class_list":{"0":"post-24669","1":"product","2":"type-product","3":"status-publish","4":"has-post-thumbnail","6":"product_cat-electric-children-motorbikes","8":"first","9":"instock","10":"shipping-taxable","11":"purchasable","12":"product-type-variable"},"acf":[],"_links":{"self":[{"href":"https:\/\/www.electricstore.eu\/et\/wp-json\/wp\/v2\/product\/24669","targetHints":{"allow":["GET"]}}],"collection":[{"href":"https:\/\/www.electricstore.eu\/et\/wp-json\/wp\/v2\/product"}],"about":[{"href":"https:\/\/www.electricstore.eu\/et\/wp-json\/wp\/v2\/types\/product"}],"replies":[{"embeddable":true,"href":"https:\/\/www.electricstore.eu\/et\/wp-json\/wp\/v2\/comments?post=24669"}],"wp:featuredmedia":[{"embeddable":true,"href":"https:\/\/www.electricstore.eu\/et\/wp-json\/wp\/v2\/media\/24670"}],"wp:attachment":[{"href":"https:\/\/www.electricstore.eu\/et\/wp-json\/wp\/v2\/media?parent=24669"}],"wp:term":[{"taxonomy":"product_brand","embeddable":true,"href":"https:\/\/www.electricstore.eu\/et\/wp-json\/wp\/v2\/product_brand?post=24669"},{"taxonomy":"product_cat","embeddable":true,"href":"https:\/\/www.electricstore.eu\/et\/wp-json\/wp\/v2\/product_cat?post=24669"},{"taxonomy":"product_tag","embeddable":true,"href":"https:\/\/www.electricstore.eu\/et\/wp-json\/wp\/v2\/product_tag?post=24669"}],"curies":[{"name":"wp","href":"https:\/\/api.w.org\/{rel}","templated":true}]}}