{"id":24663,"date":"2025-05-20T18:41:29","date_gmt":"2025-05-20T18:41:29","guid":{"rendered":"https:\/\/electricstore.eu\/p\/uncategorized\/pawhut-cargo-bicycle-trailer-40kg-light-steel-frame-with\/"},"modified":"2025-05-20T18:41:56","modified_gmt":"2025-05-20T18:41:56","slug":"pawhut-cargo-bicycle-trailer-40kg-light-steel-frame-with","status":"publish","type":"product","link":"https:\/\/www.electricstore.eu\/et\/p\/o\/bike-trailers-and-wagons\/pawhut-cargo-bicycle-trailer-40kg-light-steel-frame-with\/","title":{"rendered":"PawHut jalgratta kaubahaagis 40kg kergest terasraamiga"},"content":{"rendered":"<div class=\"product-specs-list-container\">\n<ul class=\"product-specs-list util-clearfix\">\n<li class=\"product-prop line-limit-length\"><span\n                                        class=\"property-title\">Br\u00e4ndi nimi:&nbsp;<\/span><span\n                                        class=\"property-desc line-limit-length\">PawHut<\/span>\n                            <\/li>\n<\/ul><\/div>\n<div class=\"detailmodule_html\">\n<div class=\"detail-desc-decorate-richtext\">\n<p><\/p>\n<div style=\"overflow:visible;height:auto\" class=\"lc-1\">\n<div class=\"f-line\">\n<div class=\"fts\">\n<div>\nEt oma linnarattast veelgi rohkem kasu saada, &amp; iquest; Mis oleks parem kui see fantastiline suur kaubaveohaagis? Selle teraskonstruktsioon ja suured rattad muudavad selle vastupidavaks ja h\u00f5lpsasti transporditavaks haagiseks. Lisaks on see v\u00e4ga kohandatav, kuna selle k\u00fclgpaneelid saab alusele kokku voltida ning tagumist ja esiosa on lihtne lahti v\u00f5tta. Seega j\u00e4tab see palju ruumi suurte esemete laadimiseks. See on haagis, mis on ette n\u00e4htud kuni 50 kg kandev\u00f5imega haagise hoidmiseks ja on loodud nii, et seda on lihtne hoiustada, kui seda ei kasutata. Seet\u00f5ttu on suur kaubaveohaagis kiiresti lahtiv\u00f5etav. &amp; Iquest; Mida te ootate, et oma linnarattast maksimumi v\u00f5tta?<\/p><\/div><\/div><\/div>\n<\/div>\n<div class=\"lc-1\">\n<div class=\"f-line\">\n<div class=\"fts\">\n<div>\n    <strong>Omadused:<\/strong><br \/>\n    <br \/>\u25cf Kerge terasraam;\n<\/div>\n<div>\n\u25cf Tugevdatud tahke PE-taust;\n<\/div>\n<div>\n\u25cf Suured rattad ja teraskonstruktsioon tagavad optimaalse stabiilsuse;\n<\/div>\n<div>\n\u25cf Tugevdatud terasest ankurvarras;\n<\/div>\n<div>\n\u25cf Lihtsalt kokkupandav ja lahtiv\u00f5etav;\n<\/div>\n<div>\n\u25cf Kaubaveohaagis abistab pakkide kohaletoimetamisel, raskete kaupade \u00fcmberpaigutamisel jne.;\n<\/div>\n<div>\n\u25cf K\u00fclgpiirded saab haagise platvormile kokku voltida;\n<\/div>\n<div>\n\u25cf Eesmised ja tagumised t\u00f5kked saab alla t\u00f5mmata;\n<\/div>\n<div>\n\u25cf Lisage B-t\u00fc\u00fcpi Aosom jalgratta\u00fchendus, haagise jalgrattaga \u00fchendamiseks pole vaja midagi muud;\n<\/div>\n<div>\n\u25cf Kiirkinnitusega rattad;\n<\/div>\n<div>\n\u25cf Kokku 4 helkurit, mis on jaotatud tagaosa ja rataste vahel<\/p><\/div><\/div><\/div>\n<\/div>\n<div class=\"lc-1\">\n<div class=\"f-line\">\n<div class=\"fts\">\n<div>\n    <strong>Spetsifikatsioonid:<\/strong><br \/>\n    <br \/>-Materjal: Tugev teraskonstruktsioon plastmassist alusega<br \/>\n<br \/>-V\u00e4rv: must<br \/>\n<br \/>- Kannatab maksimaalselt 50 kg raskust<br \/>\n<br \/>-Haagise kaal: 11,5 kg<br \/>\n<br \/>-M\u00f5\u00f5dud: 145x70x49cm (PxKxK)<br \/>\n<br \/>-PE-paneeli paksus: 2 mm\n<\/div>\n<div class=\"detailmodule_html\">\n<div class=\"detail-desc-decorate-richtext\">\n<div class=\"lc-1\">\n<div class=\"f-line\">\n<div class=\"fts\">\n<div>\n-Sobiv jalgratta ratta l\u00e4bim\u00f5\u00f5t: 20 \u201c-26\u201d<br \/>\n<br \/>-Viide: B4-0008<br \/>\n\n        <\/div><\/div><\/div><\/div><\/div><\/div><\/div><\/div>\n<\/div>\n<div>\n <img decoding=\"async\" width=\"1000    \" height=\"35\" src=\"https:\/\/ae01.alicdn.com\/kf\/HTB1KhgjkfiSBuNkSnhJq6zDcpXaR.jpg\" slate-data-type=\"image\" \/>\n<\/div>\n<div class=\"content01\">\n<div class=\"content_img\">\n  <img decoding=\"async\" width=\"1000\" src=\"https:\/\/ae01.alicdn.com\/kf\/H2c64b258a67643ed85a0cc187dc8bb3cQ.jpg\" slate-data-type=\"image\" \/>\n <\/div>\n<div class=\"content_img\">\n  <img decoding=\"async\" width=\"1000\" src=\"https:\/\/ae01.alicdn.com\/kf\/Ha7bcb129fe7d4a999932bc04554ebedbq.jpg\" slate-data-type=\"image\" \/>\n <\/div>\n<div class=\"content_img\">\n  <img decoding=\"async\" width=\"1000\" src=\"https:\/\/ae01.alicdn.com\/kf\/Hab3a76bdd7564a8b9d6f90e3279125fbF.jpg\" slate-data-type=\"image\" \/>\n <\/div>\n<div class=\"content_img\">\n  <img decoding=\"async\" width=\"1000\" src=\"https:\/\/ae01.alicdn.com\/kf\/Hfe13f487df274ceea08e55911aec8ed9M.jpg\" slate-data-type=\"image\" \/>\n <\/div>\n<div class=\"content_img\">\n  <img decoding=\"async\" width=\"1000\" src=\"https:\/\/ae01.alicdn.com\/kf\/Hfd097be8084043459af95bdb322fc4cf5.jpg\" slate-data-type=\"image\" \/>\n <\/div>\n<div class=\"content_img\">\n  <img decoding=\"async\" width=\"1000\" src=\"https:\/\/ae01.alicdn.com\/kf\/H5068429d5fe74a8cad3b2c1594bd1abcs.jpg\" slate-data-type=\"image\" \/>\n <\/div>\n<div class=\"content_img\">\n  <img decoding=\"async\" width=\"1000\" src=\"https:\/\/gsp.aliexpress.com\/apps\/product\/publish?spm=5261.ProductManageOnline.0.0.789e4edf7O1jHp&amp;productId=4000370801767\" slate-data-type=\"image\" \/>\n <\/div>\n<div class=\"content_img\">\n  <img decoding=\"async\" width=\"1000\" src=\"https:\/\/gsp.aliexpress.com\/apps\/product\/publish?spm=5261.ProductManageOnline.0.0.789e4edf7O1jHp&amp;productId=4000370801767\" slate-data-type=\"image\" \/>\n <\/div>\n<\/div>\n<div>\n <img fetchpriority=\"high\" decoding=\"async\" width=\"1000\" height=\"1881\" src=\"https:\/\/ae01.alicdn.com\/kf\/HTB1i.OtVMHqK1RjSZFkq6x.WFXaT.jpg\" slate-data-type=\"image\" \/>\n<\/div>\n<p><\/p>\n<\/div>\n<\/div>","protected":false},"excerpt":{"rendered":"<p>Brand Name:&nbsp;PawHut To get even more out of your city bike, &amp; iquest; What better than this fantastic large cargo bike trailer? Its steel structure and large wheels make it<\/p>","protected":false},"featured_media":24664,"comment_status":"open","ping_status":"closed","template":"","meta":{"_acf_changed":false},"product_brand":[],"product_cat":[523],"product_tag":[],"class_list":{"0":"post-24663","1":"product","2":"type-product","3":"status-publish","4":"has-post-thumbnail","6":"product_cat-bike-trailers-and-wagons","8":"first","9":"instock","10":"shipping-taxable","11":"purchasable","12":"product-type-variable"},"acf":[],"_links":{"self":[{"href":"https:\/\/www.electricstore.eu\/et\/wp-json\/wp\/v2\/product\/24663","targetHints":{"allow":["GET"]}}],"collection":[{"href":"https:\/\/www.electricstore.eu\/et\/wp-json\/wp\/v2\/product"}],"about":[{"href":"https:\/\/www.electricstore.eu\/et\/wp-json\/wp\/v2\/types\/product"}],"replies":[{"embeddable":true,"href":"https:\/\/www.electricstore.eu\/et\/wp-json\/wp\/v2\/comments?post=24663"}],"wp:featuredmedia":[{"embeddable":true,"href":"https:\/\/www.electricstore.eu\/et\/wp-json\/wp\/v2\/media\/24664"}],"wp:attachment":[{"href":"https:\/\/www.electricstore.eu\/et\/wp-json\/wp\/v2\/media?parent=24663"}],"wp:term":[{"taxonomy":"product_brand","embeddable":true,"href":"https:\/\/www.electricstore.eu\/et\/wp-json\/wp\/v2\/product_brand?post=24663"},{"taxonomy":"product_cat","embeddable":true,"href":"https:\/\/www.electricstore.eu\/et\/wp-json\/wp\/v2\/product_cat?post=24663"},{"taxonomy":"product_tag","embeddable":true,"href":"https:\/\/www.electricstore.eu\/et\/wp-json\/wp\/v2\/product_tag?post=24663"}],"curies":[{"name":"wp","href":"https:\/\/api.w.org\/{rel}","templated":true}]}}