{"id":24549,"date":"2025-05-20T18:37:05","date_gmt":"2025-05-20T18:37:05","guid":{"rendered":"https:\/\/electricstore.eu\/p\/uncategorized\/gkfly-800a-12v-car-jump-starter-power-bank-portable-car-battery-booster-chargerstarting-device-auto-emergency-start-up-lighting\/"},"modified":"2025-05-20T18:37:44","modified_gmt":"2025-05-20T18:37:44","slug":"gkfly-800a-12v-car-jump-starter-power-bank-portable-car-battery-booster-chargerstarting-device-auto-emergency-start-up-lighting","status":"publish","type":"product","link":"https:\/\/www.electricstore.eu\/et\/p\/batteries\/jump-starter-compressor-power-banks\/gkfly-800a-12v-car-jump-starter-power-bank-portable-car-battery-booster-chargerstarting-device-auto-emergency-start-up-lighting\/","title":{"rendered":"GKFLY 800A 12V auto k\u00e4ivitusabi, kaasaskantav autoaku abilaadija, k\u00e4ivitusseade, automaatne h\u00e4daolukorra k\u00e4ivitusvalgustus"},"content":{"rendered":"<div class=\"product-specs-list-container\">\n<ul class=\"product-specs-list util-clearfix\">\n<li class=\"product-prop line-limit-length\"><span\n                                        class=\"property-title\">K\u00f5rge riskiga kemikaal:&nbsp;<\/span><span\n                                        class=\"property-desc line-limit-length\">Puudub<\/span>\n                            <\/li>\n<li class=\"product-prop line-limit-length\"><span\n                                        class=\"property-title\">Tippvool:&nbsp;<\/span><span\n                                        class=\"property-desc line-limit-length\">800 A<\/span>\n                            <\/li>\n<li class=\"product-prop line-limit-length\"><span\n                                        class=\"property-title\">Kiire laadimine:&nbsp;<\/span><span\n                                        class=\"property-desc line-limit-length\">Puudub<\/span>\n                            <\/li>\n<li class=\"product-prop line-limit-length\"><span\n                                        class=\"property-title\">Eriomadused:&nbsp;<\/span><span\n                                        class=\"property-desc line-limit-length\">USB, valgustus<\/span>\n                            <\/li>\n<li class=\"product-prop line-limit-length\"><span\n                                        class=\"property-title\">Toote kaal:&nbsp;<\/span><span\n                                        class=\"property-desc line-limit-length\">280g<\/span>\n                            <\/li>\n<li class=\"product-prop line-limit-length\"><span\n                                        class=\"property-title\">Pinge:&nbsp;<\/span><span\n                                        class=\"property-desc line-limit-length\">12V<\/span>\n                            <\/li>\n<li class=\"product-prop line-limit-length\"><span\n                                        class=\"property-title\">Konversioonim\u00e4\u00e4r:&nbsp;<\/span><span\n                                        class=\"property-desc line-limit-length\">85%~90%<\/span>\n                            <\/li>\n<li class=\"product-prop line-limit-length\"><span\n                                        class=\"property-title\">Aku mahtuvus (mAh):&nbsp;<\/span><span\n                                        class=\"property-desc line-limit-length\">8000-10000<\/span>\n                            <\/li>\n<li class=\"product-prop line-limit-length\"><span\n                                        class=\"property-title\">V\u00e4lise testimise sertifitseerimine:&nbsp;<\/span><span\n                                        class=\"property-desc line-limit-length\">MSDS, ROHS, FCC, ce<\/span>\n                            <\/li>\n<li class=\"product-prop line-limit-length\"><span\n                                        class=\"property-title\">Sisseehitatud akude arv:&nbsp;<\/span><span\n                                        class=\"property-desc line-limit-length\">4<\/span>\n                            <\/li>\n<li class=\"product-prop line-limit-length\"><span\n                                        class=\"property-title\">Br\u00e4ndi nimi:&nbsp;<\/span><span\n                                        class=\"property-desc line-limit-length\">GKFLY<\/span>\n                            <\/li>\n<li class=\"product-prop line-limit-length\"><span\n                                        class=\"property-title\">P\u00e4ritolu:&nbsp;<\/span><span\n                                        class=\"property-desc line-limit-length\">Mandri-Hiina<\/span>\n                            <\/li>\n<\/ul><\/div>\n<p><img decoding=\"async\" style=\"border:0px;margin:0px;margin-bottom:0px;margin-top:0px;margin-left:0px;margin-right:0px;padding:0px;padding-bottom:0px;padding-top:0px;padding-left:0px;padding-right:0px;max-width:100%;box-sizing:border-box\" src=\"https:\/\/ae01.alicdn.com\/kf\/S5ae63e28780b494b91ecd83185dbbfffe.jpg\" slate-data-type=\"image\"\/><\/p>\n<div style=\"font-family:&quot;Open Sans&quot;, Roboto, Arial, Helvetica, sans-serif, SimSun;font-size:14px;font-weight:400;letter-spacing:normal;text-align:start;white-space:normal;color:rgb(0, 0, 0);background-color:rgb(255, 255, 255);margin:0px;margin-bottom:0px;margin-top:0px;margin-left:0px;margin-right:0px;padding:0px;padding-bottom:0px;padding-top:0px;padding-left:0px;padding-right:0px;display:block;box-sizing:border-box\" align=\"start\">\n<div style=\"margin:0px;margin-bottom:0px;margin-top:0px;margin-left:0px;margin-right:0px;padding:0px;padding-bottom:0px;padding-top:0px;padding-left:0px;padding-right:0px;box-sizing:border-box\" class=\"product-overview\">\n<div id=\"product-description\" style=\"background-color:rgb(255, 255, 255);margin:0px 0px 16px;margin-bottom:16px;margin-top:0px;margin-left:0px;margin-right:0px;padding:20px;padding-bottom:20px;padding-top:20px;padding-left:20px;padding-right:20px;overflow:hidden;width:984px;position:relative;box-sizing:border-box\" class=\"product-description\">\n<div style=\"margin:0px;margin-bottom:0px;margin-top:0px;margin-left:0px;margin-right:0px;padding:0px;padding-bottom:0px;padding-top:0px;padding-left:0px;padding-right:0px;box-sizing:border-box\" class=\"origin-part box-sizing\">\n<p style=\"font-size:14px;font-weight:400;line-height:inherit;margin:0px;margin-bottom:0px;margin-top:0px;margin-left:0px;margin-right:0px;padding:0px;padding-bottom:0px;padding-top:0px;padding-left:0px;padding-right:0px;box-sizing:border-box\"><strong><span style=\"font-size:20px\">Toote kirjeldus:<\/span><\/strong><\/p>\n<p style=\"font-family:OpenSans;font-size:14px;font-weight:300;letter-spacing:normal;line-height:20px;text-align:start;white-space:pre-wrap;color:rgb(0, 0, 0);margin:0px 0px 12px;margin-bottom:12px;margin-top:0px;margin-left:0px;margin-right:0px;padding:0px;padding-bottom:0px;padding-top:0px;padding-left:0px;padding-right:0px;box-sizing:border-box\" class=\"detail-desc-decorate-content\" align=\"start\"><span style=\"font-size:16px;font-family:arial, helvetica, sans-serif\">1: 800A Peak Current\uff083 seconds\uff09, 8000mAh Battery, Start Petrol Cars 4.0L or Below, Start Diesel Cars 3.0L or Below;<br \/>2: High Rate Polymer Lithium Battery, Car Emergency Start For 40 Times;<br \/>3: Work in -20\u2103~60\u2103; A Must and Reliable Need For Your Long Way Traveling;<br \/>4: Portable Power Bank &#8211; Charging portable electronic devices, such as mobile phones, tablets, portable gaming system, digital cameras, and any other USB 5V powered electronic devices;<br \/>5: Multifunktsionaalsed avariituled \u2013 vilkur\/h\u00e4davalgus. H\u00e4daolukorra vilkurit saab kasutada t\u00e4helepanu k\u00f6itmiseks. Sisseehitatud LED-taskulampi saab kasutada ka taskulambina.<\/span><img decoding=\"async\" style=\"border:0px;margin:0px;margin-bottom:0px;margin-top:0px;margin-left:0px;margin-right:0px;padding:0px;padding-bottom:0px;padding-top:0px;padding-left:0px;padding-right:0px;max-width:100%;box-sizing:border-box\" src=\"https:\/\/ae01.alicdn.com\/kf\/Sb1212c7a4a5f412da87f4ec69d5987e8m.jpg\" slate-data-type=\"image\"\/><strong><span style=\"font-size:20px\">Spetsifikatsioonid:<\/span><\/strong><\/p>\n<p style=\"font-size:14px;font-weight:400;line-height:inherit;margin:0px;margin-bottom:0px;margin-top:0px;margin-left:0px;margin-right:0px;padding:0px;padding-bottom:0px;padding-top:0px;padding-left:0px;padding-right:0px;box-sizing:border-box\"><span style=\"font-size:16px\">Model: GG-JS-T02A<\/span><\/p>\n<p style=\"font-size:14px;font-weight:400;line-height:inherit;margin:0px;margin-bottom:0px;margin-top:0px;margin-left:0px;margin-right:0px;padding:0px;padding-bottom:0px;padding-top:0px;padding-left:0px;padding-right:0px;box-sizing:border-box\"><span style=\"font-size:16px\">Capacity: 8000mAh<\/span><\/p>\n<p style=\"font-size:14px;font-weight:400;line-height:inherit;margin:0px;margin-bottom:0px;margin-top:0px;margin-left:0px;margin-right:0px;padding:0px;padding-bottom:0px;padding-top:0px;padding-left:0px;padding-right:0px;box-sizing:border-box\"><span style=\"font-size:16px\">Type-C Input: 5V\/2A<\/span><\/p>\n<p style=\"font-size:14px;font-weight:400;line-height:inherit;margin:0px;margin-bottom:0px;margin-top:0px;margin-left:0px;margin-right:0px;padding:0px;padding-bottom:0px;padding-top:0px;padding-left:0px;padding-right:0px;box-sizing:border-box\"><span style=\"font-size:16px\">USB Output: 5V\/2A<\/span><\/p>\n<p style=\"font-size:14px;font-weight:400;line-height:inherit;margin:0px;margin-bottom:0px;margin-top:0px;margin-left:0px;margin-right:0px;padding:0px;padding-bottom:0px;padding-top:0px;padding-left:0px;padding-right:0px;box-sizing:border-box\"><span style=\"font-size:16px\">EC5 Output: 12~16V<\/span><\/p>\n<p style=\"font-size:14px;font-weight:400;line-height:inherit;margin:0px;margin-bottom:0px;margin-top:0px;margin-left:0px;margin-right:0px;padding:0px;padding-bottom:0px;padding-top:0px;padding-left:0px;padding-right:0px;box-sizing:border-box\"><span style=\"font-size:16px\">Starting Current: 400A<\/span><\/p>\n<p style=\"font-size:14px;font-weight:400;line-height:inherit;margin:0px;margin-bottom:0px;margin-top:0px;margin-left:0px;margin-right:0px;padding:0px;padding-bottom:0px;padding-top:0px;padding-left:0px;padding-right:0px;box-sizing:border-box\"><span style=\"font-size:16px\">Starting Peak current: 800A(3S)<\/span><\/p>\n<p style=\"font-size:14px;font-weight:400;line-height:inherit;margin:0px;margin-bottom:0px;margin-top:0px;margin-left:0px;margin-right:0px;padding:0px;padding-bottom:0px;padding-top:0px;padding-left:0px;padding-right:0px;box-sizing:border-box\"><span style=\"font-size:16px\">Working temperature: -20\u2103\uff5e60\u2103<\/span><\/p>\n<p style=\"font-size:14px;font-weight:400;line-height:inherit;margin:0px;margin-bottom:0px;margin-top:0px;margin-left:0px;margin-right:0px;padding:0px;padding-bottom:0px;padding-top:0px;padding-left:0px;padding-right:0px;box-sizing:border-box\"><span style=\"font-size:16px\">Net weight: 260g<\/span><\/p>\n<p style=\"font-size:14px;font-weight:400;line-height:inherit;margin:0px;margin-bottom:0px;margin-top:0px;margin-left:0px;margin-right:0px;padding:0px;padding-bottom:0px;padding-top:0px;padding-left:0px;padding-right:0px;box-sizing:border-box\"><span style=\"font-size:16px\">Dimension (L*W*H): 140*78*23mm<\/span><\/p>\n<p style=\"font-size:14px;font-weight:400;line-height:inherit;margin:0px;margin-bottom:0px;margin-top:0px;margin-left:0px;margin-right:0px;padding:0px;padding-bottom:0px;padding-top:0px;padding-left:0px;padding-right:0px;box-sizing:border-box\"><span style=\"font-size:16px\">LED Mode: lighting\/SOS\/strobe<\/span><img decoding=\"async\" style=\"border:0px;margin:0px;margin-bottom:0px;margin-top:0px;margin-left:0px;margin-right:0px;padding:0px;padding-bottom:0px;padding-top:0px;padding-left:0px;padding-right:0px;max-width:100%;box-sizing:border-box\" src=\"https:\/\/ae01.alicdn.com\/kf\/S0df4eb116f6944f8a8424c4cfab0fa617.jpg\" slate-data-type=\"image\"\/><span style=\"font-size:16px\">Jump Starter Host* 1<\/span><\/p>\n<p style=\"font-size:14px;font-weight:400;line-height:inherit;margin:0px;margin-bottom:0px;margin-top:0px;margin-left:0px;margin-right:0px;padding:0px;padding-bottom:0px;padding-top:0px;padding-left:0px;padding-right:0px;box-sizing:border-box\"><span style=\"color:rgb(159, 5, 0);font-size:16px\"><span style=\"background-color:rgb(255, 255, 255);color:rgb(0, 0, 0);font-size:16px;font-family:arial, helvetica, sans-serif\">Kaitseklambrid (punane = positiivne; must = negatiivne) *1<\/span><\/span><span style=\"color:rgb(159, 5, 0);font-size:16px\"><strong><span style=\"background-color:rgb(255, 255, 255);color:rgb(0, 0, 0);font-size:16px;font-family:arial, helvetica, sans-serif\">(Optional)<\/span><\/strong><\/span><\/p>\n<div style=\"margin:0px;margin-bottom:0px;margin-top:0px;margin-left:0px;margin-right:0px;padding:0px;padding-bottom:0px;padding-top:0px;padding-left:0px;padding-right:0px;box-sizing:content-box\"><\/div>\n<p style=\"font-size:14px;font-weight:400;line-height:inherit;margin:0px;margin-bottom:0px;margin-top:0px;margin-left:0px;margin-right:0px;padding:0px;padding-bottom:0px;padding-top:0px;padding-left:0px;padding-right:0px;box-sizing:border-box\"><img decoding=\"async\" style=\"margin:0px;margin-bottom:0px;margin-top:0px;margin-left:0px;margin-right:0px;padding:0px;padding-bottom:0px;padding-top:0px;padding-left:0px;padding-right:0px;max-width:100%;box-sizing:border-box\" src=\"https:\/\/ae01.alicdn.com\/kf\/Sc852d35fd01046a58985ca1117346e1a2.jpg\" slate-data-type=\"image\"\/><img decoding=\"async\" style=\"margin:0px;margin-bottom:0px;margin-top:0px;margin-left:0px;margin-right:0px;padding:0px;padding-bottom:0px;padding-top:0px;padding-left:0px;padding-right:0px;max-width:100%;box-sizing:border-box\" src=\"https:\/\/ae01.alicdn.com\/kf\/Sefe0c0fa6d984d8f9fc963f050550ea8g.jpg\" slate-data-type=\"image\"\/><img decoding=\"async\" style=\"margin:0px;margin-bottom:0px;margin-top:0px;margin-left:0px;margin-right:0px;padding:0px;padding-bottom:0px;padding-top:0px;padding-left:0px;padding-right:0px;max-width:100%;box-sizing:border-box\" src=\"https:\/\/ae01.alicdn.com\/kf\/S05515499827b4c85a35411ae6b4eb8b34.jpg\" slate-data-type=\"image\"\/><img decoding=\"async\" style=\"margin:0px;margin-bottom:0px;margin-top:0px;margin-left:0px;margin-right:0px;padding:0px;padding-bottom:0px;padding-top:0px;padding-left:0px;padding-right:0px;max-width:100%;box-sizing:border-box\" src=\"https:\/\/ae01.alicdn.com\/kf\/Sb15d492d6def4004a1fb423082e830e3c.jpg\" slate-data-type=\"image\"\/><img decoding=\"async\" style=\"margin:0px;margin-bottom:0px;margin-top:0px;margin-left:0px;margin-right:0px;padding:0px;padding-bottom:0px;padding-top:0px;padding-left:0px;padding-right:0px;max-width:100%;box-sizing:border-box\" src=\"https:\/\/ae01.alicdn.com\/kf\/S1e4995cdd16d4faa8e33eb2f2991cdb77.jpg\" slate-data-type=\"image\"\/><img decoding=\"async\" style=\"margin:0px;margin-bottom:0px;margin-top:0px;margin-left:0px;margin-right:0px;padding:0px;padding-bottom:0px;padding-top:0px;padding-left:0px;padding-right:0px;max-width:100%;box-sizing:border-box\" src=\"https:\/\/ae01.alicdn.com\/kf\/S6f1f3bc21c914273be6557b3920857afZ.jpg\" slate-data-type=\"image\"\/><img decoding=\"async\" style=\"margin:0px;margin-bottom:0px;margin-top:0px;margin-left:0px;margin-right:0px;padding:0px;padding-bottom:0px;padding-top:0px;padding-left:0px;padding-right:0px;max-width:100%;box-sizing:border-box\" src=\"https:\/\/ae01.alicdn.com\/kf\/S6188216677284162b7622cf05e1d4108R.jpg\" slate-data-type=\"image\"\/><img decoding=\"async\" style=\"margin:0px;margin-bottom:0px;margin-top:0px;margin-left:0px;margin-right:0px;padding:0px;padding-bottom:0px;padding-top:0px;padding-left:0px;padding-right:0px;max-width:100%;box-sizing:border-box\" src=\"https:\/\/ae01.alicdn.com\/kf\/Sceea5ef5ce9444878c2861457d8f27bbX.jpg\" slate-data-type=\"image\"\/><img decoding=\"async\" style=\"margin:0px;margin-bottom:0px;margin-top:0px;margin-left:0px;margin-right:0px;padding:0px;padding-bottom:0px;padding-top:0px;padding-left:0px;padding-right:0px;max-width:100%;box-sizing:border-box\" src=\"https:\/\/ae01.alicdn.com\/kf\/S0964fd0c05084e0abb60a4fc98553dafS.jpg\" slate-data-type=\"image\"\/><img fetchpriority=\"high\" decoding=\"async\" style=\"margin:0px;margin-bottom:0px;margin-top:0px;margin-left:0px;margin-right:0px;padding:0px;padding-bottom:0px;padding-top:0px;padding-left:0px;padding-right:0px;max-width:100%;box-sizing:border-box\" width=\"944\" height=\"1839\" src=\"https:\/\/ae01.alicdn.com\/kf\/S806f163f5c85492cb1f0e415ab030bd2c.jpg\" slate-data-type=\"image\"\/><img decoding=\"async\" style=\"margin:0px;margin-bottom:0px;margin-top:0px;margin-left:0px;margin-right:0px;padding:0px;padding-bottom:0px;padding-top:0px;padding-left:0px;padding-right:0px;max-width:100%;box-sizing:border-box\" src=\"https:\/\/ae01.alicdn.com\/kf\/S8f8f3ff6fc5948d790c0c346e92ddc13X.jpg\" slate-data-type=\"image\"\/><img decoding=\"async\" style=\"margin:0px;margin-bottom:0px;margin-top:0px;margin-left:0px;margin-right:0px;padding:0px;padding-bottom:0px;padding-top:0px;padding-left:0px;padding-right:0px;max-width:100%;box-sizing:border-box\" src=\"https:\/\/ae01.alicdn.com\/kf\/S80fb9b4d90884c6396d9ddf1847f5ddfC.jpg\" slate-data-type=\"image\"\/><\/p>\n<\/div>\n<\/div>\n<\/div>\n<\/div>\n<p style=\"font-size:14px;font-weight:400;line-height:inherit;margin:0px;margin-bottom:0px;margin-top:0px;margin-left:0px;margin-right:0px;padding:0px;padding-bottom:0px;padding-top:0px;padding-left:0px;padding-right:0px;box-sizing:border-box\">","protected":false},"excerpt":{"rendered":"<p>Hign-concerned Chemical:&nbsp;None Peak Current:&nbsp;800 A Fast Charge:&nbsp;None Special Features:&nbsp;USB,Lighting Item Weight:&nbsp;280g Voltage:&nbsp;12V Conversion Rate:&nbsp;85%~90% Battery Capacity(mAh):&nbsp;8000-10000 External Testing Certification:&nbsp;MSDS,ROHS,FCC,ce Number Of Built-in Batteries:&nbsp;4 Brand Name:&nbsp;GKFLY Origin:&nbsp;Mainland China Item Description: 1:<\/p>","protected":false},"featured_media":24550,"comment_status":"open","ping_status":"closed","template":"","meta":{"_acf_changed":false},"product_brand":[],"product_cat":[527],"product_tag":[],"class_list":{"0":"post-24549","1":"product","2":"type-product","3":"status-publish","4":"has-post-thumbnail","6":"product_cat-jump-starter-compressor-power-banks","8":"first","9":"instock","10":"shipping-taxable","11":"purchasable","12":"product-type-variable"},"acf":[],"_links":{"self":[{"href":"https:\/\/www.electricstore.eu\/et\/wp-json\/wp\/v2\/product\/24549","targetHints":{"allow":["GET"]}}],"collection":[{"href":"https:\/\/www.electricstore.eu\/et\/wp-json\/wp\/v2\/product"}],"about":[{"href":"https:\/\/www.electricstore.eu\/et\/wp-json\/wp\/v2\/types\/product"}],"replies":[{"embeddable":true,"href":"https:\/\/www.electricstore.eu\/et\/wp-json\/wp\/v2\/comments?post=24549"}],"wp:featuredmedia":[{"embeddable":true,"href":"https:\/\/www.electricstore.eu\/et\/wp-json\/wp\/v2\/media\/24550"}],"wp:attachment":[{"href":"https:\/\/www.electricstore.eu\/et\/wp-json\/wp\/v2\/media?parent=24549"}],"wp:term":[{"taxonomy":"product_brand","embeddable":true,"href":"https:\/\/www.electricstore.eu\/et\/wp-json\/wp\/v2\/product_brand?post=24549"},{"taxonomy":"product_cat","embeddable":true,"href":"https:\/\/www.electricstore.eu\/et\/wp-json\/wp\/v2\/product_cat?post=24549"},{"taxonomy":"product_tag","embeddable":true,"href":"https:\/\/www.electricstore.eu\/et\/wp-json\/wp\/v2\/product_tag?post=24549"}],"curies":[{"name":"wp","href":"https:\/\/api.w.org\/{rel}","templated":true}]}}