{"id":24346,"date":"2025-05-20T18:35:44","date_gmt":"2025-05-20T18:35:44","guid":{"rendered":"https:\/\/electricstore.eu\/p\/uncategorized\/hyper-gogo-challenger-12-plus-with-app-electric-motorcycle-for-kids-12inch-pneumatic-tires-bluetooth-speaker-fog16km-h-max-speed\/"},"modified":"2025-05-20T18:36:13","modified_gmt":"2025-05-20T18:36:13","slug":"hyper-gogo-challenger-12-plus-with-app-electric-motorcycle-for-kids-12inch-pneumatic-tires-bluetooth-speaker-fog16km-h-max-speed","status":"publish","type":"product","link":"https:\/\/www.electricstore.eu\/et\/p\/motorbikes\/electric-children-motorbikes\/hyper-gogo-challenger-12-plus-with-app-electric-motorcycle-for-kids-12inch-pneumatic-tires-bluetooth-speaker-fog16km-h-max-speed\/","title":{"rendered":"HYPER GOGO Challenger 12 Plus rakendusega elektrimootorratas lastele, 12-tollised \u00f5hkrehvid, Bluetooth-k\u00f5lar, udutuled, maksimaalne kiirus 16 km\/h"},"content":{"rendered":"<div class=\"product-specs-list-container\">\n<ul class=\"product-specs-list util-clearfix\">\n<li class=\"product-prop line-limit-length\"><span\n                                        class=\"property-title\">Sugu:&nbsp;<\/span><span\n                                        class=\"property-desc line-limit-length\">Unisex<\/span>\n                            <\/li>\n<li class=\"product-prop line-limit-length\"><span\n                                        class=\"property-title\">Suurus:&nbsp;<\/span><span\n                                        class=\"property-desc line-limit-length\">12 tolli<\/span>\n                            <\/li>\n<li class=\"product-prop line-limit-length\"><span\n                                        class=\"property-title\">Mudelinumber:&nbsp;<\/span><span\n                                        class=\"property-desc line-limit-length\">Challenger 12 Plus (rakendusega)<\/span>\n                            <\/li>\n<li class=\"product-prop line-limit-length\"><span\n                                        class=\"property-title\">Stiil:&nbsp;<\/span><span\n                                        class=\"property-desc line-limit-length\">Mootorrattad<\/span>\n                            <\/li>\n<li class=\"product-prop line-limit-length\"><span\n                                        class=\"property-title\">Ratta number:&nbsp;<\/span><span\n                                        class=\"property-desc line-limit-length\">Kaks<\/span>\n                            <\/li>\n<li class=\"product-prop line-limit-length\"><span\n                                        class=\"property-title\">Soovitatav vanus:&nbsp;<\/span><span\n                                        class=\"property-desc line-limit-length\">6\u201312-aastased, 14+-aastased<\/span>\n                            <\/li>\n<li class=\"product-prop line-limit-length\"><span\n                                        class=\"property-title\">Omadused:&nbsp;<\/span><span\n                                        class=\"property-desc line-limit-length\">S\u00f5ida edasi<\/span>\n                            <\/li>\n<li class=\"product-prop line-limit-length\"><span\n                                        class=\"property-title\">Maksimaalne koormus:&nbsp;<\/span><span\n                                        class=\"property-desc line-limit-length\">65 kg<\/span>\n                            <\/li>\n<li class=\"product-prop line-limit-length\"><span\n                                        class=\"property-title\">\u00dclesm\u00e4ge:&nbsp;<\/span><span\n                                        class=\"property-desc line-limit-length\">10\u00b0 (17,6%)<\/span>\n                            <\/li>\n<li class=\"product-prop line-limit-length\"><span\n                                        class=\"property-title\">Maksimaalne kiirus:&nbsp;<\/span><span\n                                        class=\"property-desc line-limit-length\">16 km\/h (10 miili tunnis)<\/span>\n                            <\/li>\n<li class=\"product-prop line-limit-length\"><span\n                                        class=\"property-title\">Maksimaalne ulatus:&nbsp;<\/span><span\n                                        class=\"property-desc line-limit-length\">12 kilomeetrit<\/span>\n                            <\/li>\n<li class=\"product-prop line-limit-length\"><span\n                                        class=\"property-title\">Kiiruse tasemed:&nbsp;<\/span><span\n                                        class=\"property-desc line-limit-length\">8\/12\/16 km\/h (5\/8\/10 miili tunnis)<\/span>\n                            <\/li>\n<li class=\"product-prop line-limit-length\"><span\n                                        class=\"property-title\">Veekindluse tase:&nbsp;<\/span><span\n                                        class=\"property-desc line-limit-length\">IP4<\/span>\n                            <\/li>\n<li class=\"product-prop line-limit-length\"><span\n                                        class=\"property-title\">Raami materjal:&nbsp;<\/span><span\n                                        class=\"property-desc line-limit-length\">Teras<\/span>\n                            <\/li>\n<li class=\"product-prop line-limit-length\"><span\n                                        class=\"property-title\">Piduris\u00fcsteem:&nbsp;<\/span><span\n                                        class=\"property-desc line-limit-length\">Tagumine rummupidur<\/span>\n                            <\/li>\n<li class=\"product-prop line-limit-length\"><span\n                                        class=\"property-title\">Soovitatavad s\u00f5itja k\u00f5rgused:&nbsp;<\/span><span\n                                        class=\"property-desc line-limit-length\">90\u2013160 cm (2&#039;11,5\u201d\u20135&#039;3\u201d)<\/span>\n                            <\/li>\n<li class=\"product-prop line-limit-length\"><span\n                                        class=\"property-title\">Nimiv\u00f5imsus ja pinge:&nbsp;<\/span><span\n                                        class=\"property-desc line-limit-length\">160W, 24V<\/span>\n                            <\/li>\n<li class=\"product-prop line-limit-length\"><span\n                                        class=\"property-title\">Maksimaalne v\u00e4ljundmoment:&nbsp;<\/span><span\n                                        class=\"property-desc line-limit-length\">11 Nm<\/span>\n                            <\/li>\n<li class=\"product-prop line-limit-length\"><span\n                                        class=\"property-title\">Mahutavus:&nbsp;<\/span><span\n                                        class=\"property-desc line-limit-length\">5,2 Ah<\/span>\n                            <\/li>\n<li class=\"product-prop line-limit-length\"><span\n                                        class=\"property-title\">Pinge:&nbsp;<\/span><span\n                                        class=\"property-desc line-limit-length\">21,9 V<\/span>\n                            <\/li>\n<li class=\"product-prop line-limit-length\"><span\n                                        class=\"property-title\">Laadimisaeg:&nbsp;<\/span><span\n                                        class=\"property-desc line-limit-length\">4 tundi<\/span>\n                            <\/li>\n<li class=\"product-prop line-limit-length\"><span\n                                        class=\"property-title\">V\u00f5imsus:&nbsp;<\/span><span\n                                        class=\"property-desc line-limit-length\">113,88 Wh<\/span>\n                            <\/li>\n<li class=\"product-prop line-limit-length\"><span\n                                        class=\"property-title\">Ekraan:&nbsp;<\/span><span\n                                        class=\"property-desc line-limit-length\">Jah<\/span>\n                            <\/li>\n<li class=\"product-prop line-limit-length\"><span\n                                        class=\"property-title\">Poritiib:&nbsp;<\/span><span\n                                        class=\"property-desc line-limit-length\">Jah<\/span>\n                            <\/li>\n<li class=\"product-prop line-limit-length\"><span\n                                        class=\"property-title\">Rakendus:&nbsp;<\/span><span\n                                        class=\"property-desc line-limit-length\">Jah<\/span>\n                            <\/li>\n<li class=\"product-prop line-limit-length\"><span\n                                        class=\"property-title\">LED-tuli:&nbsp;<\/span><span\n                                        class=\"property-desc line-limit-length\">Jah<\/span>\n                            <\/li>\n<li class=\"product-prop line-limit-length\"><span\n                                        class=\"property-title\">Suits:&nbsp;<\/span><span\n                                        class=\"property-desc line-limit-length\">Jah<\/span>\n                            <\/li>\n<li class=\"product-prop line-limit-length\"><span\n                                        class=\"property-title\">Bluetooth-k\u00f5lar:&nbsp;<\/span><span\n                                        class=\"property-desc line-limit-length\">Jah<\/span>\n                            <\/li>\n<\/ul><\/div>\n<div class=\"detailmodule_dynamic\"><kse:widget data-widget-type=\"customText\" id=\"1005000009406803\" type=\"relation\"><\/kse:widget><\/div>\n<div class=\"detailmodule_html\">\n<div class=\"detail-desc-decorate-richtext\">\n<p><\/p>\n<div style=\"background-color:rgb(240, 234, 255);margin:20px 0px 10px;margin-bottom:10px;margin-top:20px;margin-left:0px;margin-right:0px;width:100%;height:34px\"><span style=\"background-color:rgb(55, 139, 238);color:rgb(255, 255, 255);font-size:24px;font-family:Verdana, Arial\">T\u00e4hts\u00fcndmused<\/span><\/p>\n<\/div>\n<div class=\"detailmodule_text\">\n<div class=\"detailmodule_html\">\n<div class=\"detail-desc-decorate-richtext\">\n<div class=\"detailmodule_text-image\">\n<div class=\"detailmodule_text-image\">\n<div class=\"detailmodule_html\">\n<div class=\"detail-desc-decorate-richtext\">\n<div class=\"detailmodule_text-image\">\n<div class=\"detailmodule_html\">\n<div class=\"detail-desc-decorate-richtext\">\n<div style=\"font-family:&quot;Open Sans&quot;, Arial, Helvetica, sans-serif, Heiti;font-size:14px;color:rgb(0, 0, 0);box-sizing:content-box\" class=\"detailmodule_html\">\n<div style=\"box-sizing:content-box\" class=\"detail-desc-decorate-richtext\">\n<div style=\"width:944px;height:auto;box-sizing:content-box\">\n<div style=\"box-sizing:content-box\">\n<div class=\"detailmodule_html\">\n<div class=\"detail-desc-decorate-richtext\">\n<div style=\"font-family:&quot;Open Sans&quot;, Arial, Helvetica, sans-serif, Heiti;font-size:14px;color:rgb(0, 0, 0);box-sizing:content-box\" class=\"detailmodule_html\">\n<div style=\"box-sizing:content-box\" class=\"detail-desc-decorate-richtext\">\n<div style=\"width:944px;height:auto;box-sizing:content-box\">\n<div style=\"box-sizing:content-box\">\n<div class=\"detailmodule_html\">\n<div class=\"detail-desc-decorate-richtext\">\n<div class=\"detailmodule_text-image\">\n<div class=\"detailmodule_text-image\">\n<div class=\"detailmodule_html\">\n<div class=\"detail-desc-decorate-richtext\">\n<div style=\"width:944px;height:auto;box-sizing:content-box\">\n<div style=\"box-sizing:content-box\">\n<div class=\"detailmodule_html\">\n<div class=\"detail-desc-decorate-richtext\">\n<div style=\"font-family:&quot;Open Sans&quot;, Arial, Helvetica, sans-serif, Heiti;font-size:14px;color:rgb(0, 0, 0);box-sizing:content-box\" class=\"detailmodule_html\">\n<div style=\"box-sizing:content-box\" class=\"detail-desc-decorate-richtext\">\n<div style=\"width:944px;height:auto;box-sizing:content-box\">\n<div style=\"box-sizing:content-box\">\n<div class=\"detailmodule_html\">\n<div class=\"detail-desc-decorate-richtext\">\n<div class=\"detailmodule_text-image\">\n<div class=\"detailmodule_text\">\n<div class=\"detailmodule_html\">\n<div class=\"detail-desc-decorate-richtext\">\n<div class=\"detailmodule_text-image\">\n<div class=\"detailmodule_text\">\n<p><span style=\"color:rgb(0, 0, 0);font-size:16px;font-family:arial, helvetica, sans-serif\">Hea &quot;m\u00e4ngukaaslane&quot; teie lapsele \u2013 otsite oma lapsele midagi L\u00d5BUSAT ja AINULAADSET kinkida? Meie laste elektrimootorratas on just see, mida otsite! See on \u00fclim m\u00e4ngukaaslane. 60-minutiline s\u00f5iduaeg ja 16 kilomeetri l\u00e4bimine pakuvad ideaalset treeningut. Teie lapsed loovad unustamatuid m\u00e4lestusi, avastades selle stiilse rataste komplektiga v\u00e4ljakutsete ja p\u00f5nevuse maailma. Eelseisval j\u00f5ulup\u00fchal kinkige oma lapsele r\u00f5\u00f5m omandada uus p\u00f5nev oskus selle laheda elektrimootorrattaga, s\u00f5itke ja nautige seda.<\/span><\/p>\n<div><\/div>\n<p><span style=\"color:rgb(0, 0, 0);font-size:16px;font-family:arial, helvetica, sans-serif\">1. K\u00f5ige targem lastemootorratas l\u00e4bi aegade;<\/span><\/p>\n<p><span style=\"color:rgb(0, 0, 0);font-size:16px;font-family:arial, helvetica, sans-serif\">2, loodud l\u00f5putuks l\u00f5buks;<\/span><\/p>\n<p><span style=\"color:rgb(0, 0, 0);font-size:16px;font-family:arial, helvetica, sans-serif\">3, ehitamisel tuleb silmas pidada ohutust;<\/span><\/p>\n<p><span style=\"color:rgb(0, 0, 0);font-size:16px;font-family:arial, helvetica, sans-serif\">4, suurep\u00e4rane valik lastele;<\/span><\/p>\n<p><span style=\"color:rgb(0, 0, 0);font-size:16px;font-family:arial, helvetica, sans-serif\">5. Tunnikese pikkune sujuv s\u00f5idur\u00f5\u00f5m.<\/span><\/p>\n<\/div>\n<\/div>\n<\/div>\n<\/div>\n<\/div>\n<\/div>\n<\/div>\n<\/div>\n<\/div>\n<\/div>\n<\/div>\n<\/div>\n<\/div>\n<\/div>\n<\/div>\n<\/div>\n<\/div>\n<\/div>\n<\/div>\n<\/div>\n<\/div>\n<\/div>\n<\/div>\n<\/div>\n<\/div>\n<\/div>\n<\/div>\n<\/div>\n<\/div>\n<\/div>\n<\/div>\n<\/div>\n<\/div>\n<\/div>\n<\/div>\n<\/div>\n<\/div>\n<\/div>\n<\/div>\n<\/div>\n<\/div>\n<\/div>\n<div style=\"background-color:rgb(240, 234, 255);margin:20px 0px 10px;margin-bottom:10px;margin-top:20px;margin-left:0px;margin-right:0px;width:100%;height:34px\"><span style=\"background-color:rgb(55, 139, 238);color:rgb(255, 255, 255);font-size:24px;font-family:Verdana, Arial\">Toote \u00fcksikasjad<\/span><\/div>\n<p><img decoding=\"async\" src=\"https:\/\/ae01.alicdn.com\/kf\/S879096d590984495b65dceffd3654558R.jpg\" slate-data-type=\"image\"\/><img decoding=\"async\" src=\"https:\/\/ae01.alicdn.com\/kf\/S1d7f5e80e46d4ef2af4d2d0dace1de1e1.jpg\" slate-data-type=\"image\"\/><img decoding=\"async\" src=\"https:\/\/ae01.alicdn.com\/kf\/Sbba0d9793630436abfe60659b61c3323V.jpg\" slate-data-type=\"image\"\/><img decoding=\"async\" src=\"https:\/\/ae01.alicdn.com\/kf\/S21a5860bf4cb4fb5a8a07e4741517fc3i.jpg\" slate-data-type=\"image\"\/><img decoding=\"async\" src=\"https:\/\/ae01.alicdn.com\/kf\/Sfa99be0f43f74ec7a2fb7409ee92f911g.jpg\" slate-data-type=\"image\"\/><img decoding=\"async\" src=\"https:\/\/ae01.alicdn.com\/kf\/S2f96ef0d8f0f423cb8aa8007bc2fa9fdx.jpg\" slate-data-type=\"image\"\/><img decoding=\"async\" src=\"https:\/\/ae01.alicdn.com\/kf\/S8caee628a4c14aefa24d4d9f47abbe5cQ.jpg\" slate-data-type=\"image\"\/><img decoding=\"async\" src=\"https:\/\/ae01.alicdn.com\/kf\/S3932e1dc0d49471d9734d6d422030fa7R.jpg\" slate-data-type=\"image\"\/><img decoding=\"async\" src=\"https:\/\/ae01.alicdn.com\/kf\/Sa110724b2147403aad8e9dbf55ae751c5.jpg\" slate-data-type=\"image\"\/><img decoding=\"async\" src=\"https:\/\/ae01.alicdn.com\/kf\/Sb83495c92edd448db738d46aeee36ba7h.jpg\" slate-data-type=\"image\"\/><img decoding=\"async\" src=\"https:\/\/ae01.alicdn.com\/kf\/S868c17956a0e4a9d8482b6e8a030ff8aY.jpg\" slate-data-type=\"image\"\/><\/p>\n<div style=\"background-color:rgb(240, 234, 255);margin:20px 0px 10px;margin-bottom:10px;margin-top:20px;margin-left:0px;margin-right:0px;width:100%;height:34px\"><span style=\"background-color:rgb(55, 139, 238);color:rgb(255, 255, 255);font-size:24px;font-family:Verdana, Arial\">Spetsifikatsioon <\/span><\/div>\n<\/div>\n<\/div>\n<p><\/p>\n<table style=\"border-collapse:collapse;font-family:&quot;Microsoft YaHei&quot;;width:1887px\" width=\"340.52pt\" border=\"1\" cellpadding=\"0\" cellspacing=\"0\">\n<tbody>\n<tr>\n<td style=\"width:79.5pt;height:56.25pt\" class=\"et2\" width=\"106\" height=\"75\" rowspan=\"4\">\n<p><span class=\"font1\" style=\"font-size:16px;font-family:arial, helvetica, sans-serif\">\u00dcldine<\/span><\/p>\n<\/td>\n<td style=\"width:261pt\" class=\"et3\" width=\"348\" rowspan=\"4\">\n<p><span style=\"font-size:16px;font-family:arial, helvetica, sans-serif\">Br\u00e4nd: HYPER GOGO<br \/>T\u00fc\u00fcp: Elektrimootorratas lastele<br \/>Mudel: Challenger 12 Plus (rakendusega)<br \/>V\u00e4rv: sinine<\/span><\/p>\n<\/td>\n<\/tr>\n<tr><\/tr>\n<tr><\/tr>\n<tr><\/tr>\n<tr>\n<td style=\"width:79.5pt;height:204.75pt\" class=\"et2\" width=\"106\" height=\"273\" rowspan=\"15\">\n<p><span class=\"font1\" style=\"font-size:16px;font-family:arial, helvetica, sans-serif\">Spetsifikatsioonid<\/span><\/p>\n<\/td>\n<td style=\"width:261pt\" class=\"et3\" width=\"348\" rowspan=\"15\">\n<p><span style=\"font-size:16px;font-family:arial, helvetica, sans-serif\">Raami materjal: teras<br \/>Aku: liitiumioonaku 21,9 V 5,2 A<br \/>Alalisvoolu laadija: alalisvool 24V 1.5A<br \/>Mootor: 24V 160W<br \/>P\u00f6\u00f6rdemoment: 11 Nm<br \/>Veekindluse reiting: IP4<br \/>Maksimaalne t\u00f5usunurk: 10\u00b0<br \/>Maksimaalne koormus: 65 kg<br \/>Maksimaalne kiirus: 16 km\/h<br \/>Maksimaalne ulatus: 12 km<br \/>Kiiruse re\u017eiim: 3 taset (8 km\/h, 12 km\/h ja 16 km\/h)<br \/>Pidur: Tagumine rumm<br \/>Rehv: pneumaatilised kummirehvid<br \/>Rehvim\u00f5\u00f5t: 12 x 3&quot;<br \/>Rehvir\u00f5hk: 45-50PSI<\/span><\/p>\n<\/td>\n<\/tr>\n<tr><\/tr>\n<tr><\/tr>\n<tr><\/tr>\n<tr><\/tr>\n<tr><\/tr>\n<tr><\/tr>\n<tr><\/tr>\n<tr><\/tr>\n<tr><\/tr>\n<tr><\/tr>\n<tr><\/tr>\n<tr><\/tr>\n<tr><\/tr>\n<tr><\/tr>\n<tr>\n<td style=\"width:79.5pt;height:83.25pt\" class=\"et2\" width=\"106\" height=\"111\" rowspan=\"6\">\n<p><span class=\"font1\" style=\"font-size:16px;font-family:arial, helvetica, sans-serif\">Omadused<\/span><\/p>\n<\/td>\n<td style=\"width:261pt\" class=\"et3\" width=\"348\" rowspan=\"6\">\n<p><span style=\"font-size:16px;font-family:arial, helvetica, sans-serif\">Ekraan: Jah<br \/>Poritiib: Jah<br \/>Rakendus: Jah<br \/>LED-tuli: Jah<br \/>Suits: Jah<br \/>Bluetooth-k\u00f5lar: Jah<\/span><\/p>\n<\/td>\n<\/tr>\n<tr><\/tr>\n<tr><\/tr>\n<tr><\/tr>\n<tr><\/tr>\n<tr><\/tr>\n<tr>\n<td style=\"width:79.5pt;height:56.25pt\" class=\"et2\" width=\"106\" height=\"75\" rowspan=\"4\">\n<p><span class=\"font1\" style=\"font-size:16px;font-family:arial, helvetica, sans-serif\">Kaal ja suurus<\/span><\/p>\n<\/td>\n<td style=\"width:261pt\" class=\"et3\" width=\"348\" rowspan=\"4\">\n<p><span style=\"font-size:16px;font-family:arial, helvetica, sans-serif\">Toote kaal: 15,6 kg<br \/>Paki kaal: 18,8 kg<br \/>Toote m\u00f5\u00f5tmed (P x L x K): 1151 x 499 x 725 mm<br \/>Paki m\u00f5\u00f5tmed (P x L x K): 1075 x 245 x 525 mm<\/span><\/p>\n<\/td>\n<\/tr>\n<tr><\/tr>\n<tr><\/tr>\n<tr><\/tr>\n<tr>\n<td style=\"width:79.5pt;height:218.25pt\" class=\"et2\" width=\"106\" height=\"291\" rowspan=\"16\">\n<p><span class=\"font1\" style=\"font-size:16px;font-family:arial, helvetica, sans-serif\">Pakendi sisu<\/span><\/p>\n<\/td>\n<td style=\"width:261pt\" class=\"et3\" width=\"348\" rowspan=\"16\">\n<p><span style=\"font-size:16px;font-family:arial, helvetica, sans-serif\">1 x pooleldi kokkupandud laste mootorratas<br \/>1 x 4 mm kuuskantv\u00f5ti<br \/>1 x 6 mm kuuskantv\u00f5ti<br \/>2 x 16 mm mutriv\u00f5tit<br \/>1 x laadija<br \/>1 x kasutusjuhend<br \/>2 x pedaali<br \/>1 x hoiukarp<br \/>1 x esiratas<br \/>1 x poritiib<br \/>4 x lenkstangi klambrit<br \/>1 x tugijalg<br \/>1 x esiratta mutritega telg<br \/>4 x polti poritiiva jaoks<br \/>4 x keskmise suurusega polti lenksu jaoks<br \/>2 x polti tugijalale<\/span><\/p>\n<\/td>\n<\/tr>\n<tr><\/tr>\n<tr><\/tr>\n<tr><\/tr>\n<tr><\/tr>\n<tr><\/tr>\n<tr><\/tr>\n<tr><\/tr>\n<tr><\/tr>\n<tr><\/tr>\n<tr><\/tr>\n<tr><\/tr>\n<tr><\/tr>\n<tr><\/tr>\n<tr><\/tr>\n<tr><\/tr>\n<tr>\n<td style=\"width:340.5pt;height:29.25pt\" class=\"et3\" width=\"454\" height=\"39\" colspan=\"2\">\n<p><span class=\"font3\" style=\"font-size:16px;font-family:arial, helvetica, sans-serif\"><span class=\"font2\" style=\"font-size:16px;font-family:arial, helvetica, sans-serif\">Pane t\u00e4hele, et maksimaalne s\u00f5iduulatus saavutatakse 60 kg koormusega, kiirusega 16 km\/h tasasel teel ilma tugeva tuuleta temperatuuril 26 \u00b0C.<\/span><\/span><\/p>\n<\/td>\n<\/tr>\n<\/tbody>\n<\/table>\n<p><\/p>","protected":false},"excerpt":{"rendered":"<p>Gender:&nbsp;Unisex Size:&nbsp;12 inch Model Number:&nbsp;Challenger 12 Plus (with App) Style:&nbsp;Motorbikes Wheel Number:&nbsp;Two Recommend Age:&nbsp;6-12Y,14+y Features:&nbsp;Ride On Max Load:&nbsp;65 kg Uphill:&nbsp;10\u00b0 (17.6%) Max Speed:&nbsp;16 km\/h (10 mph) Max Range:&nbsp;12 km Speed<\/p>","protected":false},"featured_media":24347,"comment_status":"open","ping_status":"closed","template":"","meta":{"_acf_changed":false},"product_brand":[],"product_cat":[313],"product_tag":[],"class_list":{"0":"post-24346","1":"product","2":"type-product","3":"status-publish","4":"has-post-thumbnail","6":"product_cat-electric-children-motorbikes","8":"first","9":"instock","10":"shipping-taxable","11":"purchasable","12":"product-type-variable"},"acf":[],"_links":{"self":[{"href":"https:\/\/www.electricstore.eu\/et\/wp-json\/wp\/v2\/product\/24346","targetHints":{"allow":["GET"]}}],"collection":[{"href":"https:\/\/www.electricstore.eu\/et\/wp-json\/wp\/v2\/product"}],"about":[{"href":"https:\/\/www.electricstore.eu\/et\/wp-json\/wp\/v2\/types\/product"}],"replies":[{"embeddable":true,"href":"https:\/\/www.electricstore.eu\/et\/wp-json\/wp\/v2\/comments?post=24346"}],"wp:featuredmedia":[{"embeddable":true,"href":"https:\/\/www.electricstore.eu\/et\/wp-json\/wp\/v2\/media\/24347"}],"wp:attachment":[{"href":"https:\/\/www.electricstore.eu\/et\/wp-json\/wp\/v2\/media?parent=24346"}],"wp:term":[{"taxonomy":"product_brand","embeddable":true,"href":"https:\/\/www.electricstore.eu\/et\/wp-json\/wp\/v2\/product_brand?post=24346"},{"taxonomy":"product_cat","embeddable":true,"href":"https:\/\/www.electricstore.eu\/et\/wp-json\/wp\/v2\/product_cat?post=24346"},{"taxonomy":"product_tag","embeddable":true,"href":"https:\/\/www.electricstore.eu\/et\/wp-json\/wp\/v2\/product_tag?post=24346"}],"curies":[{"name":"wp","href":"https:\/\/api.w.org\/{rel}","templated":true}]}}