{"id":21967,"date":"2025-05-20T18:28:28","date_gmt":"2025-05-20T18:28:28","guid":{"rendered":"https:\/\/electricstore.eu\/p\/uncategorized\/bk15-electric-bike-for-adults-250w-48v-15ah-ebike-264-0-fat-tire-e-mountain-bike-7-speed-all-terrain-electric-bicycle\/"},"modified":"2025-05-20T18:28:47","modified_gmt":"2025-05-20T18:28:47","slug":"bk15-electric-bike-for-adults-250w-48v-15ah-ebike-264-0-fat-tire-e-mountain-bike-7-speed-all-terrain-electric-bicycle","status":"publish","type":"product","link":"https:\/\/www.electricstore.eu\/et\/p\/bikes\/bk15-electric-bike-for-adults-250w-48v-15ah-ebike-264-0-fat-tire-e-mountain-bike-7-speed-all-terrain-electric-bicycle\/","title":{"rendered":"BK15 elektriratas t\u00e4iskasvanutele 250W 48V 15AH Ebike 26*4.0 Fat rehvidega E-m\u00e4giratas 7-k\u00e4iguline maastikul kasutatav elektriratas"},"content":{"rendered":"<div class=\"product-specs-list-container\">\n<ul class=\"product-specs-list util-clearfix\">\n<li class=\"product-prop line-limit-length\"><span\n                                        class=\"property-title\">Mudelinumber:&nbsp;<\/span><span\n                                        class=\"property-desc line-limit-length\">BK15<\/span>\n                            <\/li>\n<li class=\"product-prop line-limit-length\"><span\n                                        class=\"property-title\">Stiil:&nbsp;<\/span><span\n                                        class=\"property-desc line-limit-length\">Luksuslik t\u00fc\u00fcp<\/span>\n                            <\/li>\n<li class=\"product-prop line-limit-length\"><span\n                                        class=\"property-title\">V\u00f5imsus:&nbsp;<\/span><span\n                                        class=\"property-desc line-limit-length\">200\u2013250 W<\/span>\n                            <\/li>\n<li class=\"product-prop line-limit-length\"><span\n                                        class=\"property-title\">Toiteallikas:&nbsp;<\/span><span\n                                        class=\"property-desc line-limit-length\">liitiumaku<\/span>\n                            <\/li>\n<li class=\"product-prop line-limit-length\"><span\n                                        class=\"property-title\">Pinge:&nbsp;<\/span><span\n                                        class=\"property-desc line-limit-length\">48V<\/span>\n                            <\/li>\n<li class=\"product-prop line-limit-length\"><span\n                                        class=\"property-title\">Toiteallikas:&nbsp;<\/span><span\n                                        class=\"property-desc line-limit-length\">liitiumaku<\/span>\n                            <\/li>\n<li class=\"product-prop line-limit-length\"><span\n                                        class=\"property-title\">Mootor:&nbsp;<\/span><span\n                                        class=\"property-desc line-limit-length\">Harjadeta<\/span>\n                            <\/li>\n<li class=\"product-prop line-limit-length\"><span\n                                        class=\"property-title\">P\u00e4ritolu:&nbsp;<\/span><span\n                                        class=\"property-desc line-limit-length\">Mandri-Hiina<\/span>\n                            <\/li>\n<li class=\"product-prop line-limit-length\"><span\n                                        class=\"property-title\">Kokkupandud:&nbsp;<\/span><span\n                                        class=\"property-desc line-limit-length\">Ei<\/span>\n                            <\/li>\n<li class=\"product-prop line-limit-length\"><span\n                                        class=\"property-title\">Ratta suurus:&nbsp;<\/span><span\n                                        class=\"property-desc line-limit-length\">26 tolli<\/span>\n                            <\/li>\n<li class=\"product-prop line-limit-length\"><span\n                                        class=\"property-title\">Raami materjal:&nbsp;<\/span><span\n                                        class=\"property-desc line-limit-length\">TERAS<\/span>\n                            <\/li>\n<\/ul><\/div>\n<p><strong><span style=\"font-size:20px\">BK15 elektriratas t\u00e4iskasvanutele 250W 48V 15AH Ebike 26*4.0 Fat rehvidega E-m\u00e4giratas 7-k\u00e4iguline maastikul kasutatav elektriratas<\/span><\/strong><\/p>\n<p><\/p>\n<p><span style=\"font-size:18px\"><strong>48 V 15 Ah eemaldatav aku vargusvastase v\u00f5tmelukuga<\/strong><\/span><\/p>\n<p>See v\u00f5imas 48 V 15 Ah aku tagab pikaajalise j\u00f5udluse pikkadeks s\u00f5itudeks. Turvalise v\u00f5tmelukuga aku on varguse eest kaitstud, v\u00f5imaldades teil selle laadimiseks h\u00f5lpsalt eemaldada, hoides samal ajal oma elektriratta parkimisel turvaliselt.<\/p>\n<p><\/p>\n<p><span style=\"font-size:18px\"><strong>T\u00e4iustatud 26\u00d74,0-tollised torkekindlad rehvid parema vastupidavuse tagamiseks<\/strong><\/span><\/p>\n<p>BK15 4.0 elektrirattal on vastupidavad 26\u00d74,0-tollised rehvid, mis on n\u00fc\u00fcd t\u00e4iustatud torkekindla tehnoloogiaga. Nautige s\u00f5idu ajal suuremat meelerahu, teades, et need rehvid on loodud taluma teravaid esemeid ja pakkuma sujuvamat ning usaldusv\u00e4\u00e4rsemat kogemust igal maastikul.<\/p>\n<p><\/p>\n<p><span style=\"font-size:18px\"><strong>Sujuv s\u00f5it esihargi vedrustusega<\/strong><\/span><\/p>\n<p>Esihargi vedrustus neelab l\u00f6\u00f6ke ja vibratsiooni, pakkudes sujuvamat s\u00f5itu ebatasasel pinnal. Olgu tegemist linnat\u00e4navate v\u00f5i konarlike teedega, kogete suuremat mugavust ja kontrolli.<\/p>\n<p><\/p>\n<p><span style=\"font-size:18px\"><strong>T\u00e4iustatud LCD-ekraan rakenduse funktsiooniga t\u00e4ieliku s\u00f5idukontrolli tagamiseks<\/strong><\/span><\/p>\n<p>J\u00e4lgi oma s\u00f5itu vaevata ekraanil, mis kuvab mitmeid n\u00e4itajaid, sealhulgas kiirust, aku t\u00f6\u00f6aega ja l\u00e4bis\u00f5itu. See universaalne ekraan hoiab sind iga s\u00f5idu ajal t\u00e4ielikult kursis oma BK15 4.0 ratta j\u00f5udlusega.<\/p>\n<p><\/p>\n<p>Aku mahtuvus: 48 V 15 Ah<\/p>\n<p>Mootor: 250W harjadeta mootor<\/p>\n<p>Maksimaalne kiirus: 25 km\/h<\/p>\n<p>Maksimaalne ronimisnurk: 25 kraadi<\/p>\n<p>L\u00e4bis\u00f5it: 45\u201380 km (m\u00f5jutab koormus, temperatuur, teeolud, s\u00f5idure\u017eiim jne)<\/p>\n<p>Maksimaalne koormus: 120 kg<\/p>\n<p>Rehv: 26 * 4,0 tolli rehv<\/p>\n<p>Pidurdusmeetod: ketaspidur<\/p>\n<p>Laadimisaeg: 6-7 tundi<\/p>\n<p>Toote suurus: 188 * 60 * 103 cm<\/p>\n<p>Paki suurus: 155 * 31 * 80 cm<\/p>\n<p>Bruto\/neto\uff1a35,4 kg\/28,9 kg<\/p>\n<p><img decoding=\"async\" src=\"https:\/\/ae01.alicdn.com\/kf\/Seaf9081fa5ee447da5c42b72ecf41fa7x.jpg\" slate-data-type=\"image\"\/><img decoding=\"async\" src=\"https:\/\/ae01.alicdn.com\/kf\/Sba947f26e320426db9de37be87954e6fV.jpg\" slate-data-type=\"image\"\/><\/p>\n<p><img decoding=\"async\" src=\"https:\/\/ae01.alicdn.com\/kf\/S7971904279a541d19084b7dcca3aaaaeI.jpg\" slate-data-type=\"image\"\/><\/p>\n<p><img decoding=\"async\" src=\"https:\/\/ae01.alicdn.com\/kf\/Se814f7fafcd34f608fa8ea2c3ee2124dx.jpg\" slate-data-type=\"image\"\/><\/p>\n<p><img decoding=\"async\" src=\"https:\/\/ae01.alicdn.com\/kf\/Sc605fee69a2843b09e338630b67b3428e.jpg\" slate-data-type=\"image\"\/><\/p>","protected":false},"excerpt":{"rendered":"<p>Model Number:&nbsp;BK15 Style:&nbsp;Luxury Type Wattage:&nbsp;200 &#8211; 250w Power Supply:&nbsp;lithium battery Voltage:&nbsp;48V Power Source:&nbsp;lithium battery Motor:&nbsp;Brushless Origin:&nbsp;Mainland China Folded:&nbsp;No Wheel Size:&nbsp;26\u201c Frame Material:&nbsp;STEEL BK15 Electric Bike for Adults 250W 48V 15AH<\/p>","protected":false},"featured_media":21968,"comment_status":"open","ping_status":"closed","template":"","meta":{"_acf_changed":false},"product_brand":[],"product_cat":[230],"product_tag":[],"class_list":{"0":"post-21967","1":"product","2":"type-product","3":"status-publish","4":"has-post-thumbnail","6":"product_cat-bikes","8":"first","9":"instock","10":"shipping-taxable","11":"purchasable","12":"product-type-variable"},"acf":[],"_links":{"self":[{"href":"https:\/\/www.electricstore.eu\/et\/wp-json\/wp\/v2\/product\/21967","targetHints":{"allow":["GET"]}}],"collection":[{"href":"https:\/\/www.electricstore.eu\/et\/wp-json\/wp\/v2\/product"}],"about":[{"href":"https:\/\/www.electricstore.eu\/et\/wp-json\/wp\/v2\/types\/product"}],"replies":[{"embeddable":true,"href":"https:\/\/www.electricstore.eu\/et\/wp-json\/wp\/v2\/comments?post=21967"}],"wp:featuredmedia":[{"embeddable":true,"href":"https:\/\/www.electricstore.eu\/et\/wp-json\/wp\/v2\/media\/21968"}],"wp:attachment":[{"href":"https:\/\/www.electricstore.eu\/et\/wp-json\/wp\/v2\/media?parent=21967"}],"wp:term":[{"taxonomy":"product_brand","embeddable":true,"href":"https:\/\/www.electricstore.eu\/et\/wp-json\/wp\/v2\/product_brand?post=21967"},{"taxonomy":"product_cat","embeddable":true,"href":"https:\/\/www.electricstore.eu\/et\/wp-json\/wp\/v2\/product_cat?post=21967"},{"taxonomy":"product_tag","embeddable":true,"href":"https:\/\/www.electricstore.eu\/et\/wp-json\/wp\/v2\/product_tag?post=21967"}],"curies":[{"name":"wp","href":"https:\/\/api.w.org\/{rel}","templated":true}]}}