{"id":21860,"date":"2025-05-20T18:27:38","date_gmt":"2025-05-20T18:27:38","guid":{"rendered":"https:\/\/electricstore.eu\/p\/uncategorized\/150w-electric-motorcycle-for-kids-w-led-lights-12-inch-mini-electric-dirt-bike-24v-3-0ah-battery-powered-motorcycle\/"},"modified":"2025-05-20T18:27:40","modified_gmt":"2025-05-20T18:27:40","slug":"150w-electric-motorcycle-for-kids-w-led-lights-12-inch-mini-electric-dirt-bike-24v-3-0ah-battery-powered-motorcycle","status":"publish","type":"product","link":"https:\/\/www.electricstore.eu\/et\/p\/motorbikes\/electric-children-motorbikes\/150w-electric-motorcycle-for-kids-w-led-lights-12-inch-mini-electric-dirt-bike-24v-3-0ah-battery-powered-motorcycle\/","title":{"rendered":"150W elektrimootorratas lastele LED-tuledega, 12-tolline mini elektriline krossiratas, 24V 3.0AH akutoitega mootorratas"},"content":{"rendered":"<div class=\"product-specs-list-container\">\n<ul class=\"product-specs-list util-clearfix\">\n<li class=\"product-prop line-limit-length\"><span\n                                        class=\"property-title\">K\u00f5rge riskiga kemikaal:&nbsp;<\/span><span\n                                        class=\"property-desc line-limit-length\">Puudub<\/span>\n                            <\/li>\n<li class=\"product-prop line-limit-length\"><span\n                                        class=\"property-title\">P\u00e4ritolu:&nbsp;<\/span><span\n                                        class=\"property-desc line-limit-length\">Mandri-Hiina<\/span>\n                            <\/li>\n<\/ul><\/div>\n<p><strong><span style=\"color:rgb(0, 0, 0);font-size:15pt;font-family:&quot;Times New Roman&quot;\">Kirjeldus<\/span><\/strong><\/p>\n<p class=\"MsoNormal\"><span style=\"font-size:12pt;font-family:&quot;Times New Roman&quot;\">Kas soovite oma lastele pakkuda l\u00f5busat ja avastamisr\u00f5\u00f5mu t\u00e4is lapsep\u00f5lve? Siis on see lastele m\u00f5eldud elektrimootorratas ideaalne valik! Oma laheda ja pilkup\u00fc\u00fcdva disainiga muudab see lapsed koheselt v\u00e4ikesteks v\u00f5idus\u00f5itjateks, n\u00e4idates \u00fcles nende lapselikku stiili. Laske sellel s\u00fctitada teie laste avastamiskirg ja viia nad \u00f5nneliku tuleviku poole!<\/span><img decoding=\"async\" src=\"https:\/\/ae01.alicdn.com\/kf\/S1d7e378a83f0443eb8937695ec1f9d1fR.jpg\" slate-data-type=\"image\"\/><strong><span style=\"color:rgb(0, 0, 0);font-size:15pt;font-family:&quot;Times New Roman&quot;\">Taotlus<\/span><\/strong><\/p>\n<p class=\"MsoNormal\"><span style=\"font-size:12pt;font-family:&quot;Times New Roman&quot;\">See toode sobib \u00fcle 6-aastastele lastele ja noorukitele, kes kaaluvad kuni 60 kg. See v\u00f5ib s\u00f5ita ka v\u00e4lispindadel, n\u00e4iteks asfaldil, telliskividel ja tsemendil.<\/span><\/p>\n<p><\/p>\n<p class=\"MsoNormal\"><strong><span style=\"color:rgb(0, 0, 0);font-size:15pt;font-family:&quot;Times New Roman&quot;\">Spetsifikatsioon<\/span><\/strong><\/p>\n<p class=\"MsoNormal\"><span style=\"color:rgb(14, 16, 26);font-size:12pt;font-family:&quot;Times New Roman&quot;\">V\u00e4rv: must<\/span><\/p>\n<p class=\"MsoNormal\"><span style=\"color:rgb(14, 16, 26);font-size:12pt;font-family:&quot;Times New Roman&quot;\">Stiil: Moodne<\/span><\/p>\n<p class=\"MsoNormal\"><span style=\"color:rgb(14, 16, 26);font-size:12pt;font-family:&quot;Times New Roman&quot;\">Materjal: Raud, PP<\/span><\/p>\n<p class=\"MsoNormal\"><span style=\"color:rgb(14, 16, 26);font-size:12pt;font-family:&quot;Times New Roman&quot;\">Protsess: plastist pihustamine, vee\u00fclekande tr\u00fckkimine<\/span><\/p>\n<p class=\"MsoNormal\"><span style=\"color:rgb(14, 16, 26);font-size:12pt;font-family:&quot;Times New Roman&quot;\">Kokkupanek vajalik: Jah<\/span><\/p>\n<p class=\"MsoNormal\"><span style=\"color:rgb(14, 16, 26);font-size:12pt;font-family:&quot;Times New Roman&quot;\">Pidur: ketaspidur<\/span><\/p>\n<p class=\"MsoNormal\"><span style=\"color:rgb(14, 16, 26);font-size:12pt;font-family:&quot;Times New Roman&quot;\">Valgusallikas: LED<\/span><\/p>\n<p class=\"MsoNormal\"><span style=\"color:rgb(14, 16, 26);font-size:12pt;font-family:&quot;Times New Roman&quot;\">Heledad v\u00e4rvid: punane, sinine, roheline<\/span><\/p>\n<p class=\"MsoNormal\"><span style=\"color:rgb(0, 0, 0);font-size:12pt;font-family:&quot;Times New Roman&quot;\">Toiteallikas: juhtmega elekter<\/span><\/p>\n<p class=\"MsoNormal\"><span style=\"color:rgb(0, 0, 0);font-size:12pt;font-family:&quot;Times New Roman&quot;\">Pistiku t\u00fc\u00fcp: EL-i standard<\/span><\/p>\n<p class=\"MsoNormal\"><span style=\"color:rgb(23, 26, 29);font-size:12pt;font-family:&quot;Times New Roman&quot;\">Pinge: 24V<\/span><\/p>\n<p class=\"MsoNormal\"><span style=\"color:rgb(23, 26, 29);font-size:12pt;font-family:&quot;Times New Roman&quot;\">V\u00f5imsus: 150W<\/span><\/p>\n<p class=\"MsoNormal\"><span style=\"color:rgb(23, 26, 29);font-size:12pt;font-family:&quot;Times New Roman&quot;\">Aku mahtuvus: 24V 3.0AH<\/span><\/p>\n<p class=\"MsoNormal\"><span style=\"color:rgb(23, 26, 29);font-size:12pt;font-family:&quot;Times New Roman&quot;\">Adapteri mudel: DCSP294100<\/span><\/p>\n<p class=\"MsoNormal\"><span style=\"color:rgb(23, 26, 29);font-size:12pt;font-family:&quot;Times New Roman&quot;\">Sisend: 100\u2013240 V vahelduvvool 50\/60 Hz, max 2 A<\/span><\/p>\n<p class=\"MsoNormal\"><span style=\"color:rgb(23, 26, 29);font-size:12pt;font-family:&quot;Times New Roman&quot;\">V\u00e4ljund: DC29.4V 1A \u00a0\u00a0\u00a0\u00a0\u00a0\u00a0\u00a0\u00a0\u00a0\u00a0\u00a0\u00a0\u00a0\u00a0\u00a0\u00a0\u00a0\u00a0\u00a0\u00a0<\/span><\/p>\n<p class=\"MsoNormal\"><span style=\"color:rgb(23, 26, 29);font-size:12pt;font-family:&quot;Times New Roman&quot;\">Laadimisaeg: 3-5 tundi<\/span><\/p>\n<p class=\"MsoNormal\"><span style=\"color:rgb(23, 26, 29);font-size:12pt;font-family:&quot;Times New Roman&quot;\">Vastupidavusaeg: umbes 1,2 tundi<\/span><\/p>\n<p class=\"MsoNormal\"><span style=\"color:rgb(23, 26, 29);font-size:12pt;font-family:&quot;Times New Roman&quot;\">Maksimaalne kandev\u00f5ime: 65 kg \/ 143,3 naela<\/span><\/p>\n<p class=\"MsoNormal\"><span style=\"color:rgb(23, 26, 29);font-size:12pt;font-family:&quot;Times New Roman&quot;\">Sobiv vanus: &gt; 6 aastat<\/span><\/p>\n<p class=\"MsoNormal\"><span style=\"color:rgb(23, 26, 29);font-size:12pt;font-family:&quot;Times New Roman&quot;\">Kiirus: umbes 8 km\/4,97 miili\/h, 12 km\/7,46 miili\/h<\/span><\/p>\n<p class=\"MsoNormal\"><span style=\"color:rgb(23, 26, 29);font-size:12pt;font-family:&quot;Times New Roman&quot;\">Ratta l\u00e4bim\u00f5\u00f5t: 30,48 cm \/ 12 tolli<\/span><\/p>\n<p class=\"MsoNormal\"><span style=\"color:rgb(23, 26, 29);font-size:12pt;font-family:&quot;Times New Roman&quot;\">Ronimiskalle: 15\u00b0<\/span><\/p>\n<p class=\"MsoNormal\"><span style=\"font-size:12pt;font-family:&quot;Times New Roman&quot;\">Kogukaal: 16 kg \/ 35,27 naela <\/span><\/p>\n<p class=\"MsoNormal\"><span style=\"font-size:12pt;font-family:&quot;Times New Roman&quot;\">Paki suurus: 95 * 50 * 20 cm \/ 37,4 * 19,69 * 7,87 tolli<\/span><\/p>\n<p class=\"MsoNormal\"><span style=\"font-size:12pt;font-family:&quot;Times New Roman&quot;\">Toote suurus: 106 * 59 * 66 cm \/ 41,7 * 23,22 * 26 tolli<\/span><\/p>\n<p><\/p>\n<p class=\"MsoNormal\"><strong><span style=\"color:rgb(0, 0, 0);font-size:15pt;font-family:&quot;Times New Roman&quot;\">Pakett sisaldab<\/span><\/strong><\/p>\n<p class=\"MsoNormal\"><span style=\"color:rgb(0, 0, 0);font-size:12pt;font-family:&quot;Times New Roman&quot;\">1* <\/span><span style=\"font-size:12pt;font-family:&quot;Times New Roman&quot;\">Elektrimootorratas lastele<\/span><\/p>\n<p class=\"MsoNormal\"><span style=\"color:rgb(0, 0, 0);font-size:12pt;font-family:&quot;Times New Roman&quot;\">1* Mitmekeelne kasutusjuhend<\/span><\/p>\n<p class=\"MsoNormal\"><span style=\"color:rgb(0, 0, 0);font-size:12pt;font-family:&quot;Times New Roman&quot;\">K\u00f5ik paigaldustarvikud<\/span><img decoding=\"async\" src=\"https:\/\/ae01.alicdn.com\/kf\/Sb637673d892643ae91c4e17a583042fae.jpg\" slate-data-type=\"image\"\/><img decoding=\"async\" src=\"https:\/\/ae01.alicdn.com\/kf\/Scda005db7def4763844f4b29804b3e7cg.jpg\" slate-data-type=\"image\"\/><img decoding=\"async\" src=\"https:\/\/ae01.alicdn.com\/kf\/S5eb41cad3d3740edb715dd1ead4eb58f5.jpg\" slate-data-type=\"image\"\/><img decoding=\"async\" src=\"https:\/\/ae01.alicdn.com\/kf\/S89f5ee141e8f4cb8bd3b87f03b698767Z.jpg\" slate-data-type=\"image\"\/><img decoding=\"async\" src=\"https:\/\/ae01.alicdn.com\/kf\/Sa24f88a9c75244899dade1d514066e4bN.jpg\" slate-data-type=\"image\"\/><img decoding=\"async\" src=\"https:\/\/ae01.alicdn.com\/kf\/S9a403cf417364f9fb32b77c0273956da2.jpg\" slate-data-type=\"image\"\/><img decoding=\"async\" src=\"https:\/\/ae01.alicdn.com\/kf\/S0ed886f5026a4ddeaad882457f992a10x.jpg\" slate-data-type=\"image\"\/><img decoding=\"async\" src=\"https:\/\/ae01.alicdn.com\/kf\/S8a67a9750231465ab1e4cd2b144053dfp.jpg\" slate-data-type=\"image\"\/><img decoding=\"async\" src=\"https:\/\/ae01.alicdn.com\/kf\/S932a4ca6ed384e3a9f2e63705540ef80s.jpg\" slate-data-type=\"image\"\/><img decoding=\"async\" src=\"https:\/\/ae01.alicdn.com\/kf\/Sf7f026a092894633be24def19e9b7134T.jpg\" slate-data-type=\"image\"\/><img decoding=\"async\" src=\"https:\/\/ae01.alicdn.com\/kf\/S64aa53d27b2a43de9b9bcb9798ede6e5O.jpg\" slate-data-type=\"image\"\/><img decoding=\"async\" src=\"https:\/\/ae01.alicdn.com\/kf\/S3333fdf5ccc44555831179272117b2f9c.jpg\" slate-data-type=\"image\"\/><img decoding=\"async\" src=\"https:\/\/ae01.alicdn.com\/kf\/S32d8cc102f8d4115ad4f49d2d295a54bj.jpg\" slate-data-type=\"image\"\/><img decoding=\"async\" src=\"https:\/\/ae01.alicdn.com\/kf\/S372688bcaaef4f329fd83fe108b46a17I.jpg\" slate-data-type=\"image\"\/><img decoding=\"async\" src=\"https:\/\/ae01.alicdn.com\/kf\/Sc7d6cb2e3228477bb9b8756cc2ee6b4a3.jpg\" slate-data-type=\"image\"\/><img decoding=\"async\" src=\"https:\/\/ae01.alicdn.com\/kf\/S97970c3c5b5c45f495feaac3c54076a6X.jpg\" slate-data-type=\"image\"\/><img decoding=\"async\" src=\"https:\/\/ae01.alicdn.com\/kf\/S77207917972246e7aa64d79d6f71e0d9V.jpg\" slate-data-type=\"image\"\/><img decoding=\"async\" src=\"https:\/\/ae01.alicdn.com\/kf\/S9312a09277154cc587baf1b00756a40bN.jpg\" slate-data-type=\"image\"\/><img decoding=\"async\" src=\"https:\/\/ae01.alicdn.com\/kf\/Sff4d08b9442d47ed8acf5a8482c23b46J.jpg\" slate-data-type=\"image\"\/><img decoding=\"async\" src=\"https:\/\/ae01.alicdn.com\/kf\/S37df5a8ec3484d0e98befc8f3b105ff21.jpg\" slate-data-type=\"image\"\/><img decoding=\"async\" src=\"https:\/\/ae01.alicdn.com\/kf\/S7b6355aa5d8444bcb7ae05b528cf9782x.jpg\" slate-data-type=\"image\"\/><\/p>\n<p><\/p>\n<p class=\"MsoNormal\"><strong><span style=\"color:rgb(0, 0, 0);font-size:15pt;font-family:&quot;Times New Roman&quot;\">Peamised omadused<\/span><\/strong><\/p>\n<p class=\"MsoNormal\"><strong><span style=\"font-size:12pt;font-family:&quot;Times New Roman&quot;\">Ehita kestma: <\/span><\/strong><span style=\"font-size:12pt;font-family:&quot;Times New Roman&quot;\">See on valmistatud kvaliteetsest rauast ja lapses\u00f5bralikust PP-st, kasutades plastpihustamise ja vee\u00fclekande tr\u00fckkimise protsesse. <\/span><span style=\"background-color:rgb(245, 199, 205);font-size:12pt;font-family:&quot;Times New Roman&quot;\">keskkonnas\u00f5bralik, korrosioonikindel, niiskuskindel, ilmastikukindel, vananemisvastane ja kulumiskindel<\/span><span style=\"font-size:12pt;font-family:&quot;Times New Roman&quot;\">, seega peab see ajaproovile h\u00e4sti vastu<\/span><span style=\"font-size:14pt;font-family:&quot;Times New Roman&quot;\">.<\/span><\/p>\n<p><\/p>\n<p class=\"MsoNormal\"><strong><span style=\"font-size:12pt;font-family:&quot;Times New Roman&quot;\">T\u00f5hus elektris\u00fcsteem: <\/span><\/strong><span style=\"color:rgb(23, 26, 29);font-size:12pt;font-family:&quot;Times New Roman&quot;\">150 W suure v\u00f5imsuse ja 24 V 3,0 Ah laetava akuga saate p\u00e4rast 3\u20135 tundi laadimist s\u00f5ita umbes 1,2 tundi, mis rahuldab teie lapse s\u00f5idur\u00f5\u00f5mu ilma sagedase laadimiseta.<\/span><\/p>\n<p><\/p>\n<p class=\"MsoNormal\"><strong><span style=\"color:rgb(23, 26, 29);font-size:12pt;font-family:&quot;Times New Roman&quot;\">Kahe kiirusega re\u017eiim:<\/span><\/strong><span style=\"color:rgb(23, 26, 29);font-size:12pt;font-family:&quot;Times New Roman&quot;\">\u00a0Elektrimootorratas on varustatud kahe kiiruse reguleerimise funktsiooniga (4,97 miili\/h, 7,46 miili\/h), saate vabalt vahetada suure ja v\u00e4ikese kiiruse re\u017eiimi vastavalt teeoludele ja isiklikele s\u00f5iduharjumustele, mis sobib eriti h\u00e4sti lastele v\u00f5i esmakordsetele kasutajatele s\u00f5idur\u00f5\u00f5mu nautimiseks. <\/span><\/p>\n<p><\/p>\n<p class=\"MsoNormal\"><strong><span style=\"font-size:12pt;font-family:&quot;Times New Roman&quot;\">Naljakas s\u00f5itmine:<\/span><\/strong><span style=\"font-size:12pt;font-family:&quot;Times New Roman&quot;\">\u00a0Sellel on lahe mootorratta disain ja v\u00e4rvilised LED-tuled (punane, sinine ja roheline), mis vastavad laste huvidele, v\u00f5imaldades palju lihtsamat ja l\u00f5busamat s\u00f5itu. <\/span><\/p>\n<p><\/p>\n<p class=\"MsoNormal\"><strong><span style=\"font-size:12pt;font-family:&quot;Times New Roman&quot;\">Mugav ja turvaline:<\/span><\/strong><span style=\"font-size:12pt;font-family:&quot;Times New Roman&quot;\">\u00a0Ergonoomiline iste pakub lastele suurep\u00e4rast ja mugavat s\u00f5idukogemust. Lisaks tagab tagumine ketaspiduris\u00fcsteem teie lapse ohutuse s\u00f5idu ajal ning l\u00fchike k\u00e4epide on efektiivne kiireks pidurdamiseks. \u00a0\u00a0\u00a0\u00a0\u00a0\u00a0\u00a0\u00a0\u00a0\u00a0\u00a0\u00a0\u00a0\u00a0\u00a0\u00a0\u00a0\u00a0\u00a0\u00a0\u00a0\u00a0\u00a0\u00a0\u00a0\u00a0\u00a0\u00a0\u00a0\u00a0\u00a0\u00a0\u00a0\u00a0\u00a0\u00a0\u00a0<\/span><\/p>\n<p><\/p>\n<p class=\"MsoNormal\"><strong><span style=\"font-size:12pt;font-family:&quot;Times New Roman&quot;\">Suur kandev\u00f5ime:<\/span><\/strong><span style=\"font-size:12pt;font-family:&quot;Times New Roman&quot;\">\u00a0Stabiilne raudraam, <\/span><span style=\"color:rgb(0, 0, 0);font-size:12pt;font-family:&quot;Times New Roman&quot;\">kolmnurkne struktuur<\/span><span style=\"font-size:12pt;font-family:&quot;Times New Roman&quot;\">ja kindel kruvi\u00fchendus annavad tootele kandev\u00f5ime <\/span><span style=\"color:rgb(23, 26, 29);font-size:12pt;font-family:&quot;Times New Roman&quot;\">143,3 naela<\/span><span style=\"font-size:12pt;font-family:&quot;Times New Roman&quot;\">, mis teeb selle kasutamise ajal mugavamaks.<\/span><\/p>\n<p><\/p>\n<p class=\"MsoNormal\"><strong><span style=\"font-size:12pt;font-family:&quot;Times New Roman&quot;\">Lihtne hooldada: <\/span><\/strong><span style=\"font-size:12pt;font-family:&quot;Times New Roman&quot;\">T\u00e4nu siledale pinnale ja lihtsale konstruktsioonile saab mustuse pehme lapiga h\u00f5lpsalt eemaldada.\u00a0<\/span><\/p>\n<p><\/p>\n<p class=\"MsoNormal\"><strong><span style=\"font-size:12pt;font-family:&quot;Times New Roman&quot;\">Imeline kingitus: <\/span><\/strong><span style=\"font-size:12pt;font-family:&quot;Times New Roman&quot;\">See toode v\u00f5ib s\u00fctitada lapses avastamis- ja seikluskire, aidata tal arendada julgust, uudishimu ning suurep\u00e4raseid kontrolli- ja s\u00f5iduoskusi, mis eristavad teda rahvahulgast, muutes selle ideaalseks s\u00fcnnip\u00e4eva- ja p\u00fchadekingiks teie lapsele.<\/span><\/p>\n<p><\/p>\n<p class=\"MsoNormal\"><strong><span style=\"font-size:12pt;font-family:&quot;Times New Roman&quot;\">Kokkupanek imelihtne: <\/span><\/strong><span style=\"font-size:12pt;font-family:&quot;Times New Roman&quot;\">T\u00e4ielikud paigaldustarvikud, \u00fcksikasjalik kasutusjuhend ja lihtne konstruktsioon v\u00f5imaldavad teil kokkupaneku v\u00e4ga l\u00fchikese ajaga l\u00f5pule viia.\u00a0 \u00a0<\/span><\/p>\n<p><\/p>\n<p class=\"MsoNormal\"><strong><span style=\"font-size:12pt;font-family:&quot;Times New Roman&quot;\">Hea klienditeenindus:<\/span><\/strong><span style=\"color:rgb(0, 0, 0);font-size:12pt;font-family:&quot;Times New Roman&quot;\">Seisame k\u00f5igi oma k\u00fclaliste eest ja ootame, et saaksime teid ostu sooritamisel abistada. Meil on hea meel vastata teie k\u00fcsimustele ja tekkinud segadusele. Meievaheline lugu ei l\u00f5ppe sellega, et &quot;meie m\u00fc\u00fcme ja teie ostate&quot;.<\/span><\/p>\n<p><\/p>\n<p class=\"MsoNormal\"><strong><span style=\"color:rgb(0, 0, 0);font-size:15pt;font-family:&quot;Times New Roman&quot;\">Detailid<\/span><\/strong><\/p>\n<p class=\"MsoNormal\"><strong><span style=\"background-color:rgb(245, 199, 205);font-size:12pt;font-family:&quot;Times New Roman&quot;\">Libisemisvastane<\/span><\/strong><strong><span style=\"font-size:12pt;font-family:&quot;Times New Roman&quot;\">\u00a0Pedaal:<\/span><\/strong><span style=\"font-size:12pt;font-family:&quot;Times New Roman&quot;\">\u00a0See suurendab h\u00f5\u00f5rdumist jalatalla ja pedaali vahel, et v\u00e4ltida libisemist.<\/span><\/p>\n<p><\/p>\n<p class=\"MsoNormal\"><strong><span style=\"background-color:rgb(245, 199, 205);font-size:12pt;font-family:&quot;Times New Roman&quot;\">Libisemiskindel<\/span><\/strong><strong><span style=\"font-size:12pt;font-family:&quot;Times New Roman&quot;\">\u00a0Rehvid:<\/span><\/strong><span style=\"font-size:12pt;font-family:&quot;Times New Roman&quot;\">\u00a0Rehvid koos <\/span><span style=\"background-color:rgb(245, 199, 205);font-size:12pt;font-family:&quot;Times New Roman&quot;\">libisemiskindel<\/span><span style=\"font-size:12pt;font-family:&quot;Times New Roman&quot;\">\u00a0Sooned on vastupidavad ja haarduvad ning takistavad ka libisemist m\u00e4rjal teel. <\/span><\/p>\n<p><\/p>\n<p class=\"MsoNormal\"><strong><span style=\"font-size:12pt;font-family:&quot;Times New Roman&quot;\">Laadimise indikaator: <\/span><\/strong><span style=\"font-size:12pt;font-family:&quot;Times New Roman&quot;\">Laadijal on m\u00e4rgutuli, nii et saate laadimise olekut h\u00f5lpsalt kontrollida. Laadimise ajal on m\u00e4rgutuli punane ja laadimise l\u00f5ppedes roheline.<\/span><\/p>\n<p><\/p>\n<p class=\"MsoNormal\"><strong><span style=\"font-size:12pt;font-family:&quot;Times New Roman&quot;\">Praktilised poritiivad:<\/span><\/strong><span style=\"font-size:12pt;font-family:&quot;Times New Roman&quot;\">\u00a0Esi- ja tagumised poritiivad kaitsevad teid ja teie jalgratast teatud m\u00e4\u00e4ral poripritsmete eest mudastel teedel s\u00f5ites.<\/span><\/p>\n<p class=\"MsoNormal\"><strong><span style=\"color:rgb(0, 0, 0);font-size:15pt;font-family:&quot;Times New Roman&quot;\">M\u00e4rkused<\/span><\/strong><\/p>\n<p style=\"margin-left:21pt\" class=\"MsoNormal\"><span style=\"color:rgb(0, 0, 0);font-size:12pt;font-family:&quot;Times New Roman&quot;\"><span>1.\u00a0<\/span><\/span><span style=\"color:rgb(0, 0, 0);font-size:12pt;font-family:&quot;Times New Roman&quot;\">Palun lugege enne kasutamist kasutusjuhend t\u00e4ielikult l\u00e4bi. Ja p\u00f6\u00f6rake erilist t\u00e4helepanu lisatud ohutusjuhistele.<\/span><\/p>\n<p style=\"margin-left:21pt\" class=\"MsoNormal\"><span style=\"color:rgb(23, 26, 29);font-size:12pt;font-family:&quot;Times New Roman&quot;\"><span>2.\u00a0<\/span><\/span><span style=\"color:rgb(23, 26, 29);font-size:12pt;font-family:&quot;Times New Roman&quot;\">Palun kontrollige regulaarselt osade \u00fchendusi, et toode oleks kindlalt kokku pandud. Kui liikuvatel osadel v\u00f5i raamil on kahjustuste m\u00e4rke, l\u00f5petage toote kasutamine kohe. \u00a0\u00a0\u00a0\u00a0\u00a0\u00a0\u00a0<\/span><\/p>\n<p style=\"margin-left:21pt\" class=\"MsoNormal\"><span style=\"color:rgb(23, 26, 29);font-size:12pt;font-family:&quot;Times New Roman&quot;\"><span>3.\u00a0<\/span><\/span><span style=\"color:rgb(23, 26, 29);font-size:12pt;font-family:&quot;Times New Roman&quot;\">Palun laadige akut spetsiaalse laadijaga. \u00c4rge j\u00e4tke akut tule l\u00e4hedale, \u00e4rge v\u00f5tke akut lahti ega kasutage ega laadige akut k\u00f5rge temperatuuri all. P\u00e4rast aku t\u00e4ielikku laadimist eemaldage toiteallikas. <\/span><\/p>\n<p style=\"margin-left:21pt\" class=\"MsoNormal\"><span style=\"color:rgb(0, 0, 0);font-size:12pt;font-family:&quot;Times New Roman&quot;\"><span>4.\u00a0<\/span><\/span><span style=\"color:rgb(0, 0, 0);font-size:12pt;font-family:&quot;Times New Roman&quot;\">Palun arvestage pildistamisvalgusest tingitud v\u00e4ikese v\u00e4rvierinevuse ja k\u00e4sitsi m\u00f5\u00f5tmisest tuleneva 1-3 cm veaga ning veenduge enne tellimist, et te ei pane pahaks.<\/span><\/p>","protected":false},"excerpt":{"rendered":"<p>Hign-concerned Chemical:&nbsp;None Origin:&nbsp;Mainland China Description Do you want to give your children a childhood full of fun and exploration? Then this electric motorcycle for kids is the ideal choice for<\/p>","protected":false},"featured_media":21862,"comment_status":"open","ping_status":"closed","template":"","meta":{"_acf_changed":false},"product_brand":[],"product_cat":[313],"product_tag":[],"class_list":{"0":"post-21860","1":"product","2":"type-product","3":"status-publish","4":"has-post-thumbnail","6":"product_cat-electric-children-motorbikes","8":"first","9":"instock","10":"shipping-taxable","11":"purchasable","12":"product-type-simple"},"acf":[],"_links":{"self":[{"href":"https:\/\/www.electricstore.eu\/et\/wp-json\/wp\/v2\/product\/21860","targetHints":{"allow":["GET"]}}],"collection":[{"href":"https:\/\/www.electricstore.eu\/et\/wp-json\/wp\/v2\/product"}],"about":[{"href":"https:\/\/www.electricstore.eu\/et\/wp-json\/wp\/v2\/types\/product"}],"replies":[{"embeddable":true,"href":"https:\/\/www.electricstore.eu\/et\/wp-json\/wp\/v2\/comments?post=21860"}],"wp:featuredmedia":[{"embeddable":true,"href":"https:\/\/www.electricstore.eu\/et\/wp-json\/wp\/v2\/media\/21862"}],"wp:attachment":[{"href":"https:\/\/www.electricstore.eu\/et\/wp-json\/wp\/v2\/media?parent=21860"}],"wp:term":[{"taxonomy":"product_brand","embeddable":true,"href":"https:\/\/www.electricstore.eu\/et\/wp-json\/wp\/v2\/product_brand?post=21860"},{"taxonomy":"product_cat","embeddable":true,"href":"https:\/\/www.electricstore.eu\/et\/wp-json\/wp\/v2\/product_cat?post=21860"},{"taxonomy":"product_tag","embeddable":true,"href":"https:\/\/www.electricstore.eu\/et\/wp-json\/wp\/v2\/product_tag?post=21860"}],"curies":[{"name":"wp","href":"https:\/\/api.w.org\/{rel}","templated":true}]}}