{"id":21836,"date":"2025-05-20T18:27:26","date_gmt":"2025-05-20T18:27:26","guid":{"rendered":"https:\/\/electricstore.eu\/p\/uncategorized\/lift-stand-motorcycle-motorbike-hydraulic-w-150-kg-capacity-motorcycle-lifting-platform-heavy-duty-maintenance-jack\/"},"modified":"2025-05-20T18:27:38","modified_gmt":"2025-05-20T18:27:38","slug":"lift-stand-motorcycle-motorbike-hydraulic-w-150-kg-capacity-motorcycle-lifting-platform-heavy-duty-maintenance-jack","status":"publish","type":"product","link":"https:\/\/www.electricstore.eu\/et\/p\/a\/lift-stand-motorcycle-motorbike-hydraulic-w-150-kg-capacity-motorcycle-lifting-platform-heavy-duty-maintenance-jack\/","title":{"rendered":"T\u00f5stealus mootorrattale, h\u00fcdrauliline, 150 kg kandev\u00f5imega mootorratta t\u00f5steplatvorm, vastupidav hooldustungraud"},"content":{"rendered":"<div class=\"product-specs-list-container\">\n<ul class=\"product-specs-list util-clearfix\">\n<li class=\"product-prop line-limit-length\"><span\n                                        class=\"property-title\">K\u00f5rge riskiga kemikaal:&nbsp;<\/span><span\n                                        class=\"property-desc line-limit-length\">Puudub<\/span>\n                            <\/li>\n<li class=\"product-prop line-limit-length\"><span\n                                        class=\"property-title\">P\u00e4ritolu:&nbsp;<\/span><span\n                                        class=\"property-desc line-limit-length\">Mandri-Hiina<\/span>\n                            <\/li>\n<li class=\"product-prop line-limit-length\"><span\n                                        class=\"property-title\">Toote t\u00fc\u00fcp:&nbsp;<\/span><span\n                                        class=\"property-desc line-limit-length\">Autot\u00f5stukid<\/span>\n                            <\/li>\n<\/ul><\/div>\n<p><img decoding=\"async\" src=\"https:\/\/ae01.alicdn.com\/kf\/Se24ce8de99064124b294a988b918aed9R.jpg\" slate-data-type=\"image\"\/><img decoding=\"async\" src=\"https:\/\/ae01.alicdn.com\/kf\/Scbfba50fbbfd49e1997b506b8946bd5cq.jpg\" slate-data-type=\"image\"\/><img decoding=\"async\" src=\"https:\/\/ae01.alicdn.com\/kf\/S7a45992af09a4fd4bb527bdc06a12a39U.jpg\" slate-data-type=\"image\"\/><img decoding=\"async\" src=\"https:\/\/ae01.alicdn.com\/kf\/Sacab75b1a8aa4fd3b0249b3cb5f65267v.jpg\" slate-data-type=\"image\"\/><img decoding=\"async\" src=\"https:\/\/ae01.alicdn.com\/kf\/Sd1d76ce3e60947e48ecca4bd9404cf61U.jpg\" slate-data-type=\"image\"\/><img decoding=\"async\" src=\"https:\/\/ae01.alicdn.com\/kf\/S0c963444a5d244168a62ee0e4e2e2db3u.jpg\" slate-data-type=\"image\"\/><img decoding=\"async\" src=\"https:\/\/ae01.alicdn.com\/kf\/S39790eca8d8145378f0813c69f023411r.jpg\" slate-data-type=\"image\"\/><span style=\"background-color:rgba(252,220,0,255);font-size:20px\"><strong><\/strong><\/span><\/p>\n<p><span style=\"background-color:rgba(252,220,0,255);font-size:20px\"><strong>Spetsifikatsioonid:<\/strong><\/span>\n<\/p>\n<p>Maksimaalne koormus: 150 kg\n<\/p>\n<p>Toote kaal: u. 6,4 kg\n<\/p>\n<p>Paki kaal: u. 7,1 kg\n<\/p>\n<p>Sobivus: Universaalne enamiku mootorrataste jaoks\n<\/p>\n<p>Materjal: Raud\n<\/p>\n<p>V\u00e4rv: must + punane\n<\/p>\n<p>Aluse k\u00f5rgus t\u00e4ielikult langetatud olekus: u 23,5 cm \/ 9,3 tolli\n<\/p>\n<p>Aluse k\u00f5rgus t\u00e4ielikult \u00fcles t\u00f5stetuna, reguleeritava madala k\u00f5rgusega: u 33,5 cm\n<\/p>\n<p>Aluse k\u00f5rgus t\u00e4ielikult \u00fcles t\u00f5stetuna, reguleeritava k\u00f5rgusega: umbes 46 cm<\/p>\n<p><img decoding=\"async\" src=\"https:\/\/ae01.alicdn.com\/kf\/Saba1950c45c345d0a8936eeeb5dbfbc0k.jpg\" slate-data-type=\"image\"\/><img decoding=\"async\" src=\"https:\/\/ae01.alicdn.com\/kf\/S75ca6e1f1742456fa1d9645fd4baf2b0D.jpg\" slate-data-type=\"image\"\/><img decoding=\"async\" src=\"https:\/\/ae01.alicdn.com\/kf\/Sc01ae4e5c8f742a7b4e44b64e22985e6w.jpg\" slate-data-type=\"image\"\/><img decoding=\"async\" src=\"https:\/\/ae01.alicdn.com\/kf\/Se2645498df86423aa18ac04b72498e0c2.jpg\" slate-data-type=\"image\"\/><img decoding=\"async\" src=\"https:\/\/ae01.alicdn.com\/kf\/S4c15200da16b4739b365341c277d919de.jpg\" slate-data-type=\"image\"\/><img decoding=\"async\" src=\"https:\/\/ae01.alicdn.com\/kf\/S41093f7f46c54a9889e30d15f53d6227X.jpg\" slate-data-type=\"image\"\/><img decoding=\"async\" src=\"https:\/\/ae01.alicdn.com\/kf\/Se39f8e50b27d4d6b8a07a851bcc56354v.jpg\" slate-data-type=\"image\"\/><img decoding=\"async\" src=\"https:\/\/ae01.alicdn.com\/kf\/S86ce7e004fd749bd93edcb8e791d0635v.jpg\" slate-data-type=\"image\"\/><img decoding=\"async\" src=\"https:\/\/ae01.alicdn.com\/kf\/S12b9aca991954431b7436893fd9e18a4I.jpg\" slate-data-type=\"image\"\/><img decoding=\"async\" src=\"https:\/\/ae01.alicdn.com\/kf\/S4575266d04cc4c0cab7993dbbb8cdbe7C.jpg\" slate-data-type=\"image\"\/><img decoding=\"async\" src=\"https:\/\/ae01.alicdn.com\/kf\/Se628f164ac1e4a4ba6bd972fa6b1f3a1y.jpg\" slate-data-type=\"image\"\/><img decoding=\"async\" src=\"https:\/\/ae01.alicdn.com\/kf\/S55b8d05cb0da414380d027697dce684fp.jpg\" slate-data-type=\"image\"\/><img decoding=\"async\" src=\"https:\/\/ae01.alicdn.com\/kf\/Sa65a7bdf5ddf4a8fa2c366c83e32eeb5I.jpg\" slate-data-type=\"image\"\/><img decoding=\"async\" src=\"https:\/\/ae01.alicdn.com\/kf\/S74d4d47491094f8397f72da849966592a.jpg\" slate-data-type=\"image\"\/><img decoding=\"async\" src=\"https:\/\/ae01.alicdn.com\/kf\/Sc9a90ce8f98e42a78e0c2593e8cc0fdfU.jpg\" slate-data-type=\"image\"\/><img decoding=\"async\" src=\"https:\/\/ae01.alicdn.com\/kf\/S8b8ffd22e0a24ca28d101ccfa68b4780t.jpg\" slate-data-type=\"image\"\/><\/p>","protected":false},"excerpt":{"rendered":"<p>Hign-concerned Chemical:&nbsp;None Origin:&nbsp;Mainland China Item Type:&nbsp;Car Jacks Specifications: Maximum load: 150 kg Item weight: approx. 6.4 kg Package weight: approx. 7.1 kg Fitment: Universal for most motorcycles Material: Iron Color:<\/p>","protected":false},"featured_media":21837,"comment_status":"open","ping_status":"closed","template":"","meta":{"_acf_changed":false},"product_brand":[],"product_cat":[525],"product_tag":[],"class_list":{"0":"post-21836","1":"product","2":"type-product","3":"status-publish","4":"has-post-thumbnail","6":"product_cat-a","8":"first","9":"instock","10":"shipping-taxable","11":"purchasable","12":"product-type-simple"},"acf":[],"_links":{"self":[{"href":"https:\/\/www.electricstore.eu\/et\/wp-json\/wp\/v2\/product\/21836","targetHints":{"allow":["GET"]}}],"collection":[{"href":"https:\/\/www.electricstore.eu\/et\/wp-json\/wp\/v2\/product"}],"about":[{"href":"https:\/\/www.electricstore.eu\/et\/wp-json\/wp\/v2\/types\/product"}],"replies":[{"embeddable":true,"href":"https:\/\/www.electricstore.eu\/et\/wp-json\/wp\/v2\/comments?post=21836"}],"wp:featuredmedia":[{"embeddable":true,"href":"https:\/\/www.electricstore.eu\/et\/wp-json\/wp\/v2\/media\/21837"}],"wp:attachment":[{"href":"https:\/\/www.electricstore.eu\/et\/wp-json\/wp\/v2\/media?parent=21836"}],"wp:term":[{"taxonomy":"product_brand","embeddable":true,"href":"https:\/\/www.electricstore.eu\/et\/wp-json\/wp\/v2\/product_brand?post=21836"},{"taxonomy":"product_cat","embeddable":true,"href":"https:\/\/www.electricstore.eu\/et\/wp-json\/wp\/v2\/product_cat?post=21836"},{"taxonomy":"product_tag","embeddable":true,"href":"https:\/\/www.electricstore.eu\/et\/wp-json\/wp\/v2\/product_tag?post=21836"}],"curies":[{"name":"wp","href":"https:\/\/api.w.org\/{rel}","templated":true}]}}