{"id":21792,"date":"2025-05-20T18:27:06","date_gmt":"2025-05-20T18:27:06","guid":{"rendered":"https:\/\/electricstore.eu\/p\/uncategorized\/ampace-p600-pro-1800w-pure-sine-wave-584wh-lifepo4-battery-2000-cycles-app-control-600w-solar-generator-for-outdoor-camping\/"},"modified":"2025-05-20T18:27:07","modified_gmt":"2025-05-20T18:27:07","slug":"ampace-p600-pro-1800w-pure-sine-wave-584wh-lifepo4-battery-2000-cycles-app-control-600w-solar-generator-for-outdoor-camping","status":"publish","type":"product","link":"https:\/\/www.electricstore.eu\/et\/p\/batteries\/portable-power-stations\/ampace-p600-pro-1800w-pure-sine-wave-584wh-lifepo4-battery-2000-cycles-app-control-600w-solar-generator-for-outdoor-camping\/","title":{"rendered":"Ampace P600 Pro 1800W puhas siinuslaine 584Wh LiFePO4 aku 2000 ts\u00fcklit APP-juhtimisega 600W p\u00e4ikesegeneraator telkimiseks"},"content":{"rendered":"<div class=\"product-specs-list-container\">\n<ul class=\"product-specs-list util-clearfix\">\n<li class=\"product-prop line-limit-length\"><span\n                                        class=\"property-title\">Nimimaht:&nbsp;<\/span><span\n                                        class=\"property-desc line-limit-length\">584Wh<\/span>\n                            <\/li>\n<li class=\"product-prop line-limit-length\"><span\n                                        class=\"property-title\">Mudelinumber:&nbsp;<\/span><span\n                                        class=\"property-desc line-limit-length\">ANDES 600 Pro<\/span>\n                            <\/li>\n<li class=\"product-prop line-limit-length\"><span\n                                        class=\"property-title\">T\u00fc\u00fcp:&nbsp;<\/span><span\n                                        class=\"property-desc line-limit-length\">LiFePO4<\/span>\n                            <\/li>\n<li class=\"product-prop line-limit-length\"><span\n                                        class=\"property-title\">Komplekti t\u00fc\u00fcp:&nbsp;<\/span><span\n                                        class=\"property-desc line-limit-length\">Laadija komplektid<\/span>\n                            <\/li>\n<li class=\"product-prop line-limit-length\"><span\n                                        class=\"property-title\">Br\u00e4nd:&nbsp;<\/span><span\n                                        class=\"property-desc line-limit-length\">Ampace<\/span>\n                            <\/li>\n<li class=\"product-prop line-limit-length\"><span\n                                        class=\"property-title\">T\u00fc\u00fcp:&nbsp;<\/span><span\n                                        class=\"property-desc line-limit-length\">Kaasaskantav elektrijaam<\/span>\n                            <\/li>\n<li class=\"product-prop line-limit-length\"><span\n                                        class=\"property-title\">Mudel:&nbsp;<\/span><span\n                                        class=\"property-desc line-limit-length\">ANDES 600 Pro<\/span>\n                            <\/li>\n<li class=\"product-prop line-limit-length\"><span\n                                        class=\"property-title\">Mahutavus:&nbsp;<\/span><span\n                                        class=\"property-desc line-limit-length\">584Wh<\/span>\n                            <\/li>\n<li class=\"product-prop line-limit-length\"><span\n                                        class=\"property-title\">Sertifitseerimine:&nbsp;<\/span><span\n                                        class=\"property-desc line-limit-length\">UL, CE, FCC, PSE, RoHS<\/span>\n                            <\/li>\n<li class=\"product-prop line-limit-length\"><span\n                                        class=\"property-title\">Kodune aktsiakasum:&nbsp;<\/span><span\n                                        class=\"property-desc line-limit-length\">20 ms<\/span>\n                            <\/li>\n<li class=\"product-prop line-limit-length\"><span\n                                        class=\"property-title\">Valgus:&nbsp;<\/span><span\n                                        class=\"property-desc line-limit-length\">LED-valgus + \u00fcmbritsev valgus<\/span>\n                            <\/li>\n<li class=\"product-prop line-limit-length\"><span\n                                        class=\"property-title\">T\u00fc\u00fcp A:&nbsp;<\/span><span\n                                        class=\"property-desc line-limit-length\">9 v\u00e4ljundporti<\/span>\n                            <\/li>\n<\/ul><\/div>\n<p><\/p>\n<p style=\"font-family:&quot;Microsoft YaHei&quot;;font-size:medium;font-weight:400;letter-spacing:normal;text-align:start;white-space:normal;color:rgb(0, 0, 0)\" align=\"start\"><span style=\"font-size:x-large\">T\u00e4hts\u00fcndmused<\/span><\/p>\n<p><\/p>\n<h3 style=\"font-family:&quot;Microsoft YaHei&quot;;letter-spacing:normal;text-align:start;white-space:normal;color:rgb(0, 0, 0)\" align=\"start\">Keskkonnas\u00f5bralik, t\u00f5hus ja kaasaskantav elektrijaam<\/h3>\n<p style=\"font-family:&quot;Microsoft YaHei&quot;;font-size:medium;font-weight:400;letter-spacing:normal;text-align:start;white-space:normal;color:rgb(0, 0, 0)\" align=\"start\">Vaid 7,3 kg kaaluv Ampace ANDES 600 Pro toitejaam on kerge ja \u00fclimalt kaasaskantav lahendus liikvel olles energia saamiseks. T\u00e4iustatud r\u00e4nikarbiidi (SiC) tehnoloogiaga valmistatud aku saavutab kuni 95% energiat\u00f5hususe, minimeerides energiakadu ja toetades s\u00e4\u00e4stvat energiakasutust. See kompaktne ja v\u00f5imas seade pakub erakordset j\u00f5udlust ilma liigse mahuta.<\/p>\n<h3 style=\"font-family:&quot;Microsoft YaHei&quot;;letter-spacing:normal;text-align:start;white-space:normal;color:rgb(0, 0, 0)\" align=\"start\">Mitmek\u00fclgne v\u00f5imsus igaks vajaduseks<\/h3>\n<p style=\"font-family:&quot;Microsoft YaHei&quot;;font-size:medium;font-weight:400;letter-spacing:normal;text-align:start;white-space:normal;color:rgb(0, 0, 0)\" align=\"start\">9 multifunktsionaalse pordiga ANDES 600 Pro varustab laadijaga mitmesuguseid seadmeid, alates nutitelefonidest ja s\u00fclearvutitest kuni minik\u00fclmikute ja CPAP-aparaatideni. Paindlikud laadimisv\u00f5imalused \u2013 sealhulgas vahelduvvoolu, p\u00e4ikeseenergia ja autolaadimine \u2013 muudavad selle kohandatavaks valikuks mitmesugusteks stsenaariumideks, n\u00e4iteks seiklusteks \u00f5ues v\u00f5i koduse varutoiteallikana.<\/p>\n<h3 style=\"font-family:&quot;Microsoft YaHei&quot;;letter-spacing:normal;text-align:start;white-space:normal;color:rgb(0, 0, 0)\" align=\"start\">Kiire laadimine ja kauakestev aku<\/h3>\n<p style=\"font-family:&quot;Microsoft YaHei&quot;;font-size:medium;font-weight:400;letter-spacing:normal;text-align:start;white-space:normal;color:rgb(0, 0, 0)\" align=\"start\">Ampace ANDES 600 Pro kaasaskantav laadimisjaam pakub A-Boost tehnoloogia abil v\u00e4lkkiiret laadimist, viies aku 0-lt 100%-ni vaid 1,5 tunniga. T\u00e4iustatud LiFePO\u2084 akutehnoloogiaga varustatud aku pakub muljetavaldavat eluiga kuni 2000 ts\u00fcklit, tagades usaldusv\u00e4\u00e4rse j\u00f5udluse aastateks. Integreeritud SiC-tehnoloogia tagab kuni 95% energiat\u00f5hususe, pakkudes iga laadimisega suurep\u00e4rast j\u00f5udlust.<\/p>\n<h3 style=\"font-family:&quot;Microsoft YaHei&quot;;letter-spacing:normal;text-align:start;white-space:normal;color:rgb(0, 0, 0)\" align=\"start\">Vastupidav ja usaldusv\u00e4\u00e4rne toitelahendus<\/h3>\n<p style=\"font-family:&quot;Microsoft YaHei&quot;;font-size:medium;font-weight:400;letter-spacing:normal;text-align:start;white-space:normal;color:rgb(0, 0, 0)\" align=\"start\">See karmides tingimustes kasutamiseks loodud elektrijaam t\u00f6\u00f6tab usaldusv\u00e4\u00e4rselt temperatuuridel kuni -20 \u00b0C\/-4 \u00b0F. EPS-i automaatse l\u00fclituse funktsioon aktiveerub v\u00e4hem kui 30 ms jooksul, tagades katkematu toite katkestuste v\u00f5i h\u00e4daolukordade ajal. \u00dcle 2800 kvaliteedikontrolli ja rahvusvahelise sertifikaadiga Ampace ANDES 600 Pro seab esikohale ohutuse ja t\u00f6\u00f6kindluse. See on usaldusv\u00e4\u00e4rne kaaslane kodus, reisil ja v\u00e4liretkedel, pakkudes usaldusv\u00e4\u00e4rset toidet siis ja seal, kus seda k\u00f5ige rohkem vajate.<\/p>\n<h3 style=\"font-family:&quot;Microsoft YaHei&quot;;letter-spacing:normal;text-align:start;white-space:normal;color:rgb(0, 0, 0)\" align=\"start\">Nutikad funktsioonid ja vaikne t\u00f6\u00f6<\/h3>\n<p style=\"font-family:&quot;Microsoft YaHei&quot;;font-size:medium;font-weight:400;letter-spacing:normal;text-align:start;white-space:normal;color:rgb(0, 0, 0)\" align=\"start\">S\u00e4ilita t\u00e4ielik kontroll nutika rakenduse abil, mis pakub vaevatut j\u00e4lgimist ja haldamist. Ampace ANDES 600 Pro kaasaskantav elektrijaam t\u00f6\u00f6tab sosinvaikse m\u00fcratasemega alla 30 dB ning sobib ideaalselt siseruumides kasutamiseks v\u00f5i rahulikuks \u00f5ues kasutamiseks. Selle intuitiivne disain tagab sujuva kasutuskogemuse isegi k\u00f5ige n\u00f5udlikumates olukordades.<\/p>\n<p><\/p>\n<h2 style=\"font-family:&quot;Microsoft YaHei&quot;;font-size:14px;letter-spacing:normal;text-align:start;white-space:normal;color:rgb(0, 0, 0);margin:10px 0px;margin-bottom:10px;margin-top:10px;margin-left:0px;margin-right:0px;padding:0px;padding-bottom:0px;padding-top:0px;padding-left:0px;padding-right:0px\" align=\"start\">Spetsifikatsioon<\/h2>\n<p><\/p>\n<table style=\"border-collapse:collapse;font-family:&quot;Microsoft YaHei&quot;;width:1215.38px\" border=\"1\" cellpadding=\"8\">\n<tbody>\n<tr>\n<td style=\"width:308.788px;height:121px\" width=\"152\">\n<p><strong>\u00dcldine<\/strong><\/p>\n<\/td>\n<td style=\"width:872.188px;height:121px\" width=\"415\">\n<p>Kaubam\u00e4rk: Ampace<br \/>T\u00fc\u00fcp: kaasaskantav elektrijaam<br \/>Mudel: ANDES 600 Pro<br \/>V\u00e4rv: must<\/p>\n<\/td>\n<\/tr>\n<tr>\n<td style=\"width:308.788px;height:188px\" width=\"152\">\n<p><strong>P\u00f5hispetsifikatsioon<\/strong><\/p>\n<\/td>\n<td style=\"width:872.188px;height:188px\" width=\"415\">\n<p>Mahutavus: 584 Wh<br \/>Rakenduse juhtimine: Jah<br \/>Sertifitseerimine: UL, CE, FCC, PSE, RoHS<br \/>Kodune EPS: 20 ms<br \/>Valgus: LED-valgus + \u00fcmbritsev valgus<br \/>Laadimistemperatuur: -10 \u2103~45 \u2103 (14 \u00b0F~113 \u00b0F)<br \/>T\u00fchjendustemperatuur: -20 \u2103 ~ 45 \u2103 (-4 \u00b0F ~ 113 \u00b0F)<\/p>\n<\/td>\n<\/tr>\n<tr>\n<td style=\"width:308.788px;height:233px\" width=\"152\">\n<p><strong>V\u00e4ljund<\/strong><\/p>\n<\/td>\n<td style=\"width:872.188px;height:233px\" width=\"415\">\n<p>ACx2: Puhas siinuslaine, 600 W (1800 W pinget\u00f5us) Kokku, EL: 220\u2013240 V 50 Hz<br \/>A-turbo poolt toetatav maksimaalne seadme v\u00f5imsus: 1800 W takistuslike koormuste korral<br \/>USB-Cx1: 5V\/3A, 9V\/3A, 12V\/3A, 15V\/3A, 20V\/5A, 100W max<br \/>USB-Cx1: 5V\/3A, 9V\/3A, 12V\/3A, 15V\/3A, 20V\/3A, 60W max<br \/>USB-Ax2: 5V\/3A, 9V\/2A, 12V\/1.5A, 18W max, pordi kohta<br \/>Autopesa x1: 12V\/10A, 120W max<br \/>DC 5521 v\u00e4ljund x 2: 12V\/10A, 120W max<\/p>\n<\/td>\n<\/tr>\n<tr>\n<td style=\"width:308.788px;height:121px\" width=\"152\">\n<p><strong>Sisend<\/strong><\/p>\n<\/td>\n<td style=\"width:872.188px;height:121px\" width=\"415\">\n<p>Vahelduvvoolu laadimise sisend: EU 220~240V, 50Hz (A-Boost kiirlaadimine: 550W, max)<br \/>P\u00e4ikesepaneeli laadimise sisend: DC11~30V, 12A (maksimaalselt 200W)<br \/>Auto laadimise sisend: DC12V\/24V, 8A (96W max)<\/p>\n<\/td>\n<\/tr>\n<tr>\n<td style=\"width:308.788px;height:166px\" width=\"152\">\n<p><strong>Aku teave<\/strong><\/p>\n<\/td>\n<td style=\"width:872.188px;height:166px\" width=\"415\">\n<p>Rakukeemia s\u00fcsteem: LiFePO\u2084 h\u00fcbriids\u00fcsteem<br \/>Ts\u00fckli eluiga: 2000 ts\u00fcklit<br \/>Kaitse: Madala temperatuuri kaitse; Madalpinge kaitse; \u00dclekoormuskaitse; \u00dclekuumenemise kaitse; \u00dclepinge kaitse; L\u00fchisekaitse.<\/p>\n<\/td>\n<\/tr>\n<tr>\n<td style=\"width:308.788px;height:121px\" width=\"152\">\n<p><strong>Kaal ja suurus<\/strong><\/p>\n<\/td>\n<td style=\"width:872.188px;height:121px\" width=\"415\">\n<p>Toote kaal: 7,6 kg \/ 16,8 naela<br \/>Paki kaal: 8,5 kg \/ 18,74 naela<br \/>Toote suurus: 28,5 \u00d7 20,9 \u00d7 21,4 cm \/ 11,2 \u00d7 8,2 \u00d7 8,4 tolli<br \/>Paki suurus: 34,5 \u00d7 26,0 \u00d7 27,0 cm \/ 13,58 \u00d7 10,24 \u00d7 10,63 tolli<\/p>\n<\/td>\n<\/tr>\n<tr>\n<td style=\"width:308.788px;height:166px\" width=\"152\">\n<p><strong>Pakkide nimekiri<\/strong><\/p>\n<\/td>\n<td style=\"width:872.188px;height:166px\" width=\"415\">\n<p>1 x ANDES 600 PRO\u00a0<br \/>1 x vahelduvvoolu laadimiskaabel\u00a0<br \/>1 x auto laadimiskaabel\u00a0<br \/>1 x kaablikott\u00a0<br \/>1 x kasutusjuhend<br \/>1 x garantiikaart\u00a0<\/p>\n<\/td>\n<\/tr>\n<\/tbody>\n<\/table>\n<p><img decoding=\"async\" src=\"https:\/\/ae01.alicdn.com\/kf\/S50d3d270f5294728b9149c67860a3f7bx.jpeg\" slate-data-type=\"image\"\/><img decoding=\"async\" src=\"https:\/\/ae01.alicdn.com\/kf\/S50168e86323c40c98388461af7027665g.jpeg\" slate-data-type=\"image\"\/><img decoding=\"async\" src=\"https:\/\/ae01.alicdn.com\/kf\/S9fa55404a0024cd6aff399bc311b6eb6R.jpeg\" slate-data-type=\"image\"\/><img decoding=\"async\" src=\"https:\/\/ae01.alicdn.com\/kf\/Sd8798235e8724107b6df349ed0f7a126b.jpeg\" slate-data-type=\"image\"\/><img decoding=\"async\" src=\"https:\/\/ae01.alicdn.com\/kf\/Sb3a5778a14b6478ca2593583af84f59cE.jpeg\" slate-data-type=\"image\"\/><img decoding=\"async\" src=\"https:\/\/ae01.alicdn.com\/kf\/S290b776314044876a5540209782747556.jpeg\" slate-data-type=\"image\"\/><img decoding=\"async\" src=\"https:\/\/ae01.alicdn.com\/kf\/S1cb214553c204920b394721e63e235e9J.jpeg\" slate-data-type=\"image\"\/><img decoding=\"async\" src=\"https:\/\/ae01.alicdn.com\/kf\/Saf659a2ca7a54135a2bd9f0182780f48n.jpeg\" slate-data-type=\"image\"\/><img decoding=\"async\" src=\"https:\/\/ae01.alicdn.com\/kf\/S88a60e0ac3ad426d92e280d3d9d27666s.jpeg\" slate-data-type=\"image\"\/><img decoding=\"async\" src=\"https:\/\/ae01.alicdn.com\/kf\/Sdb31ccd65c9f48c88164abcb341cc3830.jpeg\" slate-data-type=\"image\"\/><img decoding=\"async\" src=\"https:\/\/ae01.alicdn.com\/kf\/Sb83ba7317365404b8ccd8f3b0e7d214ah.jpeg\" slate-data-type=\"image\"\/><img decoding=\"async\" src=\"https:\/\/ae01.alicdn.com\/kf\/Sb3eebfeb3a5445e6a4766c3375ef32edK.jpeg\" slate-data-type=\"image\"\/><\/p>","protected":false},"excerpt":{"rendered":"<p>Nominal Capacity:&nbsp;584Wh Model Number:&nbsp;ANDES 600 Pro Type:&nbsp;LiFePO4 Set Type:&nbsp;Charger Sets Brand:&nbsp;Ampace Type:&nbsp;Portable Power Station Model:&nbsp;ANDES 600 Pro Capacity:&nbsp;584Wh Certification:&nbsp;UL, CE, FCC, PSE, RoHS Home EPS:&nbsp;20ms Light:&nbsp;LED Light+Ambient Light Type A:&nbsp;9<\/p>","protected":false},"featured_media":21794,"comment_status":"open","ping_status":"closed","template":"","meta":{"_acf_changed":false},"product_brand":[],"product_cat":[515],"product_tag":[],"class_list":{"0":"post-21792","1":"product","2":"type-product","3":"status-publish","4":"has-post-thumbnail","6":"product_cat-portable-power-stations","8":"first","9":"instock","10":"shipping-taxable","11":"purchasable","12":"product-type-simple"},"acf":[],"_links":{"self":[{"href":"https:\/\/www.electricstore.eu\/et\/wp-json\/wp\/v2\/product\/21792","targetHints":{"allow":["GET"]}}],"collection":[{"href":"https:\/\/www.electricstore.eu\/et\/wp-json\/wp\/v2\/product"}],"about":[{"href":"https:\/\/www.electricstore.eu\/et\/wp-json\/wp\/v2\/types\/product"}],"replies":[{"embeddable":true,"href":"https:\/\/www.electricstore.eu\/et\/wp-json\/wp\/v2\/comments?post=21792"}],"wp:featuredmedia":[{"embeddable":true,"href":"https:\/\/www.electricstore.eu\/et\/wp-json\/wp\/v2\/media\/21794"}],"wp:attachment":[{"href":"https:\/\/www.electricstore.eu\/et\/wp-json\/wp\/v2\/media?parent=21792"}],"wp:term":[{"taxonomy":"product_brand","embeddable":true,"href":"https:\/\/www.electricstore.eu\/et\/wp-json\/wp\/v2\/product_brand?post=21792"},{"taxonomy":"product_cat","embeddable":true,"href":"https:\/\/www.electricstore.eu\/et\/wp-json\/wp\/v2\/product_cat?post=21792"},{"taxonomy":"product_tag","embeddable":true,"href":"https:\/\/www.electricstore.eu\/et\/wp-json\/wp\/v2\/product_tag?post=21792"}],"curies":[{"name":"wp","href":"https:\/\/api.w.org\/{rel}","templated":true}]}}