{"id":21784,"date":"2025-05-20T18:27:00","date_gmt":"2025-05-20T18:27:00","guid":{"rendered":"https:\/\/electricstore.eu\/p\/uncategorized\/oukitel-p5000-pro-solar-generator-160000mah-power-station-4000w-pure-sine-wave-smart-temperature-control-charging-stations\/"},"modified":"2025-05-20T18:27:10","modified_gmt":"2025-05-20T18:27:10","slug":"oukitel-p5000-pro-solar-generator-160000mah-power-station-4000w-pure-sine-wave-smart-temperature-control-charging-stations","status":"publish","type":"product","link":"https:\/\/electricstore.eu\/et\/p\/batteries\/portable-power-stations\/oukitel-p5000-pro-solar-generator-160000mah-power-station-4000w-pure-sine-wave-smart-temperature-control-charging-stations\/","title":{"rendered":"OUKITEL P5000 Pro p\u00e4ikesegeneraator 160000mAh laadimisjaam 4000W puhta siinuslaine nutikad temperatuuri reguleerimisega laadimisjaamad"},"content":{"rendered":"<div class=\"product-specs-list-container\">\n<ul class=\"product-specs-list util-clearfix\">\n<li class=\"product-prop line-limit-length\"><span\n                                        class=\"property-title\">Rakendus:&nbsp;<\/span><span\n                                        class=\"property-desc line-limit-length\">P\u00e4ikeseenergia salvestamine<\/span>\n                            <\/li>\n<li class=\"product-prop line-limit-length\"><span\n                                        class=\"property-title\">Nimimaht:&nbsp;<\/span><span\n                                        class=\"property-desc line-limit-length\">160000 mAh<\/span>\n                            <\/li>\n<li class=\"product-prop line-limit-length\"><span\n                                        class=\"property-title\">Mudelinumber:&nbsp;<\/span><span\n                                        class=\"property-desc line-limit-length\">OUKITEL P5000 Pro<\/span>\n                            <\/li>\n<li class=\"product-prop line-limit-length\"><span\n                                        class=\"property-title\">T\u00fc\u00fcp:&nbsp;<\/span><span\n                                        class=\"property-desc line-limit-length\">LiFePO4<\/span>\n                            <\/li>\n<li class=\"product-prop line-limit-length\"><span\n                                        class=\"property-title\">Komplekti t\u00fc\u00fcp:&nbsp;<\/span><span\n                                        class=\"property-desc line-limit-length\">Laadija komplektid<\/span>\n                            <\/li>\n<li class=\"product-prop line-limit-length\"><span\n                                        class=\"property-title\">Br\u00e4nd:&nbsp;<\/span><span\n                                        class=\"property-desc line-limit-length\">OUKITEL<\/span>\n                            <\/li>\n<li class=\"product-prop line-limit-length\"><span\n                                        class=\"property-title\">V\u00f5imsus:&nbsp;<\/span><span\n                                        class=\"property-desc line-limit-length\">5120 Wh (51,2 V)<\/span>\n                            <\/li>\n<li class=\"product-prop line-limit-length\"><span\n                                        class=\"property-title\">Mahutavus:&nbsp;<\/span><span\n                                        class=\"property-desc line-limit-length\">160000 mAh<\/span>\n                            <\/li>\n<li class=\"product-prop line-limit-length\"><span\n                                        class=\"property-title\">Aku:&nbsp;<\/span><span\n                                        class=\"property-desc line-limit-length\">LiFePO4<\/span>\n                            <\/li>\n<li class=\"product-prop line-limit-length\"><span\n                                        class=\"property-title\">Inverter:&nbsp;<\/span><span\n                                        class=\"property-desc line-limit-length\">Puhas siinuslaine<\/span>\n                            <\/li>\n<li class=\"product-prop line-limit-length\"><span\n                                        class=\"property-title\">Liigpinge:&nbsp;<\/span><span\n                                        class=\"property-desc line-limit-length\">8000W<\/span>\n                            <\/li>\n<li class=\"product-prop line-limit-length\"><span\n                                        class=\"property-title\">Omadused 01:&nbsp;<\/span><span\n                                        class=\"property-desc line-limit-length\">kaasaskantav elektrijaam<\/span>\n                            <\/li>\n<li class=\"product-prop line-limit-length\"><span\n                                        class=\"property-title\">Omadused 02:&nbsp;<\/span><span\n                                        class=\"property-desc line-limit-length\">elektrijaam<\/span>\n                            <\/li>\n<li class=\"product-prop line-limit-length\"><span\n                                        class=\"property-title\">Omadused 03:&nbsp;<\/span><span\n                                        class=\"property-desc line-limit-length\">kaasaskantav p\u00e4ikeseelektrijaam<\/span>\n                            <\/li>\n<li class=\"product-prop line-limit-length\"><span\n                                        class=\"property-title\">Omadused 04:&nbsp;<\/span><span\n                                        class=\"property-desc line-limit-length\">laadimisjaamad<\/span>\n                            <\/li>\n<li class=\"product-prop line-limit-length\"><span\n                                        class=\"property-title\">Omadused 05:&nbsp;<\/span><span\n                                        class=\"property-desc line-limit-length\">p\u00e4ikesegeneraator<\/span>\n                            <\/li>\n<li class=\"product-prop line-limit-length\"><span\n                                        class=\"property-title\">Omadused 06:&nbsp;<\/span><span\n                                        class=\"property-desc line-limit-length\">bensiini elektrigeneraator<\/span>\n                            <\/li>\n<li class=\"product-prop line-limit-length\"><span\n                                        class=\"property-title\">UPS-i nimiv\u00f5imsus::&nbsp;<\/span><span\n                                        class=\"property-desc line-limit-length\">2800W<\/span>\n                            <\/li>\n<li class=\"product-prop line-limit-length\"><span\n                                        class=\"property-title\">Nimiv\u00f5imsus:&nbsp;<\/span><span\n                                        class=\"property-desc line-limit-length\">4000W<\/span>\n                            <\/li>\n<li class=\"product-prop line-limit-length\"><span\n                                        class=\"property-title\">Auto laadimine:&nbsp;<\/span><span\n                                        class=\"property-desc line-limit-length\">12 V \/ 8 A, 24 V \/ 10 A<\/span>\n                            <\/li>\n<\/ul><\/div>\n<p><\/p>\n<p style=\"font-family:&quot;Noto Sans SC&quot;;font-size:medium;font-weight:400;letter-spacing:normal;text-align:start;white-space:normal;color:rgb(0, 0, 0)\" align=\"start\"><span style=\"font-size:x-large\">T\u00e4hts\u00fcndmused<\/span><\/p>\n<p><\/p>\n<h3 style=\"font-family:&quot;Noto Sans SC&quot;;letter-spacing:normal;text-align:start;white-space:normal;color:rgb(0, 0, 0)\" align=\"start\">4000 W vahelduvvoolu v\u00e4ljundv\u00f5imsus rasketeks kasutusaladeks<\/h3>\n<p style=\"font-family:&quot;Noto Sans SC&quot;;font-size:medium;font-weight:400;letter-spacing:normal;text-align:start;white-space:normal;color:rgb(0, 0, 0)\" align=\"start\">K\u00e4itage suure v\u00f5imsusega seadmeid \u00fclekoormamiseta, n\u00e4iteks v\u00e4ikeettev\u00f5tetes ja elamutes v\u00f5imsaid elektrit\u00f6\u00f6riistu.<\/p>\n<h3 style=\"font-family:&quot;Noto Sans SC&quot;;letter-spacing:normal;text-align:start;white-space:normal;color:rgb(0, 0, 0)\" align=\"start\">Enam pole pimedust, enam pole muresid<\/h3>\n<p style=\"font-family:&quot;Noto Sans SC&quot;;font-size:medium;font-weight:400;letter-spacing:normal;text-align:start;white-space:normal;color:rgb(0, 0, 0)\" align=\"start\">Kahe toiteallika automaatse \u00fcmberl\u00fclitusl\u00fclitiga \u00fchendatuna l\u00fclitub P5000 Pro sisse ka siis, kui elektriv\u00f5rk \u00e4ra l\u00e4heb, hoides teie kodumasinad sujuvalt t\u00f6\u00f6s ja pakkudes teile meelerahu h\u00e4daolukordades.<\/p>\n<h3 style=\"font-family:&quot;Noto Sans SC&quot;;letter-spacing:normal;text-align:start;white-space:normal;color:rgb(0, 0, 0)\" align=\"start\">80% Ainult 1 tunni p\u00e4rast<\/h3>\n<p style=\"font-family:&quot;Noto Sans SC&quot;;font-size:medium;font-weight:400;letter-spacing:normal;text-align:start;white-space:normal;color:rgb(0, 0, 0)\" align=\"start\">Kombineeri kuni 1000 W p\u00e4ikesepatareid 3200 W vahelduvvoolu sisendv\u00f5imsusega, et saavutada maailma juhtiv laadimiskiirus. Saad 80% laadida vaid 1 tunniga. V\u00f5i j\u00e4\u00e4 vahelduvvoolu juurde ja laadi 80% kiiresti 15 tunniga.<\/p>\n<h3 style=\"font-family:&quot;Noto Sans SC&quot;;letter-spacing:normal;text-align:start;white-space:normal;color:rgb(0, 0, 0)\" align=\"start\">5000 ts\u00fckliga aku, mis on loodud kestma 10 aastat<\/h3>\n<p style=\"font-family:&quot;Noto Sans SC&quot;;font-size:medium;font-weight:400;letter-spacing:normal;text-align:start;white-space:normal;color:rgb(0, 0, 0)\" align=\"start\">P5000 Pro valib ohutu, stabiilse ja kauakestva LiFePO4 aku. See annab sulle 5000 ts\u00fcklit, seega kestab aku kuni 10 aastat.<\/p>\n<h3 style=\"font-family:&quot;Noto Sans SC&quot;;letter-spacing:normal;text-align:start;white-space:normal;color:rgb(0, 0, 0)\" align=\"start\">Nutikas temperatuuri reguleerimine<\/h3>\n<p style=\"font-family:&quot;Noto Sans SC&quot;;font-size:medium;font-weight:400;letter-spacing:normal;text-align:start;white-space:normal;color:rgb(0, 0, 0)\" align=\"start\">P\u00fcsiva temperatuuri ^vars tagab, et P5000 Pro elektrijaam t\u00f6\u00f6tab optimaalsel temperatuuril ning kaitseb seda \u00fclekuumenemise ja v\u00f5imalike kadude eest.<\/p>\n<h3 style=\"font-family:&quot;Noto Sans SC&quot;;letter-spacing:normal;text-align:start;white-space:normal;color:rgb(0, 0, 0)\" align=\"start\">Reaalajas kontroll teie s\u00f5rmeotstes<\/h3>\n<p style=\"font-family:&quot;Noto Sans SC&quot;;font-size:medium;font-weight:400;letter-spacing:normal;text-align:start;white-space:normal;color:rgb(0, 0, 0)\" align=\"start\">Olenemata sellest, kas oled kodus v\u00f5i liikvel, saad akut otse oma telefonist rakenduse abil WiFi v\u00f5i Bluetoothi kaudu j\u00e4lgida ja hallata.<\/p>\n<p><\/p>\n<h2 style=\"font-family:&quot;Noto Sans SC&quot;;font-size:14px;letter-spacing:normal;text-align:start;white-space:normal;color:rgb(0, 0, 0);margin:10px 0px;margin-bottom:10px;margin-top:10px;margin-left:0px;margin-right:0px;padding:0px;padding-bottom:0px;padding-top:0px;padding-left:0px;padding-right:0px\" align=\"start\">Spetsifikatsioon<\/h2>\n<p><\/p>\n<table style=\"border-collapse:collapse;font-family:&quot;Noto Sans SC&quot;;width:1000px\" class=\"jbEidtTable\" border=\"1\" cellpadding=\"5\" cellspacing=\"0\">\n<tbody>\n<tr>\n<td style=\"text-align:left\" align=\"left\">\n<p><strong>\u00dcldine<\/strong><\/p>\n<\/td>\n<td style=\"text-align:left\" align=\"left\">\n<p>Kaubam\u00e4rk: OUKITEL<br \/>T\u00fc\u00fcp: kaasaskantav elektrijaam<br \/>Mudel: P5000 Pro<br \/>V\u00e4rv: must<\/p>\n<\/td>\n<\/tr>\n<tr>\n<td style=\"text-align:left\" align=\"left\">\n<p><strong>Spetsifikatsioon<\/strong><\/p>\n<\/td>\n<td style=\"text-align:left\" align=\"left\">\n<p>Elektrilised spetsifikatsioonid<br \/>V\u00f5imsus: 5120 Wh (51,2 V)<br \/>Mahutavus: 160000 mAh<br \/>Aku: LiFePO4<br \/>Ts\u00fckli eluiga: 5000+<br \/>Inverter: puhas siinuslaine<br \/>Vahelduvvooluadapter: 12\u2013120 V \/ 15 A, maksimaalselt 1000 W<br \/>\u00dclikiire laadimine: Max3200W, AC200-240Vac Max10A<br \/>Vahelduvvoolu laadimisaeg: 1,6 tundi<br \/>P\u00e4ikesepaneeli pistik: 1 * XT60 port, 12V-120V \/ 15A, MPPT MAX 1000W<br \/>P\u00e4ikeseenergia laadimine: 5 tundi<br \/>Auto laadimine: 12V\/8A, 24V\/10A<br \/>Samaaegne laadimine ja t\u00fchjendamine: tugi<\/p>\n<p>Vahelduvvoolu v\u00e4ljund<br \/>Nimiv\u00f5imsus: 4000W<br \/>UPS-i nimiv\u00f5imsus: 2800 W<br \/>\u00dclepingev\u00f5imsus: 8000W<br \/>Pinge: 200\u2013240 V vahelduvvool<br \/>Nimisagedus: 60Hz\/50Hz<br \/>4000 W koormus: &lt; 5000 W p\u00fcsiv v\u00f5imsus<br \/>\u00dclekoormus: 5000W\u2264koormus 6000W @1s; 8000W\u2265koormus @0.5s<br \/>Inverteri efektiivsus: \u03b7=92%<br \/>T\u00fchjenduss\u00fcgavus: DOD = 90%<\/p>\n<p>Alalisvoolu v\u00e4ljund<br \/>Vahelduvvoolu v\u00e4ljund: 5 porti AC 4000W<br \/>USB-A: 2* 12W (5V\/2.4A)<br \/>USB-A, QC3.0: 2* 18W (5V\/3A; 9V\/2A; 12V\/1.5A)<br \/>C-t\u00fc\u00fcp: 2* PD100W (5V3A; 9V3A; 12V3A; 15V3A; 20V5A)<br \/>DC48V: 1 * 48V15A pistikupesa<br \/>DC12V: 2 * 12V3A pistikupesa<br \/>Sigaretis\u00fc\u00fctaja port: 1 * 12V\/10A pistikupesa<br \/>LED-valgustus: \/<br \/>T\u00f6\u00f6tingimus<br \/>Algusaeg: &lt;10 mS<br \/>Halduss\u00fcsteem: BMS-i haldus<br \/>Laadimistemperatuur: 0\u201340 \u00b0C \/ 32\u2013104 \u00b0F<br \/>T\u00fchjendustemperatuur: -10\u201340 \u00b0C \/ -4\u2013104 \u00b0F<br \/>Niiskus: 10%-90%<br \/>Jahutusstrateegia: 6*ventilaatorit<br \/>Kaitse: p\u00e4\u00e4ste- ja l\u00fchisekaitse, \u00fclevoolukaitse, \u00fclepingekaitse, madalpingekaitse, \u00fclekoormuskaitse, \u00fclekuumenemise kaitse, \u00fclelaadimise kaitse<\/p>\n<\/td>\n<\/tr>\n<tr>\n<td style=\"text-align:left\" align=\"left\">\n<p><strong>Kaal ja suurus<\/strong><\/p>\n<\/td>\n<td style=\"text-align:left\" align=\"left\">\n<p>Toote kaal: 53 kg<br \/>Paki kaal: 58 kg<br \/>Paki m\u00f5\u00f5dud (P x L x K): 69,2 \u00d7 41,3 \u00d7 59,5 cm<\/p>\n<\/td>\n<\/tr>\n<tr>\n<td style=\"text-align:left\" align=\"left\">\n<p><strong>Pakendi sisu<\/strong><\/p>\n<\/td>\n<td style=\"text-align:left\" align=\"left\">\n<p>1 x kaasaskantav elektrijaam<br \/>1 x MC4 kaabel<br \/>1 x auto laadimiskaabel<br \/>1 x adapter<br \/>1 x kasutusjuhend<\/p>\n<\/td>\n<\/tr>\n<\/tbody>\n<\/table>\n<p><\/p>\n<table style=\"border-collapse:collapse;font-family:&quot;Noto Sans SC&quot;;width:1000px\" class=\"jbEidtTable\" border=\"1\" cellpadding=\"5\" cellspacing=\"0\">\n<tbody>\n<tr>\n<td style=\"text-align:left\" align=\"left\">\n<p><strong>\u00dcldine<\/strong><\/p>\n<\/td>\n<td style=\"text-align:left\" align=\"left\">\n<p>Kaubam\u00e4rk: OUKITEL<br \/>T\u00fc\u00fcp: kaasaskantav elektrijaam<br \/>Mudel: P5000 Pro<br \/>V\u00e4rv: must<\/p>\n<\/td>\n<\/tr>\n<tr>\n<td style=\"text-align:left\" align=\"left\">\n<p><strong>Spetsifikatsioon<\/strong><\/p>\n<\/td>\n<td style=\"text-align:left\" align=\"left\">\n<p>Elektrilised spetsifikatsioonid<br \/>V\u00f5imsus: 5120 Wh (51,2 V)<br \/>Mahutavus: 160000 mAh<br \/>Aku: LiFePO4<br \/>Ts\u00fckli eluiga: 5000+<br \/>Inverter: puhas siinuslaine<br \/>Vahelduvvooluadapter: 12\u2013120 V \/ 15 A, maksimaalselt 1000 W<br \/>\u00dclikiire laadimine: Max3200W, AC200-240Vac Max10A<br \/>Vahelduvvoolu laadimisaeg: 1,6 tundi<br \/>P\u00e4ikesepaneeli pistik: 1 * XT60 port, 12V-120V \/ 15A, MPPT MAX 1000W<br \/>P\u00e4ikeseenergia laadimine: 5 tundi<br \/>Auto laadimine: 12V\/8A, 24V\/10A<br \/>Samaaegne laadimine ja t\u00fchjendamine: tugi<\/p>\n<p>Vahelduvvoolu v\u00e4ljund<br \/>Nimiv\u00f5imsus: 4000W<br \/>UPS-i nimiv\u00f5imsus: 2800 W<br \/>\u00dclepingev\u00f5imsus: 8000W<br \/>Pinge: 200\u2013240 V vahelduvvool<br \/>Nimisagedus: 60Hz\/50Hz<br \/>4000 W koormus: &lt; 5000 W p\u00fcsiv v\u00f5imsus<br \/>\u00dclekoormus: 5000W\u2264koormus 6000W @1s; 8000W\u2265koormus @0.5s<br \/>Inverteri efektiivsus: \u03b7=92%<br \/>T\u00fchjenduss\u00fcgavus: DOD = 90%<\/p>\n<p>Alalisvoolu v\u00e4ljund<br \/>Vahelduvvoolu v\u00e4ljund: 5 porti AC 4000W<br \/>USB-A: 2* 12W (5V\/2.4A)<br \/>USB-A, QC3.0: 2* 18W (5V\/3A; 9V\/2A; 12V\/1.5A)<br \/>C-t\u00fc\u00fcp: 2* PD100W (5V3A; 9V3A; 12V3A; 15V3A; 20V5A)<br \/>DC48V: 1 * 48V15A pistikupesa<br \/>DC12V: 2 * 12V3A pistikupesa<br \/>Sigaretis\u00fc\u00fctaja port: 1 * 12V\/10A pistikupesa<br \/>LED-valgustus: \/<br \/>T\u00f6\u00f6tingimus<br \/>Algusaeg: &lt;10 mS<br \/>Halduss\u00fcsteem: BMS-i haldus<br \/>Laadimistemperatuur: 0\u201340 \u00b0C \/ 32\u2013104 \u00b0F<br \/>T\u00fchjendustemperatuur: -10\u201340 \u00b0C \/ -4\u2013104 \u00b0F<br \/>Niiskus: 10%-90%<br \/>Jahutusstrateegia: 6*ventilaatorit<br \/>Kaitse: p\u00e4\u00e4ste- ja l\u00fchisekaitse, \u00fclevoolukaitse, \u00fclepingekaitse, madalpingekaitse, \u00fclekoormuskaitse, \u00fclekuumenemise kaitse, \u00fclelaadimise kaitse<\/p>\n<\/td>\n<\/tr>\n<tr>\n<td style=\"text-align:left\" align=\"left\">\n<p><strong>Kaal ja suurus<\/strong><\/p>\n<\/td>\n<td style=\"text-align:left\" align=\"left\">\n<p>Toote kaal: 53 kg<br \/>Paki kaal: 58 kg<br \/>Paki m\u00f5\u00f5dud (P x L x K): 69,2 \u00d7 41,3 \u00d7 59,5 cm<\/p>\n<\/td>\n<\/tr>\n<tr>\n<td style=\"text-align:left\" align=\"left\">\n<p><strong>Pakendi sisu<\/strong><\/p>\n<\/td>\n<td style=\"text-align:left\" align=\"left\">\n<p>1 x kaasaskantav elektrijaam<br \/>1 x MC4 kaabel<br \/>1 x auto laadimiskaabel<br \/>1 x adapter<br \/>1 x kasutusjuhend<\/p>\n<\/td>\n<\/tr>\n<\/tbody>\n<\/table>\n<p style=\"font-family:&quot;Open Sans&quot;, Roboto, Arial, Helvetica, sans-serif, SimSun;font-size:14px;font-weight:400;letter-spacing:normal;line-height:inherit;text-align:start;white-space:normal;color:rgb(34, 34, 34);margin:0px;margin-bottom:0px;margin-top:0px;margin-left:0px;margin-right:0px;padding:0px;padding-bottom:0px;padding-top:0px;padding-left:0px;padding-right:0px;box-sizing:border-box\" align=\"start\">\n<p><img decoding=\"async\" style=\"border:0px;margin:0px;margin-bottom:0px;margin-top:0px;margin-left:0px;margin-right:0px;padding:0px;padding-bottom:0px;padding-top:0px;padding-left:0px;padding-right:0px;max-width:100%;box-sizing:border-box\" src=\"https:\/\/ae01.alicdn.com\/kf\/S09b2fab3925b4b27879fab9daadc9a56L.jpg\" slate-data-type=\"image\"\/><img decoding=\"async\" style=\"border:0px;margin:0px;margin-bottom:0px;margin-top:0px;margin-left:0px;margin-right:0px;padding:0px;padding-bottom:0px;padding-top:0px;padding-left:0px;padding-right:0px;max-width:100%;box-sizing:border-box\" src=\"https:\/\/ae01.alicdn.com\/kf\/S58e352965bb242259d55f1337e84a67eX.jpg\" slate-data-type=\"image\"\/><img decoding=\"async\" style=\"border:0px;margin:0px;margin-bottom:0px;margin-top:0px;margin-left:0px;margin-right:0px;padding:0px;padding-bottom:0px;padding-top:0px;padding-left:0px;padding-right:0px;max-width:100%;box-sizing:border-box\" src=\"https:\/\/ae01.alicdn.com\/kf\/S03b425096d36428180b1f8f6e83ff2eb0.jpg\" slate-data-type=\"image\"\/><img decoding=\"async\" style=\"border:0px;margin:0px;margin-bottom:0px;margin-top:0px;margin-left:0px;margin-right:0px;padding:0px;padding-bottom:0px;padding-top:0px;padding-left:0px;padding-right:0px;max-width:100%;box-sizing:border-box\" src=\"https:\/\/ae01.alicdn.com\/kf\/S0b769d2595354d339a47d8e07aadc42dC.jpg\" slate-data-type=\"image\"\/><img decoding=\"async\" style=\"border:0px;margin:0px;margin-bottom:0px;margin-top:0px;margin-left:0px;margin-right:0px;padding:0px;padding-bottom:0px;padding-top:0px;padding-left:0px;padding-right:0px;max-width:100%;box-sizing:border-box\" src=\"https:\/\/ae01.alicdn.com\/kf\/S476920e94ac14d0b80af4da9093ad2b7k.jpg\" slate-data-type=\"image\"\/><img decoding=\"async\" style=\"border:0px;margin:0px;margin-bottom:0px;margin-top:0px;margin-left:0px;margin-right:0px;padding:0px;padding-bottom:0px;padding-top:0px;padding-left:0px;padding-right:0px;max-width:100%;box-sizing:border-box\" src=\"https:\/\/ae01.alicdn.com\/kf\/S07d9bb0ed87b46b0a6bd9356a64f753ch.jpg\" slate-data-type=\"image\"\/><img decoding=\"async\" style=\"border:0px;margin:0px;margin-bottom:0px;margin-top:0px;margin-left:0px;margin-right:0px;padding:0px;padding-bottom:0px;padding-top:0px;padding-left:0px;padding-right:0px;max-width:100%;box-sizing:border-box\" src=\"https:\/\/ae01.alicdn.com\/kf\/S9aa6ac8588694d70b64e44ecf933d6c9N.jpg\" slate-data-type=\"image\"\/><img decoding=\"async\" style=\"border:0px;margin:0px;margin-bottom:0px;margin-top:0px;margin-left:0px;margin-right:0px;padding:0px;padding-bottom:0px;padding-top:0px;padding-left:0px;padding-right:0px;max-width:100%;box-sizing:border-box\" src=\"https:\/\/ae01.alicdn.com\/kf\/S6c25fc76485f4e1080257e4284f1f47bk.jpg\" slate-data-type=\"image\"\/><img decoding=\"async\" style=\"border:0px;margin:0px;margin-bottom:0px;margin-top:0px;margin-left:0px;margin-right:0px;padding:0px;padding-bottom:0px;padding-top:0px;padding-left:0px;padding-right:0px;max-width:100%;box-sizing:border-box\" src=\"https:\/\/ae01.alicdn.com\/kf\/Sbe7150297da04ab2ad1468314555de3ab.jpg\" slate-data-type=\"image\"\/><img decoding=\"async\" style=\"border:0px;margin:0px;margin-bottom:0px;margin-top:0px;margin-left:0px;margin-right:0px;padding:0px;padding-bottom:0px;padding-top:0px;padding-left:0px;padding-right:0px;max-width:100%;box-sizing:border-box\" src=\"https:\/\/ae01.alicdn.com\/kf\/S262e0eacc4f849d4aa0d48453e3d6842d.jpg\" slate-data-type=\"image\"\/><img decoding=\"async\" style=\"border:0px;margin:0px;margin-bottom:0px;margin-top:0px;margin-left:0px;margin-right:0px;padding:0px;padding-bottom:0px;padding-top:0px;padding-left:0px;padding-right:0px;max-width:100%;box-sizing:border-box\" src=\"https:\/\/ae01.alicdn.com\/kf\/S437da8c96e264926ab17d698dddda1faF.jpg\" slate-data-type=\"image\"\/><img decoding=\"async\" style=\"border:0px;margin:0px;margin-bottom:0px;margin-top:0px;margin-left:0px;margin-right:0px;padding:0px;padding-bottom:0px;padding-top:0px;padding-left:0px;padding-right:0px;max-width:100%;box-sizing:border-box\" src=\"https:\/\/ae01.alicdn.com\/kf\/S523ef52daede4909b0424dce91e4cc9fK.jpg\" slate-data-type=\"image\"\/><img decoding=\"async\" style=\"border:0px;margin:0px;margin-bottom:0px;margin-top:0px;margin-left:0px;margin-right:0px;padding:0px;padding-bottom:0px;padding-top:0px;padding-left:0px;padding-right:0px;max-width:100%;box-sizing:border-box\" src=\"https:\/\/ae01.alicdn.com\/kf\/S0c89c49d09ca4061bca8cb27dbd3f2e0z.jpg\" slate-data-type=\"image\"\/><img decoding=\"async\" style=\"border:0px;margin:0px;margin-bottom:0px;margin-top:0px;margin-left:0px;margin-right:0px;padding:0px;padding-bottom:0px;padding-top:0px;padding-left:0px;padding-right:0px;max-width:100%;box-sizing:border-box\" src=\"https:\/\/ae01.alicdn.com\/kf\/S6b75bbccd0824fcd8f7c89c8e9c9bdb4o.jpg\" slate-data-type=\"image\"\/><img decoding=\"async\" style=\"border:0px;margin:0px;margin-bottom:0px;margin-top:0px;margin-left:0px;margin-right:0px;padding:0px;padding-bottom:0px;padding-top:0px;padding-left:0px;padding-right:0px;max-width:100%;box-sizing:border-box\" src=\"https:\/\/ae01.alicdn.com\/kf\/S8bda748ca20545e08d39c8781e14b2cbl.jpg\" slate-data-type=\"image\"\/><\/p>\n<p><\/p>","protected":false},"excerpt":{"rendered":"<p>Application:&nbsp;Solar Power Storage Nominal Capacity:&nbsp;160000 mAh Model Number:&nbsp;OUKITEL P5000 Pro Type:&nbsp;LiFePO4 Set Type:&nbsp;Charger Sets Brand:&nbsp;OUKITEL Power:&nbsp;5120Wh (51.2V) Capacity:&nbsp;160000 mAh Battery:&nbsp;LiFePO4 Inverter:&nbsp;Pure Sine Wave Surge Power:&nbsp;8000W Features 01:&nbsp;portable power station Features<\/p>","protected":false},"featured_media":21785,"comment_status":"open","ping_status":"closed","template":"","meta":{"_acf_changed":false},"product_brand":[],"product_cat":[515],"product_tag":[],"class_list":{"0":"post-21784","1":"product","2":"type-product","3":"status-publish","4":"has-post-thumbnail","6":"product_cat-portable-power-stations","8":"first","9":"instock","10":"shipping-taxable","11":"purchasable","12":"product-type-simple"},"acf":[],"_links":{"self":[{"href":"https:\/\/electricstore.eu\/et\/wp-json\/wp\/v2\/product\/21784","targetHints":{"allow":["GET"]}}],"collection":[{"href":"https:\/\/electricstore.eu\/et\/wp-json\/wp\/v2\/product"}],"about":[{"href":"https:\/\/electricstore.eu\/et\/wp-json\/wp\/v2\/types\/product"}],"replies":[{"embeddable":true,"href":"https:\/\/electricstore.eu\/et\/wp-json\/wp\/v2\/comments?post=21784"}],"wp:featuredmedia":[{"embeddable":true,"href":"https:\/\/electricstore.eu\/et\/wp-json\/wp\/v2\/media\/21785"}],"wp:attachment":[{"href":"https:\/\/electricstore.eu\/et\/wp-json\/wp\/v2\/media?parent=21784"}],"wp:term":[{"taxonomy":"product_brand","embeddable":true,"href":"https:\/\/electricstore.eu\/et\/wp-json\/wp\/v2\/product_brand?post=21784"},{"taxonomy":"product_cat","embeddable":true,"href":"https:\/\/electricstore.eu\/et\/wp-json\/wp\/v2\/product_cat?post=21784"},{"taxonomy":"product_tag","embeddable":true,"href":"https:\/\/electricstore.eu\/et\/wp-json\/wp\/v2\/product_tag?post=21784"}],"curies":[{"name":"wp","href":"https:\/\/api.w.org\/{rel}","templated":true}]}}