{"id":21768,"date":"2025-05-20T18:26:51","date_gmt":"2025-05-20T18:26:51","guid":{"rendered":"https:\/\/electricstore.eu\/p\/uncategorized\/oscal-powermax6000-6000w-eu-plug-power-station-3600wh-to-57600wh-lifepo4-battery-14-outlets-120v-240v-dual-voltage-output\/"},"modified":"2025-05-20T18:26:59","modified_gmt":"2025-05-20T18:26:59","slug":"oscal-powermax6000-6000w-eu-plug-power-station-3600wh-to-57600wh-lifepo4-battery-14-outlets-120v-240v-dual-voltage-output","status":"publish","type":"product","link":"https:\/\/www.electricstore.eu\/et\/p\/batteries\/portable-power-stations\/oscal-powermax6000-6000w-eu-plug-power-station-3600wh-to-57600wh-lifepo4-battery-14-outlets-120v-240v-dual-voltage-output\/","title":{"rendered":"Oscal PowerMax6000 6000W EU pistikuga elektrijaam 3600Wh kuni 57600Wh LiFePO4 aku 14 pistikupesa 120V\/240V kahepinge v\u00e4ljund"},"content":{"rendered":"<div class=\"product-specs-list-container\">\n<ul class=\"product-specs-list util-clearfix\">\n<li class=\"product-prop line-limit-length\"><span\n                                        class=\"property-title\">Nimimaht:&nbsp;<\/span><span\n                                        class=\"property-desc line-limit-length\">3600 Wh<\/span>\n                            <\/li>\n<li class=\"product-prop line-limit-length\"><span\n                                        class=\"property-title\">Mudelinumber:&nbsp;<\/span><span\n                                        class=\"property-desc line-limit-length\">PowerMax 6000<\/span>\n                            <\/li>\n<li class=\"product-prop line-limit-length\"><span\n                                        class=\"property-title\">T\u00fc\u00fcp:&nbsp;<\/span><span\n                                        class=\"property-desc line-limit-length\">LiFePO4<\/span>\n                            <\/li>\n<li class=\"product-prop line-limit-length\"><span\n                                        class=\"property-title\">Komplekti t\u00fc\u00fcp:&nbsp;<\/span><span\n                                        class=\"property-desc line-limit-length\">Laadija komplektid<\/span>\n                            <\/li>\n<li class=\"product-prop line-limit-length\"><span\n                                        class=\"property-title\">Br\u00e4nd:&nbsp;<\/span><span\n                                        class=\"property-desc line-limit-length\">Oscal<\/span>\n                            <\/li>\n<li class=\"product-prop line-limit-length\"><span\n                                        class=\"property-title\">Mudel:&nbsp;<\/span><span\n                                        class=\"property-desc line-limit-length\">PowerMax 6000<\/span>\n                            <\/li>\n<li class=\"product-prop line-limit-length\"><span\n                                        class=\"property-title\">Aku mahtuvus:&nbsp;<\/span><span\n                                        class=\"property-desc line-limit-length\">3600 Wh<\/span>\n                            <\/li>\n<li class=\"product-prop line-limit-length\"><span\n                                        class=\"property-title\">Eluts\u00fckkel:&nbsp;<\/span><span\n                                        class=\"property-desc line-limit-length\">3500+ ts\u00fcklit kuni 80% algse mahutavusega<\/span>\n                            <\/li>\n<li class=\"product-prop line-limit-length\"><span\n                                        class=\"property-title\">Vahelduvvoolu sisend:&nbsp;<\/span><span\n                                        class=\"property-desc line-limit-length\">kuni 2200W<\/span>\n                            <\/li>\n<li class=\"product-prop line-limit-length\"><span\n                                        class=\"property-title\">P\u00e4ikeseenergia sisend:&nbsp;<\/span><span\n                                        class=\"property-desc line-limit-length\">kuni 2400W max<\/span>\n                            <\/li>\n<li class=\"product-prop line-limit-length\"><span\n                                        class=\"property-title\">Omadused 02:&nbsp;<\/span><span\n                                        class=\"property-desc line-limit-length\">kaasaskantav elektrijaam<\/span>\n                            <\/li>\n<li class=\"product-prop line-limit-length\"><span\n                                        class=\"property-title\">Omadused 03:&nbsp;<\/span><span\n                                        class=\"property-desc line-limit-length\">elektrijaam<\/span>\n                            <\/li>\n<li class=\"product-prop line-limit-length\"><span\n                                        class=\"property-title\">Omadused 04:&nbsp;<\/span><span\n                                        class=\"property-desc line-limit-length\">kaasaskantav matkaaku<\/span>\n                            <\/li>\n<li class=\"product-prop line-limit-length\"><span\n                                        class=\"property-title\">Omadused 05:&nbsp;<\/span><span\n                                        class=\"property-desc line-limit-length\">kaasaskantav generaator<\/span>\n                            <\/li>\n<li class=\"product-prop line-limit-length\"><span\n                                        class=\"property-title\">Omadused 06:&nbsp;<\/span><span\n                                        class=\"property-desc line-limit-length\">elektrijaamad<\/span>\n                            <\/li>\n<\/ul><\/div>\n<p><\/p>\n<p style=\"font-family:&quot;Microsoft YaHei&quot;;font-size:medium;font-weight:400;letter-spacing:normal;text-align:start;white-space:normal;color:rgb(0, 0, 0)\" align=\"start\"><span style=\"font-size:x-large\">T\u00e4hts\u00fcndmused<\/span><\/p>\n<p><\/p>\n<h3 style=\"font-family:&quot;Microsoft YaHei&quot;;letter-spacing:normal;text-align:start;white-space:normal;color:rgb(0, 0, 0)\" align=\"start\">LiFePO4 aku t\u00e4iustatud v\u00e4ljundv\u00f5imsusega<\/h3>\n<p style=\"font-family:&quot;Microsoft YaHei&quot;;font-size:medium;font-weight:400;letter-spacing:normal;text-align:start;white-space:normal;color:rgb(0, 0, 0)\" align=\"start\">Kasutades sama LiFePO4 (liitiumraudfosfaat) akutehnoloogiat nagu PowerMax 3600, pakub PowerMax 6000 mahtuvust 3600 Wh ja m\u00e4rkimisv\u00e4\u00e4rset v\u00e4ljundv\u00f5imsuse suurenemist 6000 W-ni, kusjuures h\u00fcppeline v\u00f5imsus on 9000 W.<\/p>\n<h3 style=\"font-family:&quot;Microsoft YaHei&quot;;letter-spacing:normal;text-align:start;white-space:normal;color:rgb(0, 0, 0)\" align=\"start\">T\u00e4iustatud laadimisv\u00f5imalused<\/h3>\n<p style=\"font-family:&quot;Microsoft YaHei&quot;;font-size:medium;font-weight:400;letter-spacing:normal;text-align:start;white-space:normal;color:rgb(0, 0, 0)\" align=\"start\">T\u00e4iustatud laadimisv\u00f5imaluste hulka kuuluvad suurenenud vahelduvvoolu sisendv\u00f5imsus 2200 W-ni, p\u00e4ikesepaneelide sisendv\u00f5imsuse suurendamine 2400 W-ni ja kahekordne auto sisendv\u00f5imsus 240 W-ni. Need t\u00e4iustused l\u00fchendavad laadimisaega: 1,96 tundi vahelduvvoolu kaudu, 1,5 tundi p\u00e4ikesepaneelide kaudu parimates tingimustes ja maksimaalne vahelduvvoolu ja p\u00e4ikesepaneelide laadimisaeg kokku 1,44 tundi.<\/p>\n<h3 style=\"font-family:&quot;Microsoft YaHei&quot;;letter-spacing:normal;text-align:start;white-space:normal;color:rgb(0, 0, 0)\" align=\"start\">Mitmek\u00fclgsed v\u00e4ljundpordid<\/h3>\n<p style=\"font-family:&quot;Microsoft YaHei&quot;;font-size:medium;font-weight:400;letter-spacing:normal;text-align:start;white-space:normal;color:rgb(0, 0, 0)\" align=\"start\">PowerMax 6000 toetab nelja vahelduvvoolupesa kaudu koguv\u00e4ljundv\u00f5imsust 6000 W, lisaks on sellel kaks PD 100 W USB Type-C, kolm PD 18 W USB Type-A, \u00fcks PD 12 W USB Type-A ja \u00fcks 120 W sigaretis\u00fc\u00fctaja pesa. Samuti on sellel \u00fcks 12 V\/25 A (Anderson 378 W pistikupesa) ja kaks 12 V\/3 A DC5521 (5,5 mm pistikupesa) alalisvooluv\u00e4ljundit.<\/p>\n<h3 style=\"font-family:&quot;Microsoft YaHei&quot;;letter-spacing:normal;text-align:start;white-space:normal;color:rgb(0, 0, 0)\" align=\"start\">T\u00e4iustatud liikuvus- ja halduss\u00fcsteem<\/h3>\n<p style=\"font-family:&quot;Microsoft YaHei&quot;;font-size:medium;font-weight:400;letter-spacing:normal;text-align:start;white-space:normal;color:rgb(0, 0, 0)\" align=\"start\">T\u00f6\u00f6stuslike rataste ja pikendatava k\u00e4epidemega varustatud PowerMax 6000-l on 5-tasemeline LED-lamp, mis on uuendus PowerMax 3600 tavalisest LED-tulest. M\u00f5lemat mudelit haldab T1 kiip, mis j\u00e4lgib koormust, pinget, laadimist ja temperatuuri optimaalse j\u00f5udluse ja ohutuse tagamiseks.<\/p>\n<h3 style=\"font-family:&quot;Microsoft YaHei&quot;;letter-spacing:normal;text-align:start;white-space:normal;color:rgb(0, 0, 0)\" align=\"start\">Kompaktne ja vastupidav disain<\/h3>\n<p style=\"font-family:&quot;Microsoft YaHei&quot;;font-size:medium;font-weight:400;letter-spacing:normal;text-align:start;white-space:normal;color:rgb(0, 0, 0)\" align=\"start\">PowerMax 6000 s\u00e4ilitab samad kompaktsed m\u00f5\u00f5tmed kui PowerMax 3600 (590 x 350 x 441 mm), kuid kaalub veidi raskemalt \u2013 46 kg. M\u00f5lemal mudelil on pritsme- ja tolmukaitse, mis teeb neist ideaalsed kohad v\u00e4litingimustes ja karmides tingimustes kasutamiseks.<\/p>\n<p><\/p>\n<h2 style=\"font-family:&quot;Microsoft YaHei&quot;;font-size:14px;letter-spacing:normal;text-align:start;white-space:normal;color:rgb(0, 0, 0);margin:10px 0px;margin-bottom:10px;margin-top:10px;margin-left:0px;margin-right:0px;padding:0px;padding-bottom:0px;padding-top:0px;padding-left:0px;padding-right:0px\" align=\"start\">Spetsifikatsioon<\/h2>\n<p><\/p>\n<table style=\"border-collapse:collapse;font-family:&quot;Microsoft YaHei&quot;;width:1000px\" class=\"jbEidtTable\" border=\"1\" cellpadding=\"5\" cellspacing=\"0\">\n<tbody>\n<tr>\n<td style=\"text-align:left\" align=\"left\">\n<p>\u00dcldine<\/p>\n<\/td>\n<td style=\"text-align:left\" align=\"left\">\n<p>Kaubam\u00e4rk: Oscal<br \/>T\u00fc\u00fcp: vastupidav elektrijaam<br \/>Mudel: PowerMax 6000<br \/>V\u00e4rv: hall<\/p>\n<\/td>\n<\/tr>\n<tr>\n<td style=\"text-align:left\" align=\"left\">\n<p>Spetsifikatsioon<\/p>\n<\/td>\n<td style=\"text-align:left\" align=\"left\">\n<p>Temperatuur<br \/>S\u00e4ilitamine: -10 \u2103 kuni 45 \u2103 v\u00f5i (14 \u00b0F kuni 113 \u00b0F)<br \/>Laadimine: 0 \u2103 kuni 50 \u2103 v\u00f5i (32 \u00b0F kuni 122 \u00b0F)<br \/>T\u00fchjendamine: -20 \u2103 kuni 55 \u2103 v\u00f5i (-4 \u00b0F kuni 131 \u00b0F)<\/p>\n<p>Aku \u00fcksikasjad<br \/>Aku t\u00fc\u00fcp: LiFePO4 (liitiumraudfosfaat)<br \/>Aku mahtuvus: 3600 Wh<br \/>Eluts\u00fckkel: 3500+ ts\u00fcklit kuni algse mahutavusega 80%<br \/>S\u00e4ilivusaeg: Laadige iga 3 kuu tagant \u00fcle 50%<br \/>Juhtimiss\u00fcsteem:\u00a0<br \/>T1 kiip integreeritud BMS-iga<br \/>Koormuse\/pinge j\u00e4lgimine<br \/>Laadimise j\u00e4lgimine<br \/>Temperatuuri j\u00e4lgimine<\/p>\n<p>Laadimisinfo.<br \/>Laadimise t\u00fc\u00fcp (sisendvalik):<br \/>Vahelduvvoolu sisend: kuni 2200 W<br \/>P\u00e4ikeseenergia sisend: kuni 2400 W max.<br \/>Auto sisend: kuni 240W sigaretis\u00fc\u00fctaja pordist<br \/>Vahelduvvoolu laadimisaeg: 1,96 tundi<br \/>P\u00e4ikeseenergia laadimisaeg: 1,5 tundi (suur p\u00e4ikesepaiste)<br \/>Vahelduvvoolu + p\u00e4ikeseenergia laadimisaeg: toetatud max 3000W; 1,44 tundi<br \/>Auto laadimisaeg: 15 tundi<\/p>\n<p>V\u00e4ljundvalikud<br \/>Koguv\u00e4ljundv\u00f5imsus: 6000 W<br \/>Inverteri t\u00fc\u00fcp: puhas siinuslaine<br \/>\u00dclepingev\u00f5imsus: 9000 W<br \/>Vahelduvvoolu pistikupesad: 4 x vahelduvvoolu pistikupesa (kokku 6000 W)<br \/>USB-pordid:<br \/>2x PD 100W \u2013 USB Type-C<br \/>3x PD 18W \u2013 USB A-t\u00fc\u00fcp<br \/>1x PD 12W \u2013 USB A-t\u00fc\u00fcp<br \/>Sigaretis\u00fc\u00fctaja pesad: 1 x sigaretis\u00fc\u00fctaja \u2013 120W (auto pistikupesa)<br \/>LED-tuli: Jah; 5-tasemeline LED-lamp<br \/>Alalisvoolu pistikupesad:\u00a0<br \/>1 x 12V\/25A (Anderson 378W pistikupesa)<br \/>2 x 12V\/3A DC5521 (5,5 mm pistikupesa)<\/p>\n<\/td>\n<\/tr>\n<tr>\n<td style=\"text-align:left\" align=\"left\">\n<p>Kaal ja suurus<\/p>\n<\/td>\n<td style=\"text-align:left\" align=\"left\">\n<p>Toote kaal: 46 kg<br \/>Paki kaal: 51 kg<br \/>Toote m\u00f5\u00f5dud (P x L x K): 59x35x44,1 cm<br \/>Paki m\u00f5\u00f5dud (P x L x K): 66 \u00d7 40,5 \u00d7 52,5 cm<\/p>\n<\/td>\n<\/tr>\n<tr>\n<td style=\"text-align:left\" align=\"left\">\n<p>Pakendi sisu<\/p>\n<\/td>\n<td style=\"text-align:left\" align=\"left\">\n<p>1 x Oscal PowerMax 6000<br \/>1 x vahelduvvoolu laadimiskaabel<br \/>1 x p\u00e4ikeselaadimiskaabel<br \/>1 x auto laadimiskaabel<br \/>1 x kasutusjuhend<\/p>\n<\/td>\n<\/tr>\n<\/tbody>\n<\/table>\n<p><img decoding=\"async\" src=\"https:\/\/ae-pic-a1.aliexpress-media.com\/kf\/Sa0d3570041c94251814a082aaa44c3beJ.jpeg\" slate-data-type=\"image\"\/><img decoding=\"async\" src=\"https:\/\/ae-pic-a1.aliexpress-media.com\/kf\/Sa78e54c4bb5a44ad8913d1dadeaa9426o.jpeg\" slate-data-type=\"image\"\/><img decoding=\"async\" src=\"https:\/\/ae-pic-a1.aliexpress-media.com\/kf\/S10ba0dc14a164d08845650ef187428bfq.jpeg\" slate-data-type=\"image\"\/><img decoding=\"async\" src=\"https:\/\/ae-pic-a1.aliexpress-media.com\/kf\/S712ed252fb854e2c9f8cd8cc9aaf19a82.jpeg\" slate-data-type=\"image\"\/><img decoding=\"async\" src=\"https:\/\/ae-pic-a1.aliexpress-media.com\/kf\/S01e1e91dbe584111b2bd0b5140719acbZ.jpeg\" slate-data-type=\"image\"\/><img decoding=\"async\" src=\"https:\/\/ae-pic-a1.aliexpress-media.com\/kf\/Sf7b307a815764ee8a991d433d1513323J.jpeg\" slate-data-type=\"image\"\/><img decoding=\"async\" src=\"https:\/\/ae-pic-a1.aliexpress-media.com\/kf\/Sa6555ddae1654ec5bccdf184eb30de22J.jpeg\" slate-data-type=\"image\"\/><img decoding=\"async\" src=\"https:\/\/ae-pic-a1.aliexpress-media.com\/kf\/S7f3a2327f6084c719104c8ff89e3d941b.jpeg\" slate-data-type=\"image\"\/><img decoding=\"async\" src=\"https:\/\/ae-pic-a1.aliexpress-media.com\/kf\/Sb52a589b1d0c4c828c4bd3c5d9c5b7caq.jpeg\" slate-data-type=\"image\"\/><img decoding=\"async\" src=\"https:\/\/ae-pic-a1.aliexpress-media.com\/kf\/Sc6d497e8a9934d72951ff44c0a5435b9g.jpeg\" slate-data-type=\"image\"\/><img decoding=\"async\" src=\"https:\/\/ae-pic-a1.aliexpress-media.com\/kf\/S98a787ec87f343b6a285bdd8aa1a0730w.jpeg\" slate-data-type=\"image\"\/><img decoding=\"async\" src=\"https:\/\/ae-pic-a1.aliexpress-media.com\/kf\/S4470fd41d0284bf1affc9c6a837c25e5e.jpeg\" slate-data-type=\"image\"\/><img decoding=\"async\" src=\"https:\/\/ae-pic-a1.aliexpress-media.com\/kf\/S408f629bf8bf43539777bd6018f8902ew.jpeg\" slate-data-type=\"image\"\/><img decoding=\"async\" src=\"https:\/\/ae-pic-a1.aliexpress-media.com\/kf\/Scf788d4e0a2e4ceca2ea8719ed20aec4g.jpeg\" slate-data-type=\"image\"\/><img decoding=\"async\" src=\"https:\/\/ae-pic-a1.aliexpress-media.com\/kf\/S9d494a1923c847a1b1d9c83fe6064db3V.jpeg\" slate-data-type=\"image\"\/><img decoding=\"async\" src=\"https:\/\/ae-pic-a1.aliexpress-media.com\/kf\/S38ef95ca2fee4da6b933fd1cd33a37b6A.jpeg\" slate-data-type=\"image\"\/><img decoding=\"async\" src=\"https:\/\/ae-pic-a1.aliexpress-media.com\/kf\/Sbb6c79e392324f97845afeaa7a9aacado.jpeg\" slate-data-type=\"image\"\/><img decoding=\"async\" src=\"https:\/\/ae-pic-a1.aliexpress-media.com\/kf\/S5e9a5c9a64a242459d6ea22ff6b1592bv.jpeg\" slate-data-type=\"image\"\/><img decoding=\"async\" src=\"https:\/\/ae-pic-a1.aliexpress-media.com\/kf\/S3ab9156930e641b294e12b467b845c979.jpeg\" slate-data-type=\"image\"\/><\/p>","protected":false},"excerpt":{"rendered":"<p>Nominal Capacity:&nbsp;3,600Wh Model Number:&nbsp;PowerMax 6000 Type:&nbsp;LiFePO4 Set Type:&nbsp;Charger Sets Brand:&nbsp;Oscal Model:&nbsp;PowerMax 6000 Battery Capacity:&nbsp;3,600Wh Lifecycle:&nbsp;3500+ Cycles to 80% of Original Capacity AC Input:&nbsp;up 2200W Solar Input:&nbsp;up 2400W Max Features 02:&nbsp;portable<\/p>","protected":false},"featured_media":21769,"comment_status":"open","ping_status":"closed","template":"","meta":{"_acf_changed":false},"product_brand":[],"product_cat":[515],"product_tag":[],"class_list":{"0":"post-21768","1":"product","2":"type-product","3":"status-publish","4":"has-post-thumbnail","6":"product_cat-portable-power-stations","8":"first","9":"instock","10":"shipping-taxable","11":"purchasable","12":"product-type-simple"},"acf":[],"_links":{"self":[{"href":"https:\/\/www.electricstore.eu\/et\/wp-json\/wp\/v2\/product\/21768","targetHints":{"allow":["GET"]}}],"collection":[{"href":"https:\/\/www.electricstore.eu\/et\/wp-json\/wp\/v2\/product"}],"about":[{"href":"https:\/\/www.electricstore.eu\/et\/wp-json\/wp\/v2\/types\/product"}],"replies":[{"embeddable":true,"href":"https:\/\/www.electricstore.eu\/et\/wp-json\/wp\/v2\/comments?post=21768"}],"wp:featuredmedia":[{"embeddable":true,"href":"https:\/\/www.electricstore.eu\/et\/wp-json\/wp\/v2\/media\/21769"}],"wp:attachment":[{"href":"https:\/\/www.electricstore.eu\/et\/wp-json\/wp\/v2\/media?parent=21768"}],"wp:term":[{"taxonomy":"product_brand","embeddable":true,"href":"https:\/\/www.electricstore.eu\/et\/wp-json\/wp\/v2\/product_brand?post=21768"},{"taxonomy":"product_cat","embeddable":true,"href":"https:\/\/www.electricstore.eu\/et\/wp-json\/wp\/v2\/product_cat?post=21768"},{"taxonomy":"product_tag","embeddable":true,"href":"https:\/\/www.electricstore.eu\/et\/wp-json\/wp\/v2\/product_tag?post=21768"}],"curies":[{"name":"wp","href":"https:\/\/api.w.org\/{rel}","templated":true}]}}