{"id":21690,"date":"2025-05-20T18:21:12","date_gmt":"2025-05-20T18:21:12","guid":{"rendered":"https:\/\/electricstore.eu\/p\/uncategorized\/daranener-neo2000-portable-power-station-2073-6wh-lifepo4-battery-solar-generator-2000w-ac-output-1-8h-full-charge\/"},"modified":"2025-05-20T18:21:19","modified_gmt":"2025-05-20T18:21:19","slug":"daranener-neo2000-portable-power-station-2073-6wh-lifepo4-battery-solar-generator-2000w-ac-output-1-8h-full-charge","status":"publish","type":"product","link":"https:\/\/www.electricstore.eu\/et\/p\/batteries\/portable-power-stations\/daranener-neo2000-portable-power-station-2073-6wh-lifepo4-battery-solar-generator-2000w-ac-output-1-8h-full-charge\/","title":{"rendered":"DaranEner NEO2000 kaasaskantav elektrijaam 2073,6 Wh LiFePO4 akuga p\u00e4ikesegeneraator 2000 W vahelduvvoolu v\u00e4ljund 1,8 tundi t\u00e4islaadimist"},"content":{"rendered":"<div class=\"product-specs-list-container\">\n<ul class=\"product-specs-list util-clearfix\">\n<li class=\"product-prop line-limit-length\"><span\n                                        class=\"property-title\">Nimimaht:&nbsp;<\/span><span\n                                        class=\"property-desc line-limit-length\">&gt;3500mAh<\/span>\n                            <\/li>\n<li class=\"product-prop line-limit-length\"><span\n                                        class=\"property-title\">Mudelinumber:&nbsp;<\/span><span\n                                        class=\"property-desc line-limit-length\">DaranEner NEO2000<\/span>\n                            <\/li>\n<li class=\"product-prop line-limit-length\"><span\n                                        class=\"property-title\">T\u00fc\u00fcp:&nbsp;<\/span><span\n                                        class=\"property-desc line-limit-length\">LiFePO4<\/span>\n                            <\/li>\n<li class=\"product-prop line-limit-length\"><span\n                                        class=\"property-title\">Komplekti t\u00fc\u00fcp:&nbsp;<\/span><span\n                                        class=\"property-desc line-limit-length\">Laadija komplektid<\/span>\n                            <\/li>\n<li class=\"product-prop line-limit-length\"><span\n                                        class=\"property-title\">Mudel:&nbsp;<\/span><span\n                                        class=\"property-desc line-limit-length\">NEO2000<\/span>\n                            <\/li>\n<li class=\"product-prop line-limit-length\"><span\n                                        class=\"property-title\">Br\u00e4nd:&nbsp;<\/span><span\n                                        class=\"property-desc line-limit-length\">DaranEner<\/span>\n                            <\/li>\n<li class=\"product-prop line-limit-length\"><span\n                                        class=\"property-title\">Mahutavus:&nbsp;<\/span><span\n                                        class=\"property-desc line-limit-length\">2073,6 Wh<\/span>\n                            <\/li>\n<li class=\"product-prop line-limit-length\"><span\n                                        class=\"property-title\">Aku t\u00fc\u00fcp:&nbsp;<\/span><span\n                                        class=\"property-desc line-limit-length\">LiFePO4<\/span>\n                            <\/li>\n<li class=\"product-prop line-limit-length\"><span\n                                        class=\"property-title\">Vahelduvvoolu v\u00e4ljund:&nbsp;<\/span><span\n                                        class=\"property-desc line-limit-length\">2000 W (maksimaalselt 3000 W) 230 V 50 Hz\/60 Hz<\/span>\n                            <\/li>\n<li class=\"product-prop line-limit-length\"><span\n                                        class=\"property-title\">P\u00e4ikeseenergia laadimine:&nbsp;<\/span><span\n                                        class=\"property-desc line-limit-length\">Max. 600W (XT60 port 33-60V\/20A)<\/span>\n                            <\/li>\n<li class=\"product-prop line-limit-length\"><span\n                                        class=\"property-title\">Juhtmevaba laadimine:&nbsp;<\/span><span\n                                        class=\"property-desc line-limit-length\">5W\/7,5W\/10W<\/span>\n                            <\/li>\n<li class=\"product-prop line-limit-length\"><span\n                                        class=\"property-title\">UPS-i v\u00e4ljund:&nbsp;<\/span><span\n                                        class=\"property-desc line-limit-length\">Maks. 1600 W<\/span>\n                            <\/li>\n<li class=\"product-prop line-limit-length\"><span\n                                        class=\"property-title\">Omadused 01:&nbsp;<\/span><span\n                                        class=\"property-desc line-limit-length\">kaasaskantav elektrijaam<\/span>\n                            <\/li>\n<li class=\"product-prop line-limit-length\"><span\n                                        class=\"property-title\">Omadused 02:&nbsp;<\/span><span\n                                        class=\"property-desc line-limit-length\">elektrijaam<\/span>\n                            <\/li>\n<li class=\"product-prop line-limit-length\"><span\n                                        class=\"property-title\">Omadused 03:&nbsp;<\/span><span\n                                        class=\"property-desc line-limit-length\">kaasaskantav p\u00e4ikeseelektrijaam<\/span>\n                            <\/li>\n<li class=\"product-prop line-limit-length\"><span\n                                        class=\"property-title\">Omadused 04:&nbsp;<\/span><span\n                                        class=\"property-desc line-limit-length\">kaasaskantav elektrijaam 2000w<\/span>\n                            <\/li>\n<li class=\"product-prop line-limit-length\"><span\n                                        class=\"property-title\">Omadused 05:&nbsp;<\/span><span\n                                        class=\"property-desc line-limit-length\">p\u00e4ikesegeneraator<\/span>\n                            <\/li>\n<li class=\"product-prop line-limit-length\"><span\n                                        class=\"property-title\">Omadused 06:&nbsp;<\/span><span\n                                        class=\"property-desc line-limit-length\">laadimisjaamad<\/span>\n                            <\/li>\n<\/ul><\/div>\n<p><\/p>\n<h1 style=\"font-family:&quot;Open Sans&quot;, Roboto, Arial, Helvetica, sans-serif, SimSun;letter-spacing:normal;text-align:start;white-space:normal;color:rgb(34, 34, 34);box-sizing:border-box\" align=\"start\"><span style=\"color:rgb(0, 0, 0)\"><strong>T\u00e4hts\u00fcndmused<\/strong><\/span><\/h1>\n<p style=\"font-family:&quot;Open Sans&quot;, Roboto, Arial, Helvetica, sans-serif, SimSun;font-size:14px;font-weight:400;letter-spacing:normal;line-height:inherit;text-align:start;white-space:normal;color:rgb(34, 34, 34);margin:0px;margin-bottom:0px;margin-top:0px;margin-left:0px;margin-right:0px;padding:0px;padding-bottom:0px;padding-top:0px;padding-left:0px;padding-right:0px;box-sizing:border-box\" align=\"start\"><\/p>\n<p style=\"font-family:&quot;Open Sans&quot;, Roboto, Arial, Helvetica, sans-serif, SimSun;font-size:14px;font-weight:400;letter-spacing:normal;line-height:inherit;text-align:start;white-space:normal;color:rgb(34, 34, 34);margin:0px;margin-bottom:0px;margin-top:0px;margin-left:0px;margin-right:0px;padding:0px;padding-bottom:0px;padding-top:0px;padding-left:0px;padding-right:0px;box-sizing:border-box\" align=\"start\"><strong><span style=\"font-size:20px\">2073,6 Wh mahtuvus ja 2000 W vahelduvvoolu v\u00e4ljund<\/span><\/strong><\/p>\n<p style=\"font-family:&quot;Open Sans&quot;, Roboto, Arial, Helvetica, sans-serif, SimSun;font-size:14px;font-weight:400;letter-spacing:normal;line-height:inherit;text-align:start;white-space:normal;color:rgb(34, 34, 34);margin:0px;margin-bottom:0px;margin-top:0px;margin-left:0px;margin-right:0px;padding:0px;padding-bottom:0px;padding-top:0px;padding-left:0px;padding-right:0px;box-sizing:border-box\" align=\"start\"><span style=\"font-size:20px\">DaranEner NEO2000 kaasaskantav elektrijaam on varustatud 2073,6 Wh aku mahutavusega ja 2000 W vahelduvvoolu v\u00e4ljundv\u00f5imsusega (maksimaalselt 3000 W), mis suudab toita enamikku teie elektriseadmeid ja -tarvikuid.<\/span><\/p>\n<h3 style=\"font-family:&quot;Open Sans&quot;, Roboto, Arial, Helvetica, sans-serif, SimSun;letter-spacing:normal;text-align:start;white-space:normal;color:rgb(34, 34, 34);box-sizing:border-box\" align=\"start\"><\/h3>\n<p style=\"font-family:&quot;Open Sans&quot;, Roboto, Arial, Helvetica, sans-serif, SimSun;font-size:14px;font-weight:400;letter-spacing:normal;line-height:inherit;text-align:start;white-space:normal;color:rgb(34, 34, 34);margin:0px;margin-bottom:0px;margin-top:0px;margin-left:0px;margin-right:0px;padding:0px;padding-bottom:0px;padding-top:0px;padding-left:0px;padding-right:0px;box-sizing:border-box\" align=\"start\"><strong><span style=\"font-size:20px\">1,8 tundi kiirlaadimist\u00a0<\/span><\/strong><\/p>\n<p style=\"font-family:&quot;Open Sans&quot;, Roboto, Arial, Helvetica, sans-serif, SimSun;font-size:14px;font-weight:400;letter-spacing:normal;line-height:inherit;text-align:start;white-space:normal;color:rgb(34, 34, 34);margin:0px;margin-bottom:0px;margin-top:0px;margin-left:0px;margin-right:0px;padding:0px;padding-bottom:0px;padding-top:0px;padding-left:0px;padding-right:0px;box-sizing:border-box\" align=\"start\"><span style=\"font-size:20px\">\u00dclikiire laadimine adapterivaba vahelduvvoolu laadimiskaabliga, t\u00e4islaadimine k\u00f5igest 1,8 tunniga. Sisseehitatud MPPT kontroller toetab kuni 600 W p\u00e4ikeseenergia sisendit ja 3,5 tundi p\u00e4ikeseenergia kiirlaadimist. P\u00e4ikeseenergia ja vahelduvvoolu kombinatsiooniga saab t\u00e4islaadimise teha 1,3 tunniga.<\/span><\/p>\n<h3 style=\"font-family:&quot;Open Sans&quot;, Roboto, Arial, Helvetica, sans-serif, SimSun;letter-spacing:normal;text-align:start;white-space:normal;color:rgb(34, 34, 34);box-sizing:border-box\" align=\"start\"><\/h3>\n<p style=\"font-family:&quot;Open Sans&quot;, Roboto, Arial, Helvetica, sans-serif, SimSun;font-size:14px;font-weight:400;letter-spacing:normal;line-height:inherit;text-align:start;white-space:normal;color:rgb(34, 34, 34);margin:0px;margin-bottom:0px;margin-top:0px;margin-left:0px;margin-right:0px;padding:0px;padding-bottom:0px;padding-top:0px;padding-left:0px;padding-right:0px;box-sizing:border-box\" align=\"start\"><strong><span style=\"font-size:20px\">10 aastat pikk eluiga<\/span><\/strong><\/p>\n<p style=\"font-family:&quot;Open Sans&quot;, Roboto, Arial, Helvetica, sans-serif, SimSun;font-size:14px;font-weight:400;letter-spacing:normal;line-height:inherit;text-align:start;white-space:normal;color:rgb(34, 34, 34);margin:0px;margin-bottom:0px;margin-top:0px;margin-left:0px;margin-right:0px;padding:0px;padding-bottom:0px;padding-top:0px;padding-left:0px;padding-right:0px;box-sizing:border-box\" align=\"start\"><span style=\"font-size:20px\">Kasutab EV-klassi ohutuid LiFePO4 akusid, mille ts\u00fcklite eluiga on \u00fcle 3500 ts\u00fckli. Isegi \u00fcks kord p\u00e4evas kasutamisel saab seda kasutada \u00fcle 10 aasta. T\u00e4iustatud akuhalduss\u00fcsteem (BMS) kaitseb teie seadmeid \u00fclepinge, \u00fclet\u00fchjendamise\/\u00fclelaadimise ja \u00fclevoolu\/l\u00fchise, \u00fclekuumenemise jms eest ning puhas siinuslaine v\u00e4ljund kaitseb kodumasinaid kahjustuste eest.<\/span><\/p>\n<h3 style=\"font-family:&quot;Open Sans&quot;, Roboto, Arial, Helvetica, sans-serif, SimSun;letter-spacing:normal;text-align:start;white-space:normal;color:rgb(34, 34, 34);box-sizing:border-box\" align=\"start\"><\/h3>\n<p style=\"font-family:&quot;Open Sans&quot;, Roboto, Arial, Helvetica, sans-serif, SimSun;font-size:14px;font-weight:400;letter-spacing:normal;line-height:inherit;text-align:start;white-space:normal;color:rgb(34, 34, 34);margin:0px;margin-bottom:0px;margin-top:0px;margin-left:0px;margin-right:0px;padding:0px;padding-bottom:0px;padding-top:0px;padding-left:0px;padding-right:0px;box-sizing:border-box\" align=\"start\"><strong><span style=\"font-size:20px\">Roheline p\u00e4ikesegeneraator<\/span><\/strong><\/p>\n<p style=\"font-family:&quot;Open Sans&quot;, Roboto, Arial, Helvetica, sans-serif, SimSun;font-size:14px;font-weight:400;letter-spacing:normal;line-height:inherit;text-align:start;white-space:normal;color:rgb(34, 34, 34);margin:0px;margin-bottom:0px;margin-top:0px;margin-left:0px;margin-right:0px;padding:0px;padding-bottom:0px;padding-top:0px;padding-left:0px;padding-right:0px;box-sizing:border-box\" align=\"start\"><span style=\"font-size:20px\">NEO2000 p\u00e4ikesegeneraator toetab l\u00e4bivoolulaadimist, sellel on 3 vahelduvvoolu pistikupesa (2000 W, tippv\u00f5imsus 3000 W), 4 alalisvoolu pistikupesa (12 V), 4 USB-porti (QC3.0), 2 C-t\u00fc\u00fcpi porti (PD 100 W), XT60 p\u00e4ikeseenergia sisendport (33\u201360 V\/20 A, max 600 W), 1 autopistikupesa, 15 W juhtmevaba laadimine ja 1 LED-tuli. See on parim partner perekondlikeks h\u00e4daolukordadeks, \u00f5ues t\u00f6\u00f6tamiseks, telkimiseks ja haagissuvilas elamiseks.<\/span><\/p>\n<h3 style=\"font-family:&quot;Open Sans&quot;, Roboto, Arial, Helvetica, sans-serif, SimSun;letter-spacing:normal;text-align:start;white-space:normal;color:rgb(34, 34, 34);box-sizing:border-box\" align=\"start\"><\/h3>\n<p style=\"font-family:&quot;Open Sans&quot;, Roboto, Arial, Helvetica, sans-serif, SimSun;font-size:14px;font-weight:400;letter-spacing:normal;line-height:inherit;text-align:start;white-space:normal;color:rgb(34, 34, 34);margin:0px;margin-bottom:0px;margin-top:0px;margin-left:0px;margin-right:0px;padding:0px;padding-bottom:0px;padding-top:0px;padding-left:0px;padding-right:0px;box-sizing:border-box\" align=\"start\"><strong><span style=\"font-size:20px\">15 ms UPS-s\u00fcsteem<\/span><\/strong><\/p>\n<p style=\"font-family:&quot;Open Sans&quot;, Roboto, Arial, Helvetica, sans-serif, SimSun;font-size:14px;font-weight:400;letter-spacing:normal;line-height:inherit;text-align:start;white-space:normal;color:rgb(34, 34, 34);margin:0px;margin-bottom:0px;margin-top:0px;margin-left:0px;margin-right:0px;padding:0px;padding-bottom:0px;padding-top:0px;padding-left:0px;padding-right:0px;box-sizing:border-box\" align=\"start\"><span style=\"font-size:20px\">NEO2000 toitejaama UPS-funktsioon l\u00fclitub voolukatkestuse korral automaatselt 15 ms jooksul sisemisele toiteallikale ja varustab alla 2000 W v\u00f5imsusega seadmeid t\u00f6\u00f6 j\u00e4tkamiseks. See sobib CPAP-aparaatidele, akvaariumi \u00f5hupumpadele, v\u00f5rguruuteritele, arvutitele, personaalserveritele, turvaseadmetele, valgustusseadmetele, k\u00fclmikutele jne.<\/span><\/p>\n<h1 style=\"font-family:&quot;Open Sans&quot;, Roboto, Arial, Helvetica, sans-serif, SimSun;letter-spacing:normal;text-align:start;white-space:normal;color:rgb(34, 34, 34);box-sizing:border-box\" align=\"start\"><strong>Pildid<\/strong><\/h1>\n<p style=\"font-family:&quot;Open Sans&quot;, Roboto, Arial, Helvetica, sans-serif, SimSun;font-size:14px;font-weight:400;letter-spacing:normal;line-height:inherit;text-align:start;white-space:normal;color:rgb(34, 34, 34);margin:0px;margin-bottom:0px;margin-top:0px;margin-left:0px;margin-right:0px;padding:0px;padding-bottom:0px;padding-top:0px;padding-left:0px;padding-right:0px;box-sizing:border-box\" align=\"start\"><img decoding=\"async\" style=\"border:0px;margin:0px;margin-bottom:0px;margin-top:0px;margin-left:0px;margin-right:0px;padding:0px;padding-bottom:0px;padding-top:0px;padding-left:0px;padding-right:0px;max-width:100%;box-sizing:border-box\" src=\"https:\/\/ae01.alicdn.com\/kf\/S427f4087ead94cdfa184f2834f23d0a5a.jpg\" slate-data-type=\"image\"\/><img decoding=\"async\" style=\"border:0px;margin:0px;margin-bottom:0px;margin-top:0px;margin-left:0px;margin-right:0px;padding:0px;padding-bottom:0px;padding-top:0px;padding-left:0px;padding-right:0px;max-width:100%;box-sizing:border-box\" src=\"https:\/\/ae01.alicdn.com\/kf\/S7d6f16ddfa9a426c8b64510a28c5946eA.jpg\" slate-data-type=\"image\"\/><img decoding=\"async\" style=\"border:0px;margin:0px;margin-bottom:0px;margin-top:0px;margin-left:0px;margin-right:0px;padding:0px;padding-bottom:0px;padding-top:0px;padding-left:0px;padding-right:0px;max-width:100%;box-sizing:border-box\" src=\"https:\/\/ae01.alicdn.com\/kf\/Sf99e6439d65d4d1a99b632dee4584932b.jpg\" slate-data-type=\"image\"\/><img decoding=\"async\" style=\"border:0px;margin:0px;margin-bottom:0px;margin-top:0px;margin-left:0px;margin-right:0px;padding:0px;padding-bottom:0px;padding-top:0px;padding-left:0px;padding-right:0px;max-width:100%;box-sizing:border-box\" src=\"https:\/\/ae01.alicdn.com\/kf\/S85edf6eaf19a4279ac35cbeafddf35f9H.jpg\" slate-data-type=\"image\"\/><img decoding=\"async\" style=\"border:0px;margin:0px;margin-bottom:0px;margin-top:0px;margin-left:0px;margin-right:0px;padding:0px;padding-bottom:0px;padding-top:0px;padding-left:0px;padding-right:0px;max-width:100%;box-sizing:border-box\" src=\"https:\/\/ae01.alicdn.com\/kf\/S914cb4a0e17f4d0f9b4e40f45921b384A.jpg\" slate-data-type=\"image\"\/><\/p>\n<h1 style=\"font-family:&quot;Open Sans&quot;, Roboto, Arial, Helvetica, sans-serif, SimSun;letter-spacing:normal;text-align:start;white-space:normal;color:rgb(34, 34, 34);box-sizing:border-box\" align=\"start\"><span style=\"color:rgb(0, 0, 0)\"><strong>Spetsifikatsioon<\/strong><\/span><\/h1>\n<p style=\"font-family:&quot;Open Sans&quot;, Roboto, Arial, Helvetica, sans-serif, SimSun;font-size:14px;font-weight:400;letter-spacing:normal;line-height:inherit;text-align:start;white-space:normal;color:rgb(34, 34, 34);margin:0px;margin-bottom:0px;margin-top:0px;margin-left:0px;margin-right:0px;padding:0px;padding-bottom:0px;padding-top:0px;padding-left:0px;padding-right:0px;box-sizing:border-box\" align=\"start\"><\/p>\n<table style=\"border-collapse:collapse;font-family:&quot;Microsoft YaHei&quot;;font-size:14px;text-align:start;color:rgb(34, 34, 34);width:1000px\" class=\"jbEidtTable\" border=\"1\" cellpadding=\"5\" cellspacing=\"0\" align=\"start\">\n<tbody>\n<tr>\n<td style=\"font-size:14px;text-align:left\" align=\"left\">\n<p style=\"line-height:inherit;margin:0px;margin-bottom:0px;margin-top:0px;margin-left:0px;margin-right:0px;padding:0px;padding-bottom:0px;padding-top:0px;padding-left:0px;padding-right:0px;box-sizing:border-box\"><strong>\u00dcldine<\/strong><\/p>\n<\/td>\n<td style=\"font-size:14px;text-align:left\" align=\"left\">\n<p style=\"line-height:inherit;margin:0px;margin-bottom:0px;margin-top:0px;margin-left:0px;margin-right:0px;padding:0px;padding-bottom:0px;padding-top:0px;padding-left:0px;padding-right:0px;box-sizing:border-box\">Kaubam\u00e4rk: DaranEner<br \/>T\u00fc\u00fcp: Elektrijaam<br \/>Mudel: NEO2000<br \/>V\u00e4rv: must<\/p>\n<\/td>\n<\/tr>\n<tr>\n<td style=\"font-size:14px;text-align:left\" align=\"left\">\n<p style=\"line-height:inherit;margin:0px;margin-bottom:0px;margin-top:0px;margin-left:0px;margin-right:0px;padding:0px;padding-bottom:0px;padding-top:0px;padding-left:0px;padding-right:0px;box-sizing:border-box\"><strong>Spetsifikatsioon<\/strong><\/p>\n<\/td>\n<td style=\"font-size:14px;text-align:left\" align=\"left\">\n<p style=\"line-height:inherit;margin:0px;margin-bottom:0px;margin-top:0px;margin-left:0px;margin-right:0px;padding:0px;padding-bottom:0px;padding-top:0px;padding-left:0px;padding-right:0px;box-sizing:border-box\">Mahutavus: 2073,6 Wh<br \/>Aku t\u00fc\u00fcp: LiFePO4<br \/>Eluts\u00fcklid: 3500+ ts\u00fcklit kuni 80% algse mahutavusega<br \/>S\u00e4ilivusaeg: Laadige 80%-ni iga 3-6 kuu tagant<br \/>S\u00fcsteem: MPPT kontroller, BMS jne.<br \/>USB-A*4: 5V 3.6A \/ 9.0V 2.5A \/ 12.0V 2A (max. 24W)<br \/>USB-C*2: 5V 3A \/ 9V 3A \/ 15V 3A \/ 20V 3A \/ 20V 5A (max 100W)<br \/>Autopistikupesa: 12V 8A (max. 120W)<br \/>Vahelduvvoolu v\u00e4ljund: 220V 50Hz 2000W (max. 3000W)<br \/>Vahelduvvoolu sisend: max 1600 W (110 V \/ 15 A)<br \/>P\u00e4ikeseenergia laadimine: max 600 W (XT60 port 33\u201360 V\/20 A)<br \/>Juhtmevaba laadimine: 5W\/7,5W\/10W<br \/>T\u00fchjendustemperatuur: -10\u201345 Celsiuse j\u00e4rgi<br \/>Laadimistemperatuur: 0\u201345 Celsiuse j\u00e4rgi<br \/>UPS-i v\u00e4ljundv\u00f5imsus: max 1600 W<br \/>Mitu LED-re\u017eiimi: 50% heledusre\u017eiim, 100% heledusre\u017eiim ja SOS-v\u00e4lgure\u017eiim.<br \/>S\u00e4ilitamismeetod: Parima tulemuse saavutamiseks on soovitatav laadida iga 3 kuu tagant.<\/p>\n<\/td>\n<\/tr>\n<tr>\n<td style=\"font-size:14px;text-align:left\" align=\"left\">\n<p style=\"line-height:inherit;margin:0px;margin-bottom:0px;margin-top:0px;margin-left:0px;margin-right:0px;padding:0px;padding-bottom:0px;padding-top:0px;padding-left:0px;padding-right:0px;box-sizing:border-box\"><strong>Kaal ja suurus<\/strong><\/p>\n<\/td>\n<td style=\"font-size:14px;text-align:left\" align=\"left\">\n<p style=\"line-height:inherit;margin:0px;margin-bottom:0px;margin-top:0px;margin-left:0px;margin-right:0px;padding:0px;padding-bottom:0px;padding-top:0px;padding-left:0px;padding-right:0px;box-sizing:border-box\">Toote kaal: 25,7 kg<br \/>Paki kaal: 28,9 kg<br \/>Toote m\u00f5\u00f5dud (P x L x K): 47,6 * 34,5 * 26 cm<br \/>Paki suurus (P x L x K): 62 * 42,5 * 47 cm<\/p>\n<\/td>\n<\/tr>\n<tr>\n<td style=\"font-size:14px;text-align:left\" align=\"left\">\n<p style=\"line-height:inherit;margin:0px;margin-bottom:0px;margin-top:0px;margin-left:0px;margin-right:0px;padding:0px;padding-bottom:0px;padding-top:0px;padding-left:0px;padding-right:0px;box-sizing:border-box\"><strong>Pakendi sisu<\/strong><\/p>\n<\/td>\n<td style=\"font-size:14px;text-align:left\" align=\"left\">\n<p style=\"line-height:inherit;margin:0px;margin-bottom:0px;margin-top:0px;margin-left:0px;margin-right:0px;padding:0px;padding-bottom:0px;padding-top:0px;padding-left:0px;padding-right:0px;box-sizing:border-box\">1 x kaasaskantav elektrijaam<br \/>1 x vahelduvvoolu laadimiskaabel<br \/>1 x USB CC-kaabel<br \/>1 x MC4 kuni XT60 p\u00e4ikeselaadimiskaabel<br \/>1 x kasutusjuhend<\/p>\n<\/td>\n<\/tr>\n<\/tbody>\n<\/table>\n<p><\/p>","protected":false},"excerpt":{"rendered":"<p>Nominal Capacity:&nbsp;&gt;3500mAh Model Number:&nbsp;DaranEner NEO2000 Type:&nbsp;LiFePO4 Set Type:&nbsp;Charger Sets Model:&nbsp;NEO2000 Brand:&nbsp;DaranEner Capacity:&nbsp;2073.6Wh Battery Type:&nbsp;LiFePO4 AC Output:&nbsp;2000W (Max. 3000W) 230V 50Hz\/60Hz Solar Charging:&nbsp;Max. 600W (XT60 Port 33-60V\/20A) Wireless Charging:&nbsp;5W\/7.5W\/10W UPS Output:&nbsp;Max.<\/p>","protected":false},"featured_media":21691,"comment_status":"open","ping_status":"closed","template":"","meta":{"_acf_changed":false},"product_brand":[],"product_cat":[515],"product_tag":[],"class_list":{"0":"post-21690","1":"product","2":"type-product","3":"status-publish","4":"has-post-thumbnail","6":"product_cat-portable-power-stations","8":"first","9":"instock","10":"shipping-taxable","11":"purchasable","12":"product-type-simple"},"acf":[],"_links":{"self":[{"href":"https:\/\/www.electricstore.eu\/et\/wp-json\/wp\/v2\/product\/21690","targetHints":{"allow":["GET"]}}],"collection":[{"href":"https:\/\/www.electricstore.eu\/et\/wp-json\/wp\/v2\/product"}],"about":[{"href":"https:\/\/www.electricstore.eu\/et\/wp-json\/wp\/v2\/types\/product"}],"replies":[{"embeddable":true,"href":"https:\/\/www.electricstore.eu\/et\/wp-json\/wp\/v2\/comments?post=21690"}],"wp:featuredmedia":[{"embeddable":true,"href":"https:\/\/www.electricstore.eu\/et\/wp-json\/wp\/v2\/media\/21691"}],"wp:attachment":[{"href":"https:\/\/www.electricstore.eu\/et\/wp-json\/wp\/v2\/media?parent=21690"}],"wp:term":[{"taxonomy":"product_brand","embeddable":true,"href":"https:\/\/www.electricstore.eu\/et\/wp-json\/wp\/v2\/product_brand?post=21690"},{"taxonomy":"product_cat","embeddable":true,"href":"https:\/\/www.electricstore.eu\/et\/wp-json\/wp\/v2\/product_cat?post=21690"},{"taxonomy":"product_tag","embeddable":true,"href":"https:\/\/www.electricstore.eu\/et\/wp-json\/wp\/v2\/product_tag?post=21690"}],"curies":[{"name":"wp","href":"https:\/\/api.w.org\/{rel}","templated":true}]}}